{"id":45312,"date":"2026-05-12T16:10:26","date_gmt":"2026-05-12T09:10:26","guid":{"rendered":"https:\/\/havamall.vn\/?post_type=product&#038;p=45312"},"modified":"2026-05-12T16:10:26","modified_gmt":"2026-05-12T09:10:26","slug":"bo-ghee-tinh-che-tu-sua-an-do-amul-1l-amul-pure-ghee-1l","status":"publish","type":"product","link":"https:\/\/havamall.vn\/en\/shop\/bo-ghee-tinh-che-tu-sua-an-do-amul-1l-amul-pure-ghee-1l\/","title":{"rendered":"B\u01a1 Ghee Tinh Ch\u1ebf T\u1eeb S\u1eefa \u1ea4n \u0110\u1ed9 Amul 1L \u2013 Amul Pure Ghee 1L"},"content":{"rendered":"<p><strong><span style=\"font-size: 20px\">TH\u00d4NG TIN S\u1ea2N PH\u1ea8M<\/span><\/strong><\/p>\n<table style=\"width: 67.2467%;height: 196px\" data-path-to-node=\"3\">\n<tbody>\n<tr>\n<td><span data-path-to-node=\"3,1,0,0\"><b data-path-to-node=\"3,1,0,0\" data-index-in-node=\"0\">Th\u01b0\u01a1ng hi\u1ec7u<\/b><\/span><\/td>\n<td><span data-path-to-node=\"3,1,1,0\">Amul<\/span><\/td>\n<\/tr>\n<tr>\n<td><span data-path-to-node=\"3,2,0,0\"><b data-path-to-node=\"3,2,0,0\" data-index-in-node=\"0\">Xu\u1ea5t x\u1ee9<\/b><\/span><\/td>\n<td><span data-path-to-node=\"3,2,1,0\">\u1ea4n \u0110\u1ed9<\/span><\/td>\n<\/tr>\n<tr>\n<td><span data-path-to-node=\"3,3,0,0\"><b data-path-to-node=\"3,3,0,0\" data-index-in-node=\"0\">Th\u00e0nh ph\u1ea7n<\/b><\/span><\/td>\n<td><span data-path-to-node=\"3,3,1,0\">100% Ch\u1ea5t b\u00e9o s\u1eefa b\u00f2 nguy\u00ean ch\u1ea5t<\/span><\/td>\n<\/tr>\n<tr>\n<td><span data-path-to-node=\"3,4,0,0\"><b data-path-to-node=\"3,4,0,0\" data-index-in-node=\"0\">H\u1ea1n s\u1eed d\u1ee5ng<\/b><\/span><\/td>\n<td><span data-path-to-node=\"3,4,1,0\">12 th\u00e1ng k\u1ec3 t\u1eeb ng\u00e0y s\u1ea3n xu\u1ea5t<\/span><\/td>\n<\/tr>\n<tr>\n<td><span data-path-to-node=\"3,5,0,0\"><b data-path-to-node=\"3,5,0,0\" data-index-in-node=\"0\">B\u1ea3o qu\u1ea3n<\/b><\/span><\/td>\n<td><span data-path-to-node=\"3,5,1,0\">N\u01a1i kh\u00f4 r\u00e1o, tho\u00e1ng m\u00e1t, kh\u00f4ng c\u1ea7n b\u1ea3o qu\u1ea3n l\u1ea1nh. \u0110\u1eady k\u00edn n\u1eafp sau khi s\u1eed d\u1ee5ng \u0111\u1ec3 gi\u1eef tr\u1ecdn h\u01b0\u01a1ng v\u1ecb<\/span><\/td>\n<\/tr>\n<tr>\n<td><span data-path-to-node=\"3,6,0,0\"><b data-path-to-node=\"3,6,0,0\" data-index-in-node=\"0\">Th\u1ec3 t\u00edch<\/b><\/span><\/td>\n<td><span data-path-to-node=\"3,6,1,0\">1L<\/span><\/td>\n<\/tr>\n<\/tbody>\n<\/table>\n<p data-start=\"927\" data-end=\"1539\"><strong>Amul<\/strong>\u00a0l\u00e0 m\u1ed9t trong nh\u1eefng th\u01b0\u01a1ng hi\u1ec7u s\u1eefa l\u1edbn v\u00e0 l\u00e2u \u0111\u1eddi nh\u1ea5t t\u1ea1i \u1ea4n \u0110\u1ed9, tr\u1ef1c thu\u1ed9c Gujarat Cooperative Milk Marketing Federation \u2013 li\u00ean hi\u1ec7p h\u1ee3p t\u00e1c x\u00e3 s\u1eefa n\u1ed5i ti\u1ebfng \u0111\u00e3 g\u00f3p ph\u1ea7n thay \u0111\u1ed5i ng\u00e0nh c\u00f4ng nghi\u1ec7p s\u1eefa n\u01b0\u1edbc n\u00e0y t\u1eeb nh\u1eefng n\u0103m 1940. C\u00e1i t\u00ean\u00a0<strong>Amul<\/strong>\u00a0d\u1ea7n tr\u1edf th\u00e0nh bi\u1ec3u t\u01b0\u1ee3ng quen thu\u1ed9c trong c\u00e1c gia \u0111\u00ecnh \u1ea4n, \u0111\u1eb7c bi\u1ec7t v\u1edbi nh\u1eefng d\u00f2ng b\u01a1, ph\u00f4 mai v\u00e0 ghee \u0111\u01b0\u1ee3c xu\u1ea5t kh\u1ea9u \u0111\u1ebfn nhi\u1ec1u qu\u1ed1c gia tr\u00ean th\u1ebf gi\u1edbi. \u0110i\u1ec1u khi\u1ebfn\u00a0<strong>Amul Pure Ghee<\/strong>\u00a0\u0111\u01b0\u1ee3c \u01b0a chu\u1ed9ng su\u1ed1t nhi\u1ec1u n\u0103m n\u1eb1m \u1edf c\u00e1ch gi\u1eef l\u1ea1i \u0111\u00fang tinh th\u1ea7n c\u1ee7a ghee truy\u1ec1n th\u1ed1ng: th\u01a1m \u0111\u1eadm, b\u00e9o s\u00e2u nh\u01b0ng kh\u00f4ng ng\u1ea5y, c\u00f3 \u0111\u1ed9 h\u1ea1t li ti t\u1ef1 nhi\u00ean khi ngu\u1ed9i v\u00e0 m\u00f9i s\u1eefa r\u1ea5t \u0111\u1eb7c tr\u01b0ng.<\/p>\n<p data-start=\"927\" data-end=\"1539\"><img decoding=\"async\" src=\"https:\/\/havamall.vn\/wp-content\/uploads\/2026\/05\/bo-ghee-tinh-che-tu-sua-an-do-amul-1l-amul-pure-ghee-1l.webp\" alt=\"B\u01a1 Ghee Tinh Ch\u1ebf T\u1eeb S\u1eefa \u1ea4n \u0110\u1ed9 Amul 1L \u2013 Amul Pure Ghee 1L\"><\/p>\n<p data-start=\"1541\" data-end=\"1967\">Kh\u00e1c v\u1edbi b\u01a1 th\u00f4ng th\u01b0\u1eddng, ghee \u0111\u01b0\u1ee3c t\u1ea1o ra b\u1eb1ng c\u00e1ch \u0111un ch\u1eadm b\u01a1 \u0111\u1ec3 lo\u1ea1i b\u1ecf g\u1ea7n nh\u01b0 to\u00e0n b\u1ed9 n\u01b0\u1edbc v\u00e0 ph\u1ea7n protein s\u1eefa. Qu\u00e1 tr\u00ecnh \u1ea5y l\u00e0m ph\u1ea7n ch\u1ea5t b\u00e9o s\u1eefa tr\u1edf n\u00ean \u1ed5n \u0111\u1ecbnh h\u01a1n, c\u00f3 nhi\u1ec7t \u0111\u1ed9 b\u1ed1c kh\u00f3i cao h\u01a1n nhi\u1ec1u lo\u1ea1i d\u1ea7u \u0103n ph\u1ed5 bi\u1ebfn n\u00ean r\u1ea5t ph\u00f9 h\u1ee3p \u0111\u1ec3 chi\u00ean, \u00e1p ch\u1ea3o ho\u1eb7c n\u1ea5u \u1edf nhi\u1ec7t \u0111\u1ed9 cao. C\u0169ng v\u00ec l\u01b0\u1ee3ng n\u01b0\u1edbc \u0111\u00e3 \u0111\u01b0\u1ee3c t\u00e1ch g\u1ea7n nh\u01b0 ho\u00e0n to\u00e0n n\u00ean ghee c\u00f3 th\u1ec3 b\u1ea3o qu\u1ea3n \u1edf nhi\u1ec7t \u0111\u1ed9 th\u01b0\u1eddng trong th\u1eddi gian d\u00e0i n\u1ebfu s\u1eed d\u1ee5ng \u0111\u00fang c\u00e1ch.<\/p>\n<p data-start=\"1541\" data-end=\"1967\"><img decoding=\"async\" src=\"https:\/\/havamall.vn\/wp-content\/uploads\/2026\/05\/bo-ghee-tinh-che-tu-sua-an-do-amul-1l-amul-pure-ghee-1l-1.webp\" alt=\"B\u01a1 Ghee Tinh Ch\u1ebf T\u1eeb S\u1eefa \u1ea4n \u0110\u1ed9 Amul 1L \u2013 Amul Pure Ghee 1L\"><\/p>\n<p data-start=\"1541\" data-end=\"1967\"><strong>\u0110\u1eb6C \u0110I\u1ec2M V\u00c0 GI\u00c1 TR\u1eca DINH D\u01af\u1ee0NG<\/strong><\/p>\n<p data-start=\"1541\" data-end=\"1967\">\u2013 K\u1ebft c\u1ea5u v\u00e0 h\u01b0\u01a1ng v\u1ecb: s\u1eed d\u1ee5ng ch\u1ea5t b\u00e9o s\u1eefa tinh ch\u1ebf v\u1edbi h\u00e0m l\u01b0\u1ee3ng b\u00e9o cao, t\u1ea1o n\u00ean k\u1ebft c\u1ea5u s\u00e1nh m\u1ecbn v\u00e0 m\u00f9i th\u01a1m \u0111\u1eb7c tr\u01b0ng kh\u00e1 d\u1ec5 nh\u1eadn ra ngay khi m\u1edf n\u1eafp. Khi th\u1eddi ti\u1ebft l\u1ea1nh, ph\u1ea7n ghee c\u00f3 th\u1ec3 \u0111\u00f4ng nh\u1eb9 v\u00e0 xu\u1ea5t hi\u1ec7n d\u1ea1ng h\u1ea1t nh\u1ecf t\u1ef1 nhi\u00ean; c\u00f2n \u1ede nhi\u1ec7t \u0111\u1ed9 ph\u00f2ng s\u1ebd chuy\u1ec3n th\u00e0nh l\u1edbp d\u1ea7u l\u1ecfng \u00f3ng \u00e1nh, mang v\u1ecb b\u00e9o ng\u1eady \u0111\u1eb7c tr\u01b0ng pha ch\u00fat h\u01b0\u01a1ng caramel d\u1ecbu nh\u1eb9.<\/p>\n<p data-start=\"1541\" data-end=\"1967\">\u2013 Gi\u00e0u Vitamin tan trong ch\u1ea5t b\u00e9o: S\u1ea3n ph\u1ea9m ch\u1ee9a h\u00e0m l\u01b0\u1ee3ng cao Vitamin A, D, E v\u00e0 K, h\u1ed7 tr\u1ee3 th\u1ecb l\u1ef1c, t\u0103ng c\u01b0\u1eddng h\u1ec7 mi\u1ec5n d\u1ecbch v\u00e0 gi\u00fap x\u01b0\u01a1ng ch\u1eafc kh\u1ecfe. \u0110\u1eb7c bi\u1ec7t, s\u1ef1 hi\u1ec7n di\u1ec7n c\u1ee7a Acid Butyric \u2013 m\u1ed9t lo\u1ea1i acid b\u00e9o chu\u1ed7i ng\u1eafn \u2013 \u0111\u00f3ng vai tr\u00f2 c\u1ef1c k\u1ef3 quan tr\u1ecdng trong vi\u1ec7c nu\u00f4i d\u01b0\u1ee1ng h\u1ec7 vi sinh \u0111\u01b0\u1eddng ru\u1ed9t v\u00e0 h\u1ed7 tr\u1ee3 qu\u00e1 tr\u00ecnh ti\u00eau h\u00f3a di\u1ec5n ra tr\u01a1n tru.<\/p>\n<p data-start=\"1541\" data-end=\"1967\"><img decoding=\"async\" src=\"https:\/\/havamall.vn\/wp-content\/uploads\/2026\/05\/bo-ghee-tinh-che-tu-sua-an-do-amul-1l-amul-pure-ghee-1l.jpeg\" alt=\"B\u01a1 Ghee Tinh Ch\u1ebf T\u1eeb S\u1eefa \u1ea4n \u0110\u1ed9 Amul 1L \u2013 Amul Pure Ghee 1L\"><\/p>\n<p data-start=\"1541\" data-end=\"1967\"><strong>Ghee<\/strong>\u00a0th\u01b0\u1eddng \u0111\u01b0\u1ee3c d\u00f9ng \u0111\u1ec3 rang gia v\u1ecb nguy\u00ean h\u1ea1t tr\u01b0\u1edbc khi n\u1ea5u c\u00e0 ri nh\u1eb1m gi\u00fap m\u00f9i h\u01b0\u01a1ng d\u1eady r\u00f5 h\u01a1n. Ch\u1ec9 c\u1ea7n m\u1ed9t th\u00eca nh\u1ecf cho v\u00e0o ch\u1ea3o n\u00f3ng c\u00f9ng cumin, qu\u1ebf, \u0111inh h\u01b0\u01a1ng hay b\u1ea1ch \u0111\u1eadu kh\u1ea5u, h\u01b0\u01a1ng th\u01a1m s\u1ebd lan r\u1ea5t nhanh v\u00e0 t\u1ea1o chi\u1ec1u s\u00e2u \u0111\u1eb7c tr\u01b0ng cho m\u00f3n \u0103n. Ngo\u00e0i c\u00e0 ri, ghee c\u00f2n xu\u1ea5t hi\u1ec7n trong dal, biryani, butter chicken, b\u00e1nh naan, halwa hay nhi\u1ec1u m\u00f3n ng\u1ecdt truy\u1ec1n th\u1ed1ng.<\/p>\n<p data-start=\"1541\" data-end=\"1967\"><strong>Ghee<\/strong>\u00a0b\u1eaft \u0111\u1ea7u ph\u1ed5 bi\u1ebfn m\u1ea1nh h\u01a1n trong c\u00e1c c\u0103n b\u1ebfp hi\u1ec7n \u0111\u1ea1i ngo\u00e0i \u1ea4n \u0110\u1ed9, \u0111\u1eb7c bi\u1ec7t \u1edf nh\u00f3m \u0103n eat clean ho\u1eb7c ketogenic b\u1edfi lo\u1ea1i ch\u1ea5t b\u00e9o n\u00e0y g\u1ea7n nh\u01b0 kh\u00f4ng ch\u1ee9a carbohydrate. Nhi\u1ec1u ng\u01b0\u1eddi th\u00edch d\u00f9ng ghee thay cho b\u01a1 \u0111\u1ec3 \u00e1p ch\u1ea3o steak, n\u01b0\u1edbng rau c\u1ee7 ho\u1eb7c l\u00e0m s\u1ed1t v\u00ec h\u01b0\u01a1ng v\u1ecb \u0111\u1eadm h\u01a1n v\u00e0 \u00edt ch\u00e1y h\u01a1n khi \u0111un n\u00f3ng. M\u1ed9t l\u00e1t b\u00e1nh m\u00ec n\u01b0\u1edbng n\u00f3ng ph\u1ebft ghee r\u1ed3i r\u1eafc ch\u00fat mu\u1ed1i bi\u1ec3n ho\u1eb7c \u0111\u01b0\u1eddng qu\u1ebf c\u0169ng \u0111\u00e3 \u0111\u1ee7 t\u1ea1o c\u1ea3m gi\u00e1c r\u1ea5t kh\u00e1c so v\u1edbi b\u01a1 th\u00f4ng th\u01b0\u1eddng.<\/p>\n<p data-start=\"1541\" data-end=\"1967\"><strong>B\u01a1 Ghee Tinh Ch\u1ebf T\u1eeb S\u1eefa \u1ea4n \u0110\u1ed9 Amul 1L<\/strong>\u00a0\u0111ang \u0111\u01b0\u1ee3c b\u00e1n t\u1ea1i Havamall v\u1edbi d\u00f2ng h\u00e0ng nh\u1eadp kh\u1ea9u ch\u00ednh h\u00e3ng, ph\u00f9 h\u1ee3p cho nh\u1eefng c\u0103n b\u1ebfp y\u00eau th\u00edch h\u01b0\u01a1ng v\u1ecb \u1ea4n \u0110\u1ed9 truy\u1ec1n th\u1ed1ng c\u0169ng nh\u01b0 nh\u1eefng c\u00f4ng th\u1ee9c n\u1ea5u \u0103n hi\u1ec7n \u0111\u1ea1i c\u1ea7n m\u1ed9t lo\u1ea1i ch\u1ea5t b\u00e9o c\u00f3 m\u00f9i th\u01a1m s\u00e2u, \u0111\u1ed9 \u1ed5n \u0111\u1ecbnh cao<\/p>","protected":false},"excerpt":{"rendered":"<p>TH\u00d4NG TIN S\u1ea2N PH\u1ea8M Th\u01b0\u01a1ng hi\u1ec7u Amul Xu\u1ea5t x\u1ee9 \u1ea4n \u0110\u1ed9 Th\u00e0nh ph\u1ea7n 100% Ch\u1ea5t b\u00e9o s\u1eefa b\u00f2 nguy\u00ean ch\u1ea5t<\/p>","protected":false},"featured_media":45313,"comment_status":"open","ping_status":"closed","template":"","meta":[],"product_brand":[],"product_cat":[681,154],"product_tag":[],"class_list":{"0":"post-45312","1":"product","2":"type-product","3":"status-publish","4":"has-post-thumbnail","6":"product_cat-nhap-khau-an-do","7":"product_cat-gia-vi","9":"first","10":"instock","11":"sale","12":"shipping-taxable","13":"purchasable","14":"product-type-simple"},"_links":{"self":[{"href":"https:\/\/havamall.vn\/en\/wp-json\/wp\/v2\/product\/45312"}],"collection":[{"href":"https:\/\/havamall.vn\/en\/wp-json\/wp\/v2\/product"}],"about":[{"href":"https:\/\/havamall.vn\/en\/wp-json\/wp\/v2\/types\/product"}],"replies":[{"embeddable":true,"href":"https:\/\/havamall.vn\/en\/wp-json\/wp\/v2\/comments?post=45312"}],"version-history":[{"count":2,"href":"https:\/\/havamall.vn\/en\/wp-json\/wp\/v2\/product\/45312\/revisions"}],"predecessor-version":[{"id":45318,"href":"https:\/\/havamall.vn\/en\/wp-json\/wp\/v2\/product\/45312\/revisions\/45318"}],"wp:featuredmedia":[{"embeddable":true,"href":"https:\/\/havamall.vn\/en\/wp-json\/wp\/v2\/media\/45313"}],"wp:attachment":[{"href":"https:\/\/havamall.vn\/en\/wp-json\/wp\/v2\/media?parent=45312"}],"wp:term":[{"taxonomy":"product_brand","embeddable":true,"href":"https:\/\/havamall.vn\/en\/wp-json\/wp\/v2\/product_brand?post=45312"},{"taxonomy":"product_cat","embeddable":true,"href":"https:\/\/havamall.vn\/en\/wp-json\/wp\/v2\/product_cat?post=45312"},{"taxonomy":"product_tag","embeddable":true,"href":"https:\/\/havamall.vn\/en\/wp-json\/wp\/v2\/product_tag?post=45312"}],"curies":[{"name":"wp","href":"https:\/\/api.w.org\/{rel}","templated":true}]}}