{"id":45218,"date":"2026-04-24T10:01:30","date_gmt":"2026-04-24T03:01:30","guid":{"rendered":"https:\/\/havamall.vn\/?post_type=product&#038;p=45218"},"modified":"2026-04-24T10:01:31","modified_gmt":"2026-04-24T03:01:31","slug":"nuoc-suc-mieng-dau-dua-huong-bac-ha-cofusions-225ml-coconut-oil-pulling-mouthwash-mint-flavor","status":"publish","type":"product","link":"https:\/\/havamall.vn\/en\/shop\/nuoc-suc-mieng-dau-dua-huong-bac-ha-cofusions-225ml-coconut-oil-pulling-mouthwash-mint-flavor\/","title":{"rendered":"N\u01b0\u1edbc S\u00fac Mi\u1ec7ng D\u1ea7u D\u1eeba H\u01b0\u01a1ng B\u1ea1c H\u00e0 Cofusions 225ml \u2013 Coconut Oil Pulling Mouthwash Mint Flavor"},"content":{"rendered":"<p><span style=\"font-size: 20px\"><strong>TH\u00d4NG TIN S\u1ea2N PH\u1ea8M<\/strong><\/span><\/p>\n<table style=\"width: 64.523%;height: 144px\" data-path-to-node=\"12\">\n<tbody>\n<tr>\n<td style=\"width: 22.3744%\"><span data-path-to-node=\"12,1,0,0\"><b data-path-to-node=\"12,1,0,0\" data-index-in-node=\"0\">Th\u01b0\u01a1ng hi\u1ec7u<\/b><\/span><\/td>\n<td style=\"width: 76.5982%\">Cofusions<\/td>\n<\/tr>\n<tr>\n<td style=\"width: 22.3744%\"><span data-path-to-node=\"12,2,0,0\"><b data-path-to-node=\"12,2,0,0\" data-index-in-node=\"0\">Xu\u1ea5t x\u1ee9<\/b><\/span><\/td>\n<td style=\"width: 76.5982%\">Vi\u1ec7t Nam<\/td>\n<\/tr>\n<tr>\n<td style=\"width: 22.3744%\"><span data-path-to-node=\"12,3,0,0\"><b data-path-to-node=\"12,3,0,0\" data-index-in-node=\"0\">Th\u00e0nh ph\u1ea7n<\/b><\/span><\/td>\n<td style=\"width: 76.5982%\">D\u1ea7u d\u1eeba nguy\u00ean ch\u1ea5t (Virgin Coconut Oil), Tinh d\u1ea7u b\u1ea1c h\u00e0 (Peppermint Oil), kh\u00f4ng ch\u1ee9a Ethanol (C\u1ed3n)<\/td>\n<\/tr>\n<tr>\n<td style=\"width: 22.3744%\"><span data-path-to-node=\"12,4,0,0\"><b data-path-to-node=\"12,4,0,0\" data-index-in-node=\"0\">H\u1ea1n s\u1eed d\u1ee5ng<\/b><\/span><\/td>\n<td style=\"width: 76.5982%\">24 th\u00e1ng k\u1ec3 t\u1eeb ng\u00e0y s\u1ea3n xu\u1ea5t<\/td>\n<\/tr>\n<tr>\n<td style=\"width: 22.3744%\"><span data-path-to-node=\"12,5,0,0\"><b data-path-to-node=\"12,5,0,0\" data-index-in-node=\"0\">B\u1ea3o qu\u1ea3n<\/b><\/span><\/td>\n<td style=\"width: 76.5982%\">N\u01a1i kh\u00f4 r\u00e1o, tho\u00e1ng m\u00e1t, tr\u00e1nh \u00e1nh n\u1eafng tr\u1ef1c ti\u1ebfp. D\u1ea7u d\u1eeba c\u00f3 th\u1ec3 b\u1ecb \u0111\u00f4ng \u0111\u1eb7c \u1edf nhi\u1ec7t \u0111\u1ed9 d\u01b0\u1edbi\u00a0<b data-path-to-node=\"3,5,1,0\" data-index-in-node=\"94\">25\u00b0C<\/b>, ch\u1ec9 c\u1ea7n ng\u00e2m nh\u1eb9 v\u00e0o n\u01b0\u1edbc \u1ea5m \u0111\u1ec3 s\u1eed d\u1ee5ng l\u1ea1i<\/td>\n<\/tr>\n<tr>\n<td style=\"width: 22.3744%\"><span data-path-to-node=\"12,6,0,0\"><b data-path-to-node=\"12,6,0,0\" data-index-in-node=\"0\">Kh\u1ed1i l\u01b0\u1ee3ng<\/b><\/span><\/td>\n<td style=\"width: 76.5982%\">225ml<\/td>\n<\/tr>\n<\/tbody>\n<\/table>\n<p>Oil Pulling \u2013 hay c\u00f2n g\u1ecdi l\u00e0 li\u1ec7u ph\u00e1p s\u00fac d\u1ea7u \u2013 v\u1ed1n l\u00e0 m\u1ed9t ph\u01b0\u01a1ng ph\u00e1p v\u1ec7 sinh r\u0103ng mi\u1ec7ng c\u1ed5 truy\u1ec1n c\u00f3 ngu\u1ed3n g\u1ed1c t\u1eeb Ayurveda (\u1ea4n \u0110\u1ed9) v\u1edbi l\u1ecbch s\u1eed h\u01a1n 3.000 n\u0103m. K\u1ebf th\u1eeba tinh hoa \u0111\u00f3, Cofusions \u0111\u00e3 nghi\u00ean c\u1ee9u v\u00e0 ph\u00e1t tri\u1ec3n d\u00f2ng d\u1ea7u d\u1eeba s\u00fac mi\u1ec7ng h\u01b0\u01a1ng b\u1ea1c h\u00e0, mang \u0111\u1ebfn m\u1ed9t c\u00e1ch ti\u1ebfp c\u1eadn hi\u1ec7n \u0111\u1ea1i nh\u01b0ng v\u1eabn gi\u1eef tr\u1ecdn v\u1eb9n \u0111\u1eb7c t\u00ednh tr\u1ecb li\u1ec7u truy\u1ec1n th\u1ed1ng, kh\u00f4ng ch\u1ec9 l\u00e0 m\u1ed9t b\u01b0\u1edbc l\u00e0m s\u1ea1ch th\u00f4ng th\u01b0\u1eddng, m\u00e0 l\u00e0 m\u1ed9t tr\u1ea3i nghi\u1ec7m thanh l\u1ecdc to\u00e0n di\u1ec7n cho khoang mi\u1ec7ng b\u1eb1ng s\u1ee9c m\u1ea1nh c\u1ee7a th\u1ef1c v\u1eadt.<\/p>\n<p><img decoding=\"async\" src=\"https:\/\/havamall.vn\/wp-content\/uploads\/2026\/04\/nuoc-suc-mieng-dau-dua-huong-bac-ha-cofusions-225ml-coconut-oil-pulling-mouthwash-mint-flavor.webp\" alt=\"N\u01b0\u1edbc S\u00fac Mi\u1ec7ng D\u1ea7u D\u1eeba H\u01b0\u01a1ng B\u1ea1c H\u00e0 Cofusions 225ml \u2013 Coconut Oil Pulling Mouthwash Mint Flavor\"><\/p>\n<p>Kh\u00e1c bi\u1ec7t ho\u00e0n to\u00e0n v\u1edbi c\u00e1c d\u00f2ng n\u01b0\u1edbc s\u00fac mi\u1ec7ng ch\u1ee9a c\u1ed3n (ethanol) d\u1ec5 g\u00e2y kh\u00f4 ni\u00eam m\u1ea1c hay c\u1ea3m gi\u00e1c cay r\u00e1t, s\u1ea3n ph\u1ea9m c\u1ee7a Cofusions s\u1eed d\u1ee5ng n\u1ec1n t\u1ea3ng l\u00e0 d\u1ea7u d\u1eeba nguy\u00ean ch\u1ea5t. Trong d\u1ea7u d\u1eeba ch\u1ee9a m\u1ed9t l\u01b0\u1ee3ng l\u1edbn Acid Lauric \u2013 m\u1ed9t lo\u1ea1i acid b\u00e9o c\u00f3 kh\u1ea3 n\u0103ng kh\u00e1ng khu\u1ea9n, kh\u00e1ng n\u1ea5m v\u00e0 \u1ee9c ch\u1ebf s\u1ef1 ph\u00e1t tri\u1ec3n c\u1ee7a vi khu\u1ea9n\u00a0<i data-path-to-node=\"6\" data-index-in-node=\"362\">Streptococcus mutans<\/i>, t\u00e1c nh\u00e2n ch\u00ednh g\u00e2y ra s\u00e2u r\u0103ng v\u00e0 c\u00e1c v\u1ea5n \u0111\u1ec1 v\u1ec1 n\u01b0\u1edbu.<\/p>\n<p>Khi k\u1ebft h\u1ee3p c\u00f9ng tinh d\u1ea7u b\u1ea1c h\u00e0 t\u1ef1 nhi\u00ean, d\u00f2ng d\u1ea7u s\u00fac mi\u1ec7ng n\u00e0y kh\u00f4ng ch\u1ec9 gi\u00fap lo\u1ea1i b\u1ecf m\u1ea3ng b\u00e1m m\u00e0 c\u00f2n \u0111em l\u1ea1i c\u1ea3m gi\u00e1c s\u1ea3ng kho\u00e1i, xua tan m\u00f9i h\u00f4i mi\u1ec7ng m\u1ed9t c\u00e1ch tri\u1ec7t \u0111\u1ec3 nh\u1edd c\u01a1 ch\u1ebf h\u00f2a tan c\u00e1c \u0111\u1ed9c t\u1ed1 tan trong ch\u1ea5t b\u00e9o (lipophilic).<\/p>\n<p data-path-to-node=\"7\">N\u01b0\u1edbc S\u00fac Mi\u1ec7ng c\u00f3 d\u1ea1ng l\u1ecfng h\u01a1i s\u00e1nh \u0111\u1eb7c tr\u01b0ng c\u1ee7a d\u1ea7u th\u1ef1c v\u1eadt, m\u00e0u v\u00e0ng nh\u1ea1t tinh kh\u00f4i v\u00e0 trong tr\u1ebbo. Sau m\u1ed9t th\u1eddi gian s\u00fac mi\u1ec7ng, h\u1ed7n h\u1ee3p d\u1ea7u s\u1ebd chuy\u1ec3n sang m\u00e0u tr\u1eafng \u0111\u1ee5c, \u0111\u00f3 ch\u00ednh l\u00e0 d\u1ea5u hi\u1ec7u c\u1ee7a c\u00e1c ch\u1ea5t b\u1ea9n \u0111\u00e3 \u0111\u01b0\u1ee3c k\u00e9o ra kh\u1ecfi b\u1ec1 m\u1eb7t r\u0103ng. Quy tr\u00ecnh n\u00e0y kh\u00f4ng ch\u1ec9 l\u00e0m s\u1ea1ch m\u00e0 c\u00f2n h\u1ed7 tr\u1ee3 qu\u00e1 tr\u00ecnh t\u00e1i kho\u00e1ng h\u00f3a men r\u0103ng, gi\u00fap r\u0103ng s\u00e1ng b\u00f3ng t\u1ef1 nhi\u00ean m\u00e0 kh\u00f4ng c\u1ea7n \u0111\u1ebfn c\u00e1c h\u00f3a ch\u1ea5t t\u1ea9y tr\u1eafng c\u00f4ng nghi\u1ec7p.<\/p>\n<p data-path-to-node=\"7\"><img decoding=\"async\" src=\"https:\/\/havamall.vn\/wp-content\/uploads\/2026\/04\/nuoc-suc-mieng-dau-dua-huong-bac-ha-cofusions-225ml-coconut-oil-pulling-mouthwash-mint-flavor-1.webp\" alt=\"N\u01b0\u1edbc S\u00fac Mi\u1ec7ng D\u1ea7u D\u1eeba H\u01b0\u01a1ng B\u1ea1c H\u00e0 Cofusions 225ml \u2013 Coconut Oil Pulling Mouthwash Mint Flavor\"><\/p>\n<p data-path-to-node=\"8\"><span style=\"font-size: 20px\"><strong>C\u00d4NG D\u1ee4NG V\u00c0 C\u00c1CH S\u1eec D\u1ee4NG CHO HI\u1ec6U QU\u1ea2 T\u1ed0I \u01afU<\/strong><\/span><\/p>\n<p data-path-to-node=\"8\">\u2013 V\u1ec7 sinh v\u00e0 b\u1ea3o v\u1ec7: Gi\u00fap l\u00e0m s\u1ea1ch khoang mi\u1ec7ng, gi\u1ea3m thi\u1ec3u t\u00ecnh tr\u1ea1ng vi\u00eam n\u01b0\u1edbu, ch\u1ea3y m\u00e1u ch\u00e2n r\u0103ng v\u00e0 ng\u0103n ng\u1eeba s\u1ef1 h\u00ecnh th\u00e0nh c\u1ee7a cao r\u0103ng.<\/p>\n<p data-path-to-node=\"8\">\u2013 H\u01a1i th\u1edf th\u01a1m m\u00e1t: Tinh d\u1ea7u b\u1ea1c h\u00e0 len l\u1ecfi v\u00e0o t\u1eebng ng\u00f3c ng\u00e1ch, l\u01b0u l\u1ea1i h\u01b0\u01a1ng th\u01a1m d\u1ecbu nh\u1eb9, t\u1ef1 nhi\u00ean su\u1ed1t nhi\u1ec1u gi\u1edd li\u1ec1n.<\/p>\n<p data-path-to-node=\"8\">\u2013 Li\u1ec7u tr\u00ecnh s\u00fac d\u1ea7u: Th\u1eddi \u0111i\u1ec3m l\u00fd t\u01b0\u1edfng nh\u1ea5t \u0111\u1ec3 th\u1ef1c hi\u1ec7n l\u00e0 v\u00e0o s\u00e1ng s\u1edbm khi v\u1eeba ng\u1ee7 d\u1eady v\u00e0 ch\u01b0a \u0103n u\u1ed1ng g\u00ec. L\u1ea5y kho\u1ea3ng 5\u201310ml d\u1ea7u, ng\u1eadm v\u00e0 s\u00fac li\u00ean t\u1ee5c trong khoang mi\u1ec7ng t\u1eeb 5\u201315 ph\u00fat. L\u01b0u \u00fd kh\u00f4ng n\u00ean nu\u1ed1t h\u1ed7n h\u1ee3p n\u00e0y v\u00ec n\u00f3 ch\u1ee9a r\u1ea5t nhi\u1ec1u vi khu\u1ea9n v\u1eeba \u0111\u01b0\u1ee3c h\u00fat ra. Sau khi nh\u1ed5 b\u1ecf, h\u00e3y s\u00fac mi\u1ec7ng l\u1ea1i b\u1eb1ng n\u01b0\u1edbc \u1ea5m v\u00e0 \u0111\u00e1nh r\u0103ng nh\u01b0 b\u00ecnh th\u01b0\u1eddng.<\/p>\n<p data-path-to-node=\"8\">\u2013 Kh\u1ea9u ph\u1ea7n s\u1eed d\u1ee5ng: V\u1edbi dung t\u00edch 225ml, s\u1ea3n ph\u1ea9m \u0111\u01b0\u1ee3c thi\u1ebft k\u1ebf nh\u1ecf g\u1ecdn, v\u1eeba v\u1eb7n \u0111\u1ec3 \u0111\u1eb7t tr\u00ean k\u1ec7 ph\u00f2ng t\u1eafm ho\u1eb7c mang theo trong c\u00e1c chuy\u1ebfn c\u00f4ng t\u00e1c, \u0111\u1ea3m b\u1ea3o th\u00f3i quen ch\u0103m s\u00f3c r\u0103ng mi\u1ec7ng kh\u00f4ng b\u1ecb gi\u00e1n \u0111o\u1ea1n.<\/p>\n<p data-path-to-node=\"8\"><img decoding=\"async\" src=\"https:\/\/havamall.vn\/wp-content\/uploads\/2026\/04\/nuoc-suc-mieng-dau-dua-huong-bac-ha-cofusions-225ml-coconut-oil-pulling-mouthwash-mint-flavor-2.webp\" alt=\"N\u01b0\u1edbc S\u00fac Mi\u1ec7ng D\u1ea7u D\u1eeba H\u01b0\u01a1ng B\u1ea1c H\u00e0 Cofusions 225ml \u2013 Coconut Oil Pulling Mouthwash Mint Flavor\"><\/p>\n<p data-path-to-node=\"9\">Vi\u1ec7c duy tr\u00ec th\u00f3i quen s\u00fac d\u1ea7u th\u01b0\u1eddng xuy\u00ean c\u00f2n \u0111\u01b0\u1ee3c ghi nh\u1eadn l\u00e0 c\u00f3 t\u00e1c \u0111\u1ed9ng t\u00edch c\u1ef1c \u0111\u1ebfn s\u1ee9c kh\u1ecfe t\u1ed5ng th\u1ec3, gi\u00fap gi\u1ea3m t\u1ea3i cho h\u1ec7 th\u1ed1ng mi\u1ec5n d\u1ecbch b\u1eb1ng c\u00e1ch lo\u1ea1i b\u1ecf b\u1edbt ngu\u1ed3n g\u00e2y vi\u00eam nhi\u1ec5m t\u1eeb khoang mi\u1ec7ng, l\u00e0 s\u1ef1 l\u1ef1a ch\u1ecdn th\u00f4ng minh cho nh\u1eefng ai \u0111ang theo \u0111u\u1ed5i l\u1ed1i s\u1ed1ng thu\u1ea7n chay, \u01b0u ti\u00ean c\u00e1c s\u1ea3n ph\u1ea9m kh\u00f4ng th\u1eed nghi\u1ec7m tr\u00ean \u0111\u1ed9ng v\u1eadt v\u00e0 an to\u00e0n tuy\u1ec7t \u0111\u1ed1i cho s\u1ee9c kh\u1ecfe l\u00e2u d\u00e0i.<\/p>\n<p data-path-to-node=\"10\">D\u1ea7u d\u1eeba s\u00fac mi\u1ec7ng h\u01b0\u01a1ng b\u1ea1c h\u00e0 Cofusions hi\u1ec7n \u0111ang \u0111\u01b0\u1ee3c b\u00e1n t\u1ea1i Havamall.<\/p>","protected":false},"excerpt":{"rendered":"<p>TH\u00d4NG TIN S\u1ea2N PH\u1ea8M Th\u01b0\u01a1ng hi\u1ec7u Cofusions Xu\u1ea5t x\u1ee9 Vi\u1ec7t Nam Th\u00e0nh ph\u1ea7n D\u1ea7u d\u1eeba nguy\u00ean ch\u1ea5t (Virgin Coconut Oil),<\/p>","protected":false},"featured_media":45219,"comment_status":"open","ping_status":"closed","template":"","meta":[],"product_brand":[],"product_cat":[677,396,35],"product_tag":[],"class_list":{"0":"post-45218","1":"product","2":"type-product","3":"status-publish","4":"has-post-thumbnail","6":"product_cat-cac-nuoc-khac","7":"product_cat-suc-khoe-lam-dep","8":"product_cat-nha-cua-doi-song","10":"first","11":"instock","12":"sale","13":"shipping-taxable","14":"purchasable","15":"product-type-simple"},"_links":{"self":[{"href":"https:\/\/havamall.vn\/en\/wp-json\/wp\/v2\/product\/45218"}],"collection":[{"href":"https:\/\/havamall.vn\/en\/wp-json\/wp\/v2\/product"}],"about":[{"href":"https:\/\/havamall.vn\/en\/wp-json\/wp\/v2\/types\/product"}],"replies":[{"embeddable":true,"href":"https:\/\/havamall.vn\/en\/wp-json\/wp\/v2\/comments?post=45218"}],"version-history":[{"count":1,"href":"https:\/\/havamall.vn\/en\/wp-json\/wp\/v2\/product\/45218\/revisions"}],"predecessor-version":[{"id":45223,"href":"https:\/\/havamall.vn\/en\/wp-json\/wp\/v2\/product\/45218\/revisions\/45223"}],"wp:featuredmedia":[{"embeddable":true,"href":"https:\/\/havamall.vn\/en\/wp-json\/wp\/v2\/media\/45219"}],"wp:attachment":[{"href":"https:\/\/havamall.vn\/en\/wp-json\/wp\/v2\/media?parent=45218"}],"wp:term":[{"taxonomy":"product_brand","embeddable":true,"href":"https:\/\/havamall.vn\/en\/wp-json\/wp\/v2\/product_brand?post=45218"},{"taxonomy":"product_cat","embeddable":true,"href":"https:\/\/havamall.vn\/en\/wp-json\/wp\/v2\/product_cat?post=45218"},{"taxonomy":"product_tag","embeddable":true,"href":"https:\/\/havamall.vn\/en\/wp-json\/wp\/v2\/product_tag?post=45218"}],"curies":[{"name":"wp","href":"https:\/\/api.w.org\/{rel}","templated":true}]}}