{"id":45206,"date":"2026-04-23T14:16:02","date_gmt":"2026-04-23T07:16:02","guid":{"rendered":"https:\/\/havamall.vn\/?post_type=product&#038;p=45206"},"modified":"2026-04-23T14:16:04","modified_gmt":"2026-04-23T07:16:04","slug":"thach-no-cu-nang-hong-daka-850g-pink-color-water-chestnut-popping-boba","status":"publish","type":"product","link":"https:\/\/havamall.vn\/en\/shop\/thach-no-cu-nang-hong-daka-850g-pink-color-water-chestnut-popping-boba\/","title":{"rendered":"Th\u1ea1ch N\u1ed5 C\u1ee7 N\u0103ng H\u1ed3ng Daka 850g \u2013 Pink Color Water Chestnut Popping Boba"},"content":{"rendered":"<p><strong><span style=\"font-size: 20px\">TH\u00d4NG TIN S\u1ea2N PH\u1ea8M<\/span><\/strong><\/p>\n<table style=\"width: 70.6664%\" data-path-to-node=\"3\">\n<tbody>\n<tr>\n<td style=\"width: 11.8874%\"><span data-path-to-node=\"3,1,0,0\"><b data-path-to-node=\"3,1,0,0\" data-index-in-node=\"0\">Th\u01b0\u01a1ng hi\u1ec7u<\/b><\/span><\/td>\n<td style=\"width: 87.2784%\"><span data-path-to-node=\"3,1,1,0\">Daka<\/span><\/td>\n<\/tr>\n<tr>\n<td style=\"width: 11.8874%\"><span data-path-to-node=\"3,2,0,0\"><b data-path-to-node=\"3,2,0,0\" data-index-in-node=\"0\">Xu\u1ea5t x\u1ee9<\/b><\/span><\/td>\n<td style=\"width: 87.2784%\"><span data-path-to-node=\"3,2,1,0\">Vi\u1ec7t Nam<\/span><\/td>\n<\/tr>\n<tr>\n<td style=\"width: 11.8874%\"><span data-path-to-node=\"3,3,0,0\"><b data-path-to-node=\"3,3,0,0\" data-index-in-node=\"0\">Th\u00e0nh ph\u1ea7n<\/b><\/span><\/td>\n<td style=\"width: 87.2784%\"><span data-path-to-node=\"3,3,1,0\">N\u01b0\u1edbc, nh\u00e2n c\u1ee7 n\u0103ng (60%), \u0111\u01b0\u1eddng tr\u1eafng, ph\u1ee5 gia th\u1ef1c ph\u1ea9m, n\u01b0\u1edbc \u00e9p t\u00e1o c\u00f4 \u0111\u1eb7c, m\u00e0u th\u1ef1c ph\u1ea9m t\u1ef1 nhi\u00ean, ch\u1ea5t \u0111i\u1ec1u ch\u1ec9nh \u0111\u1ed9 acid<\/span><\/td>\n<\/tr>\n<tr>\n<td style=\"width: 11.8874%\"><span data-path-to-node=\"3,4,0,0\"><b data-path-to-node=\"3,4,0,0\" data-index-in-node=\"0\">H\u1ea1n s\u1eed d\u1ee5ng<\/b><\/span><\/td>\n<td style=\"width: 87.2784%\"><span data-path-to-node=\"3,4,1,0\">12 th\u00e1ng k\u1ec3 t\u1eeb ng\u00e0y s\u1ea3n xu\u1ea5t<\/span><\/td>\n<\/tr>\n<tr>\n<td style=\"width: 11.8874%\"><span data-path-to-node=\"3,5,0,0\"><b data-path-to-node=\"3,5,0,0\" data-index-in-node=\"0\">B\u1ea3o qu\u1ea3n<\/b><\/span><\/td>\n<td style=\"width: 87.2784%\"><span data-path-to-node=\"3,5,1,0\">N\u01a1i kh\u00f4 r\u00e1o, tho\u00e1ng m\u00e1t, tr\u00e1nh \u00e1nh n\u1eafng tr\u1ef1c ti\u1ebfp. Sau khi m\u1edf n\u1eafp, b\u1ea3o qu\u1ea3n trong ng\u0103n m\u00e1t t\u1ee7 l\u1ea1nh t\u1eeb 7\u201310 ng\u00e0y<\/span><\/td>\n<\/tr>\n<tr>\n<td style=\"width: 11.8874%\"><span data-path-to-node=\"3,6,0,0\"><b data-path-to-node=\"3,6,0,0\" data-index-in-node=\"0\">Kh\u1ed1i l\u01b0\u1ee3ng<\/b><\/span><\/td>\n<td style=\"width: 87.2784%\"><span data-path-to-node=\"3,6,1,0\">850g<\/span><\/td>\n<\/tr>\n<\/tbody>\n<\/table>\n<p>C\u1ee7 n\u0103ng v\u1ed1n l\u00e0 lo\u1ea1i c\u1ee7 d\u00e2n d\u00e3, xu\u1ea5t hi\u1ec7n nhi\u1ec1u trong c\u00e1c m\u00f3n ch\u00e8 truy\u1ec1n th\u1ed1ng c\u1ee7a ng\u01b0\u1eddi \u00c1 \u0110\u00f4ng nh\u1edd t\u00ednh h\u00e0n, gi\u1ea3i nhi\u1ec7t v\u00e0 \u0111\u1ed9 gi\u00f2n \u0111\u1eb7c tr\u01b0ng kh\u00f4ng b\u1ecb m\u1ea5t \u0111i d\u00f9 qua ch\u1ebf bi\u1ebfn. Khi \u0111\u01b0\u1ee3c k\u1ebft h\u1ee3p v\u1edbi k\u1ef9 thu\u1eadt &#8220;n\u1ed5&#8221; (popping) hi\u1ec7n \u0111\u1ea1i, nh\u1eefng mi\u1ebfng c\u1ee7 n\u0103ng vu\u00f4ng v\u1ee9c \u0111\u01b0\u1ee3c kho\u00e1c l\u00ean m\u00ecnh l\u1edbp \u00e1o m\u00e0u h\u1ed3ng pastel d\u1ecbu d\u00e0ng, t\u1ea1o n\u00ean s\u1ef1 giao thoa ho\u00e0n h\u1ea3o gi\u1eefa gi\u00e1 tr\u1ecb truy\u1ec1n th\u1ed1ng v\u00e0 xu h\u01b0\u1edbng tr\u1ebb trung. S\u1eafc h\u1ed3ng n\u00e0y kh\u00f4ng \u0111\u01a1n thu\u1ea7n ch\u1ec9 \u0111\u1ec3 l\u00e0m \u0111\u1eb9p, m\u00e0 c\u00f2n g\u1ee3i nh\u1eafc \u0111\u1ebfn m\u00e0u c\u1ee7a nh\u1eefng c\u00e1nh hoa \u0111\u00e0o hay c\u00e1c lo\u1ea1i siro tr\u00e1i c\u00e2y ng\u1ecdt ng\u00e0o, gi\u00fap ly \u0111\u1ed3 u\u1ed1ng tr\u1edf n\u00ean sinh \u0111\u1ed9ng v\u00e0 \u0111\u1ea7y s\u1ee9c s\u1ed1ng.<\/p>\n<p><img decoding=\"async\" src=\"https:\/\/havamall.vn\/wp-content\/uploads\/2026\/04\/thach-no-cu-nang-hong-daka-850g-pink-color-water-chestnut-popping-boba.webp\" alt=\"Th\u1ea1ch N\u1ed5 C\u1ee7 N\u0103ng H\u1ed3ng Daka 850g \u2013 Pink Color Water Chestnut Popping Boba\"><\/p>\n<p>M\u1ed7i vi\u00ean th\u1ea1ch c\u00f3 k\u00edch th\u01b0\u1edbc \u0111\u1ed3ng \u0111\u1ec1u, tr\u00f2n tr\u1ecba v\u1edbi l\u1edbp v\u1ecf ngo\u00e0i m\u1ecbn m\u00e0ng. Khi nhai, c\u1ea3m gi\u00e1c \u0111\u1ea7u ti\u00ean l\u00e0 s\u1ef1 &#8220;b\u00f9ng n\u1ed5&#8221; nh\u1eb9 nh\u00e0ng t\u1eeb l\u1edbp v\u1ecf, ngay sau \u0111\u00f3 l\u00e0 v\u1ecb gi\u00f2n s\u1ea7n s\u1eadt, b\u00f9i b\u00f9i c\u1ee7a nh\u00e2n c\u1ee7 n\u0103ng t\u01b0\u01a1i. \u0110\u1ed9 ng\u1ecdt c\u1ee7a s\u1ea3n ph\u1ea9m \u0111\u01b0\u1ee3c tinh ch\u1ec9nh \u1edf m\u1ee9c thanh nh\u1eb9, kh\u00f4ng g\u00e2y c\u1ea3m gi\u00e1c g\u1eaft c\u1ed5 nh\u1edd s\u1ef1 g\u00f3p m\u1eb7t c\u1ee7a n\u01b0\u1edbc \u00e9p t\u00e1o c\u00f4 \u0111\u1eb7c, t\u1ea1o n\u00ean m\u1ed9t h\u1eadu v\u1ecb tr\u00e1i c\u00e2y thoang tho\u1ea3ng.<\/p>\n<p><img decoding=\"async\" src=\"https:\/\/havamall.vn\/wp-content\/uploads\/2026\/04\/thach-no-cu-nang-hong-daka-850g-pink-color-water-chestnut-popping-boba-1.webp\" alt=\"Th\u1ea1ch N\u1ed5 C\u1ee7 N\u0103ng H\u1ed3ng Daka 850g \u2013 Pink Color Water Chestnut Popping Boba\"><\/p>\n<p><em><strong>C\u00d4NG D\u1ee4NG V\u00c0 BI\u1ebeN T\u1ea4U TRONG PHA CH\u1ebe<\/strong><\/em><\/p>\n<p data-path-to-node=\"8\">\u2013 Topping cho tr\u00e0 s\u1eefa: S\u1ef1 k\u1ebft h\u1ee3p kinh \u0111i\u1ec3n nh\u1ea5t ch\u00ednh l\u00e0 th\u00eam th\u1ea1ch n\u1ed5 v\u00e0o c\u00e1c d\u00f2ng tr\u00e0 s\u1eefa truy\u1ec1n th\u1ed1ng ho\u1eb7c tr\u00e0 s\u1eefa khoai m\u00f4n. S\u1eafc h\u1ed3ng c\u1ee7a th\u1ea1ch n\u1ed5i b\u1eadt tr\u00ean n\u1ec1n tr\u00e0 s\u1eefa, t\u1ea1o hi\u1ec7u \u1ee9ng th\u1ecb gi\u00e1c b\u1eaft m\u1eaft.<\/p>\n<p data-path-to-node=\"8\">\u2013 Tr\u00e0 tr\u00e1i c\u00e2y thanh nhi\u1ec7t: V\u1edbi c\u00e1c d\u00f2ng tr\u00e0 d\u00e2u, tr\u00e0 \u0111\u00e0o hay tr\u00e0 v\u1ea3i, nh\u1eefng vi\u00ean th\u1ea1ch n\u1ed5 c\u1ee7 n\u0103ng h\u1ed3ng \u0111\u00f3ng vai tr\u00f2 l\u00e0 \u0111i\u1ec3m nh\u1ea5n gi\u00fap t\u0103ng \u0111\u1ed9 gi\u00f2n v\u00e0 l\u00e0m phong ph\u00fa th\u00eam k\u1ebft c\u1ea5u c\u1ee7a th\u1ee9c u\u1ed1ng.<\/p>\n<p data-path-to-node=\"8\">\u2013 M\u00f3n tr\u00e1ng mi\u1ec7ng v\u00e0 ch\u00e8: Kh\u00f4ng ch\u1ec9 gi\u1edbi h\u1ea1n trong ly nh\u1ef1a, th\u1ea1ch n\u1ed5 c\u00f2n c\u00f3 th\u1ec3 d\u00f9ng k\u00e8m v\u1edbi ch\u00e8 kh\u00fac b\u1ea1ch, s\u1eefa chua d\u1ebbo ho\u1eb7c c\u00e1c lo\u1ea1i kem tr\u00e1i c\u00e2y \u0111\u1ec3 t\u1ea1o s\u1ef1 m\u1edbi l\u1ea1.<\/p>\n<p data-path-to-node=\"8\"><img decoding=\"async\" src=\"https:\/\/havamall.vn\/wp-content\/uploads\/2026\/04\/thach-no-cu-nang-hong-daka-850g-pink-color-water-chestnut-popping-boba-2.webp\" alt=\"Th\u1ea1ch N\u1ed5 C\u1ee7 N\u0103ng H\u1ed3ng Daka 850g \u2013 Pink Color Water Chestnut Popping Boba\"><\/p>\n<p data-path-to-node=\"9\">S\u1ea3n ph\u1ea9m hi\u1ec7n \u0111ang \u0111\u01b0\u1ee3c ph\u00e2n ph\u1ed1i ch\u00ednh th\u1ee9c t\u1ea1i Havamall. \u0110\u00e2y l\u00e0 \u0111\u01a1n v\u1ecb chuy\u00ean nh\u1eadp kh\u1ea9u v\u00e0 cung \u1ee9ng c\u00e1c d\u00f2ng nguy\u00ean li\u1ec7u pha ch\u1ebf cao c\u1ea5p, cam k\u1ebft h\u00e0ng ch\u00ednh h\u00e3ng 100% v\u1edbi \u0111\u1ea7y \u0111\u1ee7 gi\u1ea5y t\u1edd ch\u1ee9ng nh\u1eadn an to\u00e0n th\u1ef1c ph\u1ea9m.<\/p>","protected":false},"excerpt":{"rendered":"<p>TH\u00d4NG TIN S\u1ea2N PH\u1ea8M Th\u01b0\u01a1ng hi\u1ec7u Daka Xu\u1ea5t x\u1ee9 Vi\u1ec7t Nam Th\u00e0nh ph\u1ea7n N\u01b0\u1edbc, nh\u00e2n c\u1ee7 n\u0103ng (60%), \u0111\u01b0\u1eddng tr\u1eafng,<\/p>","protected":false},"featured_media":45207,"comment_status":"open","ping_status":"closed","template":"","meta":[],"product_brand":[],"product_cat":[677,131,135],"product_tag":[],"class_list":{"0":"post-45206","1":"product","2":"type-product","3":"status-publish","4":"has-post-thumbnail","6":"product_cat-cac-nuoc-khac","7":"product_cat-nguyen-lieu-lam-bep","8":"product_cat-sua-do-uong","10":"first","11":"instock","12":"sale","13":"shipping-taxable","14":"purchasable","15":"product-type-simple"},"_links":{"self":[{"href":"https:\/\/havamall.vn\/en\/wp-json\/wp\/v2\/product\/45206"}],"collection":[{"href":"https:\/\/havamall.vn\/en\/wp-json\/wp\/v2\/product"}],"about":[{"href":"https:\/\/havamall.vn\/en\/wp-json\/wp\/v2\/types\/product"}],"replies":[{"embeddable":true,"href":"https:\/\/havamall.vn\/en\/wp-json\/wp\/v2\/comments?post=45206"}],"version-history":[{"count":2,"href":"https:\/\/havamall.vn\/en\/wp-json\/wp\/v2\/product\/45206\/revisions"}],"predecessor-version":[{"id":45212,"href":"https:\/\/havamall.vn\/en\/wp-json\/wp\/v2\/product\/45206\/revisions\/45212"}],"wp:featuredmedia":[{"embeddable":true,"href":"https:\/\/havamall.vn\/en\/wp-json\/wp\/v2\/media\/45207"}],"wp:attachment":[{"href":"https:\/\/havamall.vn\/en\/wp-json\/wp\/v2\/media?parent=45206"}],"wp:term":[{"taxonomy":"product_brand","embeddable":true,"href":"https:\/\/havamall.vn\/en\/wp-json\/wp\/v2\/product_brand?post=45206"},{"taxonomy":"product_cat","embeddable":true,"href":"https:\/\/havamall.vn\/en\/wp-json\/wp\/v2\/product_cat?post=45206"},{"taxonomy":"product_tag","embeddable":true,"href":"https:\/\/havamall.vn\/en\/wp-json\/wp\/v2\/product_tag?post=45206"}],"curies":[{"name":"wp","href":"https:\/\/api.w.org\/{rel}","templated":true}]}}