{"id":45200,"date":"2026-04-23T13:55:34","date_gmt":"2026-04-23T06:55:34","guid":{"rendered":"https:\/\/havamall.vn\/?post_type=product&#038;p=45200"},"modified":"2026-04-23T13:55:34","modified_gmt":"2026-04-23T06:55:34","slug":"thach-no-cu-nang-trang-daka-850g-water-chestnut-popping-boba","status":"publish","type":"product","link":"https:\/\/havamall.vn\/en\/shop\/thach-no-cu-nang-trang-daka-850g-water-chestnut-popping-boba\/","title":{"rendered":"Th\u1ea1ch N\u1ed5 C\u1ee7 N\u0103ng Tr\u1eafng Daka 850g \u2013 Water Chestnut Popping Boba"},"content":{"rendered":"<p><strong><span style=\"font-size: 20px\">TH\u00d4NG TIN S\u1ea2N PH\u1ea8M<\/span><\/strong><\/p>\n<table data-path-to-node=\"12\">\n<tbody>\n<tr>\n<td><span data-path-to-node=\"12,1,0,0\"><b data-path-to-node=\"12,1,0,0\" data-index-in-node=\"0\">Th\u01b0\u01a1ng hi\u1ec7u<\/b><\/span><\/td>\n<td><span data-path-to-node=\"12,1,1,0\">Daka<\/span><\/td>\n<\/tr>\n<tr>\n<td><span data-path-to-node=\"12,2,0,0\"><b data-path-to-node=\"12,2,0,0\" data-index-in-node=\"0\">Xu\u1ea5t x\u1ee9<\/b><\/span><\/td>\n<td><span data-path-to-node=\"12,2,1,0\">Vi\u1ec7t Nam<\/span><\/td>\n<\/tr>\n<tr>\n<td><span data-path-to-node=\"12,3,0,0\"><b data-path-to-node=\"12,3,0,0\" data-index-in-node=\"0\">Th\u00e0nh ph\u1ea7n<\/b><\/span><\/td>\n<td><span data-path-to-node=\"12,3,1,0\">N\u01b0\u1edbc, nh\u00e2n c\u1ee7 n\u0103ng t\u01b0\u01a1i (60%), \u0111\u01b0\u1eddng c\u00e1t, n\u01b0\u1edbc \u00e9p t\u00e1o, ph\u1ee5 gia th\u1ef1c ph\u1ea9m an to\u00e0n, ch\u1ea5t t\u1ea1o gi\u00f2n<\/span><\/td>\n<\/tr>\n<tr>\n<td><span data-path-to-node=\"12,4,0,0\"><b data-path-to-node=\"12,4,0,0\" data-index-in-node=\"0\">H\u1ea1n s\u1eed d\u1ee5ng<\/b><\/span><\/td>\n<td><span data-path-to-node=\"12,4,1,0\">12 th\u00e1ng k\u1ec3 t\u1eeb ng\u00e0y s\u1ea3n xu\u1ea5t<\/span><\/td>\n<\/tr>\n<tr>\n<td><span data-path-to-node=\"12,5,0,0\"><b data-path-to-node=\"12,5,0,0\" data-index-in-node=\"0\">B\u1ea3o qu\u1ea3n<\/b><\/span><\/td>\n<td><span data-path-to-node=\"12,5,1,0\">N\u01a1i kh\u00f4 r\u00e1o, tho\u00e1ng m\u00e1t. Sau khi m\u1edf h\u1ed9p n\u00ean b\u1ea3o qu\u1ea3n l\u1ea1nh \u0111\u1ec3 gi\u1eef \u0111\u1ed9 gi\u00f2n t\u1ed1t nh\u1ea5t<\/span><\/td>\n<\/tr>\n<tr>\n<td><span data-path-to-node=\"12,6,0,0\"><b data-path-to-node=\"12,6,0,0\" data-index-in-node=\"0\">Kh\u1ed1i l\u01b0\u1ee3ng<\/b><\/span><\/td>\n<td><span data-path-to-node=\"12,6,1,0\">850g<\/span><\/td>\n<\/tr>\n<\/tbody>\n<\/table>\n<p>Th\u01b0\u01a1ng hi\u1ec7u\u00a0<strong>Daka<\/strong>\u00a0t\u1eadp trung v\u00e0o vi\u1ec7c hi\u1ec7n \u0111\u1ea1i h\u00f3a c\u00e1c lo\u1ea1i topping truy\u1ec1n th\u1ed1ng. Thay v\u00ec s\u1eed d\u1ee5ng c\u00e1c lo\u1ea1i th\u1ea1ch d\u1ebbo l\u00e0m t\u1eeb b\u1ed9t th\u00f4ng th\u01b0\u1eddng, \u0111\u01a1n v\u1ecb n\u00e0y ch\u00fa tr\u1ecdng v\u00e0o vi\u1ec7c s\u1eed d\u1ee5ng nh\u00e2n th\u1eadt t\u1eeb n\u00f4ng s\u1ea3n. Vi\u1ec7c gi\u1eef nguy\u00ean m\u00e0u tr\u1eafng ng\u00e0 t\u1ef1 nhi\u00ean c\u1ee7a c\u1ee7 n\u0103ng cho th\u1ea5y s\u1ef1 t\u00f4n tr\u1ecdng \u0111\u1ed1i v\u1edbi \u0111\u1eb7c t\u00ednh nguy\u00ean b\u1ea3n c\u1ee7a th\u1ef1c ph\u1ea9m, c\u0169ng ch\u00ednh l\u00e0 xu h\u01b0\u1edbng \u1ea9m th\u1ef1c b\u1ec1n v\u1eefng m\u00e0 th\u1ecb tr\u01b0\u1eddng \u0111ang h\u01b0\u1edbng t\u1edbi: \u00edt ph\u1ea9m m\u00e0u, t\u1eadp trung v\u00e0o ch\u1ea5t l\u01b0\u1ee3ng nh\u00e2n v\u00e0 tr\u1ea3i nghi\u1ec7m v\u1ecb gi\u00e1c ch\u00e2n th\u1ef1c.<\/p>\n<p><img decoding=\"async\" src=\"https:\/\/havamall.vn\/wp-content\/uploads\/2026\/04\/thach-no-cu-nang-trang-daka-850g-water-chestnut-popping-boba.webp\" alt=\"Th\u1ea1ch N\u1ed5 C\u1ee7 N\u0103ng Tr\u1eafng Daka 850g \u2013 Water Chestnut Popping Boba\"><\/p>\n<p data-path-to-node=\"16\">Nh\u1eefng vi\u00ean th\u1ea1ch n\u1ed5 tr\u1eafng mang m\u1ed9t v\u1ebb ngo\u00e0i b\u00f3ng b\u1ea9y, xuy\u00ean th\u1ea5u nh\u1eb9, \u0111\u1ec3 l\u1ed9 ph\u1ea7n nh\u00e2n c\u1ee7 n\u0103ng tr\u1eafng tinh kh\u00f4i b\u00ean trong. \u0110i\u1ec3m kh\u00e1c bi\u1ec7t l\u1edbn nh\u1ea5t c\u1ee7a d\u00f2ng th\u1ea1ch n\u1ed5 so v\u1edbi th\u1ea1ch c\u1ee7 n\u0103ng t\u1ef1 l\u00e0m t\u1ea1i nh\u00e0 ch\u00ednh l\u00e0 l\u1edbp v\u1ecf bao quanh. L\u1edbp v\u1ecf n\u00e0y \u0111\u01b0\u1ee3c t\u1ea1o ra t\u1eeb c\u00f4ng ngh\u1ec7 \u0111\u1ecbnh h\u00ecnh th\u1ef1c ph\u1ea9m hi\u1ec7n \u0111\u1ea1i, gi\u00fap vi\u00ean th\u1ea1ch kh\u00f4ng b\u1ecb b\u1ebft d\u00ednh v\u00e0 lu\u00f4n gi\u1eef \u0111\u01b0\u1ee3c h\u00ecnh d\u1ea1ng tr\u00f2n \u0111\u1ec1u trong m\u00f4i tr\u01b0\u1eddng n\u01b0\u1edbc tr\u00e0 l\u00e2u ng\u00e0y. Khi th\u01b0\u1edfng th\u1ee9c, ti\u1ebfng &#8220;b\u1ee5p&#8221; nh\u1eb9 khi l\u1edbp v\u1ecf v\u1ee1 ra h\u00f2a quy\u1ec7n c\u00f9ng v\u1ecb ng\u1ecdt b\u00e9o, b\u00f9i b\u00f9i c\u1ee7a c\u1ee7 n\u0103ng t\u1ea1o n\u00ean m\u1ed9t b\u1ea3n giao h\u01b0\u1edfng \u00e2m thanh v\u00e0 h\u01b0\u01a1ng v\u1ecb ngay trong khoang mi\u1ec7ng.<\/p>\n<p data-path-to-node=\"16\"><img decoding=\"async\" src=\"https:\/\/havamall.vn\/wp-content\/uploads\/2026\/04\/thach-no-cu-nang-trang-daka-850g-water-chestnut-popping-boba-1.webp\" alt=\"Th\u1ea1ch N\u1ed5 C\u1ee7 N\u0103ng Tr\u1eafng Daka 850g \u2013 Water Chestnut Popping Boba\"><\/p>\n<p data-path-to-node=\"17\"><em><strong>H\u01af\u1edaNG D\u1eaaN \u1ee8NG D\u1ee4NG V\u00c0 C\u00c1CH CH\u1ebe BI\u1ebeN HOT TREND<\/strong><\/em><\/p>\n<p data-path-to-node=\"17\">\u2013 Tr\u00e0 s\u1eefa c\u1ee7 n\u0103ng t\u01b0\u01a1i: \u0110\u00e2y l\u00e0 m\u00f3n \u0111\u1ed3 u\u1ed1ng \u0111ang l\u00e0m m\u01b0a l\u00e0m gi\u00f3 t\u1ea1i c\u00e1c chu\u1ed7i tr\u00e0 s\u1eefa l\u1edbn. Ch\u1ec9 c\u1ea7n chu\u1ea9n b\u1ecb c\u1ed1t tr\u00e0 \u0111en \u0111\u1eadm v\u1ecb, h\u00f2a c\u00f9ng b\u1ed9t s\u1eefa b\u00e9o ng\u1eady v\u00e0 th\u00eam hai mu\u1ed7ng th\u1ea1ch n\u1ed5 c\u1ee7 n\u0103ng tr\u1eafng l\u00e0 \u0111\u00e3 c\u00f3 ngay m\u1ed9t ly n\u01b0\u1edbc chu\u1ea9n v\u1ecb ti\u1ec7m.<\/p>\n<p data-path-to-node=\"17\">\u2013 Tr\u00e0 l\u00e0i thanh m\u00e1t: S\u1ef1 tinh khi\u1ebft c\u1ee7a th\u1ea1ch tr\u1eafng c\u1ef1c k\u1ef3 ph\u00f9 h\u1ee3p v\u1edbi h\u01b0\u01a1ng th\u01a1m thanh tao c\u1ee7a tr\u00e0 l\u00e0i. Th\u00eam m\u1ed9t ch\u00fat m\u1eadt ong v\u00e0 \u0111\u00e1 l\u1ea1nh, nh\u1eefng vi\u00ean th\u1ea1ch n\u1ed5 s\u1ebd l\u00e0m t\u0103ng th\u00eam s\u1ef1 s\u1ea3ng kho\u00e1i cho ng\u01b0\u1eddi u\u1ed1ng.<\/p>\n<p data-path-to-node=\"17\">\u2013 Mix c\u00f9ng c\u00e1c lo\u1ea1i h\u1ea1t kh\u00e1c: C\u00f3 th\u1ec3 k\u1ebft h\u1ee3p th\u1ea1ch n\u1ed5 tr\u1eafng v\u1edbi tr\u00e2n ch\u00e2u \u0111en ho\u1eb7c th\u1ea1ch d\u1eeba \u0111\u1ec3 t\u1ea1o n\u00ean b\u1ed9 s\u01b0u t\u1eadp topping &#8220;full option&#8221; cho c\u00e1c t\u00edn \u0111\u1ed3 m\u00ea nhai.<\/p>\n<p data-path-to-node=\"17\"><img decoding=\"async\" src=\"https:\/\/scontent.fsgn19-1.fna.fbcdn.net\/v\/t39.30808-6\/594968983_122251807676159617_7839965158877082698_n.jpg?_nc_cat=105&amp;ccb=1-7&amp;_nc_sid=13d280&amp;_nc_eui2=AeHMxBcB-1rJyp-XlkDq4x9ONUhu1tIh2ZA1SG7W0iHZkAzu-Cf5MJuAM6dH5Bt-feGzCKb-kuSXmjfkpB5E-8x5&amp;_nc_ohc=ayGQei7Hsy4Q7kNvwF57DAt&amp;_nc_oc=AdqxvtWJga8i5_UfOnGSQKAMpweqN40a60Qbvn4hQWofCBFP5-B541sH9TIVxIBJX6a7pz2aUcy0FPcOQnNfu3f8&amp;_nc_zt=23&amp;_nc_ht=scontent.fsgn19-1.fna&amp;_nc_gid=V9wlw15tD9JcOWi6w4L9yg&amp;_nc_ss=7b2a8&amp;oh=00_Af0KIffke-_qFa_u0ub0ZPAuc2-46dZ5hXv82jnuB6fe9A&amp;oe=69EFA16E\" alt=\"Th\u1ea1ch N\u1ed5 C\u1ee7 N\u0103ng Tr\u1eafng Daka 850g \u2013 Water Chestnut Popping Boba\"><\/p>\n<p data-path-to-node=\"18\">Th\u1ea1ch N\u1ed5 C\u1ee7 N\u0103ng Tr\u1eafng Daka 850g hi\u1ec7n \u0111ang \u0111\u01b0\u1ee3c b\u00e0y b\u00e1n t\u1ea1i Havamall. V\u1edbi uy t\u00edn l\u00e0 \u0111\u01a1n v\u1ecb chuy\u00ean cung c\u1ea5p c\u00e1c m\u1eb7t h\u00e0ng nh\u1eadp kh\u1ea9u v\u00e0 nguy\u00ean li\u1ec7u pha ch\u1ebf h\u00e0ng \u0111\u1ea7u, Havamall lu\u00f4n cam k\u1ebft h\u00e0ng ch\u00ednh h\u00e3ng, gi\u00fap ng\u01b0\u1eddi mua ho\u00e0n to\u00e0n y\u00ean t\u00e2m v\u1ec1 ch\u1ea5t l\u01b0\u1ee3ng v\u00e0 \u0111\u1ed9 an to\u00e0n c\u1ee7a s\u1ea3n ph\u1ea9m trong t\u1eebng b\u1eefa \u0103n, ly n\u01b0\u1edbc c\u1ee7a gia \u0111\u00ecnh.<\/p>","protected":false},"excerpt":{"rendered":"<p>TH\u00d4NG TIN S\u1ea2N PH\u1ea8M Th\u01b0\u01a1ng hi\u1ec7u Daka Xu\u1ea5t x\u1ee9 Vi\u1ec7t Nam Th\u00e0nh ph\u1ea7n N\u01b0\u1edbc, nh\u00e2n c\u1ee7 n\u0103ng t\u01b0\u01a1i (60%), \u0111\u01b0\u1eddng<\/p>","protected":false},"featured_media":45201,"comment_status":"open","ping_status":"closed","template":"","meta":[],"product_brand":[],"product_cat":[677,131,135],"product_tag":[],"class_list":{"0":"post-45200","1":"product","2":"type-product","3":"status-publish","4":"has-post-thumbnail","6":"product_cat-cac-nuoc-khac","7":"product_cat-nguyen-lieu-lam-bep","8":"product_cat-sua-do-uong","10":"first","11":"instock","12":"sale","13":"shipping-taxable","14":"purchasable","15":"product-type-simple"},"_links":{"self":[{"href":"https:\/\/havamall.vn\/en\/wp-json\/wp\/v2\/product\/45200"}],"collection":[{"href":"https:\/\/havamall.vn\/en\/wp-json\/wp\/v2\/product"}],"about":[{"href":"https:\/\/havamall.vn\/en\/wp-json\/wp\/v2\/types\/product"}],"replies":[{"embeddable":true,"href":"https:\/\/havamall.vn\/en\/wp-json\/wp\/v2\/comments?post=45200"}],"version-history":[{"count":2,"href":"https:\/\/havamall.vn\/en\/wp-json\/wp\/v2\/product\/45200\/revisions"}],"predecessor-version":[{"id":45205,"href":"https:\/\/havamall.vn\/en\/wp-json\/wp\/v2\/product\/45200\/revisions\/45205"}],"wp:featuredmedia":[{"embeddable":true,"href":"https:\/\/havamall.vn\/en\/wp-json\/wp\/v2\/media\/45201"}],"wp:attachment":[{"href":"https:\/\/havamall.vn\/en\/wp-json\/wp\/v2\/media?parent=45200"}],"wp:term":[{"taxonomy":"product_brand","embeddable":true,"href":"https:\/\/havamall.vn\/en\/wp-json\/wp\/v2\/product_brand?post=45200"},{"taxonomy":"product_cat","embeddable":true,"href":"https:\/\/havamall.vn\/en\/wp-json\/wp\/v2\/product_cat?post=45200"},{"taxonomy":"product_tag","embeddable":true,"href":"https:\/\/havamall.vn\/en\/wp-json\/wp\/v2\/product_tag?post=45200"}],"curies":[{"name":"wp","href":"https:\/\/api.w.org\/{rel}","templated":true}]}}