{"id":4518,"date":"2018-06-05T15:46:23","date_gmt":"2018-06-05T08:46:23","guid":{"rendered":"https:\/\/havamall.vn\/?post_type=product&#038;p=4518"},"modified":"2021-03-04T17:17:54","modified_gmt":"2021-03-04T10:17:54","slug":"bo-dao-kuhn-rikon-13-piece-knife-and-snips","status":"publish","type":"product","link":"https:\/\/havamall.vn\/en\/shop\/bo-dao-kuhn-rikon-13-piece-knife-and-snips\/","title":{"rendered":"B\u1ed9 dao Kuhn Rikon 13-Piece Knife and Snips"},"content":{"rendered":"<div class=\"description\">\n<section class=\"product-spectification\">\n<div class=\"spec-row\">\n<div class=\"s-value\"><\/div>\n<table class=\"table table-striped-odd specification\">\n<tbody>\n<tr>\n<th class=\"display-name\" colspan=\"1\" rowspan=\"1\">Material<\/th>\n<td colspan=\"1\" rowspan=\"1\">Stainless Steel<\/td>\n<\/tr>\n<tr>\n<th class=\"display-name\" colspan=\"1\" rowspan=\"1\">Brand<\/th>\n<td colspan=\"1\" rowspan=\"1\">\n<div>Kuhn Rikon<\/div>\n<\/td>\n<\/tr>\n<tr>\n<th class=\"display-name\" colspan=\"1\" rowspan=\"1\">Color<\/th>\n<td colspan=\"1\" rowspan=\"1\">\n<div>Multicolor<\/div>\n<\/td>\n<\/tr>\n<tr>\n<th class=\"display-name\" colspan=\"1\" rowspan=\"1\">Model<\/th>\n<td colspan=\"1\" rowspan=\"1\">13-piece cutlery set + snips<\/td>\n<\/tr>\n<tr>\n<th class=\"display-name\" colspan=\"1\" rowspan=\"1\">Assembled Product Weight<\/th>\n<td colspan=\"1\" rowspan=\"1\">\n<div>3.95 Pounds<\/div>\n<\/td>\n<\/tr>\n<tr>\n<th class=\"display-name\" colspan=\"1\" rowspan=\"1\">Assembled Product Dimensions (L x W x H)<\/th>\n<td colspan=\"1\" rowspan=\"1\">\n<div>18.00 x 4.00 x 24.00 Inches<\/div>\n<\/td>\n<\/tr>\n<\/tbody>\n<\/table>\n<h3><\/h3>\n<blockquote><p><span class=\"notranslate\">Kuhn Rikon 13-Piece Colori l\u00e0 B\u1ed9 dao k\u00e9o bao g\u1ed3m dao b\u00e1nh m\u00ec, dao c\u1ee7a \u0111\u1ea7u b\u1ebfp, dao santoku l\u1edbn, dao ti\u1ec7n \u00edch, dao g\u1ecdt, dao g\u1ecdt c\u00f3 r\u0103ng c\u01b0a v\u00e0 dao c\u1ed5 \u0111i\u1ec3n.<\/span><\/p>\n<ul>\n<li><span class=\"notranslate\">Dao b\u00e1nh m\u00ec, c\u00f3 tay n\u1eafm ch\u1eafc ch\u1eafn v\u00e0 l\u01b0\u1ee1i c\u01b0a r\u0103ng c\u01b0a, gi\u00fap c\u1eaft l\u00e1t b\u00e1nh m\u00ec v\u00e0 c\u00e0 chua d\u1ec5 d\u00e0ng.<\/span><\/li>\n<li><span class=\"notranslate\">Dao c\u1ee7a \u0111\u1ea7u b\u1ebfp r\u1ea5t linh ho\u1ea1t v\u00e0 ho\u00e0n h\u1ea3o cho vi\u1ec7c c\u1eaft, th\u00e1i nh\u1ecf v\u00e0 b\u0103m nh\u1ecf.<\/span><\/li>\n<li><span class=\"notranslate\">M\u1ed9t con dao ki\u1ec3u Nh\u1eadt n\u1ed5i ti\u1ebfng l\u00e0 con dao santoku l\u1edbn l\u00e0 tuy\u1ec7t v\u1eddi \u0111\u1ec3 c\u1eaft v\u00e0 c\u1eaft tr\u00e1i c\u00e2y, th\u1ecbt v\u00e0 rau.<\/span><\/li>\n<li><span class=\"notranslate\">Con dao ti\u1ec7n \u00edch r\u1ea5t h\u1eefu \u00edch cho vi\u1ec7c kh\u1eed th\u1ecbt, <\/span><\/li>\n<li><span class=\"notranslate\">Dao g\u1ecdt l\u00e0 l\u00fd t\u01b0\u1edfng \u0111\u1ec3 c\u1eaft ph\u00f4 mai, c\u1eaft rau ho\u1eb7c l\u1ed9t m\u1ed9t qu\u1ea3 t\u00e1o <\/span><\/li>\n<li><span class=\"notranslate\">Dao g\u1ecdt r\u0103ng c\u01b0a l\u00e0 r\u1ea5t t\u1ed1t \u0111\u1ec3 d\u1ec5 d\u00e0ng c\u1eaft b\u00e1nh m\u00ec v\u00e0 c\u00e1c lo\u1ea1i tr\u00e1i c\u00e2y m\u1ec1m kh\u00e1c.<\/span><\/li>\n<\/ul>\n<p><span class=\"notranslate\">Nh\u1eefng con dao Colori +, \u0111\u01b0\u1ee3c l\u00e0m t\u1eeb th\u00e9p kh\u00f4ng g\u1ec9 c\u1ee7a Nh\u1eadt B\u1ea3n, l\u00e0 si\u00eau s\u1eafc n\u00e9t v\u00e0 c\u00f3 l\u1edbp ph\u1ee7 kh\u00f4ng d\u00ednh silicon d\u1ef1a tr\u00ean \u0111\u1ea3m b\u1ea3o th\u1ef1c ph\u1ea9m d\u1ec5 d\u00e0ng kh\u00f4ng d\u00ednh kh\u1ecfi l\u01b0\u1ee1i dao.<\/span>\u00a0<span class=\"notranslate\">M\u1ed7i con dao c\u0169ng \u0111i k\u00e8m v\u1edbi m\u1ed9t v\u1ecf b\u1ecdc an to\u00e0n.<\/span>\u00a0<span class=\"notranslate\">Thi\u1ebft k\u1ebf ti\u1ec7n d\u1ee5ng, \u0111\u01b0\u1ee3c l\u00e0m l\u00f2 xo gi\u00fap d\u1ec5 d\u00e0ng c\u1ea7m n\u1eafm, c\u1eaft d\u1ec5 d\u00e0ng v\u00e0 s\u1eed d\u1ee5ng tay ph\u1ea3i ho\u1eb7c tay tr\u00e1i.<\/span><\/p><\/blockquote>\n<p><span class=\"notranslate\">Dao Kuhn Rikon 13 m\u1ea3nh bao g\u1ed3m:\u00a0 + Dao k\u00e9o Set, Multicolor &#8211; 6 Dao, 6 v\u1ecf, 1 k\u00e9o Snips b\u1eb1ng Th\u00e9p kh\u00f4ng g\u1ec9 Nh\u1eadt B\u1ea3n<\/span><span class=\"notranslate\"><strong>\u00a0<\/strong><\/span><\/p>\n<div id=\"gallery-1\" class=\"gallery galleryid-4872 gallery-columns-4 gallery-size-thumbnail\">\n<figure class=\"gallery-item\">\n<div class=\"gallery-icon landscape\"><a href=\"https:\/\/translate.googleusercontent.com\/translate_c?depth=1&amp;rurl=translate.google.com.vn&amp;sl=auto&amp;sp=nmt4&amp;tl=vi&amp;u=http:\/\/knifesets.lsiecosystem.org\/kuhn-rikon-13-piece-knife-and-snips-colori-cutlery-set-multicolor-6-knives-6-knife-sheaths-1-snips-japanese-stainless-steel-everything-you-need-to-cut-chop-and-trim-offers\/kuhn-rikon-13-piece-knife-and-snips-colori-cutlery-set-multicolor-6-knives-6-knife-sheaths-1-snips-japanese-stainless-steel-everything-you-need-to-cut-chop-and-trim-photo-2\/&amp;xid=17259,15700023,15700124,15700149,15700168,15700173,15700186,15700190,15700201&amp;usg=ALkJrhgjMpzOh_HArVAR-QgzFBMrwYtdiQ\" target=\"_blank\" rel=\"noopener\"><img decoding=\"async\" class=\"attachment-thumbnail size-thumbnail\" src=\"https:\/\/havamall.vn\/wp-content\/uploads\/2018\/06\/kuhn-rikon-13-piece-knife-and-snips-colori-cutlery-set-multicolor-6-knives-6-knife-sheaths-1-snips-japanese-stainless-steel-everything-you-need-to-cut-chop-and-trim-photo-2-150x150.jpg\" alt=\"\" width=\"150\" height=\"150\" \/><\/a><\/div>\n<\/figure>\n<figure class=\"gallery-item\">\n<div class=\"gallery-icon landscape\"><a href=\"https:\/\/translate.googleusercontent.com\/translate_c?depth=1&amp;rurl=translate.google.com.vn&amp;sl=auto&amp;sp=nmt4&amp;tl=vi&amp;u=http:\/\/knifesets.lsiecosystem.org\/kuhn-rikon-13-piece-knife-and-snips-colori-cutlery-set-multicolor-6-knives-6-knife-sheaths-1-snips-japanese-stainless-steel-everything-you-need-to-cut-chop-and-trim-offers\/kuhn-rikon-13-piece-knife-and-snips-colori-cutlery-set-multicolor-6-knives-6-knife-sheaths-1-snips-japanese-stainless-steel-everything-you-need-to-cut-chop-and-trim-foto-5\/&amp;xid=17259,15700023,15700124,15700149,15700168,15700173,15700186,15700190,15700201&amp;usg=ALkJrhgiI9n5HH676UB8iYNmX-1K3k5dWA\" target=\"_blank\" rel=\"noopener\"><img decoding=\"async\" class=\"attachment-thumbnail size-thumbnail\" src=\"https:\/\/havamall.vn\/wp-content\/uploads\/2018\/06\/kuhn-rikon-13-piece-knife-and-snips-colori-cutlery-set-multicolor-6-knives-6-knife-sheaths-1-snips-japanese-stainless-steel-everything-you-need-to-cut-chop-and-trim-foto-5-150x150.jpg\" alt=\"\" width=\"150\" height=\"150\" \/><\/a><\/div>\n<\/figure>\n<figure class=\"gallery-item\">\n<div class=\"gallery-icon landscape\"><a href=\"https:\/\/translate.googleusercontent.com\/translate_c?depth=1&amp;rurl=translate.google.com.vn&amp;sl=auto&amp;sp=nmt4&amp;tl=vi&amp;u=http:\/\/knifesets.lsiecosystem.org\/kuhn-rikon-13-piece-knife-and-snips-colori-cutlery-set-multicolor-6-knives-6-knife-sheaths-1-snips-japanese-stainless-steel-everything-you-need-to-cut-chop-and-trim-offers\/kuhn-rikon-13-piece-knife-and-snips-colori-cutlery-set-multicolor-6-knives-6-knife-sheaths-1-snips-japanese-stainless-steel-everything-you-need-to-cut-chop-and-trim-picture-3\/&amp;xid=17259,15700023,15700124,15700149,15700168,15700173,15700186,15700190,15700201&amp;usg=ALkJrhiA42IYN1M1k-PpeeMfZEg8oZq9Qw\" target=\"_blank\" rel=\"noopener\"><img decoding=\"async\" class=\"attachment-thumbnail size-thumbnail\" src=\"https:\/\/havamall.vn\/wp-content\/uploads\/2018\/06\/kuhn-rikon-13-piece-knife-and-snips-colori-cutlery-set-multicolor-6-knives-6-knife-sheaths-1-snips-japanese-stainless-steel-everything-you-need-to-cut-chop-and-trim-picture-3-150x150.jpg\" alt=\"\" width=\"150\" height=\"150\" \/><\/a><\/div>\n<\/figure>\n<figure class=\"gallery-item\">\n<div class=\"gallery-icon landscape\"><a href=\"https:\/\/translate.googleusercontent.com\/translate_c?depth=1&amp;rurl=translate.google.com.vn&amp;sl=auto&amp;sp=nmt4&amp;tl=vi&amp;u=http:\/\/knifesets.lsiecosystem.org\/kuhn-rikon-13-piece-knife-and-snips-colori-cutlery-set-multicolor-6-knives-6-knife-sheaths-1-snips-japanese-stainless-steel-everything-you-need-to-cut-chop-and-trim-offers\/kuhn-rikon-13-piece-knife-and-snips-colori-cutlery-set-multicolor-6-knives-6-knife-sheaths-1-snips-japanese-stainless-steel-everything-you-need-to-cut-chop-and-trim-foto-6\/&amp;xid=17259,15700023,15700124,15700149,15700168,15700173,15700186,15700190,15700201&amp;usg=ALkJrhhVD0Oe6eQwxZWSPtBsDtiirFIEww\" target=\"_blank\" rel=\"noopener\"><img loading=\"lazy\" decoding=\"async\" class=\"attachment-thumbnail size-thumbnail\" src=\"https:\/\/havamall.vn\/wp-content\/uploads\/2018\/06\/kuhn-rikon-13-piece-knife-and-snips-colori-cutlery-set-multicolor-6-knives-6-knife-sheaths-1-snips-japanese-stainless-steel-everything-you-need-to-cut-chop-and-trim-foto-6-150x150.jpg\" alt=\"\" width=\"150\" height=\"150\" \/><\/a><\/div>\n<\/figure>\n<figure class=\"gallery-item\">\n<div class=\"gallery-icon landscape\"><a href=\"https:\/\/translate.googleusercontent.com\/translate_c?depth=1&amp;rurl=translate.google.com.vn&amp;sl=auto&amp;sp=nmt4&amp;tl=vi&amp;u=http:\/\/knifesets.lsiecosystem.org\/kuhn-rikon-13-piece-knife-and-snips-colori-cutlery-set-multicolor-6-knives-6-knife-sheaths-1-snips-japanese-stainless-steel-everything-you-need-to-cut-chop-and-trim-offers\/kuhn-rikon-13-piece-knife-and-snips-colori-cutlery-set-multicolor-6-knives-6-knife-sheaths-1-snips-japanese-stainless-steel-everything-you-need-to-cut-chop-and-trim-pictures-8\/&amp;xid=17259,15700023,15700124,15700149,15700168,15700173,15700186,15700190,15700201&amp;usg=ALkJrhgNfL8qAGHjDNofX2Hlxh-Ef65nyQ\" target=\"_blank\" rel=\"noopener\"><img loading=\"lazy\" decoding=\"async\" class=\"attachment-thumbnail size-thumbnail\" src=\"https:\/\/havamall.vn\/wp-content\/uploads\/2018\/06\/kuhn-rikon-13-piece-knife-and-snips-colori-cutlery-set-multicolor-6-knives-6-knife-sheaths-1-snips-japanese-stainless-steel-everything-you-need-to-cut-chop-and-trim-pictures-8-150x150.jpg\" alt=\"\" width=\"150\" height=\"150\" \/><\/a><\/div>\n<\/figure>\n<figure class=\"gallery-item\">\n<div class=\"gallery-icon landscape\"><a href=\"https:\/\/translate.googleusercontent.com\/translate_c?depth=1&amp;rurl=translate.google.com.vn&amp;sl=auto&amp;sp=nmt4&amp;tl=vi&amp;u=http:\/\/knifesets.lsiecosystem.org\/kuhn-rikon-13-piece-knife-and-snips-colori-cutlery-set-multicolor-6-knives-6-knife-sheaths-1-snips-japanese-stainless-steel-everything-you-need-to-cut-chop-and-trim-offers\/kuhn-rikon-13-piece-knife-and-snips-colori-cutlery-set-multicolor-6-knives-6-knife-sheaths-1-snips-japanese-stainless-steel-everything-you-need-to-cut-chop-and-trim-picture-7\/&amp;xid=17259,15700023,15700124,15700149,15700168,15700173,15700186,15700190,15700201&amp;usg=ALkJrhgo9Uf19Cew247ZaTyKBqG9n6uzOg\" target=\"_blank\" rel=\"noopener\"><img loading=\"lazy\" decoding=\"async\" class=\"attachment-thumbnail size-thumbnail\" src=\"https:\/\/havamall.vn\/wp-content\/uploads\/2018\/06\/kuhn-rikon-13-piece-knife-and-snips-colori-cutlery-set-multicolor-6-knives-6-knife-sheaths-1-snips-japanese-stainless-steel-everything-you-need-to-cut-chop-and-trim-picture-7-150x150.jpg\" alt=\"\" width=\"150\" height=\"150\" \/><\/a><\/div>\n<\/figure>\n<figure class=\"gallery-item\">\n<div class=\"gallery-icon landscape\"><a href=\"https:\/\/translate.googleusercontent.com\/translate_c?depth=1&amp;rurl=translate.google.com.vn&amp;sl=auto&amp;sp=nmt4&amp;tl=vi&amp;u=http:\/\/knifesets.lsiecosystem.org\/kuhn-rikon-13-piece-knife-and-snips-colori-cutlery-set-multicolor-6-knives-6-knife-sheaths-1-snips-japanese-stainless-steel-everything-you-need-to-cut-chop-and-trim-offers\/kuhn-rikon-13-piece-knife-and-snips-colori-cutlery-set-multicolor-6-knives-6-knife-sheaths-1-snips-japanese-stainless-steel-everything-you-need-to-cut-chop-and-trim-foto-4\/&amp;xid=17259,15700023,15700124,15700149,15700168,15700173,15700186,15700190,15700201&amp;usg=ALkJrhhqsu4GOPU675kloKF5DWR-YeBG_A\" target=\"_blank\" rel=\"noopener\"><img loading=\"lazy\" decoding=\"async\" class=\"attachment-thumbnail size-thumbnail\" src=\"https:\/\/havamall.vn\/wp-content\/uploads\/2018\/06\/kuhn-rikon-13-piece-knife-and-snips-colori-cutlery-set-multicolor-6-knives-6-knife-sheaths-1-snips-japanese-stainless-steel-everything-you-need-to-cut-chop-and-trim-foto-4-150x150.jpg\" alt=\"\" width=\"150\" height=\"150\" \/><\/a><\/div>\n<\/figure>\n<figure class=\"gallery-item\">\n<div class=\"gallery-icon landscape\"><a href=\"https:\/\/translate.googleusercontent.com\/translate_c?depth=1&amp;rurl=translate.google.com.vn&amp;sl=auto&amp;sp=nmt4&amp;tl=vi&amp;u=http:\/\/knifesets.lsiecosystem.org\/kuhn-rikon-13-piece-knife-and-snips-colori-cutlery-set-multicolor-6-knives-6-knife-sheaths-1-snips-japanese-stainless-steel-everything-you-need-to-cut-chop-and-trim-offers\/kuhn-rikon-13-piece-knife-and-snips-colori-cutlery-set-multicolor-6-knives-6-knife-sheaths-1-snips-japanese-stainless-steel-everything-you-need-to-cut-chop-and-trim-pictures-1\/&amp;xid=17259,15700023,15700124,15700149,15700168,15700173,15700186,15700190,15700201&amp;usg=ALkJrhjz0lY9VVFLL84TUiSztq7c50dEYg\" target=\"_blank\" rel=\"noopener\"><img loading=\"lazy\" decoding=\"async\" class=\"attachment-thumbnail size-thumbnail\" src=\"https:\/\/havamall.vn\/wp-content\/uploads\/2018\/06\/kuhn-rikon-13-piece-knife-and-snips-colori-cutlery-set-multicolor-6-knives-6-knife-sheaths-1-snips-japanese-stainless-steel-everything-you-need-to-cut-chop-and-trim-pictures-1-150x150.jpg\" alt=\"\" width=\"150\" height=\"150\" \/><\/a><\/div>\n<\/figure>\n<\/div>\n<\/div>\n<\/section>\n<\/div>","protected":false},"excerpt":{"rendered":"<p><span class=\"notranslate\">Nh\u1eefng con dao Colori +, \u0111\u01b0\u1ee3c l\u00e0m t\u1eeb th\u00e9p kh\u00f4ng g\u1ec9 c\u1ee7a Nh\u1eadt B\u1ea3n, l\u00e0 si\u00eau s\u1eafc n\u00e9t v\u00e0 c\u00f3 l\u1edbp ph\u1ee7 kh\u00f4ng d\u00ednh silicon d\u1ef1a tr\u00ean \u0111\u1ea3m b\u1ea3o th\u1ef1c ph\u1ea9m d\u1ec5 d\u00e0ng kh\u00f4ng d\u00ednh kh\u1ecfi l\u01b0\u1ee1i dao.<\/span>\u00a0<span class=\"notranslate\">M\u1ed7i con dao c\u0169ng \u0111i k\u00e8m v\u1edbi m\u1ed9t v\u1ecf b\u1ecdc an to\u00e0n.<\/span>\u00a0<span class=\"notranslate\">Thi\u1ebft k\u1ebf ti\u1ec7n d\u1ee5ng, \u0111\u01b0\u1ee3c l\u00e0m l\u00f2 xo gi\u00fap d\u1ec5 d\u00e0ng c\u1ea7m n\u1eafm, c\u1eaft d\u1ec5 d\u00e0ng v\u00e0 s\u1eed d\u1ee5ng tay ph\u1ea3i ho\u1eb7c tay tr\u00e1i<\/span><\/p>","protected":false},"featured_media":4519,"comment_status":"open","ping_status":"closed","template":"","meta":[],"product_brand":[],"product_cat":[393,35],"product_tag":[],"class_list":{"0":"post-4518","1":"product","2":"type-product","3":"status-publish","4":"has-post-thumbnail","6":"product_cat-bep-phong-an","7":"product_cat-nha-cua-doi-song","9":"first","10":"outofstock","11":"sale","12":"shipping-taxable","13":"purchasable","14":"product-type-simple"},"_links":{"self":[{"href":"https:\/\/havamall.vn\/en\/wp-json\/wp\/v2\/product\/4518"}],"collection":[{"href":"https:\/\/havamall.vn\/en\/wp-json\/wp\/v2\/product"}],"about":[{"href":"https:\/\/havamall.vn\/en\/wp-json\/wp\/v2\/types\/product"}],"replies":[{"embeddable":true,"href":"https:\/\/havamall.vn\/en\/wp-json\/wp\/v2\/comments?post=4518"}],"version-history":[{"count":0,"href":"https:\/\/havamall.vn\/en\/wp-json\/wp\/v2\/product\/4518\/revisions"}],"wp:featuredmedia":[{"embeddable":true,"href":"https:\/\/havamall.vn\/en\/wp-json\/wp\/v2\/media\/4519"}],"wp:attachment":[{"href":"https:\/\/havamall.vn\/en\/wp-json\/wp\/v2\/media?parent=4518"}],"wp:term":[{"taxonomy":"product_brand","embeddable":true,"href":"https:\/\/havamall.vn\/en\/wp-json\/wp\/v2\/product_brand?post=4518"},{"taxonomy":"product_cat","embeddable":true,"href":"https:\/\/havamall.vn\/en\/wp-json\/wp\/v2\/product_cat?post=4518"},{"taxonomy":"product_tag","embeddable":true,"href":"https:\/\/havamall.vn\/en\/wp-json\/wp\/v2\/product_tag?post=4518"}],"curies":[{"name":"wp","href":"https:\/\/api.w.org\/{rel}","templated":true}]}}