{"id":45164,"date":"2026-04-21T16:30:28","date_gmt":"2026-04-21T09:30:28","guid":{"rendered":"https:\/\/havamall.vn\/?post_type=product&#038;p=45164"},"modified":"2026-04-21T16:30:32","modified_gmt":"2026-04-21T09:30:32","slug":"ot-giot-le-ngam-chua-ngot-ristoris-793g-ristoris-sweet-and-sour-red-pepper-drops-793g","status":"publish","type":"product","link":"https:\/\/havamall.vn\/en\/shop\/ot-giot-le-ngam-chua-ngot-ristoris-793g-ristoris-sweet-and-sour-red-pepper-drops-793g\/","title":{"rendered":"\u1edat Gi\u1ecdt L\u1ec7 Ng\u00e2m Chua Ng\u1ecdt Ristoris 793g \u2013 Ristoris Sweet And Sour Red Pepper Drops 793g"},"content":{"rendered":"<h3 data-path-to-node=\"3\">TH\u00d4NG TIN S\u1ea2N PH\u1ea8M<\/h3>\n<div class=\"horizontal-scroll-wrapper\">\n<div class=\"table-block-component\">\n<div class=\"table-block has-export-button new-table-style is-at-scroll-start is-at-scroll-end\">\n<table data-path-to-node=\"4\">\n<tbody>\n<tr>\n<td><span data-path-to-node=\"4,1,0,0\"><b data-path-to-node=\"4,1,0,0\" data-index-in-node=\"0\">Th\u01b0\u01a1ng hi\u1ec7u<\/b><\/span><\/td>\n<td><span data-path-to-node=\"4,1,1,0\">Ristoris<\/span><\/td>\n<\/tr>\n<tr>\n<td><span data-path-to-node=\"4,2,0,0\"><b data-path-to-node=\"4,2,0,0\" data-index-in-node=\"0\">Xu\u1ea5t x\u1ee9<\/b><\/span><\/td>\n<td><span data-path-to-node=\"4,2,1,0\">\u00dd<\/span><\/td>\n<\/tr>\n<tr>\n<td><span data-path-to-node=\"4,3,0,0\"><b data-path-to-node=\"4,3,0,0\" data-index-in-node=\"0\">Th\u00e0nh ph\u1ea7n<\/b><\/span><\/td>\n<td><span data-path-to-node=\"4,3,1,0\">\u1edat \u0111\u1ecf (\u1edbt gi\u1ecdt l\u1ec7), n\u01b0\u1edbc, \u0111\u01b0\u1eddng, gi\u1ea5m r\u01b0\u1ee3u, mu\u1ed1i, ch\u1ea5t ch\u1ed1ng oxy h\u00f3a (axit ascorbic), ch\u1ea5t l\u00e0m r\u1eafn ch\u1eafc (canxi clorua)<\/span><\/td>\n<\/tr>\n<tr>\n<td><span data-path-to-node=\"4,4,0,0\"><b data-path-to-node=\"4,4,0,0\" data-index-in-node=\"0\">H\u1ea1n s\u1eed d\u1ee5ng<\/b><\/span><\/td>\n<td><span data-path-to-node=\"4,4,1,0\">36 th\u00e1ng k\u1ec3 t\u1eeb ng\u00e0y s\u1ea3n xu\u1ea5t<\/span><\/td>\n<\/tr>\n<tr>\n<td><span data-path-to-node=\"4,5,0,0\"><b data-path-to-node=\"4,5,0,0\" data-index-in-node=\"0\">B\u1ea3o qu\u1ea3n<\/b><\/span><\/td>\n<td><span data-path-to-node=\"4,5,1,0\">N\u01a1i kh\u00f4 r\u00e1o, tho\u00e1ng m\u00e1t. Sau khi m\u1edf n\u1eafp, b\u1ea3o qu\u1ea3n trong ng\u0103n m\u00e1t t\u1ee7 l\u1ea1nh v\u00e0 s\u1eed d\u1ee5ng trong v\u00f2ng v\u00e0i ng\u00e0y<\/span><\/td>\n<\/tr>\n<tr>\n<td><span data-path-to-node=\"4,6,0,0\"><b data-path-to-node=\"4,6,0,0\" data-index-in-node=\"0\">Kh\u1ed1i l\u01b0\u1ee3ng<\/b><\/span><\/td>\n<td><span data-path-to-node=\"4,6,1,0\">793g (Kh\u1ed1i l\u01b0\u1ee3ng t\u1ecbnh sau khi tr\u00fat n\u01b0\u1edbc: 325g)<\/span><\/td>\n<\/tr>\n<\/tbody>\n<\/table>\n<p>\u1edat gi\u1ecdt l\u1ec7, hay c\u00f2n \u0111\u01b0\u1ee3c gi\u1edbi \u0111\u1ea7u b\u1ebfp g\u1ecdi v\u1edbi c\u00e1i t\u00ean m\u1ef9 mi\u1ec1u &#8220;Gocce di Peperoni&#8221;, l\u00e0 m\u1ed9t lo\u1ea1i \u1edbt \u0111\u1eb7c bi\u1ec7t c\u00f3 ngu\u1ed3n g\u1ed1c t\u1eeb v\u00f9ng r\u1eebng nhi\u1ec7t \u0111\u1edbi Nam M\u1ef9, h\u00ecnh d\u00e1ng \u0111\u1ed9c nh\u1ea5t v\u00f4 nh\u1ecb: tr\u00f2n tr\u1ecba \u1edf ph\u1ea7n th\u00e2n v\u00e0 thon d\u00e0i nh\u1ecdn ho\u1eaft \u1edf ph\u1ea7n \u0111u\u00f4i, t\u1ef1a nh\u01b0 nh\u1eefng gi\u1ecdt n\u01b0\u1edbc \u0111ang r\u01a1i. Nh\u1eefng qu\u1ea3 \u1edbt khi \u0111\u1ea1t \u0111\u1ebfn \u0111\u1ed9 ch\u00edn \u0111\u1ecf ho\u00e0n h\u1ea3o, mang m\u00e0u s\u1eafc r\u1ef1c r\u1ee1 v\u00e0 c\u0103ng m\u1ecdng nh\u1ea5t, s\u1ebd \u0111\u01b0\u1ee3c thu ho\u1ea1ch v\u00e0 ng\u00e2m ngay v\u00e0o h\u1ed7n h\u1ee3p gi\u1ea5m \u0111\u01b0\u1eddng theo c\u00f4ng th\u1ee9c \u0111\u1ed9c quy\u1ec1n.<\/p>\n<p><img decoding=\"async\" src=\"https:\/\/havamall.vn\/wp-content\/uploads\/2026\/04\/ot-giot-le-ngam-chua-ngot-ristoris-793g-ristoris-sweet-and-sour-red-pepper-drops-793g.webp\" alt=\"\u1edat Gi\u1ecdt L\u1ec7 Ng\u00e2m Chua Ng\u1ecdt Ristoris 793g \u2013 Ristoris Sweet And Sour Red Pepper Drops 793g\"><\/p>\n<p>M\u1ed7i qu\u1ea3 \u1edbt gi\u1ecdt l\u1ec7 ch\u1ec9 nh\u1ecf b\u1eb1ng \u0111\u1ea7u ng\u00f3n tay, mang s\u1eafc \u0111\u1ecf th\u1eafm \u0111\u1eb7c tr\u01b0ng c\u1ee7a \u1edbt ch\u00edn nh\u01b0ng kh\u00f4ng h\u1ec1 c\u00f3 v\u1ecb cay n\u1ed3ng x\u00e9 l\u01b0\u1ee1i, ngay khi c\u1eafn nh\u1eb9, l\u1edbp v\u1ecf gi\u00f2n tan s\u1ebd v\u1ee1 ra, gi\u1ea3i ph\u00f3ng ph\u1ea7n n\u01b0\u1edbc ng\u00e2m chua ng\u1ecdt thanh tao b\u00ean trong, m\u1ed9t s\u1ef1 k\u1ebft h\u1ee3p ho\u00e0n m\u1ef9 gi\u1eefa v\u1ecb ng\u1ecdt l\u1ecbm c\u1ee7a th\u1ecbt qu\u1ea3 ch\u00edn m\u1ecdng v\u00e0 v\u1ecb chua d\u1ecbu t\u1eeb gi\u1ea5m r\u01b0\u1ee3u \u00dd cao c\u1ea5p, \u0111\u1ec3 l\u1ea1i m\u1ed9t h\u1eadu v\u1ecb thanh khi\u1ebft, s\u1ea3ng kho\u00e1i.<\/p>\n<p>\u1edat gi\u1ecdt l\u1ec7 ch\u1ee9a h\u00e0m l\u01b0\u1ee3ng Vitamin C \u0111\u00e1ng kinh ng\u1ea1c c\u00f9ng c\u00e1c ch\u1ea5t ch\u1ed1ng oxy h\u00f3a t\u1ef1 nhi\u00ean. Vi\u1ec7c b\u1ed5 sung lo\u1ea1i qu\u1ea3 n\u00e0y v\u00e0o th\u1ef1c \u0111\u01a1n h\u1eb1ng ng\u00e0y kh\u00f4ng ch\u1ec9 k\u00edch th\u00edch v\u1ecb gi\u00e1c, gi\u00fap ti\u00eau h\u00f3a t\u1ed1t h\u01a1n nh\u1edd n\u1ed3ng \u0111\u1ed9 axit nh\u1eb9 t\u1eeb gi\u1ea5m ng\u00e2m, m\u00e0 c\u00f2n mang l\u1ea1i nh\u1eefng l\u1ee3i \u00edch thi\u1ebft y\u1ebfu cho h\u1ec7 mi\u1ec5n d\u1ecbch v\u00e0 v\u1ebb \u0111\u1eb9p c\u1ee7a l\u00e0n da.<\/p>\n<p><img decoding=\"async\" src=\"https:\/\/havamall.vn\/wp-content\/uploads\/2026\/04\/ot-giot-le-ngam-chua-ngot-ristoris-793g-ristoris-sweet-and-sour-red-pepper-drops-793g-1.webp\" alt=\"\u1edat Gi\u1ecdt L\u1ec7 Ng\u00e2m Chua Ng\u1ecdt Ristoris 793g \u2013 Ristoris Sweet And Sour Red Pepper Drops 793g\"><\/p>\n<p data-path-to-node=\"11\">Trong c\u00e1c \u0111\u0129a Cold Cuts (th\u1ecbt ngu\u1ed9i v\u00e0 ph\u00f4 mai), nh\u1eefng qu\u1ea3 \u1edbt \u0111\u1ecf r\u1ef1c \u0111\u01b0\u1ee3c \u0111i\u1ec3m xuy\u1ebft gi\u1eefa c\u00e1c l\u00e1t \u0111\u00f9i l\u1ee3n mu\u1ed1i Prosciutto hay ph\u00f4 mai Brie tr\u1eafng mu\u1ed1t, t\u1ea1o n\u00ean m\u1ed9t s\u1ef1 t\u01b0\u01a1ng ph\u1ea3n m\u00e0u s\u1eafc tuy\u1ec7t \u0111\u1eb9p v\u00e0 gi\u00fap c\u00e2n b\u1eb1ng v\u1ecb b\u00e9o ng\u1eady c\u1ee7a th\u1ecbt m\u1ee1. \u0110\u1ed1i v\u1edbi c\u00e1c lo\u1ea1i salad hi\u1ec7n \u0111\u1ea1i, \u1edbt gi\u1ecdt l\u1ec7 \u0111\u00f3ng vai tr\u00f2 l\u00e0 \u0111i\u1ec3m nh\u1ea5n cu\u1ed1i c\u00f9ng. Ch\u1ec9 c\u1ea7n r\u1eafc m\u1ed9t n\u1eafm nh\u1ecf l\u00ean l\u1edbp rau ch\u00e2n v\u1ecbt hay c\u00e0 chua bi, m\u00f3n salad s\u1ebd ngay l\u1eadp t\u1ee9c c\u00f3 th\u00eam \u0111\u1ed9 gi\u00f2n s\u1ea7n s\u1eadt v\u00e0 v\u1ecb chua ng\u1ecdt k\u00edch th\u00edch v\u1ecb gi\u00e1c.<\/p>\n<p data-path-to-node=\"11\"><img decoding=\"async\" src=\"https:\/\/havamall.vn\/wp-content\/uploads\/2026\/04\/ot-giot-le-ngam-chua-ngot-ristoris-793g-ristoris-sweet-and-sour-red-pepper-drops-793g-2.webp\" alt=\"\u1edat Gi\u1ecdt L\u1ec7 Ng\u00e2m Chua Ng\u1ecdt Ristoris 793g \u2013 Ristoris Sweet And Sour Red Pepper Drops 793g\"><\/p>\n<p data-path-to-node=\"11\">Trong ngh\u1ec7 thu\u1eadt l\u00e0m b\u00e1nh m\u1eb7n ho\u1eb7c trang tr\u00ed Pizza, lo\u1ea1i \u1edbt n\u00e0y c\u0169ng \u0111\u01b0\u1ee3c \u01b0a chu\u1ed9ng nh\u1edd h\u00ecnh d\u00e1ng \u0111\u1ed9c \u0111\u00e1o. Khi \u0111\u1eb7t l\u00ean m\u1eb7t b\u00e1nh, ch\u00fang tr\u00f4ng nh\u01b0 nh\u1eefng vi\u00ean \u0111\u00e1 qu\u00fd t\u1ecfa s\u00e1ng, mang l\u1ea1i s\u1ef1 sang tr\u1ecdng v\u00e0 hi\u1ec7n \u0111\u1ea1i cho m\u00f3n \u0103n. \u2013 Ngo\u00e0i ra, n\u01b0\u1edbc ng\u00e2m \u1edbt c\u0169ng c\u00f3 th\u1ec3 \u0111\u01b0\u1ee3c t\u1eadn d\u1ee5ng \u0111\u1ec3 pha ch\u1ebf c\u00e1c lo\u1ea1i n\u01b0\u1edbc s\u1ed1t salad ho\u1eb7c l\u00e0m gia v\u1ecb cho c\u00e1c lo\u1ea1i cocktail \u0111\u1ed9c \u0111\u00e1o, mang \u0111\u1ebfn m\u00f9i h\u01b0\u01a1ng \u1edbt nh\u1eb9 nh\u00e0ng m\u00e0 kh\u00f4ng cay.<\/p>\n<p data-path-to-node=\"12\"><img decoding=\"async\" src=\"https:\/\/instagram.fsgn19-1.fna.fbcdn.net\/v\/t51.82787-15\/636667137_18074118491624706_5191023858471459343_n.jpg?stp=dst-jpg_e35_tt6&amp;_nc_cat=111&amp;ig_cache_key=MzgzNTA5MTU5MjczNDY5OTAzMw%3D%3D.3-ccb7-5&amp;ccb=7-5&amp;_nc_sid=58cdad&amp;efg=eyJ2ZW5jb2RlX3RhZyI6InhwaWRzLjE0NDB4MTkyMC5zZHIuQzMifQ%3D%3D&amp;_nc_ohc=0XIJCM99E3cQ7kNvwG_-RZU&amp;_nc_oc=AdoOadmq7meQvV_AXSF1FDwwd6T3O8UpH8vo0dulvNc-9Jfv0Hp-8JHQVgbYVBdIGueR4nCXTcc7tLQs1EmpPPVH&amp;_nc_ad=z-m&amp;_nc_cid=0&amp;_nc_zt=23&amp;_nc_ht=instagram.fsgn19-1.fna&amp;_nc_gid=q4GQSKw_vkyTgnqDc2znHg&amp;_nc_ss=7a32e&amp;oh=00_Af34bj-s3bYFGy8TXqtKEDkLB-7d2vXfV_Nt5C81zzjJLA&amp;oe=69ECD412\" alt=\"\u1edat Gi\u1ecdt L\u1ec7 Ng\u00e2m Chua Ng\u1ecdt Ristoris 793g \u2013 Ristoris Sweet And Sour Red Pepper Drops 793g\"><\/p>\n<p data-path-to-node=\"13\">\u1edat gi\u1ecdt l\u1ec7 ng\u00e2m chua ng\u1ecdt Ristoris hi\u1ec7n \u0111ang \u0111\u01b0\u1ee3c b\u00e1n t\u1ea1i Havamall, chuy\u00ean nh\u1eadp kh\u1ea9u v\u00e0 ph\u00e2n ph\u1ed1i c\u00e1c nguy\u00ean li\u1ec7u \u1ea9m th\u1ef1c cao c\u1ea5p nh\u1ea5t t\u1eeb \u00dd, cam k\u1ebft h\u00e0ng ch\u00ednh h\u00e3ng v\u1edbi ti\u00eau chu\u1ea9n ch\u1ea5t l\u01b0\u1ee3ng v\u01b0\u1ee3t tr\u1ed9i.<\/p>\n<\/div>\n<\/div>\n<\/div>","protected":false},"excerpt":{"rendered":"<p>TH\u00d4NG TIN S\u1ea2N PH\u1ea8M Th\u01b0\u01a1ng hi\u1ec7u Ristoris Xu\u1ea5t x\u1ee9 \u00dd Th\u00e0nh ph\u1ea7n \u1edat \u0111\u1ecf (\u1edbt gi\u1ecdt l\u1ec7), n\u01b0\u1edbc, \u0111\u01b0\u1eddng, gi\u1ea5m<\/p>","protected":false},"featured_media":45165,"comment_status":"open","ping_status":"closed","template":"","meta":[],"product_brand":[],"product_cat":[595,672,143],"product_tag":[],"class_list":{"0":"post-45164","1":"product","2":"type-product","3":"status-publish","4":"has-post-thumbnail","6":"product_cat-gia-vi-va-che-bien","7":"product_cat-nhap-khau-y","8":"product_cat-thuc-pham-dong-hop","10":"first","11":"instock","12":"sale","13":"shipping-taxable","14":"purchasable","15":"product-type-simple"},"_links":{"self":[{"href":"https:\/\/havamall.vn\/en\/wp-json\/wp\/v2\/product\/45164"}],"collection":[{"href":"https:\/\/havamall.vn\/en\/wp-json\/wp\/v2\/product"}],"about":[{"href":"https:\/\/havamall.vn\/en\/wp-json\/wp\/v2\/types\/product"}],"replies":[{"embeddable":true,"href":"https:\/\/havamall.vn\/en\/wp-json\/wp\/v2\/comments?post=45164"}],"version-history":[{"count":2,"href":"https:\/\/havamall.vn\/en\/wp-json\/wp\/v2\/product\/45164\/revisions"}],"predecessor-version":[{"id":45170,"href":"https:\/\/havamall.vn\/en\/wp-json\/wp\/v2\/product\/45164\/revisions\/45170"}],"wp:featuredmedia":[{"embeddable":true,"href":"https:\/\/havamall.vn\/en\/wp-json\/wp\/v2\/media\/45165"}],"wp:attachment":[{"href":"https:\/\/havamall.vn\/en\/wp-json\/wp\/v2\/media?parent=45164"}],"wp:term":[{"taxonomy":"product_brand","embeddable":true,"href":"https:\/\/havamall.vn\/en\/wp-json\/wp\/v2\/product_brand?post=45164"},{"taxonomy":"product_cat","embeddable":true,"href":"https:\/\/havamall.vn\/en\/wp-json\/wp\/v2\/product_cat?post=45164"},{"taxonomy":"product_tag","embeddable":true,"href":"https:\/\/havamall.vn\/en\/wp-json\/wp\/v2\/product_tag?post=45164"}],"curies":[{"name":"wp","href":"https:\/\/api.w.org\/{rel}","templated":true}]}}