{"id":45156,"date":"2026-04-21T10:06:30","date_gmt":"2026-04-21T03:06:30","guid":{"rendered":"https:\/\/havamall.vn\/?post_type=product&#038;p=45156"},"modified":"2026-04-21T10:06:36","modified_gmt":"2026-04-21T03:06:36","slug":"sot-nam-gan-bo-nam-thong-ristoris-790g-ristoris-porcini-sauce-790g","status":"publish","type":"product","link":"https:\/\/havamall.vn\/en\/shop\/sot-nam-gan-bo-nam-thong-ristoris-790g-ristoris-porcini-sauce-790g\/","title":{"rendered":"S\u1ed1t N\u1ea5m Gan B\u00f2 (N\u1ea5m Th\u00f4ng) Ristoris 790g \u2013 Ristoris Porcini Sauce 790g"},"content":{"rendered":"<h3 data-path-to-node=\"3\">TH\u00d4NG TIN S\u1ea2N PH\u1ea8M<\/h3>\n<div class=\"horizontal-scroll-wrapper\">\n<div class=\"table-block-component\">\n<div class=\"table-block has-export-button new-table-style is-at-scroll-start is-at-scroll-end\">\n<table style=\"width: 72.4878%\" data-path-to-node=\"4\">\n<tbody>\n<tr>\n<td style=\"width: 15.338%\">Th\u01b0\u01a1ng hi\u1ec7u<\/td>\n<td style=\"width: 83.7538%\"><span data-path-to-node=\"4,1,1,0\">Ristoris<\/span><\/td>\n<\/tr>\n<tr>\n<td style=\"width: 15.338%\">Xu\u1ea5t x\u1ee9<\/td>\n<td style=\"width: 83.7538%\"><span data-path-to-node=\"4,2,1,0\">\u00dd<\/span><\/td>\n<\/tr>\n<tr>\n<td style=\"width: 15.338%\">Th\u00e0nh ph\u1ea7n<\/td>\n<td style=\"width: 83.7538%\"><span data-path-to-node=\"4,3,1,0\">N\u1ea5m gan b\u00f2 (Boletus edulis v\u00e0 nh\u00f3m li\u00ean quan), d\u1ea7u h\u01b0\u1edbng d\u01b0\u01a1ng, mu\u1ed1i, h\u00e0nh, t\u1ecfi, h\u01b0\u01a1ng li\u1ec7u t\u1ef1 nhi\u00ean, chi\u1ebft xu\u1ea5t n\u1ea5m men<\/span><\/td>\n<\/tr>\n<tr>\n<td style=\"width: 15.338%\">H\u1ea1n s\u1eed d\u1ee5ng<\/td>\n<td style=\"width: 83.7538%\"><span data-path-to-node=\"4,4,1,0\">36 th\u00e1ng k\u1ec3 t\u1eeb ng\u00e0y s\u1ea3n xu\u1ea5t<\/span><\/td>\n<\/tr>\n<tr>\n<td style=\"width: 15.338%\">B\u1ea3o qu\u1ea3n<\/td>\n<td style=\"width: 83.7538%\"><span data-path-to-node=\"4,5,1,0\">N\u01a1i kh\u00f4 r\u00e1o, tho\u00e1ng m\u00e1t. Sau khi m\u1edf n\u1eafp, b\u1ea3o qu\u1ea3n trong ng\u0103n m\u00e1t t\u1ee7 l\u1ea1nh v\u00e0 s\u1eed d\u1ee5ng trong th\u1eddi gian ng\u1eafn<\/span><\/td>\n<\/tr>\n<tr>\n<td style=\"width: 15.338%\">Kh\u1ed1i l\u01b0\u1ee3ng<\/td>\n<td style=\"width: 83.7538%\"><span data-path-to-node=\"4,6,1,0\">790g<\/span><\/td>\n<\/tr>\n<\/tbody>\n<\/table>\n<p><em><strong>N\u1ea5m Porcini<\/strong><\/em>\u00a0\u2013 hay c\u00f2n \u0111\u01b0\u1ee3c g\u1ecdi l\u00e0\u00a0<em><strong>n\u1ea5m gan b\u00f2<\/strong><\/em>, kh\u00f4ng gi\u1ed1ng nh\u01b0 nh\u1eefng lo\u1ea1i n\u1ea5m th\u01b0\u1eddng th\u1ea5y, Porcini kh\u00f4ng th\u1ec3 nu\u00f4i tr\u1ed3ng c\u00f4ng nghi\u1ec7p tr\u00ean quy m\u00f4 l\u1edbn m\u00e0 ph\u1ea7n l\u1edbn v\u1eabn d\u1ef1a v\u00e0o s\u1ef1 \u01b0u \u00e1i c\u1ee7a m\u1eb9 thi\u00ean nhi\u00ean t\u1ea1i nh\u1eefng c\u00e1nh r\u1eebng gi\u00e0 \u00f4n \u0111\u1edbi \u1edf \u00dd. L\u1ecbch s\u1eed c\u1ee7a lo\u1ea1i n\u1ea5m n\u00e0y g\u1eafn li\u1ec1n v\u1edbi n\u1ec1n v\u0103n h\u00f3a \u1ea9m th\u1ef1c l\u00e2u \u0111\u1eddi c\u1ee7a ng\u01b0\u1eddi d\u00e2n v\u00f9ng Tuscany hay Piedmont, n\u01a1i nh\u1eefng th\u1ee3 s\u0103n n\u1ea5m l\u00e0nh ngh\u1ec1 c\u00f9ng nh\u1eefng ch\u00fa ch\u00f3 \u0111\u00e1nh h\u01a1i \u0111i s\u00e2u v\u00e0o r\u1eebng sau nh\u1eefng c\u01a1n m\u01b0a \u0111\u1ea7u m\u00f9a \u0111\u1ec3 t\u00ecm ki\u1ebfm nh\u1eefng b\u00fap n\u1ea5m n\u00e2u b\u00f3ng b\u1ea9y, m\u1eadp m\u1ea1p.<\/p>\n<p><img decoding=\"async\" src=\"https:\/\/havamall.vn\/wp-content\/uploads\/2026\/04\/sot-nam-gan-bo-nam-thong-ristoris-790g-ristoris-porcini-sauce-790g.webp\" alt=\"S\u1ed1t N\u1ea5m Gan B\u00f2 (N\u1ea5m Th\u00f4ng) Ristoris 790g \u2013 Ristoris Porcini Sauce 790g\"><\/p>\n<p data-path-to-node=\"8\">Quy tr\u00ecnh s\u1ea3n xu\u1ea5t b\u1eaft \u0111\u1ea7u ngay khi n\u1ea5m \u0111\u01b0\u1ee3c thu ho\u1ea1ch, l\u00e0m s\u1ea1ch v\u00e0 ch\u1ebf bi\u1ebfn theo ph\u01b0\u01a1ng th\u1ee9c truy\u1ec1n th\u1ed1ng \u0111\u1ec3 gi\u1eef l\u1ea1i tr\u1ecdn v\u1eb9n k\u1ebft c\u1ea5u th\u1ecbt n\u1ea5m d\u00e0y d\u1eb7n v\u00e0 h\u01b0\u01a1ng th\u01a1m \u0111\u1eb7c tr\u01b0ng kh\u00f4ng th\u1ec3 nh\u1ea7m l\u1eabn.\u00a0<em><strong>S\u1ed1t s\u1ec1n s\u1ec7t, m\u1ecbn m\u00e0ng<\/strong><\/em>\u00a0nh\u01b0ng v\u1eabn gi\u1eef \u0111\u01b0\u1ee3c nh\u1eefng m\u1ea3nh v\u1ee5n n\u1ea5m nh\u1ecf, mang l\u1ea1i c\u1ea3m gi\u00e1c ch\u00e2n th\u1ef1c khi th\u01b0\u1edfng th\u1ee9c.\u00a0<em>M\u00e0u n\u00e2u nh\u1ea1t<\/em>\u00a0nh\u00e3 nh\u1eb7n c\u1ee7a s\u1ed1t ch\u00ednh l\u00e0 m\u00e0u s\u1eafc t\u1ef1 nhi\u00ean t\u1eeb th\u1ecbt n\u1ea5m gan b\u00f2 khi \u0111\u01b0\u1ee3c n\u1ea5u ch\u00edn t\u1edbi c\u00f9ng c\u00e1c lo\u1ea1i gia v\u1ecb \u0111\u1eb7c tr\u01b0ng c\u1ee7a v\u00f9ng \u0110\u1ecba Trung H\u1ea3i. Mang m\u1ed9t s\u1ef1 k\u1ebft h\u1ee3p gi\u1eefa<em><strong>\u00a0m\u00f9i \u0111\u1ea5t \u1ea9m, m\u00f9i g\u1ed7<\/strong><\/em>\u00a0m\u1ee5c tinh t\u1ebf v\u00e0\u00a0<em><strong>v\u1ecb b\u00e9o ng\u1eady<\/strong><\/em>\u00a0nh\u01b0 h\u1ea1t d\u1ebb n\u01b0\u1edbng.<\/p>\n<p data-path-to-node=\"8\"><img decoding=\"async\" src=\"https:\/\/havamall.vn\/wp-content\/uploads\/2026\/04\/sot-nam-gan-bo-nam-thong-ristoris-790g-ristoris-porcini-sauce-790g-1.webp\" alt=\"S\u1ed1t N\u1ea5m Gan B\u00f2 (N\u1ea5m Th\u00f4ng) Ristoris 790g \u2013 Ristoris Porcini Sauce 790g\"><\/p>\n<p data-path-to-node=\"8\">V\u1ec1 m\u1eb7t dinh d\u01b0\u1ee1ng, n\u1ea5m Porcini l\u00e0 ngu\u1ed3n cung c\u1ea5p \u0111\u1ea1m th\u1ef1c v\u1eadt tuy\u1ec7t v\u1eddi,\u00a0<em><strong>gi\u00e0u ch\u1ea5t x\u01a1<\/strong>\u00a0<\/em>v\u00e0 c\u00e1c kho\u00e1ng ch\u1ea5t nh\u01b0<strong><em>\u00a0Kali, Selen.<\/em><\/strong>\u00a0\u0110\u1eb7c bi\u1ec7t, lo\u1ea1i n\u1ea5m n\u00e0y ch\u1ee9a h\u00e0m l\u01b0\u1ee3ng cao c\u00e1c ch\u1ea5t ch\u1ed1ng oxy h\u00f3a t\u1ef1 nhi\u00ean, gi\u00fap t\u0103ng c\u01b0\u1eddng s\u1ee9c \u0111\u1ec1 kh\u00e1ng v\u00e0 h\u1ed7 tr\u1ee3 s\u1ee9c kh\u1ecfe tim m\u1ea1ch.\u00a0M\u00f3n \u0103n kinh \u0111i\u1ec3n nh\u1ea5t ch\u00ednh l\u00e0\u00a0<strong><em>Risotto n\u1ea5m gan b\u00f2<\/em><\/strong>. Ch\u1ec9 c\u1ea7n th\u00eam v\u00e0i th\u00eca s\u1ed1t v\u00e0o c\u00f4ng \u0111o\u1ea1n cu\u1ed1i c\u00f9ng khi n\u1ea5u g\u1ea1o Arborio, t\u1eebng h\u1ea1t g\u1ea1o s\u1ebd \u0111\u01b0\u1ee3c bao b\u1ecdc b\u1edfi l\u1edbp s\u1ed1t b\u00e9o ng\u1eady, th\u1ea5m \u0111\u1eabm h\u01b0\u01a1ng r\u1eebng.\u00a0\u0110\u1ed1i v\u1edbi nh\u1eefng ng\u01b0\u1eddi y\u00eau th\u00edch m\u00ec \u00dd (Pasta), vi\u1ec7c h\u00f2a quy\u1ec7n s\u1ed1t n\u1ea5m c\u00f9ng m\u1ed9t ch\u00fat kem t\u01b0\u01a1i v\u00e0 ph\u00f4 mai Parmesan s\u1ebd t\u1ea1o ra m\u1ed9t lo\u1ea1i n\u01b0\u1edbc s\u1ed1t l\u00f4i cu\u1ed1n, b\u00e1m \u0111\u1ec1u tr\u00ean t\u1eebng s\u1ee3i m\u00ec d\u1eb9t Tagliatelle hay Pappardelle.<\/p>\n<p data-path-to-node=\"8\"><img decoding=\"async\" src=\"https:\/\/havamall.vn\/wp-content\/uploads\/2026\/04\/sot-nam-gan-bo-nam-thong-ristoris-790g-ristoris-porcini-sauce-790g-2.webp\" alt=\"S\u1ed1t N\u1ea5m Gan B\u00f2 (N\u1ea5m Th\u00f4ng) Ristoris 790g \u2013 Ristoris Porcini Sauce 790g\"><\/p>\n<p data-path-to-node=\"8\">S\u1ed1t c\u00f2n l\u00e0 ng\u01b0\u1eddi b\u1ea1n \u0111\u1ed3ng h\u00e0nh ho\u00e0n h\u1ea3o cho c\u00e1c m\u00f3n b\u00edt t\u1ebft b\u00f2 ho\u1eb7c \u1ee9c g\u00e0 \u00e1p ch\u1ea3o. M\u1ed9t ch\u00fat s\u1ed1t n\u1ea5m n\u00f3ng h\u1ed5i r\u01b0\u1edbi l\u00ean mi\u1ebfng th\u1ecbt v\u1eeba ch\u00edn t\u1edbi s\u1ebd t\u1ea1o n\u00ean m\u1ed9t s\u1ef1 b\u00f9ng n\u1ed5 h\u01b0\u01a1ng v\u1ecb, l\u00e0m n\u1ed5i b\u1eadt \u0111\u1ed9 ng\u1ecdt c\u1ee7a th\u1ecbt v\u00e0 v\u1ecb th\u01a1m c\u1ee7a n\u1ea5m. Trong c\u00e1c b\u1eefa ti\u1ec7c nh\u1eb9, vi\u1ec7c ph\u1ebft m\u1ed9t l\u1edbp s\u1ed1t m\u1ecfng l\u00ean nh\u1eefng mi\u1ebfng b\u00e1nh m\u00ec n\u01b0\u1edbng (Bruschetta) v\u00e0 trang tr\u00ed th\u00eam m\u1ed9t v\u00e0i l\u00e1 c\u1ecf x\u1ea1 h\u01b0\u01a1ng t\u01b0\u01a1i c\u0169ng \u0111\u1ee7 \u0111\u1ec3 t\u1ea1o n\u00ean m\u1ed9t m\u00f3n khai v\u1ecb \u0111\u1ea7y \u1ea5n t\u01b0\u1ee3ng.<\/p>\n<p data-path-to-node=\"8\"><img decoding=\"async\" src=\"https:\/\/havamall.vn\/wp-content\/uploads\/2026\/04\/sot-nam-gan-bo-nam-thong-ristoris-790g-ristoris-porcini-sauce-790g-3.webp\" alt=\"S\u1ed1t N\u1ea5m Gan B\u00f2 (N\u1ea5m Th\u00f4ng) Ristoris 790g \u2013 Ristoris Porcini Sauce 790g\"><\/p>\n<p data-path-to-node=\"8\">S\u1ed1t N\u1ea5m Gan B\u00f2 Ristoris hi\u1ec7n \u0111ang \u0111\u01b0\u1ee3c b\u00e1n t\u1ea1i Havamall, chuy\u00ean nh\u1eadp kh\u1ea9u v\u00e0 ph\u00e2n ph\u1ed1i c\u00e1c nguy\u00ean li\u1ec7u \u1ea9m th\u1ef1c cao c\u1ea5p, cam k\u1ebft h\u00e0ng ch\u00ednh h\u00e3ng v\u1edbi ti\u00eau chu\u1ea9n ch\u1ea5t l\u01b0\u1ee3ng qu\u1ed1c t\u1ebf kh\u1eaft khe nh\u1ea5t.<\/p>\n<\/div>\n<\/div>\n<\/div>","protected":false},"excerpt":{"rendered":"<p>TH\u00d4NG TIN S\u1ea2N PH\u1ea8M Th\u01b0\u01a1ng hi\u1ec7u Ristoris Xu\u1ea5t x\u1ee9 \u00dd Th\u00e0nh ph\u1ea7n N\u1ea5m gan b\u00f2 (Boletus edulis v\u00e0 nh\u00f3m li\u00ean<\/p>","protected":false},"featured_media":45157,"comment_status":"open","ping_status":"closed","template":"","meta":[],"product_brand":[],"product_cat":[672,154,143],"product_tag":[],"class_list":{"0":"post-45156","1":"product","2":"type-product","3":"status-publish","4":"has-post-thumbnail","6":"product_cat-nhap-khau-y","7":"product_cat-gia-vi","8":"product_cat-thuc-pham-dong-hop","10":"first","11":"instock","12":"sale","13":"shipping-taxable","14":"purchasable","15":"product-type-simple"},"_links":{"self":[{"href":"https:\/\/havamall.vn\/en\/wp-json\/wp\/v2\/product\/45156"}],"collection":[{"href":"https:\/\/havamall.vn\/en\/wp-json\/wp\/v2\/product"}],"about":[{"href":"https:\/\/havamall.vn\/en\/wp-json\/wp\/v2\/types\/product"}],"replies":[{"embeddable":true,"href":"https:\/\/havamall.vn\/en\/wp-json\/wp\/v2\/comments?post=45156"}],"version-history":[{"count":2,"href":"https:\/\/havamall.vn\/en\/wp-json\/wp\/v2\/product\/45156\/revisions"}],"predecessor-version":[{"id":45163,"href":"https:\/\/havamall.vn\/en\/wp-json\/wp\/v2\/product\/45156\/revisions\/45163"}],"wp:featuredmedia":[{"embeddable":true,"href":"https:\/\/havamall.vn\/en\/wp-json\/wp\/v2\/media\/45157"}],"wp:attachment":[{"href":"https:\/\/havamall.vn\/en\/wp-json\/wp\/v2\/media?parent=45156"}],"wp:term":[{"taxonomy":"product_brand","embeddable":true,"href":"https:\/\/havamall.vn\/en\/wp-json\/wp\/v2\/product_brand?post=45156"},{"taxonomy":"product_cat","embeddable":true,"href":"https:\/\/havamall.vn\/en\/wp-json\/wp\/v2\/product_cat?post=45156"},{"taxonomy":"product_tag","embeddable":true,"href":"https:\/\/havamall.vn\/en\/wp-json\/wp\/v2\/product_tag?post=45156"}],"curies":[{"name":"wp","href":"https:\/\/api.w.org\/{rel}","templated":true}]}}