{"id":45144,"date":"2026-04-20T11:13:46","date_gmt":"2026-04-20T04:13:46","guid":{"rendered":"https:\/\/havamall.vn\/?post_type=product&#038;p=45144"},"modified":"2026-04-20T11:13:49","modified_gmt":"2026-04-20T04:13:49","slug":"dau-o-liu-nguyen-chat-ep-lanh-masturzo-bianco-250ml-masturzo-bianco-extra-virgin-olive-oil-250ml","status":"publish","type":"product","link":"https:\/\/havamall.vn\/en\/shop\/dau-o-liu-nguyen-chat-ep-lanh-masturzo-bianco-250ml-masturzo-bianco-extra-virgin-olive-oil-250ml\/","title":{"rendered":"D\u1ea7u \u00d4 Liu Nguy\u00ean Ch\u1ea5t \u00c9p L\u1ea1nh Masturzo Bianco 250ml \u2013 Masturzo Bianco Extra Virgin Olive Oil 250ml"},"content":{"rendered":"<h3 data-path-to-node=\"3\">TH\u00d4NG TIN S\u1ea2N PH\u1ea8M<\/h3>\n<div class=\"horizontal-scroll-wrapper\">\n<div class=\"table-block-component\">\n<div class=\"table-block has-export-button new-table-style is-at-scroll-start is-at-scroll-end\">\n<table style=\"width: 41.7323%\" data-path-to-node=\"4\">\n<tbody>\n<tr>\n<td style=\"width: 26.8421%\">Th\u01b0\u01a1ng hi\u1ec7u<\/td>\n<td style=\"width: 71.7544%\"><span data-path-to-node=\"4,1,1,0\">Masturzo<\/span><\/td>\n<\/tr>\n<tr>\n<td style=\"width: 26.8421%\">Xu\u1ea5t x\u1ee9<\/td>\n<td style=\"width: 71.7544%\"><span data-path-to-node=\"4,2,1,0\">\u00dd (S\u1ea3n xu\u1ea5t t\u1eeb \u00f4 liu tr\u1ed3ng t\u1ea1i Hy L\u1ea1p v\u00e0 \u00dd)<\/span><\/td>\n<\/tr>\n<tr>\n<td style=\"width: 26.8421%\">Th\u00e0nh ph\u1ea7n<\/td>\n<td style=\"width: 71.7544%\"><span data-path-to-node=\"4,3,1,0\">100% d\u1ea7u \u00f4 liu nguy\u00ean ch\u1ea5t \u00e9p l\u1ea1nh (Extra Virgin Olive Oil)<\/span><\/td>\n<\/tr>\n<tr>\n<td style=\"width: 26.8421%\">H\u1ea1n s\u1eed d\u1ee5ng<\/td>\n<td style=\"width: 71.7544%\"><span data-path-to-node=\"4,4,1,0\">Xem tr\u00ean bao b\u00ec s\u1ea3n ph\u1ea9m<\/span><\/td>\n<\/tr>\n<tr>\n<td style=\"width: 26.8421%\">B\u1ea3o qu\u1ea3n<\/td>\n<td style=\"width: 71.7544%\"><span data-path-to-node=\"4,5,1,0\">N\u01a1i kh\u00f4 r\u00e1o, tho\u00e1ng m\u00e1t, tr\u00e1nh \u00e1nh n\u1eafng tr\u1ef1c ti\u1ebfp v\u00e0 nhi\u1ec7t \u0111\u1ed9 cao<\/span><\/td>\n<\/tr>\n<tr>\n<td style=\"width: 26.8421%\">Th\u1ec3 t\u00edch<\/td>\n<td style=\"width: 71.7544%\"><span data-path-to-node=\"4,6,1,0\">250ml<\/span><\/td>\n<\/tr>\n<\/tbody>\n<\/table>\n<p data-start=\"541\" data-end=\"930\">Nh\u1eefng tr\u00e1i \u00f4 liu \u0111\u01b0\u1ee3c thu ho\u1ea1ch khi c\u00f2n t\u01b0\u01a1i, sau \u0111\u00f3 nhanh ch\u00f3ng \u0111\u01b0a v\u00e0o quy tr\u00ecnh \u00e9p l\u1ea1nh \u201cEstratto a freddo\u201d v\u1edbi nhi\u1ec7t \u0111\u1ed9 lu\u00f4n \u0111\u01b0\u1ee3c ki\u1ec3m so\u00e1t nghi\u00eam ng\u1eb7t. Ch\u00ednh s\u1ef1 h\u1ea1n ch\u1ebf t\u1ed1i \u0111a t\u00e1c \u0111\u1ed9ng nhi\u1ec7t n\u00e0y gi\u00fap gi\u1eef l\u1ea1i g\u1ea7n nh\u01b0 nguy\u00ean v\u1eb9n h\u01b0\u01a1ng v\u1ecb t\u1ef1 nhi\u00ean c\u00f9ng c\u00e1c h\u1ee3p ch\u1ea5t dinh d\u01b0\u1ee1ng qu\u00fd gi\u00e1.<\/p>\n<p data-start=\"932\" data-end=\"1286\">\u0110i\u1ec3m \u0111\u1eb7c bi\u1ec7t c\u1ee7a Masturzo Bianco c\u00f2n n\u1eb1m \u1edf s\u1ef1 k\u1ebft h\u1ee3p nguy\u00ean li\u1ec7u t\u1eeb c\u1ea3 \u00dd v\u00e0 Hy L\u1ea1p \u2013 hai v\u00f9ng \u0111\u1ea5t \u0111\u01b0\u1ee3c xem l\u00e0 \u201ctr\u00e1i tim\u201d c\u1ee7a v\u0103n h\u00f3a \u00f4 liu \u0110\u1ecba Trung H\u1ea3i. M\u1ed7i khu v\u1ef1c mang \u0111\u1ebfn m\u1ed9t s\u1eafc th\u00e1i ri\u00eang: s\u1ef1 tr\u00f2n v\u1ecb, m\u1ec1m m\u1ea1i t\u1eeb \u00f4 liu \u00dd h\u00f2a quy\u1ec7n c\u00f9ng n\u00e9t c\u00e1 t\u00ednh r\u00f5 r\u00e0ng h\u01a1n t\u1eeb gi\u1ed1ng \u00f4 liu Hy L\u1ea1p, t\u1ea1o n\u00ean m\u1ed9t t\u1ed5ng th\u1ec3 c\u00e2n b\u1eb1ng, d\u1ec5 ti\u1ebfp c\u1eadn nh\u01b0ng v\u1eabn \u0111\u1ee7 tinh t\u1ebf.<\/p>\n<p data-start=\"1288\" data-end=\"1606\">\u2013 S\u1eafc d\u1ea7u v\u00e0ng xanh nh\u1ea1t, trong v\u00e0 s\u00e1ng, ph\u1ea3n chi\u1ebfu \u00e1nh nh\u00ecn nh\u01b0 m\u1ed9t l\u1edbp \u201cm\u1eadt n\u1eafng\u201d d\u1ecbu nh\u1eb9<br data-start=\"1379\" data-end=\"1382\">\u2013 H\u01b0\u01a1ng th\u01a1m thanh tho\u00e1t c\u1ee7a c\u1ecf t\u01b0\u01a1i, h\u1ea1nh nh\u00e2n v\u00e0 thoang tho\u1ea3ng tr\u00e1i c\u00e2y ch\u00edn<br data-start=\"1460\" data-end=\"1463\">\u2013 V\u1ecb c\u00e2n b\u1eb1ng gi\u1eefa \u0111\u1ed9 b\u00e9o, \u0111\u1ed9 ng\u1ecdt t\u1ef1 nhi\u00ean v\u00e0 h\u1eadu cay nh\u1eb9 r\u1ea5t tinh t\u1ebf<br data-start=\"1533\" data-end=\"1536\">\u2013 K\u1ebft c\u1ea5u m\u01b0\u1ee3t m\u00e0, kh\u00f4ng qu\u00e1 \u0111\u1eb7c, d\u1ec5 d\u00e0ng h\u00f2a quy\u1ec7n v\u00e0o nhi\u1ec1u m\u00f3n \u0103n<\/p>\n<p data-start=\"1288\" data-end=\"1606\"><img decoding=\"async\" src=\"https:\/\/havamall.vn\/wp-content\/uploads\/2026\/04\/dau-o-liu-nguyen-chat-ep-lanh-masturzo-bianco-250ml-masturzo-bianco-extra-virgin-olive-oil-250ml.webp\" alt=\"D\u1ea7u \u00d4 Liu Nguy\u00ean Ch\u1ea5t \u00c9p L\u1ea1nh Masturzo Bianco 250ml \u2013 Masturzo Bianco Extra Virgin Olive Oil 250ml\"><\/p>\n<p data-start=\"1608\" data-end=\"1807\">Kh\u00f4ng mang v\u1ecb cay g\u1eaft \u0111\u1eb7c tr\u01b0ng c\u1ee7a m\u1ed9t s\u1ed1 lo\u1ea1i d\u1ea7u \u00f4 liu m\u1ea1nh, Bianco thi\u00ean v\u1ec1 s\u1ef1 m\u1ec1m m\u1ea1i v\u00e0 d\u1ec5 ch\u1ecbu, ph\u00f9 h\u1ee3p v\u1edbi nhi\u1ec1u kh\u1ea9u v\u1ecb \u2013 t\u1eeb ng\u01b0\u1eddi m\u1edbi b\u1eaft \u0111\u1ea7u \u0111\u1ebfn nh\u1eefng ai \u0111\u00e3 quen v\u1edbi \u1ea9m th\u1ef1c \u0110\u1ecba Trung H\u1ea3i.\u00a0V\u1ec1 m\u1eb7t dinh d\u01b0\u1ee1ng, d\u1ea7u \u00f4 liu nguy\u00ean ch\u1ea5t t\u1eeb l\u00e2u \u0111\u00e3 \u0111\u01b0\u1ee3c xem l\u00e0 n\u1ec1n t\u1ea3ng c\u1ee7a m\u1ed9t trong nh\u1eefng ch\u1ebf \u0111\u1ed9 \u0103n l\u00e0nh m\u1ea1nh nh\u1ea5t th\u1ebf gi\u1edbi. Trong t\u1eebng gi\u1ecdt d\u1ea7u l\u00e0 s\u1ef1 k\u1ebft h\u1ee3p c\u1ee7a nh\u1eefng th\u00e0nh ph\u1ea7n c\u00f3 gi\u00e1 tr\u1ecb cao:<\/p>\n<p data-start=\"2008\" data-end=\"2203\">\u2013 Axit b\u00e9o kh\u00f4ng b\u00e3o h\u00f2a \u0111\u01a1n (oleic acid) h\u1ed7 tr\u1ee3 s\u1ee9c kh\u1ecfe tim m\u1ea1ch<br data-start=\"2074\" data-end=\"2077\">\u2013 Polyphenol t\u1ef1 nhi\u00ean \u0111\u00f3ng vai tr\u00f2 nh\u01b0 ch\u1ea5t ch\u1ed1ng oxy h\u00f3a m\u1ea1nh<br data-start=\"2139\" data-end=\"2142\">\u2013 Vitamin E gi\u00fap b\u1ea3o v\u1ec7 t\u1ebf b\u00e0o tr\u01b0\u1edbc t\u00e1c \u0111\u1ed9ng c\u1ee7a g\u1ed1c t\u1ef1 do<\/p>\n<p data-start=\"2008\" data-end=\"2203\"><img decoding=\"async\" src=\"https:\/\/havamall.vn\/wp-content\/uploads\/2026\/04\/dau-o-liu-nguyen-chat-ep-lanh-masturzo-bianco-250ml-masturzo-bianco-extra-virgin-olive-oil-250ml-1.webp\" alt=\"D\u1ea7u \u00d4 Liu Nguy\u00ean Ch\u1ea5t \u00c9p L\u1ea1nh Masturzo Bianco 250ml \u2013 Masturzo Bianco Extra Virgin Olive Oil 250ml\"><\/p>\n<p data-start=\"2205\" data-end=\"2337\">Kh\u00f4ng ch\u1ec9 \u0111\u01a1n thu\u1ea7n l\u00e0 m\u1ed9t lo\u1ea1i ch\u1ea5t b\u00e9o, d\u1ea7u \u00f4 liu c\u00f2n g\u00f3p ph\u1ea7n n\u00e2ng cao ch\u1ea5t l\u01b0\u1ee3ng t\u1ed5ng th\u1ec3 c\u1ee7a b\u1eefa \u0103n khi \u0111\u01b0\u1ee3c s\u1eed d\u1ee5ng \u0111\u00fang c\u00e1ch.\u00a0Trong gian b\u1ebfp hi\u1ec7n \u0111\u1ea1i, Masturzo Bianco m\u1edf ra nhi\u1ec1u c\u00e1ch th\u01b0\u1edfng th\u1ee9c \u0111\u01a1n gi\u1ea3n nh\u01b0ng \u0111\u1ea7y tinh t\u1ebf:<br data-start=\"2436\" data-end=\"2439\">\u2013 R\u01b0\u1edbi tr\u1ef1c ti\u1ebfp l\u00ean salad rau xanh, c\u00e0 chua, ph\u00f4 mai \u0111\u1ec3 gi\u1eef tr\u1ecdn v\u1ecb t\u01b0\u01a1i<br data-start=\"2512\" data-end=\"2515\">\u2013 K\u1ebft h\u1ee3p v\u1edbi gi\u1ea5m balsamic ho\u1eb7c n\u01b0\u1edbc c\u1ed1t chanh t\u1ea1o th\u00e0nh s\u1ed1t tr\u1ed9n ki\u1ec3u \u00c2u<br data-start=\"2589\" data-end=\"2592\">\u2013 Ch\u1ea5m c\u00f9ng b\u00e1nh m\u00ec n\u01b0\u1edbng, th\u00eam ch\u00fat mu\u1ed1i v\u00e0 ti\u00eau \u0111\u1ec3 c\u1ea3m nh\u1eadn r\u00f5 t\u1eebng t\u1ea7ng h\u01b0\u01a1ng<br data-start=\"2672\" data-end=\"2675\">\u2013 Tr\u1ed9n c\u00f9ng m\u00ec \u00dd n\u00f3ng \u0111\u1ec3 t\u1ea1o l\u1edbp \u00e1o b\u00f3ng nh\u1eb9, d\u1eady m\u00f9i t\u1ef1 nhi\u00ean<br data-start=\"2737\" data-end=\"2740\">\u2013 \u00c1p ch\u1ea3o nh\u1eb9 rau c\u1ee7 ho\u1eb7c h\u1ea3i s\u1ea3n \u1edf nhi\u1ec7t \u0111\u1ed9 v\u1eeba \u0111\u1ec3 gi\u1eef \u0111\u01b0\u1ee3c \u0111\u1ed9 tinh khi\u1ebft c\u1ee7a d\u1ea7u<\/p>\n<p data-start=\"3256\" data-end=\"3421\"><img decoding=\"async\" src=\"https:\/\/havamall.vn\/wp-content\/uploads\/2026\/04\/dau-o-liu-nguyen-chat-ep-lanh-masturzo-bianco-250ml-masturzo-bianco-extra-virgin-olive-oil-250ml-2.webp\" alt=\"D\u1ea7u \u00d4 Liu Nguy\u00ean Ch\u1ea5t \u00c9p L\u1ea1nh Masturzo Bianco 250ml \u2013 Masturzo Bianco Extra Virgin Olive Oil 250ml\"><\/p>\n<p data-start=\"3423\" data-end=\"3728\">Trong nh\u1ecbp s\u1ed1ng hi\u1ec7n \u0111\u1ea1i, khi ch\u1ea5t l\u01b0\u1ee3ng b\u1eefa \u0103n ng\u00e0y c\u00e0ng \u0111\u01b0\u1ee3c quan t\u00e2m, m\u1ed9t chai d\u1ea7u \u00f4 liu t\u1ed1t kh\u00f4ng ch\u1ec9 l\u00e0 nguy\u00ean li\u1ec7u m\u00e0 c\u00f2n l\u00e0 c\u00e1ch th\u1ec3 hi\u1ec7n s\u1ef1 tinh t\u1ebf trong l\u1ef1a ch\u1ecdn. Masturzo Bianco mang \u0111\u1ebfn tinh th\u1ea7n \u0110\u1ecba Trung H\u1ea3i \u0111\u00fang ngh\u0129a \u2013 nh\u1eb9 nh\u00e0ng, t\u1ef1 nhi\u00ean nh\u01b0ng \u0111\u1ee7 s\u00e2u \u0111\u1ec3 t\u1ea1o d\u1ea5u \u1ea5n ri\u00eang trong t\u1eebng m\u00f3n \u0103n,\u00a0hi\u1ec7n \u0111ang \u0111\u01b0\u1ee3c b\u00e1n t\u1ea1i Havamall.<\/p>\n<\/div>\n<\/div>\n<\/div>","protected":false},"excerpt":{"rendered":"<p>TH\u00d4NG TIN S\u1ea2N PH\u1ea8M Th\u01b0\u01a1ng hi\u1ec7u Masturzo Xu\u1ea5t x\u1ee9 \u00dd (S\u1ea3n xu\u1ea5t t\u1eeb \u00f4 liu tr\u1ed3ng t\u1ea1i Hy L\u1ea1p v\u00e0<\/p>","protected":false},"featured_media":45145,"comment_status":"open","ping_status":"closed","template":"","meta":[],"product_brand":[],"product_cat":[595,672,154],"product_tag":[],"class_list":{"0":"post-45144","1":"product","2":"type-product","3":"status-publish","4":"has-post-thumbnail","6":"product_cat-gia-vi-va-che-bien","7":"product_cat-nhap-khau-y","8":"product_cat-gia-vi","10":"first","11":"instock","12":"sale","13":"shipping-taxable","14":"purchasable","15":"product-type-simple"},"_links":{"self":[{"href":"https:\/\/havamall.vn\/en\/wp-json\/wp\/v2\/product\/45144"}],"collection":[{"href":"https:\/\/havamall.vn\/en\/wp-json\/wp\/v2\/product"}],"about":[{"href":"https:\/\/havamall.vn\/en\/wp-json\/wp\/v2\/types\/product"}],"replies":[{"embeddable":true,"href":"https:\/\/havamall.vn\/en\/wp-json\/wp\/v2\/comments?post=45144"}],"version-history":[{"count":3,"href":"https:\/\/havamall.vn\/en\/wp-json\/wp\/v2\/product\/45144\/revisions"}],"predecessor-version":[{"id":45152,"href":"https:\/\/havamall.vn\/en\/wp-json\/wp\/v2\/product\/45144\/revisions\/45152"}],"wp:featuredmedia":[{"embeddable":true,"href":"https:\/\/havamall.vn\/en\/wp-json\/wp\/v2\/media\/45145"}],"wp:attachment":[{"href":"https:\/\/havamall.vn\/en\/wp-json\/wp\/v2\/media?parent=45144"}],"wp:term":[{"taxonomy":"product_brand","embeddable":true,"href":"https:\/\/havamall.vn\/en\/wp-json\/wp\/v2\/product_brand?post=45144"},{"taxonomy":"product_cat","embeddable":true,"href":"https:\/\/havamall.vn\/en\/wp-json\/wp\/v2\/product_cat?post=45144"},{"taxonomy":"product_tag","embeddable":true,"href":"https:\/\/havamall.vn\/en\/wp-json\/wp\/v2\/product_tag?post=45144"}],"curies":[{"name":"wp","href":"https:\/\/api.w.org\/{rel}","templated":true}]}}