{"id":45138,"date":"2026-04-19T10:44:31","date_gmt":"2026-04-19T03:44:31","guid":{"rendered":"https:\/\/havamall.vn\/?post_type=product&#038;p=45138"},"modified":"2026-04-19T10:44:31","modified_gmt":"2026-04-19T03:44:31","slug":"ngong-toi-muoi-cay-kieu-phuong-dong-skatert-samobranka-330g-marinated-wild-garlic-oriental-style-skatert-samobranka","status":"publish","type":"product","link":"https:\/\/havamall.vn\/en\/shop\/ngong-toi-muoi-cay-kieu-phuong-dong-skatert-samobranka-330g-marinated-wild-garlic-oriental-style-skatert-samobranka\/","title":{"rendered":"Ng\u1ed3ng T\u1ecfi Mu\u1ed1i Cay Ki\u1ec3u Ph\u01b0\u01a1ng \u0110\u00f4ng Skatert Samobranka 330g \u2013 Marinated Wild Garlic Oriental Style Skatert Samobranka"},"content":{"rendered":"<h3 data-path-to-node=\"3\">TH\u00d4NG TIN S\u1ea2N PH\u1ea8M<\/h3>\n<div class=\"horizontal-scroll-wrapper\">\n<div class=\"table-block-component\">\n<div class=\"table-block has-export-button new-table-style is-at-scroll-start is-at-scroll-end\">\n<table style=\"width: 63.0143%;height: 174px\" data-path-to-node=\"4\">\n<tbody>\n<tr style=\"height: 24px\">\n<td style=\"height: 24px\">Th\u01b0\u01a1ng hi\u1ec7u<\/td>\n<td style=\"height: 24px\"><span data-path-to-node=\"4,1,1,0\">Skatert Samobranka<\/span><\/td>\n<\/tr>\n<tr style=\"height: 24px\">\n<td style=\"height: 24px\">Xu\u1ea5t x\u1ee9<\/td>\n<td style=\"height: 24px\"><span data-path-to-node=\"4,2,1,0\">Nga<\/span><\/td>\n<\/tr>\n<tr style=\"height: 24px\">\n<td style=\"height: 24px\">Th\u00e0nh ph\u1ea7n<\/td>\n<td style=\"height: 24px\"><span data-path-to-node=\"4,3,1,0\">T\u1ecfi g\u1ea5u (ng\u1ed3ng t\u1ecfi r\u1eebng), n\u01b0\u1edbc, mu\u1ed1i, \u0111\u01b0\u1eddng, ch\u1ea5t \u0111i\u1ec1u ch\u1ec9nh \u0111\u1ed9 acid (acid acetic), ti\u00eau \u0111en, \u1edbt cay<\/span><\/td>\n<\/tr>\n<tr style=\"height: 24px\">\n<td style=\"height: 24px\">H\u1ea1n s\u1eed d\u1ee5ng<\/td>\n<td style=\"height: 24px\"><span data-path-to-node=\"4,4,1,0\">3 n\u0103m k\u1ec3 t\u1eeb ng\u00e0y s\u1ea3n xu\u1ea5t<\/span><\/td>\n<\/tr>\n<tr style=\"height: 24px\">\n<td style=\"height: 24px\">B\u1ea3o qu\u1ea3n<\/td>\n<td style=\"height: 24px\"><span data-path-to-node=\"4,5,1,0\">N\u01a1i kh\u00f4 r\u00e1o, tho\u00e1ng m\u00e1t, tr\u00e1nh \u00e1nh n\u1eafng tr\u1ef1c ti\u1ebfp. Sau khi m\u1edf n\u1eafp, b\u1ea3o qu\u1ea3n trong ng\u0103n m\u00e1t t\u1ee7 l\u1ea1nh<\/span><\/td>\n<\/tr>\n<tr style=\"height: 24px\">\n<td style=\"height: 24px\">Th\u1ec3 t\u00edch<\/td>\n<td style=\"height: 24px\"><span data-path-to-node=\"4,6,1,0\">330g<\/span><\/td>\n<\/tr>\n<\/tbody>\n<\/table>\n<p data-start=\"586\" data-end=\"1115\">Trong nh\u1eefng giai \u0111o\u1ea1n kh\u1eafc nghi\u1ec7t, khi th\u1ef1c ph\u1ea9m t\u01b0\u01a1i khan hi\u1ebfm sau m\u00f9a \u0111\u00f4ng, lo\u1ea1i t\u1ecfi r\u1eebng n\u00e0y tr\u1edf th\u00e0nh ngu\u1ed3n b\u1ed5 sung Vitamin C thi\u1ebft y\u1ebfu, gi\u00fap con ng\u01b0\u1eddi ch\u1ed1ng ch\u1ecdi v\u1edbi b\u1ec7nh t\u1eadt. Theo th\u1eddi gian, vi\u1ec7c s\u1eed d\u1ee5ng Cheremsha kh\u00f4ng d\u1eebng l\u1ea1i \u1edf \u0103n t\u01b0\u01a1i m\u00e0 \u0111\u00e3 ph\u00e1t tri\u1ec3n th\u00e0nh ngh\u1ec7 thu\u1eadt mu\u1ed1i chua \u2013 m\u1ed9t ph\u01b0\u01a1ng ph\u00e1p b\u1ea3o qu\u1ea3n v\u1eeba gi\u1eef \u0111\u01b0\u1ee3c \u0111\u1ed9 gi\u00f2n \u0111\u1eb7c tr\u01b0ng, v\u1eeba l\u00e0m d\u1eady l\u00ean h\u01b0\u01a1ng v\u1ecb n\u1ed3ng n\u00e0n kh\u00f3 qu\u00ean \u0111\u1ec3 c\u00f3 th\u1ec3 th\u01b0\u1edfng th\u1ee9c quanh n\u0103m.<\/p>\n<p data-start=\"586\" data-end=\"1115\"><img decoding=\"async\" src=\"https:\/\/havamall.vn\/wp-content\/uploads\/2026\/04\/ngong-toi-muoi-cay-kieu-phuong-dong-skatert-samobranka-330g-marinated-wild-garlic-oriental-style-skatert-samobranka.webp\" alt=\"Ng\u1ed3ng T\u1ecfi Mu\u1ed1i Cay Ki\u1ec3u Ph\u01b0\u01a1ng \u0110\u00f4ng Skatert Samobranka 330g \u2013 Marinated Wild Garlic Oriental Style Skatert Samobranka\"><\/p>\n<p data-start=\"1117\" data-end=\"1667\">Nh\u1eefng ng\u1ed3ng t\u1ecfi d\u00e0i, xanh m\u01b0\u1edbt, \u0111\u1ed3ng \u0111\u1ec1u \u0111\u01b0\u1ee3c x\u1ebfp ngay ng\u1eafn trong h\u0169 th\u1ee7y tinh nh\u01b0 nh\u1eefng m\u1ea1ch s\u1ed1ng c\u1ee7a \u0111\u1ea1i ng\u00e0n. Khi m\u1edf n\u1eafp, h\u01b0\u01a1ng th\u01a1m lan t\u1ecfa m\u1ea1nh m\u1ebd: v\u1eeba l\u00e0 m\u00f9i t\u1ecfi quen thu\u1ed9c nh\u01b0ng thanh tho\u00e1t h\u01a1n, h\u00f2a quy\u1ec7n c\u00f9ng ch\u00fat h\u0103ng nh\u1eb9 c\u1ee7a l\u00e1 r\u1eebng v\u00e0 v\u1ecb chua d\u1ecbu c\u1ee7a n\u01b0\u1edbc ng\u00e2m. Kh\u00e1c v\u1edbi t\u1ecfi c\u1ee7 c\u00f3 ph\u1ea7n g\u1eaft, ng\u1ed3ng t\u1ecfi mu\u1ed1i mang \u0111\u1ebfn v\u1ecb chua thanh th\u1ea5m s\u00e2u v\u00e0o t\u1eebng th\u1edb, k\u1ebft h\u1ee3p v\u1edbi ch\u00fat cay nh\u1eb9 t\u1eeb gia v\u1ecb, r\u1ed3i kh\u00e9p l\u1ea1i b\u1eb1ng h\u1eadu v\u1ecb ng\u1ecdt t\u1ef1 nhi\u00ean c\u1ee7a th\u1ea3o m\u1ed9c.<\/p>\n<p data-start=\"1117\" data-end=\"1667\"><img decoding=\"async\" src=\"https:\/\/scontent.fsgn19-1.fna.fbcdn.net\/v\/t39.30808-6\/492249365_1094457876035543_5843449181198046319_n.jpg?_nc_cat=111&amp;ccb=1-7&amp;_nc_sid=7b2446&amp;_nc_ohc=8ieaWx2nZIYQ7kNvwGFS4NC&amp;_nc_oc=AdrMnXT6Q9mDxvVuTyz7b96yPjSpe_mtIsPtgdZByQDsvDaNBFzTi-HiXf3rtWn4a49eEm6ZY7cQ6-ZMvGeOJVXj&amp;_nc_zt=23&amp;_nc_ht=scontent.fsgn19-1.fna&amp;_nc_gid=YDgiglJiqqZQx6oUXW0HqA&amp;_nc_ss=7a3a8&amp;oh=00_Af2xaceCbHvKhXUNnoRk484IROYmimMdzvIAhkAmA8DRNA&amp;oe=69EA2114\" alt=\"Ng\u1ed3ng T\u1ecfi Mu\u1ed1i Cay Ki\u1ec3u Ph\u01b0\u01a1ng \u0110\u00f4ng Skatert Samobranka 330g \u2013 Marinated Wild Garlic Oriental Style Skatert Samobranka\"><\/p>\n<p data-start=\"1983\" data-end=\"2350\">Kh\u00f4ng ch\u1ec9 n\u1ed5i b\u1eadt v\u1ec1 h\u01b0\u01a1ng v\u1ecb, Cheremsha c\u00f2n \u0111\u01b0\u1ee3c xem nh\u01b0 m\u1ed9t \u201ckh\u00e1ng sinh t\u1ef1 nhi\u00ean\u201d. H\u00e0m l\u01b0\u1ee3ng Vitamin C d\u1ed3i d\u00e0o gi\u00fap t\u0103ng c\u01b0\u1eddng s\u1ee9c \u0111\u1ec1 kh\u00e1ng, trong khi h\u1ee3p ch\u1ea5t Allicin h\u1ed7 tr\u1ee3 ti\u00eau h\u00f3a v\u00e0 c\u1ea3i thi\u1ec7n tu\u1ea7n ho\u00e0n. B\u00ean c\u1ea1nh \u0111\u00f3 l\u00e0 s\u1ef1 hi\u1ec7n di\u1ec7n c\u1ee7a c\u00e1c kho\u00e1ng ch\u1ea5t nh\u01b0 s\u1eaft, k\u1ebdm c\u00f9ng nhi\u1ec1u axit amin c\u1ea7n thi\u1ebft, g\u00f3p ph\u1ea7n b\u1ed3i b\u1ed5 c\u01a1 th\u1ec3 v\u00e0 ph\u1ee5c h\u1ed3i n\u0103ng l\u01b0\u1ee3ng m\u1ed9t c\u00e1ch hi\u1ec7u qu\u1ea3.<\/p>\n<p data-start=\"1983\" data-end=\"2350\"><img decoding=\"async\" src=\"https:\/\/scontent.fsgn19-1.fna.fbcdn.net\/v\/t39.30808-6\/492253059_1094457776035553_3470541481679194026_n.jpg?_nc_cat=107&amp;ccb=1-7&amp;_nc_sid=7b2446&amp;_nc_ohc=jL7S0o8nfrUQ7kNvwHmQsTn&amp;_nc_oc=AdrNKnHnDwTPACxC8ikcOzO3vU3QergoFGLmM5XQAjn2Y6XvlrrefdZcc5YDFpaylvw1CuKoI4YzqE_WLkTUlnxg&amp;_nc_zt=23&amp;_nc_ht=scontent.fsgn19-1.fna&amp;_nc_gid=J8xTdLpNW-KTw3z8MnnEkg&amp;_nc_ss=7a3a8&amp;oh=00_Af1wjUb_hzFvepmd0aJDMcrP1tGZLe7Xws6bhqoGxuGU_Q&amp;oe=69EA2C37\" alt=\"Ng\u1ed3ng T\u1ecfi Mu\u1ed1i Cay Ki\u1ec3u Ph\u01b0\u01a1ng \u0110\u00f4ng Skatert Samobranka 330g \u2013 Marinated Wild Garlic Oriental Style Skatert Samobranka\"><\/p>\n<p data-start=\"2352\" data-end=\"3128\">C\u00e1ch th\u01b0\u1edfng th\u1ee9c ng\u1ed3ng t\u1ecfi mu\u1ed1i c\u0169ng ph\u1ea3n \u00e1nh r\u00f5 n\u00e9t s\u1ef1 phong ph\u00fa c\u1ee7a v\u0103n h\u00f3a \u1ea9m th\u1ef1c \u0110\u00f4ng \u00c2u, \u0111\u1ed3ng th\u1eddi m\u1edf ra nhi\u1ec1u bi\u1ebfn t\u1ea5u hi\u1ec7n \u0111\u1ea1i \u0111\u1ea7y th\u00fa v\u1ecb.<br data-start=\"2498\" data-end=\"2501\">\u2013 D\u00f9ng tr\u1ef1c ti\u1ebfp nh\u01b0 m\u1ed9t m\u00f3n khai v\u1ecb ho\u1eb7c \u0111\u1ed3 nh\u1eafm, v\u1ecb chua cay v\u00e0 \u0111\u1ed9 gi\u00f2n s\u1ea7n s\u1eadt gi\u00fap \u0111\u00e1nh th\u1ee9c v\u1ecb gi\u00e1c m\u1ed9t c\u00e1ch r\u00f5 r\u1ec7t.<br data-start=\"2622\" data-end=\"2625\">\u2013 Th\u00e1i nh\u1ecf tr\u1ed9n c\u00f9ng kem chua ho\u1eb7c c\u00e1c ch\u1ebf ph\u1ea9m t\u1eeb s\u1eefa \u0111\u1ec3 l\u00e0m n\u01b0\u1edbc s\u1ed1t, t\u1ea1o n\u00ean s\u1ef1 c\u00e2n b\u1eb1ng gi\u1eefa b\u00e9o v\u00e0 h\u0103ng r\u1ea5t h\u00e0i h\u00f2a.<br data-start=\"2746\" data-end=\"2749\">\u2013 K\u1ebft h\u1ee3p c\u00f9ng c\u00e1c m\u00f3n n\u01b0\u1edbng nh\u01b0 th\u1ecbt ba ch\u1ec9 hay s\u01b0\u1eddn b\u00f2, n\u01a1i v\u1ecb chua nh\u1eb9 \u0111\u00f3ng vai tr\u00f2 \u201cgi\u1ea3i ng\u1ea5y\u201d, l\u00e0m n\u1ed5i b\u1eadt h\u01b0\u01a1ng v\u1ecb th\u1ecbt.<br data-start=\"2875\" data-end=\"2878\">\u2013 Th\u00eam v\u00e0o salad khoai t\u00e2y, m\u00ec x\u00e0o ho\u1eb7c c\u00e1c m\u00f3n h\u1ea7m \u0111\u1ec3 t\u1ea1o \u0111i\u1ec3m nh\u1ea5n c\u1ea5u tr\u00fac gi\u00f2n th\u00fa v\u1ecb, ngay c\u1ea3 khi \u0111\u00e3 qua nhi\u1ec7t.<br data-start=\"2994\" data-end=\"2997\">\u2013 D\u00f9ng k\u00e8m b\u00e1nh m\u00ec \u0111en, th\u1ecbt ngu\u1ed9i ho\u1eb7c c\u00e1c m\u00f3n \u0103n \u0111\u01a1n gi\u1ea3n, n\u01a1i h\u01b0\u01a1ng v\u1ecb th\u1ea3o m\u1ed9c tr\u1edf th\u00e0nh y\u1ebfu t\u1ed1 n\u00e2ng t\u1ea7m to\u00e0n b\u1ed9 tr\u1ea3i nghi\u1ec7m.<\/p>\n<p data-start=\"2352\" data-end=\"3128\"><img decoding=\"async\" src=\"https:\/\/havamall.vn\/wp-content\/uploads\/2026\/04\/ngong-toi-muoi-cay-kieu-phuong-dong-skatert-samobranka-330g-marinated-wild-garlic-oriental-style-skatert-samobranka-1.webp\" alt=\"Ng\u1ed3ng T\u1ecfi Mu\u1ed1i Cay Ki\u1ec3u Ph\u01b0\u01a1ng \u0110\u00f4ng Skatert Samobranka 330g \u2013 Marinated Wild Garlic Oriental Style Skatert Samobranka\"><\/p>\n<p data-start=\"3130\" data-end=\"3485\">T\u1eeb m\u1ed9t lo\u1ea1i th\u1ea3o m\u1ed9c m\u1ecdc hoang n\u01a1i r\u1eebng s\u00e2u, Cheremsha \u0111\u00e3 tr\u1edf th\u00e0nh m\u1ed9t ph\u1ea7n c\u1ee7a v\u0103n h\u00f3a \u1ea9m th\u1ef1c, mang theo c\u00e2u chuy\u1ec7n v\u1ec1 s\u1ef1 ki\u00ean c\u01b0\u1eddng v\u00e0 kh\u1ea3 n\u0103ng th\u00edch nghi c\u1ee7a thi\u00ean nhi\u00ean. M\u1ed7i h\u0169 ng\u1ed3ng t\u1ecfi mu\u1ed1i kh\u00f4ng ch\u1ec9 ch\u1ee9a \u0111\u1ef1ng nguy\u00ean li\u1ec7u, m\u00e0 c\u00f2n l\u00e0 s\u1ef1 k\u1ebft tinh c\u1ee7a truy\u1ec1n th\u1ed1ng, k\u1ef9 thu\u1eadt b\u1ea3o qu\u1ea3n v\u00e0 ni\u1ec1m tr\u00e2n tr\u1ecdng d\u00e0nh cho nh\u1eefng g\u00ec thu\u1ea7n khi\u1ebft nh\u1ea5t t\u1eeb \u0111\u1ea5t tr\u1eddi, hi\u1ec7n \u0111ang \u0111\u01b0\u1ee3c b\u00e1n t\u1ea1i Havamall.<\/p>\n<\/div>\n<\/div>\n<\/div>","protected":false},"excerpt":{"rendered":"<p>TH\u00d4NG TIN S\u1ea2N PH\u1ea8M Th\u01b0\u01a1ng hi\u1ec7u Skatert Samobranka Xu\u1ea5t x\u1ee9 Nga Th\u00e0nh ph\u1ea7n T\u1ecfi g\u1ea5u (ng\u1ed3ng t\u1ecfi r\u1eebng), n\u01b0\u1edbc, mu\u1ed1i,<\/p>","protected":false},"featured_media":45139,"comment_status":"open","ping_status":"closed","template":"","meta":[],"product_brand":[],"product_cat":[594,682],"product_tag":[],"class_list":{"0":"post-45138","1":"product","2":"type-product","3":"status-publish","4":"has-post-thumbnail","6":"product_cat-dau-cu-qua-kho","7":"product_cat-nhap-khau-duc","9":"first","10":"instock","11":"sale","12":"shipping-taxable","13":"purchasable","14":"product-type-simple"},"_links":{"self":[{"href":"https:\/\/havamall.vn\/en\/wp-json\/wp\/v2\/product\/45138"}],"collection":[{"href":"https:\/\/havamall.vn\/en\/wp-json\/wp\/v2\/product"}],"about":[{"href":"https:\/\/havamall.vn\/en\/wp-json\/wp\/v2\/types\/product"}],"replies":[{"embeddable":true,"href":"https:\/\/havamall.vn\/en\/wp-json\/wp\/v2\/comments?post=45138"}],"version-history":[{"count":2,"href":"https:\/\/havamall.vn\/en\/wp-json\/wp\/v2\/product\/45138\/revisions"}],"predecessor-version":[{"id":45143,"href":"https:\/\/havamall.vn\/en\/wp-json\/wp\/v2\/product\/45138\/revisions\/45143"}],"wp:featuredmedia":[{"embeddable":true,"href":"https:\/\/havamall.vn\/en\/wp-json\/wp\/v2\/media\/45139"}],"wp:attachment":[{"href":"https:\/\/havamall.vn\/en\/wp-json\/wp\/v2\/media?parent=45138"}],"wp:term":[{"taxonomy":"product_brand","embeddable":true,"href":"https:\/\/havamall.vn\/en\/wp-json\/wp\/v2\/product_brand?post=45138"},{"taxonomy":"product_cat","embeddable":true,"href":"https:\/\/havamall.vn\/en\/wp-json\/wp\/v2\/product_cat?post=45138"},{"taxonomy":"product_tag","embeddable":true,"href":"https:\/\/havamall.vn\/en\/wp-json\/wp\/v2\/product_tag?post=45138"}],"curies":[{"name":"wp","href":"https:\/\/api.w.org\/{rel}","templated":true}]}}