{"id":45082,"date":"2026-04-16T16:01:07","date_gmt":"2026-04-16T09:01:07","guid":{"rendered":"https:\/\/havamall.vn\/?post_type=product&#038;p=45082"},"modified":"2026-04-16T16:03:00","modified_gmt":"2026-04-16T09:03:00","slug":"vem-xanh-nguyen-vo-hap-chin-dong-lanh-chile-st-andrews-1kg-st-andrews-whole-shell-cooked-frozen-mussels-1kg","status":"publish","type":"product","link":"https:\/\/havamall.vn\/en\/shop\/vem-xanh-nguyen-vo-hap-chin-dong-lanh-chile-st-andrews-1kg-st-andrews-whole-shell-cooked-frozen-mussels-1kg\/","title":{"rendered":"V\u1eb9m Xanh Nguy\u00ean V\u1ecf H\u1ea5p Ch\u00edn \u0110\u00f4ng L\u1ea1nh Chile St. Andrews 1kg \u2013 St. Andrews Whole Shell Cooked Frozen Mussels 1kg"},"content":{"rendered":"<h2 data-section-id=\"17ktl91\" data-start=\"208\" data-end=\"231\">TH\u00d4NG TIN S\u1ea2N PH\u1ea8M<\/h2>\n<table style=\"border-collapse: collapse;width: 46.5719%;height: 232px\">\n<tbody>\n<tr>\n<td>Th\u01b0\u01a1ng hi\u1ec7u<\/td>\n<td>St. Andrews<\/td>\n<\/tr>\n<tr>\n<td>Xu\u1ea5t x\u1ee9<\/td>\n<td>Chile<\/td>\n<\/tr>\n<tr>\n<td>Th\u00e0nh ph\u1ea7n<\/td>\n<td>100% v\u1eb9m nguy\u00ean v\u1ecf (Mytilus chilensis) \u0111\u00e3 \u0111\u01b0\u1ee3c n\u1ea5u ch\u00edn, c\u1ea5p \u0111\u00f4ng s\u00e2u<\/td>\n<\/tr>\n<tr>\n<td>H\u1ea1n s\u1eed d\u1ee5ng<\/td>\n<td>24 th\u00e1ng k\u1ec3 t\u1eeb ng\u00e0y s\u1ea3n xu\u1ea5t (b\u1ea3o qu\u1ea3n \u0111\u00f4ng l\u1ea1nh)<\/td>\n<\/tr>\n<tr>\n<td>B\u1ea3o qu\u1ea3n<\/td>\n<td>B\u1ea3o qu\u1ea3n \u1edf nhi\u1ec7t \u0111\u1ed9 -18\u00b0C ho\u1eb7c trong ng\u0103n \u0111\u00f4ng, kh\u00f4ng t\u00e1i c\u1ea5p \u0111\u00f4ng sau khi r\u00e3 \u0111\u00f4ng<\/td>\n<\/tr>\n<tr>\n<td>Kh\u1ed1i l\u01b0\u1ee3ng<\/td>\n<td>1kg<\/td>\n<\/tr>\n<\/tbody>\n<\/table>\n<p>Kh\u00f4ng ch\u1ec9 \u0111\u01a1n thu\u1ea7n l\u00e0 m\u1ed9t lo\u1ea1i h\u1ea3i s\u1ea3n,\u00a0<strong><em>v\u1eb9m xanh Chile (Mytilus chilensis)<\/em><\/strong>\u00a0t\u1eeb l\u00e2u \u0111\u00e3 tr\u1edf th\u00e0nh bi\u1ec3u t\u01b0\u1ee3ng cho ngu\u1ed3n th\u1ef1c ph\u1ea9m s\u1ea1ch v\u00e0 b\u1ec1n v\u1eefng, \u0111\u1ea1i di\u1ec7n cho ni\u1ec1m t\u1ef1 h\u00e0o c\u1ee7a m\u1ed9t qu\u1ed1c gia \u0111\u01b0\u1ee3c m\u1ec7nh danh l\u00e0 &#8220;thi\u00ean \u0111\u01b0\u1eddng h\u1ea3i s\u1ea3n&#8221; gi\u1eefa l\u00f2ng Th\u00e1i B\u00ecnh D\u01b0\u01a1ng. T\u1ea1i nh\u1eefng v\u1ecbnh bi\u1ec3n nguy\u00ean s\u01a1 ph\u00eda Nam, n\u01a1i ngu\u1ed3n n\u01b0\u1edbc gi\u00e0u d\u01b0\u1ee1ng ch\u1ea5t v\u00e0 oxy tinh khi\u1ebft, th\u01b0\u01a1ng hi\u1ec7u St. Andrews v\u1edbi l\u1ecbch s\u1eed l\u00e2u \u0111\u1eddi \u0111\u00e3 kh\u00e9o l\u00e9o k\u1ebft h\u1ee3p gi\u1eefa s\u1ef1 t\u00f4n tr\u1ecdng t\u1ef1 nhi\u00ean v\u00e0 c\u00f4ng ngh\u1ec7 hi\u1ec7n \u0111\u1ea1i \u0111\u1ec3 mang \u0111\u1ebfn tay ng\u01b0\u1eddi ti\u00eau d\u00f9ng nh\u1eefng s\u1ea3n ph\u1ea9m v\u1eb9m nguy\u00ean v\u1ecf \u0111\u1ea1t ti\u00eau chu\u1ea9n kh\u1eaft khe nh\u1ea5t th\u1ebf gi\u1edbi.<\/p>\n<p><img decoding=\"async\" src=\"https:\/\/havamall.vn\/wp-content\/uploads\/2026\/04\/vem-xanh-nguyen-vo-hap-chin-dong-lanh-chile-st-andrews-1kg-st-andrews-whole-shell-cooked-frozen-mussels-1kg.webp\" alt=\"V\u1eb9m Xanh Nguy\u00ean V\u1ecf H\u1ea5p Ch\u00edn \u0110\u00f4ng L\u1ea1nh Chile St. Andrews 1kg \u2013 St. Andrews Whole Shell Cooked Frozen Mussels 1kg\"><\/p>\n<div id=\"chat-history\" class=\"chat-history-scroll-container\">\n<div id=\"bee76f133bd18e9d\" class=\"conversation-container message-actions-hover-boundary ng-star-inserted\">\n<div class=\"response-container response-container-with-gpi ng-tns-c407528147-67 no-background response-container-has-multiple-responses\" data-hveid=\"1\">\n<div class=\"presented-response-container ng-tns-c407528147-67\" data-hveid=\"2\">\n<div class=\"response-container-content ng-tns-c407528147-67\">\n<div class=\"response-content ng-tns-c407528147-67\">\n<div class=\"container\">\n<div id=\"model-response-message-contentr_bee76f133bd18e9d\" class=\"markdown markdown-main-panel enable-updated-hr-color\" dir=\"ltr\" aria-live=\"polite\">\n<p data-path-to-node=\"4\">Nh\u1eefng con v\u1eb9m \u0111\u01b0\u1ee3c nu\u00f4i tr\u1ed3ng\u00a0<em><strong>ho\u00e0n to\u00e0n t\u1ef1 nhi\u00ean<\/strong><\/em>,\u00a0<em><strong>kh\u00f4ng h\u00f3a ch\u1ea5t<\/strong><\/em>, sau \u0111\u00f3 \u0111\u01b0\u1ee3c thu ho\u1ea1ch v\u00e0 \u0111\u01b0a v\u00e0o nh\u00e0 m\u00e1y x\u1eed l\u00fd l\u00e0m s\u1ea1ch ngay l\u1eadp t\u1ee9c. C\u00f4ng ngh\u1ec7\u00a0<em><strong>h\u1ea5p ch\u00edn b\u1eb1ng n\u01b0\u1edbc d\u00f9ng t\u1ef1 nhi\u00ean<\/strong><\/em>\u00a0v\u00e0\u00a0<em><strong>c\u1ea5p \u0111\u00f4ng si\u00eau t\u1ed1c h\u00fat ch\u00e2n kh\u00f4ng<\/strong><\/em>\u00a0\u0111\u00e3 gi\u00fap kh\u00f3a ch\u1eb7t \u0111\u1ed9 t\u01b0\u01a1i ngon, gi\u1eef cho t\u1eebng th\u1edb\u00a0<em><strong>th\u1ecbt v\u1eb9m lu\u00f4n \u0111\u1ea7y \u0111\u1eb7n<\/strong><\/em>,\u00a0<em><strong>m\u1ecdng n\u01b0\u1edbc\u00a0<\/strong><\/em>v\u1edbi\u00a0<em><strong>m\u00e0u v\u00e0ng cam b\u1eaft m\u1eaft<\/strong><\/em>m\u00e0 kh\u00f4ng b\u1ecb teo nh\u1ecf hay dai c\u1ee9ng nh\u01b0 c\u00e1c ph\u01b0\u01a1ng ph\u00e1p b\u1ea3o qu\u1ea3n th\u00f4ng th\u01b0\u1eddng.<\/p>\n<p data-path-to-node=\"4\"><img decoding=\"async\" src=\"https:\/\/havamall.vn\/wp-content\/uploads\/2026\/04\/vem-xanh-nguyen-vo-hap-chin-dong-lanh-chile-st-andrews-1kg-st-andrews-whole-shell-cooked-frozen-mussels-1kg-1.webp\" alt=\"V\u1eb9m Xanh Nguy\u00ean V\u1ecf H\u1ea5p Ch\u00edn \u0110\u00f4ng L\u1ea1nh Chile St. Andrews 1kg \u2013 St. Andrews Whole Shell Cooked Frozen Mussels 1kg\"><\/p>\n<p data-path-to-node=\"5\">Kh\u00f4ng d\u1eebng l\u1ea1i \u1edf gi\u00e1 tr\u1ecb \u1ea9m th\u1ef1c, v\u1eb9m Chile c\u00f2n \u0111\u01b0\u1ee3c v\u00ed nh\u01b0 m\u1ed9t &#8220;si\u00eau th\u1ef1c ph\u1ea9m&#8221; b\u1ed5 d\u01b0\u1ee1ng cho s\u1ee9c kh\u1ecfe gia \u0111\u00ecnh nh\u1edd\u00a0<strong><em>h\u00e0m l\u01b0\u1ee3ng protein cao<\/em>\u00a0<\/strong>v\u01b0\u1ee3t tr\u1ed9i nh\u01b0ng l\u1ea1i ch\u1ee9a r\u1ea5t\u00a0<strong><em>\u00edt ch\u1ea5t b\u00e9o x\u1ea5u<\/em><\/strong>, l\u00e0 ngu\u1ed3n cung c\u1ea5p d\u1ed3i d\u00e0o axit b\u00e9o\u00a0<em><strong>Omega-3 (EPA v\u00e0 DHA)<\/strong><\/em>\u00a0gi\u00fap b\u1ea3o v\u1ec7 h\u1ec7 tim m\u1ea1ch v\u00e0 ph\u00e1t tri\u1ec3n n\u00e3o b\u1ed9, c\u00f9ng c\u00e1c kho\u00e1ng ch\u1ea5t thi\u1ebft y\u1ebfu nh\u01b0 s\u1eaft, k\u1ebdm, magie gi\u00fap t\u0103ng c\u01b0\u1eddng h\u1ec7 mi\u1ec5n d\u1ecbch. \u0110\u1eb7c bi\u1ec7t, s\u1ef1 hi\u1ec7n di\u1ec7n c\u1ee7a h\u1ee3p ch\u1ea5t\u00a0<i data-path-to-node=\"5\" data-index-in-node=\"411\">glycosaminoglycans<\/i>\u00a0trong th\u1ecbt v\u1eb9m c\u00f2n mang l\u1ea1i l\u1ee3i \u00edch tuy\u1ec7t v\u1eddi trong vi\u1ec7c t\u00e1i t\u1ea1o s\u1ee5n kh\u1edbp v\u00e0 gi\u1ea3m vi\u00eam, bi\u1ebfn m\u1ed7i b\u1eefa \u0103n tr\u1edf th\u00e0nh m\u1ed9t li\u1ec7u ph\u00e1p ch\u0103m s\u00f3c s\u1ee9c kh\u1ecfe ch\u1ee7 \u0111\u1ed9ng t\u1eeb tinh t\u00fay c\u1ee7a \u0111\u1ea1i d\u01b0\u01a1ng.<\/p>\n<p data-path-to-node=\"5\"><img decoding=\"async\" src=\"https:\/\/havamall.vn\/wp-content\/uploads\/2026\/04\/vem-xanh-nguyen-vo-hap-chin-dong-lanh-chile-st-andrews-1kg-st-andrews-whole-shell-cooked-frozen-mussels-1kg-2.webp\" alt=\"V\u1eb9m Xanh Nguy\u00ean V\u1ecf H\u1ea5p Ch\u00edn \u0110\u00f4ng L\u1ea1nh Chile St. Andrews 1kg \u2013 St. Andrews Whole Shell Cooked Frozen Mussels 1kg\"><\/p>\n<p data-path-to-node=\"6\">Trong nh\u1ecbp s\u1ed1ng b\u1eadn r\u1ed9n hi\u1ec7n nay, v\u1eb9m nguy\u00ean v\u1ecf St. Andrews l\u00e0 gi\u1ea3i ph\u00e1p ho\u00e0n h\u1ea3o cho nh\u1eefng ai khao kh\u00e1t tr\u1ea3i nghi\u1ec7m \u1ea9m th\u1ef1c chu\u1ea9n &#8220;ch\u00e2u \u00c2u&#8221; ngay t\u1ea1i nh\u00e0 m\u00e0 kh\u00f4ng t\u1ed1n qu\u00e1 nhi\u1ec1u c\u00f4ng s\u1ee9c s\u01a1 ch\u1ebf. Do s\u1ea3n ph\u1ea9m \u0111\u00e3 \u0111\u01b0\u1ee3c<strong><em>\u00a0h\u1ea5p ch\u00edn s\u1eb5n<\/em><\/strong>, ch\u1ec9 c\u1ea7n\u00a0<em><strong>r\u00e3 \u0111\u00f4ng t\u1ef1 nhi\u00ean trong ng\u0103n m\u00e1t t\u1ee7 l\u1ea1nh<\/strong><\/em>\u00a0\u0111\u1ec3 gi\u1eef v\u1eefng k\u1ebft c\u1ea5u th\u1ecbt, sau \u0111\u00f3 l\u00e0m n\u00f3ng l\u1ea1i l\u00e0 c\u00f3 th\u1ec3 th\u01b0\u1edfng th\u1ee9c. S\u1ef1 linh ho\u1ea1t trong ch\u1ebf bi\u1ebfn ch\u00ednh l\u00e0 \u0111i\u1ec3m c\u1ed9ng l\u1edbn, khi b\u1ea1n c\u00f3 th\u1ec3 d\u1ec5 d\u00e0ng bi\u1ebfn t\u1ea5u t\u1eeb m\u00f3n\u00a0<em><strong>v\u1eb9m h\u1ea5p r\u01b0\u1ee3u vang tr\u1eafng n\u1ed3ng n\u00e0n t\u1ecfi b\u01a1<\/strong><\/em>,\u00a0<em><strong>v\u1eb9m n\u01b0\u1edbng ph\u00f4 mai<\/strong><\/em>\u00a0b\u00e9o ng\u1eady, \u0111\u1ebfn nh\u1eefng \u0111\u0129a m\u00ec \u00dd h\u1ea3i s\u1ea3n sang tr\u1ecdng hay c\u00e1c n\u1ed3i l\u1ea9u Th\u00e1i chua cay \u0111\u1eadm \u0111\u00e0 phong v\u1ecb \u00c1 \u0110\u00f4ng.<\/p>\n<p data-path-to-node=\"6\"><img decoding=\"async\" src=\"https:\/\/havamall.vn\/wp-content\/uploads\/2026\/04\/vem-xanh-nguyen-vo-hap-chin-dong-lanh-chile-st-andrews-1kg-st-andrews-whole-shell-cooked-frozen-mussels-1kg-3.webp\" alt=\"V\u1eb9m Xanh Nguy\u00ean V\u1ecf H\u1ea5p Ch\u00edn \u0110\u00f4ng L\u1ea1nh Chile St. Andrews 1kg \u2013 St. Andrews Whole Shell Cooked Frozen Mussels 1kg\"><\/p>\n<p data-path-to-node=\"7\">Vi\u1ec7c l\u1ef1a ch\u1ecdn v\u1eb9m St. Andrews kh\u00f4ng ch\u1ec9 l\u00e0 s\u1ef1 \u0111\u1ea7u t\u01b0 cho m\u1ed9t b\u1eefa \u0103n ngon, an to\u00e0n m\u00e0 c\u00f2n l\u00e0 h\u00e0nh \u0111\u1ed9ng \u1ee7ng h\u1ed9 tinh th\u1ea7n khai th\u00e1c b\u1ec1n v\u1eefng, b\u1ea3o v\u1ec7 h\u1ec7 sinh th\u00e1i bi\u1ec3n m\u00e0 th\u01b0\u01a1ng hi\u1ec7u n\u00e0y lu\u00f4n cam k\u1ebft. Hi\u1ec7n nay,\u00a0<b data-path-to-node=\"7\" data-index-in-node=\"216\">V\u1eb9m Xanh Nguy\u00ean V\u1ecf H\u1ea5p Ch\u00edn \u0110\u00f4ng L\u1ea1nh Chile St. Andrews 1kg<\/b>\u00a0\u0111ang \u0111\u01b0\u1ee3c b\u00e1n t\u1ea1i\u00a0<b data-path-to-node=\"7\" data-index-in-node=\"311\">Havamall<\/b>.<\/p>\n<\/div>\n<\/div>\n<\/div>\n<\/div>\n<\/div>\n<\/div>\n<\/div>\n<\/div>","protected":false},"excerpt":{"rendered":"<p>TH\u00d4NG TIN S\u1ea2N PH\u1ea8M Th\u01b0\u01a1ng hi\u1ec7u St. Andrews Xu\u1ea5t x\u1ee9 Chile Th\u00e0nh ph\u1ea7n 100% v\u1eb9m nguy\u00ean v\u1ecf (Mytilus chilensis) \u0111\u00e3<\/p>","protected":false},"featured_media":45083,"comment_status":"open","ping_status":"closed","template":"","meta":[],"product_brand":[],"product_cat":[677,275],"product_tag":[],"class_list":{"0":"post-45082","1":"product","2":"type-product","3":"status-publish","4":"has-post-thumbnail","6":"product_cat-cac-nuoc-khac","7":"product_cat-thuc-pham-dong-lanh","9":"first","10":"instock","11":"sale","12":"shipping-taxable","13":"purchasable","14":"product-type-simple"},"_links":{"self":[{"href":"https:\/\/havamall.vn\/en\/wp-json\/wp\/v2\/product\/45082"}],"collection":[{"href":"https:\/\/havamall.vn\/en\/wp-json\/wp\/v2\/product"}],"about":[{"href":"https:\/\/havamall.vn\/en\/wp-json\/wp\/v2\/types\/product"}],"replies":[{"embeddable":true,"href":"https:\/\/havamall.vn\/en\/wp-json\/wp\/v2\/comments?post=45082"}],"version-history":[{"count":3,"href":"https:\/\/havamall.vn\/en\/wp-json\/wp\/v2\/product\/45082\/revisions"}],"predecessor-version":[{"id":45091,"href":"https:\/\/havamall.vn\/en\/wp-json\/wp\/v2\/product\/45082\/revisions\/45091"}],"wp:featuredmedia":[{"embeddable":true,"href":"https:\/\/havamall.vn\/en\/wp-json\/wp\/v2\/media\/45083"}],"wp:attachment":[{"href":"https:\/\/havamall.vn\/en\/wp-json\/wp\/v2\/media?parent=45082"}],"wp:term":[{"taxonomy":"product_brand","embeddable":true,"href":"https:\/\/havamall.vn\/en\/wp-json\/wp\/v2\/product_brand?post=45082"},{"taxonomy":"product_cat","embeddable":true,"href":"https:\/\/havamall.vn\/en\/wp-json\/wp\/v2\/product_cat?post=45082"},{"taxonomy":"product_tag","embeddable":true,"href":"https:\/\/havamall.vn\/en\/wp-json\/wp\/v2\/product_tag?post=45082"}],"curies":[{"name":"wp","href":"https:\/\/api.w.org\/{rel}","templated":true}]}}