{"id":45072,"date":"2026-04-16T10:55:26","date_gmt":"2026-04-16T03:55:26","guid":{"rendered":"https:\/\/havamall.vn\/?post_type=product&#038;p=45072"},"modified":"2026-04-16T10:55:27","modified_gmt":"2026-04-16T03:55:27","slug":"pho-mai-kem-mem-min-zelachi-200g-zelachi-cream-cheese-200g","status":"publish","type":"product","link":"https:\/\/havamall.vn\/en\/shop\/pho-mai-kem-mem-min-zelachi-200g-zelachi-cream-cheese-200g\/","title":{"rendered":"Ph\u00f4 Mai Kem M\u1ec1m M\u1ecbn Zelachi 200g \u2013 Zelachi Cream Cheese 200g"},"content":{"rendered":"<h2 data-section-id=\"17ktl91\" data-start=\"160\" data-end=\"183\">TH\u00d4NG TIN S\u1ea2N PH\u1ea8M<\/h2>\n<table style=\"border-collapse: collapse;width: 49.5947%;height: 157px\">\n<tbody>\n<tr style=\"height: 24px\">\n<td style=\"width: 22.6226%;height: 24px\">Th\u01b0\u01a1ng hi\u1ec7u<\/td>\n<td style=\"width: 77.3775%;height: 24px\">Zelachi<\/td>\n<\/tr>\n<tr style=\"height: 24px\">\n<td style=\"width: 22.6226%;height: 24px\">Xu\u1ea5t x\u1ee9<\/td>\n<td style=\"width: 77.3775%;height: 24px\">Vi\u1ec7t Nam<\/td>\n<\/tr>\n<tr style=\"height: 24px\">\n<td style=\"width: 22.6226%;height: 24px\">Th\u00e0nh ph\u1ea7n<\/td>\n<td style=\"width: 77.3775%\"><span data-path-to-node=\"1,2,1,0\">S\u1eefa b\u00f2 t\u01b0\u01a1i, kem s\u1eefa, men ph\u00f4 mai, mu\u1ed1i, ch\u1ea5t \u1ed5n \u0111\u1ecbnh<\/span><\/td>\n<\/tr>\n<tr style=\"height: 24px\">\n<td style=\"width: 22.6226%;height: 24px\">H\u1ea1n s\u1eed d\u1ee5ng<\/td>\n<td style=\"width: 77.3775%;height: 24px\">6 th\u00e1ng k\u1ec3 t\u1eeb ng\u00e0y s\u1ea3n xu\u1ea5t<\/td>\n<\/tr>\n<tr style=\"height: 24px\">\n<td style=\"width: 22.6226%;height: 24px\">B\u1ea3o qu\u1ea3n<\/td>\n<td style=\"width: 77.3775%;height: 24px\">B\u1ea3o qu\u1ea3n l\u1ea1nh \u1edf nhi\u1ec7t \u0111\u1ed9 t\u1eeb 2\u00b0C \u0111\u1ebfn 4\u00b0C. Kh\u00f4ng c\u1ea5p \u0111\u00f4ng s\u1ea3n ph\u1ea9m<\/td>\n<\/tr>\n<tr style=\"height: 24px\">\n<td style=\"width: 22.6226%;height: 24px\">Kh\u1ed1i l\u01b0\u1ee3ng<\/td>\n<td style=\"width: 77.3775%;height: 24px\">200g<\/td>\n<\/tr>\n<\/tbody>\n<\/table>\n<p>L\u1ecbch s\u1eed c\u1ee7a Cream Cheese \u2013 hay c\u00f2n g\u1ecdi l\u00e0 ph\u00f4 mai kem \u2013 l\u00e0 m\u1ed9t h\u00e0nh tr\u00ecnh th\u00fa v\u1ecb b\u1eaft ngu\u1ed3n t\u1eeb nh\u1eefng trang tr\u1ea1i t\u1ea1i Anh v\u00e0o th\u1ebf k\u1ef7 16, kh\u00e1c v\u1edbi nh\u1eefng lo\u1ea1i ph\u00f4 mai c\u1ee9ng c\u1ea7n th\u1eddi gian \u1ee7 l\u00e2u d\u00e0i \u0111\u1ec3 l\u00ean men, Cream Cheese \u0111\u1ea1i di\u1ec7n cho s\u1ef1 t\u01b0\u01a1i m\u1edbi, thu\u1ea7n khi\u1ebft v\u1edbi k\u1ebft c\u1ea5u m\u1ec1m m\u1ecbn \u0111\u1eb7c tr\u01b0ng. K\u1ebft c\u1ea5u m\u1ec1m, m\u1ecbn v\u00e0 d\u1ec5 t\u00e1n gi\u00fap vi\u1ec7c ch\u1ebf bi\u1ebfn tr\u1edf n\u00ean nh\u1eb9 nh\u00e0ng h\u01a1n, kh\u00f4ng c\u1ea7n x\u1eed l\u00fd qu\u00e1 nhi\u1ec1u tr\u01b0\u1edbc khi s\u1eed d\u1ee5ng. Khi l\u1ea5y ra kh\u1ecfi t\u1ee7 l\u1ea1nh, ch\u1ec9 c\u1ea7n \u0111\u1ec3 m\u1ed9t th\u1eddi gian ng\u1eafn l\u00e0 c\u00f3 th\u1ec3 \u0111\u1ea1t \u0111\u1ed9 m\u1ec1m l\u00fd t\u01b0\u1edfng \u0111\u1ec3 tr\u1ed9n ho\u1eb7c ph\u1ebft.<\/p>\n<p><img decoding=\"async\" src=\"https:\/\/havamall.vn\/wp-content\/uploads\/2026\/04\/pho-mai-kem-mem-min-zelachi-200g-zelachi-cream-cheese-200g.webp\" alt=\"Ph\u00f4 Mai Kem M\u1ec1m M\u1ecbn Zelachi 200g \u2013 Zelachi Cream Cheese 200g\"><\/p>\n<p data-start=\"1507\" data-end=\"1814\">V\u1ec1 h\u01b0\u01a1ng v\u1ecb, cream cheese mang \u0111\u1eb7c tr\u01b0ng c\u1ee7a v\u1ecb b\u00e9o nh\u1eb9 t\u1eeb s\u1eefa k\u1ebft h\u1ee3p c\u00f9ng \u0111\u1ed9 chua d\u1ecbu. Ch\u00ednh y\u1ebfu t\u1ed1 n\u00e0y gi\u00fap c\u00e2n b\u1eb1ng l\u1ea1i t\u1ed5ng th\u1ec3 c\u1ee7a m\u00f3n \u0103n, \u0111\u1eb7c bi\u1ec7t trong c\u00e1c c\u00f4ng th\u1ee9c c\u00f3 \u0111\u01b0\u1eddng. Kh\u00f4ng t\u1ea1o c\u1ea3m gi\u00e1c ng\u1ea5y, c\u0169ng kh\u00f4ng qu\u00e1 nh\u1ea1t, cream cheese th\u01b0\u1eddng \u0111\u00f3ng vai tr\u00f2 l\u00e0m n\u1ec1n \u0111\u1ec3 c\u00e1c nguy\u00ean li\u1ec7u kh\u00e1c n\u1ed5i b\u1eadt h\u01a1n.<\/p>\n<p data-start=\"1507\" data-end=\"1814\"><img decoding=\"async\" src=\"https:\/\/havamall.vn\/wp-content\/uploads\/2026\/04\/pho-mai-kem-mem-min-zelachi-200g-zelachi-cream-cheese-200g-1.webp\" alt=\"Ph\u00f4 Mai Kem M\u1ec1m M\u1ecbn Zelachi 200g \u2013 Zelachi Cream Cheese 200g\"><\/p>\n<p data-start=\"1507\" data-end=\"1814\">C\u00e1c l\u1ee3i khu\u1ea9n c\u00f3 m\u1eb7t trong qu\u00e1 tr\u00ecnh l\u00ean men t\u1ef1 nhi\u00ean c\u1ee7a ph\u00f4 mai c\u00f2n \u0111\u00f3ng vai tr\u00f2 quan tr\u1ecdng trong vi\u1ec7c h\u1ed7 tr\u1ee3 h\u1ec7 ti\u00eau h\u00f3a, gi\u00fap c\u01a1 th\u1ec3 h\u1ea5p th\u1ee5 d\u01b0\u1ee1ng ch\u1ea5t t\u1ed1t h\u01a1n. \u0110\u1ed1i v\u1edbi nh\u1eefng ng\u01b0\u1eddi c\u1ea7n b\u1ed5 sung n\u0103ng l\u01b0\u1ee3ng nhanh ch\u00f3ng nh\u01b0ng v\u1eabn mu\u1ed1n duy tr\u00ec m\u1ed9t ch\u1ebf \u0111\u1ed9 \u0103n l\u00e0nh m\u1ea1nh, ph\u00f4 mai kem l\u00e0 l\u1ef1a ch\u1ecdn l\u00fd t\u01b0\u1edfng b\u1edfi h\u00e0m l\u01b0\u1ee3ng vitamin A v\u00e0 B12 thi\u1ebft y\u1ebfu, gi\u00fap t\u0103ng c\u01b0\u1eddng th\u1ecb l\u1ef1c v\u00e0 b\u1ea3o v\u1ec7 h\u1ec7 th\u1ea7n kinh.<\/p>\n<p data-start=\"1507\" data-end=\"1814\"><img decoding=\"async\" src=\"https:\/\/havamall.vn\/wp-content\/uploads\/2026\/04\/pho-mai-kem-mem-min-zelachi-200g-zelachi-cream-cheese-200g-2.webp\" alt=\"Ph\u00f4 Mai Kem M\u1ec1m M\u1ecbn Zelachi 200g \u2013 Zelachi Cream Cheese 200g\"><\/p>\n<p data-start=\"1507\" data-end=\"1814\">D\u00f9 l\u00e0 d\u00f2ng b\u00e1nh n\u01b0\u1edbng truy\u1ec1n th\u1ed1ng hay c\u00e1c lo\u1ea1i b\u00e1nh l\u1ea1nh (no-bake) k\u1ebft h\u1ee3p c\u00f9ng tr\u00e1i c\u00e2y t\u01b0\u01a1i, s\u1ea3n ph\u1ea9m lu\u00f4n \u0111\u1ea3m b\u1ea3o \u0111\u1ed9 \u0111\u1ee9ng form ho\u00e0n h\u1ea3o, m\u1ecbn m\u00e0ng v\u00e0 kh\u00f4ng b\u1ecb t\u00e1ch n\u01b0\u1edbc. Kh\u00f4ng ch\u1ec9 d\u1eebng l\u1ea1i \u1edf th\u1ebf gi\u1edbi \u0111\u1ed3 ng\u1ecdt, lo\u1ea1i ph\u00f4 mai n\u00e0y c\u00f2n th\u1ec3 hi\u1ec7n t\u00ednh \u0111a n\u0103ng v\u01b0\u1ee3t tr\u1ed9i trong c\u00e1c m\u00f3n m\u1eb7n.<\/p>\n<p data-start=\"1507\" data-end=\"1814\">M\u1ed9t l\u00e1t b\u00e1nh m\u00ec n\u01b0\u1edbng gi\u00f2n ph\u1ebft \u0111\u1eabm l\u1edbp Cream Cheese, th\u00eam v\u00e0i l\u00e1t c\u00e1 h\u1ed3i x\u00f4ng kh\u00f3i l\u00e0 b\u1ea1n \u0111\u00e3 c\u00f3 ngay m\u1ed9t b\u1eefa s\u00e1ng ki\u1ec3u \u00c2u chu\u1ea9n v\u1ecb. Th\u1eadm ch\u00ed, vi\u1ec7c l\u1ed3ng gh\u00e9p ph\u00f4 mai kem v\u00e0o c\u00e1c lo\u1ea1i s\u1ed1t m\u00ec \u00dd hay l\u1edbp m\u00e0ng kem &#8220;Macchiato&#8221; b\u00e9o ng\u1eady tr\u00ean t\u00e1ch tr\u00e0 s\u1eefa c\u0169ng t\u1ea1o n\u00ean nh\u1eefng s\u1ef1 b\u00f9ng n\u1ed5 h\u01b0\u01a1ng v\u1ecb \u0111\u1ea7y b\u1ea5t ng\u1edd.<\/p>\n<p data-start=\"1507\" data-end=\"1814\"><img decoding=\"async\" src=\"https:\/\/havamall.vn\/wp-content\/uploads\/2026\/04\/pho-mai-kem-mem-min-zelachi-200g-zelachi-cream-cheese-200g-3.webp\" alt=\"Ph\u00f4 Mai Kem M\u1ec1m M\u1ecbn Zelachi 200g \u2013 Zelachi Cream Cheese 200g\"><\/p>\n<p data-start=\"1507\" data-end=\"1814\">Hi\u1ec7n nay, Ph\u00f4 Mai Kem M\u1ec1m M\u1ecbn Zelachi \u0111ang \u0111\u01b0\u1ee3c b\u00e1n ch\u00ednh h\u00e3ng t\u1ea1i Havamall, \u0111\u01a1n v\u1ecb chuy\u00ean nh\u1eadp kh\u1ea9u c\u00e1c d\u00f2ng th\u1ef1c ph\u1ea9m cao c\u1ea5p, cam k\u1ebft mang \u0111\u1ebfn nh\u1eefng tr\u1ea3i nghi\u1ec7m \u1ea9m th\u1ef1c ch\u1ea5t l\u01b0\u1ee3ng v\u00e0 an t\u00e2m.<\/p>","protected":false},"excerpt":{"rendered":"<p>TH\u00d4NG TIN S\u1ea2N PH\u1ea8M Th\u01b0\u01a1ng hi\u1ec7u Zelachi Xu\u1ea5t x\u1ee9 Vi\u1ec7t Nam Th\u00e0nh ph\u1ea7n S\u1eefa b\u00f2 t\u01b0\u01a1i, kem s\u1eefa, men ph\u00f4<\/p>","protected":false},"featured_media":45073,"comment_status":"open","ping_status":"closed","template":"","meta":[],"product_brand":[],"product_cat":[677,255,275],"product_tag":[],"class_list":{"0":"post-45072","1":"product","2":"type-product","3":"status-publish","4":"has-post-thumbnail","6":"product_cat-cac-nuoc-khac","7":"product_cat-nguyen-lieu-lam-banh","8":"product_cat-thuc-pham-dong-lanh","10":"first","11":"instock","12":"sale","13":"shipping-taxable","14":"purchasable","15":"product-type-simple"},"_links":{"self":[{"href":"https:\/\/havamall.vn\/en\/wp-json\/wp\/v2\/product\/45072"}],"collection":[{"href":"https:\/\/havamall.vn\/en\/wp-json\/wp\/v2\/product"}],"about":[{"href":"https:\/\/havamall.vn\/en\/wp-json\/wp\/v2\/types\/product"}],"replies":[{"embeddable":true,"href":"https:\/\/havamall.vn\/en\/wp-json\/wp\/v2\/comments?post=45072"}],"version-history":[{"count":2,"href":"https:\/\/havamall.vn\/en\/wp-json\/wp\/v2\/product\/45072\/revisions"}],"predecessor-version":[{"id":45081,"href":"https:\/\/havamall.vn\/en\/wp-json\/wp\/v2\/product\/45072\/revisions\/45081"}],"wp:featuredmedia":[{"embeddable":true,"href":"https:\/\/havamall.vn\/en\/wp-json\/wp\/v2\/media\/45073"}],"wp:attachment":[{"href":"https:\/\/havamall.vn\/en\/wp-json\/wp\/v2\/media?parent=45072"}],"wp:term":[{"taxonomy":"product_brand","embeddable":true,"href":"https:\/\/havamall.vn\/en\/wp-json\/wp\/v2\/product_brand?post=45072"},{"taxonomy":"product_cat","embeddable":true,"href":"https:\/\/havamall.vn\/en\/wp-json\/wp\/v2\/product_cat?post=45072"},{"taxonomy":"product_tag","embeddable":true,"href":"https:\/\/havamall.vn\/en\/wp-json\/wp\/v2\/product_tag?post=45072"}],"curies":[{"name":"wp","href":"https:\/\/api.w.org\/{rel}","templated":true}]}}