{"id":45057,"date":"2026-04-15T16:04:25","date_gmt":"2026-04-15T09:04:25","guid":{"rendered":"https:\/\/havamall.vn\/?post_type=product&#038;p=45057"},"modified":"2026-04-15T16:04:33","modified_gmt":"2026-04-15T09:04:33","slug":"hat-thong-my-nuts-talk-300g-natural-pine-nuts","status":"publish","type":"product","link":"https:\/\/havamall.vn\/en\/shop\/hat-thong-my-nuts-talk-300g-natural-pine-nuts\/","title":{"rendered":"H\u1ea1t Th\u00f4ng M\u1ef9 Nuts Talk 300g \u2013 Natural Pine Nuts"},"content":{"rendered":"<h3 data-path-to-node=\"3\">TH\u00d4NG TIN S\u1ea2N PH\u1ea8M<\/h3>\n<div class=\"horizontal-scroll-wrapper\">\n<div class=\"table-block-component\">\n<div class=\"table-block has-export-button new-table-style is-at-scroll-start is-at-scroll-end\">\n<div class=\"table-content not-end-of-paragraph\" data-hveid=\"0\" data-ved=\"0CAAQ3ecQahgKEwim96yX_d-TAxUAAAAAHQAAAAAQhQM\">\n<table data-path-to-node=\"4\">\n<tbody>\n<tr>\n<td><span data-path-to-node=\"4,1,0,0\"><b data-path-to-node=\"4,1,0,0\" data-index-in-node=\"0\">Th\u01b0\u01a1ng hi\u1ec7u<\/b><\/span><\/td>\n<td>Nuts Talk<\/td>\n<\/tr>\n<tr>\n<td><span data-path-to-node=\"4,2,0,0\"><b data-path-to-node=\"4,2,0,0\" data-index-in-node=\"0\">Xu\u1ea5t x\u1ee9<\/b><\/span><\/td>\n<td>M\u1ef9<\/td>\n<\/tr>\n<tr>\n<td><span data-path-to-node=\"4,3,0,0\"><b data-path-to-node=\"4,3,0,0\" data-index-in-node=\"0\">Th\u00e0nh ph\u1ea7n<\/b><\/span><\/td>\n<td>100% h\u1ea1t th\u00f4ng ch\u00edn t\u1ef1 nhi\u00ean, kh\u00f4ng ch\u1ea5t b\u1ea3o qu\u1ea3n, kh\u00f4ng gia v\u1ecb nh\u00e2n t\u1ea1o<\/td>\n<\/tr>\n<tr>\n<td><span data-path-to-node=\"4,4,0,0\"><b data-path-to-node=\"4,4,0,0\" data-index-in-node=\"0\">H\u1ea1n s\u1eed d\u1ee5ng<\/b><\/span><\/td>\n<td>12 th\u00e1ng k\u1ec3 t\u1eeb ng\u00e0y s\u1ea3n xu\u1ea5t<\/td>\n<\/tr>\n<tr>\n<td><span data-path-to-node=\"4,5,0,0\"><b data-path-to-node=\"4,5,0,0\" data-index-in-node=\"0\">B\u1ea3o qu\u1ea3n<\/b><\/span><\/td>\n<td>N\u01a1i kh\u00f4 r\u00e1o, tho\u00e1ng m\u00e1t, tr\u00e1nh \u00e1nh n\u1eafng tr\u1ef1c ti\u1ebfp. Sau khi m\u1edf h\u1ed9p n\u00ean b\u1ea3o qu\u1ea3n trong ng\u0103n m\u00e1t t\u1ee7 l\u1ea1nh \u0111\u1ec3 gi\u1eef \u0111\u1ed9 gi\u00f2n v\u00e0 tr\u00e1nh b\u1ecb h\u00f4i d\u1ea7u<\/td>\n<\/tr>\n<tr>\n<td><span data-path-to-node=\"4,6,0,0\"><b data-path-to-node=\"4,6,0,0\" data-index-in-node=\"0\">Kh\u1ed1i l\u01b0\u1ee3ng<\/b><\/span><\/td>\n<td>300g<\/td>\n<\/tr>\n<\/tbody>\n<\/table>\n<p>\u0110\u01b0\u1ee3c m\u1ec7nh danh l\u00e0 &#8220;v\u00e0ng tr\u1eafng&#8221; c\u1ee7a r\u1eebng gi\u00e0, h\u1ea1t th\u00f4ng Nuts Talk mang tr\u1ecdn v\u1eb9n tinh th\u1ea7n thu\u1ea7n khi\u1ebft t\u1eeb nh\u1eefng c\u00e1nh r\u1eebng l\u00e1 kim b\u1ea1t ng\u00e0n c\u1ee7a v\u00f9ng B\u1eafc M\u1ef9, nh\u1eefng h\u1ea1t nh\u00e2n tr\u1eafng ng\u00e0 nh\u1ecf b\u00e9, qu\u1ea3 th\u00f4ng ph\u1ea3i m\u1ea5t t\u1eeb 15 \u0111\u1ebfn 20 n\u0103m m\u1edbi b\u1eaft \u0111\u1ea7u cho h\u1ea1t v\u00e0 tr\u1ea3i qua qu\u00e1 tr\u00ecnh thu h\u00e1i th\u1ee7 c\u00f4ng, ph\u01a1i kh\u00f4 t\u1ef1 nhi\u00ean d\u01b0\u1edbi \u00e1nh n\u1eafng m\u1eb7t tr\u1eddi, \u0111\u01b0\u1ee3c t\u00e1ch v\u1ecf s\u1eb5n, gi\u1eef l\u1ea1i ph\u1ea7n nh\u00e2n nguy\u00ean v\u1eb9n, ch\u1eafc m\u1ea9y v\u1edbi h\u00e0m l\u01b0\u1ee3ng d\u1ea7u t\u1ef1 nhi\u00ean cao.<\/p>\n<p><img decoding=\"async\" src=\"https:\/\/havamall.vn\/wp-content\/uploads\/2026\/04\/hat-thong-my-nuts-talk-300g-natural-pine-nuts.webp\" alt=\"H\u1ea1t Th\u00f4ng M\u1ef9 Nuts Talk 300g \u2013 Natural Pine Nuts\"><\/p>\n<p>Kh\u00f4ng qu\u00e1 gi\u00f2n c\u1ee9ng nh\u01b0 c\u00e1c lo\u1ea1i h\u1ea1t rang th\u00f4ng th\u01b0\u1eddng m\u00e0 mang k\u1ebft c\u1ea5u m\u1ec1m nh\u1eb9, tan ch\u1ea3y v\u1edbi v\u1ecb b\u00e9o b\u00f9i \u0111\u1eb7c tr\u01b0ng v\u00e0 h\u1eadu v\u1ecb ng\u1ecdt thanh d\u1ecbu d\u00e0ng, gi\u1eef tr\u1ecdn h\u01b0\u01a1ng th\u01a1m t\u1ef1 nhi\u00ean c\u1ee7a g\u1ed7 th\u00f4ng m\u00e0 kh\u00f4ng b\u1ecb l\u1ea5n \u00e1t b\u1edfi gia v\u1ecb nh\u00e2n t\u1ea1o hay ch\u1ea5t b\u1ea3o qu\u1ea3n. V\u1ec1 m\u1eb7t s\u1ee9c kh\u1ecfe, h\u1ea1t th\u00f4ng l\u00e0 ngu\u1ed3n cung c\u1ea5p axit pinolenic \u2013 m\u1ed9t lo\u1ea1i axit b\u00e9o t\u1ef1 nhi\u00ean h\u1ed7 tr\u1ee3 ki\u1ec3m so\u00e1t c\u01a1n th\u00e8m \u0103n hi\u1ec7u qu\u1ea3. B\u00ean c\u1ea1nh \u0111\u00f3, h\u00e0m l\u01b0\u1ee3ng Vitamin E, lutein v\u00e0 c\u00e1c ch\u1ea5t b\u00e9o kh\u00f4ng b\u00e3o h\u00f2a \u0111\u01a1n d\u1ed3i d\u00e0o trong h\u1ea1t th\u00f4ng c\u00f2n gi\u00fap b\u1ea3o v\u1ec7 tim m\u1ea1ch, t\u0103ng c\u01b0\u1eddng th\u1ecb l\u1ef1c v\u00e0 nu\u00f4i d\u01b0\u1ee1ng l\u00e0n da kh\u1ecfe m\u1ea1nh t\u1eeb b\u00ean trong.<img decoding=\"async\" src=\"https:\/\/havamall.vn\/wp-content\/uploads\/2026\/04\/hat-thong-my-nuts-talk-300g-natural-pine-nuts-1.webp\" alt=\"H\u1ea1t Th\u00f4ng M\u1ef9 Nuts Talk 300g \u2013 Natural Pine Nuts\"><\/p>\n<p data-path-to-node=\"10\">M\u1ed9t trong nh\u1eefng c\u00e1ch s\u1eed d\u1ee5ng kinh \u0111i\u1ec3n nh\u1ea5t ch\u00ednh l\u00e0 l\u00e0m nguy\u00ean li\u1ec7u ch\u00ednh cho s\u1ed1t Pesto xanh l\u1eebng danh. Ch\u1ec9 c\u1ea7n xay nhuy\u1ec5n h\u1ea1t th\u00f4ng c\u00f9ng l\u00e1 h\u00fang t\u00e2y, t\u1ecfi, ph\u00f4 mai Parmesan v\u00e0 d\u1ea7u \u00f4 liu, ta s\u1ebd c\u00f3 m\u1ed9t lo\u1ea1i s\u1ed1t th\u1ea7n th\u00e1nh gi\u00fap n\u00e2ng t\u1ea7m m\u1ecdi m\u00f3n m\u00ec \u00dd ho\u1eb7c salad. S\u1ef1 b\u00e9o b\u00f9i c\u1ee7a h\u1ea1t th\u00f4ng l\u00e0m cho k\u1ebft c\u1ea5u s\u1ed1t tr\u1edf n\u00ean m\u01b0\u1ee3t m\u00e0 v\u00e0 th\u01a1m ngon kh\u00f3 c\u01b0\u1ee1ng.<\/p>\n<p data-path-to-node=\"10\"><img decoding=\"async\" src=\"https:\/\/havamall.vn\/wp-content\/uploads\/2026\/04\/hat-thong-my-nuts-talk-300g-natural-pine-nuts-2.webp\" alt=\"H\u1ea1t Th\u00f4ng M\u1ef9 Nuts Talk 300g \u2013 Natural Pine Nuts\"><\/p>\n<p data-path-to-node=\"11\">Trong c\u00e1c b\u1eefa \u0103n h\u1eb1ng ng\u00e0y, ch\u1ec9 c\u1ea7n r\u1eafc m\u1ed9t n\u1eafm nh\u1ecf h\u1ea1t th\u00f4ng \u0111\u00e3 rang s\u01a1 l\u00ean \u0111\u0129a salad tr\u00e1i c\u00e2y, s\u1eefa chua ho\u1eb7c b\u00e1t smoothie bu\u1ed5i s\u00e1ng l\u00e0 \u0111\u00e3 \u0111\u1ee7 \u0111\u1ec3 cung c\u1ea5p n\u0103ng l\u01b0\u1ee3ng b\u1ec1n b\u1ec9 cho c\u1ea3 ng\u00e0y l\u00e0m vi\u1ec7c. V\u1edbi nh\u1eefng t\u00e2m h\u1ed3n y\u00eau th\u00edch n\u01b0\u1edbng b\u00e1nh, h\u1ea1t th\u00f4ng s\u1ebd l\u00e0 \u0111i\u1ec3m nh\u1ea5n ho\u00e0n h\u1ea3o cho c\u00e1c lo\u1ea1i b\u00e1nh quy, b\u00e1nh b\u00f4ng lan ho\u1eb7c brownie, t\u1ea1o n\u00ean s\u1ef1 \u0111\u1ed1i l\u1eadp th\u00fa v\u1ecb gi\u1eefa l\u1edbp b\u00e1nh m\u1ec1m v\u00e0 h\u1ea1t gi\u00f2n tan. Th\u1eadm ch\u00ed, vi\u1ec7c k\u1ebft h\u1ee3p h\u1ea1t th\u00f4ng v\u00e0o c\u00e1c m\u00f3n x\u00e0o ho\u1eb7c c\u01a1m chi\u00ean ki\u1ec3u \u00c1 c\u0169ng t\u1ea1o n\u00ean m\u1ed9t s\u1ef1 ph\u00e1 c\u00e1ch th\u00fa v\u1ecb, khi\u1ebfn m\u00f3n \u0103n v\u1ed1n quen thu\u1ed9c tr\u1edf n\u00ean cao c\u1ea5p v\u00e0 l\u1ea1 mi\u1ec7ng h\u01a1n.<\/p>\n<p data-path-to-node=\"11\"><img decoding=\"async\" src=\"https:\/\/havamall.vn\/wp-content\/uploads\/2026\/04\/hat-thong-my-nuts-talk-300g-natural-pine-nuts-3.webp\" alt=\"H\u1ea1t Th\u00f4ng M\u1ef9 Nuts Talk 300g \u2013 Natural Pine Nuts\"><\/p>\n<p data-path-to-node=\"11\">Do ch\u1ee9a nhi\u1ec1u d\u1ea7u t\u1ef1 nhi\u00ean, h\u1ea1t th\u00f4ng Nuts Talk n\u00ean \u0111\u01b0\u1ee3c b\u1ea3o qu\u1ea3n k\u00edn trong m\u00f4i tr\u01b0\u1eddng m\u00e1t \u0111\u1ec3 duy tr\u00ec h\u01b0\u01a1ng v\u1ecb v\u00e0 ch\u1ea5t l\u01b0\u1ee3ng t\u1ed1t nh\u1ea5t. V\u1edbi ti\u00eau chu\u1ea9n 100% t\u1ef1 nhi\u00ean, kh\u00f4ng cholesterol v\u00e0 kh\u00f4ng ch\u1ea5t b\u00e9o, \u0111\u00e2y ch\u00ednh l\u00e0 s\u1ef1 l\u1ef1a ch\u1ecdn t\u1eed t\u1ebf cho s\u1ee9c kh\u1ecfe c\u1ee7a c\u1ea3 gia \u0111\u00ecnh. Hi\u1ec7n nay, s\u1ea3n ph\u1ea9m H\u1ea1t Th\u00f4ng T\u1ef1 Nhi\u00ean T\u00e1ch V\u1ecf Nuts Talk \u0111ang \u0111\u01b0\u1ee3c ph\u00e2n ph\u1ed1i ch\u00ednh h\u00e3ng t\u1ea1i Havamall,<\/p>\n<\/div>\n<\/div>\n<\/div>\n<\/div>","protected":false},"excerpt":{"rendered":"<p>TH\u00d4NG TIN S\u1ea2N PH\u1ea8M Th\u01b0\u01a1ng hi\u1ec7u Nuts Talk Xu\u1ea5t x\u1ee9 M\u1ef9 Th\u00e0nh ph\u1ea7n 100% h\u1ea1t th\u00f4ng ch\u00edn t\u1ef1 nhi\u00ean, kh\u00f4ng<\/p>","protected":false},"featured_media":45066,"comment_status":"open","ping_status":"closed","template":"","meta":[],"product_brand":[],"product_cat":[594,669,154,134],"product_tag":[],"class_list":{"0":"post-45057","1":"product","2":"type-product","3":"status-publish","4":"has-post-thumbnail","6":"product_cat-dau-cu-qua-kho","7":"product_cat-nhap-khau-my","8":"product_cat-gia-vi","9":"product_cat-thucpham-saykho","11":"first","12":"instock","13":"sale","14":"shipping-taxable","15":"purchasable","16":"product-type-simple"},"_links":{"self":[{"href":"https:\/\/havamall.vn\/en\/wp-json\/wp\/v2\/product\/45057"}],"collection":[{"href":"https:\/\/havamall.vn\/en\/wp-json\/wp\/v2\/product"}],"about":[{"href":"https:\/\/havamall.vn\/en\/wp-json\/wp\/v2\/types\/product"}],"replies":[{"embeddable":true,"href":"https:\/\/havamall.vn\/en\/wp-json\/wp\/v2\/comments?post=45057"}],"version-history":[{"count":1,"href":"https:\/\/havamall.vn\/en\/wp-json\/wp\/v2\/product\/45057\/revisions"}],"predecessor-version":[{"id":45071,"href":"https:\/\/havamall.vn\/en\/wp-json\/wp\/v2\/product\/45057\/revisions\/45071"}],"wp:featuredmedia":[{"embeddable":true,"href":"https:\/\/havamall.vn\/en\/wp-json\/wp\/v2\/media\/45066"}],"wp:attachment":[{"href":"https:\/\/havamall.vn\/en\/wp-json\/wp\/v2\/media?parent=45057"}],"wp:term":[{"taxonomy":"product_brand","embeddable":true,"href":"https:\/\/havamall.vn\/en\/wp-json\/wp\/v2\/product_brand?post=45057"},{"taxonomy":"product_cat","embeddable":true,"href":"https:\/\/havamall.vn\/en\/wp-json\/wp\/v2\/product_cat?post=45057"},{"taxonomy":"product_tag","embeddable":true,"href":"https:\/\/havamall.vn\/en\/wp-json\/wp\/v2\/product_tag?post=45057"}],"curies":[{"name":"wp","href":"https:\/\/api.w.org\/{rel}","templated":true}]}}