{"id":45035,"date":"2026-04-14T09:56:52","date_gmt":"2026-04-14T02:56:52","guid":{"rendered":"https:\/\/havamall.vn\/?post_type=product&#038;p=45035"},"modified":"2026-04-14T10:57:03","modified_gmt":"2026-04-14T03:57:03","slug":"gia-vi-thao-moc-ham-ga-sam-han-quoc-truyen-thong-100g-korean-traditional-samgyetang-herbal-pack-100g","status":"publish","type":"product","link":"https:\/\/havamall.vn\/en\/shop\/gia-vi-thao-moc-ham-ga-sam-han-quoc-truyen-thong-100g-korean-traditional-samgyetang-herbal-pack-100g\/","title":{"rendered":"Gia V\u1ecb Th\u1ea3o M\u1ed9c H\u1ea7m G\u00e0 S\u00e2m H\u00e0n Qu\u1ed1c Truy\u1ec1n Th\u1ed1ng 100g \u2013 Korean Traditional Samgyetang Herbal Pack 100g"},"content":{"rendered":"<h3 data-path-to-node=\"3\">TH\u00d4NG TIN S\u1ea2N PH\u1ea8M<\/h3>\n<div class=\"horizontal-scroll-wrapper\">\n<div class=\"table-block-component\">\n<div class=\"table-block has-export-button new-table-style is-at-scroll-start is-at-scroll-end\">\n<div class=\"table-content not-end-of-paragraph\" data-hveid=\"0\" data-ved=\"0CAAQ3ecQahgKEwim96yX_d-TAxUAAAAAHQAAAAAQrwM\">\n<table style=\"width: 57.5476%;height: 140px\" width=\"380\" data-path-to-node=\"4\">\n<tbody>\n<tr>\n<td style=\"width: 17.9301%\"><span data-path-to-node=\"4,1,0,0\"><b data-path-to-node=\"4,1,0,0\" data-index-in-node=\"0\">Th\u01b0\u01a1ng hi\u1ec7u<\/b><\/span><\/td>\n<td style=\"width: 84.9993%\">Seong Yong (\uc131\uc6a9\ub18d)<\/td>\n<\/tr>\n<tr>\n<td style=\"width: 17.9301%\"><span data-path-to-node=\"4,2,0,0\"><b data-path-to-node=\"4,2,0,0\" data-index-in-node=\"0\">Xu\u1ea5t x\u1ee9<\/b><\/span><\/td>\n<td style=\"width: 84.9993%\">H\u00e0n Qu\u1ed1c<\/td>\n<\/tr>\n<tr>\n<td style=\"width: 17.9301%\"><span data-path-to-node=\"4,3,0,0\"><b data-path-to-node=\"4,3,0,0\" data-index-in-node=\"0\">Th\u00e0nh ph\u1ea7n<\/b><\/span><\/td>\n<td style=\"width: 84.9993%\">C\u00e2y hovenia dulcis (H\u00e0n Qu\u1ed1c), \u0111\u01b0\u01a1ng quy (H\u00e0n Qu\u1ed1c), t\u00e1o t\u00e0u (H\u00e0n Qu\u1ed1c), ng\u0169 gia b\u00ec (Trung Qu\u1ed1c), ho\u00e0ng k\u1ef3 (Trung Qu\u1ed1c), nhung h\u01b0\u01a1u (Nga)<\/td>\n<\/tr>\n<tr>\n<td style=\"width: 17.9301%\"><span data-path-to-node=\"4,3,0,0\"><b data-path-to-node=\"4,3,0,0\" data-index-in-node=\"0\">H\u1ea1n S\u1eed D\u1ee5ng<\/b><\/span><\/td>\n<td style=\"width: 84.9993%\">24 th\u00e1ng k\u1ec3 t\u1eeb ng\u00e0y s\u1ea3n xu\u1ea5t<\/td>\n<\/tr>\n<tr>\n<td style=\"width: 17.9301%\"><span data-path-to-node=\"4,4,0,0\"><b data-path-to-node=\"4,4,0,0\" data-index-in-node=\"0\">Kh\u1ed1i l\u01b0\u1ee3ng t\u1ecbnh<\/b><\/span><\/td>\n<td style=\"width: 84.9993%\">100g<\/td>\n<\/tr>\n<tr>\n<td style=\"width: 17.9301%\"><span data-path-to-node=\"4,5,0,0\"><b data-path-to-node=\"4,5,0,0\" data-index-in-node=\"0\">B\u1ea3o qu\u1ea3n<\/b><\/span><\/td>\n<td style=\"width: 84.9993%\">N\u01a1i kh\u00f4 r\u00e1o, tho\u00e1ng m\u00e1t, tr\u00e1nh \u1ea9m v\u00e0 \u00e1nh n\u1eafng tr\u1ef1c ti\u1ebfp<\/td>\n<\/tr>\n<\/tbody>\n<\/table>\n<p>\u0110\u1ec3 t\u00e1i hi\u1ec7n m\u00f3n \u0103n Samgyetang (g\u00e0 h\u1ea7m s\u00e2m), thay v\u00ec c\u00e1c lo\u1ea1i b\u1ed9t gia v\u1ecb t\u1ed5ng h\u1ee3p, g\u00f3i nguy\u00ean li\u1ec7u n\u00e0y gi\u1eef nguy\u00ean h\u00ecnh th\u00e1i th\u00f4 c\u1ee7a c\u00e1c lo\u1ea1i th\u1ea3o m\u1ed9c t\u1ef1 nhi\u00ean nh\u01b0 ho\u00e0ng k\u1ef3, \u0111\u01b0\u01a1ng quy, t\u00e1o \u0111\u1ecf, cam th\u1ea3o v\u00e0 hovenia dulcis, mang l\u1ea1i m\u00f9i th\u01a1m \u0111\u1eb7c tr\u01b0ng v\u00e0 ngu\u1ed3n d\u01b0\u1ee1ng ch\u1ea5t thu\u1ea7n khi\u1ebft nh\u1ea5t. Khi \u0111\u01b0\u1ee3c ninh l\u00e2u trong n\u01b0\u1edbc c\u00f9ng g\u00e0 t\u01a1, c\u00e1c ho\u1ea1t ch\u1ea5t qu\u00fd t\u1eeb r\u1ec5 c\u00e2y b\u1eaft \u0111\u1ea7u ti\u1ebft ra, t\u1ea1o n\u00ean ph\u1ea7n n\u01b0\u1edbc d\u00f9ng m\u00e0u v\u00e0ng nh\u1ea1t, thanh trong v\u1edbi v\u1ecb &#8220;ng\u1ecdt s\u00e2u&#8221; t\u1ef1 nhi\u00ean.<\/p>\n<p><img decoding=\"async\" src=\"https:\/\/havamall.vn\/wp-content\/uploads\/2026\/04\/gia-vi-thao-moc-ham-ga-sam-han-quoc-truyen-thong-100g-korean-traditional-samgyetang-herbal-pack-100g-7-scaled.webp\" alt=\"Gia V\u1ecb Th\u1ea3o M\u1ed9c H\u1ea7m G\u00e0 S\u00e2m H\u00e0n Qu\u1ed1c Truy\u1ec1n Th\u1ed1ng 100g \u2013 Korean Traditional Samgyetang Herbal Pack 100g\"><\/p>\n<p>V\u1ec1 m\u1eb7t s\u1ee9c kh\u1ecfe, \u0111\u00e2y l\u00e0 m\u1ed9t li\u1ec7u ph\u00e1p ph\u1ee5c h\u1ed3i to\u00e0n di\u1ec7n: ho\u00e0ng k\u1ef3 gi\u00fap t\u0103ng c\u01b0\u1eddng s\u1ee9c \u0111\u1ec1 kh\u00e1ng, \u0111\u01b0\u01a1ng quy h\u1ed7 tr\u1ee3 l\u01b0u th\u00f4ng m\u00e1u, trong khi t\u00e1o \u0111\u1ecf v\u00e0 cam th\u1ea3o \u0111\u00f3ng vai tr\u00f2 \u0111i\u1ec1u h\u00f2a, l\u00e0m d\u1ecbu v\u1ecb v\u00e0 b\u1ed3i b\u1ed5 ng\u0169 t\u1ea1ng, l\u00e0 l\u1ef1a ch\u1ecdn l\u00fd t\u01b0\u1edfng cho ng\u01b0\u1eddi cao tu\u1ed5i, ng\u01b0\u1eddi m\u1edbi \u1ed1m d\u1eady ho\u1eb7c nh\u1eefng ai th\u01b0\u1eddng xuy\u00ean l\u00e0m vi\u1ec7c c\u01b0\u1eddng \u0111\u1ed9 cao c\u1ea7n ph\u1ee5c h\u1ed3i sinh l\u1ef1c.<\/p>\n<p>\u2013\u00a0<b data-path-to-node=\"6,0,0\" data-index-in-node=\"0\">S\u01a1 ch\u1ebf:<\/b>\u00a0R\u1eeda nh\u1eb9 c\u00e1c v\u1ecb th\u1ea3o m\u1ed9c d\u01b0\u1edbi v\u00f2i n\u01b0\u1edbc ch\u1ea3y \u0111\u1ec3 lo\u1ea1i b\u1ecf b\u1ee5i t\u1ef1 nhi\u00ean tr\u01b0\u1edbc khi cho v\u00e0o n\u1ed3i.<\/p>\n<p>\u2013\u00a0<strong>Ch\u1ebf bi\u1ebfn:<\/strong>\u00a0M\u1ed9t con g\u00e0 t\u01a1 \u0111\u01b0\u1ee3c nh\u1ed3i \u0111\u1ea7y g\u1ea1o n\u1ebfp, t\u1ecfi v\u00e0 t\u00e1o \u0111\u1ecf, sau \u0111\u00f3 h\u1ea7m c\u00f9ng g\u00f3i gia v\u1ecb trong kho\u1ea3ng 1 gi\u1edd cho \u0111\u1ebfn khi th\u1ecbt ch\u00edn m\u1ec1m, r\u1eddi x\u01b0\u01a1ng.<\/p>\n<p>\u2013\u00a0<b data-path-to-node=\"6,2,0\" data-index-in-node=\"0\">Ho\u00e0n thi\u1ec7n:<\/b>\u00a0N\u00eam nh\u1eb9 v\u1edbi ch\u00fat mu\u1ed1i, ti\u00eau v\u00e0 th\u01b0\u1edfng th\u1ee9c k\u00e8m kim chi ho\u1eb7c h\u00e0nh l\u00e1 \u0111\u1ec3 h\u01b0\u01a1ng v\u1ecb th\u00eam tr\u1ecdn v\u1eb9n.<\/p>\n<p><img decoding=\"async\" src=\"https:\/\/havamall.vn\/wp-content\/uploads\/2026\/04\/gia-vi-thao-moc-ham-ga-sam-han-quoc-truyen-thong-100g-korean-traditional-samgyetang-herbal-pack-100g-4.png\" alt=\"Gia V\u1ecb Th\u1ea3o M\u1ed9c H\u1ea7m G\u00e0 S\u00e2m H\u00e0n Qu\u1ed1c Truy\u1ec1n Th\u1ed1ng 100g \u2013 Korean Traditional Samgyetang Herbal Pack 100g\"><\/p>\n<p>Kh\u00f4ng ch\u1ec9 gi\u1edbi h\u1ea1n trong m\u00f3n g\u00e0 h\u1ea7m s\u00e2m truy\u1ec1n th\u1ed1ng, g\u00f3i th\u1ea3o m\u1ed9c n\u00e0y c\u00f2n th\u1ec3 hi\u1ec7n t\u00ednh \u0111a d\u1ee5ng v\u01b0\u1ee3t tr\u1ed9i khi c\u00f3 th\u1ec3 d\u00f9ng \u0111\u1ec3 h\u1ea7m x\u01b0\u01a1ng, s\u01b0\u1eddn non ho\u1eb7c n\u1ea5u canh d\u01b0\u1ee1ng sinh c\u00f9ng c\u00e1c lo\u1ea1i n\u1ea5m. V\u1ecb th\u1ea3o m\u1ed9c t\u1ef1 nhi\u00ean gi\u00fap kh\u1eed s\u1ea1ch m\u00f9i \u0111\u1eb7c tr\u01b0ng c\u1ee7a th\u1ecbt, khi\u1ebfn m\u00f3n h\u1ea7m tr\u1edf n\u00ean thanh tao v\u00e0 cao c\u1ea5p h\u01a1n. Th\u1eadm ch\u00ed, ph\u1ea7n n\u01b0\u1edbc d\u00f9ng tinh t\u00fay c\u00f2n c\u00f3 th\u1ec3 t\u1eadn d\u1ee5ng \u0111\u1ec3 n\u1ea5u ch\u00e1o s\u00e2m s\u00e1nh m\u1ecbn, mang l\u1ea1i tr\u1ea3i nghi\u1ec7m \u1ea9m th\u1ef1c \u0111\u1ea7y c\u1ea3m x\u00fac.<\/p>\n<p><img decoding=\"async\" src=\"https:\/\/carryitlikeharry.com\/wp-content\/uploads\/2017\/07\/DSCF0514.jpg\" alt=\"Gia V\u1ecb Th\u1ea3o M\u1ed9c H\u1ea7m G\u00e0 S\u00e2m H\u00e0n Qu\u1ed1c Truy\u1ec1n Th\u1ed1ng 100g \u2013 Korean Traditional Samgyetang Herbal Pack 100g\"><\/p>\n<p>Hi\u1ec7n nay, Gia V\u1ecb Th\u1ea3o M\u1ed9c H\u1ea7m G\u00e0 S\u00e2m H\u00e0n Qu\u1ed1c \u0111ang \u0111\u01b0\u1ee3c ph\u00e2n ph\u1ed1i ch\u00ednh h\u00e3ng t\u1ea1i Havamall, \u0111\u01a1n v\u1ecb uy t\u00edn chuy\u00ean nh\u1eadp kh\u1ea9u c\u00e1c d\u00f2ng th\u1ef1c ph\u1ea9m ch\u1ea5t l\u01b0\u1ee3ng, cam k\u1ebft \u0111\u1ed3ng h\u00e0nh c\u00f9ng b\u1ea1n trong h\u00e0nh tr\u00ecnh ch\u0103m s\u00f3c s\u1ee9c kh\u1ecfe ch\u1ee7 \u0111\u1ed9ng cho c\u1ea3 gia \u0111\u00ecnh.<\/p>\n<\/div>\n<\/div>\n<\/div>\n<\/div>","protected":false},"excerpt":{"rendered":"<p>TH\u00d4NG TIN S\u1ea2N PH\u1ea8M Th\u01b0\u01a1ng hi\u1ec7u Seong Yong (\uc131\uc6a9\ub18d) Xu\u1ea5t x\u1ee9 H\u00e0n Qu\u1ed1c Th\u00e0nh ph\u1ea7n C\u00e2y hovenia dulcis (H\u00e0n Qu\u1ed1c),<\/p>","protected":false},"featured_media":45036,"comment_status":"open","ping_status":"closed","template":"","meta":[],"product_brand":[],"product_cat":[595,676,134],"product_tag":[],"class_list":{"0":"post-45035","1":"product","2":"type-product","3":"status-publish","4":"has-post-thumbnail","6":"product_cat-gia-vi-va-che-bien","7":"product_cat-nhap-khau-han-quoc","8":"product_cat-thucpham-saykho","10":"first","11":"instock","12":"sale","13":"shipping-taxable","14":"purchasable","15":"product-type-simple"},"_links":{"self":[{"href":"https:\/\/havamall.vn\/en\/wp-json\/wp\/v2\/product\/45035"}],"collection":[{"href":"https:\/\/havamall.vn\/en\/wp-json\/wp\/v2\/product"}],"about":[{"href":"https:\/\/havamall.vn\/en\/wp-json\/wp\/v2\/types\/product"}],"replies":[{"embeddable":true,"href":"https:\/\/havamall.vn\/en\/wp-json\/wp\/v2\/comments?post=45035"}],"version-history":[{"count":4,"href":"https:\/\/havamall.vn\/en\/wp-json\/wp\/v2\/product\/45035\/revisions"}],"predecessor-version":[{"id":45055,"href":"https:\/\/havamall.vn\/en\/wp-json\/wp\/v2\/product\/45035\/revisions\/45055"}],"wp:featuredmedia":[{"embeddable":true,"href":"https:\/\/havamall.vn\/en\/wp-json\/wp\/v2\/media\/45036"}],"wp:attachment":[{"href":"https:\/\/havamall.vn\/en\/wp-json\/wp\/v2\/media?parent=45035"}],"wp:term":[{"taxonomy":"product_brand","embeddable":true,"href":"https:\/\/havamall.vn\/en\/wp-json\/wp\/v2\/product_brand?post=45035"},{"taxonomy":"product_cat","embeddable":true,"href":"https:\/\/havamall.vn\/en\/wp-json\/wp\/v2\/product_cat?post=45035"},{"taxonomy":"product_tag","embeddable":true,"href":"https:\/\/havamall.vn\/en\/wp-json\/wp\/v2\/product_tag?post=45035"}],"curies":[{"name":"wp","href":"https:\/\/api.w.org\/{rel}","templated":true}]}}