{"id":45019,"date":"2026-04-13T11:16:05","date_gmt":"2026-04-13T04:16:05","guid":{"rendered":"https:\/\/havamall.vn\/?post_type=product&#038;p=45019"},"modified":"2026-04-13T11:16:15","modified_gmt":"2026-04-13T04:16:15","slug":"ky-tu-do-say-kho-tu-nhien-nuts-talk-250g-nuts-talk-dried-goji-berries-200g","status":"publish","type":"product","link":"https:\/\/havamall.vn\/en\/shop\/ky-tu-do-say-kho-tu-nhien-nuts-talk-250g-nuts-talk-dried-goji-berries-200g\/","title":{"rendered":"K\u1ef7 T\u1eed \u0110\u1ecf S\u1ea5y Kh\u00f4 T\u1ef1 Nhi\u00ean Nuts Talk 250g \u2013 Nuts Talk Dried Goji Berries 200g"},"content":{"rendered":"<h3 data-path-to-node=\"3\">TH\u00d4NG TIN S\u1ea2N PH\u1ea8M<\/h3>\n<div class=\"horizontal-scroll-wrapper\">\n<div class=\"table-block-component\">\n<div class=\"table-block has-export-button new-table-style is-at-scroll-start is-at-scroll-end\">\n<div class=\"table-content not-end-of-paragraph\" data-hveid=\"0\" data-ved=\"0CAAQ3ecQahgKEwim96yX_d-TAxUAAAAAHQAAAAAQrwM\">\n<table style=\"height: 193px;width: 48.4054%\" width=\"380\" data-path-to-node=\"4\">\n<tbody>\n<tr>\n<td style=\"width: 33.9474%\"><span data-path-to-node=\"4,1,0,0\"><b data-path-to-node=\"4,1,0,0\" data-index-in-node=\"0\">Th\u01b0\u01a1ng hi\u1ec7u<\/b><\/span><\/td>\n<td style=\"width: 84.7374%\">Nuts Talk<\/td>\n<\/tr>\n<tr>\n<td style=\"width: 33.9474%\"><span data-path-to-node=\"4,2,0,0\"><b data-path-to-node=\"4,2,0,0\" data-index-in-node=\"0\">Xu\u1ea5t x\u1ee9<\/b><\/span><\/td>\n<td style=\"width: 84.7374%\">Ninh H\u1ea1, Trung Qu\u1ed1c<\/td>\n<\/tr>\n<tr>\n<td style=\"width: 33.9474%\"><span data-path-to-node=\"4,3,0,0\"><b data-path-to-node=\"4,3,0,0\" data-index-in-node=\"0\">Th\u00e0nh ph\u1ea7n<\/b><\/span><\/td>\n<td style=\"width: 84.7374%\">100% k\u1ef7 t\u1eed \u0111\u1ecf s\u1ea5y kh\u00f4 t\u1ef1 nhi\u00ean, kh\u00f4ng x\u00f4ng l\u01b0u hu\u1ef3nh, kh\u00f4ng ch\u1ea5t b\u1ea3o qu\u1ea3n<\/td>\n<\/tr>\n<tr>\n<td style=\"width: 33.9474%\"><span data-path-to-node=\"4,3,0,0\"><b data-path-to-node=\"4,3,0,0\" data-index-in-node=\"0\">H\u1ea1n S\u1eed D\u1ee5ng<\/b><\/span><\/td>\n<td style=\"width: 84.7374%\">12 th\u00e1ng k\u1ec3 t\u1eeb ng\u00e0y s\u1ea3n xu\u1ea5t<\/td>\n<\/tr>\n<tr>\n<td style=\"width: 33.9474%\"><span data-path-to-node=\"4,4,0,0\"><b data-path-to-node=\"4,4,0,0\" data-index-in-node=\"0\">Kh\u1ed1i l\u01b0\u1ee3ng t\u1ecbnh<\/b><\/span><\/td>\n<td style=\"width: 84.7374%\">250g<\/td>\n<\/tr>\n<tr>\n<td style=\"width: 33.9474%\"><span data-path-to-node=\"4,5,0,0\"><b data-path-to-node=\"4,5,0,0\" data-index-in-node=\"0\">B\u1ea3o qu\u1ea3n<\/b><\/span><\/td>\n<td style=\"width: 84.7374%\">N\u01a1i kh\u00f4 r\u00e1o, tr\u00e1nh \u00e1nh n\u1eafng tr\u1ef1c ti\u1ebfp; n\u00ean b\u1ea3o qu\u1ea3n ng\u0103n m\u00e1t t\u1ee7 l\u1ea1nh sau khi m\u1edf t\u00fai \u0111\u1ec3 gi\u1eef m\u00e0u s\u1eafc v\u00e0 \u0111\u1ed9 d\u1ebbo<\/td>\n<\/tr>\n<\/tbody>\n<\/table>\n<p data-start=\"917\" data-end=\"1311\">K\u1ef7 t\u1eed, hay c\u00f2n g\u1ecdi l\u00e0 goji berry, c\u00f3 ngu\u1ed3n g\u1ed1c t\u1eeb c\u00e1c v\u00f9ng kh\u00ed h\u1eadu kh\u00f4 v\u00e0 b\u00e1n kh\u00f4 \u1edf ch\u00e2u \u00c1, \u0111\u1eb7c bi\u1ec7t ph\u1ed5 bi\u1ebfn t\u1ea1i Trung Qu\u1ed1c. Trong y h\u1ecdc c\u1ed5 truy\u1ec1n, lo\u1ea1i qu\u1ea3 n\u00e0y th\u01b0\u1eddng xu\u1ea5t hi\u1ec7n trong nhi\u1ec1u b\u00e0i thu\u1ed1c v\u1edbi vai tr\u00f2 h\u1ed7 tr\u1ee3 c\u01a1 th\u1ec3 duy tr\u00ec tr\u1ea1ng th\u00e1i c\u00e2n b\u1eb1ng. Kh\u00f4ng d\u1eebng l\u1ea1i \u1edf ph\u1ea1m vi truy\u1ec1n th\u1ed1ng, k\u1ef7 t\u1eed ng\u00e0y nay c\u00f2n \u0111\u01b0\u1ee3c nghi\u00ean c\u1ee9u r\u1ed9ng r\u00e3i v\u00e0 \u0111\u01b0\u1ee3c x\u1ebfp v\u00e0o nh\u00f3m th\u1ef1c ph\u1ea9m gi\u00e0u gi\u00e1 tr\u1ecb dinh d\u01b0\u1ee1ng.<\/p>\n<p data-start=\"917\" data-end=\"1311\"><img fetchpriority=\"high\" decoding=\"async\" class=\"aligncenter  wp-image-45787\" src=\"https:\/\/havamall.com\/wp-content\/uploads\/2026\/04\/629463010_1550816116889173_5729332346075026588_n.jpg\" alt=\"\" width=\"801\" height=\"436\" \/><\/p>\n<p data-start=\"1313\" data-end=\"1682\">Nh\u1eefng qu\u1ea3 k\u1ef7 t\u1eed sau khi thu ho\u1ea1ch s\u1ebd \u0111\u01b0\u1ee3c s\u1ea5y kh\u00f4 nh\u1eb9 nh\u00e0ng \u0111\u1ec3 gi\u1eef l\u1ea1i m\u00e0u \u0111\u1ecf cam \u0111\u1eb7c tr\u01b0ng c\u00f9ng c\u1ea5u tr\u00fac m\u1ec1m d\u1ebbo t\u1ef1 nhi\u00ean. D\u00f2ng s\u1ea3n ph\u1ea9m c\u1ee7a Nuts Talk h\u01b0\u1edbng \u0111\u1ebfn ph\u01b0\u01a1ng ph\u00e1p s\u1ea5y d\u1ecbu, h\u1ea1n ch\u1ebf t\u00e1c \u0111\u1ed9ng nhi\u1ec7t qu\u00e1 cao nh\u1eb1m b\u1ea3o to\u00e0n h\u01b0\u01a1ng v\u1ecb v\u00e0 d\u01b0\u1ee1ng ch\u1ea5t. Th\u00e0nh ph\u1ea9m c\u00f3 h\u00ecnh d\u00e1ng nh\u1ecf, h\u01a1i thu\u00f4n d\u00e0i, b\u1ec1 m\u1eb7t kh\u00f4 r\u00e1o nh\u01b0ng b\u00ean trong v\u1eabn gi\u1eef \u0111\u1ed9 m\u1ec1m nh\u1eb9, kh\u00f4ng b\u1ecb c\u1ee9ng hay v\u1ee5n.<\/p>\n<p data-start=\"1684\" data-end=\"2022\">H\u01b0\u01a1ng v\u1ecb c\u1ee7a k\u1ef7 t\u1eed kh\u00e1 \u0111\u1eb7c tr\u01b0ng, kh\u00f4ng qu\u00e1 ng\u1ecdt g\u1eaft m\u00e0 thi\u00ean v\u1ec1 v\u1ecb ng\u1ecdt thanh, xen l\u1eabn ch\u00fat chua nh\u1eb9. Ch\u00ednh s\u1ef1 c\u00e2n b\u1eb1ng n\u00e0y khi\u1ebfn k\u1ef7 t\u1eed d\u1ec5 d\u00e0ng k\u1ebft h\u1ee3p v\u1edbi nhi\u1ec1u lo\u1ea1i th\u1ef1c ph\u1ea9m kh\u00e1c nhau m\u00e0 kh\u00f4ng l\u00e0m l\u1ea5n \u00e1t t\u1ed5ng th\u1ec3 m\u00f3n \u0103n. Khi nhai, c\u1ea3m gi\u00e1c d\u1ebbo m\u1ec1m mang l\u1ea1i tr\u1ea3i nghi\u1ec7m g\u1ea7n gi\u1ed1ng v\u1edbi nho kh\u00f4, nh\u01b0ng h\u1eadu v\u1ecb l\u1ea1i nh\u1eb9 nh\u00e0ng v\u00e0 tinh t\u1ebf h\u01a1n.<\/p>\n<p data-start=\"1684\" data-end=\"2022\"><img decoding=\"async\" class=\"aligncenter\" src=\"https:\/\/havamall.com\/wp-content\/uploads\/2025\/07\/goji-lead-1280x720_e5b87836-d2bf-497f-b362-cec2a6cc9f29.jpg\" alt=\"K\u1ef7 T\u1eed Ph\u00fac Khang G\u00f3i 500G \u2013 Phuc Khang Goji Berries 500G - HavaMall - Si\u00eau  Th\u1ecb H\u00e0ng Nh\u1eadp Kh\u1ea9u Uy T\u00edn\" width=\"801\" height=\"450\" \/><\/p>\n<p data-start=\"2024\" data-end=\"2358\">V\u1ec1 m\u1eb7t dinh d\u01b0\u1ee1ng, k\u1ef7 t\u1eed th\u01b0\u1eddng \u0111\u01b0\u1ee3c nh\u1eafc \u0111\u1ebfn v\u1edbi h\u00e0m l\u01b0\u1ee3ng ch\u1ea5t ch\u1ed1ng oxy h\u00f3a cao, \u0111\u1eb7c bi\u1ec7t l\u00e0 c\u00e1c h\u1ee3p ch\u1ea5t carotenoid nh\u01b0 zeaxanthin \u2013 m\u1ed9t y\u1ebfu t\u1ed1 th\u01b0\u1eddng li\u00ean quan \u0111\u1ebfn s\u1ee9c kh\u1ecfe th\u1ecb l\u1ef1c. Ngo\u00e0i ra, lo\u1ea1i qu\u1ea3 n\u00e0y c\u00f2n ch\u1ee9a vitamin A, vitamin C c\u00f9ng m\u1ed9t s\u1ed1 kho\u00e1ng ch\u1ea5t thi\u1ebft y\u1ebfu, g\u00f3p ph\u1ea7n b\u1ed5 sung v\u00e0o ch\u1ebf \u0111\u1ed9 \u0103n h\u1eb1ng ng\u00e0y m\u1ed9t c\u00e1ch t\u1ef1 nhi\u00ean.<\/p>\n<p data-start=\"2454\" data-end=\"2825\">\u2013 D\u00f9ng tr\u1ef1c ti\u1ebfp nh\u01b0 m\u1ed9t m\u00f3n \u0103n nh\u1eb9, thay th\u1ebf cho c\u00e1c lo\u1ea1i snack th\u00f4ng th\u01b0\u1eddng<br data-start=\"2531\" data-end=\"2534\" \/>\u2013 Ng\u00e2m v\u1edbi n\u01b0\u1edbc \u1ea5m \u0111\u1ec3 l\u00e0m tr\u00e0, c\u00f3 th\u1ec3 k\u1ebft h\u1ee3p c\u00f9ng t\u00e1o \u0111\u1ecf ho\u1eb7c hoa c\u00fac<br data-start=\"2604\" data-end=\"2607\" \/>\u2013 Th\u00eam v\u00e0o ch\u00e1o, s\u00fap ho\u1eb7c c\u00e1c m\u00f3n h\u1ea7m \u0111\u1ec3 t\u0103ng gi\u00e1 tr\u1ecb dinh d\u01b0\u1ee1ng<br data-start=\"2671\" data-end=\"2674\" \/>\u2013 Tr\u1ed9n c\u00f9ng granola, s\u1eefa chua ho\u1eb7c salad trong c\u00e1c b\u1eefa \u0103n hi\u1ec7n \u0111\u1ea1i<br data-start=\"2740\" data-end=\"2743\" \/>\u2013 K\u1ebft h\u1ee3p trong c\u00e1c m\u00f3n ch\u00e8 truy\u1ec1n th\u1ed1ng \u0111\u1ec3 t\u1ea1o \u0111i\u1ec3m nh\u1ea5n v\u1ec1 m\u00e0u s\u1eafc v\u00e0 h\u01b0\u01a1ng v\u1ecb<\/p>\n<p data-start=\"2454\" data-end=\"2825\"><img decoding=\"async\" class=\"aligncenter\" src=\"https:\/\/havamall.com\/wp-content\/uploads\/2026\/04\/Chocolate-Goji-Crunch-healthy-plant-based-vegan-dairy-freerefined-sugar-free-chocolate-goji-chewy-crunch-slice-afternoon-sweet-treat-dessert-begoodorganics-SQR-scaled.jpg\" width=\"801\" height=\"801\" \/><\/p>\n<p data-start=\"2827\" data-end=\"3172\">Trong \u1ea9m th\u1ef1c \u00c1 \u0110\u00f4ng, k\u1ef7 t\u1eed th\u01b0\u1eddng xu\u1ea5t hi\u1ec7n trong c\u00e1c m\u00f3n ti\u1ec1m, canh thu\u1ed1c ho\u1eb7c tr\u00e0 d\u01b0\u1ee1ng sinh. Trong khi \u0111\u00f3, \u1edf c\u00e1c n\u1ec1n \u1ea9m th\u1ef1c ph\u01b0\u01a1ng T\u00e2y, lo\u1ea1i qu\u1ea3 n\u00e0y l\u1ea1i \u0111\u01b0\u1ee3c \u0111\u01b0a v\u00e0o smoothie bowl, b\u00e1nh n\u01b0\u1edbng ho\u1eb7c c\u00e1c m\u00f3n \u0103n healthy theo xu h\u01b0\u1edbng m\u1edbi. S\u1ef1 giao thoa n\u00e0y cho th\u1ea5y kh\u1ea3 n\u0103ng th\u00edch nghi linh ho\u1ea1t c\u1ee7a k\u1ef7 t\u1eed khi b\u01b0\u1edbc ra kh\u1ecfi b\u1ed1i c\u1ea3nh truy\u1ec1n th\u1ed1ng.<\/p>\n<p data-start=\"3174\" data-end=\"3469\">M\u1ed9t \u0111i\u1ec3m \u0111\u00e1ng ch\u00fa \u00fd l\u00e0 d\u00f9 mang nhi\u1ec1u gi\u00e1 tr\u1ecb dinh d\u01b0\u1ee1ng, vi\u1ec7c s\u1eed d\u1ee5ng v\u1eabn n\u00ean duy tr\u00ec \u1edf m\u1ee9c v\u1eeba ph\u1ea3i. M\u1ed9t l\u01b0\u1ee3ng nh\u1ecf m\u1ed7i ng\u00e0y \u0111\u00e3 \u0111\u1ee7 \u0111\u1ec3 b\u1ed5 sung, kh\u00f4ng c\u1ea7n d\u00f9ng qu\u00e1 nhi\u1ec1u trong m\u1ed9t l\u1ea7n. Ngo\u00e0i ra, vi\u1ec7c b\u1ea3o qu\u1ea3n k\u00edn sau khi m\u1edf gi\u00fap gi\u1eef \u0111\u01b0\u1ee3c \u0111\u1ed9 m\u1ec1m t\u1ef1 nhi\u00ean v\u00e0 tr\u00e1nh \u1ea3nh h\u01b0\u1edfng t\u1eeb m\u00f4i tr\u01b0\u1eddng b\u00ean ngo\u00e0i.<\/p>\n<p data-start=\"3174\" data-end=\"3469\"><img loading=\"lazy\" decoding=\"async\" class=\"aligncenter\" src=\"https:\/\/cinderella.co.nz\/wp-content\/uploads\/Smoothie-blueberry-image.jpg\" width=\"801\" height=\"801\" \/><\/p>\n<p data-start=\"3471\" data-end=\"3829\">T\u1eeb m\u1ed9t nguy\u00ean li\u1ec7u g\u1eafn li\u1ec1n v\u1edbi c\u00e1c b\u00e0i thu\u1ed1c c\u1ed5 truy\u1ec1n, k\u1ef7 t\u1eed d\u1ea7n tr\u1edf th\u00e0nh m\u1ed9t ph\u1ea7n c\u1ee7a l\u1ed1i s\u1ed1ng hi\u1ec7n \u0111\u1ea1i, n\u01a1i con ng\u01b0\u1eddi t\u00ecm \u0111\u1ebfn nh\u1eefng l\u1ef1a ch\u1ecdn \u0111\u01a1n gi\u1ea3n nh\u01b0ng b\u1ec1n v\u1eefng h\u01a1n cho s\u1ee9c kh\u1ecfe. Kh\u00f4ng c\u1ea7n ch\u1ebf bi\u1ebfn c\u1ea7u k\u1ef3, c\u0169ng kh\u00f4ng \u0111\u00f2i h\u1ecfi k\u1ef9 thu\u1eadt ph\u1ee9c t\u1ea1p, ch\u1ec9 v\u1edbi v\u00e0i c\u00e1ch d\u00f9ng c\u01a1 b\u1ea3n \u0111\u00e3 c\u00f3 th\u1ec3 \u0111\u01b0a lo\u1ea1i qu\u1ea3 nh\u1ecf b\u00e9 n\u00e0y v\u00e0o nh\u1ecbp s\u1ed1ng h\u1eb1ng ng\u00e0y m\u1ed9t c\u00e1ch t\u1ef1 nhi\u00ean.<\/p>\n<p data-start=\"3831\" data-end=\"3949\">K\u1ef7 T\u1eed \u0110\u1ecf S\u1ea5y Kh\u00f4 T\u1ef1 Nhi\u00ean Nuts Talk 200g hi\u1ec7n \u0111ang \u0111\u01b0\u1ee3c b\u00e1n t\u1ea1i Havamall, chuy\u00ean nh\u1eadp kh\u1ea9u, cam k\u1ebft h\u00e0ng ch\u00ednh h\u00e3ng.<\/p>\n<\/div>\n<\/div>\n<\/div>\n<\/div>","protected":false},"excerpt":{"rendered":"<p>TH\u00d4NG TIN S\u1ea2N PH\u1ea8M Th\u01b0\u01a1ng hi\u1ec7u Nuts Talk Xu\u1ea5t x\u1ee9 Ninh H\u1ea1, Trung Qu\u1ed1c Th\u00e0nh ph\u1ea7n 100% k\u1ef7 t\u1eed \u0111\u1ecf<\/p>","protected":false},"featured_media":45020,"comment_status":"open","ping_status":"closed","template":"","meta":[],"product_brand":[],"product_cat":[594,674,36,134],"product_tag":[],"class_list":{"0":"post-45019","1":"product","2":"type-product","3":"status-publish","4":"has-post-thumbnail","6":"product_cat-dau-cu-qua-kho","7":"product_cat-nhap-khau-trung-quoc","8":"product_cat-thuc-pham-tieu-dung","9":"product_cat-thucpham-saykho","11":"first","12":"instock","13":"sale","14":"shipping-taxable","15":"purchasable","16":"product-type-simple"},"_links":{"self":[{"href":"https:\/\/havamall.vn\/en\/wp-json\/wp\/v2\/product\/45019"}],"collection":[{"href":"https:\/\/havamall.vn\/en\/wp-json\/wp\/v2\/product"}],"about":[{"href":"https:\/\/havamall.vn\/en\/wp-json\/wp\/v2\/types\/product"}],"replies":[{"embeddable":true,"href":"https:\/\/havamall.vn\/en\/wp-json\/wp\/v2\/comments?post=45019"}],"version-history":[{"count":0,"href":"https:\/\/havamall.vn\/en\/wp-json\/wp\/v2\/product\/45019\/revisions"}],"wp:featuredmedia":[{"embeddable":true,"href":"https:\/\/havamall.vn\/en\/wp-json\/wp\/v2\/media\/45020"}],"wp:attachment":[{"href":"https:\/\/havamall.vn\/en\/wp-json\/wp\/v2\/media?parent=45019"}],"wp:term":[{"taxonomy":"product_brand","embeddable":true,"href":"https:\/\/havamall.vn\/en\/wp-json\/wp\/v2\/product_brand?post=45019"},{"taxonomy":"product_cat","embeddable":true,"href":"https:\/\/havamall.vn\/en\/wp-json\/wp\/v2\/product_cat?post=45019"},{"taxonomy":"product_tag","embeddable":true,"href":"https:\/\/havamall.vn\/en\/wp-json\/wp\/v2\/product_tag?post=45019"}],"curies":[{"name":"wp","href":"https:\/\/api.w.org\/{rel}","templated":true}]}}