{"id":45014,"date":"2026-04-11T15:27:20","date_gmt":"2026-04-11T08:27:20","guid":{"rendered":"https:\/\/havamall.vn\/?post_type=product&#038;p=45014"},"modified":"2026-04-11T15:27:20","modified_gmt":"2026-04-11T08:27:20","slug":"bot-san-day-nguyen-chat-cao-bang-nuts-talk-500g-nuts-talk-pure-kudzu-starch-powder-500g","status":"publish","type":"product","link":"https:\/\/havamall.vn\/en\/shop\/bot-san-day-nguyen-chat-cao-bang-nuts-talk-500g-nuts-talk-pure-kudzu-starch-powder-500g\/","title":{"rendered":"B\u1ed9t S\u1eafn D\u00e2y Nguy\u00ean Ch\u1ea5t Cao B\u1eb1ng Nuts Talk 500g \u2013 Nuts Talk Pure Kudzu Starch Powder 500g"},"content":{"rendered":"<h3 data-path-to-node=\"3\">TH\u00d4NG TIN S\u1ea2N PH\u1ea8M<\/h3>\n<div class=\"horizontal-scroll-wrapper\">\n<div class=\"table-block-component\">\n<div class=\"table-block has-export-button new-table-style is-at-scroll-start is-at-scroll-end\">\n<div class=\"table-content not-end-of-paragraph\" data-hveid=\"0\" data-ved=\"0CAAQ3ecQahgKEwim96yX_d-TAxUAAAAAHQAAAAAQrwM\">\n<table style=\"width: 44.7529%;height: 187px\" data-path-to-node=\"4\">\n<tbody>\n<tr>\n<td style=\"width: 25.5624%\"><span data-path-to-node=\"4,1,0,0\"><b data-path-to-node=\"4,1,0,0\" data-index-in-node=\"0\">Th\u01b0\u01a1ng hi\u1ec7u<\/b><\/span><\/td>\n<td style=\"width: 72.8016%\">Nuts Talk<\/td>\n<\/tr>\n<tr>\n<td style=\"width: 25.5624%\"><span data-path-to-node=\"4,2,0,0\"><b data-path-to-node=\"4,2,0,0\" data-index-in-node=\"0\">Xu\u1ea5t x\u1ee9<\/b><\/span><\/td>\n<td style=\"width: 72.8016%\">X\u00e3 H\u01b0ng \u0110\u1ea1o, Th\u00e0nh ph\u1ed1 Cao B\u1eb1ng, T\u1ec9nh Cao B\u1eb1ng, Vi\u1ec7t Nam<\/td>\n<\/tr>\n<tr>\n<td style=\"width: 25.5624%\"><span data-path-to-node=\"4,3,0,0\"><b data-path-to-node=\"4,3,0,0\" data-index-in-node=\"0\">Th\u00e0nh ph\u1ea7n<\/b><\/span><\/td>\n<td style=\"width: 72.8016%\">100% b\u1ed9t s\u1eafn d\u00e2y nguy\u00ean ch\u1ea5t, kh\u00f4ng s\u1eed d\u1ee5ng ch\u1ea5t b\u1ea3o qu\u1ea3n, kh\u00f4ng pha gia v\u1ecb th\u1ef1c ph\u1ea9m, kh\u00f4ng s\u1eed d\u1ee5ng thu\u1ed1c b\u1ea3o v\u1ec7 th\u1ef1c v\u1eadt<\/td>\n<\/tr>\n<tr>\n<td style=\"width: 25.5624%\"><span data-path-to-node=\"4,3,0,0\"><b data-path-to-node=\"4,3,0,0\" data-index-in-node=\"0\">H\u1ea1n S\u1eed D\u1ee5ng<\/b><\/span><\/td>\n<td style=\"width: 72.8016%\">12 th\u00e1ng k\u1ec3 t\u1eeb ng\u00e0y s\u1ea3n xu\u1ea5t<\/td>\n<\/tr>\n<tr>\n<td style=\"width: 25.5624%\"><span data-path-to-node=\"4,4,0,0\"><b data-path-to-node=\"4,4,0,0\" data-index-in-node=\"0\">Kh\u1ed1i l\u01b0\u1ee3ng t\u1ecbnh<\/b><\/span><\/td>\n<td style=\"width: 72.8016%\">500g<\/td>\n<\/tr>\n<tr>\n<td style=\"width: 25.5624%\"><span data-path-to-node=\"4,5,0,0\"><b data-path-to-node=\"4,5,0,0\" data-index-in-node=\"0\">B\u1ea3o qu\u1ea3n<\/b><\/span><\/td>\n<td style=\"width: 72.8016%\">N\u01a1i kh\u00f4 r\u00e1o, tho\u00e1ng m\u00e1t, tr\u00e1nh \u00e1nh n\u1eafng tr\u1ef1c ti\u1ebfp. \u0110\u1eady k\u00edn sau m\u1ed7i l\u1ea7n s\u1eed d\u1ee5ng<\/td>\n<\/tr>\n<\/tbody>\n<\/table>\n<p>Nh\u1eafc \u0111\u1ebfn Cao B\u1eb1ng, ng\u01b0\u1eddi ta th\u01b0\u1eddng ngh\u0129 ngay \u0111\u1ebfn nh\u1eefng d\u00e3y n\u00fai \u0111\u00e1 v\u00f4i h\u00f9ng v\u0129 hay th\u00e1c B\u1ea3n Gi\u1ed1c m\u1ed9ng m\u01a1, trong s\u1ed1 \u0111\u00f3, b\u1ed9t s\u1eafn d\u00e2y t\u1eeb x\u00e3 H\u01b0ng \u0110\u1ea1o \u0111\u00e3 tr\u1edf th\u00e0nh m\u1ed9t bi\u1ec3u t\u01b0\u1ee3ng c\u1ee7a s\u1ef1 thu\u1ea7n khi\u1ebft v\u00e0 tinh t\u1ebf trong \u1ea9m th\u1ef1c b\u1ea3n \u0111\u1ecba. Kh\u00f4ng gi\u1ed1ng nh\u01b0 s\u1eafn d\u00e2y \u1edf nh\u1eefng v\u00f9ng \u0111\u1ed3ng b\u1eb1ng, s\u1eafn d\u00e2y Cao B\u1eb1ng \u0111\u01b0\u1ee3c nu\u00f4i d\u01b0\u1ee1ng b\u1edfi kh\u00ed h\u1eadu mi\u1ec1n n\u00fai \u00f4n h\u00f2a v\u00e0 th\u1ed5 nh\u01b0\u1ee1ng gi\u00e0u kho\u00e1ng ch\u1ea5t, t\u1ea1o n\u00ean nh\u1eefng c\u1ee7 s\u1eafn ch\u1eafc n\u1ecbch, mang trong m\u00ecnh h\u00e0m l\u01b0\u1ee3ng dinh d\u01b0\u1ee1ng v\u01b0\u1ee3t tr\u1ed9i.<\/p>\n<p><img fetchpriority=\"high\" decoding=\"async\" class=\"aligncenter  wp-image-45778\" src=\"https:\/\/havamall.com\/wp-content\/uploads\/2026\/04\/eaae0f967f72eb8ff4d16fd652a60e7a.jpg\" alt=\"\" width=\"800\" height=\"766\" \/><\/p>\n<p data-start=\"1770\" data-end=\"2184\">Nh\u1eefng c\u1ee7 s\u1eafn d\u00e2y b\u00e1nh t\u1ebb, \u0111\u1ee7 \u0111\u1ed9 gi\u00e0, \u0111\u01b0\u1ee3c thu ho\u1ea1ch v\u00e0 \u0111\u01b0a v\u00e0o c\u00f4ng \u0111o\u1ea1n ch\u1ebf bi\u1ebfn ngay \u0111\u1ec3 gi\u1eef tr\u1ecdn \u0111\u1ed9 t\u01b0\u01a1i. Qua nhi\u1ec1u l\u1ea7n l\u1ecdc k\u1ef9 l\u01b0\u1ee1ng v\u1edbi ngu\u1ed3n n\u01b0\u1edbc s\u1ea1ch, ph\u1ea7n tinh t\u00fay nh\u1ea5t \u0111\u01b0\u1ee3c k\u1ebft tinh l\u1ea1i th\u00e0nh nh\u1eefng kh\u1ed1i b\u1ed9t tr\u1eafng mu\u1ed1t nh\u01b0 tuy\u1ebft. Vi\u1ec7c ph\u01a1i kh\u00f4 c\u0169ng \u0111\u01b0\u1ee3c th\u1ef1c hi\u1ec7n trong m\u00f4i tr\u01b0\u1eddng ki\u1ec3m so\u00e1t nghi\u00eam ng\u1eb7t, \u0111\u1ea3m b\u1ea3o kh\u00f4ng b\u1ee5i b\u1ea9n v\u00e0 gi\u1eef nguy\u00ean \u0111\u01b0\u1ee3c h\u01b0\u01a1ng th\u01a1m \u0111\u1eb7c tr\u01b0ng, thanh tao m\u00e0 kh\u00f4ng h\u1ec1 n\u1ed3ng g\u1eaft.<\/p>\n<p data-start=\"1770\" data-end=\"2184\"><img decoding=\"async\" class=\"aligncenter  wp-image-45779\" src=\"https:\/\/havamall.com\/wp-content\/uploads\/2026\/04\/vn-11134207-7ras8-m4a45e2ia9i87e.jpg\" alt=\"\" width=\"801\" height=\"801\" \/><\/p>\n<p data-start=\"1770\" data-end=\"2184\">V\u1ec1 m\u1eb7t c\u1ea3m quan, b\u1ed9t s\u1eafn d\u00e2y Nuts Talk th\u01b0\u1eddng c\u00f3 d\u1ea1ng vi\u00ean nh\u1ecf kh\u00f4ng \u0111\u1ec1u nhau \u2013 m\u1ed9t d\u1ea5u hi\u1ec7u c\u1ee7a qu\u00e1 tr\u00ecnh l\u00e0m l\u1eafng v\u00e0 ph\u01a1i kh\u00f4 t\u1ef1 nhi\u00ean theo ph\u01b0\u01a1ng ph\u00e1p th\u1ee7 c\u00f4ng ho\u1eb7c b\u00e1n th\u1ee7 c\u00f4ng. Khi h\u00f2a v\u00e0o n\u01b0\u1edbc, b\u1ed9t c\u00f3 kh\u1ea3 n\u0103ng tan ho\u00e0n to\u00e0n m\u00e0 kh\u00f4ng \u0111\u1ec3 l\u1ea1i t\u1ea1p ch\u1ea5t, mang l\u1ea1i c\u1ea3m gi\u00e1c thanh m\u00e1t \u0111\u1eb7c tr\u01b0ng. \u1ede tr\u1ea1ng th\u00e1i ch\u00edn, c\u1ea5u tr\u00fac b\u1ed9t chuy\u1ec3n sang d\u1ea1ng s\u1ec7t trong su\u1ed1t, m\u1ecbn m\u00e0ng v\u00e0 d\u1ebbo dai.<\/p>\n<p data-start=\"1770\" data-end=\"2184\"><img decoding=\"async\" class=\"aligncenter\" src=\"https:\/\/havamall.com\/wp-content\/uploads\/2026\/04\/b_t_s_n_d_y_cao_b_ng_nutstalk__2__bcbb247e73fa458d86f973711b8ecc0a_master.png\" alt=\"B\u1ed9t S\u1eafn D\u00e2y Cao B\u1eb1ng\" width=\"800\" height=\"800\" \/><\/p>\n<p data-start=\"1770\" data-end=\"2184\">Theo kinh nghi\u1ec7m d\u00e2n gian v\u00e0 \u0110\u00f4ng y, \u0111\u00e2y kh\u00f4ng ch\u1ec9 l\u00e0 m\u1ed9t nguy\u00ean li\u1ec7u \u1ea9m th\u1ef1c m\u00e0 c\u00f2n l\u00e0 v\u1ecb thu\u1ed1c t\u00ednh m\u00e1t, h\u1ed7 tr\u1ee3 gi\u1ea3i \u0111\u1ed9c, thanh nhi\u1ec7t v\u00e0 c\u1ea3i thi\u1ec7n h\u1ec7 ti\u00eau h\u00f3a hi\u1ec7u qu\u1ea3 trong nh\u1eefng ng\u00e0y th\u1eddi ti\u1ebft n\u00f3ng b\u1ee9c ho\u1eb7c khi c\u01a1 th\u1ec3 m\u1ec7t m\u1ecfi do ch\u1ebf \u0111\u1ed9 \u0103n u\u1ed1ng kh\u00f4ng c\u00e2n b\u1eb1ng. T\u00ednh \u1ee9ng d\u1ee5ng c\u1ee7a b\u1ed9t s\u1eafn d\u00e2y v\u00f4 c\u00f9ng linh ho\u1ea1t, ph\u00f9 h\u1ee3p v\u1edbi nhi\u1ec1u nhu c\u1ea7u s\u1eed d\u1ee5ng kh\u00e1c nhau trong \u0111\u1eddi s\u1ed1ng h\u00e0ng ng\u00e0y:<\/p>\n<p>\u2013\u00a0<b data-path-to-node=\"6,0,0\" data-index-in-node=\"0\">Pha u\u1ed1ng s\u1ed1ng:<\/b>\u00a0K\u1ebft h\u1ee3p b\u1ed9t v\u1edbi n\u01b0\u1edbc s\u00f4i \u0111\u1ec3 ngu\u1ed9i v\u00e0 m\u1ed9t ch\u00fat n\u01b0\u1edbc c\u1ed1t chanh \u0111\u1ec3 t\u1ea1o th\u00e0nh th\u1ee9c u\u1ed1ng gi\u1ea3i kh\u00e1t, h\u1ed7 tr\u1ee3 thanh l\u1ecdc c\u01a1 th\u1ec3 t\u1ee9c th\u00ec.<\/p>\n<p>\u2013\u00a0<b data-path-to-node=\"6,1,0\" data-index-in-node=\"0\">N\u1ea5u ch\u00edn d\u1ea1ng s\u1ec7t:<\/b>\u00a0H\u00f2a tan b\u1ed9t v\u00e0 \u0111un nh\u1eb9 cho \u0111\u1ebfn khi h\u1ed7n h\u1ee3p trong su\u1ed1t nh\u01b0 ch\u00e8, c\u00f3 th\u1ec3 k\u1ebft h\u1ee3p c\u00f9ng \u0111\u1eadu xanh ho\u1eb7c h\u1ea1t sen \u0111\u1ec3 t\u0103ng hi\u1ec7u qu\u1ea3 gi\u1ea3i nhi\u1ec7t.<\/p>\n<p>\u2013\u00a0<b data-path-to-node=\"6,2,0\" data-index-in-node=\"0\">Ch\u1ebf bi\u1ebfn m\u00f3n \u0103n hi\u1ec7n \u0111\u1ea1i:<\/b>\u00a0Nh\u1edd \u0111\u1eb7c t\u00ednh kh\u00f4ng m\u00f9i m\u1ea1nh, b\u1ed9t s\u1eafn d\u00e2y c\u00f2n \u0111\u01b0\u1ee3c d\u00f9ng l\u00e0m ch\u1ea5t t\u1ea1o s\u00e1nh t\u1ef1 nhi\u00ean cho c\u00e1c m\u00f3n s\u00fap, pudding ho\u1eb7c c\u00e1c c\u00f4ng th\u1ee9c \u0111\u1ed3 u\u1ed1ng detox hi\u1ec7n \u0111\u1ea1i m\u00e0 kh\u00f4ng l\u00e0m m\u1ea5t \u0111i b\u1ea3n s\u1eafc c\u1ee7a nguy\u00ean li\u1ec7u ch\u00ednh.<\/p>\n<p><img loading=\"lazy\" decoding=\"async\" class=\"aligncenter\" src=\"https:\/\/scontent.fsgn19-1.fna.fbcdn.net\/v\/t39.30808-6\/600264671_1372661261324976_8081522897973452880_n.jpg?_nc_cat=106&amp;ccb=1-7&amp;_nc_sid=13d280&amp;_nc_eui2=AeEghVNkAaNwEzv9mdD0lptu077QT9fuDb3TvtBP1-4NvQLTCqVIBNAXwd1N9BE4SWQ3LVqnOPtfJ2RWnZP8brWs&amp;_nc_ohc=4SgBtBMjhoIQ7kNvwFMUoCz&amp;_nc_oc=AdoYbRRZIiQoArORaKs8ZPK3Ckr4n0WvmA6zBKD5SaLXouVVwtV1XJp2XVXIiiSzp5ZUwFMTj634MfefLawC6st8&amp;_nc_zt=23&amp;_nc_ht=scontent.fsgn19-1.fna&amp;_nc_gid=i9XTVwobZU9PsfELtpg7wg&amp;_nc_ss=7a3a8&amp;oh=00_Af0kSZhlj0rvUGnRboVw3pMeo1HPjJT4itljclcQ9jcWdA&amp;oe=69DFE893\" alt=\"Kh\u00f4ng c\u00f3 m\u00f4 t\u1ea3 \u1ea3nh.\" width=\"801\" height=\"451\" \/><\/p>\n<p>Hi\u1ec7n nay, s\u1ea3n ph\u1ea9m B\u1ed9t S\u1eafn D\u00e2y Nguy\u00ean Ch\u1ea5t Cao B\u1eb1ng Nuts Talk \u0111ang \u0111\u01b0\u1ee3c ph\u00e2n ph\u1ed1i ch\u00ednh h\u00e3ng t\u1ea1i Havamall, \u0111\u01a1n v\u1ecb chuy\u00ean cung c\u1ea5p c\u00e1c d\u00f2ng th\u1ef1c ph\u1ea9m \u0111\u1eb7c s\u1ea3n v\u00e0 s\u1ea3n ph\u1ea9m t\u1ef1 nhi\u00ean uy t\u00edn.<\/p>\n<\/div>\n<\/div>\n<\/div>\n<\/div>","protected":false},"excerpt":{"rendered":"<p>TH\u00d4NG TIN S\u1ea2N PH\u1ea8M Th\u01b0\u01a1ng hi\u1ec7u Nuts Talk Xu\u1ea5t x\u1ee9 X\u00e3 H\u01b0ng \u0110\u1ea1o, Th\u00e0nh ph\u1ed1 Cao B\u1eb1ng, T\u1ec9nh Cao B\u1eb1ng,<\/p>","protected":false},"featured_media":45015,"comment_status":"open","ping_status":"closed","template":"","meta":[],"product_brand":[],"product_cat":[677,131,135,134],"product_tag":[],"class_list":{"0":"post-45014","1":"product","2":"type-product","3":"status-publish","4":"has-post-thumbnail","6":"product_cat-cac-nuoc-khac","7":"product_cat-nguyen-lieu-lam-bep","8":"product_cat-sua-do-uong","9":"product_cat-thucpham-saykho","11":"first","12":"instock","13":"sale","14":"shipping-taxable","15":"purchasable","16":"product-type-simple"},"_links":{"self":[{"href":"https:\/\/havamall.vn\/en\/wp-json\/wp\/v2\/product\/45014"}],"collection":[{"href":"https:\/\/havamall.vn\/en\/wp-json\/wp\/v2\/product"}],"about":[{"href":"https:\/\/havamall.vn\/en\/wp-json\/wp\/v2\/types\/product"}],"replies":[{"embeddable":true,"href":"https:\/\/havamall.vn\/en\/wp-json\/wp\/v2\/comments?post=45014"}],"version-history":[{"count":0,"href":"https:\/\/havamall.vn\/en\/wp-json\/wp\/v2\/product\/45014\/revisions"}],"wp:featuredmedia":[{"embeddable":true,"href":"https:\/\/havamall.vn\/en\/wp-json\/wp\/v2\/media\/45015"}],"wp:attachment":[{"href":"https:\/\/havamall.vn\/en\/wp-json\/wp\/v2\/media?parent=45014"}],"wp:term":[{"taxonomy":"product_brand","embeddable":true,"href":"https:\/\/havamall.vn\/en\/wp-json\/wp\/v2\/product_brand?post=45014"},{"taxonomy":"product_cat","embeddable":true,"href":"https:\/\/havamall.vn\/en\/wp-json\/wp\/v2\/product_cat?post=45014"},{"taxonomy":"product_tag","embeddable":true,"href":"https:\/\/havamall.vn\/en\/wp-json\/wp\/v2\/product_tag?post=45014"}],"curies":[{"name":"wp","href":"https:\/\/api.w.org\/{rel}","templated":true}]}}