{"id":45007,"date":"2026-04-11T11:17:54","date_gmt":"2026-04-11T04:17:54","guid":{"rendered":"https:\/\/havamall.vn\/?post_type=product&#038;p=45007"},"modified":"2026-04-11T11:17:56","modified_gmt":"2026-04-11T04:17:56","slug":"toi-den-kenko-nuts-talk-200g-nuts-talk-kenko-black-garlic","status":"publish","type":"product","link":"https:\/\/havamall.vn\/en\/shop\/toi-den-kenko-nuts-talk-200g-nuts-talk-kenko-black-garlic\/","title":{"rendered":"T\u1ecfi \u0110en Kenko Nuts Talk 200g \u2013 Nuts Talk Kenko Black Garlic"},"content":{"rendered":"<h3 data-path-to-node=\"3\">TH\u00d4NG TIN S\u1ea2N PH\u1ea8M<\/h3>\n<div class=\"horizontal-scroll-wrapper\">\n<div class=\"table-block-component\">\n<div class=\"table-block has-export-button new-table-style is-at-scroll-start is-at-scroll-end\">\n<div class=\"table-content not-end-of-paragraph\" data-hveid=\"0\" data-ved=\"0CAAQ3ecQahgKEwim96yX_d-TAxUAAAAAHQAAAAAQrwM\">\n<table style=\"width: 45.6442%;height: 160px\" data-path-to-node=\"4\">\n<tbody>\n<tr>\n<td><span data-path-to-node=\"4,1,0,0\"><b data-path-to-node=\"4,1,0,0\" data-index-in-node=\"0\">Th\u01b0\u01a1ng hi\u1ec7u<\/b><\/span><\/td>\n<td><span data-path-to-node=\"4,1,1,0\">Nuts Talk<\/span><\/td>\n<\/tr>\n<tr>\n<td><span data-path-to-node=\"4,2,0,0\"><b data-path-to-node=\"4,2,0,0\" data-index-in-node=\"0\">Xu\u1ea5t x\u1ee9<\/b><\/span><\/td>\n<td><span data-path-to-node=\"4,2,1,0\">Vi\u1ec7t Nam<\/span><\/td>\n<\/tr>\n<tr>\n<td><span data-path-to-node=\"4,3,0,0\"><b data-path-to-node=\"4,3,0,0\" data-index-in-node=\"0\">Th\u00e0nh ph\u1ea7n<\/b><\/span><\/td>\n<td><span data-path-to-node=\"4,3,1,0\">100% t\u1ecfi c\u00f4 \u0111\u01a1n<\/span><\/td>\n<\/tr>\n<tr>\n<td><span data-path-to-node=\"4,4,0,0\"><b data-path-to-node=\"4,4,0,0\" data-index-in-node=\"0\">Kh\u1ed1i l\u01b0\u1ee3ng t\u1ecbnh<\/b><\/span><\/td>\n<td><span data-path-to-node=\"4,4,1,0\">200g<\/span><\/td>\n<\/tr>\n<tr>\n<td><span data-path-to-node=\"4,5,0,0\"><b data-path-to-node=\"4,5,0,0\" data-index-in-node=\"0\">B\u1ea3o qu\u1ea3n<\/b><\/span><\/td>\n<td><span data-path-to-node=\"4,5,1,0\">N\u01a1i kh\u00f4 r\u00e1o, tho\u00e1ng m\u00e1t, tr\u00e1nh \u00e1nh n\u1eafng tr\u1ef1c ti\u1ebfp<\/span><\/td>\n<\/tr>\n<\/tbody>\n<\/table>\n<p>Thay v\u00ec l\u00ean men th\u00f4ng th\u01b0\u1eddng, t\u1ecfi \u0111en \u0111\u01b0\u1ee3c h\u00ecnh th\u00e0nh qua ph\u1ea3n \u1ee9ng Maillard trong \u0111i\u1ec1u ki\u1ec7n nhi\u1ec7t \u0111\u1ed9 v\u00e0 \u0111\u1ed9 \u1ea9m \u0111\u01b0\u1ee3c ki\u1ec3m so\u00e1t li\u00ean t\u1ee5c su\u1ed1t nhi\u1ec1u tu\u1ea7n. Qu\u00e1 tr\u00ecnh n\u00e0y \u0111\u00e3 thay \u0111\u1ed5i ho\u00e0n to\u00e0n b\u1ea3n ch\u1ea5t c\u1ee7a nguy\u00ean li\u1ec7u, t\u1ea1o n\u00ean m\u1ed9t phi\u00ean b\u1ea3n t\u1ecfi m\u1edbi kh\u00f4ng ch\u1ec9 m\u1ec1m ng\u1ecdt h\u01a1n m\u00e0 c\u00f2n mang gi\u00e1 tr\u1ecb dinh d\u01b0\u1ee1ng t\u0103ng g\u1ea5p nhi\u1ec1u l\u1ea7n so v\u1edbi t\u1ecfi t\u01b0\u01a1i.<\/p>\n<p><img fetchpriority=\"high\" decoding=\"async\" class=\"aligncenter\" src=\"https:\/\/havamall.com\/wp-content\/uploads\/2026\/04\/dsc00129-2-scaled-e1667443893809-637.jpg\" width=\"800\" height=\"784\" \/><\/p>\n<p>T\u1eebng\u00a0<em><strong>t\u00e9p t\u1ecfi<\/strong>\u00a0<\/em>chuy\u1ec3n sang m\u00e0u\u00a0<em><strong>\u0111en b\u00f3ng<\/strong><\/em>, k\u1ebft c\u1ea5u tr\u1edf n\u00ean\u00a0<em><strong>d\u1ebbo m\u1ec1m<\/strong><\/em>\u00a0nh\u01b0 th\u1ea1ch ho\u1eb7c m\u1ee9t tr\u00e1i c\u00e2y thay v\u00ec kh\u00f4 c\u1ee9ng hay nh\u00e3o. H\u01b0\u01a1ng v\u1ecb: v\u1ecb cay n\u1ed3ng v\u00e0 m\u00f9i h\u0103ng g\u1eaft \u0111\u1eb7c tr\u01b0ng c\u1ee7a t\u1ecfi tr\u1eafng g\u1ea7n nh\u01b0 bi\u1ebfn m\u1ea5t ho\u00e0n to\u00e0n, thay v\u00e0o \u0111\u00f3 l\u00e0\u00a0<em><strong>v\u1ecb ng\u1ecdt thanh pha ch\u00fat chua nh\u1eb9<\/strong><\/em>, g\u1ee3i nh\u1edb \u0111\u1ebfn c\u00e1c lo\u1ea1i tr\u00e1i c\u00e2y s\u1ea5y kh\u00f4, c\u00f3 th\u1ec3 \u0103n tr\u1ef1c ti\u1ebfp m\u1ed9t c\u00e1ch tho\u1ea3i m\u00e1i m\u00e0 kh\u00f4ng lo ng\u1ea1i v\u1ec1 m\u00f9i h\u01a1i th\u1edf sau khi s\u1eed d\u1ee5ng, \u0111\u1ed3ng th\u1eddi r\u1ea5t th\u00e2n thi\u1ec7n v\u1edbi d\u1ea1 d\u00e0y.<\/p>\n<p><img decoding=\"async\" class=\"aligncenter\" src=\"https:\/\/scontent.fsgn19-1.fna.fbcdn.net\/v\/t39.30808-6\/660814474_882001798193047_3138625331361272992_n.jpg?_nc_cat=101&amp;ccb=1-7&amp;_nc_sid=7b2446&amp;_nc_eui2=AeHY5EtdT0PIO0RTsn1eviCfjmwmToZU6PqObCZOhlTo-mbTGFJulWFdwxkeVuDfaHomSLj5V9-xcxG1v9vAgcFZ&amp;_nc_ohc=dwKeRFZ9z2EQ7kNvwEYAoC8&amp;_nc_oc=AdoAPwecRgslrbrtgXaCFsiUSa1evbuaFhUXX1j7FddO52UrxRzJag25DVqEj3L32zE9d8SDUDVeCrG5YdKNe0Ry&amp;_nc_zt=23&amp;_nc_ht=scontent.fsgn19-1.fna&amp;_nc_gid=cbYpZ9rnWPsdrq2lm7-chw&amp;_nc_ss=7a3a8&amp;oh=00_Af3wUmnj5dK0Ri2OV_qr_43UlUDjGHBstGREQ53HqlNYqQ&amp;oe=69DF7609\" width=\"800\" height=\"1066\" \/><\/p>\n<p data-start=\"1744\" data-end=\"2100\">H\u00e0m l\u01b0\u1ee3ng c\u00e1c h\u1ee3p ch\u1ea5t ch\u1ed1ng oxy h\u00f3a, \u0111\u1eb7c bi\u1ec7t l\u00e0<em><strong>\u00a0S-allyl cysteine<\/strong><\/em>, t\u0103ng l\u00ean \u0111\u00e1ng k\u1ec3 so v\u1edbi t\u1ecfi t\u01b0\u01a1i, khi\u1ebfn t\u1ecfi \u0111en th\u01b0\u1eddng \u0111\u01b0\u1ee3c nh\u1eafc \u0111\u1ebfn trong c\u00e1c ch\u1ebf \u0111\u1ed9 \u0103n\u00a0<em><strong>h\u1ed7 tr\u1ee3 s\u1ee9c kh\u1ecfe<\/strong><\/em>, nh\u1ea5t l\u00e0 khi c\u1ea7n b\u1ed5 sung c\u00e1c ch\u1ea5t gi\u00fap c\u01a1 th\u1ec3 ch\u1ed1ng l\u1ea1i qu\u00e1 tr\u00ecnh oxy h\u00f3a t\u1ef1 nhi\u00ean. C\u00e1ch s\u1eed d\u1ee5ng t\u1ecfi \u0111en c\u0169ng linh ho\u1ea1t h\u01a1n nhi\u1ec1u so v\u1edbi t\u1ecfi t\u01b0\u01a1i. Kh\u00f4ng c\u00f2n m\u00f9i h\u0103ng g\u1eaft, kh\u00f4ng g\u00e2y kh\u00f3 ch\u1ecbu khi \u0103n tr\u1ef1c ti\u1ebfp, n\u00ean c\u00f3 th\u1ec3 d\u00f9ng nh\u01b0 m\u1ed9t d\u1ea1ng th\u1ef1c ph\u1ea9m b\u1ed5 sung h\u00e0ng ng\u00e0y. M\u1ed9t s\u1ed1 c\u00e1ch d\u00f9ng ph\u1ed5 bi\u1ebfn th\u01b0\u1eddng \u0111\u01b0\u1ee3c \u00e1p d\u1ee5ng:<\/p>\n<p data-start=\"2332\" data-end=\"2621\">\u2013\u00a0<em><strong>\u0102n tr\u1ef1c ti\u1ebfp 1\u20133 t\u00e9p m\u1ed7i ng\u00e0y<\/strong><\/em>\u00a0nh\u01b0 m\u1ed9t th\u00f3i quen duy tr\u00ec s\u1ee9c kh\u1ecfe<br data-start=\"2398\" data-end=\"2401\" \/>\u2013\u00a0<em><strong>K\u1ebft h\u1ee3p v\u1edbi m\u1eadt ong<\/strong><\/em>\u00a0\u0111\u1ec3 t\u1ea1o h\u1ed7n h\u1ee3p d\u1ec5 d\u00f9ng h\u01a1n, \u0111\u1eb7c bi\u1ec7t v\u00e0o bu\u1ed5i s\u00e1ng<br data-start=\"2473\" data-end=\"2476\" \/>\u2013 Xay c\u00f9ng sinh t\u1ed1 ho\u1eb7c n\u01b0\u1edbc \u00e9p tr\u00e1i c\u00e2y \u0111\u1ec3 t\u0103ng gi\u00e1 tr\u1ecb dinh d\u01b0\u1ee1ng<br data-start=\"2543\" data-end=\"2546\" \/>\u2013 D\u00f9ng trong n\u1ea5u \u0103n, nghi\u1ec1n nhuy\u1ec5n\u00a0<em><strong>l\u00e0m s\u1ed1t ho\u1eb7c gia v\u1ecb cho c\u00e1c m\u00f3n \u00c2u \u2013 \u00c1<\/strong><\/em><\/p>\n<p data-start=\"2332\" data-end=\"2621\"><img decoding=\"async\" class=\"aligncenter\" src=\"https:\/\/havamall.com\/wp-content\/uploads\/2026\/04\/71dJSFPCMuL.jpg\" width=\"800\" height=\"533\" \/><\/p>\n<p data-start=\"2623\" data-end=\"2956\">Trong nh\u1eefng n\u0103m g\u1ea7n \u0111\u00e2y, t\u1ecfi \u0111en c\u00f2n xu\u1ea5t hi\u1ec7n trong nhi\u1ec1u m\u00f3n \u0103n hi\u1ec7n \u0111\u1ea1i, t\u1eeb pasta, salad cho \u0111\u1ebfn c\u00e1c m\u00f3n s\u1ed1t \u0103n k\u00e8m th\u1ecbt n\u01b0\u1edbng. V\u1ecb ng\u1ecdt umami t\u1ef1 nhi\u00ean gi\u00fap c\u00e2n b\u1eb1ng h\u01b0\u01a1ng v\u1ecb m\u00e0 kh\u00f4ng c\u1ea7n th\u00eam qu\u00e1 nhi\u1ec1u gia v\u1ecb kh\u00e1c. Duy tr\u00ec \u0111\u1ec1u \u0111\u1eb7n v\u1edbi l\u01b0\u1ee3ng v\u1eeba ph\u1ea3i th\u01b0\u1eddng mang l\u1ea1i gi\u00e1 tr\u1ecb t\u1ed1t h\u01a1n l\u00e0 d\u00f9ng s\u1ed1 l\u01b0\u1ee3ng l\u1edbn trong th\u1eddi gian ng\u1eafn. V\u00ec \u0111\u00e3 \u0111\u01b0\u1ee3c x\u1eed l\u00fd k\u1ef9, t\u1ecfi \u0111en c\u0169ng th\u00e2n thi\u1ec7n h\u01a1n v\u1edbi d\u1ea1 d\u00e0y so v\u1edbi t\u1ecfi t\u01b0\u01a1i, ph\u00f9 h\u1ee3p v\u1edbi nhi\u1ec1u \u0111\u1ed1i t\u01b0\u1ee3ng kh\u00e1c nhau.<\/p>\n<p data-start=\"3253\" data-end=\"3492\"><img loading=\"lazy\" decoding=\"async\" class=\"aligncenter\" src=\"https:\/\/havamall.com\/wp-content\/uploads\/2026\/04\/pan-seared-marlin-tuna-black-garlic-reduce-balsamic-vinegar.jpg\" width=\"801\" height=\"534\" \/><\/p>\n<p data-start=\"3494\" data-end=\"3819\">T\u1eeb m\u1ed9t nguy\u00ean li\u1ec7u quen thu\u1ed9c trong \u0111\u1eddi s\u1ed1ng h\u1eb1ng ng\u00e0y, t\u1ecfi \u0111en tr\u1edf th\u00e0nh m\u1ed9t l\u1ef1a ch\u1ecdn m\u1edbi cho nh\u1eefng ai quan t\u00e2m \u0111\u1ebfn dinh d\u01b0\u1ee1ng v\u00e0 s\u1ef1 c\u00e2n b\u1eb1ng trong ch\u1ebf \u0111\u1ed9 \u0103n. Kh\u00f4ng c\u1ea7n c\u1ea7u k\u1ef3 trong c\u00e1ch d\u00f9ng, c\u0169ng kh\u00f4ng \u0111\u00f2i h\u1ecfi chu\u1ea9n b\u1ecb ph\u1ee9c t\u1ea1p, ch\u1ec9 c\u1ea7n m\u1ed9t v\u00e0i t\u00e9p m\u1ed7i ng\u00e0y \u0111\u00e3 \u0111\u1ee7 \u0111\u1ec3 t\u1ea1o n\u00ean s\u1ef1 kh\u00e1c bi\u1ec7t nh\u1ecf nh\u01b0ng b\u1ec1n v\u1eefng theo th\u1eddi gian.<\/p>\n<p data-start=\"3821\" data-end=\"3944\">T\u1ecfi \u0110en L\u00ean Men T\u1ef1 Nhi\u00ean Nuts Talk Kenko 200g hi\u1ec7n \u0111ang \u0111\u01b0\u1ee3c b\u00e1n t\u1ea1i Havamall, chuy\u00ean nh\u1eadp kh\u1ea9u, cam k\u1ebft h\u00e0ng ch\u00ednh h\u00e3ng.<\/p>\n<\/div>\n<\/div>\n<\/div>\n<\/div>","protected":false},"excerpt":{"rendered":"<p>TH\u00d4NG TIN S\u1ea2N PH\u1ea8M Th\u01b0\u01a1ng hi\u1ec7u Nuts Talk Xu\u1ea5t x\u1ee9 Vi\u1ec7t Nam Th\u00e0nh ph\u1ea7n 100% t\u1ecfi c\u00f4 \u0111\u01a1n Kh\u1ed1i l\u01b0\u1ee3ng<\/p>","protected":false},"featured_media":45008,"comment_status":"open","ping_status":"closed","template":"","meta":[],"product_brand":[],"product_cat":[677,134],"product_tag":[],"class_list":{"0":"post-45007","1":"product","2":"type-product","3":"status-publish","4":"has-post-thumbnail","6":"product_cat-cac-nuoc-khac","7":"product_cat-thucpham-saykho","9":"first","10":"instock","11":"sale","12":"shipping-taxable","13":"purchasable","14":"product-type-simple"},"_links":{"self":[{"href":"https:\/\/havamall.vn\/en\/wp-json\/wp\/v2\/product\/45007"}],"collection":[{"href":"https:\/\/havamall.vn\/en\/wp-json\/wp\/v2\/product"}],"about":[{"href":"https:\/\/havamall.vn\/en\/wp-json\/wp\/v2\/types\/product"}],"replies":[{"embeddable":true,"href":"https:\/\/havamall.vn\/en\/wp-json\/wp\/v2\/comments?post=45007"}],"version-history":[{"count":0,"href":"https:\/\/havamall.vn\/en\/wp-json\/wp\/v2\/product\/45007\/revisions"}],"wp:featuredmedia":[{"embeddable":true,"href":"https:\/\/havamall.vn\/en\/wp-json\/wp\/v2\/media\/45008"}],"wp:attachment":[{"href":"https:\/\/havamall.vn\/en\/wp-json\/wp\/v2\/media?parent=45007"}],"wp:term":[{"taxonomy":"product_brand","embeddable":true,"href":"https:\/\/havamall.vn\/en\/wp-json\/wp\/v2\/product_brand?post=45007"},{"taxonomy":"product_cat","embeddable":true,"href":"https:\/\/havamall.vn\/en\/wp-json\/wp\/v2\/product_cat?post=45007"},{"taxonomy":"product_tag","embeddable":true,"href":"https:\/\/havamall.vn\/en\/wp-json\/wp\/v2\/product_tag?post=45007"}],"curies":[{"name":"wp","href":"https:\/\/api.w.org\/{rel}","templated":true}]}}