{"id":44999,"date":"2026-04-10T11:05:02","date_gmt":"2026-04-10T04:05:02","guid":{"rendered":"https:\/\/havamall.vn\/?post_type=product&#038;p=44999"},"modified":"2026-04-10T11:05:03","modified_gmt":"2026-04-10T04:05:03","slug":"bo-thuc-vat-nuttelex-buttery-375g-nuttelex-buttery-table-spread-375g","status":"publish","type":"product","link":"https:\/\/havamall.vn\/en\/shop\/bo-thuc-vat-nuttelex-buttery-375g-nuttelex-buttery-table-spread-375g\/","title":{"rendered":"B\u01a1 Th\u1ef1c V\u1eadt Nuttelex Buttery 375g \u2013 Nuttelex Buttery Table Spread 375g"},"content":{"rendered":"<h3 data-path-to-node=\"3\">TH\u00d4NG TIN S\u1ea2N PH\u1ea8M<\/h3>\n<div class=\"horizontal-scroll-wrapper\">\n<div class=\"table-block-component\">\n<div class=\"table-block has-export-button new-table-style is-at-scroll-start is-at-scroll-end\">\n<div class=\"table-content not-end-of-paragraph\" data-hveid=\"0\" data-ved=\"0CAAQ3ecQahgKEwim96yX_d-TAxUAAAAAHQAAAAAQhQM\">\n<table data-path-to-node=\"4\">\n<tbody>\n<tr>\n<td><span data-path-to-node=\"4,1,0,0\"><b data-path-to-node=\"4,1,0,0\" data-index-in-node=\"0\">Th\u01b0\u01a1ng hi\u1ec7u<\/b><\/span><\/td>\n<td><span data-path-to-node=\"4,1,1,0\">Nuttelex<\/span><\/td>\n<\/tr>\n<tr>\n<td><span data-path-to-node=\"4,2,0,0\"><b data-path-to-node=\"4,2,0,0\" data-index-in-node=\"0\">Xu\u1ea5t x\u1ee9<\/b><\/span><\/td>\n<td><span data-path-to-node=\"4,2,1,0\">\u00dac (Australia)<\/span><\/td>\n<\/tr>\n<tr>\n<td><span data-path-to-node=\"4,3,0,0\"><b data-path-to-node=\"4,3,0,0\" data-index-in-node=\"0\">Th\u00e0nh ph\u1ea7n<\/b><\/span><\/td>\n<td><span data-path-to-node=\"4,3,1,0\">D\u1ea7u th\u1ef1c v\u1eadt (ch\u1ee9a \u00edt nh\u1ea5t 87% nguy\u00ean li\u1ec7u t\u1eeb \u00dac), n\u01b0\u1edbc, mu\u1ed1i, h\u01b0\u01a1ng v\u1ecb t\u1ef1 nhi\u00ean<\/span><\/td>\n<\/tr>\n<tr>\n<td><span data-path-to-node=\"4,4,0,0\"><b data-path-to-node=\"4,4,0,0\" data-index-in-node=\"0\">H\u1ea1n s\u1eed d\u1ee5ng<\/b><\/span><\/td>\n<td><span data-path-to-node=\"4,4,1,0\">Ghi tr\u00ean bao b\u00ec<\/span><\/td>\n<\/tr>\n<tr>\n<td><span data-path-to-node=\"4,5,0,0\"><b data-path-to-node=\"4,5,0,0\" data-index-in-node=\"0\">B\u1ea3o qu\u1ea3n<\/b><\/span><\/td>\n<td><span data-path-to-node=\"4,5,1,0\">Ng\u0103n m\u00e1t t\u1ee7 l\u1ea1nh<\/span><\/td>\n<\/tr>\n<tr>\n<td><span data-path-to-node=\"4,6,0,0\"><b data-path-to-node=\"4,6,0,0\" data-index-in-node=\"0\">Kh\u1ed1i l\u01b0\u1ee3ng<\/b><\/span><\/td>\n<td><span data-path-to-node=\"4,6,1,0\">375g<\/span><\/td>\n<\/tr>\n<\/tbody>\n<\/table>\n<p data-path-to-node=\"3\">Nuttelex, th\u01b0\u01a1ng hi\u1ec7u l\u00e2u \u0111\u1eddi \u0111\u1ebfn t\u1eeb \u00dac, \u0111\u00e3 mang \u0111\u1ebfn d\u00f2ng b\u01a1 th\u1ef1c v\u1eadt Nuttelex Buttery nh\u01b0 m\u1ed9t gi\u1ea3i ph\u00e1p\u00a0<em><strong>thay th\u1ebf tr\u1ef1c ti\u1ebfp cho b\u01a1 \u0111\u1ed9ng v\u1eadt truy\u1ec1n th\u1ed1ng<\/strong><\/em>, t\u1eadp trung v\u00e0o vi\u1ec7c m\u00f4 ph\u1ecfng h\u01b0\u01a1ng v\u1ecb b\u00e9o th\u01a1m \u0111\u1eb7c tr\u01b0ng nh\u01b0ng ho\u00e0n to\u00e0n lo\u1ea1i b\u1ecf c\u00e1c th\u00e0nh ph\u1ea7n t\u1eeb s\u1eefa. V\u1edbi t\u1ef7 l\u1ec7 nguy\u00ean li\u1ec7u n\u1ed9i \u0111\u1ecba \u00dac chi\u1ebfm \u00edt nh\u1ea5t 87%, s\u1ea3n ph\u1ea9m \u0111\u1ea3m b\u1ea3o quy tr\u00ecnh ki\u1ec3m so\u00e1t ch\u1ea5t l\u01b0\u1ee3ng nghi\u00eam ng\u1eb7t, mang \u0111\u1ebfn c\u1ea3m gi\u00e1c b\u00e9o m\u1ecbn t\u1ef1 nhi\u00ean nh\u01b0ng l\u1ea1i nh\u1eb9 nh\u00e0ng h\u01a1n cho h\u1ec7 ti\u00eau h\u00f3a.<\/p>\n<p data-path-to-node=\"3\"><img fetchpriority=\"high\" decoding=\"async\" class=\"aligncenter size-full wp-image-45762\" src=\"https:\/\/havamall.com\/wp-content\/uploads\/2026\/04\/afdf02df-4573-49d2-b20b-35655bda9ca8.jpg.png\" alt=\"\" width=\"800\" height=\"800\" \/><\/p>\n<p data-path-to-node=\"4\">C\u00f4ng th\u1ee9c Nuttelex Buttery ho\u00e0n to\u00e0n<em><strong>\u00a0kh\u00f4ng ch\u1ee9a Lactose<\/strong>\u00a0<\/em>v\u00e0\u00a0<strong><em>kh\u00f4ng c\u00f3 th\u00e0nh ph\u1ea7n t\u1eeb s\u1eefa (Dairy Free)<\/em><\/strong>\u00a0gi\u00fap s\u1ea3n ph\u1ea9m tr\u1edf th\u00e0nh l\u1ef1a ch\u1ecdn an to\u00e0n tuy\u1ec7t \u0111\u1ed1i cho nh\u1eefng ng\u01b0\u1eddi c\u00f3 h\u1ed9i ch\u1ee9ng kh\u00f4ng dung n\u1ea1p Lactose ho\u1eb7c b\u1ecb d\u1ecb \u1ee9ng v\u1edbi \u0111\u1ea1m s\u1eefa b\u00f2. B\u00ean c\u1ea1nh \u0111\u00f3, v\u1edbi\u00a0<em><strong>ch\u1ee9ng nh\u1eadn thu\u1ea7n chay (Vegan Certified)<\/strong><\/em>, Nuttelex Buttery ph\u00f9 h\u1ee3p v\u1edbi c\u1ea3 nh\u1eefng ng\u01b0\u1eddi theo \u0111u\u1ed5i l\u1ed1i s\u1ed1ng th\u1ef1c v\u1eadt ho\u00e0n to\u00e0n ho\u1eb7c c\u00e1c ch\u1ebf \u0111\u1ed9 \u0103n l\u00e0nh m\u1ea1nh nh\u1eb1m h\u1ea1n ch\u1ebf l\u01b0\u1ee3ng Cholesterol v\u00e0 ch\u1ea5t b\u00e9o b\u00e3o h\u00f2a n\u1ea1p v\u00e0o c\u01a1 th\u1ec3. Vi\u1ec7c s\u1eed d\u1ee5ng b\u01a1 th\u1ef1c v\u1eadt kh\u00f4ng ch\u1ec9 gi\u00fap duy tr\u00ec s\u1ef1 ngon mi\u1ec7ng quen thu\u1ed9c m\u00e0 c\u00f2n mang l\u1ea1i tr\u1ea3i nghi\u1ec7m \u0103n u\u1ed1ng nh\u1eb9 nh\u00e0ng, gi\u1ea3m b\u1edbt c\u1ea3m gi\u00e1c &#8220;n\u1eb7ng b\u1ee5ng&#8221; sau khi s\u1eed d\u1ee5ng th\u01b0\u1eddng xuy\u00ean.<\/p>\n<p data-path-to-node=\"4\"><img decoding=\"async\" class=\"aligncenter size-full wp-image-45763\" src=\"https:\/\/havamall.com\/wp-content\/uploads\/2026\/04\/Gemini_Generated_Image_songj7songj7song.png\" alt=\"\" width=\"800\" height=\"800\" \/><\/p>\n<p data-path-to-node=\"5\">Trong gian b\u1ebfp, Nuttelex Buttery th\u1ec3 hi\u1ec7n t\u00ednh linh ho\u1ea1t v\u01b0\u1ee3t tr\u1ed9i nh\u1edd<em><strong>\u00a0k\u1ebft c\u1ea5u m\u1ec1m m\u1ecbn,<\/strong><\/em>\u00a0d\u1ec5 d\u00e0ng\u00a0<em><strong>ph\u1ebft tr\u1ef1c ti\u1ebfp l\u00ean b\u00e1nh m\u00ec ho\u1eb7c sandwic<\/strong><\/em>h ngay c\u1ea3 khi v\u1eeba l\u1ea5y ra kh\u1ecfi t\u1ee7 l\u1ea1nh. Trong n\u1ea5u \u0103n v\u00e0 l\u00e0m b\u00e1nh, s\u1ea3n ph\u1ea9m c\u00f3 th\u1ec3\u00a0<em><strong>thay th\u1ebf b\u01a1 \u0111\u1ed9ng v\u1eadt v\u1edbi t\u1ef7 l\u1ec7 1:1<\/strong><\/em>, ph\u00f9 h\u1ee3p cho m\u1ecdi thao t\u00e1c t\u1eeb\u00a0<em><strong>\u00e1p ch\u1ea3o, x\u00e0o rau c\u1ee7<\/strong><\/em>\u00a0\u0111\u1ebfn l\u00e0m nguy\u00ean li\u1ec7u cho c\u00e1c lo\u1ea1i b\u00e1nh quy, b\u00e1nh ng\u1ecdt c\u1ea7n \u0111\u1ed9 \u1ea9m v\u00e0 v\u1ecb b\u00e9o d\u1ecbu. Khi tan ch\u1ea3y, l\u1edbp b\u01a1 t\u1ea1o n\u00ean \u0111\u1ed9 b\u00f3ng nh\u1eb9 v\u00e0 m\u00f9i th\u01a1m h\u1ea5p d\u1eabn m\u00e0 kh\u00f4ng qu\u00e1 ng\u1ea5y, gi\u00fap m\u00f3n \u0103n gi\u1eef \u0111\u01b0\u1ee3c k\u1ebft c\u1ea5u v\u00e0 h\u01b0\u01a1ng v\u1ecb mong mu\u1ed1n.\u00a0<em><strong>Kh\u1ea3 n\u0103ng ch\u1ecbu nhi\u1ec7t t\u1ed1t<\/strong><\/em>\u00a0c\u0169ng gi\u00fap vi\u1ec7c ch\u1ebf bi\u1ebfn h\u00e0ng ng\u00e0y tr\u1edf n\u00ean d\u1ec5 d\u00e0ng h\u01a1n m\u00e0 kh\u00f4ng l\u00e0m bi\u1ebfn \u0111\u1ed5i h\u01b0\u01a1ng v\u1ecb nguy\u00ean b\u1ea3n c\u1ee7a th\u1ef1c ph\u1ea9m.<\/p>\n<p data-path-to-node=\"5\"><img decoding=\"async\" class=\"aligncenter  wp-image-45764\" src=\"https:\/\/havamall.com\/wp-content\/uploads\/2026\/04\/001aa7c5-7152-4d7e-b1e6-43675cb303af.png\" alt=\"\" width=\"801\" height=\"534\" \/><\/p>\n<p data-path-to-node=\"6\">Thi\u1ebft k\u1ebf h\u1ed9p nh\u1ef1a 375g ti\u1ec7n l\u1ee3i v\u1edbi<em><strong>\u00a0n\u1eafp \u0111\u1eady k\u00edn<\/strong><\/em>\u00a0gi\u00fap\u00a0<em><strong>b\u1ea3o qu\u1ea3n<\/strong><\/em>\u00a0s\u1ea3n ph\u1ea9m an to\u00e0n\u00a0<em><strong>trong ng\u0103n m\u00e1t t\u1ee7 l\u1ea1nh<\/strong><\/em>, tr\u00e1nh nhi\u1ec5m m\u00f9i v\u00e0 duy tr\u00ec \u0111\u1ed9 t\u01b0\u01a1i m\u1edbi trong su\u1ed1t th\u1eddi gian s\u1eed d\u1ee5ng, l\u00e0 l\u1ef1a ch\u1ecdn nh\u1ecf nh\u01b0ng \u0111\u1ee7 \u0111\u1ec3 l\u00e0m m\u1edbi tr\u1ea3i nghi\u1ec7m \u1ea9m th\u1ef1c m\u1ed7i ng\u00e0y, gi\u00fap b\u1ea1n c\u00e2n b\u1eb1ng gi\u1eefa s\u1edf th\u00edch \u0103n u\u1ed1ng v\u00e0 l\u1ed1i s\u1ed1ng l\u00e0nh m\u1ea1nh. Hi\u1ec7n nay, b\u01a1 th\u1ef1c v\u1eadt Nuttelex Buttery \u0111ang \u0111\u01b0\u1ee3c b\u00e1n ch\u00ednh h\u00e3ng t\u1ea1i Havamall, \u0111\u01a1n v\u1ecb chuy\u00ean ph\u00e2n ph\u1ed1i c\u00e1c d\u00f2ng th\u1ef1c ph\u1ea9m nh\u1eadp kh\u1ea9u ch\u1ea5t l\u01b0\u1ee3ng, \u0111\u00e1p \u1ee9ng \u0111\u1ea7y \u0111\u1ee7 c\u00e1c ti\u00eau chu\u1ea9n an to\u00e0n v\u1ec7 sinh th\u1ef1c ph\u1ea9m cho ng\u01b0\u1eddi ti\u00eau d\u00f9ng.<\/p>\n<\/div>\n<\/div>\n<\/div>\n<\/div>","protected":false},"excerpt":{"rendered":"<p>TH\u00d4NG TIN S\u1ea2N PH\u1ea8M Th\u01b0\u01a1ng hi\u1ec7u Nuttelex Xu\u1ea5t x\u1ee9 \u00dac (Australia) Th\u00e0nh ph\u1ea7n D\u1ea7u th\u1ef1c v\u1eadt (ch\u1ee9a \u00edt nh\u1ea5t 87%<\/p>","protected":false},"featured_media":45000,"comment_status":"open","ping_status":"closed","template":"","meta":[],"product_brand":[],"product_cat":[677,275],"product_tag":[],"class_list":{"0":"post-44999","1":"product","2":"type-product","3":"status-publish","4":"has-post-thumbnail","6":"product_cat-cac-nuoc-khac","7":"product_cat-thuc-pham-dong-lanh","9":"first","10":"instock","11":"sale","12":"shipping-taxable","13":"purchasable","14":"product-type-simple"},"_links":{"self":[{"href":"https:\/\/havamall.vn\/en\/wp-json\/wp\/v2\/product\/44999"}],"collection":[{"href":"https:\/\/havamall.vn\/en\/wp-json\/wp\/v2\/product"}],"about":[{"href":"https:\/\/havamall.vn\/en\/wp-json\/wp\/v2\/types\/product"}],"replies":[{"embeddable":true,"href":"https:\/\/havamall.vn\/en\/wp-json\/wp\/v2\/comments?post=44999"}],"version-history":[{"count":0,"href":"https:\/\/havamall.vn\/en\/wp-json\/wp\/v2\/product\/44999\/revisions"}],"wp:featuredmedia":[{"embeddable":true,"href":"https:\/\/havamall.vn\/en\/wp-json\/wp\/v2\/media\/45000"}],"wp:attachment":[{"href":"https:\/\/havamall.vn\/en\/wp-json\/wp\/v2\/media?parent=44999"}],"wp:term":[{"taxonomy":"product_brand","embeddable":true,"href":"https:\/\/havamall.vn\/en\/wp-json\/wp\/v2\/product_brand?post=44999"},{"taxonomy":"product_cat","embeddable":true,"href":"https:\/\/havamall.vn\/en\/wp-json\/wp\/v2\/product_cat?post=44999"},{"taxonomy":"product_tag","embeddable":true,"href":"https:\/\/havamall.vn\/en\/wp-json\/wp\/v2\/product_tag?post=44999"}],"curies":[{"name":"wp","href":"https:\/\/api.w.org\/{rel}","templated":true}]}}