{"id":44982,"date":"2026-04-09T15:25:08","date_gmt":"2026-04-09T08:25:08","guid":{"rendered":"https:\/\/havamall.vn\/?post_type=product&#038;p=44982"},"modified":"2026-04-09T15:25:08","modified_gmt":"2026-04-09T08:25:08","slug":"nuoc-dua-co-gas-huu-co-nguyen-ban-khong-duong-bonsoy-320ml-bonsoy-sparkling-coconut-water-organic-natural","status":"publish","type":"product","link":"https:\/\/havamall.vn\/en\/shop\/nuoc-dua-co-gas-huu-co-nguyen-ban-khong-duong-bonsoy-320ml-bonsoy-sparkling-coconut-water-organic-natural\/","title":{"rendered":"N\u01b0\u1edbc D\u1eeba C\u00f3 Gas H\u1eefu C\u01a1 Nguy\u00ean B\u1ea3n Kh\u00f4ng \u0110\u01b0\u1eddng Bonsoy 320ml \u2013 Bonsoy Sparkling Coconut Water Organic Natural"},"content":{"rendered":"<h3 data-path-to-node=\"3\">TH\u00d4NG TIN S\u1ea2N PH\u1ea8M<\/h3>\n<div class=\"horizontal-scroll-wrapper\">\n<div class=\"table-block-component\">\n<div class=\"table-block has-export-button new-table-style is-at-scroll-start is-at-scroll-end\">\n<div class=\"table-content not-end-of-paragraph\" data-hveid=\"0\" data-ved=\"0CAAQ3ecQahgKEwim96yX_d-TAxUAAAAAHQAAAAAQ0wI\">\n<table data-path-to-node=\"4\">\n<tbody>\n<tr>\n<td><span data-path-to-node=\"4,1,0,0\"><b data-path-to-node=\"4,1,0,0\" data-index-in-node=\"0\">Th\u01b0\u01a1ng hi\u1ec7u<\/b><\/span><\/td>\n<td><span data-path-to-node=\"4,1,1,0\">Bonsoy<\/span><\/td>\n<\/tr>\n<tr>\n<td><span data-path-to-node=\"4,2,0,0\"><b data-path-to-node=\"4,2,0,0\" data-index-in-node=\"0\">Xu\u1ea5t x\u1ee9<\/b><\/span><\/td>\n<td><span data-path-to-node=\"4,2,1,0\">Vi\u1ec7t Nam<\/span><\/td>\n<\/tr>\n<tr>\n<td><span data-path-to-node=\"4,3,0,0\"><b data-path-to-node=\"4,3,0,0\" data-index-in-node=\"0\">Th\u00e0nh ph\u1ea7n<\/b><\/span><\/td>\n<td><span data-path-to-node=\"4,3,1,0\">N\u01b0\u1edbc d\u1eeba h\u1eefu c\u01a1 t\u1ef1 nhi\u00ean, CO2<\/span><\/td>\n<\/tr>\n<tr>\n<td><span data-path-to-node=\"4,4,0,0\"><b data-path-to-node=\"4,4,0,0\" data-index-in-node=\"0\">H\u1ea1n s\u1eed d\u1ee5ng<\/b><\/span><\/td>\n<td><span data-path-to-node=\"4,4,1,0\">12 th\u00e1ng k\u1ec3 t\u1eeb ng\u00e0y s\u1ea3n xu\u1ea5t<\/span><\/td>\n<\/tr>\n<tr>\n<td><span data-path-to-node=\"4,5,0,0\"><b data-path-to-node=\"4,5,0,0\" data-index-in-node=\"0\">B\u1ea3o qu\u1ea3n<\/b><\/span><\/td>\n<td><span data-path-to-node=\"4,5,1,0\">N\u01a1i kh\u00f4 r\u00e1o, tho\u00e1ng m\u00e1t, ngon h\u01a1n khi u\u1ed1ng l\u1ea1nh<\/span><\/td>\n<\/tr>\n<tr>\n<td><span data-path-to-node=\"4,6,0,0\"><b data-path-to-node=\"4,6,0,0\" data-index-in-node=\"0\">Th\u1ec3 t\u00edch<\/b><\/span><\/td>\n<td><span data-path-to-node=\"4,6,1,0\">320ml<\/span><\/td>\n<\/tr>\n<\/tbody>\n<\/table>\n<p data-path-to-node=\"3\">Bonsoy, th\u01b0\u01a1ng hi\u1ec7u \u0111\u1ed3 u\u1ed1ng th\u1ef1c v\u1eadt l\u00e2u \u0111\u1eddi t\u1eeb \u00dac, \u0111\u00e3 gi\u1eef v\u1eefng gi\u00e1 tr\u1ecb c\u1ed1t l\u00f5i c\u1ee7a n\u01b0\u1edbc d\u1eeba h\u1eefu c\u01a1 truy\u1ec1n th\u1ed1ng nh\u01b0ng l\u00e0m m\u1edbi c\u1ea5u tr\u00fac b\u1eb1ng c\u00e1ch b\u1ed5 sung nh\u1eefng b\u1ecdt gas li ti. Kh\u00f4ng c\u1ea7n \u0111\u1ebfn h\u01b0\u01a1ng li\u1ec7u ph\u1ee9c t\u1ea1p hay c\u00e1c t\u1ea7ng h\u01b0\u01a1ng tr\u00e1i c\u00e2y kh\u00e1c, d\u00f2ng s\u1ea3n ph\u1ea9m n\u00e0y h\u01b0\u1edbng \u0111\u1ebfn vi\u1ec7c t\u00f4n vinh h\u01b0\u01a1ng v\u1ecb thu\u1ea7n t\u00fay nh\u1ea5t c\u1ee7a tr\u00e1i d\u1eeba, mang l\u1ea1i c\u1ea3m gi\u00e1c s\u1ed1ng \u0111\u1ed9ng v\u00e0 t\u01b0\u01a1i m\u1edbi h\u01a1n nh\u01b0ng v\u1eabn gi\u1eef tr\u1ecdn v\u1eb9n tinh th\u1ea7n thanh m\u00e1t c\u1ee7a t\u1ef1 nhi\u00ean.<\/p>\n<p data-path-to-node=\"3\"><img fetchpriority=\"high\" decoding=\"async\" class=\"aligncenter\" src=\"https:\/\/havamall.com\/wp-content\/uploads\/2026\/04\/original.jpg\" alt=\"Bonsoy OrgNatural Sparkling Coconut Water Original 320m\" width=\"800\" height=\"799\" \/><\/p>\n<p data-path-to-node=\"4\">\u0110\u1eb7c t\u00ednh quan tr\u1ecdng nh\u1ea5t c\u1ee7a d\u00f2ng n\u00e0y ch\u00ednh l\u00e0 s\u1ef1 &#8220;ti\u1ebft ch\u1ebf&#8221; t\u1ed1i \u0111a v\u1edbi cam k\u1ebft kh\u00f4ng b\u1ed5 sung th\u00eam \u0111\u01b0\u1eddng hay c\u00e1c ch\u1ea5t b\u1ea3o qu\u1ea3n c\u00f4ng nghi\u1ec7p. V\u1ecb ng\u1ecdt thanh v\u00e0 \u0111\u1ed9 m\u1eb7n nh\u1eb9 \u0111\u1eb7c tr\u01b0ng c\u1ee7a n\u01b0\u1edbc d\u1eeba h\u1eefu c\u01a1 \u0111\u01b0\u1ee3c gi\u1eef nguy\u00ean b\u1ea3n, k\u1ebft h\u1ee3p c\u00f9ng l\u1edbp b\u1ecdt kh\u00ed m\u1ecbn m\u00e0ng gi\u00fap t\u0103ng c\u1ea3m gi\u00e1c s\u1ea3ng kho\u00e1i v\u00e0 h\u1ed7 tr\u1ee3 l\u00e0m s\u1ea1ch v\u00f2m h\u1ecdng. \u1ede g\u00f3c \u0111\u1ed9 dinh d\u01b0\u1ee1ng, s\u1ea3n ph\u1ea9m v\u1eabn \u0111\u1ea3m b\u1ea3o cung c\u1ea5p c\u00e1c ch\u1ea5t \u0111i\u1ec7n gi\u1ea3i t\u1ef1 nhi\u00ean nh\u01b0 Kali, h\u1ed7 tr\u1ee3 qu\u00e1 tr\u00ecnh b\u00f9 n\u01b0\u1edbc hi\u1ec7u qu\u1ea3 cho c\u01a1 th\u1ec3 sau khi v\u1eadn \u0111\u1ed9ng. Nh\u00e3n &#8220;Organic&#8221; tr\u00ean bao b\u00ec l\u00e0 l\u1eddi kh\u1eb3ng \u0111\u1ecbnh v\u1ec1 ngu\u1ed3n nguy\u00ean li\u1ec7u s\u1ea1ch, kh\u00f4ng bi\u1ebfn \u0111\u1ed5i gen, \u0111\u00e1p \u1ee9ng ti\u00eau chu\u1ea9n kh\u1eaft khe c\u1ee7a nh\u1eefng ng\u01b0\u1eddi theo \u0111u\u1ed5i l\u1ed1i s\u1ed1ng l\u00e0nh m\u1ea1nh.<\/p>\n<p data-path-to-node=\"4\"><img decoding=\"async\" class=\"aligncenter\" src=\"https:\/\/havamall.com\/wp-content\/uploads\/2026\/04\/1_original.jpg\" alt=\"Bonsoy OrgNatural Sparkling Coconut Water Original 320m\" width=\"800\" height=\"799\" \/><\/p>\n<p data-path-to-node=\"5\">Khi th\u01b0\u1edfng th\u1ee9c, ng\u1ee5m \u0111\u1ea7u ti\u00ean mang l\u1ea1i c\u1ea3m gi\u00e1c m\u00e1t l\u1ea1nh t\u1ee9c th\u00ec v\u1edbi v\u1ecb d\u1eeba thanh d\u1ecbu lan t\u1ecfa \u0111\u1ec1u, k\u1ebft th\u00fac b\u1eb1ng c\u1ea3m gi\u00e1c s\u1ea3ng kho\u00e1i nh\u1eb9 nh\u00e0ng \u1edf cu\u1ed1ng h\u1ecdng m\u00e0 kh\u00f4ng h\u1ec1 b\u1ecb ng\u1ecdt g\u1eaft hay chua. Ch\u00ednh s\u1ef1 c\u00e2n b\u1eb1ng n\u00e0y khi\u1ebfn n\u01b0\u1edbc d\u1eeba c\u00f3 gas Bonsoy tr\u1edf th\u00e0nh m\u1ed9t l\u1ef1a ch\u1ecdn linh ho\u1ea1t trong th\u00f3i quen u\u1ed1ng h\u00e0ng ng\u00e0y. B\u1ea1n c\u00f3 th\u1ec3 s\u1eed d\u1ee5ng tr\u1ef1c ti\u1ebfp nh\u01b0 m\u1ed9t lo\u1ea1i n\u01b0\u1edbc gi\u1ea3i kh\u00e1t \u0111\u1ed9c l\u1eadp khi \u01b0\u1edbp l\u1ea1nh s\u00e2u, ho\u1eb7c d\u00f9ng l\u00e0m n\u1ec1n cho c\u00e1c lo\u1ea1i mocktail, n\u01b0\u1edbc \u00e9p tr\u00e1i c\u00e2y v\u00e0 tr\u00e0 gi\u1ea3i nhi\u1ec7t m\u00e0 kh\u00f4ng lo b\u1ecb l\u1ea5n \u00e1t h\u01b0\u01a1ng v\u1ecb ch\u00ednh. \u0110\u1eb7c bi\u1ec7t, nh\u1edd t\u00ednh trung t\u00ednh v\u00e0 l\u1edbp gas s\u1ea3ng kho\u00e1i, s\u1ea3n ph\u1ea9m c\u00f2n h\u1ed7 tr\u1ee3 c\u00e2n b\u1eb1ng v\u1ecb gi\u00e1c hi\u1ec7u qu\u1ea3 khi d\u00f9ng chung v\u1edbi c\u00e1c m\u00f3n \u0103n nhi\u1ec1u d\u1ea7u m\u1ee1.<\/p>\n<p data-path-to-node=\"5\"><img decoding=\"async\" class=\"aligncenter\" src=\"https:\/\/instagram.fsgn19-1.fna.fbcdn.net\/v\/t51.82787-15\/651983674_18083501168350842_2192935028503054054_n.jpg?stp=dst-jpg_e35_tt6&amp;_nc_cat=110&amp;ig_cache_key=MzA4OTIxOTY4MDQyMjg0MjcxMQ%3D%3D.3-ccb7-5&amp;ccb=7-5&amp;_nc_sid=58cdad&amp;efg=eyJ2ZW5jb2RlX3RhZyI6InhwaWRzLjE0NDB4MTgwMC5zZHIuQzMifQ%3D%3D&amp;_nc_ohc=NQNC2iube4UQ7kNvwH6rdaS&amp;_nc_oc=Adok3NC3fTJekezZOH_G3hkqC-AVqVQXFDO0XuVn7BJJdm9I2u1SQd4WBrOLSvVbk-CclZhgYdpSuZbm_ClrjmtC&amp;_nc_ad=z-m&amp;_nc_cid=0&amp;_nc_zt=23&amp;_nc_ht=instagram.fsgn19-1.fna&amp;_nc_gid=oGZ3QIRW2pjb9C1P8fFsEQ&amp;_nc_ss=7a32e&amp;oh=00_Af3PKwaarnfFBnL692OE8TYXHJgyGlmo9ETgBjqlJjAQKw&amp;oe=69DD2884\" width=\"800\" height=\"1000\" \/><\/p>\n<p data-path-to-node=\"6\">M\u1ed9t lon n\u01b0\u1edbc d\u1eeba c\u00f3 gas nguy\u00ean b\u1ea3n, t\u01b0\u1edfng ch\u1eebng \u0111\u01a1n gi\u1ea3n, nh\u01b0ng l\u1ea1i ph\u1ea3n \u00e1nh r\u00f5 xu h\u01b0\u1edbng quay v\u1ec1 v\u1edbi nh\u1eefng th\u00e0nh ph\u1ea7n s\u1ea1ch v\u00e0 \u00edt can thi\u1ec7p k\u1ef9 thu\u1eadt. Kh\u00f4ng qu\u00e1 \u1ed3n \u00e0o nh\u01b0ng \u0111\u1ee7 tinh t\u1ebf \u0111\u1ec3 t\u1ea1o d\u1ea5u \u1ea5n ri\u00eang, s\u1ea3n ph\u1ea9m ph\u00f9 h\u1ee3p v\u1edbi nhi\u1ec1u th\u1eddi \u0111i\u1ec3m trong ng\u00e0y \u2013 t\u1eeb gi\u1eefa gi\u1edd l\u00e0m vi\u1ec7c c\u0103ng th\u1eb3ng \u0111\u1ebfn nh\u1eefng ph\u00fat gi\u00e2y c\u1ea7n m\u1ed9t kho\u1ea3ng ngh\u1ec9 d\u1ec5 ch\u1ecbu. Hi\u1ec7n nay, n\u01b0\u1edbc d\u1eeba h\u1eefu c\u01a1 c\u00f3 gas nguy\u00ean b\u1ea3n Bonsoy \u0111ang \u0111\u01b0\u1ee3c ph\u00e2n ph\u1ed1i ch\u00ednh h\u00e3ng t\u1ea1i Havamall, \u0111\u01a1n v\u1ecb chuy\u00ean nh\u1eadp kh\u1ea9u c\u00e1c d\u00f2ng th\u1ef1c ph\u1ea9m v\u00e0 \u0111\u1ed3 u\u1ed1ng cao c\u1ea5p, cam k\u1ebft mang \u0111\u1ebfn nh\u1eefng gi\u00e1 tr\u1ecb t\u1ef1 nhi\u00ean nh\u1ea5t cho ng\u01b0\u1eddi ti\u00eau d\u00f9ng.<\/p>\n<\/div>\n<\/div>\n<\/div>\n<\/div>","protected":false},"excerpt":{"rendered":"<p>TH\u00d4NG TIN S\u1ea2N PH\u1ea8M Th\u01b0\u01a1ng hi\u1ec7u Bonsoy Xu\u1ea5t x\u1ee9 Vi\u1ec7t Nam Th\u00e0nh ph\u1ea7n N\u01b0\u1edbc d\u1eeba h\u1eefu c\u01a1 t\u1ef1 nhi\u00ean, CO2<\/p>","protected":false},"featured_media":44983,"comment_status":"open","ping_status":"closed","template":"","meta":[],"product_brand":[],"product_cat":[677,256,135],"product_tag":[],"class_list":{"0":"post-44982","1":"product","2":"type-product","3":"status-publish","4":"has-post-thumbnail","6":"product_cat-cac-nuoc-khac","7":"product_cat-thuc-pham-huu-co","8":"product_cat-sua-do-uong","10":"first","11":"instock","12":"sale","13":"shipping-taxable","14":"purchasable","15":"product-type-simple"},"_links":{"self":[{"href":"https:\/\/havamall.vn\/en\/wp-json\/wp\/v2\/product\/44982"}],"collection":[{"href":"https:\/\/havamall.vn\/en\/wp-json\/wp\/v2\/product"}],"about":[{"href":"https:\/\/havamall.vn\/en\/wp-json\/wp\/v2\/types\/product"}],"replies":[{"embeddable":true,"href":"https:\/\/havamall.vn\/en\/wp-json\/wp\/v2\/comments?post=44982"}],"version-history":[{"count":0,"href":"https:\/\/havamall.vn\/en\/wp-json\/wp\/v2\/product\/44982\/revisions"}],"wp:featuredmedia":[{"embeddable":true,"href":"https:\/\/havamall.vn\/en\/wp-json\/wp\/v2\/media\/44983"}],"wp:attachment":[{"href":"https:\/\/havamall.vn\/en\/wp-json\/wp\/v2\/media?parent=44982"}],"wp:term":[{"taxonomy":"product_brand","embeddable":true,"href":"https:\/\/havamall.vn\/en\/wp-json\/wp\/v2\/product_brand?post=44982"},{"taxonomy":"product_cat","embeddable":true,"href":"https:\/\/havamall.vn\/en\/wp-json\/wp\/v2\/product_cat?post=44982"},{"taxonomy":"product_tag","embeddable":true,"href":"https:\/\/havamall.vn\/en\/wp-json\/wp\/v2\/product_tag?post=44982"}],"curies":[{"name":"wp","href":"https:\/\/api.w.org\/{rel}","templated":true}]}}