{"id":44978,"date":"2026-04-09T15:07:42","date_gmt":"2026-04-09T08:07:42","guid":{"rendered":"https:\/\/havamall.vn\/?post_type=product&#038;p=44978"},"modified":"2026-04-09T15:07:58","modified_gmt":"2026-04-09T08:07:58","slug":"nuoc-dua-co-gas-vi-chanh-day-khong-duong-bonsoy-320ml-bonsoy-sparkling-coconut-water-passionfruit","status":"publish","type":"product","link":"https:\/\/havamall.vn\/en\/shop\/nuoc-dua-co-gas-vi-chanh-day-khong-duong-bonsoy-320ml-bonsoy-sparkling-coconut-water-passionfruit\/","title":{"rendered":"N\u01b0\u1edbc D\u1eeba C\u00f3 Gas V\u1ecb Chanh D\u00e2y Kh\u00f4ng \u0110\u01b0\u1eddng Bonsoy 320ml \u2013 Bonsoy Sparkling Coconut Water Passionfruit"},"content":{"rendered":"<h3 data-path-to-node=\"3\">TH\u00d4NG TIN S\u1ea2N PH\u1ea8M<\/h3>\n<div class=\"horizontal-scroll-wrapper\">\n<div class=\"table-block-component\">\n<div class=\"table-block has-export-button new-table-style is-at-scroll-start is-at-scroll-end\">\n<div class=\"table-content not-end-of-paragraph\" data-hveid=\"0\" data-ved=\"0CAAQ3ecQahgKEwim96yX_d-TAxUAAAAAHQAAAAAQugI\">\n<table data-path-to-node=\"4\">\n<tbody>\n<tr>\n<td><span data-path-to-node=\"4,1,0,0\"><b data-path-to-node=\"4,1,0,0\" data-index-in-node=\"0\">Th\u01b0\u01a1ng hi\u1ec7u<\/b><\/span><\/td>\n<td><span data-path-to-node=\"4,1,1,0\">Bonsoy<\/span><\/td>\n<\/tr>\n<tr>\n<td><span data-path-to-node=\"4,2,0,0\"><b data-path-to-node=\"4,2,0,0\" data-index-in-node=\"0\">Xu\u1ea5t x\u1ee9<\/b><\/span><\/td>\n<td><span data-path-to-node=\"4,2,1,0\">Vi\u1ec7t Nam<\/span><\/td>\n<\/tr>\n<tr>\n<td><span data-path-to-node=\"4,3,0,0\"><b data-path-to-node=\"4,3,0,0\" data-index-in-node=\"0\">Th\u00e0nh ph\u1ea7n<\/b><\/span><\/td>\n<td><span data-path-to-node=\"4,3,1,0\">N\u01b0\u1edbc d\u1eeba t\u1ef1 nhi\u00ean, h\u01b0\u01a1ng chanh d\u00e2y t\u1ef1 nhi\u00ean, CO2<\/span><\/td>\n<\/tr>\n<tr>\n<td><span data-path-to-node=\"4,4,0,0\"><b data-path-to-node=\"4,4,0,0\" data-index-in-node=\"0\">H\u1ea1n s\u1eed d\u1ee5ng<\/b><\/span><\/td>\n<td><span data-path-to-node=\"4,4,1,0\">12 th\u00e1ng k\u1ec3 t\u1eeb ng\u00e0y s\u1ea3n xu\u1ea5t<\/span><\/td>\n<\/tr>\n<tr>\n<td><span data-path-to-node=\"4,5,0,0\"><b data-path-to-node=\"4,5,0,0\" data-index-in-node=\"0\">B\u1ea3o qu\u1ea3n<\/b><\/span><\/td>\n<td><span data-path-to-node=\"4,5,1,0\">N\u01a1i kh\u00f4 r\u00e1o, tho\u00e1ng m\u00e1t, ngon h\u01a1n khi u\u1ed1ng l\u1ea1nh<\/span><\/td>\n<\/tr>\n<tr>\n<td><span data-path-to-node=\"4,6,0,0\"><b data-path-to-node=\"4,6,0,0\" data-index-in-node=\"0\">Th\u1ec3 t\u00edch<\/b><\/span><\/td>\n<td><span data-path-to-node=\"4,6,1,0\">320ml<\/span><\/td>\n<\/tr>\n<\/tbody>\n<\/table>\n<p>Bonsoy \u2013 th\u01b0\u01a1ng hi\u1ec7u \u0111\u1ebfn t\u1eeb \u00dac, v\u1ed1n n\u1ed5i ti\u1ebfng v\u1edbi c\u00e1c d\u00f2ng \u0111\u1ed3 u\u1ed1ng c\u00f3 ngu\u1ed3n g\u1ed1c th\u1ef1c v\u1eadt \u2013 \u0111\u00e3 mang \u0111\u1ebfn m\u1ed9t phi\u00ean b\u1ea3n k\u1ebft h\u1ee3p gi\u1eefa n\u01b0\u1edbc d\u1eeba v\u00e0 chanh d\u00e2y. V\u1ecb ng\u1ecdt thanh t\u1ef1 nhi\u00ean c\u1ee7a d\u1eeba h\u00f2a c\u00f9ng v\u1ecb chua nh\u1eb9, th\u01a1m \u0111\u1eb7c tr\u01b0ng c\u1ee7a chanh d\u00e2y, t\u1ea1o n\u00ean m\u1ed9t t\u1ed5ng th\u1ec3 c\u00e2n b\u1eb1ng, kh\u00f4ng qu\u00e1 ng\u1ecdt.<\/p>\n<p><img fetchpriority=\"high\" decoding=\"async\" class=\"aligncenter\" src=\"https:\/\/www.beanscenemag.com.au\/wp-content\/uploads\/2023\/10\/Bonsoy1.jpg\" alt=\"Bonsoy launches new sparkling coconut water flavours - BeanScene\" width=\"801\" height=\"534\" \/><\/p>\n<p data-start=\"1542\" data-end=\"1917\">L\u1edbp b\u1ecdt kh\u00ed li ti xu\u1ea5t hi\u1ec7n, mang theo h\u01b0\u01a1ng th\u01a1m thoang tho\u1ea3ng c\u1ee7a tr\u00e1i c\u00e2y, ng\u1ee5m \u0111\u1ea7u ti\u00ean mang l\u1ea1i c\u1ea3m gi\u00e1c m\u00e1t l\u1ea1nh, ti\u1ebfp \u0111\u1ebfn l\u00e0 v\u1ecb d\u1eeba thanh d\u1ecbu lan nh\u1eb9, r\u1ed3i k\u1ebft th\u00fac b\u1eb1ng ch\u00fat chua nh\u1eb9 c\u1ee7a chanh d\u00e2y, \u0111\u1ee7 \u0111\u1ec3 l\u00e0m s\u1ea1ch v\u1ecb gi\u00e1c m\u00e0 kh\u00f4ng \u0111\u1ec3 l\u1ea1i c\u1ea3m gi\u00e1c g\u1eaft.\u00a0Kh\u00f4ng ch\u1ec9 d\u1eebng l\u1ea1i \u1edf vi\u1ec7c gi\u1ea3i kh\u00e1t, lo\u1ea1i \u0111\u1ed3 u\u1ed1ng n\u00e0y c\u00f2n ph\u00f9 h\u1ee3p v\u1edbi nhi\u1ec1u th\u1eddi \u0111i\u1ec3m kh\u00e1c nhau trong ng\u00e0y. C\u00f3 th\u1ec3 d\u00f9ng sau khi v\u1eadn \u0111\u1ed9ng \u0111\u1ec3 b\u1ed5 sung n\u01b0\u1edbc, d\u00f9ng trong nh\u1eefng bu\u1ed5i chi\u1ec1u c\u1ea7n s\u1ef1 t\u1ec9nh t\u00e1o nh\u1eb9 nh\u00e0ng, ho\u1eb7c \u0111\u01a1n gi\u1ea3n l\u00e0 m\u1ed9t l\u1ef1a ch\u1ecdn thay th\u1ebf cho c\u00e1c lo\u1ea1i n\u01b0\u1edbc ng\u1ecdt c\u00f3 \u0111\u01b0\u1eddng. Khi \u0111\u01b0\u1ee3c \u01b0\u1edbp l\u1ea1nh s\u00e2u, c\u1ea3m gi\u00e1c s\u1ea3ng kho\u00e1i c\u00e0ng r\u00f5 r\u1ec7t, \u0111\u1eb7c bi\u1ec7t trong nh\u1eefng ng\u00e0y n\u00f3ng.<\/p>\n<p data-start=\"1542\" data-end=\"1917\"><img decoding=\"async\" class=\"aligncenter\" src=\"https:\/\/media.licdn.com\/dms\/image\/v2\/D4E22AQExjxXflQ71Ow\/feedshare-shrink_800\/B4EZipPx1jGoAs-\/0\/1755186143881?e=2147483647&amp;v=beta&amp;t=UW-nM_7mBIL1RUPL1zWOzw7Blr6JusRvm-lpVS58L80\" \/><\/p>\n<p data-start=\"2289\" data-end=\"2593\">Ngo\u00e0i ra, sparkling coconut water c\u00f2n c\u00f3 th\u1ec3 tr\u1edf th\u00e0nh m\u1ed9t \u201cnguy\u00ean li\u1ec7u\u201d th\u00fa v\u1ecb trong c\u00e1c c\u00f4ng th\u1ee9c \u0111\u1ed3 u\u1ed1ng. C\u00f3 th\u1ec3 k\u1ebft h\u1ee3p c\u00f9ng \u0111\u00e1, th\u00eam v\u00e0i l\u00e1t tr\u00e1i c\u00e2y t\u01b0\u01a1i ho\u1eb7c l\u00e1 b\u1ea1c h\u00e0 \u0111\u1ec3 t\u1ea1o th\u00e0nh m\u1ed9t ly mocktail nh\u1eb9 nh\u00e0ng. Kh\u00f4ng c\u1ea7n qu\u00e1 c\u1ea7u k\u1ef3, ch\u1ec9 m\u1ed9t ch\u00fat bi\u1ebfn t\u1ea5u c\u0169ng \u0111\u1ee7 \u0111\u1ec3 n\u00e2ng tr\u1ea3i nghi\u1ec7m l\u00ean m\u1ed9t m\u1ee9c kh\u00e1c.<\/p>\n<p data-start=\"2595\" data-end=\"2905\">\u1ede g\u00f3c nh\u00ecn r\u1ed9ng h\u01a1n, s\u1ef1 xu\u1ea5t hi\u1ec7n c\u1ee7a nh\u1eefng d\u00f2ng n\u01b0\u1edbc d\u1eeba c\u00f3 gas ph\u1ea3n \u00e1nh m\u1ed9t xu h\u01b0\u1edbng r\u00f5 r\u1ec7t: quay v\u1ec1 v\u1edbi nguy\u00ean li\u1ec7u t\u1ef1 nhi\u00ean nh\u01b0ng theo c\u00e1ch hi\u1ec7n \u0111\u1ea1i h\u01a1n. Kh\u00f4ng c\u00f2n \u0111\u01a1n thu\u1ea7n l\u00e0 \u201chealthy\u201d, m\u00e0 c\u00f2n l\u00e0 s\u1ef1 c\u00e2n b\u1eb1ng gi\u1eefa s\u1ee9c kh\u1ecfe v\u00e0 tr\u1ea3i nghi\u1ec7m \u2013 v\u1eeba t\u1ed1t cho c\u01a1 th\u1ec3, v\u1eeba mang l\u1ea1i c\u1ea3m gi\u00e1c th\u00fa v\u1ecb khi th\u01b0\u1edfng th\u1ee9c.<\/p>\n<p data-start=\"2595\" data-end=\"2905\"><img decoding=\"async\" class=\"aligncenter\" src=\"https:\/\/havamall.com\/wp-content\/uploads\/2026\/04\/Web-feature-380kb-6.png.webp\" width=\"800\" height=\"450\" \/><\/p>\n<p data-start=\"2907\" data-end=\"3143\">M\u1ed9t lon nh\u1ecf, nh\u01b0ng ch\u1ee9a \u0111\u1ef1ng nhi\u1ec1u h\u01a1n m\u1ed9t lo\u1ea1i \u0111\u1ed3 u\u1ed1ng gi\u1ea3i kh\u00e1t. \u0110\u00f3 l\u00e0 s\u1ef1 k\u1ebft h\u1ee3p gi\u1eefa truy\u1ec1n th\u1ed1ng v\u00e0 hi\u1ec7n \u0111\u1ea1i, gi\u1eefa s\u1ef1 quen thu\u1ed9c c\u1ee7a n\u01b0\u1edbc d\u1eeba v\u00e0 n\u00e9t m\u1edbi m\u1ebb c\u1ee7a \u0111\u1ed3 u\u1ed1ng c\u00f3 gas, t\u1ea1o n\u00ean m\u1ed9t l\u1ef1a ch\u1ecdn nh\u1eb9 nh\u00e0ng nh\u01b0ng kh\u00f4ng h\u1ec1 \u0111\u01a1n \u0111i\u1ec7u.\u00a0Hi\u1ec7n \u0111ang \u0111\u01b0\u1ee3c b\u00e1n t\u1ea1i Havamall, chuy\u00ean nh\u1eadp kh\u1ea9u, cam k\u1ebft h\u00e0ng ch\u00ednh h\u00e3ng.<\/p>\n<\/div>\n<\/div>\n<\/div>\n<\/div>","protected":false},"excerpt":{"rendered":"<p>TH\u00d4NG TIN S\u1ea2N PH\u1ea8M Th\u01b0\u01a1ng hi\u1ec7u Bonsoy Xu\u1ea5t x\u1ee9 Vi\u1ec7t Nam Th\u00e0nh ph\u1ea7n N\u01b0\u1edbc d\u1eeba t\u1ef1 nhi\u00ean, h\u01b0\u01a1ng chanh d\u00e2y<\/p>","protected":false},"featured_media":44979,"comment_status":"open","ping_status":"closed","template":"","meta":[],"product_brand":[],"product_cat":[677,135],"product_tag":[],"class_list":{"0":"post-44978","1":"product","2":"type-product","3":"status-publish","4":"has-post-thumbnail","6":"product_cat-cac-nuoc-khac","7":"product_cat-sua-do-uong","9":"first","10":"instock","11":"sale","12":"shipping-taxable","13":"purchasable","14":"product-type-simple"},"_links":{"self":[{"href":"https:\/\/havamall.vn\/en\/wp-json\/wp\/v2\/product\/44978"}],"collection":[{"href":"https:\/\/havamall.vn\/en\/wp-json\/wp\/v2\/product"}],"about":[{"href":"https:\/\/havamall.vn\/en\/wp-json\/wp\/v2\/types\/product"}],"replies":[{"embeddable":true,"href":"https:\/\/havamall.vn\/en\/wp-json\/wp\/v2\/comments?post=44978"}],"version-history":[{"count":0,"href":"https:\/\/havamall.vn\/en\/wp-json\/wp\/v2\/product\/44978\/revisions"}],"wp:featuredmedia":[{"embeddable":true,"href":"https:\/\/havamall.vn\/en\/wp-json\/wp\/v2\/media\/44979"}],"wp:attachment":[{"href":"https:\/\/havamall.vn\/en\/wp-json\/wp\/v2\/media?parent=44978"}],"wp:term":[{"taxonomy":"product_brand","embeddable":true,"href":"https:\/\/havamall.vn\/en\/wp-json\/wp\/v2\/product_brand?post=44978"},{"taxonomy":"product_cat","embeddable":true,"href":"https:\/\/havamall.vn\/en\/wp-json\/wp\/v2\/product_cat?post=44978"},{"taxonomy":"product_tag","embeddable":true,"href":"https:\/\/havamall.vn\/en\/wp-json\/wp\/v2\/product_tag?post=44978"}],"curies":[{"name":"wp","href":"https:\/\/api.w.org\/{rel}","templated":true}]}}