{"id":44973,"date":"2026-04-09T14:48:40","date_gmt":"2026-04-09T07:48:40","guid":{"rendered":"https:\/\/havamall.vn\/?post_type=product&#038;p=44973"},"modified":"2026-04-09T14:48:46","modified_gmt":"2026-04-09T07:48:46","slug":"nuoc-dua-co-gas-vi-vai-bonsoy-320ml-bonsoy-sparkling-coconut-water-lychee","status":"publish","type":"product","link":"https:\/\/havamall.vn\/en\/shop\/nuoc-dua-co-gas-vi-vai-bonsoy-320ml-bonsoy-sparkling-coconut-water-lychee\/","title":{"rendered":"N\u01b0\u1edbc D\u1eeba C\u00f3 Gas V\u1ecb V\u1ea3i Bonsoy 320ml \u2013 Bonsoy Sparkling Coconut Water Lychee"},"content":{"rendered":"<h3 data-path-to-node=\"4\">TH\u00d4NG TIN S\u1ea2N PH\u1ea8M<\/h3>\n<div class=\"horizontal-scroll-wrapper\">\n<div class=\"table-block-component\">\n<div class=\"table-block has-export-button new-table-style is-at-scroll-start is-at-scroll-end\">\n<div class=\"table-content not-end-of-paragraph\" data-hveid=\"0\" data-ved=\"0CAAQ3ecQahcKEwim96yX_d-TAxUAAAAAHQAAAAAQZA\">\n<table style=\"width: 62.4747%;height: 192px\" data-path-to-node=\"5\">\n<tbody>\n<tr>\n<td style=\"width: 12.9073%\"><span data-path-to-node=\"5,1,0,0\"><b data-path-to-node=\"5,1,0,0\" data-index-in-node=\"0\">Th\u01b0\u01a1ng hi\u1ec7u<\/b><\/span><\/td>\n<td style=\"width: 92.3559%\"><span data-path-to-node=\"5,1,1,0\">Bonsoy (Bonsoy Beverage Co)<\/span><\/td>\n<\/tr>\n<tr>\n<td style=\"width: 12.9073%\"><span data-path-to-node=\"5,2,0,0\"><b data-path-to-node=\"5,2,0,0\" data-index-in-node=\"0\">Xu\u1ea5t x\u1ee9<\/b><\/span><\/td>\n<td style=\"width: 92.3559%\"><span data-path-to-node=\"5,2,1,0\">Vi\u1ec7t Nam (Th\u01b0\u01a1ng hi\u1ec7u t\u1eeb \u00dac)<\/span><\/td>\n<\/tr>\n<tr>\n<td style=\"width: 12.9073%\"><span data-path-to-node=\"5,3,0,0\"><b data-path-to-node=\"5,3,0,0\" data-index-in-node=\"0\">Th\u00e0nh ph\u1ea7n<\/b><\/span><\/td>\n<td style=\"width: 92.3559%\"><span data-path-to-node=\"5,3,1,0\">N\u01b0\u1edbc d\u1eeba t\u1ef1 nhi\u00ean, n\u01b0\u1edbc, h\u01b0\u01a1ng v\u1ea3i t\u1ef1 nhi\u00ean, kh\u00ed carbon dioxide (CO2), ch\u1ea5t \u0111i\u1ec1u ch\u1ec9nh \u0111\u1ed9 acid<\/span><\/td>\n<\/tr>\n<tr>\n<td style=\"width: 12.9073%\"><span data-path-to-node=\"5,4,0,0\"><b data-path-to-node=\"5,4,0,0\" data-index-in-node=\"0\">H\u1ea1n s\u1eed d\u1ee5ng<\/b><\/span><\/td>\n<td style=\"width: 92.3559%\"><span data-path-to-node=\"5,4,1,0\">12 th\u00e1ng k\u1ec3 t\u1eeb ng\u00e0y s\u1ea3n xu\u1ea5t<\/span><\/td>\n<\/tr>\n<tr>\n<td style=\"width: 12.9073%\"><span data-path-to-node=\"5,5,0,0\"><b data-path-to-node=\"5,5,0,0\" data-index-in-node=\"0\">B\u1ea3o qu\u1ea3n<\/b><\/span><\/td>\n<td style=\"width: 92.3559%\"><span data-path-to-node=\"5,5,1,0\">N\u01a1i kh\u00f4 r\u00e1o, tho\u00e1ng m\u00e1t, tr\u00e1nh \u00e1nh n\u1eafng<\/span><\/td>\n<\/tr>\n<tr>\n<td style=\"width: 12.9073%\"><span data-path-to-node=\"5,6,0,0\"><b data-path-to-node=\"5,6,0,0\" data-index-in-node=\"0\">Th\u1ec3 t\u00edch<\/b><\/span><\/td>\n<td style=\"width: 92.3559%\"><span data-path-to-node=\"5,6,1,0\">320ml<\/span><\/td>\n<\/tr>\n<\/tbody>\n<\/table>\n<p data-path-to-node=\"13\">C\u00e2u chuy\u1ec7n c\u1ee7a th\u01b0\u01a1ng hi\u1ec7u\u00a0<em><strong>Bonsoy<\/strong>\u00a0<\/em>b\u1eaft \u0111\u1ea7u t\u1eeb nh\u1eefng n\u0103m 1980 t\u1ea1i \u00dac, v\u1edbi \u0111\u1ecbnh h\u01b0\u1edbng ban \u0111\u1ea7u l\u00e0 t\u1ea1o ra c\u00e1c d\u00f2ng th\u1ee9c u\u1ed1ng th\u1ef1c v\u1eadt thay th\u1ebf cho s\u1eefa \u0111\u1ed9ng v\u1eadt. Sau th\u00e0nh c\u00f4ng c\u1ee7a c\u00e1c d\u00f2ng s\u1eefa \u0111\u1eadu n\u00e0nh, Bonsoy m\u1edf r\u1ed9ng danh m\u1ee5c sang m\u1ea3ng n\u01b0\u1edbc gi\u1ea3i kh\u00e1t b\u1eb1ng vi\u1ec7c khai th\u00e1c ngu\u1ed3n nguy\u00ean li\u1ec7u n\u01b0\u1edbc d\u1eeba nhi\u1ec7t \u0111\u1edbi. Tuy nhi\u00ean, thay v\u00ec gi\u1eef nguy\u00ean d\u1ea1ng n\u01b0\u1edbc d\u1eeba truy\u1ec1n th\u1ed1ng, th\u01b0\u01a1ng hi\u1ec7u n\u00e0y \u0111\u00e3 \u0111\u01b0a v\u00e0o k\u1ef9 thu\u1eadt s\u1ee5c kh\u00ed carbon dioxide (CO2) \u0111\u1ec3 t\u1ea1o ra d\u00f2ng s\u1ea3n ph\u1ea9m<em><strong>\u00a0Sparkling Coconut Water<\/strong><\/em>, \u0111\u00e1p \u1ee9ng nhu c\u1ea7u v\u1ec1 m\u1ed9t lo\u1ea1i th\u1ee9c u\u1ed1ng v\u1eeba gi\u1eef \u0111\u01b0\u1ee3c t\u00ednh ch\u1ea5t b\u00f9 kho\u00e1ng t\u1ef1 nhi\u00ean, v\u1eeba c\u00f3 c\u1ea3m gi\u00e1c k\u00edch th\u00edch v\u1ecb gi\u00e1c nh\u01b0 c\u00e1c lo\u1ea1i n\u01b0\u1edbc ng\u1ecdt c\u00f3 gas hi\u1ec7n \u0111\u1ea1i.<\/p>\n<p data-path-to-node=\"13\"><img fetchpriority=\"high\" decoding=\"async\" class=\"aligncenter\" src=\"https:\/\/havamall.com\/wp-content\/uploads\/2026\/04\/coco-scaled.jpg\" alt=\"Sparkling Coconut Water | Organic | Vegan\" width=\"800\" height=\"480\" \/><\/p>\n<p data-path-to-node=\"13\">V\u1ecb ng\u1ecdt c\u1ee7a n\u01b0\u1edbc d\u1eeba c\u00f3 gas v\u1ecb v\u1ea3i Bonsoy \u0111\u1ebfn t\u1eeb \u0111\u01b0\u1eddng t\u1ef1 nhi\u00ean s\u1eb5n c\u00f3 trong n\u01b0\u1edbc d\u1eeba, k\u1ebft h\u1ee3p c\u00f9ng h\u01b0\u01a1ng v\u1ea3i \u0111\u01b0\u1ee3c tr\u00edch xu\u1ea5t t\u1ef1 nhi\u00ean. Khi th\u01b0\u1edfng th\u1ee9c, nh\u1eefng b\u1ecdt gas li ti gi\u00fap h\u01b0\u01a1ng v\u1ea3i lan t\u1ecfa nhanh h\u01a1n trong khoang mi\u1ec7ng, \u0111\u1ed3ng th\u1eddi l\u00e0m gi\u1ea3m c\u1ea3m gi\u00e1c ng\u1eady \u0111\u1eb7c tr\u01b0ng c\u1ee7a n\u01b0\u1edbc d\u1eeba, t\u1ea1o n\u00ean m\u1ed9t k\u1ebft c\u1ea5u n\u01b0\u1edbc nh\u1eb9 nh\u00e0ng v\u00e0 d\u1ec5 u\u1ed1ng.<\/p>\n<p data-path-to-node=\"13\"><img decoding=\"async\" class=\"aligncenter\" src=\"https:\/\/instagram.fsgn19-1.fna.fbcdn.net\/v\/t51.82787-15\/629834705_18080204846351937_7979056758970682583_n.jpg?stp=dst-jpg_e35_tt6&amp;_nc_cat=107&amp;ig_cache_key=MzgyOTMzMzEyOTgyODQ3MTYyNw%3D%3D.3-ccb7-5&amp;ccb=7-5&amp;_nc_sid=58cdad&amp;efg=eyJ2ZW5jb2RlX3RhZyI6InhwaWRzLjEwODB4MTM1MC5zZHIuQzMifQ%3D%3D&amp;_nc_ohc=x7IlkBSkaJcQ7kNvwEiNlLU&amp;_nc_oc=AdovplHMTqa1ibbIjEWTKHOiTwZjTFAp03Yl9UbY8LjWXNGJLCDHBz4eEB76-npFMhCklCSaXZFHkS2WVzMTmib5&amp;_nc_ad=z-m&amp;_nc_cid=0&amp;_nc_zt=23&amp;_nc_ht=instagram.fsgn19-1.fna&amp;_nc_gid=k_6Ytbd75DwAg-sAt4OtOg&amp;_nc_ss=7a32e&amp;oh=00_Af0R7QjPByWhKybwfwkG33Kb0BY4xWaRvUQPP74qb6FvJA&amp;oe=69DD41A9\" width=\"800\" height=\"1000\" \/><\/p>\n<p data-path-to-node=\"9\">V\u1ec1 gi\u00e1 tr\u1ecb dinh d\u01b0\u1ee1ng, n\u01b0\u1edbc d\u1eeba l\u00e0 ngu\u1ed3n cung c\u1ea5p Kali v\u00e0 c\u00e1c ch\u1ea5t \u0111i\u1ec7n gi\u1ea3i c\u1ea7n thi\u1ebft cho c\u01a1 th\u1ec3, \u0111\u1eb7c bi\u1ec7t l\u00e0 sau c\u00e1c ho\u1ea1t \u0111\u1ed9ng th\u1ec3 ch\u1ea5t ho\u1eb7c trong th\u1eddi ti\u1ebft n\u1eafng n\u00f3ng. Vi\u1ec7c k\u1ebft h\u1ee3p gas v\u00e0o n\u01b0\u1edbc d\u1eeba kh\u00f4ng l\u00e0m m\u1ea5t \u0111i c\u00e1c kho\u00e1ng ch\u1ea5t n\u00e0y m\u00e0 gi\u00fap s\u1ea3n ph\u1ea9m tr\u1edf th\u00e0nh m\u1ed9t gi\u1ea3i ph\u00e1p gi\u1ea3i kh\u00e1t c\u00f3 l\u01b0\u1ee3ng calo th\u1ea5p, ph\u00f9 h\u1ee3p v\u1edbi nh\u1eefng \u0103n u\u1ed1ng ki\u1ec3m so\u00e1t \u0111\u01b0\u1eddng ho\u1eb7c thu\u1ea7n chay.<\/p>\n<p data-path-to-node=\"9\"><img decoding=\"async\" class=\"aligncenter\" src=\"https:\/\/havamall.com\/wp-content\/uploads\/2026\/04\/coconut20water-11eTOE8RJj0BE.jpg\" alt=\"Sparkling Coconut Water with Lychee - Bonsoy\" width=\"800\" height=\"800\" \/><\/p>\n<p data-path-to-node=\"10\">Trong th\u1ef1c t\u1ebf s\u1eed d\u1ee5ng, s\u1ea3n ph\u1ea9m \u0111\u1ea1t \u0111\u1ed9 ngon nh\u1ea5t khi \u0111\u01b0\u1ee3c \u01b0\u1edbp l\u1ea1nh \u1edf nhi\u1ec7t \u0111\u1ed9 4\u20138\u00b0C. Ngo\u00e0i vi\u1ec7c u\u1ed1ng tr\u1ef1c ti\u1ebfp t\u1eeb lon, n\u01b0\u1edbc d\u1eeba v\u1ecb v\u1ea3i c\u00f3 gas c\u00f2n \u0111\u01b0\u1ee3c s\u1eed d\u1ee5ng nh\u01b0 m\u1ed9t nguy\u00ean li\u1ec7u n\u1ec1n \u0111\u1ec3 pha ch\u1ebf c\u00e1c lo\u1ea1i \u0111\u1ed3 u\u1ed1ng h\u1ed7n h\u1ee3p (mocktail) t\u1ea1i nh\u00e0. Vi\u1ec7c k\u1ebft h\u1ee3p lon n\u01b0\u1edbc n\u00e0y v\u1edbi m\u1ed9t \u00edt tr\u00e1i c\u00e2y t\u01b0\u01a1i ho\u1eb7c l\u00e1 th\u1ea3o m\u1ed9c s\u1ebd t\u1ea1o ra m\u1ed9t th\u1ee9c u\u1ed1ng c\u00f3 c\u1ea5u tr\u00fac h\u01b0\u01a1ng v\u1ecb \u0111a d\u1ea1ng h\u01a1n. \u0110\u1ed1i v\u1edbi c\u00e1c b\u1eefa \u0103n c\u00f3 nhi\u1ec1u gia v\u1ecb ho\u1eb7c \u0111\u1ed3 chi\u00ean r\u00e1n, t\u00ednh ch\u1ea5t c\u00f3 gas c\u1ee7a s\u1ea3n ph\u1ea9m h\u1ed7 tr\u1ee3 l\u00e0m s\u1ea1ch v\u00f2m h\u1ecdng v\u00e0 trung h\u00f2a v\u1ecb gi\u00e1c kh\u00e1 hi\u1ec7u qu\u1ea3.<\/p>\n<p data-path-to-node=\"11\">S\u1ea3n ph\u1ea9m hi\u1ec7n \u0111ang \u0111\u01b0\u1ee3c b\u00e1n t\u1ea1i Havamall, chuy\u00ean nh\u1eadp kh\u1ea9u, cam k\u1ebft h\u00e0ng ch\u00ednh h\u00e3ng.<\/p>\n<\/div>\n<\/div>\n<\/div>\n<\/div>","protected":false},"excerpt":{"rendered":"<p>TH\u00d4NG TIN S\u1ea2N PH\u1ea8M Th\u01b0\u01a1ng hi\u1ec7u Bonsoy (Bonsoy Beverage Co) Xu\u1ea5t x\u1ee9 Vi\u1ec7t Nam (Th\u01b0\u01a1ng hi\u1ec7u t\u1eeb \u00dac) Th\u00e0nh ph\u1ea7n<\/p>","protected":false},"featured_media":44974,"comment_status":"open","ping_status":"closed","template":"","meta":[],"product_brand":[],"product_cat":[677,135],"product_tag":[],"class_list":{"0":"post-44973","1":"product","2":"type-product","3":"status-publish","4":"has-post-thumbnail","6":"product_cat-cac-nuoc-khac","7":"product_cat-sua-do-uong","9":"first","10":"instock","11":"sale","12":"shipping-taxable","13":"purchasable","14":"product-type-simple"},"_links":{"self":[{"href":"https:\/\/havamall.vn\/en\/wp-json\/wp\/v2\/product\/44973"}],"collection":[{"href":"https:\/\/havamall.vn\/en\/wp-json\/wp\/v2\/product"}],"about":[{"href":"https:\/\/havamall.vn\/en\/wp-json\/wp\/v2\/types\/product"}],"replies":[{"embeddable":true,"href":"https:\/\/havamall.vn\/en\/wp-json\/wp\/v2\/comments?post=44973"}],"version-history":[{"count":0,"href":"https:\/\/havamall.vn\/en\/wp-json\/wp\/v2\/product\/44973\/revisions"}],"wp:featuredmedia":[{"embeddable":true,"href":"https:\/\/havamall.vn\/en\/wp-json\/wp\/v2\/media\/44974"}],"wp:attachment":[{"href":"https:\/\/havamall.vn\/en\/wp-json\/wp\/v2\/media?parent=44973"}],"wp:term":[{"taxonomy":"product_brand","embeddable":true,"href":"https:\/\/havamall.vn\/en\/wp-json\/wp\/v2\/product_brand?post=44973"},{"taxonomy":"product_cat","embeddable":true,"href":"https:\/\/havamall.vn\/en\/wp-json\/wp\/v2\/product_cat?post=44973"},{"taxonomy":"product_tag","embeddable":true,"href":"https:\/\/havamall.vn\/en\/wp-json\/wp\/v2\/product_tag?post=44973"}],"curies":[{"name":"wp","href":"https:\/\/api.w.org\/{rel}","templated":true}]}}