{"id":44945,"date":"2026-04-08T14:12:45","date_gmt":"2026-04-08T07:12:45","guid":{"rendered":"https:\/\/havamall.vn\/?post_type=product&#038;p=44945"},"modified":"2026-04-08T16:52:10","modified_gmt":"2026-04-08T09:52:10","slug":"luon-vit-dong-lanh-cebon-400g-cebon-duck-breast-frozen","status":"publish","type":"product","link":"https:\/\/havamall.vn\/en\/shop\/luon-vit-dong-lanh-cebon-400g-cebon-duck-breast-frozen\/","title":{"rendered":"L\u01b0\u1eddn V\u1ecbt \u0110\u00f4ng L\u1ea1nh Cebon 400g \u2013 Cebon Duck Breast Frozen"},"content":{"rendered":"<h3 data-path-to-node=\"3\">TH\u00d4NG TIN S\u1ea2N PH\u1ea8M<\/h3>\n<div class=\"horizontal-scroll-wrapper\">\n<div class=\"table-block-component\">\n<div class=\"table-block has-export-button new-table-style is-at-scroll-start is-at-scroll-end\">\n<div class=\"table-content not-end-of-paragraph\" data-hveid=\"0\" data-ved=\"0CAAQ3ecQahgKEwiUhb--kNOTAxUAAAAAHQAAAAAQrwI\">\n<table data-path-to-node=\"4\">\n<tbody>\n<tr>\n<td><span data-path-to-node=\"4,1,0,0\"><b data-path-to-node=\"4,1,0,0\" data-index-in-node=\"0\">Th\u01b0\u01a1ng hi\u1ec7u<\/b><\/span><\/td>\n<td><span data-path-to-node=\"4,1,1,0\">Ce&#8217;Bon (C\u00f4ng ty TNHH Th\u1ef1c ph\u1ea9m Ce&#8217;Bon)<\/span><\/td>\n<\/tr>\n<tr>\n<td><span data-path-to-node=\"4,2,0,0\"><b data-path-to-node=\"4,2,0,0\" data-index-in-node=\"0\">Xu\u1ea5t x\u1ee9<\/b><\/span><\/td>\n<td><span data-path-to-node=\"4,2,1,0\">Vi\u1ec7t Nam (S\u01a1 ch\u1ebf t\u1ea1i Long Bi\u00ean, H\u00e0 N\u1ed9i)<\/span><\/td>\n<\/tr>\n<tr>\n<td><span data-path-to-node=\"4,3,0,0\"><b data-path-to-node=\"4,3,0,0\" data-index-in-node=\"0\">Th\u00e0nh ph\u1ea7n<\/b><\/span><\/td>\n<td><span data-path-to-node=\"4,3,1,0\">100% l\u01b0\u1eddn v\u1ecbt t\u01b0\u01a1i s\u1ea1ch<\/span><\/td>\n<\/tr>\n<tr>\n<td><span data-path-to-node=\"4,4,0,0\"><b data-path-to-node=\"4,4,0,0\" data-index-in-node=\"0\">H\u1ea1n s\u1eed d\u1ee5ng<\/b><\/span><\/td>\n<td><span data-path-to-node=\"4,4,1,0\">3 ng\u00e0y (0\u20135\u00b0C) ho\u1eb7c 180 ng\u00e0y (-18\u00b0C)<\/span><\/td>\n<\/tr>\n<tr>\n<td><span data-path-to-node=\"4,5,0,0\"><b data-path-to-node=\"4,5,0,0\" data-index-in-node=\"0\">B\u1ea3o qu\u1ea3n<\/b><\/span><\/td>\n<td><span data-path-to-node=\"4,5,1,0\">Ng\u0103n m\u00e1t ho\u1eb7c ng\u0103n \u0111\u00f4ng t\u1ee7 l\u1ea1nh<\/span><\/td>\n<\/tr>\n<tr>\n<td><span data-path-to-node=\"4,6,0,0\"><b data-path-to-node=\"4,6,0,0\" data-index-in-node=\"0\">Tr\u1ecdng l\u01b0\u1ee3ng<\/b><\/span><\/td>\n<td><span data-path-to-node=\"4,6,1,0\">400g<\/span><\/td>\n<\/tr>\n<\/tbody>\n<\/table>\n<p>Th\u1ecbt v\u1ecbt lu\u00f4n gi\u1eef m\u1ed9t v\u1ecb tr\u00ed \u0111\u1eb7c bi\u1ec7t nh\u1edd h\u01b0\u01a1ng v\u1ecb \u0111\u1eadm \u0111\u00e0 v\u00e0 k\u1ebft c\u1ea5u \u0111\u1ed9c \u0111\u00e1o, trong \u0111\u00f3 ph\u1ea7n l\u01b0\u1eddn (\u1ee9c v\u1ecbt) n\u1ed5i b\u1eadt v\u1edbi l\u1edbp da d\u00e0y bao b\u1ecdc l\u1ea5y ph\u1ea7n th\u1ecbt \u0111\u1ecf s\u1eabm, th\u1edb th\u1ecbt ch\u1eafc nh\u01b0ng v\u1eabn gi\u1eef \u0111\u01b0\u1ee3c \u0111\u1ed9 m\u1ec1m m\u1ea1i v\u00e0 m\u1ecdng n\u01b0\u1edbc \u0111\u1eb7c tr\u01b0ng, \u0111\u01b0\u1ee3c xem l\u00e0 ph\u1ea7n th\u1ecbt qu\u00fd gi\u00e1 v\u00e0 sang tr\u1ecdng nh\u1ea5t.<\/p>\n<p><img fetchpriority=\"high\" decoding=\"async\" class=\"aligncenter\" src=\"https:\/\/havamall.com\/wp-content\/uploads\/2026\/04\/76284-duck-breast.jpg\" width=\"800\" height=\"700\" \/><\/p>\n<p style=\"text-align: justify\">Khi ti\u1ebfp x\u00fac v\u1edbi nhi\u1ec7t, l\u1edbp m\u1ee1 n\u00e0y tan ch\u1ea3y d\u1ea7n, th\u1ea5m \u0111\u1eabm v\u00e0o t\u1eebng th\u1edb th\u1ecbt gi\u00fap ph\u1ea7n l\u01b0\u1eddn b\u00ean trong kh\u00f4ng b\u1ecb kh\u00f4 m\u00e0 tr\u00e1i l\u1ea1i c\u00f2n tr\u1edf n\u00ean th\u01a1m n\u1ed3ng v\u00e0 quy\u1ebfn r\u0169. V\u1ec1 m\u1eb7t dinh d\u01b0\u1ee1ng, \u0111\u00e2y l\u00e0 ngu\u1ed3n cung c\u1ea5p protein d\u1ed3i d\u00e0o, ch\u1ee9a nhi\u1ec1u s\u1eaft v\u00e0 c\u00e1c vitamin nh\u00f3m B, h\u1ed7 tr\u1ee3 t\u1ed1t cho s\u1ee9c kh\u1ecfe tim m\u1ea1ch v\u00e0 qu\u00e1 tr\u00ecnh t\u00e1i t\u1ea1o n\u0103ng l\u01b0\u1ee3ng. V\u1edbi l\u01b0\u1eddn v\u1ecbt Ce\u2019Bon, ng\u01b0\u1eddi n\u1ea5u c\u00f3 th\u1ec3 t\u1ed1i gi\u1ea3n h\u00f3a kh\u00e2u s\u01a1 ch\u1ebf ph\u1ee9c t\u1ea1p m\u00e0 v\u1eabn \u0111\u1ea3m b\u1ea3o c\u00f3 \u0111\u01b0\u1ee3c ngu\u1ed3n \u0111\u1ea1m ch\u1ea5t l\u01b0\u1ee3ng cao, an to\u00e0n cho s\u1ee9c kh\u1ecfe c\u1ee7a c\u1ea3 gia \u0111\u00ecnh.<\/p>\n<p><img decoding=\"async\" class=\"aligncenter\" src=\"https:\/\/havamall.com\/wp-content\/uploads\/2026\/04\/FDUPE035-1.jpg\" alt=\"Pekin Duck Breasts | Shop D'Artagnan\" width=\"800\" height=\"800\" \/><\/p>\n<p style=\"text-align: justify\">K\u1ef9 thu\u1eadt ph\u1ed5 bi\u1ebfn nh\u1ea5t l\u00e0 kh\u00eda nh\u1eb9 l\u1edbp da r\u1ed3i\u00a0<em><strong>\u00e1p ch\u1ea3o<\/strong><\/em>\u00a0v\u1edbi m\u1eb7t da xu\u1ed1ng tr\u01b0\u1edbc \u0111\u1ec3 m\u1ee1 t\u1ef1 ti\u1ebft ra, gi\u00fap l\u1edbp v\u1ecf tr\u1edf n\u00ean v\u00e0ng gi\u00f2n nh\u01b0 b\u00e1nh quy trong khi ph\u1ea7n th\u1ecbt b\u00ean trong v\u1eabn gi\u1eef \u0111\u01b0\u1ee3c m\u00e0u h\u1ed3ng \u0111\u00e0o \u0111\u1eb9p m\u1eaft v\u00e0 v\u1ecb ng\u1ecdt t\u1ef1 nhi\u00ean. S\u1ef1 linh ho\u1ea1t c\u1ee7a nguy\u00ean li\u1ec7u n\u00e0y cho ph\u00e9p n\u00f3 xu\u1ea5t hi\u1ec7n trong nhi\u1ec1u phong c\u00e1ch kh\u00e1c nhau: t\u1eeb nh\u1eefng m\u00f3n \u00c2u sang tr\u1ecdng nh\u01b0\u00a0<em><strong>\u00e1p ch\u1ea3o s\u1ed1t cam, s\u1ed1t d\u00e2u<\/strong><\/em>\u00a0r\u1eebng \u0111\u1ebfn nh\u1eefng m\u00f3n \u00c1 quen thu\u1ed9c nh\u01b0<em><strong>\u00a0v\u1ecbt n\u01b0\u1edbng th\u1ea3o m\u1ed9c, v\u1ecbt hun kh\u00f3i hay th\u00e1i l\u00e1t m\u1ecfng tr\u1ed9n salad nhi\u1ec7t \u0111\u1edbi<\/strong><\/em>. Khi\u00a0<em><strong>k\u1ebft h\u1ee3p v\u1edbi c\u00e1c lo\u1ea1i s\u1ed1t \u0111\u1eadm v\u1ecb nh\u01b0 s\u1ed1t ti\u00eau ho\u1eb7c m\u1eadt ong<\/strong><\/em>, ph\u1ea7n th\u1ecbt v\u1ecbt c\u00e0ng tr\u1edf n\u00ean h\u00e0i h\u00f2a v\u00e0 k\u00edch th\u00edch v\u1ecb gi\u00e1c h\u01a1n.<\/p>\n<p><img decoding=\"async\" class=\"aligncenter\" src=\"https:\/\/havamall.com\/wp-content\/uploads\/2026\/04\/C-BreastFillets10.webp\" alt=\"2 Duck Breast Fillets \u2014 Silver Hill Duck\" width=\"800\" height=\"450\" \/><\/p>\n<p><img loading=\"lazy\" decoding=\"async\" class=\"aligncenter\" src=\"https:\/\/havamall.com\/wp-content\/uploads\/2026\/04\/roast-duck-brown-butter-thyme-sauce-11b9d618.jpg\" alt=\"Duck Recipes | HelloFresh\" width=\"801\" height=\"534\" \/><\/p>\n<p style=\"text-align: justify\">Ch\u1ec9 c\u1ea7n m\u1ed9t ch\u00fat gia v\u1ecb c\u01a1 b\u1ea3n v\u00e0 k\u1ef9 thu\u1eadt \u00e1p ch\u1ea3o \u0111\u00fang c\u00e1ch, b\u1ea5t k\u1ef3 ai c\u0169ng c\u00f3 th\u1ec3 t\u1ea1o n\u00ean m\u1ed9t tr\u1ea3i nghi\u1ec7m \u1ea9m th\u1ef1c \u0111\u1ea7y c\u1ea3m x\u00fac ngay t\u1ea1i nh\u00e0. Hi\u1ec7n nay, s\u1ea3n ph\u1ea9m l\u01b0\u1eddn v\u1ecbt s\u1ea1ch Ce\u2019Bon \u0111ang \u0111\u01b0\u1ee3c ph\u00e2n ph\u1ed1i ch\u00ednh h\u00e3ng t\u1ea1i Havamall, \u0111\u01a1n v\u1ecb uy t\u00edn chuy\u00ean cung c\u1ea5p c\u00e1c d\u00f2ng th\u1ef1c ph\u1ea9m nh\u1eadp kh\u1ea9u ch\u1ea5t l\u01b0\u1ee3ng, cam k\u1ebft mang \u0111\u1ebfn s\u1ef1 v\u1eb9n tr\u00f2n v\u1ec1 h\u01b0\u01a1ng v\u1ecb v\u00e0 an to\u00e0n cho m\u1ed7i b\u1eefa \u0103n.<\/p>\n<\/div>\n<\/div>\n<\/div>\n<\/div>","protected":false},"excerpt":{"rendered":"<p>TH\u00d4NG TIN S\u1ea2N PH\u1ea8M Th\u01b0\u01a1ng hi\u1ec7u Ce&#8217;Bon (C\u00f4ng ty TNHH Th\u1ef1c ph\u1ea9m Ce&#8217;Bon) Xu\u1ea5t x\u1ee9 Vi\u1ec7t Nam (S\u01a1 ch\u1ebf t\u1ea1i<\/p>","protected":false},"featured_media":44946,"comment_status":"open","ping_status":"closed","template":"","meta":[],"product_brand":[],"product_cat":[677,275],"product_tag":[],"class_list":{"0":"post-44945","1":"product","2":"type-product","3":"status-publish","4":"has-post-thumbnail","6":"product_cat-cac-nuoc-khac","7":"product_cat-thuc-pham-dong-lanh","9":"first","10":"instock","11":"sale","12":"shipping-taxable","13":"purchasable","14":"product-type-simple"},"_links":{"self":[{"href":"https:\/\/havamall.vn\/en\/wp-json\/wp\/v2\/product\/44945"}],"collection":[{"href":"https:\/\/havamall.vn\/en\/wp-json\/wp\/v2\/product"}],"about":[{"href":"https:\/\/havamall.vn\/en\/wp-json\/wp\/v2\/types\/product"}],"replies":[{"embeddable":true,"href":"https:\/\/havamall.vn\/en\/wp-json\/wp\/v2\/comments?post=44945"}],"version-history":[{"count":0,"href":"https:\/\/havamall.vn\/en\/wp-json\/wp\/v2\/product\/44945\/revisions"}],"wp:featuredmedia":[{"embeddable":true,"href":"https:\/\/havamall.vn\/en\/wp-json\/wp\/v2\/media\/44946"}],"wp:attachment":[{"href":"https:\/\/havamall.vn\/en\/wp-json\/wp\/v2\/media?parent=44945"}],"wp:term":[{"taxonomy":"product_brand","embeddable":true,"href":"https:\/\/havamall.vn\/en\/wp-json\/wp\/v2\/product_brand?post=44945"},{"taxonomy":"product_cat","embeddable":true,"href":"https:\/\/havamall.vn\/en\/wp-json\/wp\/v2\/product_cat?post=44945"},{"taxonomy":"product_tag","embeddable":true,"href":"https:\/\/havamall.vn\/en\/wp-json\/wp\/v2\/product_tag?post=44945"}],"curies":[{"name":"wp","href":"https:\/\/api.w.org\/{rel}","templated":true}]}}