{"id":44935,"date":"2026-04-07T16:54:35","date_gmt":"2026-04-07T09:54:35","guid":{"rendered":"https:\/\/havamall.vn\/?post_type=product&#038;p=44935"},"modified":"2026-04-07T16:54:55","modified_gmt":"2026-04-07T09:54:55","slug":"vo-banh-filo-dong-lanh-mong-gion-antoniou-375g-antoniou-fillo-pastry-frozen","status":"publish","type":"product","link":"https:\/\/havamall.vn\/en\/shop\/vo-banh-filo-dong-lanh-mong-gion-antoniou-375g-antoniou-fillo-pastry-frozen\/","title":{"rendered":"V\u1ecf B\u00e1nh Filo \u0110\u00f4ng L\u1ea1nh M\u1ecfng Gi\u00f2n Antoniou 375g \u2013 Antoniou Fillo Pastry Frozen"},"content":{"rendered":"<h3 data-path-to-node=\"3\">TH\u00d4NG TIN S\u1ea2N PH\u1ea8M<\/h3>\n<div class=\"horizontal-scroll-wrapper\">\n<div class=\"table-block-component\">\n<div class=\"table-block has-export-button new-table-style is-at-scroll-start is-at-scroll-end\">\n<div class=\"table-content not-end-of-paragraph\" data-hveid=\"0\" data-ved=\"0CAAQ3ecQahgKEwiUhb--kNOTAxUAAAAAHQAAAAAQrAE\">\n<table data-path-to-node=\"4\">\n<tbody>\n<tr>\n<td><span data-path-to-node=\"4,1,0,0\"><b data-path-to-node=\"4,1,0,0\" data-index-in-node=\"0\">Th\u01b0\u01a1ng hi\u1ec7u<\/b><\/span><\/td>\n<td><span data-path-to-node=\"4,1,1,0\">Antoniou<\/span><\/td>\n<\/tr>\n<tr>\n<td><span data-path-to-node=\"4,2,0,0\"><b data-path-to-node=\"4,2,0,0\" data-index-in-node=\"0\">Xu\u1ea5t x\u1ee9<\/b><\/span><\/td>\n<td><span data-path-to-node=\"4,2,1,0\">\u00dac (Australia)<\/span><\/td>\n<\/tr>\n<tr>\n<td><span data-path-to-node=\"4,3,0,0\"><b data-path-to-node=\"4,3,0,0\" data-index-in-node=\"0\">Th\u00e0nh ph\u1ea7n<\/b><\/span><\/td>\n<td><span data-path-to-node=\"4,3,1,0\">B\u1ed9t m\u00ec (wheat flour), n\u01b0\u1edbc, tinh b\u1ed9t ng\u00f4, mu\u1ed1i, d\u1ea7u th\u1ef1c v\u1eadt, ch\u1ea5t b\u1ea3o qu\u1ea3n (INS 202)<\/span><\/td>\n<\/tr>\n<tr>\n<td><span data-path-to-node=\"4,4,0,0\"><b data-path-to-node=\"4,4,0,0\" data-index-in-node=\"0\">H\u1ea1n s\u1eed d\u1ee5ng<\/b><\/span><\/td>\n<td><span data-path-to-node=\"4,4,1,0\">Xem tr\u00ean bao b\u00ec<\/span><\/td>\n<\/tr>\n<tr>\n<td><span data-path-to-node=\"4,5,0,0\"><b data-path-to-node=\"4,5,0,0\" data-index-in-node=\"0\">B\u1ea3o qu\u1ea3n<\/b><\/span><\/td>\n<td><span data-path-to-node=\"4,5,1,0\">\u0110\u00f4ng l\u1ea1nh \u1edf nhi\u1ec7t \u0111\u1ed9 -18\u00b0C ho\u1eb7c th\u1ea5p h\u01a1n<\/span><\/td>\n<\/tr>\n<tr>\n<td><span data-path-to-node=\"4,6,0,0\"><b data-path-to-node=\"4,6,0,0\" data-index-in-node=\"0\">Kh\u1ed1i l\u01b0\u1ee3ng<\/b><\/span><\/td>\n<td><span data-path-to-node=\"4,6,1,0\">375g<\/span><\/td>\n<\/tr>\n<\/tbody>\n<\/table>\n<p>Fillo (hay c\u00f2n g\u1ecdi l\u00e0 Phyllo) kh\u00f4ng ch\u1ec9 l\u00e0 m\u1ed9t lo\u1ea1i v\u1ecf b\u00e1nh th\u00f4ng th\u01b0\u1eddng m\u00e0 l\u00e0 hi\u1ec7n th\u00e2n c\u1ee7a s\u1ef1 t\u1ec9 m\u1ec9 v\u1edbi nh\u1eefng l\u1edbp b\u1ed9t \u0111\u01b0\u1ee3c c\u00e1n m\u1ecfng \u0111\u1ebfn m\u1ee9c c\u00f3 th\u1ec3 nh\u00ecn xuy\u00ean th\u1ea5u. C\u00e1i t\u00ean &#8220;Fillo&#8221; trong ti\u1ebfng Hy L\u1ea1p c\u00f3 ngh\u0129a l\u00e0 &#8220;l\u00e1&#8221;, m\u00f4 t\u1ea3 ho\u00e0n h\u1ea3o \u0111\u1eb7c t\u00ednh m\u1ecfng nh\u1eb9 nh\u01b0 gi\u1ea5y c\u1ee7a lo\u1ea1i b\u1ed9t n\u00e0y. K\u1ef9 ngh\u1ec7 l\u00e0m b\u00e1nh truy\u1ec1n th\u1ed1ng t\u1eeb Hy L\u1ea1p \u0111\u00e3 \u0111\u01b0\u1ee3c gia \u0111\u00ecnh Antoniou mang sang \u00dac t\u1eeb n\u0103m 1960 v\u00e0 g\u00ecn gi\u1eef su\u1ed1t h\u01a1n s\u00e1u th\u1eadp k\u1ef7, t\u1ea1o n\u00ean th\u01b0\u01a1ng hi\u1ec7u Antoniou danh ti\u1ebfng v\u1edbi nh\u1eefng l\u1edbp v\u1ecf b\u00e1nh m\u1ecfng \u0111\u1ec1u, d\u1ebbo dai, s\u1eb5n s\u00e0ng bi\u1ebfn h\u00f3a th\u00e0nh nh\u1eefng l\u1edbp v\u00e0ng ru\u1ed9m, gi\u00f2n tan sau khi n\u01b0\u1edbng.<\/p>\n<p><img fetchpriority=\"high\" decoding=\"async\" class=\"aligncenter\" src=\"https:\/\/havamall.com\/wp-content\/uploads\/2026\/04\/Cooking-with-filo-pastry.jpg\" width=\"801\" height=\"534\" \/><\/p>\n<p>Fillo Pastry c\u00f3 c\u1ea5u tr\u00fac kh\u00f4ng ch\u1ee9a ch\u1ea5t b\u00e9o ng\u01b0\u1eddi \u0111\u1ea7u b\u1ebfp ho\u00e0n to\u00e0n ch\u1ee7 \u0111\u1ed9ng ki\u1ec3m so\u00e1t l\u01b0\u1ee3ng b\u01a1 ho\u1eb7c d\u1ea7u ph\u1ebft gi\u1eefa c\u00e1c l\u1edbp b\u1ed9t theo nhu c\u1ea7u dinh d\u01b0\u1ee1ng. Kh\u00e1c v\u1edbi b\u1ed9t ng\u00e0n l\u1edbp (Puff Pastry) v\u1ed1n d\u1ef1a v\u00e0o l\u01b0\u1ee3ng b\u01a1 l\u1edbn \u0111\u1ec3 n\u1edf ph\u1ed3ng, \u0111\u1ed9 gi\u00f2n r\u1ee5m c\u1ee7a Fillo \u0111\u01b0\u1ee3c t\u1ea1o ra b\u1eb1ng k\u1ef9 thu\u1eadt x\u1ebfp ch\u1ed3ng nhi\u1ec1u l\u00e1 b\u1ed9t m\u1ecfng l\u00ean nhau. \u0110\u1eb7c \u0111i\u1ec3m n\u00e0y khi\u1ebfn Fillo tr\u1edf th\u00e0nh l\u1ef1a ch\u1ecdn \u01b0u ti\u00ean cho nh\u1eefng ai y\u00eau th\u00edch s\u1ef1 nh\u1eb9 nh\u00e0ng, thanh tao, \u0111\u1ed3ng th\u1eddi r\u1ea5t ph\u00f9 h\u1ee3p cho ng\u01b0\u1eddi \u0103n chay nh\u1edd h\u00e0m l\u01b0\u1ee3ng cholesterol th\u1ea5p v\u00e0 th\u00e0nh ph\u1ea7n l\u00faa m\u00ec th\u01b0\u1ee3ng h\u1ea1ng d\u1ec5 ti\u00eau h\u00f3a.<\/p>\n<p><img decoding=\"async\" class=\"aligncenter\" src=\"https:\/\/havamall.com\/wp-content\/uploads\/2026\/04\/5b004999628b7c01e52232952bc03243a4a7b363.jpg\" width=\"802\" height=\"533\" \/><\/p>\n<p>V\u1ecf b\u00e1nh Antoniou l\u00e0 linh h\u1ed3n c\u1ee7a nh\u1eefng m\u00f3n \u0103n \u0110\u1ecba Trung H\u1ea3i kinh \u0111i\u1ec3n nh\u01b0 b\u00e1nh m\u1eadt ong h\u1ea1t d\u1ebb Baklava hay b\u00e1nh nh\u00e2n rau bina ph\u00f4 mai Spanakopita, ho\u1eb7c m\u1edf r\u1ed9ng sang nhi\u1ec1u bi\u1ebfn t\u1ea5u hi\u1ec7n \u0111\u1ea1i, t\u1eeb vi\u1ec7c b\u1ecdc ngo\u00e0i phi l\u00ea c\u00e1 h\u1ed3i \u0111\u1ec3 t\u1ea1o l\u1edbp &#8220;\u00e1o kho\u00e1c&#8221; gi\u00f2n tan b\u1ea3o v\u1ec7 ph\u1ea7n th\u1ecbt m\u1ec1m m\u1ecdng, \u0111\u1ebfn vi\u1ec7c t\u1ea1o h\u00ecnh nh\u1eefng chi\u1ebfc ch\u00e9n nh\u1ecf \u0111\u1ef1ng salad v\u00e0 tr\u00e1i c\u00e2y.<\/p>\n<p>Do \u0111\u1eb7c t\u00ednh m\u1ecfng manh d\u1ec5 b\u1ecb kh\u00f4 khi ti\u1ebfp x\u00fac v\u1edbi kh\u00f4ng kh\u00ed, m\u1ed9t m\u1eb9o nh\u1ecf trong qu\u00e1 tr\u00ecnh ch\u1ebf bi\u1ebfn l\u00e0 lu\u00f4n ph\u1ee7 chi\u1ebfc kh\u0103n \u1ea9m l\u00ean c\u00e1c l\u1edbp b\u1ed9t ch\u01b0a d\u00f9ng \u0111\u1ebfn \u0111\u1ec3 gi\u1eef \u0111\u1ed9 d\u1ebbo dai c\u1ea7n thi\u1ebft cho vi\u1ec7c t\u1ea1o h\u00ecnh kh\u1ed1i vu\u00f4ng, tam gi\u00e1c hay nh\u1eefng \u0111\u00f3a hoa tinh x\u1ea3o.<\/p>\n<p><img decoding=\"async\" class=\"aligncenter\" src=\"https:\/\/havamall.com\/wp-content\/uploads\/2026\/04\/Spanakopita-cropped.jpg\" alt=\"Spanakopita\" width=\"800\" height=\"926\" \/><\/p>\n<p>Khi \u0111\u01b0\u1ee3c \u0111\u01b0a v\u00e0o l\u00f2 n\u01b0\u1edbng, nhi\u1ec7t \u0111\u1ed9 cao s\u1ebd khi\u1ebfn h\u01a1i \u1ea9m gi\u1eefa c\u00e1c l\u1edbp l\u00e1 tho\u00e1t ra, \u0111\u1ea9y ch\u00fang t\u00e1ch r\u1eddi v\u00e0 tr\u1edf n\u00ean gi\u00f2n r\u1ee5m nh\u01b0 nh\u1eefng c\u00e1nh hoa kh\u00f4 v\u1edbi m\u00f9i th\u01a1m d\u1ecbu nh\u1eb9 c\u1ee7a b\u1ed9t m\u00ec ch\u00edn t\u1edbi. M\u1ed9t chi\u1ebfc b\u00e1nh Fillo \u0111\u1ea1t chu\u1ea9n s\u1ebd mang l\u1ea1i \u00e2m thanh gi\u00f2n tan r\u1ed9n r\u00e3 khi th\u01b0\u1edfng th\u1ee9c, sau \u0111\u00f3 l\u00e0 s\u1ef1 tan ch\u1ea3y nh\u1eb9 nh\u00e0ng c\u1ee7a t\u1eebng l\u1edbp b\u1ed9t tr\u00ean \u0111\u1ea7u l\u01b0\u1ee1i.<\/p>\n<p><img loading=\"lazy\" decoding=\"async\" class=\"aligncenter\" src=\"https:\/\/havamall.com\/wp-content\/uploads\/2026\/04\/condensed-milk-custard-filo-pie-172238-2.jpg\" width=\"801\" height=\"534\" \/><\/p>\n<p>Hi\u1ec7n nay, s\u1ea3n ph\u1ea9m v\u1ecf b\u00e1nh Fillo Antoniou \u0111ang \u0111\u01b0\u1ee3c ph\u00e2n ph\u1ed1i ch\u00ednh h\u00e3ng t\u1ea1i Havamall, \u0111\u01a1n v\u1ecb chuy\u00ean nh\u1eadp kh\u1ea9u c\u00e1c d\u00f2ng th\u1ef1c ph\u1ea9m ch\u1ea5t l\u01b0\u1ee3ng t\u1eeb kh\u1eafp n\u01a1i tr\u00ean th\u1ebf gi\u1edbi, cam k\u1ebft mang \u0111\u1ebfn nh\u1eefng tr\u1ea3i nghi\u1ec7m \u1ea9m th\u1ef1c chu\u1ea9n m\u1ef1c nh\u1ea5t<\/p>\n<\/div>\n<\/div>\n<\/div>\n<\/div>","protected":false},"excerpt":{"rendered":"<p>TH\u00d4NG TIN S\u1ea2N PH\u1ea8M Th\u01b0\u01a1ng hi\u1ec7u Antoniou Xu\u1ea5t x\u1ee9 \u00dac (Australia) Th\u00e0nh ph\u1ea7n B\u1ed9t m\u00ec (wheat flour), n\u01b0\u1edbc, tinh b\u1ed9t<\/p>","protected":false},"featured_media":44936,"comment_status":"open","ping_status":"closed","template":"","meta":[],"product_brand":[],"product_cat":[677,255,275],"product_tag":[],"class_list":{"0":"post-44935","1":"product","2":"type-product","3":"status-publish","4":"has-post-thumbnail","6":"product_cat-cac-nuoc-khac","7":"product_cat-nguyen-lieu-lam-banh","8":"product_cat-thuc-pham-dong-lanh","10":"first","11":"instock","12":"sale","13":"shipping-taxable","14":"purchasable","15":"product-type-simple"},"_links":{"self":[{"href":"https:\/\/havamall.vn\/en\/wp-json\/wp\/v2\/product\/44935"}],"collection":[{"href":"https:\/\/havamall.vn\/en\/wp-json\/wp\/v2\/product"}],"about":[{"href":"https:\/\/havamall.vn\/en\/wp-json\/wp\/v2\/types\/product"}],"replies":[{"embeddable":true,"href":"https:\/\/havamall.vn\/en\/wp-json\/wp\/v2\/comments?post=44935"}],"version-history":[{"count":0,"href":"https:\/\/havamall.vn\/en\/wp-json\/wp\/v2\/product\/44935\/revisions"}],"wp:featuredmedia":[{"embeddable":true,"href":"https:\/\/havamall.vn\/en\/wp-json\/wp\/v2\/media\/44936"}],"wp:attachment":[{"href":"https:\/\/havamall.vn\/en\/wp-json\/wp\/v2\/media?parent=44935"}],"wp:term":[{"taxonomy":"product_brand","embeddable":true,"href":"https:\/\/havamall.vn\/en\/wp-json\/wp\/v2\/product_brand?post=44935"},{"taxonomy":"product_cat","embeddable":true,"href":"https:\/\/havamall.vn\/en\/wp-json\/wp\/v2\/product_cat?post=44935"},{"taxonomy":"product_tag","embeddable":true,"href":"https:\/\/havamall.vn\/en\/wp-json\/wp\/v2\/product_tag?post=44935"}],"curies":[{"name":"wp","href":"https:\/\/api.w.org\/{rel}","templated":true}]}}