{"id":44932,"date":"2026-04-07T10:48:31","date_gmt":"2026-04-07T03:48:31","guid":{"rendered":"https:\/\/havamall.vn\/?post_type=product&#038;p=44932"},"modified":"2026-04-07T10:48:31","modified_gmt":"2026-04-07T03:48:31","slug":"nuoc-mam-ca-com-xong-khoi-chuben-100ml-chuben-original-smoked-fish-sauce-premium-anchovy","status":"publish","type":"product","link":"https:\/\/havamall.vn\/en\/shop\/nuoc-mam-ca-com-xong-khoi-chuben-100ml-chuben-original-smoked-fish-sauce-premium-anchovy\/","title":{"rendered":"N\u01b0\u1edbc M\u1eafm C\u00e1 C\u01a1m X\u00f4ng Kh\u00f3i Chuben 100ml \u2013 Chuben Original Smoked Fish Sauce Premium Anchovy"},"content":{"rendered":"<h3 data-path-to-node=\"3\">TH\u00d4NG TIN S\u1ea2N PH\u1ea8M<\/h3>\n<div class=\"horizontal-scroll-wrapper\">\n<div class=\"table-block-component\">\n<div class=\"table-block has-export-button new-table-style is-at-scroll-start is-at-scroll-end\">\n<table style=\"width: 68.4178%;height: 186px\" data-path-to-node=\"4\">\n<tbody>\n<tr>\n<td><span data-path-to-node=\"4,1,0,0\"><b data-path-to-node=\"4,1,0,0\" data-index-in-node=\"0\">Th\u01b0\u01a1ng hi\u1ec7u<\/b><\/span><\/td>\n<td><span data-path-to-node=\"4,1,1,0\">Chuben<\/span><\/td>\n<\/tr>\n<tr>\n<td><span data-path-to-node=\"4,2,0,0\"><b data-path-to-node=\"4,2,0,0\" data-index-in-node=\"0\">Xu\u1ea5t x\u1ee9<\/b><\/span><\/td>\n<td><span data-path-to-node=\"4,2,1,0\">Qu\u1ea3ng Nam, Vi\u1ec7t Nam (Th\u1ee7 c\u00f4ng t\u1ea1i H\u1ed9i An)<\/span><\/td>\n<\/tr>\n<tr>\n<td><span data-path-to-node=\"4,3,0,0\"><b data-path-to-node=\"4,3,0,0\" data-index-in-node=\"0\">Th\u00e0nh ph\u1ea7n<\/b><\/span><\/td>\n<td><span data-path-to-node=\"4,3,1,0\">C\u00e1 c\u01a1m than t\u01b0\u01a1i (Engraulis asiaticus), mu\u1ed1i bi\u1ec3n \u1ee7 ch\u01b0\u1ee3p, h\u1ed7n h\u1ee3p gia v\u1ecb n\u00fai r\u1eebng \u0111\u1ed9c quy\u1ec1n<\/span><\/td>\n<\/tr>\n<tr>\n<td><span data-path-to-node=\"4,4,0,0\"><b data-path-to-node=\"4,4,0,0\" data-index-in-node=\"0\">H\u1ea1n s\u1eed d\u1ee5ng<\/b><\/span><\/td>\n<td><span data-path-to-node=\"4,4,1,0\">Ghi tr\u00ean bao b\u00ec (Th\u01b0\u1eddng l\u00e0 2 n\u0103m t\u1eeb ng\u00e0y s\u1ea3n xu\u1ea5t)<\/span><\/td>\n<\/tr>\n<tr>\n<td><span data-path-to-node=\"4,5,0,0\"><b data-path-to-node=\"4,5,0,0\" data-index-in-node=\"0\">B\u1ea3o qu\u1ea3n<\/b><\/span><\/td>\n<td><span data-path-to-node=\"4,5,1,0\">N\u01a1i kh\u00f4 r\u00e1o, tho\u00e1ng m\u00e1t, tr\u00e1nh \u00e1nh n\u1eafng tr\u1ef1c ti\u1ebfp, \u0111\u1eady k\u00edn sau khi d\u00f9ng<\/span><\/td>\n<\/tr>\n<tr>\n<td><span data-path-to-node=\"4,6,0,0\"><b data-path-to-node=\"4,6,0,0\" data-index-in-node=\"0\">Th\u1ec3 t\u00edch<\/b><\/span><\/td>\n<td><span data-path-to-node=\"4,6,1,0\">100ml<\/span><\/td>\n<\/tr>\n<\/tbody>\n<\/table>\n<p>N\u01b0\u1edbc m\u1eafm Chuben l\u00e0 k\u1ebft qu\u1ea3 c\u1ee7a m\u1ed9t h\u00e0nh tr\u00ecnh s\u00e1ng t\u1ea1o \u0111\u1ea7y c\u1ea3m h\u1ee9ng, n\u01a1i nh\u1eefng gi\u00e1 tr\u1ecb truy\u1ec1n th\u1ed1ng c\u1ee7a v\u00f9ng \u0111\u1ea5t H\u1ed9i An g\u1eb7p g\u1ee1 t\u01b0 duy \u1ea9m th\u1ef1c tinh t\u1ebf c\u1ee7a m\u1ed9t \u0111\u1ea7u b\u1ebfp ng\u01b0\u1eddi Ph\u00e1p. Kh\u00f4ng ch\u1ec9 d\u1eebng l\u1ea1i \u1edf vai tr\u00f2 l\u00e0 m\u1ed9t lo\u1ea1i gia v\u1ecb quen thu\u1ed9c trong c\u0103n b\u1ebfp Vi\u1ec7t, Chuben \u0111\u01b0\u1ee3c t\u00e1i \u0111\u1ecbnh ngh\u0129a nh\u01b0 m\u1ed9t d\u1ea1ng &#8220;tinh ch\u1ea5t \u1ea9m th\u1ef1c&#8221; mang chi\u1ec1u s\u00e2u v\u00e0 s\u1ef1 ph\u1ee9c t\u1ea1p trong h\u01b0\u01a1ng v\u1ecb.<\/p>\n<p><img fetchpriority=\"high\" decoding=\"async\" class=\"aligncenter\" src=\"https:\/\/instagram.fsgn19-1.fna.fbcdn.net\/v\/t51.82787-15\/642150589_17905608987369720_3606089724198489500_n.webp?_nc_cat=104&amp;ig_cache_key=Mzg0NjA2MDQ5NzE1NDc4MzAzMA%3D%3D.3-ccb7-5&amp;ccb=7-5&amp;_nc_sid=58cdad&amp;efg=eyJ2ZW5jb2RlX3RhZyI6InhwaWRzLjE0NDB4MTQ0MC5zZHIuQzMifQ%3D%3D&amp;_nc_ohc=YEMd2ZNq3QUQ7kNvwEDMc7o&amp;_nc_oc=Adr37PTH0KaZEs-QucZlU1vW7xZ9zJgIcI2kBlHGalvVE0lXrAfm_9wWhLyirM07JoyWFPXlX2Ke0hfIUu97NWKo&amp;_nc_ad=z-m&amp;_nc_cid=0&amp;_nc_zt=23&amp;_nc_ht=instagram.fsgn19-1.fna&amp;_nc_gid=8gdWu6kVMF1e2usEEYTgNA&amp;_nc_ss=7a32e&amp;oh=00_Af1cGf6IIzkqbFSHulfCdrRpDAyqPx8ntBsH56e1ySdwpg&amp;oe=69DA1756\" width=\"799\" height=\"799\" \/><\/p>\n<p>Quy tr\u00ecnh s\u1ea3n xu\u1ea5t Chuben b\u1eaft \u0111\u1ea7u t\u1eeb vi\u1ec7c l\u1ef1a ch\u1ecdn nh\u1eefng m\u1ebb c\u00e1 c\u01a1m than t\u01b0\u01a1i ngon nh\u1ea5t, \u1ee7 c\u00f9ng mu\u1ed1i bi\u1ec3n trong su\u1ed1t 15 th\u00e1ng theo ph\u01b0\u01a1ng ph\u00e1p th\u1ee7 c\u00f4ng nghi\u00eam ng\u1eb7t. Tuy nhi\u00ean, \u0111i\u1ec3m t\u1ea1o n\u00ean s\u1ef1 kh\u00e1c bi\u1ec7t n\u1eb1m \u1edf giai \u0111o\u1ea1n sau \u0111\u00f3, khi d\u00f2ng n\u01b0\u1edbc m\u1eafm c\u1ed1t tinh khi\u1ebft ti\u1ebfp t\u1ee5c \u0111\u01b0\u1ee3c \u1ee7 c\u00f9ng h\u1ed7n h\u1ee3p gia v\u1ecb t\u1ef1 nhi\u00ean th\u00eam t\u1eeb 6 \u0111\u1ebfn 8 th\u00e1ng \u0111\u1ec3 l\u00e0m d\u1ecbu \u0111\u1ed9 g\u1eaft, t\u1ea1o n\u00ean m\u1ed9t s\u1eafc th\u00e1i umami s\u00e2u th\u1eb3m v\u00e0 tr\u00f2n tr\u1ecba h\u01a1n.<\/p>\n<p><img decoding=\"async\" class=\"aligncenter  wp-image-45711\" src=\"https:\/\/havamall.com\/wp-content\/uploads\/2026\/04\/617011950_17899068978369720_5749879504774326624_n.jpg\" alt=\"\" width=\"801\" height=\"678\" \/><\/p>\n<p>Qu\u00e1 tr\u00ecnh x\u00f4ng kh\u00f3i v\u00e0 \u1ee7 gia v\u1ecb k\u1ef3 c\u00f4ng \u0111\u00e3 mang l\u1ea1i m\u1ed9t t\u1ea7ng h\u01b0\u01a1ng nh\u1eb9, ph\u1ea3ng ph\u1ea5t m\u00f9i kh\u00f3i b\u1ebfp \u1ea5m c\u00fang nh\u01b0ng kh\u00f4ng l\u1ea5n \u00e1t v\u1ecb bi\u1ec3n \u0111\u1eb7c tr\u01b0ng. V\u1edbi m\u00e0u n\u00e2u h\u1ed5 ph\u00e1ch s\u00f3ng s\u00e1nh v\u00e0 thi\u1ebft k\u1ebf chai th\u1ee7y tinh k\u00e8m \u1ed1ng nh\u1ecf gi\u1ecdt (dropper), Chuben thay \u0111\u1ed5i ho\u00e0n to\u00e0n c\u00e1ch s\u1eed d\u1ee5ng n\u01b0\u1edbc m\u1eafm th\u00f4ng th\u01b0\u1eddng. Thay v\u00ec n\u00eam n\u1ebfm theo l\u01b0\u1ee3ng l\u1edbn, ng\u01b0\u1eddi \u0111\u1ea7u b\u1ebfp gi\u1edd \u0111\u00e2y c\u00f3 th\u1ec3 ki\u1ec3m so\u00e1t ch\u00ednh x\u00e1c t\u1eebng gi\u1ecdt gia v\u1ecb nh\u01b0 m\u1ed9t d\u1ea1ng &#8220;seasoning&#8221; cao c\u1ea5p, t\u01b0\u01a1ng t\u1ef1 c\u00e1ch s\u1eed d\u1ee5ng d\u1ea7u olive hay c\u00e1c lo\u1ea1i s\u1ed1t tinh ch\u1ec9nh trong \u1ea9m th\u1ef1c ph\u01b0\u01a1ng T\u00e2y.<\/p>\n<p><img decoding=\"async\" class=\"aligncenter\" src=\"https:\/\/instagram.fsgn19-1.fna.fbcdn.net\/v\/t51.82787-15\/641390431_17962839858028698_9199548716453896830_n.jpg?stp=dst-jpegr_e35_tt6&amp;_nc_cat=107&amp;ig_cache_key=Mzg0NTg5NDcxOTM0NDIwNDQ4Mg%3D%3D.3-ccb7-5&amp;ccb=7-5&amp;_nc_sid=58cdad&amp;efg=eyJ2ZW5jb2RlX3RhZyI6InhwaWRzLjE0NDB4MTA3OS5oZHIuQzMifQ%3D%3D&amp;_nc_ohc=oTj5EB8dSVUQ7kNvwGcU2dQ&amp;_nc_oc=Adp0C-0mousalFikfoIkEcgLoxOBr4v0KRJmuQIXQJFGCX2VNuidRwT0qxR6CczJlzJ9JyNjFeaFqYYPO9Dz1y61&amp;_nc_ad=z-m&amp;_nc_cid=0&amp;_nc_zt=23&amp;_nc_ht=instagram.fsgn19-1.fna&amp;_nc_gid=GuqHhyCbe4jXR069OmaWOQ&amp;_nc_ss=7a32e&amp;oh=00_Af0dddYii9NH1ONzRASDIH8X3hqYXBNEAWLUj2NhTJK92A&amp;oe=69DA31A7\" width=\"801\" height=\"600\" \/><\/p>\n<p>Chuben \u0111\u00f3ng vai tr\u00f2 l\u00e0 ch\u1ea5t x\u00fac t\u00e1c m\u1ea1nh m\u1ebd gi\u00fap n\u00e2ng t\u1ea7m h\u01b0\u01a1ng v\u1ecb cho c\u1ea3 m\u00f3n \u0110\u00f4ng l\u1eabn m\u00f3n T\u00e2y m\u00e0 v\u1eabn gi\u1eef tr\u1ecdn v\u1eb9n gi\u00e1 tr\u1ecb dinh d\u01b0\u1ee1ng v\u1edbi h\u00e0m l\u01b0\u1ee3ng protein t\u1ef1 nhi\u00ean, gi\u00e0u Omega-3 v\u00e0 kho\u00e1ng ch\u1ea5t. Ch\u1ec9 c\u1ea7n v\u00e0i gi\u1ecdt Chuben nh\u1ecf tr\u1ef1c ti\u1ebfp l\u00ean m\u00f3n \u0103n c\u0169ng \u0111\u1ee7 \u0111\u1ec3 t\u1ea1o n\u00ean chi\u1ec1u s\u00e2u m\u1edbi l\u1ea1 cho m\u00f3n salad vinaigrette, gia t\u0103ng \u0111\u1ed9 b\u00e9o ng\u1eady cho s\u1ed1t mayonnaise hay l\u00e0m n\u1ed5i b\u1eadt h\u01b0\u01a1ng v\u1ecb c\u1ee7a c\u00e1c m\u00f3n b\u00edt t\u1ebft v\u00e0 c\u00e1 \u00e1p ch\u1ea3o. S\u1ef1 linh ho\u1ea1t n\u00e0y gi\u00fap Chuben d\u1ec5 d\u00e0ng xu\u1ea5t hi\u1ec7n trong c\u00e1c m\u00f3n fusion tinh t\u1ebf, n\u01a1i gia v\u1ecb kh\u00f4ng ch\u1ec9 \u0111\u1ec3 &#8220;n\u00eam&#8221; cho v\u1eeba mi\u1ec7ng m\u00e0 c\u00f2n \u0111\u1ec3 ho\u00e0n thi\u1ec7n v\u00e0 \u0111\u00e1nh th\u1ee9c m\u1ecdi gi\u00e1c quan c\u1ee7a th\u1ef1c kh\u00e1ch.<\/p>\n<p><img loading=\"lazy\" decoding=\"async\" class=\"aligncenter\" src=\"https:\/\/scontent.fsgn19-1.fna.fbcdn.net\/v\/t39.30808-6\/627767397_1332223492255710_5625468241639596827_n.jpg?_nc_cat=106&amp;ccb=1-7&amp;_nc_sid=13d280&amp;_nc_ohc=viQSFTaMp9kQ7kNvwG9_nEm&amp;_nc_oc=Adq9EyE6HINl2eM8xA6uEFL2f3OGx5n71m9YKk6bGjhcHNjRdr4QVB1ln9NpVVQVLkF3xYhRUaaXj0hCXjFK2Qh-&amp;_nc_zt=23&amp;_nc_ht=scontent.fsgn19-1.fna&amp;_nc_gid=R1L5jSA79nGreU5JXdZUyg&amp;_nc_ss=7a3a8&amp;oh=00_Af2VmLdV4Yh4uijWlhTnYw8gc7tuKAwi-Opdin57Z6OP4w&amp;oe=69DA489E\" width=\"800\" height=\"1200\" \/><\/p>\n<p>M\u1ed9t chai Chuben nh\u1ecf b\u00e9 ch\u1ee9a \u0111\u1ef1ng c\u1ea3 m\u1ed9t h\u00e0nh tr\u00ecnh t\u1eeb nh\u1eefng th\u00f9ng g\u1ed7 \u1ee7 ch\u01b0\u1ee3p ven bi\u1ec3n mi\u1ec1n Trung \u0111\u1ebfn nh\u1eefng b\u00e0n \u0103n hi\u1ec7n \u0111\u1ea1i sang tr\u1ecdng, n\u01a1i m\u1ed7i gi\u1ecdt gia v\u1ecb \u0111\u1ec1u l\u00e0 m\u1ed9t chi ti\u1ebft ho\u00e0n thi\u1ec7n cu\u1ed1i c\u00f9ng cho t\u00e1c ph\u1ea9m \u1ea9m th\u1ef1c. Hi\u1ec7n nay, s\u1ea3n ph\u1ea9m n\u01b0\u1edbc m\u1eafm Chuben \u0111ang \u0111\u01b0\u1ee3c ph\u00e2n ph\u1ed1i ch\u00ednh h\u00e3ng t\u1ea1i Havamall, \u0111\u01a1n v\u1ecb chuy\u00ean nh\u1eadp kh\u1ea9u v\u00e0 cung c\u1ea5p c\u00e1c d\u00f2ng s\u1ea3n ph\u1ea9m cao c\u1ea5p, cam k\u1ebft mang \u0111\u1ebfn gi\u00e1 tr\u1ecb th\u01b0\u1ee3ng h\u1ea1ng nh\u1ea5t cho m\u1ed7i gian b\u1ebfp gia \u0111\u00ecnh.<\/p>\n<\/div>\n<\/div>\n<\/div>","protected":false},"excerpt":{"rendered":"<p>TH\u00d4NG TIN S\u1ea2N PH\u1ea8M Th\u01b0\u01a1ng hi\u1ec7u Chuben Xu\u1ea5t x\u1ee9 Qu\u1ea3ng Nam, Vi\u1ec7t Nam (Th\u1ee7 c\u00f4ng t\u1ea1i H\u1ed9i An) Th\u00e0nh ph\u1ea7n<\/p>","protected":false},"featured_media":44933,"comment_status":"open","ping_status":"closed","template":"","meta":[],"product_brand":[],"product_cat":[677,595,154],"product_tag":[],"class_list":{"0":"post-44932","1":"product","2":"type-product","3":"status-publish","4":"has-post-thumbnail","6":"product_cat-cac-nuoc-khac","7":"product_cat-gia-vi-va-che-bien","8":"product_cat-gia-vi","10":"first","11":"instock","12":"sale","13":"shipping-taxable","14":"purchasable","15":"product-type-simple"},"_links":{"self":[{"href":"https:\/\/havamall.vn\/en\/wp-json\/wp\/v2\/product\/44932"}],"collection":[{"href":"https:\/\/havamall.vn\/en\/wp-json\/wp\/v2\/product"}],"about":[{"href":"https:\/\/havamall.vn\/en\/wp-json\/wp\/v2\/types\/product"}],"replies":[{"embeddable":true,"href":"https:\/\/havamall.vn\/en\/wp-json\/wp\/v2\/comments?post=44932"}],"version-history":[{"count":0,"href":"https:\/\/havamall.vn\/en\/wp-json\/wp\/v2\/product\/44932\/revisions"}],"wp:featuredmedia":[{"embeddable":true,"href":"https:\/\/havamall.vn\/en\/wp-json\/wp\/v2\/media\/44933"}],"wp:attachment":[{"href":"https:\/\/havamall.vn\/en\/wp-json\/wp\/v2\/media?parent=44932"}],"wp:term":[{"taxonomy":"product_brand","embeddable":true,"href":"https:\/\/havamall.vn\/en\/wp-json\/wp\/v2\/product_brand?post=44932"},{"taxonomy":"product_cat","embeddable":true,"href":"https:\/\/havamall.vn\/en\/wp-json\/wp\/v2\/product_cat?post=44932"},{"taxonomy":"product_tag","embeddable":true,"href":"https:\/\/havamall.vn\/en\/wp-json\/wp\/v2\/product_tag?post=44932"}],"curies":[{"name":"wp","href":"https:\/\/api.w.org\/{rel}","templated":true}]}}