{"id":44928,"date":"2026-04-06T13:34:53","date_gmt":"2026-04-06T06:34:53","guid":{"rendered":"https:\/\/havamall.vn\/?post_type=product&#038;p=44928"},"modified":"2026-04-06T13:34:53","modified_gmt":"2026-04-06T06:34:53","slug":"bot-lua-mi-mem-lam-pizza-so-0-molino-casillo-12-5kg-soft-wheat-flour-for-pizza-farina-di-grano-tenero-tipo-0","status":"publish","type":"product","link":"https:\/\/havamall.vn\/en\/shop\/bot-lua-mi-mem-lam-pizza-so-0-molino-casillo-12-5kg-soft-wheat-flour-for-pizza-farina-di-grano-tenero-tipo-0\/","title":{"rendered":"B\u1ed9t L\u00faa M\u00ec M\u1ec1m L\u00e0m Pizza S\u1ed1 0 Molino Casillo 12.5kg \u2013 Soft Wheat Flour For Pizza Farina Di Grano Tenero Tipo 0"},"content":{"rendered":"<h2 data-section-id=\"1ak2r85\" data-start=\"152\" data-end=\"177\"><span role=\"text\"><strong data-start=\"155\" data-end=\"177\">TH\u00d4NG TIN S\u1ea2N PH\u1ea8M<\/strong><\/span><\/h2>\n<table style=\"width: 51.7645%;height: 121px\" data-path-to-node=\"4\">\n<tbody>\n<tr>\n<td><span data-path-to-node=\"4,1,0,0\"><b data-path-to-node=\"4,1,0,0\" data-index-in-node=\"0\">Th\u01b0\u01a1ng hi\u1ec7u<\/b><\/span><\/td>\n<td><span data-path-to-node=\"4,1,1,0\">Molino Casillo<\/span><\/td>\n<\/tr>\n<tr>\n<td><span data-path-to-node=\"4,2,0,0\"><b data-path-to-node=\"4,2,0,0\" data-index-in-node=\"0\">Xu\u1ea5t x\u1ee9<\/b><\/span><\/td>\n<td><span data-path-to-node=\"4,2,1,0\">\u00dd (Italy)<\/span><\/td>\n<\/tr>\n<tr>\n<td><span data-path-to-node=\"4,3,0,0\"><b data-path-to-node=\"4,3,0,0\" data-index-in-node=\"0\">Th\u00e0nh ph\u1ea7n<\/b><\/span><\/td>\n<td><span data-path-to-node=\"4,3,1,0\">100% l\u00faa m\u00ec m\u1ec1m (Soft Wheat) lo\u1ea1i 0<\/span><\/td>\n<\/tr>\n<tr>\n<td><span data-path-to-node=\"4,4,0,0\"><b data-path-to-node=\"4,4,0,0\" data-index-in-node=\"0\">H\u1ea1n s\u1eed d\u1ee5ng<\/b><\/span><\/td>\n<td><span data-path-to-node=\"4,4,1,0\">12 th\u00e1ng k\u1ec3 t\u1eeb ng\u00e0y s\u1ea3n xu\u1ea5t<\/span><\/td>\n<\/tr>\n<tr>\n<td><span data-path-to-node=\"4,5,0,0\"><b data-path-to-node=\"4,5,0,0\" data-index-in-node=\"0\">B\u1ea3o qu\u1ea3n<\/b><\/span><\/td>\n<td><span data-path-to-node=\"4,5,1,0\">N\u01a1i kh\u00f4 r\u00e1o, tho\u00e1ng m\u00e1t, tr\u00e1nh \u00e1nh n\u1eafng tr\u1ef1c ti\u1ebfp<\/span><\/td>\n<\/tr>\n<tr>\n<td><span data-path-to-node=\"4,6,0,0\"><b data-path-to-node=\"4,6,0,0\" data-index-in-node=\"0\">Kh\u1ed1i l\u01b0\u1ee3ng<\/b><\/span><\/td>\n<td><span data-path-to-node=\"4,6,1,0\">12.5kg<\/span><\/td>\n<\/tr>\n<\/tbody>\n<\/table>\n<p>\u0110\u1ec3 \u0111\u1ea1t \u0111\u01b0\u1ee3c \u0111\u1ed9 m\u1ec1m, \u0111\u1ed9 n\u1edf v\u00e0 c\u1ea5u tr\u00fac x\u1ed1p \u0111\u1eb7c tr\u01b0ng, vi\u1ec7c l\u1ef1a ch\u1ecdn \u0111\u00fang lo\u1ea1i b\u1ed9t m\u00ec \u0111\u00f3ng vai tr\u00f2 c\u1ed1t l\u00f5i. Th\u01b0\u01a1ng hi\u1ec7u Molino Casillo v\u1edbi b\u1ec1 d\u00e0y kinh nghi\u1ec7m t\u1eeb n\u0103m 1958 t\u1ea1i v\u00f9ng Puglia (\u00dd) \u0111\u00e3 mang \u0111\u1ebfn d\u00f2ng b\u1ed9t m\u00ec m\u1ec1m chuy\u00ean d\u1ee5ng d\u00e0nh ri\u00eang cho Pizza. Kh\u00e1c v\u1edbi l\u00faa m\u00ec c\u1ee9ng th\u01b0\u1eddng d\u00f9ng cho pasta, l\u00faa m\u00ec m\u1ec1m c\u00f3 h\u00e0m l\u01b0\u1ee3ng protein v\u1eeba ph\u1ea3i v\u00e0 c\u1ea5u tr\u00fac gluten d\u1ebbo dai, t\u1ea1o n\u00ean m\u1ed9t lo\u1ea1i b\u1ed9t nh\u1eb9, m\u1ecbn v\u00e0 c\u00f3 kh\u1ea3 n\u0103ng h\u1ea5p th\u1ee5 n\u01b0\u1edbc t\u1ed1t trong qu\u00e1 tr\u00ecnh nh\u00e0o n\u1eb7n.<\/p>\n<p><img fetchpriority=\"high\" decoding=\"async\" class=\"aligncenter\" src=\"https:\/\/instagram.fsgn19-1.fna.fbcdn.net\/v\/t39.30808-6\/490049414_1223752673084846_2556865578453270419_n.jpg?stp=cp6_dst-jpg_e35_tt6&amp;_nc_cat=101&amp;ig_cache_key=MzYwOTA1MDkyMzk3MzYyMTczMg%3D%3D.3-ccb7-5&amp;ccb=7-5&amp;_nc_sid=58cdad&amp;efg=eyJ2ZW5jb2RlX3RhZyI6InhwaWRzLjIwNDh4MjA0OC5zZHIuQzMifQ%3D%3D&amp;_nc_ohc=-FpBF36m49QQ7kNvwHHMCcX&amp;_nc_oc=AdqKr1zbKVrZYLoGQ0KNbOHeOoLLqKGRMNH4Tldx3tfuPjGRV8NTgV6YPeJaesH5C27mdvTKlJHMzpQFiCFQVhCn&amp;_nc_ad=z-m&amp;_nc_cid=0&amp;_nc_zt=23&amp;_nc_ht=instagram.fsgn19-1.fna&amp;_nc_gid=n3h8wcNERysAhb9sJZZGgA&amp;_nc_ss=7a32e&amp;oh=00_Af0CYLa5p72htzp_r-_mvSzlS88tdVuiNlbr-Rqpbgwb3A&amp;oe=69D63C0A\" width=\"801\" height=\"801\" \/><\/p>\n<p>\u0110\u1eb7c t\u00ednh k\u1ef9 thu\u1eadt c\u1ee7a b\u1ed9t m\u00ec &#8220;Tipo 0&#8221; n\u1eb1m \u1edf s\u1ef1 c\u00e2n b\u1eb1ng l\u00fd t\u01b0\u1edfng gi\u1eefa \u0111\u1ed9 tinh khi\u1ebft v\u00e0 kh\u1ea3 n\u0103ng gi\u1eef kh\u00ed khi \u1ee7 men, b\u1edfi lo\u1ea1i b\u1ed9t n\u00e0y \u0111\u01b0\u1ee3c l\u1ecdc k\u1ef9 nh\u01b0ng v\u1eabn gi\u1eef l\u1ea1i m\u1ed9t ph\u1ea7n nh\u1ecf l\u1edbp v\u1ecf h\u1ea1t \u0111\u1ec3 duy tr\u00ec m\u00f9i th\u01a1m t\u1ef1 nhi\u00ean c\u1ee7a l\u00faa m\u00ec. Khi \u0111\u01b0a v\u00e0o ch\u1ebf bi\u1ebfn, h\u00e0m l\u01b0\u1ee3ng gluten \u0111\u01b0\u1ee3c t\u00ednh to\u00e1n t\u1ec9 m\u1ec9 gi\u00fap kh\u1ed1i b\u1ed9t c\u00f3 \u0111\u1ed9 \u0111\u00e0n h\u1ed3i v\u00e0 kh\u1ea3 n\u0103ng k\u00e9o d\u00e3n c\u1ef1c t\u1ed1t, cho ph\u00e9p ng\u01b0\u1eddi th\u1ee3 d\u1ec5 d\u00e0ng xoay d\u00e3n \u0111\u1ebf b\u00e1nh m\u1ecfng nh\u1eb9 m\u00e0 kh\u00f4ng lo b\u1ecb r\u00e1ch.<\/p>\n<p><img decoding=\"async\" class=\"aligncenter  wp-image-45701\" src=\"https:\/\/havamall.com\/wp-content\/uploads\/2026\/04\/490132429_1223755229751257_6150994095661798295_n.jpg\" alt=\"\" width=\"800\" height=\"640\" \/><\/p>\n<p data-path-to-node=\"6\">Trong qu\u00e1 tr\u00ecnh l\u00ean men, b\u1ed9t ph\u00e1t tri\u1ec3n c\u1ea5u tr\u00fac \u1ed5n \u0111\u1ecbnh v\u1edbi nh\u1eefng b\u1ecdt kh\u00ed nh\u1ecf gi\u00fap ph\u1ea7n vi\u1ec1n b\u00e1nh khi n\u01b0\u1edbng \u1edf nhi\u1ec7t \u0111\u1ed9 cao s\u1ebd n\u1edf ph\u1ed3ng x\u1ed1p, t\u1ea1o n\u00ean nh\u1eefng &#8220;l\u1ed7 kh\u00ed&#8221; l\u1edbn b\u00ean trong trong khi l\u1edbp v\u1ecf ngo\u00e0i v\u1eabn gi\u1eef \u0111\u01b0\u1ee3c \u0111\u1ed9 v\u00e0ng r\u1ed9m v\u00e0 gi\u00f2n nh\u1eb9.<\/p>\n<p data-path-to-node=\"6\"><img decoding=\"async\" class=\"aligncenter\" src=\"https:\/\/havamall.com\/wp-content\/uploads\/2026\/04\/soft-vs-hard-wheat-1200x675.jpg\" alt=\"What's the Difference Between Soft Wheat and Hard Wheat?\" width=\"801\" height=\"451\" \/><\/p>\n<p data-path-to-node=\"5\">Kh\u00f4ng ch\u1ec9 d\u1eebng l\u1ea1i \u1edf nh\u1eefng chi\u1ebfc Pizza truy\u1ec1n th\u1ed1ng, d\u00f2ng b\u1ed9t m\u00ec m\u1ec1m n\u00e0y c\u00f2n th\u1ec3 hi\u1ec7n t\u00ednh \u1ee9ng d\u1ee5ng \u0111a d\u1ea1ng trong nhi\u1ec1u lo\u1ea1i b\u00e1nh c\u1ea7n c\u1ea5u tr\u00fac m\u1ec1m x\u1ed1p nh\u01b0 Focaccia hay c\u00e1c lo\u1ea1i b\u00e1nh m\u00ec ph\u1eb3ng t\u1ea9m d\u1ea7u oliu. Kh\u1ea3 n\u0103ng ki\u1ec3m so\u00e1t gluten v\u1eeba ph\u1ea3i gi\u00fap b\u1ed9t d\u1ec5 d\u00e0ng th\u00edch nghi v\u1edbi c\u00e1c c\u00f4ng th\u1ee9c l\u00ean men ch\u1eadm, gi\u00fap gi\u1ea3i ph\u00f3ng c\u00e1c enzyme t\u1ef1 nhi\u00ean \u0111\u1ec3 chi\u1ebfc b\u00e1nh sau khi n\u01b0\u1edbng kh\u00f4ng ch\u1ec9 th\u01a1m n\u1ed3ng n\u00e0n v\u1ecb men t\u01b0\u01a1i m\u00e0 c\u00f2n d\u1ec5 ti\u00eau h\u00f3a h\u01a1n h\u1eb3n c\u00e1c lo\u1ea1i b\u1ed9t th\u00f4ng th\u01b0\u1eddng.<\/p>\n<p data-path-to-node=\"5\"><img loading=\"lazy\" decoding=\"async\" class=\"aligncenter\" src=\"https:\/\/www.carbonefinefood.com\/_next\/image?url=https%3A%2F%2Fcdn.sanity.io%2Fimages%2Fqwb65284%2Fproduction%2Fd642bb32788d2d315d015ad4f3a487c316f41f18-1844x1016.png%3Fauto%3Dformat&amp;w=3840&amp;q=75\" alt=\"Carbone Fine Food - Food Styles\" width=\"802\" height=\"442\" \/><\/p>\n<p data-path-to-node=\"6\">Hi\u1ec7n nay, s\u1ea3n ph\u1ea9m b\u1ed9t m\u00ec m\u1ec1m Molino Casillo \u0111ang \u0111\u01b0\u1ee3c ph\u00e2n ph\u1ed1i ch\u00ednh h\u00e3ng t\u1ea1i Havamall, \u0111\u01a1n v\u1ecb uy t\u00edn chuy\u00ean nh\u1eadp kh\u1ea9u c\u00e1c d\u00f2ng nguy\u00ean li\u1ec7u cao c\u1ea5p, cam k\u1ebft mang \u0111\u1ebfn ch\u1ea5t l\u01b0\u1ee3ng chu\u1ea9n m\u1ef1c \u0111\u1ec3 m\u1ecdi gian b\u1ebfp \u0111\u1ec1u c\u00f3 th\u1ec3 t\u1ea1o ra nh\u1eefng m\u00f3n \u0103n chu\u1ea9n v\u1ecb \u00dd.<\/p>","protected":false},"excerpt":{"rendered":"<p>TH\u00d4NG TIN S\u1ea2N PH\u1ea8M Th\u01b0\u01a1ng hi\u1ec7u Molino Casillo Xu\u1ea5t x\u1ee9 \u00dd (Italy) Th\u00e0nh ph\u1ea7n 100% l\u00faa m\u00ec m\u1ec1m (Soft Wheat)<\/p>","protected":false},"featured_media":44929,"comment_status":"open","ping_status":"closed","template":"","meta":[],"product_brand":[],"product_cat":[255,672],"product_tag":[],"class_list":{"0":"post-44928","1":"product","2":"type-product","3":"status-publish","4":"has-post-thumbnail","6":"product_cat-nguyen-lieu-lam-banh","7":"product_cat-nhap-khau-y","9":"first","10":"instock","11":"shipping-taxable","12":"product-type-simple"},"_links":{"self":[{"href":"https:\/\/havamall.vn\/en\/wp-json\/wp\/v2\/product\/44928"}],"collection":[{"href":"https:\/\/havamall.vn\/en\/wp-json\/wp\/v2\/product"}],"about":[{"href":"https:\/\/havamall.vn\/en\/wp-json\/wp\/v2\/types\/product"}],"replies":[{"embeddable":true,"href":"https:\/\/havamall.vn\/en\/wp-json\/wp\/v2\/comments?post=44928"}],"version-history":[{"count":0,"href":"https:\/\/havamall.vn\/en\/wp-json\/wp\/v2\/product\/44928\/revisions"}],"wp:featuredmedia":[{"embeddable":true,"href":"https:\/\/havamall.vn\/en\/wp-json\/wp\/v2\/media\/44929"}],"wp:attachment":[{"href":"https:\/\/havamall.vn\/en\/wp-json\/wp\/v2\/media?parent=44928"}],"wp:term":[{"taxonomy":"product_brand","embeddable":true,"href":"https:\/\/havamall.vn\/en\/wp-json\/wp\/v2\/product_brand?post=44928"},{"taxonomy":"product_cat","embeddable":true,"href":"https:\/\/havamall.vn\/en\/wp-json\/wp\/v2\/product_cat?post=44928"},{"taxonomy":"product_tag","embeddable":true,"href":"https:\/\/havamall.vn\/en\/wp-json\/wp\/v2\/product_tag?post=44928"}],"curies":[{"name":"wp","href":"https:\/\/api.w.org\/{rel}","templated":true}]}}