{"id":44921,"date":"2026-04-04T11:55:15","date_gmt":"2026-04-04T04:55:15","guid":{"rendered":"https:\/\/havamall.vn\/?post_type=product&#038;p=44921"},"modified":"2026-04-04T11:55:16","modified_gmt":"2026-04-04T04:55:16","slug":"bot-lua-mi-semolina-xay-min-casillo-12-5kg-casillo-remilled-durum-wheat-semolina","status":"publish","type":"product","link":"https:\/\/havamall.vn\/en\/shop\/bot-lua-mi-semolina-xay-min-casillo-12-5kg-casillo-remilled-durum-wheat-semolina\/","title":{"rendered":"B\u1ed9t L\u00faa M\u00ec Semolina Xay M\u1ecbn Casillo 12.5kg \u2013 Casillo Remilled Durum Wheat Semolina"},"content":{"rendered":"<h2 data-section-id=\"1ak2r85\" data-start=\"162\" data-end=\"187\"><span role=\"text\"><strong data-start=\"165\" data-end=\"187\">TH\u00d4NG TIN S\u1ea2N PH\u1ea8M<\/strong><\/span><\/h2>\n<table style=\"width: 54.3126%;height: 135px\" data-path-to-node=\"4\">\n<tbody>\n<tr>\n<td><span data-path-to-node=\"4,1,0,0\"><b data-path-to-node=\"4,1,0,0\" data-index-in-node=\"0\">Th\u01b0\u01a1ng hi\u1ec7u<\/b><\/span><\/td>\n<td><span data-path-to-node=\"4,1,1,0\">Molino Casillo<\/span><\/td>\n<\/tr>\n<tr>\n<td><span data-path-to-node=\"4,2,0,0\"><b data-path-to-node=\"4,2,0,0\" data-index-in-node=\"0\">Xu\u1ea5t x\u1ee9<\/b><\/span><\/td>\n<td><span data-path-to-node=\"4,2,1,0\">\u00dd (Italy)<\/span><\/td>\n<\/tr>\n<tr>\n<td><span data-path-to-node=\"4,3,0,0\"><b data-path-to-node=\"4,3,0,0\" data-index-in-node=\"0\">Th\u00e0nh ph\u1ea7n<\/b><\/span><\/td>\n<td><span data-path-to-node=\"4,3,1,0\">100% n\u1ed9i nh\u0169 l\u00faa m\u00ec c\u1ee9ng (Durum Wheat)<\/span><\/td>\n<\/tr>\n<tr>\n<td><span data-path-to-node=\"4,4,0,0\"><b data-path-to-node=\"4,4,0,0\" data-index-in-node=\"0\">H\u1ea1n s\u1eed d\u1ee5ng<\/b><\/span><\/td>\n<td><span data-path-to-node=\"4,4,1,0\">12 th\u00e1ng k\u1ec3 t\u1eeb ng\u00e0y s\u1ea3n xu\u1ea5t<\/span><\/td>\n<\/tr>\n<tr>\n<td><span data-path-to-node=\"4,5,0,0\"><b data-path-to-node=\"4,5,0,0\" data-index-in-node=\"0\">B\u1ea3o qu\u1ea3n<\/b><\/span><\/td>\n<td><span data-path-to-node=\"4,5,1,0\">N\u01a1i kh\u00f4 r\u00e1o, tho\u00e1ng m\u00e1t, tr\u00e1nh \u00e1nh n\u1eafng tr\u1ef1c ti\u1ebfp<\/span><\/td>\n<\/tr>\n<tr>\n<td><span data-path-to-node=\"4,6,0,0\"><b data-path-to-node=\"4,6,0,0\" data-index-in-node=\"0\">Kh\u1ed1i l\u01b0\u1ee3ng<\/b><\/span><\/td>\n<td><span data-path-to-node=\"4,6,1,0\">12.5kg<\/span><\/td>\n<\/tr>\n<\/tbody>\n<\/table>\n<p>Kh\u00f4ng m\u1ec1m m\u1ea1i nh\u01b0 b\u1ed9t m\u00ec th\u00f4ng th\u01b0\u1eddng, c\u0169ng kh\u00f4ng qu\u00e1 th\u00f4 r\u00e1p nh\u01b0 nh\u1eefng d\u1ea1ng xay th\u00f4, Semolina \u0111\u01b0\u1ee3c t\u1ea1o ra t\u1eeb l\u00faa m\u00ec c\u1ee9ng \u2013 durum wheat, m\u1ed9t gi\u1ed1ng l\u00faa m\u00ec c\u00f3 h\u00e0m l\u01b0\u1ee3ng protein cao v\u00e0 c\u1ea5u tr\u00fac gluten m\u1ea1nh m\u1ebd h\u01a1n so v\u1edbi l\u00faa m\u00ec m\u1ec1m, gi\u00fap b\u1ed9t c\u00f3 kh\u1ea3 n\u0103ng t\u1ea1o n\u00ean \u0111\u1ed9 dai, \u0111\u1ed9 \u0111\u00e0n h\u1ed3i v\u00e0 k\u1ebft c\u1ea5u ch\u1eafc khi ch\u1ebf bi\u1ebfn. Khi \u0111\u01b0\u1ee3c xay l\u1ea1i m\u1ed9t l\u1ea7n n\u1eefa \u0111\u1ec3 \u0111\u1ea1t \u0111\u1ed9 m\u1ecbn cao h\u01a1n, semolina tr\u1edf n\u00ean linh ho\u1ea1t h\u01a1n, c\u00f3 th\u1ec3 \u1ee9ng d\u1ee5ng trong nhi\u1ec1u c\u00f4ng th\u1ee9c kh\u00e1c nhau m\u00e0 v\u1eabn gi\u1eef \u0111\u01b0\u1ee3c b\u1ea3n ch\u1ea5t v\u1ed1n c\u00f3.<\/p>\n<p><img fetchpriority=\"high\" decoding=\"async\" class=\"aligncenter\" src=\"https:\/\/havamall.com\/wp-content\/uploads\/2026\/04\/semolina-flour-or-rava-2021-08-28-04-37-54-utc.jpg\" alt=\"Organic Durum Wheat Semolina - Online Sale Tibiona\" width=\"801\" height=\"534\" \/><\/p>\n<p>Molino Casillo, m\u1ed9t th\u01b0\u01a1ng hi\u1ec7u l\u00e2u \u0111\u1eddi t\u1eeb \u00dd, \u0111\u00e3 x\u00e2y d\u1ef1ng danh ti\u1ebfng c\u1ee7a m\u00ecnh xoay quanh vi\u1ec7c x\u1eed l\u00fd v\u00e0 tinh ch\u1ec9nh l\u00faa m\u00ec theo c\u00e1ch gi\u1eef l\u1ea1i t\u1ed1i \u0111a gi\u00e1 tr\u1ecb t\u1ef1 nhi\u00ean. V\u1edbi d\u00f2ng semolina xay m\u1ecbn, quy tr\u00ecnh kh\u00f4ng d\u1eebng l\u1ea1i \u1edf vi\u1ec7c nghi\u1ec1n h\u1ea1t m\u00e0 c\u00f2n l\u00e0 s\u1ef1 ki\u1ec3m so\u00e1t ch\u1eb7t ch\u1ebd v\u1ec1 \u0111\u1ed9 h\u1ea1t, \u0111\u1ed9 \u1ea9m v\u00e0 ch\u1ea5t l\u01b0\u1ee3ng nguy\u00ean li\u1ec7u \u0111\u1ea7u v\u00e0o. Semolina t\u1eeb l\u00faa m\u00ec c\u1ee9ng s\u1edf h\u1eefu h\u00e0m l\u01b0\u1ee3ng protein cao v\u01b0\u1ee3t tr\u1ed9i v\u00e0 c\u1ea5u tr\u00fac gluten m\u1ea1nh m\u1ebd, gi\u00fap b\u1ed9t c\u00f3 kh\u1ea3 n\u0103ng h\u1ea5p th\u1ee5 n\u01b0\u1edbc t\u1ed1t v\u00e0 t\u1ea1o \u0111\u1ed9 dai r\u00f5 r\u1ec7t khi ch\u1ebf bi\u1ebfn.<\/p>\n<p><img decoding=\"async\" class=\"aligncenter\" src=\"https:\/\/instagram.fsgn19-1.fna.fbcdn.net\/v\/t39.30808-6\/490107356_1223752683084845_3808243227505448100_n.jpg?stp=cp6_dst-jpg_e35_tt6&amp;_nc_cat=103&amp;ig_cache_key=MzYwOTA1MDkyNDY1MzA4MTIzOQ%3D%3D.3-ccb7-5&amp;ccb=7-5&amp;_nc_sid=58cdad&amp;efg=eyJ2ZW5jb2RlX3RhZyI6InhwaWRzLjIwNDh4MjA0OC5zZHIuQzMifQ%3D%3D&amp;_nc_ohc=g723BjROOHEQ7kNvwEXmWe0&amp;_nc_oc=AdqX1wzrUVBM03vgMTRDZvbu8jIn765lx8HbkiVZEfuV4_z1CjBJoKuNNpKyU8vFTRC6GxmW82yq16UdBkQPjXKv&amp;_nc_ad=z-m&amp;_nc_cid=0&amp;_nc_zt=23&amp;_nc_ht=instagram.fsgn19-1.fna&amp;_nc_gid=n3h8wcNERysAhb9sJZZGgA&amp;_nc_ss=7a32e&amp;oh=00_Af0CDjmUwRv30ugnEsgwSzc-2dDb1YBthpCYbk93CuwWQQ&amp;oe=69D64167\" width=\"803\" height=\"803\" \/><\/p>\n<p>Do \u0111\u01b0\u1ee3c l\u00e0m t\u1eeb ph\u1ea7n n\u1ed9i nh\u0169 c\u1ee7a h\u1ea1t l\u00faa m\u00ec Durum, b\u1ed9t ch\u1ee9a nhi\u1ec1u h\u1ee3p ch\u1ea5t carotenoid t\u1ea1o m\u00e0u v\u00e0ng nh\u1ea1t t\u1ef1 nhi\u00ean, \u0111\u1ed3ng th\u1eddi cung c\u1ea5p ngu\u1ed3n n\u0103ng l\u01b0\u1ee3ng b\u1ec1n b\u1ec9 v\u00e0 h\u00e0m l\u01b0\u1ee3ng ch\u1ea5t x\u01a1 d\u1ed3i d\u00e0o, mang l\u1ea1i c\u1ea3m gi\u00e1c no l\u00e2u v\u00e0 t\u1ed1t cho h\u1ec7 ti\u00eau h\u00f3a. C\u00e1c m\u00f3n \u0103n l\u00e0m t\u1eeb Semolina xay m\u1ecbn lu\u00f4n gi\u1eef \u0111\u01b0\u1ee3c c\u1ea5u tr\u00fac \u1ed5n \u0111\u1ecbnh, kh\u00f4ng b\u1ecb b\u1edf n\u00e1t d\u00f9 l\u00e0 m\u00ec s\u1ee3i t\u01b0\u01a1i hay c\u00e1c lo\u1ea1i b\u00e1nh c\u1ea7n gi\u1eef form khi n\u01b0\u1edbng.<\/p>\n<p><img decoding=\"async\" class=\"aligncenter\" src=\"https:\/\/havamall.com\/wp-content\/uploads\/2026\/04\/theperfectloaf_what_is_durum_flour.jpg\" alt=\"What Is Durum Flour? | The Perfect Loaf\" width=\"800\" height=\"533\" \/><\/p>\n<p data-start=\"1703\" data-end=\"2134\">Trong l\u00e0m m\u00ec t\u01b0\u01a1i,\u00a0semolina t\u1eeb l\u00faa m\u00ec c\u1ee9ng th\u01b0\u1eddng c\u00f3 kh\u1ea3 n\u0103ng h\u1ea5p th\u1ee5 n\u01b0\u1edbc t\u1ed1t h\u01a1n, gi\u00fap ki\u1ec3m so\u00e1t c\u1ea5u tr\u00fac b\u1ed9t trong qu\u00e1 tr\u00ecnh nh\u00e0o v\u00e0 l\u00ean men, b\u1ed9t t\u1ea1o n\u00ean s\u1ee3i m\u00ec c\u00f3 \u0111\u1ed9 dai r\u00f5 r\u1ec7t, gi\u1eef \u0111\u01b0\u1ee3c c\u1ea5u tr\u00fac khi lu\u1ed9c m\u00e0 kh\u00f4ng b\u1ecb b\u1edf. Trong c\u00e1c lo\u1ea1i b\u00e1nh m\u00ec ki\u1ec3u \u00dd, semolina g\u00f3p ph\u1ea7n t\u1ea1o n\u00ean l\u1edbp v\u1ecf gi\u00f2n nh\u1eb9 b\u00ean ngo\u00e0i trong khi b\u00ean trong v\u1eabn gi\u1eef \u0111\u01b0\u1ee3c \u0111\u1ed9 m\u1ec1m v\u00e0 x\u1ed1p. V\u1edbi pizza ho\u1eb7c focaccia, vi\u1ec7c k\u1ebft h\u1ee3p semolina gi\u00fap \u0111\u1ebf b\u00e1nh c\u00f3 th\u00eam \u0111\u1ed9 gi\u00f2n v\u00e0 h\u01b0\u01a1ng v\u1ecb \u0111\u1eadm h\u01a1n so v\u1edbi khi ch\u1ec9 d\u00f9ng b\u1ed9t m\u00ec th\u00f4ng th\u01b0\u1eddng.<\/p>\n<p data-start=\"1703\" data-end=\"2134\"><img loading=\"lazy\" decoding=\"async\" class=\"aligncenter\" src=\"https:\/\/havamall.com\/wp-content\/uploads\/2026\/04\/MARYAM2520JILLANI_Nankhatai_0666.jpg\" alt=\"Semolina Flour Recipes &amp; Menu Ideas | Epicurious\" width=\"801\" height=\"801\" \/><\/p>\n<p data-start=\"2136\" data-end=\"2525\">Kh\u00f4ng ch\u1ec9 d\u1eebng l\u1ea1i \u1edf c\u00e1c m\u00f3n m\u1eb7n, semolina c\u00f2n xu\u1ea5t hi\u1ec7n trong nhi\u1ec1u c\u00f4ng th\u1ee9c b\u00e1nh ng\u1ecdt truy\u1ec1n th\u1ed1ng, \u0111\u1eb7c bi\u1ec7t \u1edf c\u00e1c v\u00f9ng Nam \u00c2u v\u00e0 Trung \u0110\u00f4ng. Khi n\u1ea5u c\u00f9ng s\u1eefa ho\u1eb7c siro, semolina t\u1ea1o n\u00ean nh\u1eefng m\u00f3n tr\u00e1ng mi\u1ec7ng c\u00f3 k\u1ebft c\u1ea5u m\u1ecbn, h\u01a1i \u0111\u1eb7c, mang v\u1ecb b\u00f9i nh\u1eb9 \u0111\u1eb7c tr\u01b0ng. S\u1ef1 linh ho\u1ea1t n\u00e0y khi\u1ebfn lo\u1ea1i b\u1ed9t tr\u1edf th\u00e0nh m\u1ed9t nguy\u00ean li\u1ec7u n\u1ec1n t\u1ea3ng, c\u00f3 th\u1ec3 th\u00edch nghi v\u1edbi nhi\u1ec1u phong c\u00e1ch \u1ea9m th\u1ef1c kh\u00e1c nhau.<\/p>\n<p data-start=\"2136\" data-end=\"2525\"><img loading=\"lazy\" decoding=\"async\" class=\"aligncenter\" src=\"https:\/\/havamall.com\/wp-content\/uploads\/2026\/04\/Semolina-Porridge-Recipe.jpg\" alt=\"Semolina Porridge - Ugly Vegan Kitchen\" width=\"800\" height=\"1067\" \/><\/p>\n<p data-start=\"3179\" data-end=\"3395\">T\u1eeb nh\u1eefng s\u1ee3i pasta \u0111\u01a1n gi\u1ea3n cho \u0111\u1ebfn nh\u1eefng \u1ed5 b\u00e1nh m\u00ec n\u01b0\u1edbng v\u00e0ng, semolina lu\u00f4n gi\u1eef m\u1ed9t vai tr\u00f2 \u00e2m th\u1ea7m nh\u01b0ng quan tr\u1ecdng. Kh\u00f4ng ph\u00f4 tr\u01b0\u01a1ng, nh\u01b0ng l\u1ea1i l\u00e0 n\u1ec1n t\u1ea3ng \u0111\u1ec3 nhi\u1ec1u m\u00f3n \u0103n \u0111\u1ea1t \u0111\u1ebfn \u0111\u00fang k\u1ebft c\u1ea5u v\u00e0 h\u01b0\u01a1ng v\u1ecb v\u1ed1n c\u00f3, hi\u1ec7n \u0111ang \u0111\u01b0\u1ee3c b\u00e1n t\u1ea1i Havamall, chuy\u00ean nh\u1eadp kh\u1ea9u, cam k\u1ebft h\u00e0ng ch\u00ednh h\u00e3ng.<\/p>","protected":false},"excerpt":{"rendered":"<p>TH\u00d4NG TIN S\u1ea2N PH\u1ea8M Th\u01b0\u01a1ng hi\u1ec7u Molino Casillo Xu\u1ea5t x\u1ee9 \u00dd (Italy) Th\u00e0nh ph\u1ea7n 100% n\u1ed9i nh\u0169 l\u00faa m\u00ec c\u1ee9ng<\/p>","protected":false},"featured_media":44922,"comment_status":"open","ping_status":"closed","template":"","meta":[],"product_brand":[],"product_cat":[255,672],"product_tag":[],"class_list":{"0":"post-44921","1":"product","2":"type-product","3":"status-publish","4":"has-post-thumbnail","6":"product_cat-nguyen-lieu-lam-banh","7":"product_cat-nhap-khau-y","9":"first","10":"instock","11":"sale","12":"shipping-taxable","13":"purchasable","14":"product-type-simple"},"_links":{"self":[{"href":"https:\/\/havamall.vn\/en\/wp-json\/wp\/v2\/product\/44921"}],"collection":[{"href":"https:\/\/havamall.vn\/en\/wp-json\/wp\/v2\/product"}],"about":[{"href":"https:\/\/havamall.vn\/en\/wp-json\/wp\/v2\/types\/product"}],"replies":[{"embeddable":true,"href":"https:\/\/havamall.vn\/en\/wp-json\/wp\/v2\/comments?post=44921"}],"version-history":[{"count":0,"href":"https:\/\/havamall.vn\/en\/wp-json\/wp\/v2\/product\/44921\/revisions"}],"wp:featuredmedia":[{"embeddable":true,"href":"https:\/\/havamall.vn\/en\/wp-json\/wp\/v2\/media\/44922"}],"wp:attachment":[{"href":"https:\/\/havamall.vn\/en\/wp-json\/wp\/v2\/media?parent=44921"}],"wp:term":[{"taxonomy":"product_brand","embeddable":true,"href":"https:\/\/havamall.vn\/en\/wp-json\/wp\/v2\/product_brand?post=44921"},{"taxonomy":"product_cat","embeddable":true,"href":"https:\/\/havamall.vn\/en\/wp-json\/wp\/v2\/product_cat?post=44921"},{"taxonomy":"product_tag","embeddable":true,"href":"https:\/\/havamall.vn\/en\/wp-json\/wp\/v2\/product_tag?post=44921"}],"curies":[{"name":"wp","href":"https:\/\/api.w.org\/{rel}","templated":true}]}}