{"id":44904,"date":"2026-04-02T13:56:19","date_gmt":"2026-04-02T06:56:19","guid":{"rendered":"https:\/\/havamall.vn\/?post_type=product&#038;p=44904"},"modified":"2026-04-02T13:59:57","modified_gmt":"2026-04-02T06:59:57","slug":"trung-ca-chuon-xanh-la-tobiko-frozen-seasoned-flying-fish-roe-green-tobiko","status":"publish","type":"product","link":"https:\/\/havamall.vn\/en\/shop\/trung-ca-chuon-xanh-la-tobiko-frozen-seasoned-flying-fish-roe-green-tobiko\/","title":{"rendered":"Tr\u1ee9ng C\u00e1 Chu\u1ed3n Xanh L\u00e1 Tobiko \u2013 Frozen Seasoned Flying Fish Roe (Green Tobiko)"},"content":{"rendered":"<h2 data-section-id=\"1ak2r85\" data-start=\"184\" data-end=\"209\"><span role=\"text\"><strong data-start=\"187\" data-end=\"209\">TH\u00d4NG TIN S\u1ea2N PH\u1ea8M<\/strong><\/span><\/h2>\n<table data-path-to-node=\"1\">\n<tbody>\n<tr>\n<td><span data-path-to-node=\"1,1,0,0\">Th\u01b0\u01a1ng hi\u1ec7u<\/span><\/td>\n<td><span data-path-to-node=\"1,1,1,0\">East Ocean<\/span><\/td>\n<\/tr>\n<tr>\n<td><span data-path-to-node=\"1,2,0,0\">Xu\u1ea5t x\u1ee9<\/span><\/td>\n<td><span data-path-to-node=\"1,2,1,0\">Trung Qu\u1ed1c<\/span><\/td>\n<\/tr>\n<tr>\n<td><span data-path-to-node=\"1,3,0,0\">Th\u00e0nh ph\u1ea7n<\/span><\/td>\n<td><span data-path-to-node=\"1,3,1,0\">Tr\u1ee9ng c\u00e1 chu\u1ed3n, n\u01b0\u1edbc t\u01b0\u01a1ng, mu\u1ed1i, \u0111\u01b0\u1eddng, d\u1ea7u m\u00f9 t\u1ea1t, m\u00e0u th\u1ef1c ph\u1ea9m<\/span><\/td>\n<\/tr>\n<tr>\n<td><span data-path-to-node=\"1,4,0,0\">H\u1ea1n s\u1eed d\u1ee5ng<\/span><\/td>\n<td><span data-path-to-node=\"1,4,1,0\">24 th\u00e1ng k\u1ec3 t\u1eeb ng\u00e0y s\u1ea3n xu\u1ea5t<\/span><\/td>\n<\/tr>\n<tr>\n<td><span data-path-to-node=\"1,5,0,0\">B\u1ea3o qu\u1ea3n<\/span><\/td>\n<td><span data-path-to-node=\"1,5,1,0\">Ng\u0103n \u0111\u00f4ng t\u1ee7 l\u1ea1nh (-18\u00b0C)<\/span><\/td>\n<\/tr>\n<tr>\n<td><span data-path-to-node=\"1,6,0,0\">Kh\u1ed1i l\u01b0\u1ee3ng<\/span><\/td>\n<td><span data-path-to-node=\"1,6,1,0\">50g ho\u1eb7c 500g<\/span><\/td>\n<\/tr>\n<\/tbody>\n<\/table>\n<p data-start=\"911\" data-end=\"1328\">Tobiko v\u1ed1n l\u00e0 tr\u1ee9ng c\u1ee7a c\u00e1 chu\u1ed3n, m\u1ed9t lo\u1ea1i c\u00e1 bi\u1ec3n n\u1ed5i ti\u1ebfng v\u1edbi kh\u1ea3 n\u0103ng \u201cl\u01b0\u1edbt\u201d tr\u00ean m\u1eb7t n\u01b0\u1edbc. Trong \u1ea9m th\u1ef1c Nh\u1eadt B\u1ea3n, tr\u1ee9ng c\u00e1 chu\u1ed3n \u0111\u01b0\u1ee3c \u01b0a chu\u1ed9ng nh\u1edd k\u00edch th\u01b0\u1edbc h\u1ea1t v\u1eeba ph\u1ea3i, kh\u00f4ng qu\u00e1 nh\u1ecf nh\u01b0 masago nh\u01b0ng c\u0169ng kh\u00f4ng qu\u00e1 l\u1edbn, t\u1ea1o n\u00ean c\u1ea3m gi\u00e1c gi\u00f2n nh\u1eb9 r\u1ea5t ri\u00eang khi th\u01b0\u1edfng th\u1ee9c. Khi \u0111\u01b0\u1ee3c ch\u1ebf bi\u1ebfn v\u00e0 t\u1ea9m gia v\u1ecb, tobiko tr\u1edf th\u00e0nh m\u1ed9t nguy\u00ean li\u1ec7u quen thu\u1ed9c trong c\u00e1c m\u00f3n sushi, \u0111\u1eb7c bi\u1ec7t l\u00e0 nh\u1eefng bi\u1ebfn t\u1ea5u hi\u1ec7n \u0111\u1ea1i.<\/p>\n<p data-start=\"911\" data-end=\"1328\"><img fetchpriority=\"high\" decoding=\"async\" class=\"aligncenter\" src=\"https:\/\/upload.wikimedia.org\/wikipedia\/commons\/0\/09\/Tobiko_green.jpg\" alt=\"File:Tobiko green.jpg - Wikimedia Commons\" width=\"800\" height=\"600\" \/><\/p>\n<p data-start=\"1330\" data-end=\"1778\">Phi\u00ean b\u1ea3n tobiko xanh th\u01b0\u1eddng \u0111\u01b0\u1ee3c t\u1ea1o m\u00e0u v\u00e0 k\u1ebft h\u1ee3p c\u00f9ng h\u01b0\u01a1ng v\u1ecb wasabi ho\u1eb7c c\u00e1c y\u1ebfu t\u1ed1 t\u1ea1o c\u1ea3m gi\u00e1c t\u01b0\u01a1i m\u00e1t. S\u1eafc xanh s\u00e1ng kh\u00f4ng ch\u1ec9 mang t\u00ednh trang tr\u00ed m\u00e0 c\u00f2n g\u1ee3i li\u00ean t\u01b0\u1edfng \u0111\u1ebfn v\u1ecb thanh v\u00e0 h\u01a1i cay nh\u1eb9, gi\u00fap c\u00e2n b\u1eb1ng t\u1ed5ng th\u1ec3 m\u00f3n \u0103n khi \u0111i c\u00f9ng c\u00e1c th\u00e0nh ph\u1ea7n b\u00e9o nh\u01b0 mayonnaise ho\u1eb7c c\u00e1 h\u1ed3i. Ch\u00ednh s\u1ef1 k\u1ebft h\u1ee3p gi\u1eefa m\u00e0u s\u1eafc v\u00e0 h\u01b0\u01a1ng v\u1ecb n\u00e0y khi\u1ebfn tobiko xanh th\u01b0\u1eddng xu\u1ea5t hi\u1ec7n trong c\u00e1c m\u00f3n sushi fusion, n\u01a1i y\u1ebfu t\u1ed1 s\u00e1ng t\u1ea1o \u0111\u01b0\u1ee3c \u0111\u1eb7t l\u00ean h\u00e0ng \u0111\u1ea7u.\u00a0Khi th\u01b0\u1edfng th\u1ee9c, t\u1eebng h\u1ea1t tobiko nh\u1ecf t\u1ea1o n\u00ean c\u1ea3m gi\u00e1c v\u1ee1 nh\u1eb9 n\u01a1i \u0111\u1ea7u l\u01b0\u1ee1i, mang theo v\u1ecb m\u1eb7n ng\u1ecdt h\u00e0i h\u00f2a c\u00f9ng ch\u00fat h\u01b0\u01a1ng bi\u1ec3n \u0111\u1eb7c tr\u01b0ng.<\/p>\n<p data-start=\"1330\" data-end=\"1778\"><img decoding=\"async\" class=\"aligncenter\" src=\"https:\/\/piazzaseafood.com\/wp-content\/uploads\/2017\/11\/bigstock-Green-tobiko-234488335.jpg\" alt=\"Tobiko - Green | Piazza Seafood | Wholesale Seafood Distributors | New Orleans, LA\" width=\"802\" height=\"535\" \/><\/p>\n<p data-start=\"2092\" data-end=\"2578\">Trong c\u00e1ch s\u1eed d\u1ee5ng, tobiko xanh th\u01b0\u1eddng \u0111\u01b0\u1ee3c ph\u1ee7 l\u00ean c\u00e1c lo\u1ea1i sushi roll, \u0111\u1eb7c bi\u1ec7t l\u00e0 nh\u1eefng cu\u1ed9n sushi c\u00f3 s\u1ed1t ho\u1eb7c nguy\u00ean li\u1ec7u b\u00e9o \u0111\u1ec3 t\u1ea1o s\u1ef1 c\u00e2n b\u1eb1ng. Ngo\u00e0i ra, lo\u1ea1i tr\u1ee9ng c\u00e1 n\u00e0y c\u00f2n \u0111\u01b0\u1ee3c d\u00f9ng trong salad h\u1ea3i s\u1ea3n, c\u01a1m tr\u1ed9n ho\u1eb7c c\u00e1c m\u00f3n khai v\u1ecb ki\u1ec3u Nh\u1eadt \u2013 n\u01a1i m\u00e0u s\u1eafc \u0111\u00f3ng vai tr\u00f2 quan tr\u1ecdng trong vi\u1ec7c t\u1ea1o \u1ea5n t\u01b0\u1ee3ng ban \u0111\u1ea7u. Khi tr\u1ed9n c\u00f9ng s\u1ed1t mayonnaise, tobiko xanh t\u1ea1o n\u00ean m\u1ed9t h\u1ed7n h\u1ee3p v\u1eeba b\u00e9o v\u1eeba gi\u00f2n, th\u01b0\u1eddng \u0111\u01b0\u1ee3c d\u00f9ng trong c\u00e1c m\u00f3n sushi n\u01b0\u1edbng ho\u1eb7c c\u00e1c m\u00f3n \u0103n mang phong c\u00e1ch fusion.<\/p>\n<p data-start=\"2092\" data-end=\"2578\"><img decoding=\"async\" class=\"aligncenter\" src=\"https:\/\/external-preview.redd.it\/i-love-wasabi-tobiko-sushi-v0--KNauV-eLIhQ7Fv-BRrJGlSKaKXKhqe-D8xo2np3ubU.jpg?auto=webp&amp;s=22e9057579882526998f2295b39ba7783c95a739\" alt=\"I love Wasabi-Tobiko sushi! : r\/sushi\" width=\"800\" height=\"1035\" \/><\/p>\n<p data-start=\"2580\" data-end=\"2863\">Kh\u00f4ng ch\u1ec9 d\u1eebng l\u1ea1i \u1edf \u1ea9m th\u1ef1c Nh\u1eadt, tobiko xanh c\u00f2n xu\u1ea5t hi\u1ec7n trong nhi\u1ec1u s\u00e1ng t\u1ea1o hi\u1ec7n \u0111\u1ea1i, t\u1eeb pasta ki\u1ec3u Nh\u1eadt cho \u0111\u1ebfn c\u00e1c m\u00f3n \u0103n k\u1ebft h\u1ee3p \u00c1 \u2013 \u00c2u. S\u1ef1 linh ho\u1ea1t n\u00e0y \u0111\u1ebfn t\u1eeb ch\u00ednh \u0111\u1eb7c \u0111i\u1ec3m c\u1ee7a tobiko: nh\u1ecf g\u1ecdn, d\u1ec5 s\u1eed d\u1ee5ng v\u00e0 lu\u00f4n t\u1ea1o \u0111\u01b0\u1ee3c \u0111i\u1ec3m nh\u1ea5n r\u00f5 r\u00e0ng d\u00f9 ch\u1ec9 d\u00f9ng m\u1ed9t l\u01b0\u1ee3ng v\u1eeba ph\u1ea3i.<\/p>\n<p data-start=\"2865\" data-end=\"3130\"><img loading=\"lazy\" decoding=\"async\" class=\"aligncenter\" src=\"https:\/\/havamall.com\/wp-content\/uploads\/2026\/04\/IMG_0527.jpg\" alt=\"cooked with citrus\" width=\"802\" height=\"602\" \/><\/p>\n<p data-start=\"3132\" data-end=\"3375\">M\u1ed9t h\u1ed9p tobiko xanh, t\u01b0\u1edfng ch\u1eebng ch\u1ec9 l\u00e0 m\u1ed9t nguy\u00ean li\u1ec7u ph\u1ee5, nh\u01b0ng l\u1ea1i m\u1edf ra r\u1ea5t nhi\u1ec1u kh\u1ea3 n\u0103ng s\u00e1ng t\u1ea1o trong gian b\u1ebfp. T\u1eeb nh\u1eefng cu\u1ed9n sushi quen thu\u1ed9c cho \u0111\u1ebfn c\u00e1c bi\u1ebfn t\u1ea5u m\u1edbi m\u1ebb, m\u1ed7i h\u1ea1t nh\u1ecf \u0111\u1ec1u g\u00f3p ph\u1ea7n t\u1ea1o n\u00ean m\u1ed9t tr\u1ea3i nghi\u1ec7m tr\u1ecdn v\u1eb9n h\u01a1n.\u00a0Hi\u1ec7n \u0111ang \u0111\u01b0\u1ee3c b\u00e1n t\u1ea1i Havamall, chuy\u00ean nh\u1eadp kh\u1ea9u, cam k\u1ebft h\u00e0ng ch\u00ednh h\u00e3ng.<\/p>","protected":false},"excerpt":{"rendered":"<p>TH\u00d4NG TIN S\u1ea2N PH\u1ea8M Th\u01b0\u01a1ng hi\u1ec7u East Ocean Xu\u1ea5t x\u1ee9 Trung Qu\u1ed1c Th\u00e0nh ph\u1ea7n Tr\u1ee9ng c\u00e1 chu\u1ed3n, n\u01b0\u1edbc t\u01b0\u01a1ng, mu\u1ed1i,<\/p>","protected":false},"featured_media":44907,"comment_status":"open","ping_status":"closed","template":"","meta":[],"product_brand":[],"product_cat":[674,275],"product_tag":[],"class_list":{"0":"post-44904","1":"product","2":"type-product","3":"status-publish","4":"has-post-thumbnail","6":"product_cat-nhap-khau-trung-quoc","7":"product_cat-thuc-pham-dong-lanh","9":"first","10":"instock","11":"sale","12":"shipping-taxable","13":"purchasable","14":"product-type-variable"},"_links":{"self":[{"href":"https:\/\/havamall.vn\/en\/wp-json\/wp\/v2\/product\/44904"}],"collection":[{"href":"https:\/\/havamall.vn\/en\/wp-json\/wp\/v2\/product"}],"about":[{"href":"https:\/\/havamall.vn\/en\/wp-json\/wp\/v2\/types\/product"}],"replies":[{"embeddable":true,"href":"https:\/\/havamall.vn\/en\/wp-json\/wp\/v2\/comments?post=44904"}],"version-history":[{"count":0,"href":"https:\/\/havamall.vn\/en\/wp-json\/wp\/v2\/product\/44904\/revisions"}],"wp:featuredmedia":[{"embeddable":true,"href":"https:\/\/havamall.vn\/en\/wp-json\/wp\/v2\/media\/44907"}],"wp:attachment":[{"href":"https:\/\/havamall.vn\/en\/wp-json\/wp\/v2\/media?parent=44904"}],"wp:term":[{"taxonomy":"product_brand","embeddable":true,"href":"https:\/\/havamall.vn\/en\/wp-json\/wp\/v2\/product_brand?post=44904"},{"taxonomy":"product_cat","embeddable":true,"href":"https:\/\/havamall.vn\/en\/wp-json\/wp\/v2\/product_cat?post=44904"},{"taxonomy":"product_tag","embeddable":true,"href":"https:\/\/havamall.vn\/en\/wp-json\/wp\/v2\/product_tag?post=44904"}],"curies":[{"name":"wp","href":"https:\/\/api.w.org\/{rel}","templated":true}]}}