{"id":44896,"date":"2026-04-02T12:04:10","date_gmt":"2026-04-02T05:04:10","guid":{"rendered":"https:\/\/havamall.vn\/?post_type=product&#038;p=44896"},"modified":"2026-04-02T12:04:13","modified_gmt":"2026-04-02T05:04:13","slug":"trung-ca-chuon-den-tobiko-frozen-seasoned-flying-fish-roe-black-tobiko","status":"publish","type":"product","link":"https:\/\/havamall.vn\/en\/shop\/trung-ca-chuon-den-tobiko-frozen-seasoned-flying-fish-roe-black-tobiko\/","title":{"rendered":"Tr\u1ee9ng C\u00e1 Chu\u1ed3n \u0110en Tobiko \u2013 Frozen Seasoned Flying Fish Roe (Black Tobiko)"},"content":{"rendered":"<h2 data-section-id=\"1ak2r85\" data-start=\"184\" data-end=\"209\"><span role=\"text\"><strong data-start=\"187\" data-end=\"209\">TH\u00d4NG TIN S\u1ea2N PH\u1ea8M<\/strong><\/span><\/h2>\n<table data-path-to-node=\"1\">\n<tbody>\n<tr>\n<td><span data-path-to-node=\"1,1,0,0\">Th\u01b0\u01a1ng hi\u1ec7u<\/span><\/td>\n<td><span data-path-to-node=\"1,1,1,0\">East Ocean<\/span><\/td>\n<\/tr>\n<tr>\n<td><span data-path-to-node=\"1,2,0,0\">Xu\u1ea5t x\u1ee9<\/span><\/td>\n<td><span data-path-to-node=\"1,2,1,0\">Trung Qu\u1ed1c<\/span><\/td>\n<\/tr>\n<tr>\n<td><span data-path-to-node=\"1,3,0,0\">Th\u00e0nh ph\u1ea7n<\/span><\/td>\n<td><span data-path-to-node=\"1,3,1,0\">Tr\u1ee9ng c\u00e1 chu\u1ed3n, n\u01b0\u1edbc t\u01b0\u01a1ng, mu\u1ed1i, \u0111\u01b0\u1eddng, d\u1ea7u m\u00f9 t\u1ea1t, m\u00e0u th\u1ef1c ph\u1ea9m<\/span><\/td>\n<\/tr>\n<tr>\n<td><span data-path-to-node=\"1,4,0,0\">H\u1ea1n s\u1eed d\u1ee5ng<\/span><\/td>\n<td><span data-path-to-node=\"1,4,1,0\">24 th\u00e1ng k\u1ec3 t\u1eeb ng\u00e0y s\u1ea3n xu\u1ea5t<\/span><\/td>\n<\/tr>\n<tr>\n<td><span data-path-to-node=\"1,5,0,0\">B\u1ea3o qu\u1ea3n<\/span><\/td>\n<td><span data-path-to-node=\"1,5,1,0\">Ng\u0103n \u0111\u00f4ng t\u1ee7 l\u1ea1nh (-18\u00b0C)<\/span><\/td>\n<\/tr>\n<tr>\n<td><span data-path-to-node=\"1,6,0,0\">Kh\u1ed1i l\u01b0\u1ee3ng<\/span><\/td>\n<td><span data-path-to-node=\"1,6,1,0\">50g ho\u1eb7c 500g<\/span><\/td>\n<\/tr>\n<\/tbody>\n<\/table>\n<p>Xu\u1ea5t hi\u1ec7n ph\u1ed5 bi\u1ebfn trong c\u00e1c m\u00f3n sushi v\u00e0 sashimi, tobiko t\u1eeb l\u00e2u \u0111\u00e3 tr\u1edf th\u00e0nh m\u1ed9t ph\u1ea7n quen thu\u1ed9c trong \u1ea9m th\u1ef1c Nh\u1eadt hi\u1ec7n \u0111\u1ea1i. Nh\u1eefng h\u1ea1t tr\u1ee9ng nh\u1ecf li ti, c\u00f3 k\u00edch th\u01b0\u1edbc l\u1edbn t\u1eeb 0.5 \u0111\u1ebfn 0.8mm h\u01a1n masago nh\u01b0ng v\u1eabn gi\u1eef \u0111\u01b0\u1ee3c \u0111\u1ed9 m\u1ecbn \u0111\u1eb7c tr\u01b0ng, mang l\u1ea1i c\u1ea3m gi\u00e1c \u201cn\u1ed5 nh\u1eb9\u201d khi c\u1eafn \u2013 m\u1ed9t \u0111i\u1ec3m th\u00fa v\u1ecb khi\u1ebfn lo\u1ea1i nguy\u00ean li\u1ec7u n\u00e0y lu\u00f4n \u0111\u01b0\u1ee3c \u01b0a chu\u1ed9ng.<\/p>\n<p><img fetchpriority=\"high\" decoding=\"async\" class=\"wp-image-45660\" src=\"https:\/\/havamall.com\/wp-content\/uploads\/2026\/04\/caviar_black_on_spoon-scaled-1.jpg\" alt=\"\" width=\"800\" height=\"800\" \/><\/p>\n<p>Phi\u00ean b\u1ea3n tobiko \u0111en th\u01b0\u1eddng \u0111\u01b0\u1ee3c t\u1ea1o m\u00e0u t\u1eeb c\u00e1c th\u00e0nh ph\u1ea7n t\u1ef1 nhi\u00ean ho\u1eb7c ph\u1ea9m m\u00e0u th\u1ef1c ph\u1ea9m, mang l\u1ea1i s\u1eafc \u0111en b\u00f3ng \u0111\u1eb7c tr\u01b0ng, t\u1ea1o \u0111\u1ed9 t\u01b0\u01a1ng ph\u1ea3n r\u00f5 r\u1ec7t khi k\u1ebft h\u1ee3p c\u00f9ng c\u01a1m tr\u1eafng ho\u1eb7c c\u00e1c nguy\u00ean li\u1ec7u s\u00e1ng m\u00e0u.\u00a0Khi th\u01b0\u1edfng th\u1ee9c, tobiko mang v\u1ecb m\u1eb7n nh\u1eb9 pha ch\u00fat ng\u1ecdt, xen l\u1eabn h\u01b0\u01a1ng bi\u1ec3n \u0111\u1eb7c tr\u01b0ng nh\u01b0ng kh\u00f4ng qu\u00e1 tanh. K\u1ebft c\u1ea5u gi\u00f2n nh\u1eb9, khi c\u1eafn t\u1ea1o c\u1ea3m gi\u00e1c v\u1ee1 l\u00e1ch t\u00e1ch r\u1ea5t \u0111\u1eb7c tr\u01b0ng, kh\u00e1c bi\u1ec7t ho\u00e0n to\u00e0n so v\u1edbi nhi\u1ec1u lo\u1ea1i tr\u1ee9ng c\u00e1 kh\u00e1c.<\/p>\n<p><img decoding=\"async\" class=\"aligncenter\" src=\"https:\/\/havamall.com\/wp-content\/uploads\/2026\/04\/8126Kk9cnHL.jpg\" alt=\"Black Tobiko - Frozen Flying Fish Roe - (2 Oz) \u2013 Groceryeshop\" width=\"800\" height=\"533\" \/><\/p>\n<p data-start=\"1934\" data-end=\"2356\">Tobiko th\u01b0\u1eddng xu\u1ea5t hi\u1ec7n nhi\u1ec1u nh\u1ea5t trong sushi, \u0111\u1eb7c bi\u1ec7t l\u00e0 c\u00e1c lo\u1ea1i gunkan ho\u1eb7c roll hi\u1ec7n \u0111\u1ea1i. Khi \u0111\u01b0\u1ee3c ph\u1ee7 l\u00ean tr\u00ean l\u1edbp c\u01a1m, t\u1eebng h\u1ea1t tr\u1ee9ng t\u1ea1o n\u00ean m\u1ed9t l\u1edbp topping b\u1eaft m\u1eaft, \u0111\u1ed3ng th\u1eddi b\u1ed5 sung th\u00eam \u0111\u1ed9 gi\u00f2n v\u00e0 v\u1ecb m\u1eb7n nh\u1eb9 \u0111\u1ec3 c\u00e2n b\u1eb1ng t\u1ed5ng th\u1ec3. Ngo\u00e0i ra, tobiko c\u00f2n \u0111\u01b0\u1ee3c d\u00f9ng trong c\u00e1c m\u00f3n salad h\u1ea3i s\u1ea3n, c\u01a1m tr\u1ed9n ho\u1eb7c pasta ki\u1ec3u Nh\u1eadt, n\u01a1i s\u1ef1 k\u1ebft h\u1ee3p gi\u1eefa nguy\u00ean li\u1ec7u \u00c1 \u2013 \u00c2u t\u1ea1o n\u00ean nh\u1eefng bi\u1ebfn t\u1ea5u th\u00fa v\u1ecb.<\/p>\n<p data-start=\"1934\" data-end=\"2356\">Kh\u00f4ng ch\u1ec9 d\u1eebng l\u1ea1i \u1edf vai tr\u00f2 topping, tobiko c\u00f2n c\u00f3 th\u1ec3 \u0111\u01b0\u1ee3c tr\u1ed9n c\u00f9ng s\u1ed1t mayonnaise \u0111\u1ec3 t\u1ea1o th\u00e0nh m\u1ed9t lo\u1ea1i s\u1ed1t b\u00e9o \u2013 m\u1eb7n \u2013 gi\u00f2n nh\u1eb9, th\u01b0\u1eddng d\u00f9ng k\u00e8m sushi n\u01b0\u1edbng ho\u1eb7c c\u00e1c m\u00f3n fusion.<\/p>\n<p data-start=\"1934\" data-end=\"2356\"><img decoding=\"async\" class=\"aligncenter\" src=\"https:\/\/havamall.com\/wp-content\/uploads\/2026\/04\/caviar5-1024x1024.jpg\" alt=\"tobiko Archives - Taste With The Eyes\" width=\"800\" height=\"800\" \/><\/p>\n<p data-start=\"1934\" data-end=\"2356\">V\u1ec1 ph\u01b0\u01a1ng di\u1ec7n dinh d\u01b0\u1ee1ng, lo\u1ea1i tr\u1ee9ng c\u00e1 nh\u1ecf b\u00e9 n\u00e0y th\u1ef1c ch\u1ea5t l\u00e0 m\u1ed9t kho t\u00e0ng d\u01b0\u1ee1ng ch\u1ea5t d\u1ed3i d\u00e0o v\u1edbi h\u00e0m l\u01b0\u1ee3ng cao c\u00e1c axit b\u00e9o Omega-3 h\u1ed7 tr\u1ee3 s\u1ee9c kh\u1ecfe tim m\u1ea1ch, c\u00f9ng l\u01b0\u1ee3ng protein ch\u1ea5t l\u01b0\u1ee3ng cao v\u00e0 c\u00e1c vitamin thi\u1ebft y\u1ebfu gi\u00fap b\u1ed5 sung n\u0103ng l\u01b0\u1ee3ng s\u1ea1ch cho c\u01a1 th\u1ec3 m\u1ed7i ng\u00e0y.<\/p>\n<p data-start=\"1934\" data-end=\"2356\"><img loading=\"lazy\" decoding=\"async\" class=\"aligncenter\" src=\"https:\/\/havamall.com\/wp-content\/uploads\/2026\/04\/flying-black-fish-roe.jpg\" alt=\"Black Flying Tobiko Fish Roe Egg, 1kg, Packaging Type: Box at \u20b9 2600\/pack  in New Delhi\" width=\"800\" height=\"800\" \/><\/p>\n<p data-start=\"2358\" data-end=\"2691\">East Ocean kh\u00f4ng ch\u1ec9 mang \u0111\u1ebfn m\u1ed9t lo\u1ea1i th\u1ef1c ph\u1ea9m, m\u00e0 c\u00f2n mang \u0111\u1ebfn m\u1ed9t tr\u1ea3i nghi\u1ec7m v\u0103n h\u00f3a \u1ea9m th\u1ef1c th\u01b0\u1ee3ng l\u01b0u \u0111\u1ea7y m\u1edbi m\u1ebb.\u00a0Tr\u1ee9ng C\u00e1 Chu\u1ed3n \u0110en Nh\u1eadp Kh\u1ea9u East Ocean 500g hi\u1ec7n \u0111ang \u0111\u01b0\u1ee3c b\u00e1n t\u1ea1i Havamall, chuy\u00ean nh\u1eadp kh\u1ea9u, cam k\u1ebft h\u00e0ng ch\u00ednh h\u00e3ng.<\/p>","protected":false},"excerpt":{"rendered":"<p>TH\u00d4NG TIN S\u1ea2N PH\u1ea8M Th\u01b0\u01a1ng hi\u1ec7u East Ocean Xu\u1ea5t x\u1ee9 Trung Qu\u1ed1c Th\u00e0nh ph\u1ea7n Tr\u1ee9ng c\u00e1 chu\u1ed3n, n\u01b0\u1edbc t\u01b0\u01a1ng, mu\u1ed1i,<\/p>","protected":false},"featured_media":44897,"comment_status":"open","ping_status":"closed","template":"","meta":[],"product_brand":[],"product_cat":[674,275],"product_tag":[],"class_list":{"0":"post-44896","1":"product","2":"type-product","3":"status-publish","4":"has-post-thumbnail","6":"product_cat-nhap-khau-trung-quoc","7":"product_cat-thuc-pham-dong-lanh","9":"first","10":"instock","11":"sale","12":"shipping-taxable","13":"purchasable","14":"product-type-variable"},"_links":{"self":[{"href":"https:\/\/havamall.vn\/en\/wp-json\/wp\/v2\/product\/44896"}],"collection":[{"href":"https:\/\/havamall.vn\/en\/wp-json\/wp\/v2\/product"}],"about":[{"href":"https:\/\/havamall.vn\/en\/wp-json\/wp\/v2\/types\/product"}],"replies":[{"embeddable":true,"href":"https:\/\/havamall.vn\/en\/wp-json\/wp\/v2\/comments?post=44896"}],"version-history":[{"count":0,"href":"https:\/\/havamall.vn\/en\/wp-json\/wp\/v2\/product\/44896\/revisions"}],"wp:featuredmedia":[{"embeddable":true,"href":"https:\/\/havamall.vn\/en\/wp-json\/wp\/v2\/media\/44897"}],"wp:attachment":[{"href":"https:\/\/havamall.vn\/en\/wp-json\/wp\/v2\/media?parent=44896"}],"wp:term":[{"taxonomy":"product_brand","embeddable":true,"href":"https:\/\/havamall.vn\/en\/wp-json\/wp\/v2\/product_brand?post=44896"},{"taxonomy":"product_cat","embeddable":true,"href":"https:\/\/havamall.vn\/en\/wp-json\/wp\/v2\/product_cat?post=44896"},{"taxonomy":"product_tag","embeddable":true,"href":"https:\/\/havamall.vn\/en\/wp-json\/wp\/v2\/product_tag?post=44896"}],"curies":[{"name":"wp","href":"https:\/\/api.w.org\/{rel}","templated":true}]}}