{"id":44890,"date":"2026-04-02T09:40:59","date_gmt":"2026-04-02T02:40:59","guid":{"rendered":"https:\/\/havamall.vn\/?post_type=product&#038;p=44890"},"modified":"2026-04-02T09:41:12","modified_gmt":"2026-04-02T02:41:12","slug":"tra-hoa-cuc-vang-nguyen-bong-say-kho-baboo-100g-baboo-chrysanthemum-flower-tea","status":"publish","type":"product","link":"https:\/\/havamall.vn\/en\/shop\/tra-hoa-cuc-vang-nguyen-bong-say-kho-baboo-100g-baboo-chrysanthemum-flower-tea\/","title":{"rendered":"Tr\u00e0 Hoa C\u00fac V\u00e0ng Nguy\u00ean B\u00f4ng S\u1ea5y Kh\u00f4 Baboo 100g \u2013 Baboo Chrysanthemum Flower Tea"},"content":{"rendered":"<h2 data-section-id=\"1ak2r85\" data-start=\"159\" data-end=\"184\"><span role=\"text\"><strong data-start=\"162\" data-end=\"184\">TH\u00d4NG TIN S\u1ea2N PH\u1ea8M<\/strong><\/span><\/h2>\n<table data-path-to-node=\"1\">\n<tbody>\n<tr>\n<td><span data-path-to-node=\"1,1,0,0\">Th\u01b0\u01a1ng hi\u1ec7u<\/span><\/td>\n<td><span data-path-to-node=\"1,1,1,0\">Baboo<\/span><\/td>\n<\/tr>\n<tr>\n<td><span data-path-to-node=\"1,2,0,0\">Xu\u1ea5t x\u1ee9<\/span><\/td>\n<td><span data-path-to-node=\"1,2,1,0\">Th\u00e1i Lan<\/span><\/td>\n<\/tr>\n<tr>\n<td><span data-path-to-node=\"1,3,0,0\">Th\u00e0nh ph\u1ea7n<\/span><\/td>\n<td><span data-path-to-node=\"1,3,1,0\">100% hoa c\u00fac v\u00e0ng s\u1ea5y kh\u00f4 nguy\u00ean b\u00f4ng t\u1ef1 nhi\u00ean<\/span><\/td>\n<\/tr>\n<tr>\n<td><span data-path-to-node=\"1,4,0,0\">H\u1ea1n s\u1eed d\u1ee5ng<\/span><\/td>\n<td><span data-path-to-node=\"1,4,1,0\">12 th\u00e1ng k\u1ec3 t\u1eeb ng\u00e0y s\u1ea3n xu\u1ea5t<\/span><\/td>\n<\/tr>\n<tr>\n<td><span data-path-to-node=\"1,5,0,0\">B\u1ea3o qu\u1ea3n<\/span><\/td>\n<td><span data-path-to-node=\"1,5,1,0\">N\u01a1i kh\u00f4 r\u00e1o, tho\u00e1ng m\u00e1t, tr\u00e1nh \u00e1nh n\u1eafng tr\u1ef1c ti\u1ebfp, \u0111\u1eady k\u00edn sau khi s\u1eed d\u1ee5ng<\/span><\/td>\n<\/tr>\n<tr>\n<td><span data-path-to-node=\"1,6,0,0\">Kh\u1ed1i l\u01b0\u1ee3ng<\/span><\/td>\n<td><span data-path-to-node=\"1,6,1,0\">100g<\/span><\/td>\n<\/tr>\n<\/tbody>\n<\/table>\n<p>Hoa c\u00fac t\u1eeb l\u00e2u \u0111\u00e3 xu\u1ea5t hi\u1ec7n trong nhi\u1ec1u n\u1ec1n v\u0103n h\u00f3a \u00c1 \u0110\u00f4ng, kh\u00f4ng ch\u1ec9 nh\u01b0 m\u1ed9t lo\u00e0i hoa trang tr\u00ed m\u00e0 c\u00f2n l\u00e0 nguy\u00ean li\u1ec7u quen thu\u1ed9c trong c\u00e1c b\u00e0i tr\u00e0 th\u1ea3o m\u1ed9c. T\u1eeb Trung Hoa, Nh\u1eadt B\u1ea3n cho \u0111\u1ebfn c\u00e1c n\u01b0\u1edbc \u0110\u00f4ng Nam \u00c1, tr\u00e0 hoa c\u00fac th\u01b0\u1eddng g\u1eafn li\u1ec1n v\u1edbi h\u00ecnh \u1ea3nh nh\u1eefng bu\u1ed5i chi\u1ec1u ch\u1eadm r\u00e3i, n\u01a1i m\u1ed9t \u1ea5m tr\u00e0 n\u00f3ng \u0111\u01b0\u1ee3c r\u00f3t ra nh\u01b0 m\u1ed9t c\u00e1ch c\u00e2n b\u1eb1ng l\u1ea1i nh\u1ecbp s\u1ed1ng.<\/p>\n<p>Nh\u1eefng b\u00f4ng c\u00fac \u0111\u1ea1t \u0111\u1ed9 n\u1edf r\u1ed9 ho\u00e0n h\u1ea3o nh\u1ea5t s\u1ebd \u0111\u01b0\u1ee3c thu ho\u1ea1ch th\u1ee7 c\u00f4ng, tr\u1ea3i qua quy tr\u00ecnh s\u1ea5y kh\u00f4 c\u00f4ng ngh\u1ec7 cao \u0111\u1ec3 gi\u1eef m\u00e0u s\u1eafc v\u00e0 h\u01b0\u01a1ng th\u01a1m \u0111\u1eb7c tr\u01b0ng. Khi nh\u00ecn v\u00e0o t\u00fai tr\u00e0, nh\u1eefng n\u1ee5 hoa nh\u1ecf, tr\u00f2n, kh\u00e9p k\u00edn mang m\u00e0u v\u00e0ng nh\u1ea1t t\u1ea1o c\u1ea3m gi\u00e1c m\u1ed9c m\u1ea1c v\u00e0 g\u1ea7n g\u0169i, \u0111\u00fang v\u1edbi tinh th\u1ea7n c\u1ee7a m\u1ed9t lo\u1ea1i tr\u00e0 th\u1ea3o m\u1ed9c nguy\u00ean b\u1ea3n.<\/p>\n<p><img fetchpriority=\"high\" decoding=\"async\" class=\"aligncenter\" src=\"https:\/\/havamall.com\/wp-content\/uploads\/2026\/04\/H11a1773f03f4485e8d0e5122087298fcG.jpg\" alt=\"4022W Flavor Tea Soaked 4cm Wuyuan Imperial Chrysanthemum Golden  Chrysanthemum Tea Herbal Tea\" width=\"801\" height=\"801\" \/><\/p>\n<p>Khi pha v\u1edbi n\u01b0\u1edbc n\u00f3ng, t\u1eebng b\u00f4ng hoa d\u1ea7n bung n\u1edf, chuy\u1ec3n t\u1eeb tr\u1ea1ng th\u00e1i kh\u00f4 sang m\u1ec1m m\u1ea1i, n\u01b0\u1edbc tr\u00e0 c\u00f3 m\u00e0u v\u00e0ng trong, h\u01b0\u01a1ng th\u01a1m thoang tho\u1ea3ng, kh\u00f4ng g\u1eaft m\u00e0 d\u1ecbu v\u00e0 thanh. Khi th\u01b0\u1edfng th\u1ee9c, v\u1ecb tr\u00e0 nh\u1eb9, h\u01a1i ng\u1ecdt t\u1ef1 nhi\u00ean, kh\u00f4ng \u0111\u1eafng, \u0111\u1ec3 l\u1ea1i c\u1ea3m gi\u00e1c d\u1ec5 ch\u1ecbu n\u01a1i c\u1ed5 h\u1ecdng.<\/p>\n<p>Kh\u00f4ng c\u1ea7n qu\u00e1 nhi\u1ec1u k\u1ef9 thu\u1eadt, tr\u00e0 hoa c\u00fac c\u00f3 th\u1ec3 \u0111\u01b0\u1ee3c chu\u1ea9n b\u1ecb theo c\u00e1ch \u0111\u01a1n gi\u1ea3n nh\u1ea5t: m\u1ed9t \u00edt hoa, n\u01b0\u1edbc n\u00f3ng v\u1eeba \u0111\u1ee7 v\u00e0 th\u1eddi gian \u0111\u1ec3 ch\u1edd h\u01b0\u01a1ng v\u1ecb lan t\u1ecfa. C\u00f3 th\u1ec3 u\u1ed1ng n\u00f3ng trong nh\u1eefng ng\u00e0y c\u1ea7n s\u1ef1 \u1ea5m \u00e1p, ho\u1eb7c \u0111\u1ec3 ngu\u1ed9i, th\u00eam ch\u00fat m\u1eadt ong hay t\u00e1o \u0111\u1ecf \u0111\u1ec3 t\u1ea1o n\u00ean m\u1ed9t phi\u00ean b\u1ea3n tr\u00e0 m\u00e1t nh\u1eb9 nh\u00e0ng h\u01a1n. Trong nh\u1eefng n\u0103m g\u1ea7n \u0111\u00e2y, tr\u00e0 hoa c\u00fac c\u00f2n \u0111\u01b0\u1ee3c k\u1ebft h\u1ee3p trong nhi\u1ec1u c\u00f4ng th\u1ee9c hi\u1ec7n \u0111\u1ea1i, t\u1eeb tr\u00e0 l\u1ea1nh, detox water cho \u0111\u1ebfn c\u00e1c lo\u1ea1i \u0111\u1ed3 u\u1ed1ng pha ch\u1ebf mang t\u00ednh th\u01b0 gi\u00e3n.<\/p>\n<p><img decoding=\"async\" class=\"aligncenter\" src=\"https:\/\/asianinspirations.com.au\/wp-content\/uploads\/2020\/06\/R02578_Chrysanthemum_Tea.jpg\" alt=\"Chrysanthemum Tea\" width=\"801\" height=\"534\" \/><\/p>\n<p>\u0110\u1ec3 pha \u0111\u01b0\u1ee3c m\u1ed9t \u1ea5m tr\u00e0 hoa c\u00fac chu\u1ea9n v\u1ecb, ng\u01b0\u1eddi d\u00f9ng ch\u1ec9 c\u1ea7n l\u1ea5y kho\u1ea3ng 5 \u2013 10 b\u00f4ng hoa kh\u00f4 cho v\u00e0o \u1ea5m, sau \u0111\u00f3 r\u00f3t n\u01b0\u1edbc n\u00f3ng (kho\u1ea3ng 80 \u2013 90\u00b0C) \u0111\u1ec3 \u0111\u00e1nh th\u1ee9c h\u01b0\u01a1ng th\u01a1m. Sau kho\u1ea3ng 3 \u2013 5 ph\u00fat ch\u1edd \u0111\u1ee3i khi nh\u1eefng c\u00e1nh hoa \u0111\u00e3 ng\u1eadm \u0111\u1ee7 n\u01b0\u1edbc v\u00e0 bung t\u1ecfa ho\u00e0n to\u00e0n, n\u01b0\u1edbc tr\u00e0 s\u1ebd \u0111\u1ea1t \u0111\u1ed9 \u0111\u1eadm \u0111\u00e0 nh\u1ea5t.<\/p>\n<p>Vi\u1ec7c nh\u00e2m nhi m\u1ed9t t\u00e1ch tr\u00e0 \u1ea5m n\u00f3ng tr\u01b0\u1edbc khi \u0111i ng\u1ee7 kh\u00f4ng ch\u1ec9 gi\u00fap c\u01a1 th\u1ec3 th\u1ea3 l\u1ecfng m\u00e0 c\u00f2n t\u1ea1o ra m\u1ed9t kho\u1ea3ng l\u1eb7ng c\u1ea7n thi\u1ebft \u0111\u1ec3 t\u00e2m tr\u00ed b\u00ecnh an, h\u1ed7 tr\u1ee3 \u0111i v\u00e0o gi\u1ea5c ng\u1ee7 s\u00e2u v\u00e0 ch\u1ea5t l\u01b0\u1ee3ng h\u01a1n. Kh\u1ea3 n\u0103ng kh\u00e1ng vi\u00eam t\u1ef1 nhi\u00ean c\u1ee7a lo\u00e0i hoa n\u00e0y c\u00f2n g\u00f3p ph\u1ea7n t\u0103ng c\u01b0\u1eddng h\u1ec7 mi\u1ec5n d\u1ecbch, gi\u00fap c\u01a1 th\u1ec3 ch\u1ed1ng l\u1ea1i c\u00e1c tri\u1ec7u ch\u1ee9ng c\u1ea3m m\u1ea1o th\u00f4ng th\u01b0\u1eddng ho\u1eb7c t\u00ecnh tr\u1ea1ng n\u00f3ng trong ng\u01b0\u1eddi.<\/p>\n<p><img decoding=\"async\" class=\"aligncenter\" src=\"https:\/\/havamall.com\/wp-content\/uploads\/2026\/04\/pngtree-chongyang-festival-chrysanthemum-tea-photography-picture-picture-image_1556452.png\" alt=\"Chongyang Festival Chrysanthemum Tea Photography Picture Background And  Picture For Free Download - Pngtree\" width=\"800\" height=\"533\" \/><\/p>\n<p><b data-path-to-node=\"8,0\" data-index-in-node=\"29\">Tr\u00e0 Hoa C\u00fac V\u00e0ng Nguy\u00ean B\u00f4ng S\u1ea5y Kh\u00f4 Baboo 100g<\/b>\u00a0hi\u1ec7n \u0111ang \u0111\u01b0\u1ee3c ph\u00e2n ph\u1ed1i ch\u00ednh h\u00e3ng t\u1ea1i\u00a0<b data-path-to-node=\"8,0\" data-index-in-node=\"117\">Havamall<\/b>\u00a0\u2013 \u0111\u01a1n v\u1ecb chuy\u00ean nh\u1eadp kh\u1ea9u c\u00e1c d\u00f2ng s\u1ea3n ph\u1ea9m cao c\u1ea5p, cam k\u1ebft ch\u1ea5t l\u01b0\u1ee3ng chu\u1ea9n m\u1ef1c v\u00e0 uy t\u00edn \u0111\u1ebfn tay ng\u01b0\u1eddi ti\u00eau d\u00f9ng.<\/p>","protected":false},"excerpt":{"rendered":"<p>TH\u00d4NG TIN S\u1ea2N PH\u1ea8M Th\u01b0\u01a1ng hi\u1ec7u Baboo Xu\u1ea5t x\u1ee9 Th\u00e1i Lan Th\u00e0nh ph\u1ea7n 100% hoa c\u00fac v\u00e0ng s\u1ea5y kh\u00f4 nguy\u00ean<\/p>","protected":false},"featured_media":44891,"comment_status":"open","ping_status":"closed","template":"","meta":[],"product_brand":[],"product_cat":[677,131,134],"product_tag":[],"class_list":{"0":"post-44890","1":"product","2":"type-product","3":"status-publish","4":"has-post-thumbnail","6":"product_cat-cac-nuoc-khac","7":"product_cat-nguyen-lieu-lam-bep","8":"product_cat-thucpham-saykho","10":"first","11":"instock","12":"sale","13":"shipping-taxable","14":"purchasable","15":"product-type-simple"},"_links":{"self":[{"href":"https:\/\/havamall.vn\/en\/wp-json\/wp\/v2\/product\/44890"}],"collection":[{"href":"https:\/\/havamall.vn\/en\/wp-json\/wp\/v2\/product"}],"about":[{"href":"https:\/\/havamall.vn\/en\/wp-json\/wp\/v2\/types\/product"}],"replies":[{"embeddable":true,"href":"https:\/\/havamall.vn\/en\/wp-json\/wp\/v2\/comments?post=44890"}],"version-history":[{"count":0,"href":"https:\/\/havamall.vn\/en\/wp-json\/wp\/v2\/product\/44890\/revisions"}],"wp:featuredmedia":[{"embeddable":true,"href":"https:\/\/havamall.vn\/en\/wp-json\/wp\/v2\/media\/44891"}],"wp:attachment":[{"href":"https:\/\/havamall.vn\/en\/wp-json\/wp\/v2\/media?parent=44890"}],"wp:term":[{"taxonomy":"product_brand","embeddable":true,"href":"https:\/\/havamall.vn\/en\/wp-json\/wp\/v2\/product_brand?post=44890"},{"taxonomy":"product_cat","embeddable":true,"href":"https:\/\/havamall.vn\/en\/wp-json\/wp\/v2\/product_cat?post=44890"},{"taxonomy":"product_tag","embeddable":true,"href":"https:\/\/havamall.vn\/en\/wp-json\/wp\/v2\/product_tag?post=44890"}],"curies":[{"name":"wp","href":"https:\/\/api.w.org\/{rel}","templated":true}]}}