{"id":44884,"date":"2026-04-01T16:22:02","date_gmt":"2026-04-01T09:22:02","guid":{"rendered":"https:\/\/havamall.vn\/?post_type=product&#038;p=44884"},"modified":"2026-04-01T16:22:08","modified_gmt":"2026-04-01T09:22:08","slug":"so-co-la-chip-den-cacao-talk-300g-cacao-talk-dark-compound-chocolate-chip","status":"publish","type":"product","link":"https:\/\/havamall.vn\/en\/shop\/so-co-la-chip-den-cacao-talk-300g-cacao-talk-dark-compound-chocolate-chip\/","title":{"rendered":"S\u00f4 C\u00f4 La Chip \u0110en Cacao Talk 300g \u2013 Cacao Talk Dark Compound Chocolate Chip"},"content":{"rendered":"<h2 data-section-id=\"1ak2r85\" data-start=\"182\" data-end=\"207\"><span role=\"text\"><strong data-start=\"185\" data-end=\"207\">TH\u00d4NG TIN S\u1ea2N PH\u1ea8M<\/strong><\/span><\/h2>\n<table data-path-to-node=\"1\">\n<tbody>\n<tr>\n<td><span data-path-to-node=\"1,1,0,0\">Th\u01b0\u01a1ng hi\u1ec7u<\/span><\/td>\n<td><span data-path-to-node=\"1,1,1,0\">Cacao Talk<\/span><\/td>\n<\/tr>\n<tr>\n<td><span data-path-to-node=\"1,2,0,0\">Xu\u1ea5t x\u1ee9<\/span><\/td>\n<td><span data-path-to-node=\"1,2,1,0\">Vi\u1ec7t Nam<\/span><\/td>\n<\/tr>\n<tr>\n<td><span data-path-to-node=\"1,3,0,0\">Th\u00e0nh ph\u1ea7n<\/span><\/td>\n<td><span data-path-to-node=\"1,3,1,0\">\u0110\u01b0\u1eddng, ch\u1ea5t b\u00e9o th\u1ef1c v\u1eadt thay th\u1ebf b\u01a1 cacao, b\u1ed9t cacao, ch\u1ea5t nh\u0169 h\u00f3a, h\u01b0\u01a1ng vani t\u1ed5ng h\u1ee3p<\/span><\/td>\n<\/tr>\n<tr>\n<td><span data-path-to-node=\"1,4,0,0\">H\u1ea1n s\u1eed d\u1ee5ng<\/span><\/td>\n<td><span data-path-to-node=\"1,4,1,0\">12 th\u00e1ng k\u1ec3 t\u1eeb ng\u00e0y s\u1ea3n xu\u1ea5t<\/span><\/td>\n<\/tr>\n<tr>\n<td><span data-path-to-node=\"1,5,0,0\">B\u1ea3o qu\u1ea3n<\/span><\/td>\n<td><span data-path-to-node=\"1,5,1,0\">N\u01a1i kh\u00f4 r\u00e1o, s\u1ea1ch s\u1ebd, kh\u00f4ng c\u00f3 m\u00f9i l\u1ea1, tr\u00e1nh \u00e1nh n\u1eafng tr\u1ef1c ti\u1ebfp v\u00e0 thay \u0111\u1ed5i nhi\u1ec7t \u0111\u1ed9 \u0111\u1ed9t ng\u1ed9t<\/span><\/td>\n<\/tr>\n<tr>\n<td><span data-path-to-node=\"1,6,0,0\">Kh\u1ed1i l\u01b0\u1ee3ng<\/span><\/td>\n<td><span data-path-to-node=\"1,6,1,0\">300g<\/span><\/td>\n<\/tr>\n<\/tbody>\n<\/table>\n<p data-start=\"929\" data-end=\"1429\">S\u00f4 c\u00f4 la chip \u0111en, \u0111\u1eb7c bi\u1ec7t \u1edf d\u1ea1ng compound, v\u1edbi c\u1ea5u tr\u00fac \u0111\u01b0\u1ee3c \u0111i\u1ec1u ch\u1ec9nh \u0111\u1ec3 ch\u1ecbu nhi\u1ec7t t\u1ed1t h\u01a1n, nh\u1eefng vi\u00ean chip nh\u1ecf gi\u1eef \u0111\u01b0\u1ee3c h\u00ecnh d\u1ea1ng r\u00f5 r\u00e0ng khi n\u01b0\u1edbng, kh\u00f4ng tan ch\u1ea3y ho\u00e0n to\u00e0n m\u00e0 m\u1ec1m l\u1ea1i v\u1eeba \u0111\u1ee7 \u0111\u1ec3 t\u1ea1o n\u00ean nh\u1eefng \u0111i\u1ec3m nh\u1ea5n th\u00fa v\u1ecb trong t\u1eebng chi\u1ebfc b\u00e1nh. Ch\u00ednh \u0111\u1eb7c \u0111i\u1ec3m n\u00e0y khi\u1ebfn chocolate chip tr\u1edf th\u00e0nh m\u1ed9t th\u00e0nh ph\u1ea7n g\u1ea7n nh\u01b0 kh\u00f4ng th\u1ec3 thi\u1ebfu trong c\u00e1c c\u00f4ng th\u1ee9c cookie, muffin hay brownie quen thu\u1ed9c.<\/p>\n<p data-start=\"929\" data-end=\"1429\"><img fetchpriority=\"high\" decoding=\"async\" class=\"aligncenter\" src=\"https:\/\/upload.wikimedia.org\/wikipedia\/commons\/9\/96\/Semi-sweet_chocolate_chips.jpg\" alt=\"Chocolate chip - Wikipedia\" width=\"801\" height=\"543\" \/><\/p>\n<p data-start=\"1431\" data-end=\"1814\">Cacao Talk mang \u0111\u1ebfn d\u00f2ng chocolate chip \u0111en v\u1edbi k\u00edch th\u01b0\u1edbc \u0111\u1ed3ng \u0111\u1ec1u, d\u1ea1ng n\u00fat nh\u1ecf g\u1ecdn, d\u1ec5 d\u00e0ng \u0111\u1ecbnh l\u01b0\u1ee3ng v\u00e0 s\u1eed d\u1ee5ng. M\u00e0u n\u00e2u s\u1eabm \u0111\u1eb7c tr\u01b0ng g\u1ee3i c\u1ea3m gi\u00e1c \u0111\u1eadm v\u1ecb, trong khi h\u01b0\u01a1ng cacao nh\u1eb9 nh\u00e0ng lan t\u1ecfa khi ti\u1ebfp x\u00fac v\u1edbi nhi\u1ec7t. Khi n\u1ebfm tr\u1ef1c ti\u1ebfp, v\u1ecb ng\u1ecdt c\u00e2n b\u1eb1ng c\u00f9ng ch\u00fat \u0111\u1eafng nh\u1eb9 t\u1ea1o n\u00ean m\u1ed9t t\u1ed5ng th\u1ec3 h\u00e0i h\u00f2a, kh\u00f4ng qu\u00e1 g\u1eaft, ph\u00f9 h\u1ee3p v\u1edbi nhi\u1ec1u ki\u1ec3u c\u00f4ng th\u1ee9c t\u1eeb \u0111\u01a1n gi\u1ea3n \u0111\u1ebfn ph\u1ee9c t\u1ea1p.<\/p>\n<p data-start=\"1431\" data-end=\"1814\"><img decoding=\"async\" class=\"aligncenter\" src=\"https:\/\/www.bluebellbakingbd.com\/uploads\/product\/2026-02-13-698f386591042.jpg\" alt=\"Bluebell Milk Compound Chocolate 500g || BlueBell\" width=\"800\" height=\"548\" \/><\/p>\n<p data-start=\"1816\" data-end=\"2182\">Trong qu\u00e1 tr\u00ecnh l\u00e0m b\u00e1nh, s\u1ef1 kh\u00e1c bi\u1ec7t c\u1ee7a chocolate chip th\u1ec3 hi\u1ec7n r\u00f5 nh\u1ea5t khi \u0111\u01b0\u1ee3c \u0111\u01b0a v\u00e0o l\u00f2 n\u01b0\u1edbng. Thay v\u00ec h\u00f2a tan ho\u00e0n to\u00e0n, t\u1eebng vi\u00ean chip gi\u1eef l\u1ea1i ph\u1ea7n h\u00ecnh d\u00e1ng ban \u0111\u1ea7u, t\u1ea1o n\u00ean nh\u1eefng \u0111i\u1ec3m chocolate m\u1ec1m m\u1ecbn xen k\u1ebd trong l\u1edbp b\u00e1nh. Khi c\u1eafn v\u00e0o, c\u1ea3m gi\u00e1c tan ch\u1eadm c\u1ee7a s\u00f4 c\u00f4 la h\u00f2a c\u00f9ng k\u1ebft c\u1ea5u b\u00e1nh t\u1ea1o n\u00ean m\u1ed9t tr\u1ea3i nghi\u1ec7m quen thu\u1ed9c nh\u01b0ng ch\u01b0a bao gi\u1edd nh\u00e0m ch\u00e1n.<\/p>\n<p data-start=\"1816\" data-end=\"2182\"><img decoding=\"async\" class=\"aligncenter\" src=\"https:\/\/www.popsci.com\/wp-content\/uploads\/2025\/12\/Chocolate-chip-cookie-dough.jpg?strip=all&amp;quality=85\" alt=\"The best chocolate chip cookie recipe, according to science | Popular  Science\" width=\"800\" height=\"536\" \/><\/p>\n<p data-start=\"2184\" data-end=\"2655\">Kh\u00f4ng ch\u1ec9 gi\u1edbi h\u1ea1n trong c\u00e1c m\u00f3n b\u00e1nh n\u01b0\u1edbng, chocolate chip c\u00f2n m\u1edf r\u1ed9ng sang nhi\u1ec1u c\u00e1ch s\u1eed d\u1ee5ng kh\u00e1c. M\u1ed9t \u00edt chip th\u00eam v\u00e0o pancake, waffle ho\u1eb7c granola gi\u00fap t\u0103ng th\u00eam chi\u1ec1u s\u00e2u h\u01b0\u01a1ng v\u1ecb. Trong c\u00e1c m\u00f3n l\u1ea1nh nh\u01b0 kem ho\u1eb7c s\u1eefa chua, chocolate chip gi\u1eef nguy\u00ean k\u1ebft c\u1ea5u, t\u1ea1o \u0111i\u1ec3m nh\u1ea5n gi\u00f2n nh\u1eb9 xen l\u1eabn v\u1ecb b\u00e9o m\u00e1t. Th\u1eadm ch\u00ed, khi d\u00f9ng trong pha ch\u1ebf, nh\u1eefng vi\u00ean chip nh\u1ecf c\u0169ng c\u00f3 th\u1ec3 tr\u1edf th\u00e0nh l\u1edbp topping \u0111\u01a1n gi\u1ea3n nh\u01b0ng hi\u1ec7u qu\u1ea3 cho c\u00e1c lo\u1ea1i \u0111\u1ed3 u\u1ed1ng nh\u01b0 cacao \u0111\u00e1 xay hay milkshake.<\/p>\n<p data-start=\"2184\" data-end=\"2655\"><img loading=\"lazy\" decoding=\"async\" class=\"aligncenter\" src=\"https:\/\/havamall.com\/wp-content\/uploads\/2026\/04\/IMG_2299.jpg\" alt=\"Chocolate Chip Mini Muffins Recipe with Orange Zest\" width=\"802\" height=\"451\" \/><\/p>\n<p data-start=\"2657\" data-end=\"2969\">\u1ede g\u00f3c nh\u00ecn th\u1ef1c t\u1ebf, chocolate compound mang \u0111\u1ebfn m\u1ed9t l\u1ef1a ch\u1ecdn linh ho\u1ea1t h\u01a1n trong m\u00f4i tr\u01b0\u1eddng b\u1ebfp hi\u1ec7n \u0111\u1ea1i. Kh\u00f4ng y\u00eau c\u1ea7u k\u1ef9 thu\u1eadt tempering ph\u1ee9c t\u1ea1p nh\u01b0 chocolate nguy\u00ean ch\u1ea5t, d\u1ec5 b\u1ea3o qu\u1ea3n v\u00e0 \u1ed5n \u0111\u1ecbnh trong nhi\u1ec1u \u0111i\u1ec1u ki\u1ec7n nhi\u1ec7t \u0111\u1ed9, lo\u1ea1i chocolate n\u00e0y ph\u00f9 h\u1ee3p v\u1edbi c\u1ea3 nh\u1eefng c\u00f4ng th\u1ee9c t\u1ea1i nh\u00e0 l\u1eabn s\u1ea3n xu\u1ea5t quy m\u00f4 nh\u1ecf.<\/p>\n<p data-start=\"3241\" data-end=\"3435\">T\u1eeb nh\u1eefng m\u1ebb b\u00e1nh n\u00f3ng h\u1ed5i trong l\u00f2 \u0111\u1ebfn nh\u1eefng m\u00f3n tr\u00e1ng mi\u1ec7ng m\u00e1t l\u1ea1nh, chocolate chip lu\u00f4n gi\u1eef m\u1ed9t vai tr\u00f2 nh\u1ecf nh\u01b0ng r\u00f5 r\u00e0ng \u2013 nh\u01b0 m\u1ed9t \u0111i\u1ec3m nh\u1ea5n tinh t\u1ebf, nh\u1eb9 nh\u00e0ng nh\u01b0ng \u0111\u1ee7 \u0111\u1ec3 t\u1ea1o n\u00ean kh\u00e1c bi\u1ec7t.\u00a0Hi\u1ec7n \u0111ang \u0111\u01b0\u1ee3c b\u00e1n t\u1ea1i Havamall, chuy\u00ean nh\u1eadp kh\u1ea9u, cam k\u1ebft h\u00e0ng ch\u00ednh h\u00e3ng.<\/p>","protected":false},"excerpt":{"rendered":"<p>TH\u00d4NG TIN S\u1ea2N PH\u1ea8M Th\u01b0\u01a1ng hi\u1ec7u Cacao Talk Xu\u1ea5t x\u1ee9 Vi\u1ec7t Nam Th\u00e0nh ph\u1ea7n \u0110\u01b0\u1eddng, ch\u1ea5t b\u00e9o th\u1ef1c v\u1eadt thay<\/p>","protected":false},"featured_media":44885,"comment_status":"open","ping_status":"closed","template":"","meta":[],"product_brand":[],"product_cat":[677,275,133],"product_tag":[],"class_list":{"0":"post-44884","1":"product","2":"type-product","3":"status-publish","4":"has-post-thumbnail","6":"product_cat-cac-nuoc-khac","7":"product_cat-thuc-pham-dong-lanh","8":"product_cat-banh-keo-chocolate","10":"first","11":"instock","12":"sale","13":"shipping-taxable","14":"purchasable","15":"product-type-simple"},"_links":{"self":[{"href":"https:\/\/havamall.vn\/en\/wp-json\/wp\/v2\/product\/44884"}],"collection":[{"href":"https:\/\/havamall.vn\/en\/wp-json\/wp\/v2\/product"}],"about":[{"href":"https:\/\/havamall.vn\/en\/wp-json\/wp\/v2\/types\/product"}],"replies":[{"embeddable":true,"href":"https:\/\/havamall.vn\/en\/wp-json\/wp\/v2\/comments?post=44884"}],"version-history":[{"count":0,"href":"https:\/\/havamall.vn\/en\/wp-json\/wp\/v2\/product\/44884\/revisions"}],"wp:featuredmedia":[{"embeddable":true,"href":"https:\/\/havamall.vn\/en\/wp-json\/wp\/v2\/media\/44885"}],"wp:attachment":[{"href":"https:\/\/havamall.vn\/en\/wp-json\/wp\/v2\/media?parent=44884"}],"wp:term":[{"taxonomy":"product_brand","embeddable":true,"href":"https:\/\/havamall.vn\/en\/wp-json\/wp\/v2\/product_brand?post=44884"},{"taxonomy":"product_cat","embeddable":true,"href":"https:\/\/havamall.vn\/en\/wp-json\/wp\/v2\/product_cat?post=44884"},{"taxonomy":"product_tag","embeddable":true,"href":"https:\/\/havamall.vn\/en\/wp-json\/wp\/v2\/product_tag?post=44884"}],"curies":[{"name":"wp","href":"https:\/\/api.w.org\/{rel}","templated":true}]}}