{"id":44875,"date":"2026-04-01T11:53:51","date_gmt":"2026-04-01T04:53:51","guid":{"rendered":"https:\/\/havamall.vn\/?post_type=product&#038;p=44875"},"modified":"2026-04-01T11:54:01","modified_gmt":"2026-04-01T04:54:01","slug":"hat-diem-mach-trang-huu-co-sottolestelle-200g-sottolestelle-organic-white-quinoa","status":"publish","type":"product","link":"https:\/\/havamall.vn\/en\/shop\/hat-diem-mach-trang-huu-co-sottolestelle-200g-sottolestelle-organic-white-quinoa\/","title":{"rendered":"H\u1ea1t Di\u00eam M\u1ea1ch Tr\u1eafng H\u1eefu C\u01a1 Sottolestelle 200g \u2013 Sottolestelle Organic White Quinoa"},"content":{"rendered":"<h2 data-start=\"173\" data-end=\"198\" data-section-id=\"1ak2r85\"><span role=\"text\"><strong data-start=\"176\" data-end=\"198\">TH\u00d4NG TIN S\u1ea2N PH\u1ea8M<\/strong><\/span><\/h2>\n<table data-path-to-node=\"1\">\n<tbody>\n<tr>\n<td><span data-path-to-node=\"1,1,0,0\">Th\u01b0\u01a1ng hi\u1ec7u<\/span><\/td>\n<td><span data-path-to-node=\"1,1,1,0\">Sottolestelle<\/span><\/td>\n<\/tr>\n<tr>\n<td><span data-path-to-node=\"1,2,0,0\">Xu\u1ea5t x\u1ee9<\/span><\/td>\n<td><span data-path-to-node=\"1,2,1,0\">\u00dd (Italy)<\/span><\/td>\n<\/tr>\n<tr>\n<td><span data-path-to-node=\"1,3,0,0\">Th\u00e0nh ph\u1ea7n<\/span><\/td>\n<td><span data-path-to-node=\"1,3,1,0\">Xem tr\u00ean bao b\u00ec<\/span><\/td>\n<\/tr>\n<tr>\n<td><span data-path-to-node=\"1,4,0,0\">H\u1ea1n s\u1eed d\u1ee5ng<\/span><\/td>\n<td><span data-path-to-node=\"1,4,1,0\">24 th\u00e1ng k\u1ec3 t\u1eeb ng\u00e0y s\u1ea3n xu\u1ea5t<\/span><\/td>\n<\/tr>\n<tr>\n<td><span data-path-to-node=\"1,5,0,0\">B\u1ea3o qu\u1ea3n<\/span><\/td>\n<td><span data-path-to-node=\"1,5,1,0\">N\u01a1i kh\u00f4 r\u00e1o, tho\u00e1ng m\u00e1t, tr\u00e1nh \u00e1nh n\u1eafng tr\u1ef1c ti\u1ebfp<\/span><\/td>\n<\/tr>\n<tr>\n<td><span data-path-to-node=\"1,6,0,0\">Kh\u1ed1i l\u01b0\u1ee3ng<\/span><\/td>\n<td><span data-path-to-node=\"1,6,1,0\">200g<\/span><\/td>\n<\/tr>\n<\/tbody>\n<\/table>\n<p>M\u1ed7i t\u00fai\u00a0<b data-path-to-node=\"5\" data-index-in-node=\"8\">H\u1ea1t Di\u00eam M\u1ea1ch Tr\u1eafng H\u1eefu C\u01a1 Sottolestelle 200g<\/b>\u00a0kho\u00e1c l\u00ean m\u00ecnh s\u1eafc tr\u1eafng ng\u00e0 thu\u1ea7n khi\u1ebft, nh\u1ecf nh\u1eafn nh\u01b0 nh\u1eefng h\u1ea1t c\u00e1t m\u1ecbn nh\u01b0ng \u1ea9n ch\u1ee9a ngu\u1ed3n n\u0103ng l\u01b0\u1ee3ng kh\u1ed5ng l\u1ed3.\u00a0<strong><em>Sottolestelle<\/em><\/strong>\u00a0l\u1ef1a ch\u1ecdn c\u00e1ch gi\u1eef nguy\u00ean s\u1ef1 \u0111\u01a1n gi\u1ea3n: h\u1ea1t \u0111\u01b0\u1ee3c canh t\u00e1c h\u1eefu c\u01a1, kh\u00f4ng x\u1eed l\u00fd h\u00f3a h\u1ecdc v\u00e0 kh\u00f4ng tinh ch\u1ebf s\u00e2u, ch\u00ednh v\u00ec kh\u00f4ng thu\u1ed9c h\u1ecd l\u00faa, di\u00eam m\u1ea1ch mang m\u1ed9t l\u1ee3i th\u1ebf v\u01b0\u1ee3t tr\u1ed9i khi ho\u00e0n to\u00e0n\u00a0<b data-path-to-node=\"5\" data-index-in-node=\"369\">kh\u00f4ng ch\u1ee9a Gluten t\u1ef1 nhi\u00ean<\/b>, tr\u1edf th\u00e0nh l\u1ef1a ch\u1ecdn an t\u00e2m tuy\u1ec7t \u0111\u1ed1i cho nh\u1eefng ng\u01b0\u1eddi nh\u1ea1y c\u1ea3m v\u1edbi \u0111\u1ea1m l\u00faa m\u00ec.<\/p>\n<p><img fetchpriority=\"high\" decoding=\"async\" class=\"aligncenter\" src=\"https:\/\/havamall.com\/wp-content\/uploads\/2026\/04\/quinoawhite.jpg\" alt=\"White Quinoa NZ | Organic, Gluten-Free, High Protein \u2013 Organic Flour Mills\" width=\"802\" height=\"535\" \/><\/p>\n<p>\u0110\u00e2y l\u00e0 m\u1ed9t trong s\u1ed1 \u00edt th\u1ef1c ph\u1ea9m th\u1ef1c v\u1eadt ch\u1ee9a to\u00e0n b\u1ed9\u00a0<b data-path-to-node=\"6\" data-index-in-node=\"163\">9 lo\u1ea1i axit amin thi\u1ebft y\u1ebfu<\/b>\u00a0m\u00e0 c\u01a1 th\u1ec3 kh\u00f4ng t\u1ef1 t\u1ed5ng h\u1ee3p \u0111\u01b0\u1ee3c, cung c\u1ea5p ngu\u1ed3n protein ho\u00e0n ch\u1ec9nh cho ng\u01b0\u1eddi \u0103n chay ho\u1eb7c theo ch\u1ebf \u0111\u1ed9<strong>\u00a0<i data-path-to-node=\"6\" data-index-in-node=\"293\">Eat Clean<\/i><\/strong>. B\u00ean c\u1ea1nh \u0111\u00f3, h\u00e0m l\u01b0\u1ee3ng ch\u1ea5t x\u01a1 d\u1ed3i d\u00e0o c\u00f9ng c\u00e1c kho\u00e1ng ch\u1ea5t qu\u00fd gi\u00e1 nh\u01b0 Magie, S\u1eaft v\u00e0 K\u1ebdm gi\u00fap h\u1ed7 tr\u1ee3 ti\u00eau h\u00f3a, ki\u1ec3m so\u00e1t \u0111\u01b0\u1eddng huy\u1ebft v\u00e0 t\u0103ng c\u01b0\u1eddng h\u1ec7 mi\u1ec5n d\u1ecbch t\u1eeb b\u00ean trong.<img decoding=\"async\" class=\"aligncenter\" src=\"https:\/\/havamall.com\/wp-content\/uploads\/2026\/04\/quinoa-white-alive-herbals.jpg\" alt=\"Quinoa White - Fluffy, Nutritious Superfood\" width=\"801\" height=\"801\" \/><\/p>\n<p>&nbsp;<\/p>\n<p data-path-to-node=\"8\">Khi ch\u01b0a ch\u1ebf bi\u1ebfn, t\u1eebng h\u1ea1t di\u00eam m\u1ea1ch \u0111\u1ed3ng \u0111\u1ec1u, kh\u00f4 r\u00e1o g\u1ee3i c\u1ea3m gi\u00e1c s\u1ea1ch v\u00e0 nh\u1eb9, nh\u01b0ng khi \u0111\u01b0\u1ee3c n\u1ea5u ch\u00edn, di\u00eam m\u1ea1ch n\u1edf ra nh\u1eb9 nh\u00e0ng, l\u1edbp v\u1ecf ngo\u00e0i t\u00e1ch ra th\u00e0nh m\u1ed9t v\u00f2ng m\u1ecfng bao quanh, t\u1ea1o n\u00ean k\u1ebft c\u1ea5u t\u01a1i x\u1ed1p, m\u1ec1m m\u1ea1i m\u00e0 kh\u00f4ng h\u1ec1 kh\u00f4 c\u1ee9ng.\u00a0H\u01b0\u01a1ng v\u1ecb c\u1ee7a di\u00eam m\u1ea1ch tr\u1eafng \u0111\u01b0\u1ee3c y\u00eau chu\u1ed9ng nh\u1ea5t nh\u1edd s\u1ef1 trung t\u00ednh, thanh tao v\u1edbi m\u00f9i th\u01a1m thoang tho\u1ea3ng nh\u01b0 h\u1ea1t d\u1ebb rang, c\u1ea3m gi\u00e1c gi\u00f2n s\u1ea7n s\u1eadt th\u00fa v\u1ecb khi nhai ch\u00ednh l\u00e0 \u0111i\u1ec3m nh\u1ea5n \u0111\u1eb7c tr\u01b0ng khi\u1ebfn lo\u1ea1i h\u1ea1t n\u00e0y tr\u1edf th\u00e0nh t\u00e2m \u0111i\u1ec3m c\u1ee7a nh\u1eefng b\u00e0n ti\u1ec7c s\u1ee9c kh\u1ecfe.<\/p>\n<p data-path-to-node=\"8\"><img decoding=\"async\" class=\"aligncenter\" src=\"https:\/\/havamall.com\/wp-content\/uploads\/2026\/04\/how-to-cook-quinoa.sq_2__40395.1679026738.jpg\" alt=\"How to Cook Quinoa | Perfect &amp; Fluffy | Honest to Goodness\" width=\"803\" height=\"803\" \/><\/p>\n<p data-path-to-node=\"8\">M\u1ed9t ph\u1ea7n quinoa\u00a0<em><strong>tr\u1ed9n c\u00f9ng rau c\u1ee7 n\u01b0\u1edbng, th\u00eam ch\u00fat d\u1ea7u \u00f4 liu v\u00e0 c\u00e1c lo\u1ea1i h\u1ea1t<\/strong><\/em>, c\u00f3 th\u1ec3 tr\u1edf th\u00e0nh m\u1ed9t b\u1eefa \u0103n g\u1ecdn g\u00e0ng nh\u01b0ng v\u1eabn \u0111\u1ea7y \u0111\u1ee7 d\u01b0\u1ee1ng ch\u1ea5t. Khi\u00a0<strong><em>k\u1ebft h\u1ee3p v\u1edbi \u1ee9c g\u00e0, c\u00e1 h\u1ed3i ho\u1eb7c tr\u1ee9ng,<\/em><\/strong>\u00a0h\u1ea1t gi\u00fap b\u1ed5 sung th\u00eam \u0111\u1ed9 no v\u00e0 k\u1ebft c\u1ea5u m\u00e0 kh\u00f4ng l\u00e0m m\u00f3n \u0103n tr\u1edf n\u00ean n\u1eb7ng n\u1ec1. V\u1edbi nh\u1eefng b\u1eefa s\u00e1ng nh\u1eb9, di\u00eam m\u1ea1ch\u00a0<strong><em>c\u00f3 th\u1ec3 n\u1ea5u c\u00f9ng s\u1eefa ho\u1eb7c n\u01b0\u1edbc, \u0103n k\u00e8m tr\u00e1i c\u00e2y t\u01b0\u01a1i<\/em><\/strong>, t\u1ea1o n\u00ean m\u1ed9t phi\u00ean b\u1ea3n \u201cch\u00e1o hi\u1ec7n \u0111\u1ea1i\u201d gi\u00e0u dinh d\u01b0\u1ee1ng.<\/p>\n<p data-path-to-node=\"8\"><img loading=\"lazy\" decoding=\"async\" class=\"aligncenter\" src=\"https:\/\/havamall.com\/wp-content\/uploads\/2026\/04\/epic-roasted-vegetable-quinoa-salad-on-white-serving-platter.jpg\" alt=\"Roasted Vegetable Quinoa Salad with Feta and Pine Nuts\" width=\"800\" height=\"533\" \/><\/p>\n<p data-path-to-node=\"8\">Tr\u00e0o l\u01b0u l\u00e0m &#8220;<em><strong>Quinoa Bowl<\/strong><\/em>&#8221; k\u1ebft h\u1ee3p c\u00f9ng t\u00f4m \u00e1p ch\u1ea3o ho\u1eb7c \u1ee9c g\u00e0 \u0111ang c\u1ef1c k\u1ef3 ph\u1ed5 bi\u1ebfn tr\u00ean c\u00e1c di\u1ec5n \u0111\u00e0n \u1ea9m th\u1ef1c healthy. Ch\u1ec9 c\u1ea7n<strong>\u00a0r\u1eeda s\u1ea1ch<\/strong>\u00a0h\u1ea1t \u0111\u1ec3 lo\u1ea1i b\u1ecf\u00a0<strong>l\u1edbp saponin \u0111\u1eafng b\u00ean ngo\u00e0i<\/strong>, sau \u0111\u00f3<strong>\u00a0\u0111un s\u00f4i v\u1edbi n\u01b0\u1edbc theo t\u1ef7 l\u1ec7 1:2 trong kho\u1ea3ng 15 ph\u00fat<\/strong>\u00a0cho \u0111\u1ebfn khi h\u1ea1t n\u1edf trong, b\u1ea1n \u0111\u00e3 c\u00f3 ngay m\u1ed9t nguy\u00ean li\u1ec7u n\u1ec1n ho\u00e0n h\u1ea3o. Th\u1eadm ch\u00ed, di\u00eam m\u1ea1ch c\u00f2n c\u00f3 th\u1ec3 d\u00f9ng \u0111\u1ec3 l\u00e0m b\u00e1nh, n\u1ea5u s\u00fap ho\u1eb7c tr\u1ed9n v\u00e0o sinh t\u1ed1 \u0111\u1ec3 gia t\u0103ng \u0111\u1ed9 b\u00e9o b\u00f9i.<\/p>\n<p data-path-to-node=\"8\"><img loading=\"lazy\" decoding=\"async\" class=\"aligncenter\" src=\"https:\/\/havamall.com\/wp-content\/uploads\/2026\/04\/easy-breakfast-quinoa-bowls-recipe-5.jpg\" alt=\"Breakfast Quinoa Bowls - Running on Real Food\" width=\"801\" height=\"1200\" \/><\/p>\n<p data-path-to-node=\"8\"><b data-path-to-node=\"16,0\" data-index-in-node=\"29\">H\u1ea1t Di\u00eam M\u1ea1ch Tr\u1eafng H\u1eefu C\u01a1 Sottolestelle 500g<\/b>\u00a0hi\u1ec7n \u0111ang \u0111\u01b0\u1ee3c b\u00e1n t\u1ea1i\u00a0<b data-path-to-node=\"16,0\" data-index-in-node=\"98\">Havamall<\/b>\u00a0\u2013 \u0111\u01a1n v\u1ecb chuy\u00ean nh\u1eadp kh\u1ea9u v\u00e0 ph\u00e2n ph\u1ed1i c\u00e1c s\u1ea3n ph\u1ea9m cao c\u1ea5p, cam k\u1ebft h\u00e0ng ch\u00ednh h\u00e3ng<\/p>","protected":false},"excerpt":{"rendered":"<p>TH\u00d4NG TIN S\u1ea2N PH\u1ea8M Th\u01b0\u01a1ng hi\u1ec7u Sottolestelle Xu\u1ea5t x\u1ee9 \u00dd (Italy) Th\u00e0nh ph\u1ea7n Xem tr\u00ean bao b\u00ec H\u1ea1n s\u1eed d\u1ee5ng<\/p>","protected":false},"featured_media":44876,"comment_status":"open","ping_status":"closed","template":"","meta":[],"product_brand":[],"product_cat":[672,256,134],"product_tag":[],"class_list":{"0":"post-44875","1":"product","2":"type-product","3":"status-publish","4":"has-post-thumbnail","6":"product_cat-nhap-khau-y","7":"product_cat-thuc-pham-huu-co","8":"product_cat-thucpham-saykho","9":"pa_brand-sottolestell","11":"first","12":"instock","13":"sale","14":"shipping-taxable","15":"purchasable","16":"product-type-simple"},"_links":{"self":[{"href":"https:\/\/havamall.vn\/en\/wp-json\/wp\/v2\/product\/44875"}],"collection":[{"href":"https:\/\/havamall.vn\/en\/wp-json\/wp\/v2\/product"}],"about":[{"href":"https:\/\/havamall.vn\/en\/wp-json\/wp\/v2\/types\/product"}],"replies":[{"embeddable":true,"href":"https:\/\/havamall.vn\/en\/wp-json\/wp\/v2\/comments?post=44875"}],"version-history":[{"count":0,"href":"https:\/\/havamall.vn\/en\/wp-json\/wp\/v2\/product\/44875\/revisions"}],"wp:featuredmedia":[{"embeddable":true,"href":"https:\/\/havamall.vn\/en\/wp-json\/wp\/v2\/media\/44876"}],"wp:attachment":[{"href":"https:\/\/havamall.vn\/en\/wp-json\/wp\/v2\/media?parent=44875"}],"wp:term":[{"taxonomy":"product_brand","embeddable":true,"href":"https:\/\/havamall.vn\/en\/wp-json\/wp\/v2\/product_brand?post=44875"},{"taxonomy":"product_cat","embeddable":true,"href":"https:\/\/havamall.vn\/en\/wp-json\/wp\/v2\/product_cat?post=44875"},{"taxonomy":"product_tag","embeddable":true,"href":"https:\/\/havamall.vn\/en\/wp-json\/wp\/v2\/product_tag?post=44875"}],"curies":[{"name":"wp","href":"https:\/\/api.w.org\/{rel}","templated":true}]}}