{"id":44867,"date":"2026-04-01T09:12:23","date_gmt":"2026-04-01T02:12:23","guid":{"rendered":"https:\/\/havamall.vn\/?post_type=product&#038;p=44867"},"modified":"2026-04-01T10:07:13","modified_gmt":"2026-04-01T03:07:13","slug":"hat-kieu-mach-huu-co-sottolestelle-500g-sottolestelle-organic-buckwheat","status":"publish","type":"product","link":"https:\/\/havamall.vn\/en\/shop\/hat-kieu-mach-huu-co-sottolestelle-500g-sottolestelle-organic-buckwheat\/","title":{"rendered":"H\u1ea1t Ki\u1ec1u M\u1ea1ch H\u1eefu C\u01a1 Sottolestelle 200g \u2013 Sottolestelle Organic Buckwheat"},"content":{"rendered":"<p><span style=\"font-size: 18pt\"><strong>TH\u00d4NG TIN S\u1ea2N PH\u1ea8M<\/strong><\/span><\/p>\n<table data-path-to-node=\"1\">\n<tbody>\n<tr>\n<td><span data-path-to-node=\"1,1,0,0\">Th\u01b0\u01a1ng hi\u1ec7u<\/span><\/td>\n<td><span data-path-to-node=\"1,1,1,0\">Sottolestelle<\/span><\/td>\n<\/tr>\n<tr>\n<td><span data-path-to-node=\"1,2,0,0\">Xu\u1ea5t x\u1ee9<\/span><\/td>\n<td><span data-path-to-node=\"1,2,1,0\">\u00dd (Italy)<\/span><\/td>\n<\/tr>\n<tr>\n<td><span data-path-to-node=\"1,3,0,0\">Th\u00e0nh ph\u1ea7n<\/span><\/td>\n<td><span data-path-to-node=\"1,3,1,0\">Xem tr\u00ean bao b\u00ec<\/span><\/td>\n<\/tr>\n<tr>\n<td><span data-path-to-node=\"1,4,0,0\">H\u1ea1n s\u1eed d\u1ee5ng<\/span><\/td>\n<td><span data-path-to-node=\"1,4,1,0\">24 th\u00e1ng k\u1ec3 t\u1eeb ng\u00e0y s\u1ea3n xu\u1ea5t<\/span><\/td>\n<\/tr>\n<tr>\n<td><span data-path-to-node=\"1,5,0,0\">B\u1ea3o qu\u1ea3n<\/span><\/td>\n<td><span data-path-to-node=\"1,5,1,0\">N\u01a1i kh\u00f4 r\u00e1o, tho\u00e1ng m\u00e1t, tr\u00e1nh \u00e1nh n\u1eafng tr\u1ef1c ti\u1ebfp<\/span><\/td>\n<\/tr>\n<tr>\n<td><span data-path-to-node=\"1,6,0,0\">Kh\u1ed1i l\u01b0\u1ee3ng<\/span><\/td>\n<td><span data-path-to-node=\"1,6,1,0\">200g<\/span><\/td>\n<\/tr>\n<\/tbody>\n<\/table>\n<p data-start=\"452\" data-end=\"813\">Gi\u1eefa r\u1ea5t nhi\u1ec1u lo\u1ea1i ng\u0169 c\u1ed1c quen thu\u1ed9c, ki\u1ec1u m\u1ea1ch lu\u00f4n mang m\u1ed9t n\u00e9t ri\u00eang kh\u00f3 nh\u1ea7m l\u1eabn. Kh\u00f4ng thu\u1ed9c h\u1ecd l\u00faa m\u00ec, kh\u00f4ng ch\u1ee9a gluten, nh\u01b0ng l\u1ea1i \u0111\u01b0\u1ee3c s\u1eed d\u1ee5ng theo c\u00e1ch g\u1ea7n gi\u1ed1ng nh\u01b0 m\u1ed9t lo\u1ea1i h\u1ea1t ng\u0169 c\u1ed1c truy\u1ec1n th\u1ed1ng, ki\u1ec1u m\u1ea1ch xu\u1ea5t hi\u1ec7n t\u1eeb r\u1ea5t s\u1edbm trong c\u00e1c n\u1ec1n \u1ea9m th\u1ef1c ch\u00e2u \u00c2u v\u00e0 ch\u00e2u \u00c1, \u0111\u1eb7c bi\u1ec7t l\u00e0 \u1edf nh\u1eefng v\u00f9ng kh\u00ed h\u1eadu l\u1ea1nh n\u01a1i \u0111i\u1ec1u ki\u1ec7n canh t\u00e1c kh\u1eafc nghi\u1ec7t h\u01a1n.<\/p>\n<p data-start=\"815\" data-end=\"1138\">T\u00ean g\u1ecdi \u201cbuckwheat\u201d \u0111\u00f4i khi khi\u1ebfn ng\u01b0\u1eddi ta l\u1ea7m t\u01b0\u1edfng \u0111\u00e2y l\u00e0 m\u1ed9t d\u1ea1ng l\u00faa m\u00ec, nh\u01b0ng th\u1ef1c ch\u1ea5t ki\u1ec1u m\u1ea1ch thu\u1ed9c h\u1ecd th\u1ef1c v\u1eadt ho\u00e0n to\u00e0n kh\u00e1c, m\u00e0 l\u00e0 h\u1ea1t c\u1ee7a m\u1ed9t lo\u1ea1i c\u00e2y th\u00e2n th\u1ea3o kh\u00f4ng ch\u1ee9a gluten t\u1ef1 nhi\u00ean, ph\u00f9 h\u1ee3p v\u1edbi nhi\u1ec1u ch\u1ebf \u0111\u1ed9 \u0103n hi\u1ec7n \u0111\u1ea1i h\u01b0\u1edbng \u0111\u1ebfn s\u1ef1 nh\u1eb9 nh\u00e0ng v\u00e0 c\u00e2n b\u1eb1ng h\u01a1n cho c\u01a1 th\u1ec3.<\/p>\n<p data-start=\"815\" data-end=\"1138\"><img fetchpriority=\"high\" decoding=\"async\" class=\"aligncenter\" src=\"https:\/\/upload.wikimedia.org\/wikipedia\/commons\/a\/a7\/Japanese_Buckwheat_Flower.JPG\" alt=\"Buckwheat - Wikipedia\" width=\"800\" height=\"594\" \/><\/p>\n<p data-start=\"815\" data-end=\"1138\">\u0110\u1ebfn t\u1eeb mi\u1ec1n Nam n\u01b0\u1edbc \u00dd \u2013 n\u01a1i \u0111\u01b0\u1ee3c m\u1ec7nh danh l\u00e0 tr\u00e1i tim c\u1ee7a n\u00f4ng nghi\u1ec7p h\u1eefu c\u01a1 \u2013 th\u01b0\u01a1ng hi\u1ec7u\u00a0<b data-path-to-node=\"6\" data-index-in-node=\"93\">Sottolestelle<\/b>\u00a0\u0111\u00e3 mang h\u1ea1t ki\u1ec1u m\u1ea1ch v\u1ec1 v\u1edbi quy tr\u00ecnh canh t\u00e1c kh\u00e9p k\u00edn, t\u00f4n tr\u1ecdng s\u1ef1 c\u00e2n b\u1eb1ng c\u1ee7a h\u1ec7 sinh th\u00e1i: kh\u00f4ng x\u1eed l\u00fd h\u00f3a ch\u1ea5t, kh\u00f4ng tinh ch\u1ebf s\u00e2u, gi\u1eef tr\u1ecdn h\u00ecnh d\u00e1ng tam gi\u00e1c \u0111\u1eb7c tr\u01b0ng c\u00f9ng l\u1edbp \u00e1o m\u00e0u n\u00e2u nh\u1ea1t pha xanh x\u00e1m<\/p>\n<p data-start=\"815\" data-end=\"1138\">Khi ch\u01b0a ch\u1ebf bi\u1ebfn, h\u1ea1t c\u00f3 m\u00f9i th\u01a1m nh\u1eb9 nh\u00e0ng c\u1ee7a \u0111\u1ea5t v\u00e0 g\u1ed7 r\u1eebng, khi n\u1ea5u ch\u00edn, ki\u1ec1u m\u1ea1ch mang \u0111\u1ebfn m\u1ed9t k\u1ebft c\u1ea5u kh\u00e1 th\u00fa v\u1ecb, m\u1ec1m nh\u01b0ng kh\u00f4ng nh\u00e3o, gi\u1eef \u0111\u01b0\u1ee3c \u0111\u1ed9 t\u01a1i v\u00e0 h\u01a1i dai nh\u1eb9, h\u01b0\u01a1ng v\u1ecb b\u00f9i, thoang tho\u1ea3ng m\u00f9i h\u1ea1t rang.<\/p>\n<p data-start=\"815\" data-end=\"1138\"><img decoding=\"async\" class=\"aligncenter\" src=\"https:\/\/havamall.com\/wp-content\/uploads\/2026\/04\/small-web.jpg\" alt=\"How to Cook Buckwheat?\" width=\"801\" height=\"493\" \/><\/p>\n<p data-path-to-node=\"10\">V\u1edbi h\u00e0m l\u01b0\u1ee3ng\u00a0<b data-path-to-node=\"10\" data-index-in-node=\"117\">Protein th\u1ef1c v\u1eadt<\/b>\u00a0ch\u1ea5t l\u01b0\u1ee3ng cao v\u00e0 \u0111\u1ea7y \u0111\u1ee7 axit amin thi\u1ebft y\u1ebfu, \u0111\u00e2y l\u00e0 ngu\u1ed3n n\u0103ng l\u01b0\u1ee3ng s\u1ea1ch l\u00fd t\u01b0\u1edfng cho nh\u1eefng ng\u01b0\u1eddi \u0103n chay ho\u1eb7c theo \u0111u\u1ed5i ch\u1ebf \u0111\u1ed9\u00a0<i data-path-to-node=\"10\" data-index-in-node=\"264\">Clean Eating<\/i>.\u00a0\u0110\u1eb7c bi\u1ec7t, b\u1ea3n ch\u1ea5t\u00a0<b data-path-to-node=\"11\" data-index-in-node=\"19\">kh\u00f4ng ch\u1ee9a Gluten<\/b>\u00a0t\u1ef1 nhi\u00ean bi\u1ebfn ki\u1ec1u m\u1ea1ch th\u00e0nh &#8220;c\u1ee9u c\u00e1nh&#8221; cho nh\u1eefng c\u01a1 \u0111\u1ecba nh\u1ea1y c\u1ea3m v\u1edbi \u0111\u1ea1m l\u00faa m\u00ec. B\u00ean c\u1ea1nh \u0111\u00f3, ch\u1ec9 s\u1ed1 \u0111\u01b0\u1eddng huy\u1ebft (GI) th\u1ea5p c\u00f9ng s\u1ef1 hi\u1ec7n di\u1ec7n c\u1ee7a c\u00e1c ch\u1ea5t ch\u1ed1ng oxy h\u00f3a m\u1ea1nh m\u1ebd nh\u01b0\u00a0<b data-path-to-node=\"11\" data-index-in-node=\"219\">Rutin v\u00e0 Quercetin<\/b>\u00a0gi\u00fap h\u1ed7 tr\u1ee3 h\u1ec7 ti\u00eau h\u00f3a, \u1ed5n \u0111\u1ecbnh \u0111\u01b0\u1eddng huy\u1ebft v\u00e0 b\u1ea3o v\u1ec7 h\u1ec7 tim m\u1ea1ch d\u1ebbo dai tr\u01b0\u1edbc \u00e1p l\u1ef1c c\u1ee7a th\u1eddi gian.<\/p>\n<p data-path-to-node=\"6\">C\u00e1ch ch\u1ebf bi\u1ebfn \u0111\u01a1n gi\u1ea3n nh\u1ea5t l\u00e0 n\u1ea5u ch\u00edn h\u1ea1t nh\u01b0 c\u01a1m th\u00f4ng th\u01b0\u1eddng \u0111\u1ec3 \u0103n c\u00f9ng c\u00e1c m\u00f3n m\u1eb7n, ho\u1eb7c bi\u1ebfn t\u1ea5u th\u00e0nh m\u00f3n salad ki\u1ec1u m\u1ea1ch r\u1ef1c r\u1ee1 s\u1eafc m\u00e0u khi tr\u1ed9n c\u00f9ng c\u00e0 chua bi, d\u01b0a leo, d\u1ea7u \u00f4 liu v\u00e0 m\u1ed9t \u00edt l\u00e1 th\u01a1m. V\u1edbi nh\u1eefng ai y\u00eau th\u00edch s\u1ef1 ph\u00e1 c\u00e1ch, vi\u1ec7c rang th\u01a1m h\u1ea1t ki\u1ec1u m\u1ea1ch r\u1ed3i h\u00e3m th\u00e0nh tr\u00e0 l\u00e0 m\u1ed9t c\u00e1ch tuy\u1ec7t v\u1eddi \u0111\u1ec3 thanh l\u1ecdc c\u01a1 th\u1ec3, mang l\u1ea1i c\u1ea3m gi\u00e1c th\u01b0 th\u00e1i sau m\u1ed9t ng\u00e0y l\u00e0m vi\u1ec7c c\u0103ng th\u1eb3ng.<\/p>\n<p data-path-to-node=\"6\"><img decoding=\"async\" class=\"aligncenter\" src=\"https:\/\/d28m5bx785ox17.cloudfront.net\/v1\/img\/Xt2d-OXaYyRs446bx29wbFDAIvP3XEREjzXCKFWBSjk=\/d\/l\" alt=\"Buckwheat Salad Recipe\" width=\"801\" height=\"1202\" \/><\/p>\n<p data-path-to-node=\"7\">M\u1ed9t m\u00f3n \u0103n \u0111ang c\u1ef1c k\u1ef3 &#8220;hot&#8221; v\u00e0 \u0111\u01b0\u1ee3c gi\u1edbi tr\u1ebb y\u00eau chu\u1ed9ng ch\u00ednh l\u00e0 m\u00f3n Buckwheat Bowl \u2013 b\u00e1t ki\u1ec1u m\u1ea1ch k\u1ebft h\u1ee3p c\u00f9ng c\u00e1c lo\u1ea1i qu\u1ea3 m\u1ecdng, h\u1ea1t chia v\u00e0 s\u1eefa h\u1ea1nh nh\u00e2n cho b\u1eefa s\u00e1ng tr\u00e0n \u0111\u1ea7y n\u0103ng l\u01b0\u1ee3ng. Kh\u00f4ng c\u1ea7n nh\u1eefng k\u1ef9 thu\u1eadt c\u1ea7u k\u1ef3, ch\u1ec9 c\u1ea7n ng\u00e2m h\u1ea1t qua \u0111\u00eam ho\u1eb7c lu\u1ed9c ch\u00edn trong kho\u1ea3ng 15 \u2013 20 ph\u00fat, \u0111\u00e3 c\u00f3 ngay n\u1ec1n t\u1ea3ng cho m\u1ed9t b\u1eefa \u0103n chu\u1ea9n &#8220;clean eating&#8221;. S\u1ef1 linh ho\u1ea1t c\u1ee7a ki\u1ec1u m\u1ea1ch c\u00f2n th\u1ec3 hi\u1ec7n \u1edf vi\u1ec7c n\u00f3 c\u00f3 th\u1ec3 xu\u1ea5t hi\u1ec7n trong c\u00e1c m\u00f3n s\u00fap n\u00f3ng h\u1ed5i, t\u1ea1o \u0111\u1ed9 s\u00e1nh \u0111\u1eb7c t\u1ef1 nhi\u00ean v\u00e0 gia t\u0103ng h\u01b0\u01a1ng v\u1ecb \u0111\u1eadm \u0111\u00e0 cho n\u01b0\u1edbc d\u00f9ng.<\/p>\n<p data-path-to-node=\"8\"><img loading=\"lazy\" decoding=\"async\" class=\"aligncenter\" src=\"https:\/\/havamall.com\/wp-content\/uploads\/2026\/04\/d6f71d_c3ca3547cc684b6db267ff6cf0439f0e_mv2.jpg\" alt=\"BUCKWHEAT BOWL\" width=\"801\" height=\"1068\" \/><\/p>\n<p data-path-to-node=\"9\">H\u1ea1t Ki\u1ec1u M\u1ea1ch H\u1eefu C\u01a1 Sottolestelle 500g hi\u1ec7n \u0111ang \u0111\u01b0\u1ee3c b\u00e1n t\u1ea1i Havamall.<\/p>","protected":false},"excerpt":{"rendered":"<p>TH\u00d4NG TIN S\u1ea2N PH\u1ea8M Th\u01b0\u01a1ng hi\u1ec7u Sottolestelle Xu\u1ea5t x\u1ee9 \u00dd (Italy) Th\u00e0nh ph\u1ea7n Xem tr\u00ean bao b\u00ec H\u1ea1n s\u1eed d\u1ee5ng<\/p>","protected":false},"featured_media":44868,"comment_status":"open","ping_status":"closed","template":"","meta":[],"product_brand":[],"product_cat":[626],"product_tag":[],"class_list":{"0":"post-44867","1":"product","2":"type-product","3":"status-publish","4":"has-post-thumbnail","6":"product_cat-het-hang","8":"first","9":"instock","10":"sale","11":"shipping-taxable","12":"purchasable","13":"product-type-simple"},"_links":{"self":[{"href":"https:\/\/havamall.vn\/en\/wp-json\/wp\/v2\/product\/44867"}],"collection":[{"href":"https:\/\/havamall.vn\/en\/wp-json\/wp\/v2\/product"}],"about":[{"href":"https:\/\/havamall.vn\/en\/wp-json\/wp\/v2\/types\/product"}],"replies":[{"embeddable":true,"href":"https:\/\/havamall.vn\/en\/wp-json\/wp\/v2\/comments?post=44867"}],"version-history":[{"count":0,"href":"https:\/\/havamall.vn\/en\/wp-json\/wp\/v2\/product\/44867\/revisions"}],"wp:featuredmedia":[{"embeddable":true,"href":"https:\/\/havamall.vn\/en\/wp-json\/wp\/v2\/media\/44868"}],"wp:attachment":[{"href":"https:\/\/havamall.vn\/en\/wp-json\/wp\/v2\/media?parent=44867"}],"wp:term":[{"taxonomy":"product_brand","embeddable":true,"href":"https:\/\/havamall.vn\/en\/wp-json\/wp\/v2\/product_brand?post=44867"},{"taxonomy":"product_cat","embeddable":true,"href":"https:\/\/havamall.vn\/en\/wp-json\/wp\/v2\/product_cat?post=44867"},{"taxonomy":"product_tag","embeddable":true,"href":"https:\/\/havamall.vn\/en\/wp-json\/wp\/v2\/product_tag?post=44867"}],"curies":[{"name":"wp","href":"https:\/\/api.w.org\/{rel}","templated":true}]}}