{"id":44860,"date":"2026-03-31T15:18:09","date_gmt":"2026-03-31T08:18:09","guid":{"rendered":"https:\/\/havamall.vn\/?post_type=product&#038;p=44860"},"modified":"2026-03-31T15:18:15","modified_gmt":"2026-03-31T08:18:15","slug":"bo-ghee-huu-co-nguyen-chat-ghee-easy-100g-ghee-easy-bio-organic-ghee","status":"publish","type":"product","link":"https:\/\/havamall.vn\/en\/shop\/bo-ghee-huu-co-nguyen-chat-ghee-easy-100g-ghee-easy-bio-organic-ghee\/","title":{"rendered":"B\u01a1 Ghee H\u1eefu C\u01a1 Nguy\u00ean Ch\u1ea5t Ghee Easy 100g \u2013 Ghee Easy Bio Organic Ghee"},"content":{"rendered":"<p><span style=\"font-size: 18pt\"><strong>TH\u00d4NG TIN S\u1ea2N PH\u1ea8M<\/strong><\/span><\/p>\n<table style=\"width: 60.727%;height: 80px\" data-path-to-node=\"1\">\n<tbody>\n<tr>\n<td><span data-path-to-node=\"1,1,0,0\">Th\u01b0\u01a1ng hi\u1ec7u<\/span><\/td>\n<td><span data-path-to-node=\"1,1,1,0\">Ghee Easy<\/span><\/td>\n<\/tr>\n<tr>\n<td><span data-path-to-node=\"1,2,0,0\">Xu\u1ea5t x\u1ee9<\/span><\/td>\n<td><span data-path-to-node=\"1,2,1,0\">H\u00e0 Lan (Netherlands)<\/span><\/td>\n<\/tr>\n<tr>\n<td><span data-path-to-node=\"1,3,0,0\">Th\u00e0nh ph\u1ea7n<\/span><\/td>\n<td><span data-path-to-node=\"1,3,1,0\">Xem tr\u00ean bao b\u00ec<\/span><\/td>\n<\/tr>\n<tr>\n<td><span data-path-to-node=\"1,4,0,0\">H\u1ea1n s\u1eed d\u1ee5ng<\/span><\/td>\n<td><span data-path-to-node=\"1,4,1,0\">24 th\u00e1ng k\u1ec3 t\u1eeb ng\u00e0y s\u1ea3n xu\u1ea5t<\/span><\/td>\n<\/tr>\n<tr>\n<td><span data-path-to-node=\"1,5,0,0\">B\u1ea3o qu\u1ea3n<\/span><\/td>\n<td><span data-path-to-node=\"1,5,1,0\">N\u01a1i kh\u00f4 r\u00e1o, tho\u00e1ng m\u00e1t, kh\u00f4ng c\u1ea7n b\u1ea3o qu\u1ea3n l\u1ea1nh sau khi m\u1edf n\u1eafp<\/span><\/td>\n<\/tr>\n<tr>\n<td><span data-path-to-node=\"1,6,0,0\">Kh\u1ed1i l\u01b0\u1ee3ng<\/span><\/td>\n<td><span data-path-to-node=\"1,6,1,0\">100g<\/span><\/td>\n<\/tr>\n<\/tbody>\n<\/table>\n<p>Kh\u00f4ng ch\u1ec9 \u0111\u01a1n thu\u1ea7n l\u00e0 m\u1ed9t lo\u1ea1i ch\u1ea5t b\u00e9o, Ghee \u0111\u1ea1i di\u1ec7n cho s\u1ef1 tinh l\u1ecdc v\u00e0 thu\u1ea7n khi\u1ebft nh\u1ea5t. Ti\u1ebfp n\u1ed1i tri\u1ebft l\u00fd ng\u00e0n \u0111\u1eddi \u0111\u00f3,\u00a0<b data-path-to-node=\"3\" data-index-in-node=\"308\">Ghee Easy<\/b>\u00a0\u0111\u00e3 vi\u1ebft n\u00ean m\u1ed9t ch\u01b0\u01a1ng m\u1edbi khi k\u1ebft h\u1ee3p tr\u00ed tu\u1ec7 ph\u01b0\u01a1ng \u0110\u00f4ng v\u1edbi ngu\u1ed3n nguy\u00ean li\u1ec7u th\u01b0\u1ee3ng h\u1ea1ng t\u1eeb nh\u1eefng trang tr\u1ea1i h\u1eefu c\u01a1 t\u1ea1i H\u00e0 Lan \u2013 n\u01a1i nh\u1eefng ch\u00fa b\u00f2 \u0111\u01b0\u1ee3c ch\u0103n th\u1ea3 t\u1ef1 do tr\u00ean c\u00e1nh \u0111\u1ed3ng c\u1ecf xanh m\u01b0\u1edbt \u0111\u1ec3 cho ra d\u00f2ng s\u1eefa gi\u00e0u d\u01b0\u1ee1ng ch\u1ea5t \u0111\u1ea1t chu\u1ea9n\u00a0<b data-path-to-node=\"3\" data-index-in-node=\"561\">Bio Organic<\/b>\u00a0c\u1ee7a Ch\u00e2u \u00c2u.<\/p>\n<p><img fetchpriority=\"high\" decoding=\"async\" class=\"aligncenter\" src=\"https:\/\/havamall.com\/wp-content\/uploads\/2026\/03\/vn-11134207-820l4-mgde3s57i42110.jpg\" width=\"800\" height=\"800\" \/><\/p>\n<p data-path-to-node=\"5\">B\u01a1 \u0111\u01b0\u1ee3c \u0111un n\u00f3ng c\u1ea9n th\u1eadn \u1edf nhi\u1ec7t \u0111\u1ed9 th\u1ea5p trong th\u1eddi gian d\u00e0i \u0111\u1ec3 t\u00e1ch b\u1ecf ho\u00e0n to\u00e0n n\u01b0\u1edbc, \u0111\u01b0\u1eddng s\u1eefa (lactose) v\u00e0 \u0111\u1ea1m s\u1eefa (casein). K\u1ebft qu\u1ea3 thu \u0111\u01b0\u1ee3c l\u00e0 l\u1edbp ch\u1ea5t b\u00e9o trong v\u1eaft, \u00f3ng \u1ea3 v\u1edbi m\u00e0u v\u00e0ng \u1ea5m c\u1ee7a n\u1eafng.<\/p>\n<p data-path-to-node=\"6\">Kh\u00e1c v\u1edbi b\u01a1 th\u00f4ng th\u01b0\u1eddng c\u00f3 m\u00f9i th\u01a1m n\u1ed3ng nh\u01b0ng ng\u1eafn, Ghee Easy mang h\u01b0\u01a1ng th\u01a1m tr\u1ea7m l\u1eafng, ph\u1ea3ng ph\u1ea5t m\u00f9i h\u1ea1t d\u1ebb rang v\u00e0 v\u1ecb b\u00e9o ng\u1eady s\u00e2u l\u1eafng v\u1edbi h\u1eadu v\u1ecb ng\u1ecdt nh\u1eb9 \u0111\u1eb7c tr\u01b0ng. Do \u0111\u00e3 \u0111\u01b0\u1ee3c lo\u1ea1i b\u1ecf c\u00e1c th\u00e0nh ph\u1ea7n d\u1ec5 g\u00e2y kh\u00f3 ti\u00eau, Ghee tr\u1edf th\u00e0nh &#8220;c\u1ee9u c\u00e1nh&#8221; ho\u00e0n h\u1ea3o cho nh\u1eefng ng\u01b0\u1eddi c\u00f3 c\u01a1 \u0111\u1ecba nh\u1ea1y c\u1ea3m ho\u1eb7c kh\u00f4ng dung n\u1ea1p \u0111\u01b0\u1eddng s\u1eefa, \u0111\u1ed3ng th\u1eddi c\u1ef1c k\u1ef3 \u1ed5n \u0111\u1ecbnh, kh\u00f4ng b\u1ecb \u00f4i thiu ngay c\u1ea3 \u1edf nhi\u1ec7t \u0111\u1ed9 th\u01b0\u1eddng.<\/p>\n<p data-path-to-node=\"6\"><img decoding=\"async\" class=\"aligncenter\" src=\"https:\/\/havamall.com\/wp-content\/uploads\/2026\/03\/564591683-1417675157030342-6591270624983430834-n.jpg\" width=\"801\" height=\"871\" \/><\/p>\n<p data-path-to-node=\"6\">\u0110i\u1ec3m kh\u00e1c bi\u1ec7t l\u1edbn nh\u1ea5t khi\u1ebfn Ghee Easy tr\u1edf th\u00e0nh l\u1ef1a ch\u1ecdn \u01b0u vi\u1ec7t c\u1ee7a nh\u1eefng ng\u01b0\u1eddi s\u00e0nh \u0103n ch\u00ednh l\u00e0\u00a0<b data-path-to-node=\"8\" data-index-in-node=\"100\">\u0111i\u1ec3m kh\u00f3i c\u1ef1c cao (l\u00ean \u0111\u1ebfn 250\u00b0C)<\/b>.\u00a0Trong khi b\u01a1 th\u01b0\u1eddng hay d\u1ea7u \u00e9p l\u1ea1nh d\u1ec5 b\u1ecb ch\u00e1y v\u00e0 bi\u1ebfn ch\u1ea5t \u1edf nhi\u1ec7t \u0111\u1ed9 cao, Ghee Easy gi\u1eef nguy\u00ean gi\u00e1 tr\u1ecb dinh d\u01b0\u1ee1ng, kh\u00f4ng s\u1ea3n sinh g\u1ed1c t\u1ef1 do khi chi\u00ean, x\u00e0o hay \u00e1p ch\u1ea3o.\u00a0\u1ede nhi\u1ec7t \u0111\u1ed9 m\u00e1t, b\u01a1 k\u1ebft tinh m\u1ecbn m\u00e0ng nh\u01b0 kem, nh\u01b0ng khi g\u1eb7p nhi\u1ec7t s\u1ebd l\u1eadp t\u1ee9c tan ch\u1ea3y th\u00e0nh l\u00e0n s\u00f3ng l\u00f3ng l\u00e1nh, bao ph\u1ee7 v\u00e0 n\u00e2ng t\u1ea7m h\u01b0\u01a1ng v\u1ecb cho m\u1ecdi nguy\u00ean li\u1ec7u. M\u1ed9t mi\u1ebfng b\u00f2 b\u00edt t\u1ebft \u00e1p ch\u1ea3o c\u00f9ng Ghee s\u1ebd c\u00f3 l\u1edbp v\u1ecf caramel gi\u00f2n th\u01a1m m\u00e0 b\u00ean trong v\u1eabn m\u1ecdng n\u01b0\u1edbc ho\u00e0n h\u1ea3o.<\/p>\n<p data-path-to-node=\"6\"><img decoding=\"async\" class=\"aligncenter\" src=\"https:\/\/i0.wp.com\/krinasfoodventures.com\/wp-content\/uploads\/2019\/08\/9C262B0A-B04E-43B6-86B0-78F0F5A67DAC.jpeg?fit=3024%2C3024&amp;ssl=1\" alt=\"Ghee - Clarified Butter\" width=\"801\" height=\"801\" \/><\/p>\n<p data-path-to-node=\"6\">V\u1ec1 m\u1eb7t dinh d\u01b0\u1ee1ng, Ghee Easy l\u00e0 ngu\u1ed3n cung c\u1ea5p d\u1ed3i d\u00e0o c\u00e1c Vitamin tan trong d\u1ea7u nh\u01b0\u00a0<b data-path-to-node=\"11\" data-index-in-node=\"85\">A, D, E v\u00e0 K<\/b>, h\u1ed7 tr\u1ee3 th\u1ecb l\u1ef1c v\u00e0 h\u1ea5p th\u1ee5 kho\u00e1ng ch\u1ea5t. \u0110\u1eb7c bi\u1ec7t, s\u1ef1 hi\u1ec7n di\u1ec7n c\u1ee7a\u00a0<b data-path-to-node=\"11\" data-index-in-node=\"165\">Butyrate<\/b>\u00a0\u2013 m\u1ed9t axit b\u00e9o chu\u1ed7i ng\u1eafn \u2013 \u0111\u00f3ng vai tr\u00f2 quan tr\u1ecdng trong vi\u1ec7c nu\u00f4i d\u01b0\u1ee1ng l\u1ee3i khu\u1ea9n \u0111\u01b0\u1eddng ru\u1ed9t v\u00e0 gi\u1ea3m vi\u00eam hi\u1ec7u qu\u1ea3. \u0110\u1ed1i v\u1edbi nh\u1eefng ai \u0111ang theo \u0111u\u1ed5i ch\u1ebf \u0111\u1ed9 \u0103n\u00a0<b data-path-to-node=\"11\" data-index-in-node=\"334\">Keto, Paleo hay Carnivore<\/b>, \u0111\u00e2y ch\u00ednh l\u00e0 ngu\u1ed3n n\u0103ng l\u01b0\u1ee3ng s\u1ea1ch b\u1ec1n b\u1ec9, gi\u00fap duy tr\u00ec s\u1ef1 t\u1ec9nh t\u00e1o v\u00e0 v\u00f3c d\u00e1ng c\u00e2n \u0111\u1ed1i.<\/p>\n<p data-path-to-node=\"6\"><img loading=\"lazy\" decoding=\"async\" class=\"aligncenter\" src=\"https:\/\/havamall.com\/wp-content\/uploads\/2026\/03\/clarifiedbutter-ghee.jpg\" alt=\"What's the Difference Between Clarified Butter and Ghee? | HowStuffWorks\" width=\"800\" height=\"450\" \/><\/p>\n<p data-path-to-node=\"14,0,0\">Ph\u1ebft m\u1ed9t l\u1edbp Ghee l\u00ean g\u00e0 ho\u1eb7c rau c\u1ee7 tr\u01b0\u1edbc khi n\u01b0\u1edbng \u0111\u1ec3 t\u1ea1o m\u00e0u v\u00e0ng c\u00e1nh gi\u00e1n b\u1eaft m\u1eaft. Ch\u1ec9 m\u1ed9t l\u01b0\u1ee3ng nh\u1ecf c\u0169ng \u0111\u1ee7 thay \u0111\u1ed5i to\u00e0n b\u1ed9 tr\u1ea3i nghi\u1ec7m m\u00f3n \u0103n, t\u1eeb c\u01a1m n\u00f3ng, c\u00e0 ri \u0111\u1ebfn c\u00e1c lo\u1ea1i b\u00e1nh truy\u1ec1n th\u1ed1ng. Ghee l\u00e0 th\u00e0nh ph\u1ea7n c\u1ed1t l\u00f5i c\u1ee7a m\u00f3n\u00a0<b data-path-to-node=\"14,1,0\" data-index-in-node=\"57\">&#8220;Bulletproof Coffee&#8221;<\/b>\u00a0tr\u1ee9 danh, t\u1ea1o n\u00ean ly c\u00e0 ph\u00ea b\u00e9o ng\u1eady gi\u00fap tinh th\u1ea7n minh m\u1eabn su\u1ed1t bu\u1ed5i s\u00e1ng.<\/p>\n<p data-path-to-node=\"14,0,0\"><em><b data-path-to-node=\"16,0\" data-index-in-node=\"0\">B\u01a1 Ghee H\u1eefu C\u01a1 Nguy\u00ean Ch\u1ea5t Ghee Easy 100g hi\u1ec7n \u0111ang \u0111\u01b0\u1ee3c ph\u00e2n ph\u1ed1i ch\u00ednh h\u00e3ng t\u1ea1i Havamall \u2013 \u0111\u01a1n v\u1ecb chuy\u00ean nh\u1eadp kh\u1ea9u c\u00e1c d\u00f2ng th\u1ef1c ph\u1ea9m cao c\u1ea5p, cam k\u1ebft ch\u1ea5t l\u01b0\u1ee3ng chu\u1ea9n m\u1ef1c<\/b><\/em><\/p>","protected":false},"excerpt":{"rendered":"<p>TH\u00d4NG TIN S\u1ea2N PH\u1ea8M Th\u01b0\u01a1ng hi\u1ec7u Ghee Easy Xu\u1ea5t x\u1ee9 H\u00e0 Lan (Netherlands) Th\u00e0nh ph\u1ea7n Xem tr\u00ean bao b\u00ec H\u1ea1n<\/p>","protected":false},"featured_media":44861,"comment_status":"open","ping_status":"closed","template":"","meta":[],"product_brand":[],"product_cat":[677,256],"product_tag":[],"class_list":{"0":"post-44860","1":"product","2":"type-product","3":"status-publish","4":"has-post-thumbnail","6":"product_cat-cac-nuoc-khac","7":"product_cat-thuc-pham-huu-co","9":"first","10":"instock","11":"sale","12":"shipping-taxable","13":"purchasable","14":"product-type-simple"},"_links":{"self":[{"href":"https:\/\/havamall.vn\/en\/wp-json\/wp\/v2\/product\/44860"}],"collection":[{"href":"https:\/\/havamall.vn\/en\/wp-json\/wp\/v2\/product"}],"about":[{"href":"https:\/\/havamall.vn\/en\/wp-json\/wp\/v2\/types\/product"}],"replies":[{"embeddable":true,"href":"https:\/\/havamall.vn\/en\/wp-json\/wp\/v2\/comments?post=44860"}],"version-history":[{"count":0,"href":"https:\/\/havamall.vn\/en\/wp-json\/wp\/v2\/product\/44860\/revisions"}],"wp:featuredmedia":[{"embeddable":true,"href":"https:\/\/havamall.vn\/en\/wp-json\/wp\/v2\/media\/44861"}],"wp:attachment":[{"href":"https:\/\/havamall.vn\/en\/wp-json\/wp\/v2\/media?parent=44860"}],"wp:term":[{"taxonomy":"product_brand","embeddable":true,"href":"https:\/\/havamall.vn\/en\/wp-json\/wp\/v2\/product_brand?post=44860"},{"taxonomy":"product_cat","embeddable":true,"href":"https:\/\/havamall.vn\/en\/wp-json\/wp\/v2\/product_cat?post=44860"},{"taxonomy":"product_tag","embeddable":true,"href":"https:\/\/havamall.vn\/en\/wp-json\/wp\/v2\/product_tag?post=44860"}],"curies":[{"name":"wp","href":"https:\/\/api.w.org\/{rel}","templated":true}]}}