{"id":44853,"date":"2026-03-31T13:41:36","date_gmt":"2026-03-31T06:41:36","guid":{"rendered":"https:\/\/havamall.vn\/?post_type=product&#038;p=44853"},"modified":"2026-03-31T13:41:38","modified_gmt":"2026-03-31T06:41:38","slug":"dau-o-liu-huu-co-ep-lanh-extra-virgin-crudolio-100ml-crudolio-organic-extra-virgin-olive-oil","status":"publish","type":"product","link":"https:\/\/havamall.vn\/en\/shop\/dau-o-liu-huu-co-ep-lanh-extra-virgin-crudolio-100ml-crudolio-organic-extra-virgin-olive-oil\/","title":{"rendered":"D\u1ea7u \u00d4 Liu H\u1eefu C\u01a1 \u00c9p L\u1ea1nh Extra Virgin Crudolio 100ml \u2013 Crudolio Organic Extra Virgin Olive Oil"},"content":{"rendered":"<h2 data-path-to-node=\"3\">TH\u00d4NG TIN S\u1ea2N PH\u1ea8M<\/h2>\n<table style=\"width: 46.7468%;height: 168px\" width=\"308\" data-path-to-node=\"1\">\n<tbody>\n<tr style=\"height: 28px\">\n<td style=\"height: 28px\"><span data-path-to-node=\"1,1,0,0\">Th\u01b0\u01a1ng hi\u1ec7u<\/span><\/td>\n<td style=\"height: 28px\">Crudolio<\/td>\n<\/tr>\n<tr style=\"height: 28px\">\n<td style=\"height: 28px\"><span data-path-to-node=\"1,2,0,0\">Xu\u1ea5t x\u1ee9<\/span><\/td>\n<td style=\"height: 28px\">\u00dd (Italy)<\/td>\n<\/tr>\n<tr style=\"height: 28px\">\n<td style=\"height: 28px\"><span data-path-to-node=\"1,3,0,0\">Th\u00e0nh ph\u1ea7n<\/span><\/td>\n<td style=\"height: 28px\">100% d\u1ea7u \u00f4 liu nguy\u00ean ch\u1ea5t chi\u1ebft xu\u1ea5t t\u1eeb canh t\u00e1c h\u1eefu c\u01a1<\/td>\n<\/tr>\n<tr style=\"height: 28px\">\n<td style=\"height: 28px\"><span data-path-to-node=\"1,4,0,0\">H\u1ea1n s\u1eed d\u1ee5ng<\/span><\/td>\n<td style=\"height: 28px\">Xem tr\u00ean bao b\u00ec<\/td>\n<\/tr>\n<tr style=\"height: 28px\">\n<td style=\"height: 28px\"><span data-path-to-node=\"1,5,0,0\">B\u1ea3o qu\u1ea3n<\/span><\/td>\n<td style=\"height: 28px\">N\u01a1i kh\u00f4 r\u00e1o, tr\u00e1nh \u00e1nh n\u1eafng tr\u1ef1c ti\u1ebfp v\u00e0 nhi\u1ec7t \u0111\u1ed9 cao<\/td>\n<\/tr>\n<tr style=\"height: 28px\">\n<td style=\"height: 28px\"><span data-path-to-node=\"1,6,0,0\">Kh\u1ed1i l\u01b0\u1ee3ng<\/span><\/td>\n<td style=\"height: 28px\">100ml<\/td>\n<\/tr>\n<\/tbody>\n<\/table>\n<p data-path-to-node=\"3\">\u0110\u01b0\u1ee3c h\u00ecnh th\u00e0nh t\u1eeb ni\u1ec1m \u0111am m\u00ea v\u1edbi n\u00f4ng nghi\u1ec7p s\u1ea1ch, th\u01b0\u01a1ng hi\u1ec7u Crudolio kh\u00f4ng ch\u1ec9 \u0111\u01a1n thu\u1ea7n l\u00e0 m\u1ed9t c\u00e1i t\u00ean, m\u00e0 l\u00e0 l\u1eddi cam k\u1ebft v\u1ec1 m\u1ed9t l\u1ed1i s\u1ed1ng l\u00e0nh m\u1ea1nh, t\u00f4n tr\u1ecdng thi\u00ean nhi\u00ean v\u00e0 gi\u00e1 tr\u1ecb c\u1ed1t l\u00f5i c\u1ee7a th\u1ef1c ph\u1ea9m nguy\u00ean b\u1ea3n. M\u1ed7i chai d\u1ea7u \u00f4 liu nguy\u00ean ch\u1ea5t \u00e9p l\u1ea1nh h\u1eefu c\u01a1 Crudolio l\u00e0 k\u1ebft tinh c\u1ee7a m\u1ed9t quy tr\u00ecnh nghi\u00eam ng\u1eb7t, b\u1eaft \u0111\u1ea7u t\u1eeb nh\u1eefng qu\u1ea3 \u00f4 liu c\u0103ng m\u1ecdng \u0111\u01b0\u1ee3c ch\u0103m s\u00f3c trong c\u00e1c trang tr\u1ea1i h\u1eefu c\u01a1 \u0111\u1ea1t chu\u1ea9n Ch\u00e2u \u00c2u.<\/p>\n<p data-path-to-node=\"3\"><img fetchpriority=\"high\" decoding=\"async\" class=\"aligncenter\" src=\"https:\/\/havamall.com\/wp-content\/uploads\/2026\/03\/vn-11134207-820l4-mjh31dcjsikj31-1768403007370.jpg\" alt=\"D\u1ea7u \u0102n H\u1eefu C\u01a1 \u00c9p L\u1ea1nh Nguy\u00ean Ch\u1ea5t CRUDOLIO, D\u1ea7u Olive, D\u1ea7u ...\" width=\"801\" height=\"801\" \/><\/p>\n<p data-path-to-node=\"5\">Trong h\u00e0nh tr\u00ecnh t\u1eeb trang tr\u1ea1i \u0111\u1ebfn b\u00e0n \u0103n, kh\u00e1i ni\u1ec7m <b data-path-to-node=\"5\" data-index-in-node=\"53\">&#8220;Extra Virgin&#8221;<\/b> kh\u00f4ng ch\u1ec9 l\u00e0 m\u1ed9t ti\u00eau chu\u1ea9n ch\u1ea5t l\u01b0\u1ee3ng m\u00e0 c\u00f2n l\u00e0 c\u00e1ch gi\u1eef l\u1ea1i tr\u1ecdn v\u1eb9n tinh th\u1ea7n nguy\u00ean b\u1ea3n c\u1ee7a th\u1ef1c ph\u1ea9m. M\u1ed7i chai d\u1ea7u Crudolio 100ml l\u00e0 k\u1ebft tinh c\u1ee7a quy tr\u00ecnh nghi\u00eam ng\u1eb7t: nh\u1eefng qu\u1ea3 \u00f4 liu h\u1eefu c\u01a1 c\u0103ng m\u1ecdng \u0111\u01b0\u1ee3c thu ho\u1ea1ch khi \u0111\u1ea1t \u0111\u1ed9 ch\u00edn l\u00fd t\u01b0\u1edfng, sau \u0111\u00f3 \u0111\u01b0\u1ee3c \u00e9p l\u1ea1nh ngay (cold pressed) \u1edf nhi\u1ec7t \u0111\u1ed9 d\u01b0\u1edbi 27\u00b0C.<\/p>\n<p data-path-to-node=\"6\">Kh\u00e1c v\u1edbi c\u00e1c ph\u01b0\u01a1ng ph\u00e1p s\u1ea3n xu\u1ea5t c\u00f4ng nghi\u1ec7p s\u1eed d\u1ee5ng nhi\u1ec7t \u0111\u1ed9 cao l\u00e0m bi\u1ebfn \u0111\u1ed5i c\u1ea5u tr\u00fac, c\u00f4ng ngh\u1ec7 \u00e9p l\u1ea1nh gi\u00fap l\u01b0u gi\u1eef tr\u1ecdn v\u1eb9n c\u00e1c h\u1ee3p ch\u1ea5t ch\u1ed1ng oxy h\u00f3a v\u00e0 h\u01b0\u01a1ng v\u1ecb t\u1ef1 nhi\u00ean. V\u1ec1 c\u1ea3m quan, d\u1ea7u \u0111\u1ea1t \u0111\u1ed9 trong tr\u1ebbo tuy\u1ec7t \u0111\u1ed1i v\u1edbi s\u1eafc v\u00e0ng \u00e1nh xanh \u0111\u1eb7c tr\u01b0ng. Khi n\u1ebfm th\u1eed, b\u1ea1n s\u1ebd c\u1ea3m nh\u1eadn \u0111\u01b0\u1ee3c v\u1ecb b\u00e9o ng\u1eady lan t\u1ecfa, ch\u00fat v\u1ecb nh\u1eabn nh\u1eb9 n\u01a1i \u0111\u1ea7u l\u01b0\u1ee1i v\u00e0 h\u1eadu v\u1ecb cay n\u1ed3ng \u2013 d\u1ea5u hi\u1ec7u minh ch\u1ee9ng cho h\u00e0m l\u01b0\u1ee3ng <b data-path-to-node=\"6\" data-index-in-node=\"397\">Polyphenol<\/b> t\u1ef1 nhi\u00ean cao qu\u00fd.<\/p>\n<p data-path-to-node=\"6\"><img decoding=\"async\" class=\"aligncenter\" src=\"https:\/\/havamall.com\/wp-content\/uploads\/2026\/03\/Blog_1.jpg\" alt=\"The Science Behind Olive Oil: Quality, Extraction, and Preservation\" width=\"801\" height=\"801\" \/><\/p>\n<p data-path-to-node=\"8\">Kh\u00f4ng ph\u1ea3i ng\u1eabu nhi\u00ean m\u00e0 d\u1ea7u \u00f4 liu tr\u1edf th\u00e0nh n\u1ec1n t\u1ea3ng c\u1ee7a ch\u1ebf \u0111\u1ed9 \u0103n \u0110\u1ecba Trung H\u1ea3i \u2013 m\u00f4 h\u00ecnh dinh d\u01b0\u1ee1ng l\u00e0nh m\u1ea1nh b\u1eadc nh\u1ea5t th\u1ebf gi\u1edbi. Crudolio mang \u0111\u1ebfn ngu\u1ed3n axit b\u00e9o kh\u00f4ng b\u00e3o h\u00f2a \u0111\u01a1n (axit oleic) d\u1ed3i d\u00e0o, h\u1ed7 tr\u1ee3 \u0111i\u1ec1u h\u00f2a cholesterol v\u00e0 b\u1ea3o v\u1ec7 h\u1ec7 tim m\u1ea1ch m\u1ed9t c\u00e1ch t\u1ef1 nhi\u00ean.<\/p>\n<p data-path-to-node=\"9\">S\u1ef1 hi\u1ec7n di\u1ec7n c\u1ee7a <b data-path-to-node=\"9\" data-index-in-node=\"17\">Vitamin E<\/b> v\u00e0 c\u00e1c ch\u1ea5t ch\u1ed1ng oxy h\u00f3a m\u1ea1nh m\u1ebd kh\u00f4ng ch\u1ec9 gi\u00fap c\u01a1 th\u1ec3 ch\u1ed1ng l\u1ea1i c\u00e1c g\u1ed1c t\u1ef1 do, t\u0103ng c\u01b0\u1eddng h\u1ec7 mi\u1ec5n d\u1ecbch m\u00e0 c\u00f2n nu\u00f4i d\u01b0\u1ee1ng l\u00e0n da m\u1ecbn m\u00e0ng t\u1eeb s\u00e2u b\u00ean trong. \u0110\u1ed1i v\u1edbi tr\u1ebb nh\u1ecf, m\u1ed9t mu\u1ed7ng d\u1ea7u \u00f4 liu trong b\u00e1t ch\u00e1o \u0103n d\u1eb7m s\u1ebd h\u1ed7 tr\u1ee3 qu\u00e1 tr\u00ecnh ph\u00e1t tri\u1ec3n tr\u00ed n\u00e3o v\u00e0 h\u1ea5p thu vitamin. V\u1edbi nh\u1eefng ng\u01b0\u1eddi \u0111ang qu\u1ea3n l\u00fd v\u00f3c d\u00e1ng, \u0111\u00e2y ch\u00ednh l\u00e0 &#8220;ng\u01b0\u1eddi b\u1ea1n \u0111\u1ed3ng h\u00e0nh&#8221; l\u00fd t\u01b0\u1edfng \u0111\u1ec3 c\u00e2n b\u1eb1ng dinh d\u01b0\u1ee1ng m\u00e0 kh\u00f4ng g\u00e2y t\u00edch t\u1ee5 m\u1ee1 th\u1eeba.<\/p>\n<p data-path-to-node=\"9\"><img decoding=\"async\" class=\"aligncenter\" src=\"https:\/\/havamall.com\/wp-content\/uploads\/2026\/03\/creamy-country-vegetable-soup.jpg\" alt=\"Irish Vegetable Soup -\" width=\"799\" height=\"999\" \/><\/p>\n<p data-path-to-node=\"6\">Trong v\u0103n h\u00f3a \u1ea9m th\u1ef1c hi\u1ec7n \u0111\u1ea1i, s\u1ef1 \u0111a n\u0103ng c\u1ee7a d\u1ea7u \u00f4 liu Crudolio cho ph\u00e9p th\u1ef1c hi\u1ec7n v\u00f4 s\u1ed1 nh\u1eefng bi\u1ebfn t\u1ea5u \u0111\u1ea7y c\u1ea3m h\u1ee9ng. M\u1ed9t trong nh\u1eefng c\u00e1ch th\u01b0\u1edfng th\u1ee9c tr\u1ecdn v\u1eb9n nh\u1ea5t ch\u00ednh l\u00e0 r\u01b0\u1edbi tr\u1ef1c ti\u1ebfp l\u00ean c\u00e1c m\u00f3n salad t\u01b0\u01a1i ngon, \u0111\u1ec3 d\u1ea7u quy\u1ec7n c\u00f9ng gi\u1ea5m balsamic ho\u1eb7c n\u01b0\u1edbc c\u1ed1t chanh, t\u1ea1o n\u00ean m\u1ed9t b\u1ea3n giao h\u01b0\u1edfng h\u01b0\u01a1ng v\u1ecb b\u00f9ng n\u1ed5. Nh\u1eefng l\u00e1t b\u00e1nh m\u00ec n\u01b0\u1edbng gi\u00f2n r\u1ee5m khi \u0111\u01b0\u1ee3c ch\u1ea5m v\u00e0o ch\u00e9n d\u1ea7u \u00f4 liu th\u00eam ch\u00fat ti\u00eau \u0111en v\u00e0 mu\u1ed1i bi\u1ec3n c\u0169ng \u0111\u1ee7 t\u1ea1o n\u00ean m\u1ed9t b\u1eefa s\u00e1ng tinh t\u1ebf ki\u1ec3u \u00dd. Khi d\u00f9ng v\u1edbi pasta ho\u1eb7c rau c\u1ee7 n\u01b0\u1edbng, ch\u1ec9 c\u1ea7n r\u01b0\u1edbi nh\u1eb9 sau khi ho\u00e0n th\u00e0nh, h\u01b0\u01a1ng th\u01a1m c\u1ee7a d\u1ea7u s\u1ebd lan t\u1ecfa v\u00e0 l\u00e0m m\u00f3n \u0103n tr\u1edf n\u00ean tr\u1ecdn v\u1eb9n h\u01a1n.<\/p>\n<p data-path-to-node=\"6\"><img loading=\"lazy\" decoding=\"async\" class=\"aligncenter\" src=\"https:\/\/havamall.com\/wp-content\/uploads\/2026\/03\/MG_3857.jpg\" alt=\"Olive Oil Times Cooking \u2013 Recipes, Techniques &amp; Inspiration with Extra  Virgin Olive Oil\" width=\"802\" height=\"535\" \/><\/p>\n<p data-start=\"2806\" data-end=\"3132\">Kh\u00f4ng c\u1ea7n qu\u00e1 nhi\u1ec1u gia v\u1ecb, kh\u00f4ng c\u1ea7n ch\u1ebf bi\u1ebfn ph\u1ee9c t\u1ea1p, ch\u1ec9 c\u1ea7n m\u1ed9t nguy\u00ean li\u1ec7u \u0111\u1ee7 t\u1ed1t c\u0169ng c\u00f3 th\u1ec3 t\u1ea1o n\u00ean s\u1ef1 kh\u00e1c bi\u1ec7t r\u00f5 r\u1ec7t, gi\u1eefa r\u1ea5t nhi\u1ec1u l\u1ef1a ch\u1ecdn hi\u1ec7n \u0111\u1ea1i, m\u1ed9t chai d\u1ea7u \u00f4 liu \u00e9p l\u1ea1nh h\u1eefu c\u01a1 v\u1eabn gi\u1eef \u0111\u01b0\u1ee3c v\u1ecb tr\u00ed ri\u00eang, kh\u00f4ng ph\u1ea3i v\u00ec xu h\u01b0\u1edbng, m\u00e0 v\u00ec gi\u00e1 tr\u1ecb \u0111\u00e3 \u0111\u01b0\u1ee3c ki\u1ec3m ch\u1ee9ng qua th\u1eddi gian. T\u1eeb nh\u1eefng v\u01b0\u1eddn \u00f4 liu tr\u1ea3i d\u00e0i d\u01b0\u1edbi n\u1eafng \u0110\u1ecba Trung H\u1ea3i, \u0111\u1ebfn t\u1eebng gi\u1ecdt d\u1ea7u trong gian b\u1ebfp, h\u00e0nh tr\u00ecnh \u1ea5y mang theo s\u1ef1 tinh gi\u1ea3n nh\u01b0ng kh\u00f4ng h\u1ec1 \u0111\u01a1n \u0111i\u1ec7u.<\/p>\n<p data-start=\"3452\" data-end=\"3527\">Hi\u1ec7n D\u1ea7u \u00d4 Liu H\u1eefu C\u01a1 \u00c9p L\u1ea1nh Extra Virgin Crudolio 100ml \u0111ang \u0111\u01b0\u1ee3c b\u00e1n t\u1ea1i Havamall, chuy\u00ean nh\u1eadp kh\u1ea9u, cam k\u1ebft h\u00e0ng ch\u00ednh h\u00e3ng.<\/p>","protected":false},"excerpt":{"rendered":"<p>TH\u00d4NG TIN S\u1ea2N PH\u1ea8M Th\u01b0\u01a1ng hi\u1ec7u Crudolio Xu\u1ea5t x\u1ee9 \u00dd (Italy) Th\u00e0nh ph\u1ea7n 100% d\u1ea7u \u00f4 liu nguy\u00ean ch\u1ea5t chi\u1ebft<\/p>","protected":false},"featured_media":44854,"comment_status":"open","ping_status":"closed","template":"","meta":[],"product_brand":[],"product_cat":[672,256],"product_tag":[],"class_list":{"0":"post-44853","1":"product","2":"type-product","3":"status-publish","4":"has-post-thumbnail","6":"product_cat-nhap-khau-y","7":"product_cat-thuc-pham-huu-co","9":"first","10":"instock","11":"sale","12":"shipping-taxable","13":"purchasable","14":"product-type-simple"},"_links":{"self":[{"href":"https:\/\/havamall.vn\/en\/wp-json\/wp\/v2\/product\/44853"}],"collection":[{"href":"https:\/\/havamall.vn\/en\/wp-json\/wp\/v2\/product"}],"about":[{"href":"https:\/\/havamall.vn\/en\/wp-json\/wp\/v2\/types\/product"}],"replies":[{"embeddable":true,"href":"https:\/\/havamall.vn\/en\/wp-json\/wp\/v2\/comments?post=44853"}],"version-history":[{"count":0,"href":"https:\/\/havamall.vn\/en\/wp-json\/wp\/v2\/product\/44853\/revisions"}],"wp:featuredmedia":[{"embeddable":true,"href":"https:\/\/havamall.vn\/en\/wp-json\/wp\/v2\/media\/44854"}],"wp:attachment":[{"href":"https:\/\/havamall.vn\/en\/wp-json\/wp\/v2\/media?parent=44853"}],"wp:term":[{"taxonomy":"product_brand","embeddable":true,"href":"https:\/\/havamall.vn\/en\/wp-json\/wp\/v2\/product_brand?post=44853"},{"taxonomy":"product_cat","embeddable":true,"href":"https:\/\/havamall.vn\/en\/wp-json\/wp\/v2\/product_cat?post=44853"},{"taxonomy":"product_tag","embeddable":true,"href":"https:\/\/havamall.vn\/en\/wp-json\/wp\/v2\/product_tag?post=44853"}],"curies":[{"name":"wp","href":"https:\/\/api.w.org\/{rel}","templated":true}]}}