{"id":44843,"date":"2026-03-31T10:31:08","date_gmt":"2026-03-31T03:31:08","guid":{"rendered":"https:\/\/havamall.vn\/?post_type=product&#038;p=44843"},"modified":"2026-03-31T10:34:42","modified_gmt":"2026-03-31T03:34:42","slug":"dau-hat-gai-dau-huu-co-ep-lanh-crudolio-100ml-crudolio-organic-hemp-seed-oil","status":"publish","type":"product","link":"https:\/\/havamall.vn\/en\/shop\/dau-hat-gai-dau-huu-co-ep-lanh-crudolio-100ml-crudolio-organic-hemp-seed-oil\/","title":{"rendered":"D\u1ea7u H\u1ea1t Gai D\u1ea7u H\u1eefu C\u01a1 \u00c9p L\u1ea1nh Crudolio 100ml \u2013 Crudolio Organic Hemp Seed Oil"},"content":{"rendered":"<h2 data-path-to-node=\"3\">TH\u00d4NG TIN S\u1ea2N PH\u1ea8M<\/h2>\n<table style=\"width: 64.746%;height: 190px\" width=\"308\" data-path-to-node=\"1\">\n<tbody>\n<tr>\n<td style=\"width: 20.9158%\"><span data-path-to-node=\"1,1,0,0\">Th\u01b0\u01a1ng hi\u1ec7u<\/span><\/td>\n<td style=\"width: 78.0941%\">Crudolio<\/td>\n<\/tr>\n<tr>\n<td style=\"width: 20.9158%\"><span data-path-to-node=\"1,2,0,0\">Xu\u1ea5t x\u1ee9<\/span><\/td>\n<td style=\"width: 78.0941%\">\u00dd (Italy)<\/td>\n<\/tr>\n<tr>\n<td style=\"width: 20.9158%\"><span data-path-to-node=\"1,3,0,0\">Th\u00e0nh ph\u1ea7n<\/span><\/td>\n<td style=\"width: 78.0941%\">Xem Chi Ti\u1ebft Tr\u00ean Bao B\u00ec<\/td>\n<\/tr>\n<tr>\n<td style=\"width: 20.9158%\"><span data-path-to-node=\"1,4,0,0\">H\u1ea1n s\u1eed d\u1ee5ng<\/span><\/td>\n<td style=\"width: 78.0941%\">Xem tr\u00ean bao b\u00ec<\/td>\n<\/tr>\n<tr>\n<td style=\"width: 20.9158%\"><span data-path-to-node=\"1,5,0,0\">B\u1ea3o qu\u1ea3n<\/span><\/td>\n<td style=\"width: 78.0941%\">\u0110\u1eady k\u00edn sau khi s\u1eed d\u1ee5ng, \u0111\u1ec3 n\u01a1i kh\u00f4 r\u00e1o, tr\u00e1nh \u00e1nh n\u1eafng tr\u1ef1c ti\u1ebfp, n\u00ean b\u1ea3o qu\u1ea3n m\u00e1t sau khi m\u1edf n\u1eafp<\/td>\n<\/tr>\n<tr>\n<td style=\"width: 20.9158%\"><span data-path-to-node=\"1,6,0,0\">Kh\u1ed1i l\u01b0\u1ee3ng<\/span><\/td>\n<td style=\"width: 78.0941%\">100ml<\/td>\n<\/tr>\n<\/tbody>\n<\/table>\n<p data-start=\"825\" data-end=\"1227\">T\u1ea1i ch\u00e2u \u00c2u, \u0111\u1eb7c bi\u1ec7t l\u00e0 \u1edf \u00dd v\u00e0 c\u00e1c n\u01b0\u1edbc l\u00e2n c\u1eadn, h\u1ea1t gai d\u1ea7u \u0111\u00e3 xu\u1ea5t hi\u1ec7n trong \u1ea9m th\u1ef1c t\u1eeb r\u1ea5t l\u00e2u tr\u01b0\u1edbc khi tr\u1edf th\u00e0nh xu h\u01b0\u1edbng to\u00e0n c\u1ea7u, kh\u00f4ng ph\u1ea3i \u1edf d\u1ea1ng g\u00e2y tranh c\u00e3i, m\u00e0 l\u00e0 phi\u00ean b\u1ea3n \u0111\u00e3 \u0111\u01b0\u1ee3c ch\u1ecdn l\u1ecdc v\u00e0 ki\u1ec3m so\u00e1t nghi\u00eam ng\u1eb7t, ho\u00e0n to\u00e0n kh\u00f4ng ch\u1ee9a c\u00e1c h\u1ee3p ch\u1ea5t g\u00e2y \u1ea3nh h\u01b0\u1edfng th\u1ea7n kinh. Crudolio ti\u1ebfp c\u1eadn lo\u1ea1i nguy\u00ean li\u1ec7u n\u00e0y theo \u0111\u00fang tri\u1ebft l\u00fd quen thu\u1ed9c: \u00e9p l\u1ea1nh \u0111\u1ec3 gi\u1eef nguy\u00ean b\u1ea3n ch\u1ea5t. Kh\u00f4ng qua tinh luy\u1ec7n s\u00e2u, kh\u00f4ng x\u1eed l\u00fd nhi\u1ec7t \u0111\u1ed9 cao, t\u1eebng gi\u1ecdt d\u1ea7u gi\u1eef l\u1ea1i g\u1ea7n nh\u01b0 to\u00e0n b\u1ed9 h\u00e0m l\u01b0\u1ee3ng axit b\u00e9o v\u00e0 vi ch\u1ea5t t\u1ef1 nhi\u00ean v\u1ed1n c\u00f3 trong h\u1ea1t gai d\u1ea7u. Nh\u1edd \u0111\u00f3, lo\u1ea1i d\u1ea7u n\u00e0y tr\u1edf th\u00e0nh m\u1ed9t trong nh\u1eefng ngu\u1ed3n cung c\u1ea5p Omega-3 v\u00e0 Omega-6 v\u1edbi t\u1ec9 l\u1ec7 g\u1ea7n nh\u01b0 l\u00fd t\u01b0\u1edfng cho c\u01a1 th\u1ec3.<\/p>\n<p><img fetchpriority=\"high\" decoding=\"async\" class=\"wp-image-45542 aligncenter\" src=\"https:\/\/havamall.com\/wp-content\/uploads\/2026\/03\/vn-11134208-820l4-mi53y0qjjk78e3.jpg\" alt=\"\" width=\"800\" height=\"779\" \/><\/p>\n<p data-start=\"1607\" data-end=\"2013\">Kh\u00e1c v\u1edbi nh\u1eefng lo\u1ea1i d\u1ea7u th\u00f4ng th\u01b0\u1eddng, d\u1ea7u h\u1ea1t gai d\u1ea7u mang m\u1ed9t c\u1ea5u tr\u00fac dinh d\u01b0\u1ee1ng kh\u00e1 \u0111\u1eb7c bi\u1ec7t, t\u1ec9 l\u1ec7 Omega-6 v\u00e0 Omega-3 trong h\u1ea1t gai d\u1ea7u th\u01b0\u1eddng \u0111\u01b0\u1ee3c nh\u1eafc \u0111\u1ebfn nh\u01b0 m\u1ed9t trong nh\u1eefng t\u1ec9 l\u1ec7 \u201cc\u00e2n b\u1eb1ng t\u1ef1 nhi\u00ean\u201d, h\u1ed7 tr\u1ee3 t\u1ed1t cho tim m\u1ea1ch, h\u1ec7 mi\u1ec5n d\u1ecbch v\u00e0 c\u1ea3 l\u00e0n da. Ngo\u00e0i ra, trong d\u1ea7u c\u00f2n ch\u1ee9a c\u00e1c h\u1ee3p ch\u1ea5t ch\u1ed1ng oxy h\u00f3a v\u00e0 vitamin E \u2013 nh\u1eefng y\u1ebfu t\u1ed1 g\u00f3p ph\u1ea7n l\u00e0m ch\u1eadm qu\u00e1 tr\u00ecnh l\u00e3o h\u00f3a v\u00e0 h\u1ed7 tr\u1ee3 ph\u1ee5c h\u1ed3i t\u1ebf b\u00e0o.<\/p>\n<p data-start=\"1607\" data-end=\"2013\"><img decoding=\"async\" class=\"aligncenter\" src=\"https:\/\/havamall.com\/wp-content\/uploads\/2026\/03\/image-4_2.jpg.mst.webp\" alt=\"Hempiness Organic Premium Hemp Seed Oil 1 litre\" width=\"801\" height=\"801\" \/><\/p>\n<p data-start=\"2015\" data-end=\"2460\">D\u1ea7u h\u1ea1t gai d\u1ea7u mang \u0111\u1ebfn m\u1ed9t m\u00e0u xanh l\u1ee5c s\u1eabm, g\u1ea7n nh\u01b0 g\u1ee3i nh\u1edb \u0111\u1ebfn ch\u00ednh m\u00e0u c\u1ee7a l\u00e1, t\u1ea1o n\u00ean \u1ea5n t\u01b0\u1ee3ng r\u00f5 r\u00e0ng v\u1ec1 ngu\u1ed3n g\u1ed1c th\u1ef1c v\u1eadt. H\u01b0\u01a1ng th\u01a1m nh\u1eb9, h\u01a1i gi\u1ed1ng m\u00f9i h\u1ea1t rang nh\u01b0ng kh\u00f4ng qu\u00e1 n\u1ed3ng, \u0111\u1ee7 \u0111\u1ec3 nh\u1eadn di\u1ec7n m\u00e0 v\u1eabn gi\u1eef \u0111\u01b0\u1ee3c s\u1ef1 tinh t\u1ebf. Khi n\u1ebfm, v\u1ecb b\u00e9o lan nh\u1eb9, c\u00f3 ch\u00fat h\u1eadu v\u1ecb b\u00f9i v\u00e0 h\u01a1i \u201cxanh\u201d \u0111\u1eb7c tr\u01b0ng, khi\u1ebfn t\u1ed5ng th\u1ec3 tr\u1edf n\u00ean kh\u00e1 th\u00fa v\u1ecb v\u00e0 kh\u00e1c bi\u1ec7t so v\u1edbi c\u00e1c lo\u1ea1i d\u1ea7u quen thu\u1ed9c.<\/p>\n<p data-start=\"2015\" data-end=\"2460\"><img decoding=\"async\" class=\"aligncenter\" src=\"https:\/\/havamall.com\/wp-content\/uploads\/2026\/03\/BLOG-What-Are-The-Benefits-Of-Hemp-Seed-Oil-For-Skin.jpg\" width=\"801\" height=\"601\" \/><\/p>\n<p data-start=\"2462\" data-end=\"2992\">Ch\u00ednh v\u00ec c\u1ea5u tr\u00fac nh\u1ea1y c\u1ea3m v\u1edbi nhi\u1ec7t, d\u1ea7u h\u1ea1t gai d\u1ea7u th\u01b0\u1eddng \u0111\u01b0\u1ee3c s\u1eed d\u1ee5ng theo c\u00e1ch r\u01b0\u1edbi l\u00ean salad rau xanh, \u0111\u1eb7c bi\u1ec7t khi k\u1ebft h\u1ee3p c\u00f9ng c\u00e1c lo\u1ea1i h\u1ea1t ho\u1eb7c ph\u00f4 mai m\u1ec1m, c\u00f3 th\u1ec3 l\u00e0m n\u1ed5i b\u1eadt to\u00e0n b\u1ed9 h\u01b0\u01a1ng v\u1ecb c\u1ee7a m\u00f3n \u0103n. Khi tr\u1ed9n c\u00f9ng s\u1ed1t vinaigrette, d\u1ea7u gi\u00fap t\u1ea1o \u0111\u1ed9 m\u01b0\u1ee3t v\u00e0 c\u00e2n b\u1eb1ng v\u1ecb chua \u2013 b\u00e9o m\u1ed9t c\u00e1ch t\u1ef1 nhi\u00ean. Trong nh\u1eefng m\u00f3n nh\u01b0 pasta, s\u00fap ho\u1eb7c ng\u0169 c\u1ed1c, ch\u1ec9 c\u1ea7n th\u00eam v\u00e0o sau khi ho\u00e0n th\u00e0nh, l\u1edbp d\u1ea7u m\u1ecfng c\u0169ng \u0111\u1ee7 t\u1ea1o n\u00ean chi\u1ec1u s\u00e2u tinh t\u1ebf m\u00e0 kh\u00f4ng l\u00e0m m\u1ea5t \u0111i \u0111\u1eb7c tr\u01b0ng ban \u0111\u1ea7u c\u1ee7a m\u00f3n \u0103n.<\/p>\n<p data-start=\"2994\" data-end=\"3349\"><img loading=\"lazy\" decoding=\"async\" class=\"aligncenter\" src=\"https:\/\/havamall.com\/wp-content\/uploads\/2026\/03\/BOHECO_Life_Recipes_Banner_BohecoLife_Penne_Pasta.jpg\" width=\"801\" height=\"534\" \/><\/p>\n<p data-start=\"2994\" data-end=\"3349\">Khi c\u01a1 th\u1ec3 kh\u00f4ng ch\u1ec9 c\u1ea7n n\u0103ng l\u01b0\u1ee3ng m\u00e0 c\u00f2n c\u1ea7n s\u1ef1 c\u00e2n b\u1eb1ng vi ch\u1ea5t, nh\u1eefng lo\u1ea1i d\u1ea7u nh\u01b0 th\u1ebf n\u00e0y tr\u1edf th\u00e0nh m\u1ed9t ph\u1ea7n nh\u1ecf nh\u01b0ng quan tr\u1ecdng trong ch\u1ebf \u0111\u1ed9 \u0103n h\u1eb1ng ng\u00e0y. T\u1eeb m\u1ed9t ngu y\u00ean li\u1ec7u t\u1eebng b\u1ecb hi\u1ec3u sai, h\u1ea1t gai d\u1ea7u d\u1ea7n \u0111\u01b0\u1ee3c \u0111\u1eb7t l\u1ea1i \u0111\u00fang v\u1ecb tr\u00ed c\u1ee7a n\u00f3 \u2013 nh\u01b0 m\u1ed9t ngu\u1ed3n dinh d\u01b0\u1ee1ng t\u1ef1 nhi\u00ean, tinh gi\u1ea3n v\u00e0 b\u1ec1n v\u1eefng. V\u00e0 trong t\u1eebng gi\u1ecdt d\u1ea7u \u00e9p l\u1ea1nh, c\u00e2u chuy\u1ec7n \u1ea5y \u0111\u01b0\u1ee3c gi\u1eef l\u1ea1i g\u1ea7n nh\u01b0 nguy\u00ean v\u1eb9n.<\/p>\n<p data-start=\"2994\" data-end=\"3349\"><img loading=\"lazy\" decoding=\"async\" class=\"aligncenter\" src=\"https:\/\/havamall.com\/wp-content\/uploads\/2026\/03\/Creamy_Broccoli_and_Sweet_Potato_Soup_1600x.png\" width=\"801\" height=\"534\" \/><\/p>\n<p data-start=\"2994\" data-end=\"3349\">Hi\u1ec7n \u0111ang \u0111\u01b0\u1ee3c b\u00e1n t\u1ea1i Havamall, chuy\u00ean nh\u1eadp kh\u1ea9u, cam k\u1ebft h\u00e0ng ch\u00ednh h\u00e3ng.<\/p>","protected":false},"excerpt":{"rendered":"<p>TH\u00d4NG TIN S\u1ea2N PH\u1ea8M Th\u01b0\u01a1ng hi\u1ec7u Crudolio Xu\u1ea5t x\u1ee9 \u00dd (Italy) Th\u00e0nh ph\u1ea7n Xem Chi Ti\u1ebft Tr\u00ean Bao B\u00ec H\u1ea1n<\/p>","protected":false},"featured_media":44844,"comment_status":"open","ping_status":"closed","template":"","meta":[],"product_brand":[],"product_cat":[672,256],"product_tag":[],"class_list":{"0":"post-44843","1":"product","2":"type-product","3":"status-publish","4":"has-post-thumbnail","6":"product_cat-nhap-khau-y","7":"product_cat-thuc-pham-huu-co","9":"first","10":"instock","11":"sale","12":"shipping-taxable","13":"purchasable","14":"product-type-simple"},"_links":{"self":[{"href":"https:\/\/havamall.vn\/en\/wp-json\/wp\/v2\/product\/44843"}],"collection":[{"href":"https:\/\/havamall.vn\/en\/wp-json\/wp\/v2\/product"}],"about":[{"href":"https:\/\/havamall.vn\/en\/wp-json\/wp\/v2\/types\/product"}],"replies":[{"embeddable":true,"href":"https:\/\/havamall.vn\/en\/wp-json\/wp\/v2\/comments?post=44843"}],"version-history":[{"count":0,"href":"https:\/\/havamall.vn\/en\/wp-json\/wp\/v2\/product\/44843\/revisions"}],"wp:featuredmedia":[{"embeddable":true,"href":"https:\/\/havamall.vn\/en\/wp-json\/wp\/v2\/media\/44844"}],"wp:attachment":[{"href":"https:\/\/havamall.vn\/en\/wp-json\/wp\/v2\/media?parent=44843"}],"wp:term":[{"taxonomy":"product_brand","embeddable":true,"href":"https:\/\/havamall.vn\/en\/wp-json\/wp\/v2\/product_brand?post=44843"},{"taxonomy":"product_cat","embeddable":true,"href":"https:\/\/havamall.vn\/en\/wp-json\/wp\/v2\/product_cat?post=44843"},{"taxonomy":"product_tag","embeddable":true,"href":"https:\/\/havamall.vn\/en\/wp-json\/wp\/v2\/product_tag?post=44843"}],"curies":[{"name":"wp","href":"https:\/\/api.w.org\/{rel}","templated":true}]}}