{"id":44837,"date":"2026-03-30T16:33:45","date_gmt":"2026-03-30T09:33:45","guid":{"rendered":"https:\/\/havamall.vn\/?post_type=product&#038;p=44837"},"modified":"2026-03-30T16:33:47","modified_gmt":"2026-03-30T09:33:47","slug":"dau-hat-tong-hop-omega-3-6-9-huu-co-crudolio-100ml-crudolio-bio-omega-3-6-9-oil","status":"publish","type":"product","link":"https:\/\/havamall.vn\/en\/shop\/dau-hat-tong-hop-omega-3-6-9-huu-co-crudolio-100ml-crudolio-bio-omega-3-6-9-oil\/","title":{"rendered":"D\u1ea7u H\u1ea1t T\u1ed5ng H\u1ee3p Omega 3-6-9 H\u1eefu C\u01a1 Crudolio 100ml \u2013 Crudolio Bio Omega 3-6-9 Oil"},"content":{"rendered":"<h2 data-path-to-node=\"3\">TH\u00d4NG TIN S\u1ea2N PH\u1ea8M<\/h2>\n<table style=\"width: 46.9097%;height: 134px\" width=\"308\" data-path-to-node=\"1\">\n<tbody>\n<tr>\n<td><span data-path-to-node=\"1,1,0,0\">Th\u01b0\u01a1ng hi\u1ec7u<\/span><\/td>\n<td>Crudolio<\/td>\n<\/tr>\n<tr>\n<td><span data-path-to-node=\"1,2,0,0\">Xu\u1ea5t x\u1ee9<\/span><\/td>\n<td>\u00dd (Italy)<\/td>\n<\/tr>\n<tr>\n<td><span data-path-to-node=\"1,3,0,0\">Th\u00e0nh ph\u1ea7n<\/span><\/td>\n<td>H\u1ed7n h\u1ee3p d\u1ea7u h\u1ea1t h\u1eefu c\u01a1 (H\u01b0\u1edbng d\u01b0\u01a1ng, Lanh, B\u00ed \u0111\u1ecf, Hoa anh th\u1ea3o&#8230;)<\/td>\n<\/tr>\n<tr>\n<td><span data-path-to-node=\"1,4,0,0\">H\u1ea1n s\u1eed d\u1ee5ng<\/span><\/td>\n<td>Xem tr\u00ean bao b\u00ec<\/td>\n<\/tr>\n<tr>\n<td><span data-path-to-node=\"1,5,0,0\">B\u1ea3o qu\u1ea3n<\/span><\/td>\n<td>N\u01a1i kh\u00f4 r\u00e1o, tr\u00e1nh \u00e1nh n\u1eafng tr\u1ef1c ti\u1ebfp v\u00e0 nhi\u1ec7t \u0111\u1ed9 cao<\/td>\n<\/tr>\n<tr>\n<td><span data-path-to-node=\"1,6,0,0\">Kh\u1ed1i l\u01b0\u1ee3ng<\/span><\/td>\n<td>100ml<\/td>\n<\/tr>\n<\/tbody>\n<\/table>\n<p data-start=\"1006\" data-end=\"1435\">Kh\u00f4ng gi\u1ed1ng c\u00e1c lo\u1ea1i d\u1ea7u tinh luy\u1ec7n th\u00f4ng th\u01b0\u1eddng, d\u1ea7u h\u1ea1t Omega 3-6-9 c\u1ee7a Crudolio ph\u1ed1i tr\u1ed9n gi\u1eefa nhi\u1ec1u lo\u1ea1i h\u1ea1t h\u1eefu c\u01a1 kh\u00e1c nhau \u0111\u01b0\u1ee3c \u00e9p l\u1ea1nh ho\u00e0n to\u00e0n, m\u1ed9t ph\u01b0\u01a1ng ph\u00e1p g\u1ea7n nh\u01b0 kh\u00f4ng s\u1eed d\u1ee5ng nhi\u1ec7t, nh\u1edd v\u1eady, c\u1ea5u tr\u00fac dinh d\u01b0\u1ee1ng t\u1ef1 nhi\u00ean trong t\u1eebng lo\u1ea1i h\u1ea1t \u0111\u01b0\u1ee3c gi\u1eef l\u1ea1i g\u1ea7n nh\u01b0 tr\u1ecdn v\u1eb9n.<\/p>\n<p data-start=\"1006\" data-end=\"1435\"><img fetchpriority=\"high\" decoding=\"async\" class=\"aligncenter\" src=\"https:\/\/havamall.com\/wp-content\/uploads\/2026\/03\/raffinat.jpg\" width=\"802\" height=\"535\" \/><\/p>\n<p style=\"text-align: justify\" data-start=\"1437\" data-end=\"1953\">Trong \u0111\u00f3,\u00a0<em><strong>h\u1ea1t lanh<\/strong><\/em>\u00a0\u0111\u00f3ng vai tr\u00f2\u00a0<em><strong>cung c\u1ea5p Omega-3<\/strong>\u00a0<\/em>\u2013 nh\u00f3m axit b\u00e9o th\u01b0\u1eddng g\u1eafn li\u1ec1n v\u1edbi s\u1ee9c kh\u1ecfe tim m\u1ea1ch v\u00e0 ho\u1ea1t \u0111\u1ed9ng c\u1ee7a n\u00e3o b\u1ed9.\u00a0<em><strong>H\u1ea1t h\u01b0\u1edbng d\u01b0\u01a1ng mang \u0111\u1ebfn Omega-6<\/strong><\/em>, tham gia v\u00e0o qu\u00e1 tr\u00ecnh\u00a0<em><strong>trao \u0111\u1ed5i ch\u1ea5t v\u00e0 h\u1ed7 tr\u1ee3 c\u1ea5u tr\u00fac t\u1ebf b\u00e0o<\/strong><\/em>. B\u00ean c\u1ea1nh \u0111\u00f3, c\u00e1c lo\u1ea1i d\u1ea7u h\u1ea1t t\u1ef1 nhi\u00ean c\u00f2n b\u1ed5 sung\u00a0<em><strong>Omega-9<\/strong><\/em>, gi\u00fap\u00a0<em><strong>c\u00e2n b\u1eb1ng l\u01b0\u1ee3ng cholesterol<\/strong>\u00a0<\/em>trong c\u01a1 th\u1ec3. Khi \u0111\u01b0\u1ee3c \u0111\u1eb7t c\u1ea1nh nhau trong c\u00f9ng m\u1ed9t c\u00f4ng th\u1ee9c, ba nh\u00f3m d\u01b0\u1ee1ng ch\u1ea5t n\u00e0y kh\u00f4ng c\u00f2n ho\u1ea1t \u0111\u1ed9ng ri\u00eang l\u1ebb m\u00e0 t\u1ea1o th\u00e0nh m\u1ed9t h\u1ec7 c\u00e2n b\u1eb1ng, \u0111i\u1ec1u m\u00e0 kh\u00f4ng ph\u1ea3i lo\u1ea1i d\u1ea7u n\u00e0o c\u0169ng c\u00f3 th\u1ec3 \u0111\u1ea1t \u0111\u01b0\u1ee3c.<\/p>\n<p style=\"text-align: justify\" data-start=\"1955\" data-end=\"2429\">Lo\u1ea1i d\u1ea7u n\u00e0y mang m\u1ed9t s\u1eafc th\u00e1i kh\u00e1 kh\u00e1c bi\u1ec7t so v\u1edbi d\u1ea7u \u00f4 liu quen thu\u1ed9c, m\u00e0u v\u00e0ng n\u00e2u nh\u1eb9, trong v\u00e0 m\u1ecbn, g\u1ee3i c\u1ea3m gi\u00e1c t\u1ef1 nhi\u00ean ngay t\u1eeb c\u00e1i nh\u00ecn \u0111\u1ea7u ti\u00ean. H\u01b0\u01a1ng th\u01a1m kh\u00f4ng qu\u00e1 r\u00f5 r\u1ec7t m\u00e0 ch\u1ec9 thoang tho\u1ea3ng m\u00f9i h\u1ea1t, \u0111\u1ee7 \u0111\u1ec3 nh\u1eadn ra nh\u01b0ng kh\u00f4ng l\u1ea5n \u00e1t c\u00e1c nguy\u00ean li\u1ec7u kh\u00e1c. Khi n\u1ebfm, v\u1ecb b\u00e9o nh\u1eb9 lan ra ch\u1eadm r\u00e3i, kh\u00f4ng g\u1eaft, kh\u00f4ng \u0111\u1eafng, \u0111\u1ec3 l\u1ea1i h\u1eadu v\u1ecb thanh v\u00e0 d\u1ec5 ch\u1ecbu.<\/p>\n<p data-start=\"1955\" data-end=\"2429\"><img decoding=\"async\" class=\"aligncenter  wp-image-45534\" src=\"https:\/\/havamall.com\/wp-content\/uploads\/2026\/03\/Dukkha.jpg\" alt=\"\" width=\"802\" height=\"690\" \/><\/p>\n<p style=\"text-align: justify\" data-start=\"2431\" data-end=\"3064\">Thay v\u00ec d\u00f9ng \u0111\u1ec3 chi\u00ean x\u00e0o \u1edf nhi\u1ec7t \u0111\u1ed9 cao, lo\u1ea1i d\u1ea7u n\u00e0y th\u01b0\u1eddng \u0111\u01b0\u1ee3c t\u1eadn d\u1ee5ng \u1edf nh\u1eefng b\u01b0\u1edbc cu\u1ed1i c\u00f9ng c\u1ee7a m\u00f3n \u0103n, n\u01a1i h\u01b0\u01a1ng v\u1ecb v\u00e0 dinh d\u01b0\u1ee1ng \u0111\u01b0\u1ee3c gi\u1eef nguy\u00ean v\u1eb9n. M\u1ed9t \u00edt d\u1ea7u r\u01b0\u1edbi l\u00ean salad rau xanh, tr\u1ed9n c\u00f9ng c\u00e1c lo\u1ea1i h\u1ea1t v\u00e0 tr\u00e1i c\u00e2y, \u0111\u1ee7 \u0111\u1ec3 t\u1ea1o n\u00ean m\u1ed9t m\u00f3n \u0103n nh\u1eb9 nh\u01b0ng gi\u00e0u n\u0103ng l\u01b0\u1ee3ng. Khi k\u1ebft h\u1ee3p v\u1edbi b\u00e1nh m\u00ec n\u01b0\u1edbng, pasta ho\u1eb7c s\u00fap n\u00f3ng, ch\u1ec9 c\u1ea7n th\u00eam v\u00e0o sau khi ho\u00e0n th\u00e0nh, l\u1edbp d\u1ea7u m\u1ecfng c\u0169ng \u0111\u1ee7 l\u00e0m t\u0103ng \u0111\u1ed9 m\u1ec1m m\u01b0\u1ee3t v\u00e0 chi\u1ec1u s\u00e2u h\u01b0\u01a1ng v\u1ecb. Th\u1eadm ch\u00ed trong nh\u1eefng b\u1eefa \u0103n hi\u1ec7n \u0111\u1ea1i nh\u01b0 smoothie bowl hay s\u1eefa chua, m\u1ed9t l\u01b0\u1ee3ng nh\u1ecf d\u1ea7u h\u1ea1t c\u0169ng \u0111\u01b0\u1ee3c s\u1eed d\u1ee5ng nh\u01b0 m\u1ed9t c\u00e1ch b\u1ed5 sung ch\u1ea5t b\u00e9o l\u00e0nh m\u1ea1nh m\u00e0 kh\u00f4ng l\u00e0m thay \u0111\u1ed5i qu\u00e1 nhi\u1ec1u k\u1ebft c\u1ea5u m\u00f3n \u0103n.<\/p>\n<p data-start=\"2431\" data-end=\"3064\"><img decoding=\"async\" class=\"aligncenter\" src=\"https:\/\/havamall.com\/wp-content\/uploads\/2026\/03\/03.01.24-congee.jpg\" alt=\"How to Make Toasted Sesame Oil When You've Run Out - Zero-Waste Chef\" width=\"800\" height=\"1066\" \/><\/p>\n<p style=\"text-align: justify\" data-start=\"3066\" data-end=\"3491\">S\u1ef1 xu\u1ea5t hi\u1ec7n ng\u00e0y c\u00e0ng nhi\u1ec1u c\u1ee7a nh\u1eefng lo\u1ea1i d\u1ea7u nh\u01b0 Omega 3-6-9 c\u0169ng ph\u1ea3n \u00e1nh m\u1ed9t thay \u0111\u1ed5i l\u1edbn trong c\u00e1ch ti\u1ebfp c\u1eadn th\u1ef1c ph\u1ea9m. Khi ch\u1ebf \u0111\u1ed9 \u0103n th\u01b0\u1eddng ng\u00e0y d\u1ec5 r\u01a1i v\u00e0o tr\u1ea1ng th\u00e1i d\u01b0 Omega-6 nh\u01b0ng l\u1ea1i thi\u1ebfu Omega-3, vi\u1ec7c b\u1ed5 sung m\u1ed9t ngu\u1ed3n c\u00e2n b\u1eb1ng t\u1eeb t\u1ef1 nhi\u00ean tr\u1edf n\u00ean c\u1ea7n thi\u1ebft h\u01a1n bao gi\u1edd h\u1ebft. Kh\u00f4ng c\u1ea7n thay \u0111\u1ed5i ho\u00e0n to\u00e0n th\u00f3i quen \u0103n u\u1ed1ng, ch\u1ec9 m\u1ed9t \u0111i\u1ec1u ch\u1ec9nh nh\u1ecf trong l\u1ef1a ch\u1ecdn nguy\u00ean li\u1ec7u c\u0169ng c\u00f3 th\u1ec3 t\u1ea1o n\u00ean kh\u00e1c bi\u1ec7t l\u00e2u d\u00e0i.<\/p>\n<p data-start=\"3066\" data-end=\"3491\"><img loading=\"lazy\" decoding=\"async\" class=\"aligncenter\" src=\"https:\/\/havamall.com\/wp-content\/uploads\/2026\/03\/Bread-Dipping-Oil-4.jpg\" width=\"800\" height=\"532\" \/><\/p>\n<p data-start=\"3493\" data-end=\"3850\">Kh\u00f4ng ph\u00f4 tr\u01b0\u01a1ng, kh\u00f4ng c\u1ea7u k\u1ef3, nh\u01b0ng l\u1ea1i \u0111\u1ee7 tinh t\u1ebf \u0111\u1ec3 len v\u00e0o t\u1eebng b\u1eefa \u0103n m\u1ed9t c\u00e1ch nh\u1eb9 nh\u00e0ng. V\u1edbi nh\u1eefng ai \u0111ang t\u00ecm ki\u1ebfm m\u1ed9t c\u00e1ch b\u1ed5 sung dinh d\u01b0\u1ee1ng b\u1ec1n v\u1eefng v\u00e0 tinh gi\u1ea3n, \u0111\u00e2y l\u00e0 m\u1ed9t l\u1ef1a ch\u1ecdn mang t\u00ednh l\u00e2u d\u00e0i h\u01a1n l\u00e0 xu h\u01b0\u1edbng nh\u1ea5t th\u1eddi. Hi\u1ec7n \u0111ang \u0111\u01b0\u1ee3c b\u00e1n t\u1ea1i Havamall, chuy\u00ean nh\u1eadp kh\u1ea9u, cam k\u1ebft h\u00e0ng ch\u00ednh h\u00e3ng.<\/p>","protected":false},"excerpt":{"rendered":"<p>TH\u00d4NG TIN S\u1ea2N PH\u1ea8M Th\u01b0\u01a1ng hi\u1ec7u Crudolio Xu\u1ea5t x\u1ee9 \u00dd (Italy) Th\u00e0nh ph\u1ea7n H\u1ed7n h\u1ee3p d\u1ea7u h\u1ea1t h\u1eefu c\u01a1 (H\u01b0\u1edbng<\/p>","protected":false},"featured_media":44838,"comment_status":"open","ping_status":"closed","template":"","meta":[],"product_brand":[],"product_cat":[672,256],"product_tag":[],"class_list":{"0":"post-44837","1":"product","2":"type-product","3":"status-publish","4":"has-post-thumbnail","6":"product_cat-nhap-khau-y","7":"product_cat-thuc-pham-huu-co","9":"first","10":"instock","11":"sale","12":"shipping-taxable","13":"purchasable","14":"product-type-simple"},"_links":{"self":[{"href":"https:\/\/havamall.vn\/en\/wp-json\/wp\/v2\/product\/44837"}],"collection":[{"href":"https:\/\/havamall.vn\/en\/wp-json\/wp\/v2\/product"}],"about":[{"href":"https:\/\/havamall.vn\/en\/wp-json\/wp\/v2\/types\/product"}],"replies":[{"embeddable":true,"href":"https:\/\/havamall.vn\/en\/wp-json\/wp\/v2\/comments?post=44837"}],"version-history":[{"count":0,"href":"https:\/\/havamall.vn\/en\/wp-json\/wp\/v2\/product\/44837\/revisions"}],"wp:featuredmedia":[{"embeddable":true,"href":"https:\/\/havamall.vn\/en\/wp-json\/wp\/v2\/media\/44838"}],"wp:attachment":[{"href":"https:\/\/havamall.vn\/en\/wp-json\/wp\/v2\/media?parent=44837"}],"wp:term":[{"taxonomy":"product_brand","embeddable":true,"href":"https:\/\/havamall.vn\/en\/wp-json\/wp\/v2\/product_brand?post=44837"},{"taxonomy":"product_cat","embeddable":true,"href":"https:\/\/havamall.vn\/en\/wp-json\/wp\/v2\/product_cat?post=44837"},{"taxonomy":"product_tag","embeddable":true,"href":"https:\/\/havamall.vn\/en\/wp-json\/wp\/v2\/product_tag?post=44837"}],"curies":[{"name":"wp","href":"https:\/\/api.w.org\/{rel}","templated":true}]}}