{"id":44831,"date":"2026-03-30T14:23:16","date_gmt":"2026-03-30T07:23:16","guid":{"rendered":"https:\/\/havamall.vn\/?post_type=product&#038;p=44831"},"modified":"2026-03-30T14:27:52","modified_gmt":"2026-03-30T07:27:52","slug":"dau-olive-huu-co-ep-lanh-sieu-nguyen-chat-crudolio-250ml-crudolio-extra-virgin-olive-oil","status":"publish","type":"product","link":"https:\/\/havamall.vn\/en\/shop\/dau-olive-huu-co-ep-lanh-sieu-nguyen-chat-crudolio-250ml-crudolio-extra-virgin-olive-oil\/","title":{"rendered":"D\u1ea7u Olive H\u1eefu C\u01a1 \u00c9p L\u1ea1nh Si\u00eau Nguy\u00ean Ch\u1ea5t Crudolio 250ml \u2013 Crudolio Extra Virgin Olive Oil"},"content":{"rendered":"<h2 data-path-to-node=\"3\">TH\u00d4NG TIN S\u1ea2N PH\u1ea8M<\/h2>\n<table style=\"width: 76.8409%;height: 189px\" width=\"308\" data-path-to-node=\"1\">\n<tbody>\n<tr>\n<td><span data-path-to-node=\"1,1,0,0\">Th\u01b0\u01a1ng hi\u1ec7u<\/span><\/td>\n<td>Crudolio<\/td>\n<\/tr>\n<tr>\n<td><span data-path-to-node=\"1,2,0,0\">Xu\u1ea5t x\u1ee9<\/span><\/td>\n<td><span data-path-to-node=\"15,2,1,0\">\u00dd (Italy)<\/span><\/td>\n<\/tr>\n<tr>\n<td><span data-path-to-node=\"1,3,0,0\">Th\u00e0nh ph\u1ea7n<\/span><\/td>\n<td>100% qu\u1ea3 \u00f4 liu h\u1eefu c\u01a1 tuy\u1ec3n ch\u1ecdn<\/td>\n<\/tr>\n<tr>\n<td><span data-path-to-node=\"1,4,0,0\">H\u1ea1n s\u1eed d\u1ee5ng<\/span><\/td>\n<td>Xem tr\u00ean bao b\u00ec<\/td>\n<\/tr>\n<tr>\n<td><span data-path-to-node=\"1,5,0,0\">B\u1ea3o qu\u1ea3n<\/span><\/td>\n<td>\u0110\u1eady k\u00edn sau khi m\u1edf, \u0111\u1ec3 n\u01a1i kh\u00f4 r\u00e1o, tr\u00e1nh \u00e1nh n\u1eafng v\u00e0 nhi\u1ec7t \u0111\u1ed9 cao<\/td>\n<\/tr>\n<tr>\n<td><span data-path-to-node=\"1,6,0,0\">Kh\u1ed1i l\u01b0\u1ee3ng<\/span><\/td>\n<td>250ml<\/td>\n<\/tr>\n<\/tbody>\n<\/table>\n<p data-path-to-node=\"8\">N\u01b0\u1edbc \u00dd t\u1eeb l\u00e2u \u0111\u00e3 \u0111\u01b0\u1ee3c th\u1ebf gi\u1edbi t\u00f4n vinh l\u00e0 &#8220;v\u01b0\u01a1ng qu\u1ed1c c\u1ee7a nh\u1eefng d\u00f2ng d\u1ea7u olive th\u01b0\u1ee3ng h\u1ea1ng&#8221;, n\u01a1i cung c\u1ea5p nh\u1eefng gi\u1ecdt tinh d\u1ea7u v\u00e0ng \u00f3ng \u1ea3 cho nh\u1eefng b\u00e0n ti\u1ec7c kh\u1eaft khe nh\u1ea5t to\u00e0n c\u1ea7u. T\u1ea1i nh\u1eefng tri\u1ec1n \u0111\u1ed3i ng\u1eadp tr\u00e0n \u00e1nh n\u1eafng v\u00e0 gi\u00f3 bi\u1ec3n \u0110\u1ecba Trung H\u1ea3i \u0111\u1eb7c tr\u01b0ng, nh\u1eefng c\u00e2y \u00f4 liu c\u1ed5 th\u1ee5 \u0111\u01b0\u1ee3c nu\u00f4i d\u01b0\u1ee1ng theo ph\u01b0\u01a1ng th\u1ee9c h\u1eefu c\u01a1 \u0111\u1ec3 \u0111\u1ea1t \u0111\u1ebfn \u0111\u1ed9 ch\u00edn mu\u1ed3i v\u00e0 h\u00e0m l\u01b0\u1ee3ng d\u01b0\u1ee1ng ch\u1ea5t ho\u00e0n h\u1ea3o nh\u1ea5t. Crudolio \u0111\u00e3 ch\u1eaft l\u1ecdc nh\u1eefng g\u00ec tinh t\u00fay nh\u1ea5t t\u1eeb v\u00f9ng \u0111\u1ea5t n\u00e0y \u0111\u1ec3 mang \u0111\u1ebfn d\u00f2ng d\u1ea7u Olive Si\u00eau Nguy\u00ean Ch\u1ea5t \u2013 m\u1ed9t m\u00f3n qu\u00e0 t\u1eeb thi\u00ean nhi\u00ean gi\u00fap k\u1ebft n\u1ed1i con ng\u01b0\u1eddi v\u1edbi h\u01b0\u01a1ng v\u1ecb thu\u1ea7n khi\u1ebft v\u00e0 m\u1ed9c m\u1ea1c c\u1ee7a di s\u1ea3n \u1ea9m th\u1ef1c \u00dd.<\/p>\n<p data-path-to-node=\"8\"><img fetchpriority=\"high\" decoding=\"async\" class=\"aligncenter wp-image-45525\" src=\"https:\/\/havamall.com\/wp-content\/uploads\/2026\/03\/600500868_1479918997472624_5549650742295623559_n.jpg\" alt=\"\" width=\"800\" height=\"1064\" \/><\/p>\n<p data-path-to-node=\"9\">H\u00e0nh tr\u00ecnh c\u1ee7a nh\u1eefng gi\u1ecdt d\u1ea7u Crudolio b\u1eaft \u0111\u1ea7u khi nh\u1eefng qu\u1ea3 \u00f4 liu h\u1eefu c\u01a1 \u0111\u1ea1t \u0111\u1ebfn \u0111\u1ed9 ch\u00edn m\u1ecdng tr\u00ean c\u00e0nh, ch\u1ee9a \u0111\u1ef1ng h\u00e0m l\u01b0\u1ee3ng Polyphenols v\u00e0 Vitamin E cao nh\u1ea5t. Thay v\u00ec tr\u1ea3i qua c\u00e1c quy tr\u00ecnh tinh luy\u1ec7n nhi\u1ec7t cao hay x\u1eed l\u00fd h\u00f3a ch\u1ea5t l\u00e0m bi\u1ebfn \u0111\u1ed5i c\u1ea5u tr\u00fac t\u1ef1 nhi\u00ean, qu\u1ea3 \u00f4 liu \u0111\u01b0\u1ee3c \u0111\u01b0a v\u00e0o quy tr\u00ecnh \u00e9p l\u1ea1nh c\u01a1 h\u1ecdc (Cold Pressed) ngay t\u1ee9c th\u00ec \u0111\u1ec3 gi\u1eef l\u1ea1i tr\u1ecdn v\u1eb9n &#8220;linh h\u1ed3n&#8221; c\u1ee7a tr\u00e1i c\u00e2y t\u01b0\u01a1i.<\/p>\n<p data-path-to-node=\"9\"><img decoding=\"async\" class=\"aligncenter wp-image-45527\" src=\"https:\/\/havamall.com\/wp-content\/uploads\/2026\/03\/600322364_1479918957472628_1773985357728850691_n.jpg\" alt=\"\" width=\"800\" height=\"749\" \/><\/p>\n<p data-path-to-node=\"9\">Khi th\u01b0\u1edfng th\u1ee9c, c\u1ea3m gi\u00e1c \u0111\u1ea7u ti\u00ean l\u00e0 h\u01b0\u01a1ng th\u01a1m thanh m\u00e1t c\u1ee7a c\u1ecf m\u1ed9c, ngay sau \u0111\u00f3 l\u00e0 v\u1ecb b\u00e9o ng\u1eady \u0111\u1eb7c tr\u01b0ng lan t\u1ecfa d\u1ecbu nh\u1eb9, k\u1ebft th\u00fac b\u1eb1ng h\u1eadu v\u1ecb cay nh\u1eb9 n\u01a1i cu\u1ed1ng h\u1ecdng \u2013 minh ch\u1ee9ng cho m\u1ed9t d\u00f2ng d\u1ea7u Extra Virgin \u0111\u00edch th\u1ef1c. M\u1ed7i gi\u1ecdt d\u1ea7u kh\u00f4ng ch\u1ec9 l\u00e0 m\u1ed9t gia v\u1ecb, m\u00e0 l\u00e0 m\u1ed9t &#8220;vi\u00ean nang&#8221; s\u1ee9c kh\u1ecfe v\u1edbi h\u00e0m l\u01b0\u1ee3ng ch\u1ea5t b\u00e9o ch\u01b0a b\u00e3o h\u00f2a d\u1ed3i d\u00e0o, h\u1ed7 tr\u1ee3 \u0111\u1eafc l\u1ef1c cho h\u1ec7 tim m\u1ea1ch v\u00e0 qu\u00e1 tr\u00ecnh ch\u1ed1ng l\u00e3o h\u00f3a.<\/p>\n<p data-path-to-node=\"9\"><img decoding=\"async\" class=\"aligncenter wp-image-45526\" src=\"https:\/\/havamall.com\/wp-content\/uploads\/2026\/03\/602348885_1479918930805964_5549864799427016532_n.jpg\" alt=\"\" width=\"801\" height=\"744\" \/><\/p>\n<p data-path-to-node=\"10\">Trong v\u0103n h\u00f3a \u1ea9m th\u1ef1c ch\u00e2u \u00c2u v\u00e0 l\u1ed1i s\u1ed1ng Eat Clean, d\u1ea7u olive si\u00eau nguy\u00ean ch\u1ea5t kh\u00f4ng ch\u1ec9 l\u00e0 nguy\u00ean li\u1ec7u n\u1ea5u n\u01b0\u1edbng m\u00e0 c\u00f2n l\u00e0 &#8220;trang s\u1ee9c&#8221; cho m\u00f3n \u0103n. M\u1ed9t ch\u00fat d\u1ea7u Crudolio r\u01b0\u1edbi nh\u1eb9 l\u00ean \u0111\u0129a salad t\u01b0\u01a1i gi\u00f2n, hay d\u00f9ng l\u00e0m n\u01b0\u1edbc x\u1ed1t ch\u1ea5m c\u00f9ng nh\u1eefng l\u00e1t b\u00e1nh m\u00ec n\u01b0\u1edbng th\u01a1m n\u1ed3ng s\u1ebd l\u00e0m t\u0103ng th\u00eam s\u1ef1 sang tr\u1ecdng v\u00e0 tinh t\u1ebf cho b\u1eefa \u0103n. V\u1edbi ti\u00eau chu\u1ea9n h\u1eefu c\u01a1 kh\u1eaft khe, kh\u00f4ng bi\u1ebfn \u0111\u1ed5i gen (Non-GMO) v\u00e0 ho\u00e0n to\u00e0n thu\u1ea7n chay, \u0111\u00e2y l\u00e0 l\u1ef1a ch\u1ecdn tuy\u1ec7t v\u1eddi cho nh\u1eefng ai \u0111ang t\u00ecm ki\u1ebfm ngu\u1ed3n n\u0103ng l\u01b0\u1ee3ng s\u1ea1ch \u0111\u1ec3 ch\u0103m s\u00f3c b\u1ea3n th\u00e2n v\u00e0 gia \u0111\u00ecnh m\u1ed7i ng\u00e0y.<\/p>\n<p data-path-to-node=\"10\"><img loading=\"lazy\" decoding=\"async\" class=\"aligncenter\" src=\"https:\/\/havamall.com\/wp-content\/uploads\/2026\/03\/News_22HealthBenefits.jpg\" width=\"800\" height=\"509\" \/><\/p>\n<p data-path-to-node=\"11\">D\u1ea7u Olive H\u1eefu C\u01a1 Crudolio \u0111ang \u0111\u01b0\u1ee3c b\u00e1n ch\u00ednh h\u00e3ng t\u1ea1i Havamall, cam k\u1ebft mang tr\u1ecdn v\u1eb9n ti\u00eau chu\u1ea9n ch\u1ea5t l\u01b0\u1ee3ng kh\u1eaft khe nh\u1ea5t t\u1eeb nh\u1eefng v\u01b0\u1eddn \u00f4 liu n\u01b0\u1edbc \u00dd \u0111\u1ebfn t\u1eadn tay ng\u01b0\u1eddi ti\u00eau d\u00f9ng Vi\u1ec7t, \u0111\u1ed3ng h\u00e0nh trong h\u00e0nh tr\u00ecnh ki\u1ebfn t\u1ea1o m\u1ed9t l\u1ed1i s\u1ed1ng l\u00e0nh m\u1ea1nh v\u00e0 tr\u00e0n \u0111\u1ea7y c\u1ea3m h\u1ee9ng.<\/p>","protected":false},"excerpt":{"rendered":"<p>TH\u00d4NG TIN S\u1ea2N PH\u1ea8M Th\u01b0\u01a1ng hi\u1ec7u Crudolio Xu\u1ea5t x\u1ee9 \u00dd (Italy) Th\u00e0nh ph\u1ea7n 100% qu\u1ea3 \u00f4 liu h\u1eefu c\u01a1 tuy\u1ec3n<\/p>","protected":false},"featured_media":44832,"comment_status":"open","ping_status":"closed","template":"","meta":[],"product_brand":[],"product_cat":[672,256,154],"product_tag":[],"class_list":{"0":"post-44831","1":"product","2":"type-product","3":"status-publish","4":"has-post-thumbnail","6":"product_cat-nhap-khau-y","7":"product_cat-thuc-pham-huu-co","8":"product_cat-gia-vi","10":"first","11":"instock","12":"sale","13":"shipping-taxable","14":"purchasable","15":"product-type-simple"},"_links":{"self":[{"href":"https:\/\/havamall.vn\/en\/wp-json\/wp\/v2\/product\/44831"}],"collection":[{"href":"https:\/\/havamall.vn\/en\/wp-json\/wp\/v2\/product"}],"about":[{"href":"https:\/\/havamall.vn\/en\/wp-json\/wp\/v2\/types\/product"}],"replies":[{"embeddable":true,"href":"https:\/\/havamall.vn\/en\/wp-json\/wp\/v2\/comments?post=44831"}],"version-history":[{"count":0,"href":"https:\/\/havamall.vn\/en\/wp-json\/wp\/v2\/product\/44831\/revisions"}],"wp:featuredmedia":[{"embeddable":true,"href":"https:\/\/havamall.vn\/en\/wp-json\/wp\/v2\/media\/44832"}],"wp:attachment":[{"href":"https:\/\/havamall.vn\/en\/wp-json\/wp\/v2\/media?parent=44831"}],"wp:term":[{"taxonomy":"product_brand","embeddable":true,"href":"https:\/\/havamall.vn\/en\/wp-json\/wp\/v2\/product_brand?post=44831"},{"taxonomy":"product_cat","embeddable":true,"href":"https:\/\/havamall.vn\/en\/wp-json\/wp\/v2\/product_cat?post=44831"},{"taxonomy":"product_tag","embeddable":true,"href":"https:\/\/havamall.vn\/en\/wp-json\/wp\/v2\/product_tag?post=44831"}],"curies":[{"name":"wp","href":"https:\/\/api.w.org\/{rel}","templated":true}]}}