{"id":44817,"date":"2026-03-30T10:17:36","date_gmt":"2026-03-30T03:17:36","guid":{"rendered":"https:\/\/havamall.vn\/?post_type=product&#038;p=44817"},"modified":"2026-03-30T10:17:37","modified_gmt":"2026-03-30T03:17:37","slug":"hat-bi-song-nhap-khau-nga-atlas-garden-265g-atlas-garden-raw-pumpkin-seed","status":"publish","type":"product","link":"https:\/\/havamall.vn\/en\/shop\/hat-bi-song-nhap-khau-nga-atlas-garden-265g-atlas-garden-raw-pumpkin-seed\/","title":{"rendered":"H\u1ea1t B\u00ed S\u1ed1ng Nh\u1eadp Kh\u1ea9u Nga Atlas Garden 265g \u2013 Atlas Garden Raw Pumpkin Seed"},"content":{"rendered":"<h2 data-path-to-node=\"3\">TH\u00d4NG TIN S\u1ea2N PH\u1ea8M<\/h2>\n<table style=\"width: 70.3257%;height: 205px\" width=\"308\" data-path-to-node=\"1\">\n<tbody>\n<tr>\n<td style=\"width: 18.7638%\"><span data-path-to-node=\"1,1,0,0\">Th\u01b0\u01a1ng hi\u1ec7u<\/span><\/td>\n<td style=\"width: 80.4636%\">Atlas Garden<\/td>\n<\/tr>\n<tr>\n<td style=\"width: 18.7638%\"><span data-path-to-node=\"1,2,0,0\">Xu\u1ea5t x\u1ee9<\/span><\/td>\n<td style=\"width: 80.4636%\">NGA<\/td>\n<\/tr>\n<tr>\n<td style=\"width: 18.7638%\"><span data-path-to-node=\"1,3,0,0\">Th\u00e0nh ph\u1ea7n<\/span><\/td>\n<td style=\"width: 80.4636%\">\n<div class=\"attr-content-pro-detail\">100% h\u1ea1t b\u00ed s\u1ed1ng nh\u1eadp kh\u1ea9u t\u1eeb Nga<\/div>\n<\/td>\n<\/tr>\n<tr>\n<td style=\"width: 18.7638%\"><span data-path-to-node=\"1,4,0,0\">H\u1ea1n s\u1eed d\u1ee5ng<\/span><\/td>\n<td style=\"width: 80.4636%\">24 th\u00e1ng<\/td>\n<\/tr>\n<tr>\n<td style=\"width: 18.7638%\"><span data-path-to-node=\"1,5,0,0\">B\u1ea3o qu\u1ea3n<\/span><\/td>\n<td style=\"width: 80.4636%\">N\u01a1i kh\u00f4 r\u00e1o, tho\u00e1ng m\u00e1t, tr\u00e1nh \u00e1nh n\u1eafng tr\u1ef1c ti\u1ebfp. Sau khi m\u1edf t\u00fai n\u00ean b\u1ea3o qu\u1ea3n k\u00edn ho\u1eb7c \u0111\u1ec3 trong ng\u0103n m\u00e1t t\u1ee7 l\u1ea1nh<\/td>\n<\/tr>\n<tr>\n<td style=\"width: 18.7638%\"><span data-path-to-node=\"1,6,0,0\">Kh\u1ed1i l\u01b0\u1ee3ng<\/span><\/td>\n<td style=\"width: 80.4636%\">265g<\/td>\n<\/tr>\n<\/tbody>\n<\/table>\n<p>N\u01b0\u1edbc Nga kh\u00f4ng ch\u1ec9 n\u1ed5i ti\u1ebfng v\u1edbi nh\u1eefng c\u00e1nh \u0111\u1ed3ng h\u01b0\u1edbng d\u01b0\u01a1ng v\u00e0ng r\u1ef1c m\u00e0 c\u00f2n \u0111\u01b0\u1ee3c bi\u1ebft \u0111\u1ebfn l\u00e0 v\u00f9ng \u0111\u1ea5t s\u1ea3n xu\u1ea5t h\u1ea1t b\u00ed c\u00f3 ch\u1ea5t l\u01b0\u1ee3ng th\u01b0\u1ee3ng h\u1ea1ng nh\u1edd \u0111i\u1ec1u ki\u1ec7n th\u1ed5 nh\u01b0\u1ee1ng tr\u00f9 ph\u00fa v\u00e0 kh\u00ed h\u1eadu \u00f4n \u0111\u1edbi \u0111\u1eb7c tr\u01b0ng. T\u1ea1i nh\u1eefng v\u00f9ng th\u1ea3o nguy\u00ean bao la, n\u01a1i c\u00f3 ngu\u1ed3n n\u01b0\u1edbc tinh khi\u1ebft v\u00e0 kh\u00f4ng kh\u00ed trong l\u00e0nh, nh\u1eefng qu\u1ea3 b\u00ed ng\u00f4 \u0111\u01b0\u1ee3c nu\u00f4i d\u01b0\u1ee1ng \u0111\u1ec3 ch\u1eaft l\u1ecdc nh\u1eefng g\u00ec tinh t\u00fay nh\u1ea5t, mang \u0111\u1ebfn m\u00f3n qu\u00e0 s\u1ee9c kh\u1ecfe v\u00f4 gi\u00e1 t\u1eeb l\u00f2ng \u0111\u1ea5t m\u1eb9. Atlas Garden \u0111\u00e3 tuy\u1ec3n ch\u1ecdn nh\u1eefng h\u1ea1t b\u00ed \u01b0u t\u00fa nh\u1ea5t \u0111\u1ec3 mang \u0111\u1ebfn s\u1ea3n ph\u1ea9m\u00a0<b data-path-to-node=\"7\" data-index-in-node=\"486\">H\u1ea1t B\u00ed S\u1ed1ng<\/b>\u00a0\u2013 m\u1ed9t s\u1ef1 k\u1ebft n\u1ed1i ho\u00e0n h\u1ea3o gi\u1eefa con ng\u01b0\u1eddi hi\u1ec7n \u0111\u1ea1i v\u00e0 ngu\u1ed3n dinh d\u01b0\u1ee1ng m\u1ed9c m\u1ea1c, thu\u1ea7n khi\u1ebft t\u1eeb ph\u01b0\u01a1ng B\u1eafc.<\/p>\n<p><img fetchpriority=\"high\" decoding=\"async\" class=\"aligncenter\" src=\"https:\/\/havamall.com\/wp-content\/uploads\/2026\/03\/shutterstock_1124935934-e1664574226848.jpg\" alt=\"Pumpkin Seeds: Why Everyone Should Add This Perfect Seed to their Diet \u2013  One Green Planet\" width=\"799\" height=\"533\" \/><\/p>\n<p data-path-to-node=\"8\">Nh\u1eefng h\u1ea1t b\u00ed Atlas Garden b\u1eaft \u0111\u1ea7u khi nh\u1eefng qu\u1ea3 b\u00ed ng\u00f4 kh\u1ed5ng l\u1ed3 \u0111\u1ea1t \u0111\u1ebfn \u0111\u1ed9 ch\u00edn mu\u1ed3i, ch\u1ee9a \u0111\u1ef1ng b\u00ean trong l\u00e0 nh\u1eefng h\u1ea1t m\u1ea7m c\u0103ng m\u1ea9y, mang m\u00e0u xanh r\u00eau \u0111\u1eb7c tr\u01b0ng v\u00e0 ch\u1ee9a \u0111\u1ef1ng h\u00e0m l\u01b0\u1ee3ng kho\u00e1ng ch\u1ea5t \u1ed5n \u0111\u1ecbnh nh\u1ea5t. Thay v\u00ec tr\u1ea3i qua qu\u00e1 tr\u00ecnh rang s\u1ea5y nhi\u1ec7t \u0111\u1ed9 cao hay t\u1ea9m \u01b0\u1edbp gia v\u1ecb, h\u1ea1t b\u00ed \u0111\u01b0\u1ee3c gi\u1eef \u1edf tr\u1ea1ng th\u00e1i s\u1ed1ng nguy\u00ean b\u1ea3n (raw) \u0111\u1ec3 b\u1ea3o to\u00e0n c\u1ea5u tr\u00fac m\u1ec1m d\u1ebbo v\u00e0 h\u01b0\u01a1ng v\u1ecb ng\u1ecdt thanh, b\u00f9i b\u00e9o t\u1ef1 nhi\u00ean nh\u1ea5t.<\/p>\n<p data-path-to-node=\"8\"><img decoding=\"async\" class=\"aligncenter\" src=\"https:\/\/havamall.com\/wp-content\/uploads\/2026\/03\/pumpkin-seed-butter-step-1-jpg.webp\" alt=\"How To Make Pumpkin Seed Butter - The Coconut Mama\" width=\"800\" height=\"800\" \/><\/p>\n<p data-path-to-node=\"8\">Khi th\u01b0\u1edfng th\u1ee9c, c\u1ea3m gi\u00e1c \u0111\u1ea7u ti\u00ean l\u00e0 s\u1ef1 d\u1ecbu nh\u1eb9 n\u01a1i \u0111\u1ea7u l\u01b0\u1ee1i, ngay sau \u0111\u00f3 l\u00e0 v\u1ecb b\u00e9o \u0111\u1eb7c tr\u01b0ng c\u1ee7a c\u00e1c axit b\u00e9o l\u00e0nh m\u1ea1nh lan t\u1ecfa, t\u1ea1o n\u00ean m\u1ed9t tr\u1ea3i nghi\u1ec7m \u1ea9m th\u1ef1c v\u00f4 c\u00f9ng th\u01b0 th\u00e1i. M\u1ed7i h\u1ea1t b\u00ed kh\u00f4ng ch\u1ec9 l\u00e0 m\u1ed9t m\u00f3n \u0103n v\u1eb7t, m\u00e0 l\u00e0 m\u1ed9t &#8220;vi\u00ean nang&#8221; dinh d\u01b0\u1ee1ng \u0111\u1eadm \u0111\u1eb7c v\u1edbi h\u00e0m l\u01b0\u1ee3ng\u00a0<b data-path-to-node=\"8\" data-index-in-node=\"697\">Magi\u00ea<\/b>\u00a0v\u01b0\u1ee3t tr\u1ed9i, h\u1ed7 tr\u1ee3 \u0111\u1eafc l\u1ef1c cho s\u1ee9c kh\u1ecfe tim m\u1ea1ch v\u00e0 h\u1ec7 th\u1ea7n kinh.<\/p>\n<p data-path-to-node=\"8\"><img decoding=\"async\" class=\"aligncenter\" src=\"https:\/\/havamall.com\/wp-content\/uploads\/2026\/03\/IMG_7582.jpg\" alt=\"How to Make Pumpkin Seed Butter - Plant Based Jess\" width=\"800\" height=\"533\" \/><\/p>\n<p data-path-to-node=\"9\">Trong v\u0103n h\u00f3a \u1ea9m th\u1ef1c s\u1ee9c kh\u1ecfe to\u00e0n c\u1ea7u, h\u1ea1t b\u00ed s\u1ed1ng \u0111\u01b0\u1ee3c xem l\u00e0 &#8220;si\u00eau th\u1ef1c ph\u1ea9m&#8221; v\u1edbi t\u00ednh \u1ee9ng d\u1ee5ng v\u00f4 c\u00f9ng \u0111a d\u1ea1ng. M\u1ed9t n\u1eafm h\u1ea1t b\u00ed r\u1eafc nh\u1eb9 l\u00ean c\u00e1c m\u00f3n salad t\u01b0\u01a1i m\u00e1t, hay tr\u1ed9n c\u00f9ng ng\u0169 c\u1ed1c, s\u1eefa chua v\u00e0o bu\u1ed5i s\u00e1ng s\u1ebd l\u00e0m t\u0103ng th\u00eam \u0111\u1ed9 gi\u00f2n b\u00e9o v\u00e0 s\u1ef1 tinh t\u1ebf cho b\u1eefa \u0103n. V\u1edbi \u0111\u1eb7c t\u00ednh thu\u1ea7n chay (<b data-path-to-node=\"9\" data-index-in-node=\"294\">Vegan<\/b>), kh\u00f4ng ch\u1ee9a Gluten (<b data-path-to-node=\"9\" data-index-in-node=\"321\">Gluten Free<\/b>) v\u00e0 kh\u00f4ng bi\u1ebfn \u0111\u1ed5i gen (<b data-path-to-node=\"9\" data-index-in-node=\"357\">Non-GMO<\/b>), s\u1ea3n ph\u1ea9m l\u00e0 s\u1ef1 l\u1ef1a ch\u1ecdn tuy\u1ec7t v\u1eddi cho nh\u1eefng ai \u0111ang theo \u0111u\u1ed5i l\u1ed1i s\u1ed1ng l\u00e0nh m\u1ea1nh, c\u1ea7n b\u1ed5 sung ngu\u1ed3n n\u0103ng l\u01b0\u1ee3ng s\u1ea1ch v\u00e0 an to\u00e0n cho c\u1ea3 gia \u0111\u00ecnh. \u0110\u1eb7c bi\u1ec7t, \u0111\u00e2y c\u00f2n l\u00e0 nguy\u00ean li\u1ec7u tuy\u1ec7t v\u1eddi \u0111\u1ec3 ch\u1ebf bi\u1ebfn c\u00e1c lo\u1ea1i s\u1eefa h\u1ea1t s\u00e1nh m\u1ecbn ho\u1eb7c l\u00e0m nh\u00e2n cho c\u00e1c lo\u1ea1i b\u00e1nh th\u1ef1c d\u01b0\u1ee1ng cao c\u1ea5p.<\/p>\n<p data-path-to-node=\"9\"><img loading=\"lazy\" decoding=\"async\" class=\"aligncenter\" src=\"https:\/\/havamall.com\/wp-content\/uploads\/2026\/03\/marys-gone-crackers-04.jpg\" alt=\"Toasted Pumpkin Seed Spread\" width=\"800\" height=\"1000\" \/><\/p>\n<p data-path-to-node=\"10\">H\u1ea1t B\u00ed S\u1ed1ng Atlas Garden hi\u1ec7n \u0111ang \u0111\u01b0\u1ee3c ph\u00e2n ph\u1ed1i ch\u00ednh h\u00e3ng, cam k\u1ebft mang tr\u1ecdn v\u1eb9n ch\u1ea5t l\u01b0\u1ee3ng v\u00e0 s\u1ef1 thu\u1ea7n khi\u1ebft t\u1eeb nh\u1eefng trang tr\u1ea1i v\u00f9ng vi\u1ec5n \u0110\u00f4ng n\u01b0\u1edbc Nga \u0111\u1ebfn v\u1edbi h\u00e0nh tr\u00ecnh ch\u0103m s\u00f3c s\u1ee9c kh\u1ecfe b\u1ec1n v\u1eefng c\u1ee7a b\u1ea1n.<\/p>","protected":false},"excerpt":{"rendered":"<p>TH\u00d4NG TIN S\u1ea2N PH\u1ea8M Th\u01b0\u01a1ng hi\u1ec7u Atlas Garden Xu\u1ea5t x\u1ee9 NGA Th\u00e0nh ph\u1ea7n 100% h\u1ea1t b\u00ed s\u1ed1ng nh\u1eadp kh\u1ea9u t\u1eeb<\/p>","protected":false},"featured_media":44818,"comment_status":"open","ping_status":"closed","template":"","meta":[],"product_brand":[],"product_cat":[673,134],"product_tag":[],"class_list":{"0":"post-44817","1":"product","2":"type-product","3":"status-publish","4":"has-post-thumbnail","6":"product_cat-nhap-khau-nga","7":"product_cat-thucpham-saykho","9":"first","10":"instock","11":"sale","12":"shipping-taxable","13":"purchasable","14":"product-type-simple"},"_links":{"self":[{"href":"https:\/\/havamall.vn\/en\/wp-json\/wp\/v2\/product\/44817"}],"collection":[{"href":"https:\/\/havamall.vn\/en\/wp-json\/wp\/v2\/product"}],"about":[{"href":"https:\/\/havamall.vn\/en\/wp-json\/wp\/v2\/types\/product"}],"replies":[{"embeddable":true,"href":"https:\/\/havamall.vn\/en\/wp-json\/wp\/v2\/comments?post=44817"}],"version-history":[{"count":0,"href":"https:\/\/havamall.vn\/en\/wp-json\/wp\/v2\/product\/44817\/revisions"}],"wp:featuredmedia":[{"embeddable":true,"href":"https:\/\/havamall.vn\/en\/wp-json\/wp\/v2\/media\/44818"}],"wp:attachment":[{"href":"https:\/\/havamall.vn\/en\/wp-json\/wp\/v2\/media?parent=44817"}],"wp:term":[{"taxonomy":"product_brand","embeddable":true,"href":"https:\/\/havamall.vn\/en\/wp-json\/wp\/v2\/product_brand?post=44817"},{"taxonomy":"product_cat","embeddable":true,"href":"https:\/\/havamall.vn\/en\/wp-json\/wp\/v2\/product_cat?post=44817"},{"taxonomy":"product_tag","embeddable":true,"href":"https:\/\/havamall.vn\/en\/wp-json\/wp\/v2\/product_tag?post=44817"}],"curies":[{"name":"wp","href":"https:\/\/api.w.org\/{rel}","templated":true}]}}