{"id":44788,"date":"2026-03-28T15:30:18","date_gmt":"2026-03-28T08:30:18","guid":{"rendered":"https:\/\/havamall.vn\/?post_type=product&#038;p=44788"},"modified":"2026-03-28T15:30:26","modified_gmt":"2026-03-28T08:30:26","slug":"hat-huong-duong-tach-vo-nhap-khau-nga-atlas-garden-265g-atlas-garden-sunflower-seed","status":"publish","type":"product","link":"https:\/\/havamall.vn\/en\/shop\/hat-huong-duong-tach-vo-nhap-khau-nga-atlas-garden-265g-atlas-garden-sunflower-seed\/","title":{"rendered":"H\u1ea1t H\u01b0\u1edbng D\u01b0\u01a1ng T\u00e1ch V\u1ecf Nh\u1eadp Kh\u1ea9u Nga Atlas Garden 265g \u2013 Atlas Garden Sunflower Seed"},"content":{"rendered":"<h2 data-path-to-node=\"3\">TH\u00d4NG TIN S\u1ea2N PH\u1ea8M<\/h2>\n<table style=\"width: 67.4241%;height: 145px\" width=\"308\" data-path-to-node=\"1\">\n<tbody>\n<tr>\n<td><span data-path-to-node=\"1,1,0,0\">Th\u01b0\u01a1ng hi\u1ec7u<\/span><\/td>\n<td>Atlas Garden<\/td>\n<\/tr>\n<tr>\n<td><span data-path-to-node=\"1,2,0,0\">Xu\u1ea5t x\u1ee9<\/span><\/td>\n<td>Nga<\/td>\n<\/tr>\n<tr>\n<td><span data-path-to-node=\"1,3,0,0\">Th\u00e0nh ph\u1ea7n<\/span><\/td>\n<td>100% h\u1ea1t h\u01b0\u1edbng d\u01b0\u01a1ng t\u00e1ch v\u1ecf nh\u1eadp kh\u1ea9u Nga<\/td>\n<\/tr>\n<tr>\n<td><span data-path-to-node=\"1,4,0,0\">H\u1ea1n s\u1eed d\u1ee5ng<\/span><\/td>\n<td>12 th\u00e1ng<\/td>\n<\/tr>\n<tr>\n<td><span data-path-to-node=\"1,5,0,0\">B\u1ea3o qu\u1ea3n<\/span><\/td>\n<td>N\u01a1i kh\u00f4 r\u00e1o, tho\u00e1ng m\u00e1t, tr\u00e1nh \u00e1nh n\u1eafng tr\u1ef1c ti\u1ebfp. Sau khi m\u1edf t\u00fai n\u00ean b\u1ea3o qu\u1ea3n k\u00edn ho\u1eb7c \u0111\u1ec3 trong ng\u0103n m\u00e1t t\u1ee7 l\u1ea1nh<\/td>\n<\/tr>\n<tr>\n<td><span data-path-to-node=\"1,6,0,0\">Kh\u1ed1i l\u01b0\u1ee3ng<\/span><\/td>\n<td>265g<\/td>\n<\/tr>\n<\/tbody>\n<\/table>\n<p>N\u01b0\u1edbc Nga t\u1eeb l\u00e2u \u0111\u00e3 \u0111\u01b0\u1ee3c th\u1ebf gi\u1edbi t\u00f4n vinh l\u00e0 &#8220;v\u01b0\u01a1ng qu\u1ed1c c\u1ee7a nh\u1eefng \u0111\u00f3a h\u01b0\u1edbng d\u01b0\u01a1ng&#8221;, n\u01a1i s\u1edf h\u1eefu nh\u1eefng c\u00e1nh \u0111\u1ed3ng hoa v\u00e0ng r\u1ef1c tr\u1ea3i d\u00e0i v\u00f4 t\u1eadn d\u01b0\u1edbi b\u1ea7u tr\u1eddi trong xanh. T\u1ea1i nh\u1eefng v\u00f9ng th\u1ea3o nguy\u00ean bao la v\u1edbi kh\u00ed h\u1eadu \u00f4n \u0111\u1edbi \u0111\u1eb7c tr\u01b0ng v\u00e0 th\u1ed5 nh\u01b0\u1ee1ng gi\u00e0u dinh d\u01b0\u1ee1ng, nh\u1eefng b\u00f4ng hoa h\u01b0\u1edbng d\u01b0\u01a1ng \u0111\u01b0\u1ee3c nu\u00f4i d\u01b0\u1ee1ng \u0111\u1ec3 k\u1ebft tinh n\u00ean nh\u1eefng h\u1ea1t m\u1ea7m m\u1ea9y ch\u1eafc, ch\u1ee9a \u0111\u1ef1ng h\u00e0m l\u01b0\u1ee3ng tinh d\u1ea7u v\u00e0 d\u01b0\u1ee1ng ch\u1ea5t v\u01b0\u1ee3t tr\u1ed9i. Atlas Garden \u0111\u00e3 ch\u1eaft l\u1ecdc nh\u1eefng g\u00ec tinh t\u00fay nh\u1ea5t t\u1eeb v\u00f9ng \u0111\u1ea5t n\u00e0y \u0111\u1ec3 mang \u0111\u1ebfn s\u1ea3n ph\u1ea9m\u00a0<b data-path-to-node=\"7\" data-index-in-node=\"483\">H\u1ea1t H\u01b0\u1edbng D\u01b0\u01a1ng T\u00e1ch V\u1ecf<\/b>\u00a0\u2013 m\u1ed9t m\u00f3n qu\u00e0 t\u1eeb thi\u00ean nhi\u00ean gi\u00fap k\u1ebft n\u1ed1i con ng\u01b0\u1eddi v\u1edbi ngu\u1ed3n n\u0103ng l\u01b0\u1ee3ng \u1ea5m \u00e1p v\u00e0 thu\u1ea7n khi\u1ebft c\u1ee7a \u00e1nh m\u1eb7t tr\u1eddi ph\u01b0\u01a1ng B\u1eafc.<\/p>\n<p><img fetchpriority=\"high\" decoding=\"async\" class=\"aligncenter\" src=\"https:\/\/havamall.com\/wp-content\/uploads\/2026\/03\/da1523cb118d4569b57832fa50771cf2.png_720x720q80.png\" alt=\"H\u1ea1t h\u01b0\u1edbng d\u01b0\u01a1ng nh\u1eadp kh\u1ea9u Nga 265g \/ 1kg (\u0111\u00e3 t\u00e1ch v\u1ecf) | Lazada.vn\" width=\"811\" height=\"800\" \/><\/p>\n<p data-path-to-node=\"8\">Nh\u1eefng h\u1ea1t h\u01b0\u1edbng d\u01b0\u01a1ng Atlas Garden b\u1eaft \u0111\u1ea7u khi nh\u1eefng \u0111\u00f3a hoa kh\u1ed5ng l\u1ed3 b\u1eaft \u0111\u1ea7u tr\u0129u n\u1eb7ng, mang theo h\u00e0ng ngh\u00ecn h\u1ea1t m\u1ea7m \u0111\u00e3 ch\u00edn mu\u1ed3i v\u00e0 ch\u1ee9a \u0111\u1ef1ng h\u00e0m l\u01b0\u1ee3ng vitamin t\u1ef1 nhi\u00ean cao nh\u1ea5t. Thay v\u00ec gi\u1eef nguy\u00ean l\u1edbp v\u1ecf c\u1ee9ng g\u00e2y b\u1ea5t ti\u1ec7n khi s\u1eed d\u1ee5ng, h\u1ea1t \u0111\u01b0\u1ee3c t\u00e1ch v\u1ecf m\u1ed9t c\u00e1ch t\u1ec9 m\u1ec9 b\u1eb1ng c\u00f4ng ngh\u1ec7 hi\u1ec7n \u0111\u1ea1i \u0111\u1ec3 gi\u1eef l\u1ea1i ph\u1ea7n nh\u00e2n tr\u1eafng ng\u00e0, \u0111\u1ec1u t\u0103m t\u1eafp v\u00e0 v\u1eb9n nguy\u00ean gi\u00e1 tr\u1ecb dinh d\u01b0\u1ee1ng.<\/p>\n<p data-path-to-node=\"8\"><img decoding=\"async\" class=\"aligncenter  wp-image-45493\" src=\"https:\/\/havamall.com\/wp-content\/uploads\/2026\/03\/99880180d083715331b9b6c9d800524a.jpg\" alt=\"\" width=\"800\" height=\"588\" \/><\/p>\n<p data-path-to-node=\"8\">Khi th\u01b0\u1edfng th\u1ee9c, c\u1ea3m gi\u00e1c \u0111\u1ea7u ti\u00ean l\u00e0 \u0111\u1ed9 gi\u00f2n tan nh\u1eb9 nh\u00e0ng, ngay sau \u0111\u00f3 l\u00e0 v\u1ecb b\u00f9i b\u00e9o \u0111\u1eb7c tr\u01b0ng v\u00e0 h\u01b0\u01a1ng th\u01a1m m\u1ed9c m\u1ea1c lan t\u1ecfa d\u1ecbu nh\u1eb9. M\u1ed7i h\u1ea1t h\u01b0\u1edbng d\u01b0\u01a1ng kh\u00f4ng ch\u1ec9 l\u00e0 m\u1ed9t m\u00f3n \u0103n v\u1eb7t th\u00fa v\u1ecb, m\u00e0 l\u00e0 m\u1ed9t &#8220;vi\u00ean nang&#8221; dinh d\u01b0\u1ee1ng \u0111\u1eadm \u0111\u1eb7c v\u1edbi h\u00e0m l\u01b0\u1ee3ng\u00a0<b data-path-to-node=\"8\" data-index-in-node=\"634\">Vitamin E<\/b>\u00a0d\u1ed3i d\u00e0o \u2013 m\u1ed9t ch\u1ea5t ch\u1ed1ng oxy h\u00f3a m\u1ea1nh m\u1ebd gi\u00fap b\u1ea3o v\u1ec7 t\u1ebf b\u00e0o v\u00e0 nu\u00f4i d\u01b0\u1ee1ng l\u00e0n da r\u1ea1ng r\u1ee1 t\u1eeb b\u00ean trong.<\/p>\n<p data-path-to-node=\"8\"><img decoding=\"async\" class=\"aligncenter\" src=\"https:\/\/havamall.com\/wp-content\/uploads\/2026\/03\/DSC_1820_1.jpg\" alt=\"RECIPES \u2013 tagged &quot;sunflower seeds&quot; \u2013 Go Raw\" width=\"801\" height=\"641\" \/><\/p>\n<p data-path-to-node=\"9\">Trong v\u0103n h\u00f3a \u1ea9m th\u1ef1c hi\u1ec7n \u0111\u1ea1i v\u00e0 l\u1ed1i s\u1ed1ng l\u00e0nh m\u1ea1nh, h\u1ea1t h\u01b0\u1edbng d\u01b0\u01a1ng t\u00e1ch v\u1ecf \u0111\u01b0\u1ee3c xem l\u00e0 &#8220;ng\u01b0\u1eddi b\u1ea1n \u0111\u1ed3ng h\u00e0nh&#8221; l\u00fd t\u01b0\u1edfng trong m\u1ecdi b\u1eefa \u0103n h\u1eb1ng ng\u00e0y. M\u1ed9t nh\u00fam h\u1ea1t r\u1eafc nh\u1eb9 l\u00ean b\u00e1t ng\u0169 c\u1ed1c, s\u1eefa chua bu\u1ed5i s\u00e1ng, hay l\u1ed3ng gh\u00e9p v\u00e0o c\u00e1c c\u00f4ng th\u1ee9c l\u00e0m b\u00e1nh m\u00ec, b\u00e1nh quy s\u1ebd l\u00e0m t\u0103ng th\u00eam \u0111\u1ed9 gi\u00f2n b\u00e9o v\u00e0 s\u1ef1 tinh t\u1ebf cho m\u00f3n \u0103n. \u0110\u1eb7c bi\u1ec7t, h\u1ea1t h\u01b0\u1edbng d\u01b0\u01a1ng Atlas Garden ho\u00e0n to\u00e0n kh\u00f4ng ch\u1ee9a ch\u1ea5t b\u1ea3o qu\u1ea3n, kh\u00f4ng bi\u1ebfn \u0111\u1ed5i gen (<b data-path-to-node=\"9\" data-index-in-node=\"411\">Non-GMO<\/b>) v\u00e0 thu\u1ea7n chay (<b data-path-to-node=\"9\" data-index-in-node=\"435\">Vegan<\/b>), l\u00e0 l\u1ef1a ch\u1ecdn tuy\u1ec7t v\u1eddi cho nh\u1eefng ai \u0111ang t\u00ecm ki\u1ebfm m\u1ed9t ngu\u1ed3n n\u0103ng l\u01b0\u1ee3ng nhanh ch\u00f3ng, l\u00e0nh m\u1ea1nh \u0111\u1ec3 duy tr\u00ec s\u1ef1 t\u1ec9nh t\u00e1o v\u00e0 b\u1ec1n b\u1ec9 su\u1ed1t ng\u00e0y d\u00e0i l\u00e0m vi\u1ec7c.<\/p>\n<p data-path-to-node=\"9\"><img loading=\"lazy\" decoding=\"async\" class=\"aligncenter\" src=\"https:\/\/havamall.com\/wp-content\/uploads\/2026\/03\/carrot-and-sunflower-seed-bread-recipe-1746599002.jpg\" alt=\"Flax and Sunflower Seed Bread Recipe | Maison-Kayser.com.sg\" width=\"800\" height=\"533\" \/><\/p>\n<p data-path-to-node=\"10\">H\u1ea1t H\u01b0\u1edbng D\u01b0\u01a1ng T\u00e1ch V\u1ecf Atlas Garden hi\u1ec7n \u0111ang \u0111\u01b0\u1ee3c ph\u00e2n ph\u1ed1i ch\u00ednh h\u00e3ng, cam k\u1ebft mang tr\u1ecdn v\u1eb9n s\u1ef1 tinh t\u00fay v\u00e0 ti\u00eau chu\u1ea9n ch\u1ea5t l\u01b0\u1ee3ng kh\u1eaft khe t\u1eeb n\u01b0\u1edbc Nga \u0111\u1ebfn v\u1edbi h\u00e0nh tr\u00ecnh ch\u0103m s\u00f3c s\u1ee9c kh\u1ecfe c\u1ee7a b\u1ea1n v\u00e0 gia \u0111\u00ecnh.<\/p>","protected":false},"excerpt":{"rendered":"<p>TH\u00d4NG TIN S\u1ea2N PH\u1ea8M Th\u01b0\u01a1ng hi\u1ec7u Atlas Garden Xu\u1ea5t x\u1ee9 Nga Th\u00e0nh ph\u1ea7n 100% h\u1ea1t h\u01b0\u1edbng d\u01b0\u01a1ng t\u00e1ch v\u1ecf nh\u1eadp<\/p>","protected":false},"featured_media":44789,"comment_status":"open","ping_status":"closed","template":"","meta":[],"product_brand":[],"product_cat":[673,134],"product_tag":[],"class_list":{"0":"post-44788","1":"product","2":"type-product","3":"status-publish","4":"has-post-thumbnail","6":"product_cat-nhap-khau-nga","7":"product_cat-thucpham-saykho","9":"first","10":"instock","11":"sale","12":"shipping-taxable","13":"purchasable","14":"product-type-simple"},"_links":{"self":[{"href":"https:\/\/havamall.vn\/en\/wp-json\/wp\/v2\/product\/44788"}],"collection":[{"href":"https:\/\/havamall.vn\/en\/wp-json\/wp\/v2\/product"}],"about":[{"href":"https:\/\/havamall.vn\/en\/wp-json\/wp\/v2\/types\/product"}],"replies":[{"embeddable":true,"href":"https:\/\/havamall.vn\/en\/wp-json\/wp\/v2\/comments?post=44788"}],"version-history":[{"count":0,"href":"https:\/\/havamall.vn\/en\/wp-json\/wp\/v2\/product\/44788\/revisions"}],"wp:featuredmedia":[{"embeddable":true,"href":"https:\/\/havamall.vn\/en\/wp-json\/wp\/v2\/media\/44789"}],"wp:attachment":[{"href":"https:\/\/havamall.vn\/en\/wp-json\/wp\/v2\/media?parent=44788"}],"wp:term":[{"taxonomy":"product_brand","embeddable":true,"href":"https:\/\/havamall.vn\/en\/wp-json\/wp\/v2\/product_brand?post=44788"},{"taxonomy":"product_cat","embeddable":true,"href":"https:\/\/havamall.vn\/en\/wp-json\/wp\/v2\/product_cat?post=44788"},{"taxonomy":"product_tag","embeddable":true,"href":"https:\/\/havamall.vn\/en\/wp-json\/wp\/v2\/product_tag?post=44788"}],"curies":[{"name":"wp","href":"https:\/\/api.w.org\/{rel}","templated":true}]}}