{"id":44781,"date":"2026-03-28T11:05:32","date_gmt":"2026-03-28T04:05:32","guid":{"rendered":"https:\/\/havamall.vn\/?post_type=product&#038;p=44781"},"modified":"2026-03-28T11:05:48","modified_gmt":"2026-03-28T04:05:48","slug":"hat-dieu-song-khong-vo-atlas-garden-265g-atlas-garden-raw-cashew","status":"publish","type":"product","link":"https:\/\/havamall.vn\/en\/shop\/hat-dieu-song-khong-vo-atlas-garden-265g-atlas-garden-raw-cashew\/","title":{"rendered":"H\u1ea1t \u0110i\u1ec1u S\u1ed1ng Kh\u00f4ng V\u1ecf Atlas Garden 265g \u2013 Atlas Garden Raw Cashew"},"content":{"rendered":"<h2 data-path-to-node=\"3\">TH\u00d4NG TIN S\u1ea2N PH\u1ea8M<\/h2>\n<table style=\"width: 76.4832%;height: 158px\" width=\"308\" data-path-to-node=\"1\">\n<tbody>\n<tr>\n<td><span data-path-to-node=\"1,1,0,0\">Th\u01b0\u01a1ng hi\u1ec7u<\/span><\/td>\n<td>Atlas Garden<\/td>\n<\/tr>\n<tr>\n<td><span data-path-to-node=\"1,2,0,0\">Xu\u1ea5t x\u1ee9<\/span><\/td>\n<td>Vi\u1ec7t Nam<\/td>\n<\/tr>\n<tr>\n<td><span data-path-to-node=\"1,3,0,0\">Th\u00e0nh ph\u1ea7n<\/span><\/td>\n<td>100% nh\u00e2n h\u1ea1t \u0111i\u1ec1u s\u1ed1ng Vi\u1ec7t Nam<\/td>\n<\/tr>\n<tr>\n<td><span data-path-to-node=\"1,4,0,0\">H\u1ea1n s\u1eed d\u1ee5ng<\/span><\/td>\n<td>24 th\u00e1ng k\u1ec3 t\u1eeb ng\u00e0y s\u1ea3n xu\u1ea5t<\/td>\n<\/tr>\n<tr>\n<td><span data-path-to-node=\"1,5,0,0\">B\u1ea3o qu\u1ea3n<\/span><\/td>\n<td>N\u01a1i kh\u00f4 r\u00e1o, tho\u00e1ng m\u00e1t, tr\u00e1nh \u00e1nh n\u1eafng tr\u1ef1c ti\u1ebfp. Sau khi m\u1edf t\u00fai n\u00ean b\u1ea3o qu\u1ea3n k\u00edn ho\u1eb7c \u0111\u1ec3 trong ng\u0103n m\u00e1t t\u1ee7 l\u1ea1nh<\/td>\n<\/tr>\n<tr>\n<td><span data-path-to-node=\"1,6,0,0\">Kh\u1ed1i l\u01b0\u1ee3ng<\/span><\/td>\n<td>265g<\/td>\n<\/tr>\n<\/tbody>\n<\/table>\n<p data-path-to-node=\"7\">Vi\u1ec7t Nam t\u1eeb l\u00e2u \u0111\u00e3 \u0111\u01b0\u1ee3c th\u1ebf gi\u1edbi t\u00f4n vinh l\u00e0 &#8220;v\u01b0\u01a1ng qu\u1ed1c c\u1ee7a nh\u1eefng h\u1ea1t \u0111i\u1ec1u ch\u1ea5t l\u01b0\u1ee3ng nh\u1ea5t&#8221;, n\u01a1i cung c\u1ea5p ngu\u1ed3n nh\u00e2n \u0111i\u1ec1u v\u00e0ng \u00f3ng cho nh\u1eefng th\u1ecb tr\u01b0\u1eddng kh\u1eaft khe nh\u1ea5t to\u00e0n c\u1ea7u. T\u1ea1i nh\u1eefng v\u00f9ng \u0111\u1ea5t \u0111\u1ecf bazan m\u00e0u m\u1ee1, n\u01a1i c\u00f3 kh\u00ed h\u1eadu nhi\u1ec7t \u0111\u1edbi n\u1eafng gi\u00f3 \u0111\u1eb7c tr\u01b0ng, nh\u1eefng c\u00e2y \u0111i\u1ec1u \u0111\u01b0\u1ee3c nu\u00f4i d\u01b0\u1ee1ng \u0111\u1ec3 \u0111\u1ea1t \u0111\u1ebfn \u0111\u1ed9 ch\u1eafc h\u1ea1t v\u00e0 v\u1ecb b\u00e9o ng\u1eady ho\u00e0n h\u1ea3o. Atlas Garden \u0111\u00e3 ch\u1eaft l\u1ecdc nh\u1eefng g\u00ec tinh t\u00fay nh\u1ea5t t\u1eeb v\u00f9ng nguy\u00ean li\u1ec7u b\u1ea3n \u0111\u1ecba n\u00e0y \u0111\u1ec3 mang \u0111\u1ebfn s\u1ea3n ph\u1ea9m H\u1ea1t \u0110i\u1ec1u S\u1ed1ng Kh\u00f4ng V\u1ecf \u2013 m\u1ed9t m\u00f3n qu\u00e0 t\u1eeb \u0111\u1ea5t m\u1eb9 gi\u00fap k\u1ebft n\u1ed1i con ng\u01b0\u1eddi v\u1edbi h\u01b0\u01a1ng v\u1ecb thu\u1ea7n khi\u1ebft v\u00e0 m\u1ed9c m\u1ea1c c\u1ee7a n\u00f4ng s\u1ea3n Vi\u1ec7t.<\/p>\n<p data-path-to-node=\"7\"><img fetchpriority=\"high\" decoding=\"async\" class=\"aligncenter\" src=\"https:\/\/havamall.com\/wp-content\/uploads\/2026\/03\/noix20de20cajou20bio20hecosfair2090.jpg\" alt=\"Organic &amp; Fairtrade &amp; Forest Garden Raw Cashew Nuts from Vietnam\" width=\"800\" height=\"537\" \/><\/p>\n<p data-path-to-node=\"8\">H\u00e0nh tr\u00ecnh c\u1ee7a nh\u1eefng h\u1ea1t \u0111i\u1ec1u Atlas Garden b\u1eaft \u0111\u1ea7u khi tr\u00e1i \u0111i\u1ec1u chuy\u1ec3n sang m\u00e0u \u0111\u1ecf r\u1ef1c ho\u1eb7c v\u00e0ng \u01b0\u01a1m, ch\u1ee9a \u0111\u1ef1ng b\u00ean d\u01b0\u1edbi l\u00e0 nh\u1eefng h\u1ea1t m\u1ea7m gi\u00e0u dinh d\u01b0\u1ee1ng nh\u1ea5t. Thay v\u00ec tr\u1ea3i qua c\u00e1c quy tr\u00ecnh rang t\u1ea9m hay x\u1eed l\u00fd nhi\u1ec7t cao l\u00e0m bi\u1ebfn \u0111\u1ed5i ch\u1ea5t b\u00e9o t\u1ef1 nhi\u00ean, h\u1ea1t \u0111i\u1ec1u \u0111\u01b0\u1ee3c t\u00e1ch v\u1ecf v\u00e0 l\u00e0m s\u1ea1ch m\u1ed9t c\u00e1ch kh\u00e9o l\u00e9o \u0111\u1ec3 gi\u1eef l\u1ea1i c\u1ea5u tr\u00fac m\u1ec1m d\u1ebbo v\u00e0 \u0111\u1ed9 \u1ea9m \u0111\u1eb7c tr\u01b0ng c\u1ee7a h\u1ea1t s\u1ed1ng.<\/p>\n<p data-path-to-node=\"8\"><img decoding=\"async\" class=\"aligncenter\" src=\"https:\/\/havamall.com\/wp-content\/uploads\/2026\/03\/free-photo-of-close-up-of-raw-cashew-nuts-in-hand-outdoors.jpg\" alt=\"Close-Up of Raw Cashew Nuts in Hand Outdoors \u00b7 Free Stock Photo\" width=\"800\" height=\"1200\" \/><\/p>\n<p data-path-to-node=\"8\">Khi th\u01b0\u1edfng th\u1ee9c, c\u1ea3m gi\u00e1c \u0111\u1ea7u ti\u00ean l\u00e0 s\u1ef1 m\u1ec1m m\u1ea1i, ngay sau \u0111\u00f3 l\u00e0 v\u1ecb ng\u1ecdt thanh \u0111\u1eb7c tr\u01b0ng c\u1ee7a tinh b\u1ed9t l\u00e0nh m\u1ea1nh v\u00e0 v\u1ecb b\u00e9o b\u00f9i lan t\u1ecfa d\u1ecbu nh\u1eb9. M\u1ed7i h\u1ea1t \u0111i\u1ec1u s\u1ed1ng kh\u00f4ng ch\u1ec9 l\u00e0 m\u1ed9t nguy\u00ean li\u1ec7u, m\u00e0 l\u00e0 m\u1ed9t &#8220;vi\u00ean nang&#8221; dinh d\u01b0\u1ee1ng \u0111\u1eadm \u0111\u1eb7c v\u1edbi h\u00e0m l\u01b0\u1ee3ng Ph\u1ed1t pho d\u1ed3i d\u00e0o v\u00e0 gi\u00e0u Magi\u00ea, h\u1ed7 tr\u1ee3 \u0111\u1eafc l\u1ef1c cho s\u1ee9c kh\u1ecfe x\u01b0\u01a1ng kh\u1edbp v\u00e0 h\u1ec7 th\u1ea7n kinh.<\/p>\n<p data-path-to-node=\"8\"><img decoding=\"async\" class=\"aligncenter\" src=\"https:\/\/havamall.com\/wp-content\/uploads\/2026\/03\/Smokin-Hot-Pink-Pasta-3.jpg\" alt=\"Roasted Garlic Cashew Cream Recipe \u2022 Tasty Thrifty Timely\" width=\"800\" height=\"1199\" \/><\/p>\n<p data-path-to-node=\"9\">Trong v\u0103n h\u00f3a \u1ea9m th\u1ef1c hi\u1ec7n \u0111\u1ea1i v\u00e0 l\u1ed1i s\u1ed1ng Eat Clean, h\u1ea1t \u0111i\u1ec1u s\u1ed1ng kh\u00f4ng v\u1ecf \u0111\u01b0\u1ee3c xem l\u00e0 &#8220;nguy\u00ean li\u1ec7u \u0111a n\u0103ng&#8221; b\u1eadc nh\u1ea5t trong gian b\u1ebfp s\u1ee9c kh\u1ecfe. M\u1ed9t ch\u00fat nh\u00e2n \u0111i\u1ec1u tr\u1eafng ng\u1ea7n xay c\u00f9ng n\u01b0\u1edbc l\u1ecdc s\u1ebd t\u1ea1o n\u00ean nh\u1eefng ly s\u1eefa h\u1ea1t s\u00e1nh m\u1ecbn, hay l\u1ed3ng gh\u00e9p v\u00e0o c\u00e1c m\u00f3n x\u00e0o, m\u00f3n g\u1ecfi s\u1ebd l\u00e0m t\u0103ng th\u00eam s\u1ef1 tinh t\u1ebf v\u00e0 b\u00f9i ng\u1eady cho b\u1eefa c\u01a1m gia \u0111\u00ecnh. \u0110\u1eb7c bi\u1ec7t, h\u1ea1t \u0111i\u1ec1u Atlas Garden ho\u00e0n to\u00e0n kh\u00f4ng ch\u1ee9a ch\u1ea5t b\u1ea3o qu\u1ea3n, kh\u00f4ng bi\u1ebfn \u0111\u1ed5i gen (Non-GMO) v\u00e0 thu\u1ea7n chay (Vegan), l\u00e0 l\u1ef1a ch\u1ecdn tuy\u1ec7t v\u1eddi cho nh\u1eefng ai \u0111ang t\u00ecm ki\u1ebfm ngu\u1ed3n n\u0103ng l\u01b0\u1ee3ng s\u1ea1ch \u0111\u1ec3 b\u1ed5 sung v\u00e0o th\u1ef1c \u0111\u01a1n h\u1eb1ng ng\u00e0y.<\/p>\n<p data-path-to-node=\"9\"><img loading=\"lazy\" decoding=\"async\" class=\"aligncenter\" src=\"https:\/\/havamall.com\/wp-content\/uploads\/2026\/03\/The-One-Roasted-Garlic-Cashew-Cream-You-Need-3.jpg\" alt=\"Roasted Garlic Cashew Cream Recipe \u2022 Tasty Thrifty Timely\" width=\"800\" height=\"1199\" \/><\/p>\n<p data-path-to-node=\"10\">H\u1ea1t \u0110i\u1ec1u S\u1ed1ng Kh\u00f4ng V\u1ecf Atlas Garden hi\u1ec7n \u0111ang \u0111\u01b0\u1ee3c b\u00e1n t\u1ea1i Havamall, \u0111\u01a1n v\u1ecb chuy\u00ean cung c\u1ea5p c\u00e1c d\u00f2ng th\u1ef1c ph\u1ea9m cao c\u1ea5p, cam k\u1ebft h\u00e0ng ch\u00ednh h\u00e3ng v\u1edbi ti\u00eau chu\u1ea9n tuy\u1ec3n ch\u1ecdn kh\u1eaft khe nh\u1ea5t, mang tr\u1ecdn v\u1eb9n ni\u1ec1m t\u1ef1 h\u00e0o n\u00f4ng s\u1ea3n Vi\u1ec7t \u0111\u1ebfn v\u1edbi s\u1ee9c kh\u1ecfe c\u1ee7a b\u1ea1n v\u00e0 gia \u0111\u00ecnh.<\/p>","protected":false},"excerpt":{"rendered":"<p>TH\u00d4NG TIN S\u1ea2N PH\u1ea8M Th\u01b0\u01a1ng hi\u1ec7u Atlas Garden Xu\u1ea5t x\u1ee9 Vi\u1ec7t Nam Th\u00e0nh ph\u1ea7n 100% nh\u00e2n h\u1ea1t \u0111i\u1ec1u s\u1ed1ng Vi\u1ec7t<\/p>","protected":false},"featured_media":44782,"comment_status":"open","ping_status":"closed","template":"","meta":[],"product_brand":[],"product_cat":[669,134],"product_tag":[],"class_list":{"0":"post-44781","1":"product","2":"type-product","3":"status-publish","4":"has-post-thumbnail","6":"product_cat-nhap-khau-my","7":"product_cat-thucpham-saykho","9":"first","10":"instock","11":"sale","12":"shipping-taxable","13":"purchasable","14":"product-type-simple"},"_links":{"self":[{"href":"https:\/\/havamall.vn\/en\/wp-json\/wp\/v2\/product\/44781"}],"collection":[{"href":"https:\/\/havamall.vn\/en\/wp-json\/wp\/v2\/product"}],"about":[{"href":"https:\/\/havamall.vn\/en\/wp-json\/wp\/v2\/types\/product"}],"replies":[{"embeddable":true,"href":"https:\/\/havamall.vn\/en\/wp-json\/wp\/v2\/comments?post=44781"}],"version-history":[{"count":0,"href":"https:\/\/havamall.vn\/en\/wp-json\/wp\/v2\/product\/44781\/revisions"}],"wp:featuredmedia":[{"embeddable":true,"href":"https:\/\/havamall.vn\/en\/wp-json\/wp\/v2\/media\/44782"}],"wp:attachment":[{"href":"https:\/\/havamall.vn\/en\/wp-json\/wp\/v2\/media?parent=44781"}],"wp:term":[{"taxonomy":"product_brand","embeddable":true,"href":"https:\/\/havamall.vn\/en\/wp-json\/wp\/v2\/product_brand?post=44781"},{"taxonomy":"product_cat","embeddable":true,"href":"https:\/\/havamall.vn\/en\/wp-json\/wp\/v2\/product_cat?post=44781"},{"taxonomy":"product_tag","embeddable":true,"href":"https:\/\/havamall.vn\/en\/wp-json\/wp\/v2\/product_tag?post=44781"}],"curies":[{"name":"wp","href":"https:\/\/api.w.org\/{rel}","templated":true}]}}