{"id":44775,"date":"2026-03-28T10:10:30","date_gmt":"2026-03-28T03:10:30","guid":{"rendered":"https:\/\/havamall.vn\/?post_type=product&#038;p=44775"},"modified":"2026-03-28T10:10:31","modified_gmt":"2026-03-28T03:10:31","slug":"hanh-nhan-song-nguyen-vo-nhap-khau-my-atlas-garden-265g-atlas-garden-raw-almond","status":"publish","type":"product","link":"https:\/\/havamall.vn\/en\/shop\/hanh-nhan-song-nguyen-vo-nhap-khau-my-atlas-garden-265g-atlas-garden-raw-almond\/","title":{"rendered":"H\u1ea1nh Nh\u00e2n S\u1ed1ng Nguy\u00ean V\u1ecf Nh\u1eadp Kh\u1ea9u M\u1ef9 Atlas Garden 265g \u2013 Atlas Garden Raw Almond"},"content":{"rendered":"<h2 data-path-to-node=\"3\">TH\u00d4NG TIN S\u1ea2N PH\u1ea8M<\/h2>\n<table style=\"width: 71.3896%;height: 219px\" width=\"308\" data-path-to-node=\"1\">\n<tbody>\n<tr>\n<td><span data-path-to-node=\"1,1,0,0\">Th\u01b0\u01a1ng hi\u1ec7u<\/span><\/td>\n<td>Atlas Garden<\/td>\n<\/tr>\n<tr>\n<td><span data-path-to-node=\"1,2,0,0\">Xu\u1ea5t x\u1ee9<\/span><\/td>\n<td>M\u1ef9 (USA)<\/td>\n<\/tr>\n<tr>\n<td><span data-path-to-node=\"1,3,0,0\">Th\u00e0nh ph\u1ea7n<\/span><\/td>\n<td>100% h\u1ea1t h\u1ea1nh nh\u00e2n c\u00f2n nguy\u00ean v\u1ecf, kh\u00f4ng ch\u1ea5t b\u1ea3o qu\u1ea3n<\/td>\n<\/tr>\n<tr>\n<td><span data-path-to-node=\"1,4,0,0\">H\u1ea1n s\u1eed d\u1ee5ng<\/span><\/td>\n<td>12 th\u00e1ng<\/td>\n<\/tr>\n<tr>\n<td><span data-path-to-node=\"1,5,0,0\">B\u1ea3o qu\u1ea3n<\/span><\/td>\n<td>N\u01a1i kh\u00f4 r\u00e1o, tho\u00e1ng m\u00e1t, tr\u00e1nh \u00e1nh n\u1eafng tr\u1ef1c ti\u1ebfp. Sau khi m\u1edf t\u00fai n\u00ean b\u1ea3o qu\u1ea3n k\u00edn ho\u1eb7c \u0111\u1ec3 trong ng\u0103n m\u00e1t t\u1ee7 l\u1ea1nh<\/td>\n<\/tr>\n<tr>\n<td><span data-path-to-node=\"1,6,0,0\">Kh\u1ed1i l\u01b0\u1ee3ng<\/span><\/td>\n<td>265g<\/td>\n<\/tr>\n<\/tbody>\n<\/table>\n<p data-path-to-node=\"8\">Hoa K\u1ef3 t\u1eeb l\u00e2u \u0111\u00e3 \u0111\u01b0\u1ee3c th\u1ebf gi\u1edbi t\u00f4n vinh l\u00e0 &#8220;th\u1ee7 ph\u1ee7 c\u1ee7a nh\u1eefng h\u1ea1t h\u1ea1nh nh\u00e2n th\u01b0\u1ee3ng h\u1ea1ng&#8221;, n\u01a1i cung c\u1ea5p nh\u1eefng h\u1ea1t h\u1ea1nh nh\u00e2n c\u00f3 ch\u1ea5t l\u01b0\u1ee3ng v\u00e0 h\u01b0\u01a1ng v\u1ecb \u0111\u1ee9ng \u0111\u1ea7u to\u00e0n c\u1ea7u. T\u1ea1i nh\u1eefng thung l\u0169ng mi\u1ec1n Trung California, n\u01a1i c\u00f3 nh\u1eefng d\u1ea3i \u0111\u1ea5t ph\u00f9 sa m\u00e0u m\u1ee1 v\u00e0 ng\u1eadp tr\u00e0n \u00e1nh n\u1eafng \u1ea5m \u00e1p quanh n\u0103m, nh\u1eefng c\u00e2y h\u1ea1nh nh\u00e2n \u0111\u01b0\u1ee3c nu\u00f4i d\u01b0\u1ee1ng \u0111\u1ec3 k\u1ebft tinh n\u00ean nh\u1eefng h\u1ea1t m\u1ea7m ch\u1eafc kh\u1ecfe, mang v\u1ecb b\u00e9o b\u00f9i ho\u00e0n h\u1ea3o nh\u1ea5t. Atlas Garden \u0111\u00e3 ch\u1eaft l\u1ecdc nh\u1eefng g\u00ec tinh t\u00fay nh\u1ea5t t\u1eeb v\u00f9ng \u0111\u1ea5t ph\u01b0\u01a1ng T\u00e2y n\u00e0y \u0111\u1ec3 mang \u0111\u1ebfn s\u1ea3n ph\u1ea9m H\u1ea1nh Nh\u00e2n S\u1ed1ng Nguy\u00ean V\u1ecf \u2013 m\u1ed9t m\u00f3n qu\u00e0 t\u1eeb thi\u00ean nhi\u00ean gi\u00fap k\u1ebft n\u1ed1i con ng\u01b0\u1eddi v\u1edbi ngu\u1ed3n n\u0103ng l\u01b0\u1ee3ng thu\u1ea7n khi\u1ebft t\u1eeb l\u00f2ng \u0111\u1ea5t m\u1eb9.<\/p>\n<p data-path-to-node=\"8\"><img fetchpriority=\"high\" decoding=\"async\" class=\"aligncenter\" src=\"https:\/\/havamall.com\/wp-content\/uploads\/2026\/03\/b361446b249b30039e93bda23461056a.jpg_960x960q80.jpg.webp\" alt=\"H\u1ea1t h\u1ea1nh nh\u00e2n nh\u1eadp kh\u1ea9u M\u1ef9 l\u00e0m s\u1eefa, l\u00e0m b\u00e1nh, \u0103n ki\u00eang, gi\u1ea3m c\u00e2n t\u00fai 265g - Atlas  Garden | Lazada.vn\" width=\"801\" height=\"801\" \/><\/p>\n<p data-path-to-node=\"9\">Nh\u1eefng h\u1ea1t h\u1ea1nh nh\u00e2n Atlas Garden b\u1eaft \u0111\u1ea7u khi l\u1edbp v\u1ecf xanh b\u00ean ngo\u00e0i t\u1ef1 n\u1ee9t ra d\u01b0\u1edbi c\u00e1i n\u1eafng v\u00e0ng r\u1ef1c r\u1ee1, \u0111\u1ec3 l\u1ed9 l\u1edbp v\u1ecf g\u1ed7 b\u1ea3o v\u1ec7 nh\u1eefng &#8220;vi\u00ean ng\u1ecdc n\u00e2u&#8221; qu\u00fd gi\u00e1 b\u00ean trong. Thay v\u00ec qua c\u00e1c c\u00f4ng \u0111o\u1ea1n rang xay c\u00f4ng nghi\u1ec7p hay t\u1ea9m \u01b0\u1edbp gia v\u1ecb l\u00e0m bi\u1ebfn \u0111\u1ed5i d\u01b0\u1ee1ng ch\u1ea5t, h\u1ea1nh nh\u00e2n \u0111\u01b0\u1ee3c gi\u1eef \u1edf tr\u1ea1ng th\u00e1i s\u1ed1ng nguy\u00ean b\u1ea3n (raw) v\u1edbi l\u1edbp v\u1ecf l\u1ee5a m\u1ecfng manh \u2013 n\u01a1i t\u1eadp trung h\u00e0m l\u01b0\u1ee3ng ch\u1ea5t ch\u1ed1ng oxy h\u00f3a cao nh\u1ea5t.<\/p>\n<p data-path-to-node=\"9\"><img decoding=\"async\" class=\"aligncenter  wp-image-45477\" src=\"https:\/\/havamall.com\/wp-content\/uploads\/2026\/03\/atlas_garden_se_cf737cee.jpg\" alt=\"\" width=\"800\" height=\"677\" \/><\/p>\n<p data-path-to-node=\"9\">Khi th\u01b0\u1edfng th\u1ee9c, c\u1ea3m gi\u00e1c \u0111\u1ea7u ti\u00ean l\u00e0 \u0111\u1ed9 gi\u00f2n s\u1ea7n s\u1eadt \u0111\u1eb7c tr\u01b0ng c\u1ee7a h\u1ea1t t\u01b0\u01a1i, ngay sau \u0111\u00f3 l\u00e0 v\u1ecb b\u00e9o ng\u1eady thanh tao, d\u1ecbu nh\u1eb9 lan t\u1ecfa n\u01a1i \u0111\u1ea7u l\u01b0\u1ee1i. M\u1ed7i h\u1ea1t h\u1ea1nh nh\u00e2n kh\u00f4ng ch\u1ec9 l\u00e0 m\u1ed9t m\u00f3n \u0103n nh\u1eb9, m\u00e0 l\u00e0 m\u1ed9t &#8220;vi\u00ean nang&#8221; dinh d\u01b0\u1ee1ng \u0111\u1eadm \u0111\u1eb7c v\u1edbi h\u00e0m l\u01b0\u1ee3ng Canxi d\u1ed3i d\u00e0o, gi\u00e0u Magi\u00ea v\u00e0 Vitamin E, h\u1ed7 tr\u1ee3 \u0111\u1eafc l\u1ef1c cho l\u00e0n da r\u1ea1ng r\u1ee1 v\u00e0 m\u1ed9t h\u1ec7 tim m\u1ea1ch kh\u1ecfe m\u1ea1nh.<\/p>\n<p data-path-to-node=\"9\"><img decoding=\"async\" class=\"aligncenter\" src=\"https:\/\/havamall.com\/wp-content\/uploads\/2026\/03\/IMG_9084-2-1452x2000.jpg\" alt=\"Homemade Raw Almond Butter - SBK Living\" width=\"801\" height=\"1103\" \/><\/p>\n<p data-path-to-node=\"10\">Trong v\u0103n h\u00f3a \u1ea9m th\u1ef1c l\u00e0nh m\u1ea1nh c\u1ee7a ph\u01b0\u01a1ng T\u00e2y v\u00e0 \u0111ang d\u1ea7n lan t\u1ecfa m\u1ea1nh m\u1ebd t\u1ea1i \u00c1 \u0110\u00f4ng, h\u1ea1nh nh\u00e2n s\u1ed1ng nguy\u00ean v\u1ecf kh\u00f4ng ch\u1ec9 l\u00e0 m\u00f3n snack nh\u00e2m nhi c\u00f9ng t\u00e1ch c\u00e0 ph\u00ea bu\u1ed5i s\u00e1ng m\u00e0 c\u00f2n l\u00e0 nguy\u00ean li\u1ec7u &#8220;v\u00e0ng&#8221; trong c\u00e1c c\u00f4ng th\u1ee9c ch\u1ebf bi\u1ebfn s\u00e1ng t\u1ea1o. M\u1ed9t n\u1eafm h\u1ea1nh nh\u00e2n gi\u00e3 nh\u1ecf r\u1eafc l\u00ean b\u00e1t smoothie r\u1ef1c r\u1ee1, hay kh\u00e9o l\u00e9o ch\u1ebf bi\u1ebfn th\u00e0nh nh\u1eefng ly s\u1eefa h\u1ea1t s\u00e1nh m\u1ecbn, th\u01a1m n\u1ed3ng s\u1ebd l\u00e0m t\u0103ng th\u00eam s\u1ef1 sang tr\u1ecdng v\u00e0 tinh t\u1ebf cho b\u1eefa \u0103n gia \u0111\u00ecnh. \u0110\u1eb7c bi\u1ec7t, h\u1ea1nh nh\u00e2n Atlas Garden ho\u00e0n to\u00e0n kh\u00f4ng ch\u1ee9a ch\u1ea5t b\u1ea3o qu\u1ea3n, l\u00e0 l\u1ef1a ch\u1ecdn tuy\u1ec7t v\u1eddi cho nh\u1eefng ai \u0111ang theo \u0111u\u1ed5i l\u1ed1i s\u1ed1ng Eat Clean, c\u1ea7n b\u1ed5 sung ngu\u1ed3n protein th\u1ef1c v\u1eadt ch\u1ea5t l\u01b0\u1ee3ng cao m\u00e0 v\u1eabn gi\u1eef \u0111\u01b0\u1ee3c s\u1ef1 nh\u1eb9 nh\u00e0ng cho c\u01a1 th\u1ec3.<\/p>\n<p data-path-to-node=\"10\"><img loading=\"lazy\" decoding=\"async\" class=\"aligncenter\" src=\"https:\/\/havamall.com\/wp-content\/uploads\/2026\/03\/almond_milk_steps_aba1db17-3a6c-4a1c-af45-bbd5777975e8_1024x1024.png\" alt=\"How to make delicious almond milk at home\" width=\"800\" height=\"800\" \/><\/p>\n<p data-path-to-node=\"11\">H\u1ea1nh Nh\u00e2n S\u1ed1ng Nguy\u00ean V\u1ecf Atlas Garden \u0111ang \u0111\u01b0\u1ee3c b\u00e1n t\u1ea1i Havamall, \u0111\u01a1n v\u1ecb chuy\u00ean nh\u1eadp kh\u1ea9u c\u00e1c d\u00f2ng th\u1ef1c ph\u1ea9m cao c\u1ea5p t\u1eeb th\u1ebf gi\u1edbi, cam k\u1ebft h\u00e0ng ch\u00ednh h\u00e3ng v\u1edbi ti\u00eau chu\u1ea9n ch\u1ea5t l\u01b0\u1ee3ng kh\u1eaft khe nh\u1ea5t, mang tr\u1ecdn v\u1eb9n s\u1ef1 tinh t\u00fay t\u1eeb nh\u1eefng trang tr\u1ea1i Hoa K\u1ef3 \u0111\u1ebfn gian b\u1ebfp \u1ea5m c\u00fang c\u1ee7a b\u1ea1n.<\/p>","protected":false},"excerpt":{"rendered":"<p>TH\u00d4NG TIN S\u1ea2N PH\u1ea8M Th\u01b0\u01a1ng hi\u1ec7u Atlas Garden Xu\u1ea5t x\u1ee9 M\u1ef9 (USA) Th\u00e0nh ph\u1ea7n 100% h\u1ea1t h\u1ea1nh nh\u00e2n c\u00f2n nguy\u00ean<\/p>","protected":false},"featured_media":44776,"comment_status":"open","ping_status":"closed","template":"","meta":[],"product_brand":[],"product_cat":[669,134],"product_tag":[],"class_list":{"0":"post-44775","1":"product","2":"type-product","3":"status-publish","4":"has-post-thumbnail","6":"product_cat-nhap-khau-my","7":"product_cat-thucpham-saykho","9":"first","10":"instock","11":"sale","12":"shipping-taxable","13":"purchasable","14":"product-type-simple"},"_links":{"self":[{"href":"https:\/\/havamall.vn\/en\/wp-json\/wp\/v2\/product\/44775"}],"collection":[{"href":"https:\/\/havamall.vn\/en\/wp-json\/wp\/v2\/product"}],"about":[{"href":"https:\/\/havamall.vn\/en\/wp-json\/wp\/v2\/types\/product"}],"replies":[{"embeddable":true,"href":"https:\/\/havamall.vn\/en\/wp-json\/wp\/v2\/comments?post=44775"}],"version-history":[{"count":0,"href":"https:\/\/havamall.vn\/en\/wp-json\/wp\/v2\/product\/44775\/revisions"}],"wp:featuredmedia":[{"embeddable":true,"href":"https:\/\/havamall.vn\/en\/wp-json\/wp\/v2\/media\/44776"}],"wp:attachment":[{"href":"https:\/\/havamall.vn\/en\/wp-json\/wp\/v2\/media?parent=44775"}],"wp:term":[{"taxonomy":"product_brand","embeddable":true,"href":"https:\/\/havamall.vn\/en\/wp-json\/wp\/v2\/product_brand?post=44775"},{"taxonomy":"product_cat","embeddable":true,"href":"https:\/\/havamall.vn\/en\/wp-json\/wp\/v2\/product_cat?post=44775"},{"taxonomy":"product_tag","embeddable":true,"href":"https:\/\/havamall.vn\/en\/wp-json\/wp\/v2\/product_tag?post=44775"}],"curies":[{"name":"wp","href":"https:\/\/api.w.org\/{rel}","templated":true}]}}