{"id":44768,"date":"2026-03-27T16:56:38","date_gmt":"2026-03-27T09:56:38","guid":{"rendered":"https:\/\/havamall.vn\/?post_type=product&#038;p=44768"},"modified":"2026-03-27T17:09:51","modified_gmt":"2026-03-27T10:09:51","slug":"hat-oc-cho-nhap-khau-my-atlas-garden-265g-atlas-garden-raw-walnut","status":"publish","type":"product","link":"https:\/\/havamall.vn\/en\/shop\/hat-oc-cho-nhap-khau-my-atlas-garden-265g-atlas-garden-raw-walnut\/","title":{"rendered":"H\u1ea1t \u00d3c Ch\u00f3 Nh\u1eadp Kh\u1ea9u M\u1ef9 Atlas Garden 265g \u2013 Atlas Garden Raw Walnut"},"content":{"rendered":"<h2 data-path-to-node=\"3\">TH\u00d4NG TIN S\u1ea2N PH\u1ea8M<\/h2>\n<table style=\"width: 67.7305%;height: 162px\" width=\"308\" data-path-to-node=\"1\">\n<tbody>\n<tr>\n<td><span data-path-to-node=\"1,1,0,0\">Th\u01b0\u01a1ng hi\u1ec7u<\/span><\/td>\n<td>Atlas Garden<\/td>\n<\/tr>\n<tr>\n<td><span data-path-to-node=\"1,2,0,0\">Xu\u1ea5t x\u1ee9<\/span><\/td>\n<td>M\u1ef9 (USA)<\/td>\n<\/tr>\n<tr>\n<td><span data-path-to-node=\"1,3,0,0\">Th\u00e0nh ph\u1ea7n<\/span><\/td>\n<td>100% nh\u00e2n qu\u1ea3 \u00f3c ch\u00f3 M\u1ef9 \u0111\u00e3 t\u00e1ch v\u1ecf<\/td>\n<\/tr>\n<tr>\n<td><span data-path-to-node=\"1,4,0,0\">H\u1ea1n s\u1eed d\u1ee5ng<\/span><\/td>\n<td>24 th\u00e1ng<\/td>\n<\/tr>\n<tr>\n<td><span data-path-to-node=\"1,5,0,0\">B\u1ea3o qu\u1ea3n<\/span><\/td>\n<td>N\u01a1i kh\u00f4 m\u00e1t, s\u1ea1ch s\u1ebd, tr\u00e1nh \u00e1nh n\u1eafng m\u1eb7t tr\u1eddi v\u00e0 nhi\u1ec7t \u0111\u1ed9 cao.<\/td>\n<\/tr>\n<tr>\n<td><span data-path-to-node=\"1,6,0,0\">Kh\u1ed1i l\u01b0\u1ee3ng<\/span><\/td>\n<td>265g<\/td>\n<\/tr>\n<\/tbody>\n<\/table>\n<p data-path-to-node=\"8\">H\u1ea1t \u00f3c ch\u00f3 Atlas Garden b\u1eaft \u0111\u1ea7u khi l\u1edbp v\u1ecf c\u1ee9ng b\u00ean ngo\u00e0i kh\u00f4 l\u1ea1i v\u00e0 t\u1ef1 n\u1ee9t ra, b\u00e1o hi\u1ec7u th\u1eddi \u0111i\u1ec3m h\u1ea1t b\u00ean trong \u0111\u00e3 t\u00edch t\u1ee5 \u0111\u1ee7 d\u01b0\u1ee1ng ch\u1ea5t v\u00e0 \u0111\u1ed9 b\u00e9o ng\u1eady ho\u00e0n h\u1ea3o. Sau khi \u0111\u01b0\u1ee3c thu ho\u1ea1ch, h\u1ea1t tr\u1ea3i qua qu\u00e1 tr\u00ecnh t\u00e1ch v\u1ecf t\u1ec9 m\u1ec9 \u0111\u1ec3 gi\u1eef nguy\u00ean ph\u1ea7n nh\u00e2n h\u00ecnh d\u00e1ng nh\u01b0 &#8220;b\u1ed9 n\u00e3o nh\u1ecf&#8221; \u0111\u1ea7y tinh t\u1ebf, mang m\u00e0u n\u00e2u s\u00e1ng \u0111\u1eb7c tr\u01b0ng c\u1ee7a d\u00f2ng \u00f3c ch\u00f3 M\u1ef9 cao c\u1ea5p.<\/p>\n<p data-path-to-node=\"8\"><img fetchpriority=\"high\" decoding=\"async\" class=\"aligncenter\" src=\"https:\/\/havamall.com\/wp-content\/uploads\/2026\/03\/walnuts20GettyImages-CalypsoArt.jpg\" alt=\"Walnuts may be good for the gut and help promote heart health | Penn State University\" width=\"801\" height=\"601\" \/><\/p>\n<p data-path-to-node=\"8\">Kh\u00e1c v\u1edbi nh\u1eefng lo\u1ea1i h\u1ea1t \u0111\u00e3 qua t\u1ea9m \u01b0\u1edbp hay rang mu\u1ed1i, nh\u00e2n \u00f3c ch\u00f3 t\u01b0\u01a1i (raw) gi\u1eef tr\u1ecdn v\u1eb9n v\u1ecb b\u00f9i b\u00e9o nguy\u00ean b\u1ea3n, m\u1ed9t ch\u00fat nh\u1eabn nh\u1eb9 \u1edf l\u1edbp m\u00e0ng m\u1ecfng b\u00ean ngo\u00e0i h\u00f2a quy\u1ec7n c\u00f9ng s\u1ef1 ng\u1ecdt thanh b\u00ean trong th\u1ecbt h\u1ea1t. M\u1ed7i h\u1ea1t \u00f3c ch\u00f3 kh\u00f4ng ch\u1ec9 l\u00e0 m\u1ed9t m\u00f3n \u0103n v\u1eb7t, m\u00e0 l\u00e0 m\u1ed9t &#8220;vi\u00ean nang&#8221; s\u1ee9c kh\u1ecfe \u0111\u1eadm \u0111\u1eb7c v\u1edbi h\u00e0m l\u01b0\u1ee3ng Omega-3 v\u01b0\u1ee3t tr\u1ed9i, gi\u00e0u Magi\u00ea v\u00e0 Vitamin B9, h\u1ed7 tr\u1ee3 \u0111\u1eafc l\u1ef1c cho s\u1ef1 ph\u00e1t tri\u1ec3n c\u1ee7a n\u00e3o b\u1ed9 v\u00e0 b\u1ea3o v\u1ec7 h\u1ec7 tim m\u1ea1ch b\u1ec1n b\u1ec9.<\/p>\n<p data-path-to-node=\"8\"><img decoding=\"async\" class=\"aligncenter\" src=\"https:\/\/havamall.com\/wp-content\/uploads\/2026\/03\/RawWalnuts_dea2bb56-1297-44da-af40-ecaf58ab253a.jpg\" alt=\"Raw Walnuts \u2013 Elite Nuts\" width=\"801\" height=\"534\" \/><\/p>\n<p data-path-to-node=\"9\">Trong v\u0103n h\u00f3a \u1ea9m th\u1ef1c hi\u1ec7n \u0111\u1ea1i, nh\u00e2n qu\u1ea3 \u00f3c ch\u00f3 \u0111\u01b0\u1ee3c xem l\u00e0 &#8220;v\u1ecb vua c\u1ee7a c\u00e1c lo\u1ea1i h\u1ea1t&#8221; nh\u1edd t\u00ednh \u1ee9ng d\u1ee5ng v\u00f4 c\u00f9ng \u0111a d\u1ea1ng. M\u1ed9t n\u1eafm h\u1ea1t \u00f3c ch\u00f3 gi\u00e3 nh\u1ecf r\u1eafc l\u00ean b\u00e1t ng\u0169 c\u1ed1c bu\u1ed5i s\u00e1ng, hay l\u1ed3ng gh\u00e9p v\u00e0o \u0111\u0129a salad rau m\u1ea7m t\u01b0\u01a1i m\u00e1t s\u1ebd l\u00e0m t\u0103ng th\u00eam \u0111\u1ed9 gi\u00f2n b\u00e9o v\u00e0 s\u1ef1 sang tr\u1ecdng cho b\u00e0n \u0103n. \u0110\u1eb7c bi\u1ec7t, nh\u00e2n \u00f3c ch\u00f3 Atlas Garden ho\u00e0n to\u00e0n thu\u1ea7n chay (Vegan), kh\u00f4ng ch\u1ee9a Gluten v\u00e0 kh\u00f4ng bi\u1ebfn \u0111\u1ed5i gen (Non-GMO), tr\u1edf th\u00e0nh s\u1ef1 l\u1ef1a ch\u1ecdn an t\u00e2m tuy\u1ec7t \u0111\u1ed1i cho ph\u1ee5 n\u1eef mang thai, tr\u1ebb nh\u1ecf v\u00e0 nh\u1eefng ng\u01b0\u1eddi \u0111ang theo \u0111u\u1ed5i ch\u1ebf \u0111\u1ed9 \u0103n Eat Clean nghi\u00eam ng\u1eb7t.<\/p>\n<p data-path-to-node=\"9\"><img decoding=\"async\" class=\"aligncenter\" src=\"https:\/\/images.food52.com\/MdD3_CfCkr9qks4OUiXY_FY32VY=\/3bb74afc-c508-446a-850e-674dbcf26022--2019-0423_roasted-pepper-pasta-salad-walnuts-olives-anchovies-big-little-recipes_3x2_julia-gartland_0878.jpg?w=3840&amp;q=75\" width=\"801\" height=\"534\" \/><\/p>\n<p data-path-to-node=\"10\">S\u1ef1 tinh t\u1ebf c\u1ee7a s\u1ea3n ph\u1ea9m c\u00f2n th\u1ec3 hi\u1ec7n \u1edf vi\u1ec7c nh\u00e2n h\u1ea1t \u0111\u00e3 \u0111\u01b0\u1ee3c t\u00e1ch v\u1ecf s\u1eb5n, gi\u00fap ti\u1ebft ki\u1ec7m th\u1eddi gian ch\u1ebf bi\u1ebfn m\u00e0 v\u1eabn gi\u1eef \u0111\u01b0\u1ee3c \u0111\u1ed9 t\u01b0\u01a1i ngon nh\u1ea5t. V\u1edbi nh\u1eefng t\u00e2m h\u1ed3n y\u00eau b\u1ebfp, h\u1ea1t \u00f3c ch\u00f3 c\u00f3 th\u1ec3 bi\u1ebfn h\u00f3a th\u00e0nh m\u00f3n s\u1eefa h\u1ea1t th\u01a1m l\u1eebng, tr\u1ed9n c\u00f9ng s\u1eefa chua ho\u1eb7c l\u00e0m nh\u00e2n cho c\u00e1c lo\u1ea1i b\u00e1nh ng\u1ecdt cao c\u1ea5p, mang l\u1ea1i h\u01b0\u01a1ng v\u1ecb \u0111\u1eadm \u0111\u00e0 v\u00e0 gi\u00e1 tr\u1ecb dinh d\u01b0\u1ee1ng v\u01b0\u1ee3t tr\u1ed9i cho m\u1ecdi th\u00e0nh vi\u00ean trong gia \u0111\u00ecnh.<\/p>\n<p data-path-to-node=\"10\"><img loading=\"lazy\" decoding=\"async\" class=\"aligncenter\" src=\"https:\/\/havamall.com\/wp-content\/uploads\/2026\/03\/closeup-vegan-taco-meat-walnut-1-scaled.jpg\" alt=\"Easy Walnut \u201cMeat\u201d Recipe\" width=\"801\" height=\"1091\" \/><\/p>\n<p data-path-to-node=\"11\">H\u1ea1t \u00d3c Ch\u00f3 Atlas Garden hi\u1ec7n \u0111ang \u0111\u01b0\u1ee3c b\u00e1n t\u1ea1i Havamall, \u0111\u01a1n v\u1ecb chuy\u00ean nh\u1eadp kh\u1ea9u c\u00e1c d\u00f2ng th\u1ef1c ph\u1ea9m cao c\u1ea5p t\u1eeb th\u1ebf gi\u1edbi. V\u1edbi cam k\u1ebft h\u00e0ng ch\u00ednh h\u00e3ng v\u00e0 quy tr\u00ecnh b\u1ea3o qu\u1ea3n nghi\u00eam ng\u1eb7t, m\u1ed7i s\u1ea3n ph\u1ea9m t\u1ea1i \u0111\u00e2y \u0111\u1ec1u gi\u1eef \u0111\u01b0\u1ee3c tr\u1ecdn v\u1eb9n \u0111\u1ed9 t\u01b0\u01a1i m\u1edbi v\u00e0 h\u00e0m l\u01b0\u1ee3ng dinh d\u01b0\u1ee1ng cao nh\u1ea5t, \u0111\u1ed3ng h\u00e0nh c\u00f9ng h\u00e0nh tr\u00ecnh s\u1ed1ng kh\u1ecfe v\u00e0 nu\u00f4i d\u01b0\u1ee1ng tr\u00ed tu\u1ec7 c\u1ee7a m\u1ecdi nh\u00e0.<\/p>","protected":false},"excerpt":{"rendered":"<p>TH\u00d4NG TIN S\u1ea2N PH\u1ea8M Th\u01b0\u01a1ng hi\u1ec7u Atlas Garden Xu\u1ea5t x\u1ee9 M\u1ef9 (USA) Th\u00e0nh ph\u1ea7n 100% nh\u00e2n qu\u1ea3 \u00f3c ch\u00f3 M\u1ef9<\/p>","protected":false},"featured_media":44769,"comment_status":"open","ping_status":"closed","template":"","meta":[],"product_brand":[],"product_cat":[594,669,134],"product_tag":[],"class_list":{"0":"post-44768","1":"product","2":"type-product","3":"status-publish","4":"has-post-thumbnail","6":"product_cat-dau-cu-qua-kho","7":"product_cat-nhap-khau-my","8":"product_cat-thucpham-saykho","10":"first","11":"instock","12":"sale","13":"shipping-taxable","14":"purchasable","15":"product-type-simple"},"_links":{"self":[{"href":"https:\/\/havamall.vn\/en\/wp-json\/wp\/v2\/product\/44768"}],"collection":[{"href":"https:\/\/havamall.vn\/en\/wp-json\/wp\/v2\/product"}],"about":[{"href":"https:\/\/havamall.vn\/en\/wp-json\/wp\/v2\/types\/product"}],"replies":[{"embeddable":true,"href":"https:\/\/havamall.vn\/en\/wp-json\/wp\/v2\/comments?post=44768"}],"version-history":[{"count":0,"href":"https:\/\/havamall.vn\/en\/wp-json\/wp\/v2\/product\/44768\/revisions"}],"wp:featuredmedia":[{"embeddable":true,"href":"https:\/\/havamall.vn\/en\/wp-json\/wp\/v2\/media\/44769"}],"wp:attachment":[{"href":"https:\/\/havamall.vn\/en\/wp-json\/wp\/v2\/media?parent=44768"}],"wp:term":[{"taxonomy":"product_brand","embeddable":true,"href":"https:\/\/havamall.vn\/en\/wp-json\/wp\/v2\/product_brand?post=44768"},{"taxonomy":"product_cat","embeddable":true,"href":"https:\/\/havamall.vn\/en\/wp-json\/wp\/v2\/product_cat?post=44768"},{"taxonomy":"product_tag","embeddable":true,"href":"https:\/\/havamall.vn\/en\/wp-json\/wp\/v2\/product_tag?post=44768"}],"curies":[{"name":"wp","href":"https:\/\/api.w.org\/{rel}","templated":true}]}}