{"id":44762,"date":"2026-03-27T15:01:54","date_gmt":"2026-03-27T08:01:54","guid":{"rendered":"https:\/\/havamall.vn\/?post_type=product&#038;p=44762"},"modified":"2026-03-27T15:02:00","modified_gmt":"2026-03-27T08:02:00","slug":"hat-chia-den-nhap-khau-peru-atlas-garden-265g-atlas-garden-chia-seed","status":"publish","type":"product","link":"https:\/\/havamall.vn\/en\/shop\/hat-chia-den-nhap-khau-peru-atlas-garden-265g-atlas-garden-chia-seed\/","title":{"rendered":"H\u1ea1t Chia \u0110en Nh\u1eadp Kh\u1ea9u Peru Atlas Garden 265g \u2013 Atlas Garden Chia Seed"},"content":{"rendered":"<h2 data-path-to-node=\"3\">TH\u00d4NG TIN S\u1ea2N PH\u1ea8M<\/h2>\n<table style=\"width: 48.2364%;height: 188px\" width=\"308\" data-path-to-node=\"1\">\n<tbody>\n<tr>\n<td><span data-path-to-node=\"1,1,0,0\">Th\u01b0\u01a1ng hi\u1ec7u<\/span><\/td>\n<td>Atlas Garden<\/td>\n<\/tr>\n<tr>\n<td><span data-path-to-node=\"1,2,0,0\">Xu\u1ea5t x\u1ee9<\/span><\/td>\n<td>Peru<\/td>\n<\/tr>\n<tr>\n<td><span data-path-to-node=\"1,3,0,0\">Th\u00e0nh ph\u1ea7n<\/span><\/td>\n<td>100% h\u1ea1t chia \u0111en nh\u1eadp kh\u1ea9u Peru<\/td>\n<\/tr>\n<tr>\n<td><span data-path-to-node=\"1,4,0,0\">H\u1ea1n s\u1eed d\u1ee5ng<\/span><\/td>\n<td>12 th\u00e1ng<\/td>\n<\/tr>\n<tr>\n<td><span data-path-to-node=\"1,5,0,0\">B\u1ea3o qu\u1ea3n<\/span><\/td>\n<td>N\u01a1i kh\u00f4 r\u00e1o, tho\u00e1ng m\u00e1t, tr\u00e1nh \u00e1nh n\u1eafng tr\u1ef1c ti\u1ebfp. Sau khi m\u1edf t\u00fai n\u00ean b\u1ea3o qu\u1ea3n k\u00edn ho\u1eb7c \u0111\u1ec3 trong ng\u0103n m\u00e1t t\u1ee7 l\u1ea1nh<\/td>\n<\/tr>\n<tr>\n<td><span data-path-to-node=\"1,6,0,0\">Kh\u1ed1i l\u01b0\u1ee3ng<\/span><\/td>\n<td>265g<\/td>\n<\/tr>\n<\/tbody>\n<\/table>\n<p>T\u1eeb h\u00e0ng ngh\u00ecn n\u0103m tr\u01b0\u1edbc, h\u1ea1t chia \u0111\u00e3 \u0111\u01b0\u1ee3c c\u00e1c chi\u1ebfn binh Aztec v\u00e0 Maya c\u1ed5 \u0111\u1ea1i t\u00f4n vinh nh\u01b0 m\u1ed9t ngu\u1ed3n s\u1ee9c m\u1ea1nh v\u00f4 t\u1eadn, l\u00e0 lo\u1ea1i th\u1ef1c ph\u1ea9m thi\u1ebft y\u1ebfu gi\u00fap duy tr\u00ec n\u0103ng l\u01b0\u1ee3ng b\u1ec1n b\u1ec9 trong nh\u1eefng cu\u1ed9c h\u00e0nh tr\u00ecnh d\u00e0i. Ti\u1ebfp n\u1ed1i gi\u00e1 tr\u1ecb di s\u1ea3n \u0111\u00f3, Atlas Garden \u0111\u00e3 l\u1ef1a ch\u1ecdn nh\u1eefng v\u00f9ng nguy\u00ean li\u1ec7u tr\u00f9 ph\u00fa t\u1ea1i Peru \u2013 n\u01a1i c\u00f3 th\u1ed5 nh\u01b0\u1ee1ng v\u00e0 kh\u00ed h\u1eadu ho\u00e0n h\u1ea3o cho gi\u1ed1ng c\u00e2y n\u00e0y \u2013 \u0111\u1ec3 mang \u0111\u1ebfn nh\u1eefng h\u1ea1t chia \u0111en nguy\u00ean b\u1ea3n, thu\u1ea7n khi\u1ebft.<\/p>\n<p><img fetchpriority=\"high\" decoding=\"async\" class=\"aligncenter\" src=\"https:\/\/cnm.ae\/wp-content\/uploads\/chiaseeds.jpg.webp\" alt=\"7 Ways Chia Seeds Boost Health - CNM Institute of Natural Health : CNM  Institute of Natural Health\" width=\"800\" height=\"450\" \/><\/p>\n<p>H\u1ea1t chia Atlas Garden b\u1eaft \u0111\u1ea7u t\u1eeb nh\u1eefng c\u00e1nh \u0111\u1ed3ng hoa Salvia Hispanica b\u1ea1t ng\u00e0n t\u1ea1i Peru, n\u01a1i h\u1ea1t \u0111\u01b0\u1ee3c thu ho\u1ea1ch khi \u0111\u1ea1t \u0111\u1ebfn \u0111\u1ed9 ch\u00edn ho\u00e0n h\u1ea3o nh\u1ea5t \u0111\u1ec3 ch\u1ee9a \u0111\u1ef1ng h\u00e0m l\u01b0\u1ee3ng d\u01b0\u1ee1ng ch\u1ea5t t\u1ed1i \u0111a. Thay v\u00ec qua c\u00e1c c\u00f4ng \u0111o\u1ea1n x\u1eed l\u00fd nhi\u1ec7t l\u00e0m m\u1ea5t \u0111i c\u00e1c axit b\u00e9o qu\u00fd gi\u00e1, h\u1ea1t chia \u0111\u01b0\u1ee3c l\u00e0m s\u1ea1ch v\u00e0 \u0111\u00f3ng g\u00f3i theo quy tr\u00ecnh nghi\u00eam ng\u1eb7t \u0111\u1ec3 gi\u1eef tr\u1ecdn v\u1eb9n l\u1edbp d\u1ea7u t\u1ef1 nhi\u00ean b\u00ean trong. Khi quan s\u00e1t k\u1ef9, t\u1eebng h\u1ea1t chia \u0111en nh\u1ecf b\u00e9 mang tr\u00ean m\u00ecnh nh\u1eefng v\u00e2n hoa li ti \u0111\u1eb9p m\u1eaft, h\u1ee9a h\u1eb9n m\u1ed9t s\u1ef1 b\u00f9ng n\u1ed5 s\u1ee9c kh\u1ecfe ngay khi th\u01b0\u1edfng th\u1ee9c.<\/p>\n<p><img decoding=\"async\" class=\"aligncenter\" src=\"https:\/\/havamall.com\/wp-content\/uploads\/2026\/03\/chia-2119771_1920.jpg\" alt=\"Chia Seeds \u2022 The Nutrition Source\" width=\"800\" height=\"548\" \/><\/p>\n<p>\u0110i\u1ec3m k\u1ef3 di\u1ec7u c\u1ee7a lo\u1ea1i h\u1ea1t n\u00e0y ch\u00ednh l\u00e0 kh\u1ea3 n\u0103ng h\u1ea5p th\u1ee5 n\u01b0\u1edbc g\u1ea5p nhi\u1ec1u l\u1ea7n tr\u1ecdng l\u01b0\u1ee3ng c\u01a1 th\u1ec3, t\u1ea1o n\u00ean m\u1ed9t l\u1edbp gel m\u1ecbn m\u00e0ng, gi\u00fap c\u01a1 th\u1ec3 duy tr\u00ec \u0111\u1ed9 \u1ea9m v\u00e0 c\u1ea3m gi\u00e1c no l\u00e2u m\u1ed9t c\u00e1ch t\u1ef1 nhi\u00ean. M\u1ed7i h\u1ea1t chia kh\u00f4ng ch\u1ec9 l\u00e0 m\u1ed9t nguy\u00ean li\u1ec7u, m\u00e0 l\u00e0 m\u1ed9t &#8220;vi\u00ean nang&#8221; dinh d\u01b0\u1ee1ng \u0111\u1eadm \u0111\u1eb7c v\u1edbi h\u00e0m l\u01b0\u1ee3ng Omega-3 v\u01b0\u1ee3t tr\u1ed9i, gi\u00e0u ch\u1ea5t x\u01a1 c\u00f9ng c\u00e1c vitamin nh\u00f3m B thi\u1ebft y\u1ebfu nh\u01b0 B1, B3, h\u1ed7 tr\u1ee3 \u0111\u1eafc l\u1ef1c cho h\u1ec7 tim m\u1ea1ch v\u00e0 qu\u00e1 tr\u00ecnh trao \u0111\u1ed5i ch\u1ea5t.<\/p>\n<p><img decoding=\"async\" class=\"aligncenter\" src=\"https:\/\/havamall.com\/wp-content\/uploads\/2026\/03\/Chia-Seed-Pudding-is-dairy-free-gluten-free-and-vegan-friendly.-It-comes-together-with-chia-seeds-non-dairy-milk-and-a-sweetener-of-choice.jpg\" width=\"800\" height=\"1067\" \/><\/p>\n<p data-path-to-node=\"11\">Trong v\u0103n h\u00f3a \u1ea9m th\u1ef1c s\u1ee9c kh\u1ecfe to\u00e0n c\u1ea7u, h\u1ea1t chia \u0111\u01b0\u1ee3c xem l\u00e0 &#8220;nguy\u00ean li\u1ec7u ph\u00f9 th\u1ee7y&#8221; nh\u1edd kh\u1ea3 n\u0103ng k\u1ebft h\u1ee3p kh\u00f4ng gi\u1edbi h\u1ea1n v\u1edbi m\u1ecdi lo\u1ea1i m\u00f3n \u0103n. M\u1ed9t mu\u1ed7ng h\u1ea1t chia r\u1eafc nh\u1eb9 l\u00ean b\u00e1t sinh t\u1ed1 r\u1ef1c r\u1ee1 bu\u1ed5i s\u00e1ng, hay l\u1ed3ng gh\u00e9p v\u00e0o nh\u1eefng ly n\u01b0\u1edbc \u00e9p tr\u00e1i c\u00e2y m\u00e1t l\u1ea1nh s\u1ebd l\u00e0m t\u0103ng th\u00eam s\u1ef1 sang tr\u1ecdng v\u00e0 gi\u00e1 tr\u1ecb d\u01b0\u1ee1ng ch\u1ea5t cho b\u1eefa \u0103n. \u0110\u1eb7c bi\u1ec7t, h\u1ea1t chia Atlas Garden ho\u00e0n to\u00e0n kh\u00f4ng ch\u1ee9a Gluten (Gluten Free), kh\u00f4ng bi\u1ebfn \u0111\u1ed5i gen (Non-GMO) v\u00e0 thu\u1ea7n chay (Vegan), l\u00e0 l\u1ef1a ch\u1ecdn tuy\u1ec7t v\u1eddi cho nh\u1eefng ai \u0111ang th\u1ef1c hi\u1ec7n ch\u1ebf \u0111\u1ed9 Eat Clean, ng\u01b0\u1eddi t\u1eadp gym hay nh\u1eefng ai \u0111\u01a1n gi\u1ea3n l\u00e0 mu\u1ed1n l\u00e0m m\u1edbi th\u1ef1c \u0111\u01a1n h\u1eb1ng ng\u00e0y b\u1eb1ng m\u1ed9t ngu\u1ed3n n\u0103ng l\u01b0\u1ee3ng s\u1ea1ch v\u00e0 an to\u00e0n t\u1eeb Nam M\u1ef9.<\/p>\n<p data-path-to-node=\"11\"><img loading=\"lazy\" decoding=\"async\" class=\"aligncenter\" src=\"https:\/\/static01.nyt.com\/images\/2025\/10\/14\/multimedia\/AL-Basic-Chia-Seed-Pudding-qvmh\/AL-Basic-Chia-Seed-Pudding-qvmh-mediumSquareAt3X.jpg\" alt=\"Chia Pudding\" width=\"801\" height=\"801\" \/><\/p>\n<p data-path-to-node=\"12\">V\u1edbi nh\u1eefng t\u00e2m h\u1ed3n y\u00eau b\u1ebfp, h\u1ea1t chia c\u00f3 th\u1ec3 bi\u1ebfn h\u00f3a th\u00e0nh m\u00f3n b\u00e1nh pudding b\u00e9o ng\u1eady khi ng\u00e2m c\u00f9ng s\u1eefa h\u1ea1t qua \u0111\u00eam, ho\u1eb7c tr\u1ed9n v\u00e0o h\u1ed7n h\u1ee3p l\u00e0m b\u00e1nh quy, b\u00e1nh m\u00ec \u0111\u1ec3 t\u1ea1o \u0111\u1ed9 gi\u00f2n nh\u1eb9 th\u00fa v\u1ecb. \u0110\u1ed9 trung t\u00ednh v\u1ec1 h\u01b0\u01a1ng v\u1ecb gi\u00fap h\u1ea1t chia kh\u00f4ng l\u00e0m l\u1ea5n \u00e1t c\u00e1c nguy\u00ean li\u1ec7u kh\u00e1c m\u00e0 ng\u01b0\u1ee3c l\u1ea1i, n\u00f3 \u00e2m th\u1ea7m n\u00e2ng t\u1ea7m gi\u00e1 tr\u1ecb dinh d\u01b0\u1ee1ng cho m\u00f3n \u0103n, bi\u1ebfn nh\u1eefng b\u1eefa \u0103n gi\u1ea3n \u0111\u01a1n nh\u1ea5t tr\u1edf th\u00e0nh m\u1ed9t li\u1ec7u tr\u00ecnh ch\u0103m s\u00f3c s\u1ee9c kh\u1ecfe chuy\u00ean s\u00e2u ngay t\u1ea1i nh\u00e0.<\/p>\n<p data-path-to-node=\"12\"><img loading=\"lazy\" decoding=\"async\" class=\"aligncenter\" src=\"https:\/\/havamall.com\/wp-content\/uploads\/2026\/03\/DSC05151.jpg\" width=\"801\" height=\"1047\" \/><\/p>\n<p data-path-to-node=\"13\">H\u1ea1t Chia Atlas Garden hi\u1ec7n \u0111ang \u0111\u01b0\u1ee3c b\u00e1n t\u1ea1i Havamall, \u0111\u01a1n v\u1ecb chuy\u00ean nh\u1eadp kh\u1ea9u c\u00e1c d\u00f2ng th\u1ef1c ph\u1ea9m cao c\u1ea5p t\u1eeb th\u1ebf gi\u1edbi. V\u1edbi cam k\u1ebft h\u00e0ng ch\u00ednh h\u00e3ng v\u00e0 quy chu\u1ea9n b\u1ea3o qu\u1ea3n kh\u1eaft khe, m\u1ed7i s\u1ea3n ph\u1ea9m t\u1ea1i \u0111\u00e2y \u0111\u1ec1u mang theo t\u00e2m huy\u1ebft v\u1ec1 m\u1ed9t l\u1ed1i s\u1ed1ng l\u00e0nh m\u1ea1nh<\/p>","protected":false},"excerpt":{"rendered":"<p>TH\u00d4NG TIN S\u1ea2N PH\u1ea8M Th\u01b0\u01a1ng hi\u1ec7u Atlas Garden Xu\u1ea5t x\u1ee9 Peru Th\u00e0nh ph\u1ea7n 100% h\u1ea1t chia \u0111en nh\u1eadp kh\u1ea9u Peru<\/p>","protected":false},"featured_media":44763,"comment_status":"open","ping_status":"closed","template":"","meta":[],"product_brand":[],"product_cat":[677,134],"product_tag":[],"class_list":{"0":"post-44762","1":"product","2":"type-product","3":"status-publish","4":"has-post-thumbnail","6":"product_cat-cac-nuoc-khac","7":"product_cat-thucpham-saykho","9":"first","10":"instock","11":"sale","12":"shipping-taxable","13":"purchasable","14":"product-type-simple"},"_links":{"self":[{"href":"https:\/\/havamall.vn\/en\/wp-json\/wp\/v2\/product\/44762"}],"collection":[{"href":"https:\/\/havamall.vn\/en\/wp-json\/wp\/v2\/product"}],"about":[{"href":"https:\/\/havamall.vn\/en\/wp-json\/wp\/v2\/types\/product"}],"replies":[{"embeddable":true,"href":"https:\/\/havamall.vn\/en\/wp-json\/wp\/v2\/comments?post=44762"}],"version-history":[{"count":0,"href":"https:\/\/havamall.vn\/en\/wp-json\/wp\/v2\/product\/44762\/revisions"}],"wp:featuredmedia":[{"embeddable":true,"href":"https:\/\/havamall.vn\/en\/wp-json\/wp\/v2\/media\/44763"}],"wp:attachment":[{"href":"https:\/\/havamall.vn\/en\/wp-json\/wp\/v2\/media?parent=44762"}],"wp:term":[{"taxonomy":"product_brand","embeddable":true,"href":"https:\/\/havamall.vn\/en\/wp-json\/wp\/v2\/product_brand?post=44762"},{"taxonomy":"product_cat","embeddable":true,"href":"https:\/\/havamall.vn\/en\/wp-json\/wp\/v2\/product_cat?post=44762"},{"taxonomy":"product_tag","embeddable":true,"href":"https:\/\/havamall.vn\/en\/wp-json\/wp\/v2\/product_tag?post=44762"}],"curies":[{"name":"wp","href":"https:\/\/api.w.org\/{rel}","templated":true}]}}