{"id":44755,"date":"2026-03-27T11:46:40","date_gmt":"2026-03-27T04:46:40","guid":{"rendered":"https:\/\/havamall.vn\/?post_type=product&#038;p=44755"},"modified":"2026-03-27T11:46:44","modified_gmt":"2026-03-27T04:46:44","slug":"hat-diem-mach-trang-nhap-khau-peru-atlas-garden-265g-atlas-garden-white-quinoa","status":"publish","type":"product","link":"https:\/\/havamall.vn\/en\/shop\/hat-diem-mach-trang-nhap-khau-peru-atlas-garden-265g-atlas-garden-white-quinoa\/","title":{"rendered":"H\u1ea1t Di\u00eam M\u1ea1ch Tr\u1eafng Nh\u1eadp Kh\u1ea9u Peru Atlas Garden 265g \u2013 Atlas Garden White Quinoa"},"content":{"rendered":"<h2 data-path-to-node=\"3\">TH\u00d4NG TIN S\u1ea2N PH\u1ea8M<\/h2>\n<table style=\"width: 58.8724%;height: 263px\" width=\"308\" data-path-to-node=\"1\">\n<tbody>\n<tr>\n<td><span data-path-to-node=\"1,1,0,0\">Th\u01b0\u01a1ng hi\u1ec7u<\/span><\/td>\n<td>Atlas Garden<\/td>\n<\/tr>\n<tr>\n<td><span data-path-to-node=\"1,2,0,0\">Xu\u1ea5t x\u1ee9<\/span><\/td>\n<td>Peru<\/td>\n<\/tr>\n<tr>\n<td><span data-path-to-node=\"1,3,0,0\">Th\u00e0nh ph\u1ea7n<\/span><\/td>\n<td>100% h\u1ea1t di\u00eam m\u1ea1ch tr\u1eafng t\u1ef1 nhi\u00ean<\/td>\n<\/tr>\n<tr>\n<td><span data-path-to-node=\"1,4,0,0\">H\u1ea1n s\u1eed d\u1ee5ng<\/span><\/td>\n<td>12 th\u00e1ng<\/td>\n<\/tr>\n<tr>\n<td><span data-path-to-node=\"1,5,0,0\">B\u1ea3o qu\u1ea3n<\/span><\/td>\n<td>N\u01a1i kh\u00f4 r\u00e1o, tho\u00e1ng m\u00e1t, tr\u00e1nh \u00e1nh n\u1eafng tr\u1ef1c ti\u1ebfp. Sau khi m\u1edf t\u00fai n\u00ean b\u1ea3o qu\u1ea3n k\u00edn ho\u1eb7c \u0111\u1ec3 trong ng\u0103n m\u00e1t t\u1ee7 l\u1ea1nh<\/td>\n<\/tr>\n<tr>\n<td><span data-path-to-node=\"1,6,0,0\">Kh\u1ed1i l\u01b0\u1ee3ng<\/span><\/td>\n<td>265g<\/td>\n<\/tr>\n<\/tbody>\n<\/table>\n<p data-path-to-node=\"7\">Peru t\u1eeb l\u00e2u \u0111\u00e3 \u0111\u01b0\u1ee3c th\u1ebf gi\u1edbi t\u00f4n vinh l\u00e0 c\u00e1i n\u00f4i c\u1ee7a h\u1ea1t di\u00eam m\u1ea1ch, n\u01a1i cung c\u1ea5p nh\u1eefng h\u1ea1t &#8220;ng\u1ecdc tr\u1eafng&#8221; gi\u00e0u dinh d\u01b0\u1ee1ng b\u1eadc nh\u1ea5t. Tr\u00ean nh\u1eefng cao nguy\u00ean l\u1ed9ng gi\u00f3 c\u1ee7a d\u00e3y n\u00fai Andes h\u00f9ng v\u0129, n\u01a1i c\u00f3 \u0111\u1ed9 cao h\u00e0ng ngh\u00ecn m\u00e9t v\u00e0 kh\u00f4ng kh\u00ed trong l\u00e0nh tuy\u1ec7t \u0111\u1ed1i, nh\u1eefng c\u00e1nh \u0111\u1ed3ng di\u00eam m\u1ea1ch tr\u1eafng \u0111\u00e3 \u00e2m th\u1ea7m ch\u1eaft l\u1ecdc tinh t\u00fay \u0111\u1ea5t tr\u1eddi \u0111\u1ec3 \u0111\u1ea1t \u0111\u1ebfn \u0111\u1ed9 thu\u1ea7n khi\u1ebft ho\u00e0n h\u1ea3o. Atlas Garden \u0111\u00e3 tuy\u1ec3n ch\u1ecdn nh\u1eefng g\u00ec tinh t\u00fay nh\u1ea5t t\u1eeb v\u00f9ng \u0111\u1ea5t Nam M\u1ef9 n\u00e0y \u0111\u1ec3 mang \u0111\u1ebfn s\u1ea3n ph\u1ea9m H\u1ea1t Di\u00eam M\u1ea1ch Tr\u1eafng \u2013 m\u1ed9t m\u00f3n qu\u00e0 t\u1eeb thi\u00ean nhi\u00ean gi\u00fap k\u1ebft n\u1ed1i con ng\u01b0\u1eddi hi\u1ec7n \u0111\u1ea1i v\u1edbi ngu\u1ed3n l\u01b0\u01a1ng th\u1ef1c c\u1ed5 x\u01b0a v\u1ed1n \u0111\u01b0\u1ee3c c\u00e1c chi\u1ebfn binh Inca coi l\u00e0 bi\u1ec3u t\u01b0\u1ee3ng c\u1ee7a s\u1ee9c m\u1ea1nh b\u1ec1n b\u1ec9.<\/p>\n<p data-path-to-node=\"7\"><img fetchpriority=\"high\" decoding=\"async\" class=\"aligncenter\" src=\"https:\/\/havamall.com\/wp-content\/uploads\/2026\/03\/quinoawhite.jpg\" alt=\"White Quinoa NZ | Organic, Gluten-Free, High Protein \u2013 Organic Flour Mills\" width=\"800\" height=\"534\" \/><\/p>\n<p data-path-to-node=\"8\">Nh\u1eefng h\u1ea1t di\u00eam m\u1ea1ch Atlas Garden b\u1eaft \u0111\u1ea7u khi l\u1edbp v\u1ecf h\u1ea1t chuy\u1ec3n sang m\u00e0u tr\u1eafng ng\u00e0 \u0111\u1eb7c tr\u01b0ng, b\u00e1o hi\u1ec7u th\u1eddi \u0111i\u1ec3m ch\u1ee9a \u0111\u1ef1ng h\u00e0m l\u01b0\u1ee3ng dinh d\u01b0\u1ee1ng \u1ed5n \u0111\u1ecbnh nh\u1ea5t. So v\u1edbi c\u00e1c lo\u1ea1i di\u00eam m\u1ea1ch m\u00e0u, di\u00eam m\u1ea1ch tr\u1eafng s\u1edf h\u1eefu h\u01b0\u01a1ng v\u1ecb nh\u1eb9 nh\u00e0ng nh\u1ea5t, thanh tao v\u00e0 mang ch\u00fat v\u1ecb \u0111\u1eafng c\u1ef1c k\u1ef3 tinh t\u1ebf, d\u1ec5 d\u00e0ng h\u00f2a quy\u1ec7n v\u1edbi m\u1ecdi lo\u1ea1i gia v\u1ecb. Thay v\u00ec x\u1eed l\u00fd c\u00f4ng nghi\u1ec7p l\u00e0m m\u1ea5t \u0111i l\u1edbp d\u01b0\u1ee1ng ch\u1ea5t qu\u00fd b\u00e1u, h\u1ea1t di\u00eam m\u1ea1ch \u0111\u01b0\u1ee3c l\u00e0m s\u1ea1ch v\u00e0 tuy\u1ec3n ch\u1ecdn kh\u00e9o l\u00e9o \u0111\u1ec3 gi\u1eef l\u1ea1i c\u1ea5u tr\u00fac nguy\u00ean b\u1ea3n, t\u1ea1o n\u00ean \u0111\u1ed9 m\u1ec1m m\u1ecbn v\u00e0 v\u1ecb b\u00e9o b\u00f9i d\u1ec5 ch\u1ecbu sau khi n\u1ea5u ch\u00edn.<\/p>\n<p data-path-to-node=\"8\"><img decoding=\"async\" class=\"aligncenter\" src=\"https:\/\/havamall.com\/wp-content\/uploads\/2026\/03\/IMG_0631_VSCO.jpg\" width=\"802\" height=\"534\" \/><\/p>\n<p data-path-to-node=\"8\">Khi th\u01b0\u1edfng th\u1ee9c, c\u1ea3m gi\u00e1c \u0111\u1ea7u ti\u00ean l\u00e0 s\u1ef1 \u00eam d\u1ecbu tan nh\u1eb9 trong mi\u1ec7ng, ngay sau \u0111\u00f3 l\u00e0 v\u1ecb ng\u1ecdt nh\u1eb9 c\u1ee7a tinh b\u1ed9t l\u00e0nh m\u1ea1nh lan t\u1ecfa, t\u1ea1o n\u00ean m\u1ed9t tr\u1ea3i nghi\u1ec7m \u1ea9m th\u1ef1c v\u00f4 c\u00f9ng th\u01b0 th\u00e1i. M\u1ed7i h\u1ea1t di\u00eam m\u1ea1ch kh\u00f4ng ch\u1ec9 l\u00e0 m\u1ed9t nguy\u00ean li\u1ec7u n\u1ea5u \u0103n, m\u00e0 l\u00e0 m\u1ed9t &#8220;vi\u00ean nang&#8221; dinh d\u01b0\u1ee1ng \u0111\u1eadm \u0111\u1eb7c v\u1edbi h\u00e0m l\u01b0\u1ee3ng Protein ho\u00e0n ch\u1ec9nh, gi\u00e0u ch\u1ea5t x\u01a1 v\u00e0 Magi\u00ea, h\u1ed7 tr\u1ee3 \u0111\u1eafc l\u1ef1c cho h\u1ec7 ti\u00eau h\u00f3a v\u00e0 cung c\u1ea5p ngu\u1ed3n n\u0103ng l\u01b0\u1ee3ng s\u1ea1ch cho c\u01a1 th\u1ec3.<\/p>\n<p data-path-to-node=\"8\"><img decoding=\"async\" class=\"aligncenter\" src=\"https:\/\/www.emmaslittlekitchen.com\/wp-content\/uploads\/2015\/08\/IMG_7591.jpg\" width=\"800\" height=\"1200\" \/><\/p>\n<p data-path-to-node=\"9\">Trong v\u0103n h\u00f3a \u1ea9m th\u1ef1c s\u1ee9c kh\u1ecfe to\u00e0n c\u1ea7u, di\u00eam m\u1ea1ch tr\u1eafng \u0111\u01b0\u1ee3c xem l\u00e0 &#8220;nguy\u00ean li\u1ec7u qu\u1ed1c d\u00e2n&#8221; c\u00f3 th\u1ec3 thay th\u1ebf c\u01a1m g\u1ea1o truy\u1ec1n th\u1ed1ng m\u1ed9t c\u00e1ch ho\u00e0n h\u1ea3o trong m\u1ecdi b\u1eefa \u0103n. M\u1ed9t b\u00e1t di\u00eam m\u1ea1ch tr\u1eafng n\u00f3ng h\u1ed5i \u0103n c\u00f9ng c\u00e1c lo\u1ea1i th\u1ecbt n\u01b0\u1edbng, hay l\u1ed3ng gh\u00e9p v\u00e0o c\u00e1c \u0111\u0129a salad r\u1ef1c r\u1ee1 bu\u1ed5i s\u00e1ng s\u1ebd l\u00e0m t\u0103ng th\u00eam s\u1ef1 thanh nh\u00e3 v\u00e0 gi\u00e0u d\u01b0\u1ee1ng ch\u1ea5t cho b\u00e0n \u0103n. \u0110\u1eb7c bi\u1ec7t, h\u1ea1t di\u00eam m\u1ea1ch Atlas Garden ho\u00e0n to\u00e0n kh\u00f4ng ch\u1ee9a Gluten (Gluten Free), kh\u00f4ng bi\u1ebfn \u0111\u1ed5i gen (Non-GMO) v\u00e0 thu\u1ea7n chay (Vegan), l\u00e0 l\u1ef1a ch\u1ecdn tuy\u1ec7t v\u1eddi cho nh\u1eefng ai \u0111ang theo \u0111u\u1ed5i l\u1ed1i s\u1ed1ng Eat Clean, c\u1ea7n ki\u1ec3m so\u00e1t c\u00e2n n\u1eb7ng hay b\u1ed5 sung dinh d\u01b0\u1ee1ng an to\u00e0n cho c\u1ea3 gia \u0111\u00ecnh, \u0111\u1eb7c bi\u1ec7t l\u00e0 tr\u1ebb nh\u1ecf v\u00e0 ng\u01b0\u1eddi cao tu\u1ed5i.<\/p>\n<p data-path-to-node=\"9\"><img loading=\"lazy\" decoding=\"async\" class=\"aligncenter\" src=\"https:\/\/havamall.com\/wp-content\/uploads\/2026\/03\/Lemony-White-Bean-Quinoa-Salad-4.jpg\" width=\"800\" height=\"1200\" \/><\/p>\n<p data-path-to-node=\"10\">\u0110\u1ec3 ch\u1ebf bi\u1ebfn lo\u1ea1i h\u1ea1t n\u00e0y m\u1ed9t c\u00e1ch ngon nh\u1ea5t, ng\u01b0\u1eddi ta th\u01b0\u1eddng r\u1eeda s\u01a1 qua h\u1ea1t \u0111\u1ec3 lo\u1ea1i b\u1ecf ho\u00e0n to\u00e0n l\u1edbp v\u1ecf \u0111\u1eafng b\u00ean ngo\u00e0i, sau \u0111\u00f3 \u0111un s\u00f4i c\u00f9ng n\u01b0\u1edbc theo t\u1ef7 l\u1ec7 m\u1ed9t ph\u1ea7n h\u1ea1t v\u00e0 hai ph\u1ea7n n\u01b0\u1edbc. Ch\u1ec9 sau kho\u1ea3ng 10 \u0111\u1ebfn 15 ph\u00fat, nh\u1eefng h\u1ea1t di\u00eam m\u1ea1ch tr\u1eafng s\u1ebd n\u1edf \u0111\u1ec1u, t\u01a1i x\u1ed1p v\u00e0 m\u1ec1m m\u1ea1i nh\u01b0 nh\u1eefng h\u1ea1t c\u01a1m nh\u1ecf x\u00edu, s\u1eb5n s\u00e0ng l\u00e0m n\u1ec1n cho b\u1ea5t k\u1ef3 m\u00f3n \u0103n s\u00e1ng t\u1ea1o n\u00e0o. V\u1edbi nh\u1eefng t\u00e2m h\u1ed3n y\u00eau b\u1ebfp, di\u00eam m\u1ea1ch tr\u1eafng c\u00f2n c\u00f3 th\u1ec3 d\u00f9ng \u0111\u1ec3 n\u1ea5u s\u00fap, l\u00e0m nh\u00e2n b\u00e1nh hay tr\u1ed9n c\u00f9ng c\u00e1c lo\u1ea1i h\u1ea1t kh\u00f4 \u0111\u1ec3 t\u1ea1o n\u00ean m\u00f3n \u0103n nh\u1eb9 gi\u00e0u protein, gi\u00fap duy tr\u00ec c\u1ea3m gi\u00e1c no l\u00e2u m\u00e0 kh\u00f4ng h\u1ec1 g\u00e2y n\u1eb7ng b\u1ee5ng.<\/p>\n<p data-path-to-node=\"10\"><img loading=\"lazy\" decoding=\"async\" class=\"aligncenter\" src=\"https:\/\/havamall.com\/wp-content\/uploads\/2026\/03\/quinoa2_79505e4f-4802-4a56-a373-18fcfc52b5f6.jpg\" width=\"800\" height=\"1207\" \/><\/p>\n<p data-path-to-node=\"11\">S\u1ea3n ph\u1ea9m H\u1ea1t Di\u00eam M\u1ea1ch Tr\u1eafng Atlas Garden hi\u1ec7n \u0111ang \u0111\u01b0\u1ee3c b\u00e1n t\u1ea1i Havamall, \u0111\u01a1n v\u1ecb chuy\u00ean nh\u1eadp kh\u1ea9u c\u00e1c d\u00f2ng th\u1ef1c ph\u1ea9m cao c\u1ea5p t\u1eeb th\u1ebf gi\u1edbi, cam k\u1ebft h\u00e0ng ch\u00ednh h\u00e3ng v\u1edbi ti\u00eau chu\u1ea9n ch\u1ea5t l\u01b0\u1ee3ng kh\u1eaft khe nh\u1ea5t, mang tr\u1ecdn v\u1eb9n s\u1ef1 thu\u1ea7n khi\u1ebft t\u1eeb d\u00e3y n\u00fai Andes \u0111\u1ebfn gian b\u1ebfp \u1ea5m c\u00fang nh\u00e0 b\u1ea1n.<\/p>","protected":false},"excerpt":{"rendered":"<p>TH\u00d4NG TIN S\u1ea2N PH\u1ea8M Th\u01b0\u01a1ng hi\u1ec7u Atlas Garden Xu\u1ea5t x\u1ee9 Peru Th\u00e0nh ph\u1ea7n 100% h\u1ea1t di\u00eam m\u1ea1ch tr\u1eafng t\u1ef1 nhi\u00ean<\/p>","protected":false},"featured_media":44756,"comment_status":"open","ping_status":"closed","template":"","meta":[],"product_brand":[],"product_cat":[677,134],"product_tag":[],"class_list":{"0":"post-44755","1":"product","2":"type-product","3":"status-publish","4":"has-post-thumbnail","6":"product_cat-cac-nuoc-khac","7":"product_cat-thucpham-saykho","9":"first","10":"instock","11":"sale","12":"shipping-taxable","13":"purchasable","14":"product-type-simple"},"_links":{"self":[{"href":"https:\/\/havamall.vn\/en\/wp-json\/wp\/v2\/product\/44755"}],"collection":[{"href":"https:\/\/havamall.vn\/en\/wp-json\/wp\/v2\/product"}],"about":[{"href":"https:\/\/havamall.vn\/en\/wp-json\/wp\/v2\/types\/product"}],"replies":[{"embeddable":true,"href":"https:\/\/havamall.vn\/en\/wp-json\/wp\/v2\/comments?post=44755"}],"version-history":[{"count":0,"href":"https:\/\/havamall.vn\/en\/wp-json\/wp\/v2\/product\/44755\/revisions"}],"wp:featuredmedia":[{"embeddable":true,"href":"https:\/\/havamall.vn\/en\/wp-json\/wp\/v2\/media\/44756"}],"wp:attachment":[{"href":"https:\/\/havamall.vn\/en\/wp-json\/wp\/v2\/media?parent=44755"}],"wp:term":[{"taxonomy":"product_brand","embeddable":true,"href":"https:\/\/havamall.vn\/en\/wp-json\/wp\/v2\/product_brand?post=44755"},{"taxonomy":"product_cat","embeddable":true,"href":"https:\/\/havamall.vn\/en\/wp-json\/wp\/v2\/product_cat?post=44755"},{"taxonomy":"product_tag","embeddable":true,"href":"https:\/\/havamall.vn\/en\/wp-json\/wp\/v2\/product_tag?post=44755"}],"curies":[{"name":"wp","href":"https:\/\/api.w.org\/{rel}","templated":true}]}}