{"id":44747,"date":"2026-03-27T09:43:02","date_gmt":"2026-03-27T02:43:02","guid":{"rendered":"https:\/\/havamall.vn\/?post_type=product&#038;p=44747"},"modified":"2026-03-27T09:43:05","modified_gmt":"2026-03-27T02:43:05","slug":"hat-diem-mach-do-nhap-khau-peru-atlas-garden-265g-atlas-garden-red-quinoa","status":"publish","type":"product","link":"https:\/\/havamall.vn\/en\/shop\/hat-diem-mach-do-nhap-khau-peru-atlas-garden-265g-atlas-garden-red-quinoa\/","title":{"rendered":"H\u1ea1t Di\u00eam M\u1ea1ch \u0110\u1ecf Nh\u1eadp Kh\u1ea9u Peru Atlas Garden 265g \u2013 Atlas Garden Red Quinoa"},"content":{"rendered":"<h2 data-path-to-node=\"3\">TH\u00d4NG TIN S\u1ea2N PH\u1ea8M<\/h2>\n<table style=\"height: 162px;width: 64.094%\" width=\"308\" data-path-to-node=\"1\">\n<tbody>\n<tr>\n<td><span data-path-to-node=\"1,1,0,0\">Th\u01b0\u01a1ng hi\u1ec7u<\/span><\/td>\n<td>Atlas Garden<\/td>\n<\/tr>\n<tr>\n<td><span data-path-to-node=\"1,2,0,0\">Xu\u1ea5t x\u1ee9<\/span><\/td>\n<td>Peru<\/td>\n<\/tr>\n<tr>\n<td><span data-path-to-node=\"1,3,0,0\">Th\u00e0nh ph\u1ea7n<\/span><\/td>\n<td>100% h\u1ea1t di\u00eam m\u1ea1ch \u0111\u1ecf t\u1ef1 nhi\u00ean<\/td>\n<\/tr>\n<tr>\n<td><span data-path-to-node=\"1,4,0,0\">H\u1ea1n s\u1eed d\u1ee5ng<\/span><\/td>\n<td>12 th\u00e1ng<\/td>\n<\/tr>\n<tr>\n<td><span data-path-to-node=\"1,5,0,0\">B\u1ea3o qu\u1ea3n<\/span><\/td>\n<td>N\u01a1i kh\u00f4 r\u00e1o, tho\u00e1ng m\u00e1t, tr\u00e1nh \u00e1nh n\u1eafng tr\u1ef1c ti\u1ebfp. Sau khi m\u1edf t\u00fai n\u00ean b\u1ea3o qu\u1ea3n k\u00edn ho\u1eb7c \u0111\u1ec3 trong ng\u0103n m\u00e1t t\u1ee7 l\u1ea1nh<\/td>\n<\/tr>\n<tr>\n<td><span data-path-to-node=\"1,6,0,0\">Kh\u1ed1i l\u01b0\u1ee3ng<\/span><\/td>\n<td>265g<\/td>\n<\/tr>\n<\/tbody>\n<\/table>\n<p data-path-to-node=\"7\">Peru t\u1eeb l\u00e2u \u0111\u00e3 \u0111\u01b0\u1ee3c th\u1ebf gi\u1edbi t\u00f4n vinh l\u00e0 c\u00e1i n\u00f4i c\u1ee7a h\u1ea1t di\u00eam m\u1ea1ch, n\u01a1i cung c\u1ea5p nh\u1eefng h\u1ea1t &#8220;v\u00e0ng r\u00f2ng&#8221; gi\u00e0u dinh d\u01b0\u1ee1ng nh\u1ea5t h\u00e0nh tinh. Tr\u00ean nh\u1eefng cao nguy\u00ean l\u1ed9ng gi\u00f3 c\u1ee7a d\u00e3y n\u00fai Andes, n\u01a1i c\u00f3 \u0111\u1ed9 cao h\u00e0ng ngh\u00ecn m\u00e9t so v\u1edbi m\u1ef1c n\u01b0\u1edbc bi\u1ec3n v\u00e0 kh\u00ed h\u1eadu kh\u1eafc nghi\u1ec7t, nh\u1eefng c\u00e1nh \u0111\u1ed3ng di\u00eam m\u1ea1ch \u0111\u1ecf r\u1ef1c r\u1ee1 \u0111\u00e3 ki\u00ean c\u01b0\u1eddng sinh tr\u01b0\u1edfng \u0111\u1ec3 \u0111\u1ea1t \u0111\u1ebfn \u0111\u1ed9 tinh khi\u1ebft ho\u00e0n h\u1ea3o. Atlas Garden \u0111\u00e3 ch\u1eaft l\u1ecdc nh\u1eefng g\u00ec tinh t\u00fay nh\u1ea5t t\u1eeb v\u00f9ng \u0111\u1ea5t Nam M\u1ef9 n\u00e0y \u0111\u1ec3 mang \u0111\u1ebfn s\u1ea3n ph\u1ea9m H\u1ea1t Di\u00eam M\u1ea1ch \u0110\u1ecf \u2013 m\u1ed9t m\u00f3n qu\u00e0 t\u1eeb thi\u00ean nhi\u00ean gi\u00fap k\u1ebft n\u1ed1i con ng\u01b0\u1eddi hi\u1ec7n \u0111\u1ea1i v\u1edbi ngu\u1ed3n l\u01b0\u01a1ng th\u1ef1c c\u1ed5 x\u01b0a c\u1ee7a n\u1ec1n v\u0103n minh Inca huy\u1ec1n tho\u1ea1i.<\/p>\n<p data-path-to-node=\"7\"><img fetchpriority=\"high\" decoding=\"async\" class=\"aligncenter\" src=\"https:\/\/havamall.com\/wp-content\/uploads\/2026\/03\/4f2901bc8c067721d2c09d846e9073e1.jpg_960x960q80.jpg.webp\" alt=\"H\u1ea1t di\u00eam m\u1ea1ch \u0111\u1ecf Atlas Garden Peru 265g | Lazada.vn\" width=\"800\" height=\"800\" \/><\/p>\n<p data-path-to-node=\"8\">Nh\u1eefng h\u1ea1t di\u00eam m\u1ea1ch Atlas Garden b\u1eaft \u0111\u1ea7u khi l\u1edbp v\u1ecf h\u1ea1t chuy\u1ec3n sang m\u00e0u \u0111\u1ecf s\u1eabm \u0111\u1eb7c tr\u01b0ng, ch\u1ee9a \u0111\u1ef1ng h\u00e0m l\u01b0\u1ee3ng dinh d\u01b0\u1ee1ng v\u00e0 c\u00e1c h\u1ee3p ch\u1ea5t ch\u1ed1ng oxy h\u00f3a cao h\u01a1n h\u1eb3n so v\u1edbi lo\u1ea1i di\u00eam m\u1ea1ch tr\u1eafng th\u00f4ng th\u01b0\u1eddng. Thay v\u00ec x\u1eed l\u00fd c\u00f4ng nghi\u1ec7p l\u00e0m m\u1ea5t \u0111i l\u1edbp d\u01b0\u1ee1ng ch\u1ea5t qu\u00fd b\u00e1u, h\u1ea1t di\u00eam m\u1ea1ch \u0111\u01b0\u1ee3c l\u00e0m s\u1ea1ch v\u00e0 tuy\u1ec3n ch\u1ecdn kh\u00e9o l\u00e9o \u0111\u1ec3 gi\u1eef l\u1ea1i c\u1ea5u tr\u00fac nguy\u00ean b\u1ea3n, t\u1ea1o n\u00ean \u0111\u1ed9 gi\u00f2n s\u1ea7n s\u1eadt v\u00e0 v\u1ecb b\u00f9i ng\u1eady \u0111\u1eadm \u0111\u00e0 sau khi ch\u1ebf bi\u1ebfn.<\/p>\n<p data-path-to-node=\"8\"><img decoding=\"async\" class=\"aligncenter\" src=\"https:\/\/havamall.com\/wp-content\/uploads\/2026\/03\/INSTANT20POT20RED20QUINOA-1.jpg\" width=\"801\" height=\"510\" \/><\/p>\n<p data-path-to-node=\"8\">Khi th\u01b0\u1edfng th\u1ee9c, c\u1ea3m gi\u00e1c \u0111\u1ea7u ti\u00ean l\u00e0 s\u1ef1 th\u00fa v\u1ecb c\u1ee7a l\u1edbp v\u1ecf dai nh\u1eb9 k\u00edch th\u00edch v\u1ecb gi\u00e1c, ngay sau \u0111\u00f3 l\u00e0 v\u1ecb ng\u1ecdt nh\u1eb9 c\u1ee7a tinh b\u1ed9t l\u00e0nh m\u1ea1nh lan t\u1ecfa. M\u1ed7i h\u1ea1t di\u00eam m\u1ea1ch kh\u00f4ng ch\u1ec9 l\u00e0 m\u1ed9t nguy\u00ean li\u1ec7u n\u1ea5u \u0103n, m\u00e0 l\u00e0 m\u1ed9t &#8220;vi\u00ean nang&#8221; dinh d\u01b0\u1ee1ng \u0111\u1eadm \u0111\u1eb7c v\u1edbi h\u00e0m l\u01b0\u1ee3ng Protein ho\u00e0n ch\u1ec9nh d\u1ed3i d\u00e0o, gi\u00e0u ch\u1ea5t x\u01a1 v\u00e0 Magi\u00ea, h\u1ed7 tr\u1ee3 \u0111\u1eafc l\u1ef1c cho h\u1ec7 ti\u00eau h\u00f3a v\u00e0 cung c\u1ea5p n\u0103ng l\u01b0\u1ee3ng b\u1ec1n b\u1ec9 cho c\u01a1 th\u1ec3.<\/p>\n<p data-path-to-node=\"8\"><img decoding=\"async\" class=\"aligncenter\" src=\"https:\/\/havamall.com\/wp-content\/uploads\/2026\/03\/red-quinoa-salad-3.jpg\" alt=\"Miso Dressing, Red Quinoa Salad with Cucumbers and Radishes. \u2013 Cucina Magia\" width=\"800\" height=\"532\" \/><\/p>\n<p data-path-to-node=\"9\">Trong v\u0103n h\u00f3a \u1ea9m th\u1ef1c s\u1ee9c kh\u1ecfe to\u00e0n c\u1ea7u, di\u00eam m\u1ea1ch \u0111\u1ecf kh\u00f4ng ch\u1ec9 l\u00e0 th\u1ee9c qu\u00e0 thay th\u1ebf c\u01a1m g\u1ea1o truy\u1ec1n th\u1ed1ng m\u00e0 c\u00f2n l\u00e0 nguy\u00ean li\u1ec7u th\u01b0\u1ee3ng h\u1ea1ng trong c\u00e1c m\u00f3n salad v\u00e0 m\u00f3n h\u1ea7m \u0111\u1eb3ng c\u1ea5p. M\u1ed9t ch\u00fat di\u00eam m\u1ea1ch \u0111\u1ecf tr\u1ed9n c\u00f9ng rau c\u1ee7 t\u01b0\u01a1i, b\u01a1 s\u00e1p v\u00e0 n\u01b0\u1edbc s\u1ed1t chanh leo bu\u1ed5i s\u00e1ng, hay l\u1ed3ng gh\u00e9p v\u00e0o c\u00e1c \u0111\u0129a th\u1ef1c ph\u1ea9m t\u1ed5ng h\u1ee3p trong c\u00e1c b\u1eefa ti\u1ec7c chay s\u1ebd l\u00e0m t\u0103ng th\u00eam s\u1ef1 sang tr\u1ecdng v\u00e0 tinh t\u1ebf cho b\u00e0n \u0103n. \u0110\u1eb7c bi\u1ec7t, h\u1ea1t di\u00eam m\u1ea1ch Atlas Garden ho\u00e0n to\u00e0n kh\u00f4ng ch\u1ee9a Gluten, l\u00e0 l\u1ef1a ch\u1ecdn tuy\u1ec7t v\u1eddi cho nh\u1eefng ai \u0111ang theo \u0111u\u1ed5i l\u1ed1i s\u1ed1ng l\u00e0nh m\u1ea1nh, c\u1ea7n ki\u1ec3m so\u00e1t ch\u1ec9 s\u1ed1 \u0111\u01b0\u1eddng huy\u1ebft hay b\u1ed5 sung n\u0103ng l\u01b0\u1ee3ng nhanh ch\u00f3ng sau gi\u1edd t\u1eadp luy\u1ec7n m\u00e0 kh\u00f4ng lo ng\u1ea1i v\u1ec1 v\u1ea5n \u0111\u1ec1 d\u1ecb \u1ee9ng hay calo r\u1ed7ng.<\/p>\n<p data-path-to-node=\"9\"><img loading=\"lazy\" decoding=\"async\" class=\"aligncenter\" src=\"https:\/\/havamall.com\/wp-content\/uploads\/2026\/03\/red-quinoa-salad-with-mixed-greens-and-berry-vinaigrette-recipe.jpg\" width=\"800\" height=\"800\" \/><\/p>\n<p data-path-to-node=\"10\">\u0110\u1ec3 ch\u1ebf bi\u1ebfn lo\u1ea1i h\u1ea1t n\u00e0y m\u1ed9t c\u00e1ch ngon nh\u1ea5t, ng\u01b0\u1eddi ta th\u01b0\u1eddng\u00a0<em><strong>r\u1eeda s\u1ea1ch h\u1ea1t \u0111\u1ec3 lo\u1ea1i b\u1ecf l\u1edbp saponin b\u1ea3o v\u1ec7 b\u00ean ngo\u00e0i<\/strong><\/em>, sau \u0111\u00f3\u00a0<strong><em>\u0111un s\u00f4i theo t\u1ef7 l\u1ec7 m\u1ed9t ph\u1ea7n h\u1ea1t v\u00e0 hai ph\u1ea7n n\u01b0\u1edbc.<\/em><\/strong>\u00a0Ch\u1ec9 sau\u00a0<em><strong>kho\u1ea3ng 15 ph\u00fat<\/strong><\/em>, nh\u1eefng h\u1ea1t di\u00eam m\u1ea1ch \u0111\u1ecf s\u1ebd &#8220;n\u1edf hoa&#8221; m\u1ed9t c\u00e1ch \u0111\u1eb9p m\u1eaft, gi\u1eef \u0111\u01b0\u1ee3c m\u00e0u s\u1eafc r\u1ef1c r\u1ee1 l\u00e0m n\u1ed5i b\u1eadt b\u1ea5t k\u1ef3 m\u00f3n \u0103n n\u00e0o. V\u1edbi nh\u1eefng t\u00e2m h\u1ed3n y\u00eau b\u1ebfp, di\u00eam m\u1ea1ch \u0111\u1ecf c\u00f2n c\u00f3 th\u1ec3 d\u00f9ng l\u00e0m nh\u00e2n b\u00e1nh, n\u1ea5u ch\u00e1o dinh d\u01b0\u1ee1ng cho tr\u1ebb nh\u1ecf ho\u1eb7c tr\u1ed9n c\u00f9ng ng\u0169 c\u1ed1c s\u1ea5y kh\u00f4 cho m\u1ed9t b\u1eefa \u0103n nh\u1eb9 thanh nh\u00e3 v\u00e0 \u0111\u1ea7y \u0111\u1ee7 d\u01b0\u1ee1ng ch\u1ea5t.<\/p>\n<p data-path-to-node=\"10\"><img loading=\"lazy\" decoding=\"async\" class=\"aligncenter\" src=\"https:\/\/havamall.com\/wp-content\/uploads\/2026\/03\/ea998-img_9524.jpg\" alt=\"Swaadista - How to cook perfect red quinoa?\" width=\"800\" height=\"800\" \/><\/p>\n<p data-path-to-node=\"11\"><strong>H\u1ea1t Di\u00eam M\u1ea1ch \u0110\u1ecf Atlas Garden<\/strong>\u00a0hi\u1ec7n \u0111ang \u0111\u01b0\u1ee3c b\u00e1n t\u1ea1i Havamall, \u0111\u01a1n v\u1ecb chuy\u00ean nh\u1eadp kh\u1ea9u c\u00e1c d\u00f2ng th\u1ef1c ph\u1ea9m cao c\u1ea5p, cam k\u1ebft h\u00e0ng ch\u00ednh h\u00e3ng v\u1edbi ti\u00eau chu\u1ea9n ch\u1ea5t l\u01b0\u1ee3ng kh\u1eaft khe nh\u1ea5t, mang tr\u1ecdn v\u1eb9n tinh hoa t\u1eeb d\u00e3y n\u00fai Andes \u0111\u1ebfn gian b\u1ebfp nh\u00e0 b\u1ea1n.<\/p>","protected":false},"excerpt":{"rendered":"<p>TH\u00d4NG TIN S\u1ea2N PH\u1ea8M Th\u01b0\u01a1ng hi\u1ec7u Atlas Garden Xu\u1ea5t x\u1ee9 Peru Th\u00e0nh ph\u1ea7n 100% h\u1ea1t di\u00eam m\u1ea1ch \u0111\u1ecf t\u1ef1 nhi\u00ean<\/p>","protected":false},"featured_media":44748,"comment_status":"open","ping_status":"closed","template":"","meta":[],"product_brand":[],"product_cat":[677,134],"product_tag":[],"class_list":{"0":"post-44747","1":"product","2":"type-product","3":"status-publish","4":"has-post-thumbnail","6":"product_cat-cac-nuoc-khac","7":"product_cat-thucpham-saykho","9":"first","10":"instock","11":"sale","12":"shipping-taxable","13":"purchasable","14":"product-type-simple"},"_links":{"self":[{"href":"https:\/\/havamall.vn\/en\/wp-json\/wp\/v2\/product\/44747"}],"collection":[{"href":"https:\/\/havamall.vn\/en\/wp-json\/wp\/v2\/product"}],"about":[{"href":"https:\/\/havamall.vn\/en\/wp-json\/wp\/v2\/types\/product"}],"replies":[{"embeddable":true,"href":"https:\/\/havamall.vn\/en\/wp-json\/wp\/v2\/comments?post=44747"}],"version-history":[{"count":0,"href":"https:\/\/havamall.vn\/en\/wp-json\/wp\/v2\/product\/44747\/revisions"}],"wp:featuredmedia":[{"embeddable":true,"href":"https:\/\/havamall.vn\/en\/wp-json\/wp\/v2\/media\/44748"}],"wp:attachment":[{"href":"https:\/\/havamall.vn\/en\/wp-json\/wp\/v2\/media?parent=44747"}],"wp:term":[{"taxonomy":"product_brand","embeddable":true,"href":"https:\/\/havamall.vn\/en\/wp-json\/wp\/v2\/product_brand?post=44747"},{"taxonomy":"product_cat","embeddable":true,"href":"https:\/\/havamall.vn\/en\/wp-json\/wp\/v2\/product_cat?post=44747"},{"taxonomy":"product_tag","embeddable":true,"href":"https:\/\/havamall.vn\/en\/wp-json\/wp\/v2\/product_tag?post=44747"}],"curies":[{"name":"wp","href":"https:\/\/api.w.org\/{rel}","templated":true}]}}