{"id":44739,"date":"2026-03-26T15:56:45","date_gmt":"2026-03-26T08:56:45","guid":{"rendered":"https:\/\/havamall.vn\/?post_type=product&#038;p=44739"},"modified":"2026-03-26T15:56:51","modified_gmt":"2026-03-26T08:56:51","slug":"nho-vang-say-nhap-khau-my-atlas-garden-265g-atlas-garden-golden-raisin","status":"publish","type":"product","link":"https:\/\/havamall.vn\/en\/shop\/nho-vang-say-nhap-khau-my-atlas-garden-265g-atlas-garden-golden-raisin\/","title":{"rendered":"Nho V\u00e0ng S\u1ea5y Nh\u1eadp Kh\u1ea9u M\u1ef9 Atlas Garden 265g \u2013 Atlas Garden Golden Raisin"},"content":{"rendered":"<h2 data-path-to-node=\"3\">TH\u00d4NG TIN S\u1ea2N PH\u1ea8M<\/h2>\n<table data-path-to-node=\"1\">\n<tbody>\n<tr>\n<td><span data-path-to-node=\"1,1,0,0\">Th\u01b0\u01a1ng hi\u1ec7u<\/span><\/td>\n<td><span data-path-to-node=\"1,1,1,0\">Atlas Garden<\/span><\/td>\n<\/tr>\n<tr>\n<td><span data-path-to-node=\"1,2,0,0\">Xu\u1ea5t x\u1ee9<\/span><\/td>\n<td>M\u1ef9 (USA)<\/td>\n<\/tr>\n<tr>\n<td><span data-path-to-node=\"1,3,0,0\">Th\u00e0nh ph\u1ea7n<\/span><\/td>\n<td>100% nho v\u00e0ng s\u1ea5y kh\u00f4 t\u1ef1 nhi\u00ean, d\u1ea7u h\u01b0\u1edbng d\u01b0\u01a1ng, ch\u1ea5t b\u1ea3o qu\u1ea3n (E220)<\/td>\n<\/tr>\n<tr>\n<td><span data-path-to-node=\"1,4,0,0\">H\u1ea1n s\u1eed d\u1ee5ng<\/span><\/td>\n<td>18 th\u00e1ng k\u1ec3 t\u1eeb ng\u00e0y s\u1ea3n xu\u1ea5t<\/td>\n<\/tr>\n<tr>\n<td><span data-path-to-node=\"1,5,0,0\">B\u1ea3o qu\u1ea3n<\/span><\/td>\n<td>N\u01a1i kh\u00f4 r\u00e1o, tho\u00e1ng m\u00e1t, tr\u00e1nh \u00e1nh n\u1eafng tr\u1ef1c ti\u1ebfp. N\u00ean b\u1ea3o qu\u1ea3n trong ng\u0103n m\u00e1t t\u1ee7 l\u1ea1nh sau khi m\u1edf bao b\u00ec \u0111\u1ec3 gi\u1eef \u0111\u1ed9 d\u1ebbo<\/td>\n<\/tr>\n<tr>\n<td><span data-path-to-node=\"1,6,0,0\">Kh\u1ed1i l\u01b0\u1ee3ng<\/span><\/td>\n<td>265g<\/td>\n<\/tr>\n<\/tbody>\n<\/table>\n<p>\u0110\u1ec3 mang \u0111\u1ebfn nh\u1eefng h\u1ea1t nho v\u00e0ng \u0111\u1ea1t chu\u1ea9n th\u01b0\u1ee3ng h\u1ea1ng, Atlas Garden \u0111\u00e3 l\u1ef1a ch\u1ecdn nh\u1eefng v\u00f9ng nguy\u00ean li\u1ec7u tr\u00f9 ph\u00fa t\u1ea1i M\u1ef9 \u2013 n\u01a1i s\u1edf h\u1eefu k\u1ef9 thu\u1eadt canh t\u00e1c v\u00e0 quy chu\u1ea9n ki\u1ec3m \u0111\u1ecbnh th\u1ef1c ph\u1ea9m kh\u1eaft khe nh\u1ea5t th\u1ebf gi\u1edbi. D\u01b0\u1edbi c\u00e1i n\u1eafng r\u1ef1c r\u1ee1 c\u1ee7a nh\u1eefng thung l\u0169ng mi\u1ec1n T\u00e2y n\u01b0\u1edbc M\u1ef9, t\u1eebng ch\u00f9m nho ch\u00edn m\u1ecdng \u0111\u00e3 ch\u1eaft l\u1ecdc nh\u1eefng g\u00ec tinh t\u00fay nh\u1ea5t c\u1ee7a \u0111\u1ea5t tr\u1eddi \u0111\u1ec3 chu\u1ea9n b\u1ecb cho h\u00e0nh tr\u00ecnh tr\u1edf th\u00e0nh m\u00f3n qu\u00e0 dinh d\u01b0\u1ee1ng tuy\u1ec7t v\u1eddi cho s\u1ee9c kh\u1ecfe con ng\u01b0\u1eddi.<\/p>\n<p><img fetchpriority=\"high\" decoding=\"async\" class=\"aligncenter\" src=\"https:\/\/havamall.com\/wp-content\/uploads\/2026\/03\/2686505-golden-raisins.jpg\" width=\"802\" height=\"534\" \/><\/p>\n<p>Nh\u1eefng tr\u00e1i nho Atlas Garden b\u1eaft \u0111\u1ea7u khi \u0111\u1ea1t \u0111\u1ebfn \u0111\u1ed9 ch\u00edn mu\u1ed3i nh\u1ea5t tr\u00ean gi\u00e0n, mang m\u00e0u v\u00e0ng h\u1ed5 ph\u00e1ch r\u1ef1c r\u1ee1 v\u00e0 ch\u1ee9a \u0111\u1ef1ng ngu\u1ed3n n\u0103ng l\u01b0\u1ee3ng d\u1ed3i d\u00e0o. Thay v\u00ec s\u1ea5y c\u00f4ng nghi\u1ec7p \u1edf nhi\u1ec7t \u0111\u1ed9 qu\u00e1 cao l\u00e0m bi\u1ebfn \u0111\u1ed5i c\u1ea5u tr\u00fac, nho \u0111\u01b0\u1ee3c l\u00e0m kh\u00f4 theo quy tr\u00ecnh ki\u1ec3m so\u00e1t nghi\u00eam ng\u1eb7t \u0111\u1ec3 gi\u1eef l\u1ea1i \u0111\u1ed9 \u1ea9m tinh t\u1ebf b\u00ean trong, t\u1ea1o n\u00ean l\u1edbp v\u1ecf m\u1ecfng dai nh\u1eb9 c\u00f9ng ph\u1ea7n th\u1ecbt d\u1ebbo m\u1ec1m \u0111\u1eb7c tr\u01b0ng.<\/p>\n<p><img decoding=\"async\" class=\"aligncenter\" src=\"https:\/\/chandrafoods.com\/wp-content\/uploads\/2025\/09\/IMG_6472.png\" width=\"799\" height=\"532\" \/><\/p>\n<p>Khi th\u01b0\u1edfng th\u1ee9c, c\u1ea3m nh\u1eadn \u0111\u1ea7u ti\u00ean l\u00e0 v\u1ecb ng\u1ecdt thanh tao k\u00edch th\u00edch v\u1ecb gi\u00e1c, ngay sau \u0111\u00f3 l\u00e0 s\u1ef1 b\u00f9ng n\u1ed5 c\u1ee7a h\u01b0\u01a1ng th\u01a1m tr\u00e1i c\u00e2y t\u1ef1 nhi\u00ean, s\u00e2u l\u1eafng lan t\u1ecfa. M\u1ed7i h\u1ea1t nho s\u1ea5y kh\u00f4ng ch\u1ec9 l\u00e0 m\u1ed9t m\u00f3n \u0103n v\u1eb7t, m\u00e0 l\u00e0 m\u1ed9t &#8220;vi\u00ean nang&#8221; n\u0103ng l\u01b0\u1ee3ng \u0111\u1eadm \u0111\u1eb7c v\u1edbi h\u00e0m l\u01b0\u1ee3ng Carbohydrate l\u00e0nh m\u1ea1nh, gi\u00e0u Kali v\u00e0 Magi\u00ea, h\u1ed7 tr\u1ee3 \u0111\u1eafc l\u1ef1c cho h\u1ec7 tim m\u1ea1ch v\u00e0 gi\u00fap c\u01a1 th\u1ec3 ph\u1ee5c h\u1ed3i nhanh ch\u00f3ng.<\/p>\n<p><img decoding=\"async\" class=\"aligncenter\" src=\"https:\/\/www.adailysomething.com\/wp-content\/uploads\/2018\/10\/ADailySomething-182.jpg\" width=\"800\" height=\"534\" \/><\/p>\n<p>Trong v\u0103n h\u00f3a \u1ea9m th\u1ef1c hi\u1ec7n \u0111\u1ea1i, nho v\u00e0ng s\u1ea5y kh\u00f4 kh\u00f4ng ch\u1ec9 l\u00e0 th\u1ee9c qu\u00e0 nh\u00e2m nhi c\u00f9ng c\u00e1c lo\u1ea1i h\u1ea1t m\u00e0 c\u00f2n l\u00e0 nguy\u00ean li\u1ec7u th\u01b0\u1ee3ng h\u1ea1ng trong ngh\u1ec7 thu\u1eadt l\u00e0m b\u00e1nh v\u00e0 ch\u1ebf bi\u1ebfn m\u00f3n \u0103n. M\u1ed9t ch\u00fat nho v\u00e0ng r\u1eafc l\u00ean b\u00e1t s\u1eefa chua ng\u0169 c\u1ed1c bu\u1ed5i s\u00e1ng, hay l\u1ed3ng gh\u00e9p v\u00e0o nh\u1eefng \u1ed5 b\u00e1nh m\u00ec hoa c\u00fac, b\u00e1nh quy gi\u00f2n r\u1ee5m s\u1ebd l\u00e0m t\u0103ng th\u00eam s\u1ef1 sang tr\u1ecdng v\u00e0 tinh t\u1ebf cho b\u1eefa \u0103n.<\/p>\n<p><img loading=\"lazy\" decoding=\"async\" class=\"aligncenter\" src=\"https:\/\/havamall.com\/wp-content\/uploads\/2026\/03\/recipe_0095_california-golden-raisin-tequila-salsa.jpg\" width=\"800\" height=\"800\" \/><\/p>\n<p data-path-to-node=\"9\">\u0110\u1eb7c bi\u1ec7t, v\u1edbi \u0111\u1eb7c t\u00ednh kh\u00f4ng bi\u1ebfn \u0111\u1ed5i gen (Non-GMO) v\u00e0 kh\u00f4ng ch\u1ee9a Gluten, nho v\u00e0ng Atlas Garden l\u00e0 l\u1ef1a ch\u1ecdn tuy\u1ec7t v\u1eddi cho nh\u1eefng ai \u0111ang theo \u0111u\u1ed5i l\u1ed1i s\u1ed1ng l\u00e0nh m\u1ea1nh, c\u1ea7n b\u1ed5 sung d\u01b0\u1ee1ng ch\u1ea5t t\u1ef1 nhi\u00ean m\u00e0 kh\u00f4ng lo ng\u1ea1i v\u1ec1 c\u00e1c th\u00e0nh ph\u1ea7n ph\u1ee5 gia \u0111\u1ed9c h\u1ea1i.\u00a0Nho V\u00e0ng S\u1ea5y Kh\u00f4 Atlas Garden hi\u1ec7n \u0111ang \u0111\u01b0\u1ee3c b\u00e1n t\u1ea1i Havamall, \u0111\u01a1n v\u1ecb chuy\u00ean nh\u1eadp kh\u1ea9u c\u00e1c d\u00f2ng th\u1ef1c ph\u1ea9m cao c\u1ea5p t\u1eeb th\u1ebf gi\u1edbi, cam k\u1ebft h\u00e0ng ch\u00ednh h\u00e3ng v\u1edbi ti\u00eau chu\u1ea9n ch\u1ea5t l\u01b0\u1ee3ng kh\u1eaft khe nh\u1ea5t.<\/p>","protected":false},"excerpt":{"rendered":"<p>TH\u00d4NG TIN S\u1ea2N PH\u1ea8M Th\u01b0\u01a1ng hi\u1ec7u Atlas Garden Xu\u1ea5t x\u1ee9 M\u1ef9 (USA) Th\u00e0nh ph\u1ea7n 100% nho v\u00e0ng s\u1ea5y kh\u00f4 t\u1ef1<\/p>","protected":false},"featured_media":44740,"comment_status":"open","ping_status":"closed","template":"","meta":[],"product_brand":[],"product_cat":[669,133,134],"product_tag":[],"class_list":{"0":"post-44739","1":"product","2":"type-product","3":"status-publish","4":"has-post-thumbnail","6":"product_cat-nhap-khau-my","7":"product_cat-banh-keo-chocolate","8":"product_cat-thucpham-saykho","10":"first","11":"instock","12":"sale","13":"shipping-taxable","14":"purchasable","15":"product-type-simple"},"_links":{"self":[{"href":"https:\/\/havamall.vn\/en\/wp-json\/wp\/v2\/product\/44739"}],"collection":[{"href":"https:\/\/havamall.vn\/en\/wp-json\/wp\/v2\/product"}],"about":[{"href":"https:\/\/havamall.vn\/en\/wp-json\/wp\/v2\/types\/product"}],"replies":[{"embeddable":true,"href":"https:\/\/havamall.vn\/en\/wp-json\/wp\/v2\/comments?post=44739"}],"version-history":[{"count":0,"href":"https:\/\/havamall.vn\/en\/wp-json\/wp\/v2\/product\/44739\/revisions"}],"wp:featuredmedia":[{"embeddable":true,"href":"https:\/\/havamall.vn\/en\/wp-json\/wp\/v2\/media\/44740"}],"wp:attachment":[{"href":"https:\/\/havamall.vn\/en\/wp-json\/wp\/v2\/media?parent=44739"}],"wp:term":[{"taxonomy":"product_brand","embeddable":true,"href":"https:\/\/havamall.vn\/en\/wp-json\/wp\/v2\/product_brand?post=44739"},{"taxonomy":"product_cat","embeddable":true,"href":"https:\/\/havamall.vn\/en\/wp-json\/wp\/v2\/product_cat?post=44739"},{"taxonomy":"product_tag","embeddable":true,"href":"https:\/\/havamall.vn\/en\/wp-json\/wp\/v2\/product_tag?post=44739"}],"curies":[{"name":"wp","href":"https:\/\/api.w.org\/{rel}","templated":true}]}}