{"id":44735,"date":"2026-03-26T11:30:11","date_gmt":"2026-03-26T04:30:11","guid":{"rendered":"https:\/\/havamall.vn\/?post_type=product&#038;p=44735"},"modified":"2026-03-26T11:30:21","modified_gmt":"2026-03-26T04:30:21","slug":"mo-vang-say-kho-tho-nhi-ky-atlas-garden-265g-atlas-garden-dried-apricot","status":"publish","type":"product","link":"https:\/\/havamall.vn\/en\/shop\/mo-vang-say-kho-tho-nhi-ky-atlas-garden-265g-atlas-garden-dried-apricot\/","title":{"rendered":"M\u01a1 V\u00e0ng S\u1ea5y Kh\u00f4 Th\u1ed5 Nh\u0129 K\u1ef3 Atlas Garden 265g \u2013 Atlas Garden Dried Apricot"},"content":{"rendered":"<h2 data-path-to-node=\"13\">TH\u00d4NG TIN S\u1ea2N PH\u1ea8M<\/h2>\n<table data-path-to-node=\"14\">\n<tbody>\n<tr>\n<td><span data-path-to-node=\"14,1,0,0\"><b data-path-to-node=\"14,1,0,0\" data-index-in-node=\"0\">Th\u01b0\u01a1ng hi\u1ec7u<\/b><\/span><\/td>\n<td><span data-path-to-node=\"14,1,1,0\">Atlas Garden<\/span><\/td>\n<\/tr>\n<tr>\n<td><span data-path-to-node=\"14,2,0,0\"><b data-path-to-node=\"14,2,0,0\" data-index-in-node=\"0\">Xu\u1ea5t x\u1ee9<\/b><\/span><\/td>\n<td><span data-path-to-node=\"14,2,1,0\">Th\u1ed5 Nh\u0129 K\u1ef3<\/span><\/td>\n<\/tr>\n<tr>\n<td><span data-path-to-node=\"14,3,0,0\"><b data-path-to-node=\"14,3,0,0\" data-index-in-node=\"0\">Th\u00e0nh ph\u1ea7n<\/b><\/span><\/td>\n<td><span data-path-to-node=\"14,3,1,0\">100% m\u01a1 v\u00e0ng t\u1ef1 nhi\u00ean, ch\u1ea5t b\u1ea3o qu\u1ea3n (E220) \u0111\u1ec3 gi\u1eef m\u00e0u s\u1eafc.<\/span><\/td>\n<\/tr>\n<tr>\n<td><span data-path-to-node=\"14,4,0,0\"><b data-path-to-node=\"14,4,0,0\" data-index-in-node=\"0\">H\u1ea1n s\u1eed d\u1ee5ng<\/b><\/span><\/td>\n<td><span data-path-to-node=\"14,4,1,0\">18 th\u00e1ng k\u1ec3 t\u1eeb ng\u00e0y s\u1ea3n xu\u1ea5t<\/span><\/td>\n<\/tr>\n<tr>\n<td><span data-path-to-node=\"14,5,0,0\"><b data-path-to-node=\"14,5,0,0\" data-index-in-node=\"0\">B\u1ea3o qu\u1ea3n<\/b><\/span><\/td>\n<td><span data-path-to-node=\"14,5,1,0\">N\u01a1i kh\u00f4 r\u00e1o, tho\u00e1ng m\u00e1t. Sau khi m\u1edf t\u00fai n\u00ean b\u1ea3o qu\u1ea3n k\u00edn trong ng\u0103n m\u00e1t t\u1ee7 l\u1ea1nh.<\/span><\/td>\n<\/tr>\n<tr>\n<td><span data-path-to-node=\"14,6,0,0\"><b data-path-to-node=\"14,6,0,0\" data-index-in-node=\"0\">Kh\u1ed1i l\u01b0\u1ee3ng<\/b><\/span><\/td>\n<td><span data-path-to-node=\"14,6,1,0\">265g<\/span><\/td>\n<\/tr>\n<\/tbody>\n<\/table>\n<p>Th\u1ed5 Nh\u0129 K\u1ef3 t\u1eeb l\u00e2u \u0111\u00e3 \u0111\u01b0\u1ee3c th\u1ebf gi\u1edbi t\u00f4n vinh l\u00e0 &#8220;v\u01b0\u01a1ng qu\u1ed1c c\u1ee7a nh\u1eefng qu\u1ea3 m\u01a1&#8221;, n\u01a1i cung c\u1ea5p \u0111\u1ebfn 80% l\u01b0\u1ee3ng m\u01a1 s\u1ea5y kh\u00f4 tr\u00ean to\u00e0n c\u1ea7u. T\u1ea1i v\u00f9ng Malatya, n\u01a1i c\u00f3 nh\u1eefng thung l\u0169ng ng\u1eadp tr\u00e0n \u00e1nh n\u1eafng v\u00e0 kh\u00ed h\u1eadu kh\u00f4 r\u00e1o \u0111\u1eb7c tr\u01b0ng, nh\u1eefng qu\u1ea3 m\u01a1 v\u00e0ng \u00f3ng \u1ea3 \u0111\u01b0\u1ee3c nu\u00f4i d\u01b0\u1ee1ng \u0111\u1ec3 \u0111\u1ea1t \u0111\u1ebfn \u0111\u1ed9 ng\u1ecdt m\u1ecdng ho\u00e0n h\u1ea3o nh\u1ea5t. Atlas Garden \u0111\u00e3 ch\u1eaft l\u1ecdc nh\u1eefng g\u00ec tinh t\u00fay nh\u1ea5t t\u1eeb v\u00f9ng \u0111\u1ea5t n\u00e0y \u0111\u1ec3 mang \u0111\u1ebfn s\u1ea3n ph\u1ea9m M\u01a1 V\u00e0ng S\u1ea5y Kh\u00f4 \u2013 m\u1ed9t m\u00f3n qu\u00e0 t\u1eeb thi\u00ean nhi\u00ean gi\u00fap k\u1ebft n\u1ed1i con ng\u01b0\u1eddi v\u1edbi h\u01b0\u01a1ng v\u1ecb nguy\u00ean b\u1ea3n c\u1ee7a v\u00f9ng \u0110\u1ecba Trung H\u1ea3i.<\/p>\n<p><img fetchpriority=\"high\" decoding=\"async\" class=\"aligncenter\" src=\"https:\/\/havamall.com\/wp-content\/uploads\/2026\/03\/85337cb22b1388f6c8fe4f620b2495b8.png\" width=\"800\" height=\"794\" \/><\/p>\n<p>Tr\u00e1i m\u01a1 Atlas Garden b\u1eaft \u0111\u1ea7u khi \u0111\u1ea1t \u0111\u1ebfn \u0111\u1ed9 ch\u00edn mu\u1ed3i tr\u00ean c\u00e0nh, mang m\u00e0u cam r\u1ef1c r\u1ee1 v\u00e0 ch\u1ee9a \u0111\u1ef1ng h\u00e0m l\u01b0\u1ee3ng \u0111\u01b0\u1eddng t\u1ef1 nhi\u00ean cao nh\u1ea5t. Thay v\u00ec s\u1ea5y c\u00f4ng nghi\u1ec7p \u1edf nhi\u1ec7t \u0111\u1ed9 cao l\u00e0m m\u1ea5t \u0111i d\u01b0\u1ee1ng ch\u1ea5t, m\u01a1 \u0111\u01b0\u1ee3c l\u00e0m kh\u00f4 m\u1ed9t c\u00e1ch kh\u00e9o l\u00e9o \u0111\u1ec3 gi\u1eef l\u1ea1i \u0111\u1ed9 \u1ea9m b\u00ean trong, t\u1ea1o n\u00ean c\u1ea5u tr\u00fac d\u1ebbo m\u1ec1m \u0111\u1eb7c tr\u01b0ng. Khi th\u01b0\u1edfng th\u1ee9c, c\u1ea3m gi\u00e1c \u0111\u1ea7u ti\u00ean l\u00e0 v\u1ecb chua thanh nh\u1eb9 nh\u00e0ng k\u00edch th\u00edch v\u1ecb gi\u00e1c, ngay sau \u0111\u00f3 l\u00e0 v\u1ecb ng\u1ecdt \u0111\u1eadm \u0111\u00e0, s\u00e2u l\u1eafng lan t\u1ecfa. M\u1ed7i tr\u00e1i m\u01a1 s\u1ea5y kh\u00f4ng ch\u1ec9 l\u00e0 m\u1ed9t m\u00f3n \u0103n v\u1eb7t, m\u00e0 l\u00e0 m\u1ed9t &#8220;vi\u00ean nang&#8221; dinh d\u01b0\u1ee1ng \u0111\u1eadm \u0111\u1eb7c v\u1edbi h\u00e0m l\u01b0\u1ee3ng ch\u1ea5t x\u01a1 d\u1ed3i d\u00e0o, gi\u00e0u Kali v\u00e0 Vitamin A, h\u1ed7 tr\u1ee3 \u0111\u1eafc l\u1ef1c cho h\u1ec7 ti\u00eau h\u00f3a v\u00e0 th\u1ecb l\u1ef1c.<\/p>\n<p><img decoding=\"async\" class=\"aligncenter  wp-image-45417\" src=\"https:\/\/havamall.com\/wp-content\/uploads\/2026\/03\/46444372_1180074532147132_3056970267445166080_n.jpg\" alt=\"\" width=\"800\" height=\"800\" \/><\/p>\n<p data-path-to-node=\"19\">Trong v\u0103n h\u00f3a \u1ea9m th\u1ef1c Trung \u0110\u00f4ng v\u00e0 ch\u00e2u \u00c2u, m\u01a1 s\u1ea5y kh\u00f4 kh\u00f4ng ch\u1ec9 l\u00e0 th\u1ee9c qu\u00e0 nh\u00e2m nhi c\u00f9ng tr\u00e0 n\u00f3ng m\u00e0 c\u00f2n l\u00e0 nguy\u00ean li\u1ec7u th\u01b0\u1ee3ng h\u1ea1ng trong c\u00e1c m\u00f3n h\u1ea7m v\u00e0 l\u00e0m b\u00e1nh. M\u1ed9t ch\u00fat m\u01a1 v\u00e0ng th\u00e1i nh\u1ecf tr\u1ed9n c\u00f9ng ng\u0169 c\u1ed1c bu\u1ed5i s\u00e1ng, hay l\u1ed3ng gh\u00e9p v\u00e0o \u0111\u0129a ph\u00f4 mai t\u1ed5ng h\u1ee3p trong c\u00e1c b\u1eefa ti\u1ec7c r\u01b0\u1ee3u vang s\u1ebd l\u00e0m t\u0103ng th\u00eam s\u1ef1 sang tr\u1ecdng v\u00e0 tinh t\u1ebf cho b\u00e0n ti\u1ec7c. \u0110\u1eb7c bi\u1ec7t, m\u01a1 s\u1ea5y Atlas Garden kh\u00f4ng h\u1ec1 ch\u1ee9a \u0111\u01b0\u1eddng h\u00f3a h\u1ecdc, l\u00e0 l\u1ef1a ch\u1ecdn tuy\u1ec7t v\u1eddi cho nh\u1eefng ai \u0111ang theo \u0111u\u1ed5i l\u1ed1i s\u1ed1ng l\u00e0nh m\u1ea1nh, c\u1ea7n b\u1ed5 sung n\u0103ng l\u01b0\u1ee3ng nhanh ch\u00f3ng sau gi\u1edd t\u1eadp luy\u1ec7n m\u00e0 kh\u00f4ng lo ng\u1ea1i v\u1ec1 calo r\u1ed7ng.<\/p>\n<p data-path-to-node=\"19\"><img decoding=\"async\" class=\"aligncenter  wp-image-45418\" src=\"https:\/\/havamall.com\/wp-content\/uploads\/2026\/03\/Apricot-Goats-Cheese-walnuts-.jpg\" alt=\"\" width=\"801\" height=\"1202\" \/><\/p>\n<p data-path-to-node=\"20\">S\u1ea3n ph\u1ea9m M\u01a1 V\u00e0ng S\u1ea5y Kh\u00f4 Atlas Garden \u0111ang \u0111\u01b0\u1ee3c b\u00e1n t\u1ea1i Havamall, \u0111\u01a1n v\u1ecb chuy\u00ean nh\u1eadp kh\u1ea9u c\u00e1c d\u00f2ng th\u1ef1c ph\u1ea9m cao c\u1ea5p, cam k\u1ebft h\u00e0ng ch\u00ednh h\u00e3ng v\u1edbi ti\u00eau chu\u1ea9n ch\u1ea5t l\u01b0\u1ee3ng kh\u1eaft khe nh\u1ea5t.<\/p>","protected":false},"excerpt":{"rendered":"<p>TH\u00d4NG TIN S\u1ea2N PH\u1ea8M Th\u01b0\u01a1ng hi\u1ec7u Atlas Garden Xu\u1ea5t x\u1ee9 Th\u1ed5 Nh\u0129 K\u1ef3 Th\u00e0nh ph\u1ea7n 100% m\u01a1 v\u00e0ng t\u1ef1 nhi\u00ean,<\/p>","protected":false},"featured_media":44736,"comment_status":"open","ping_status":"closed","template":"","meta":[],"product_brand":[],"product_cat":[677,133,134],"product_tag":[],"class_list":{"0":"post-44735","1":"product","2":"type-product","3":"status-publish","4":"has-post-thumbnail","6":"product_cat-cac-nuoc-khac","7":"product_cat-banh-keo-chocolate","8":"product_cat-thucpham-saykho","10":"first","11":"instock","12":"sale","13":"shipping-taxable","14":"purchasable","15":"product-type-simple"},"_links":{"self":[{"href":"https:\/\/havamall.vn\/en\/wp-json\/wp\/v2\/product\/44735"}],"collection":[{"href":"https:\/\/havamall.vn\/en\/wp-json\/wp\/v2\/product"}],"about":[{"href":"https:\/\/havamall.vn\/en\/wp-json\/wp\/v2\/types\/product"}],"replies":[{"embeddable":true,"href":"https:\/\/havamall.vn\/en\/wp-json\/wp\/v2\/comments?post=44735"}],"version-history":[{"count":0,"href":"https:\/\/havamall.vn\/en\/wp-json\/wp\/v2\/product\/44735\/revisions"}],"wp:featuredmedia":[{"embeddable":true,"href":"https:\/\/havamall.vn\/en\/wp-json\/wp\/v2\/media\/44736"}],"wp:attachment":[{"href":"https:\/\/havamall.vn\/en\/wp-json\/wp\/v2\/media?parent=44735"}],"wp:term":[{"taxonomy":"product_brand","embeddable":true,"href":"https:\/\/havamall.vn\/en\/wp-json\/wp\/v2\/product_brand?post=44735"},{"taxonomy":"product_cat","embeddable":true,"href":"https:\/\/havamall.vn\/en\/wp-json\/wp\/v2\/product_cat?post=44735"},{"taxonomy":"product_tag","embeddable":true,"href":"https:\/\/havamall.vn\/en\/wp-json\/wp\/v2\/product_tag?post=44735"}],"curies":[{"name":"wp","href":"https:\/\/api.w.org\/{rel}","templated":true}]}}