{"id":44726,"date":"2026-03-25T14:59:32","date_gmt":"2026-03-25T07:59:32","guid":{"rendered":"https:\/\/havamall.vn\/?post_type=product&#038;p=44726"},"modified":"2026-03-25T16:52:40","modified_gmt":"2026-03-25T09:52:40","slug":"kem-bo-dau-phong-phet-banh-mi-sonton-135g-sonton-peanut-whipped-cream","status":"publish","type":"product","link":"https:\/\/havamall.vn\/en\/shop\/kem-bo-dau-phong-phet-banh-mi-sonton-135g-sonton-peanut-whipped-cream\/","title":{"rendered":"Kem B\u01a1 \u0110\u1eadu Ph\u1ed9ng Ph\u1ebft B\u00e1nh M\u00ec Sonton 150g \u2013 Sonton Peanut Whipped Cream"},"content":{"rendered":"<h3 data-path-to-node=\"2\">TH\u00d4NG TIN S\u1ea2N PH\u1ea8M<\/h3>\n<table data-path-to-node=\"1\">\n<tbody>\n<tr>\n<td><span data-path-to-node=\"1,1,0,0\">Th\u01b0\u01a1ng hi\u1ec7u<\/span><\/td>\n<td>Sonton<\/td>\n<\/tr>\n<tr>\n<td><span data-path-to-node=\"1,2,0,0\">Xu\u1ea5t x\u1ee9<\/span><\/td>\n<td>Nh\u1eadt B\u1ea3n<\/td>\n<\/tr>\n<tr>\n<td><span data-path-to-node=\"1,3,0,0\">Th\u00e0nh ph\u1ea7n<\/span><\/td>\n<td>D\u1ea7u th\u1ef1c v\u1eadt, \u0111\u01b0\u1eddng, b\u1ed9t \u0111\u1eadu ph\u1ed9ng, s\u1eefa b\u1ed9t t\u00e1ch b\u00e9o, mu\u1ed1i, ch\u1ea5t nh\u0169 h\u00f3a<\/td>\n<\/tr>\n<tr>\n<td><span data-path-to-node=\"1,4,0,0\">H\u1ea1n s\u1eed d\u1ee5ng<\/span><\/td>\n<td><span data-path-to-node=\"1,4,1,0\">12 th\u00e1ng k\u1ec3 t\u1eeb ng\u00e0y s\u1ea3n xu\u1ea5t<\/span><\/td>\n<\/tr>\n<tr>\n<td><span data-path-to-node=\"1,5,0,0\">B\u1ea3o qu\u1ea3n<\/span><\/td>\n<td>N\u01a1i kh\u00f4 r\u00e1o, tho\u00e1ng m\u00e1t, kh\u00f4ng c\u1ea7n b\u1ea3o qu\u1ea3n l\u1ea1nh<\/td>\n<\/tr>\n<tr>\n<td><span data-path-to-node=\"1,6,0,0\">Kh\u1ed1i l\u01b0\u1ee3ng<\/span><\/td>\n<td><span data-path-to-node=\"1,6,1,0\">150g<\/span><\/td>\n<\/tr>\n<\/tbody>\n<\/table>\n<p><span data-path-to-node=\"3,0\">Sonton l\u00e0 m\u1ed9t c\u00e1i t\u00ean kh\u00f4ng c\u00f2n xa l\u1ea1 v\u1edbi l\u1ecbch s\u1eed h\u00ecnh th\u00e0nh l\u00e2u \u0111\u1eddi t\u1eeb n\u0103m 1942, t<\/span><span data-path-to-node=\"3,2\">r\u1ea3i qua h\u01a1n t\u00e1m th\u1eadp k\u1ef7, Sonton \u0111\u00e3 kh\u1eb3ng \u0111\u1ecbnh v\u1ecb th\u1ebf c\u1ee7a m\u00ecnh b\u1eb1ng nh\u1eefng d\u00f2ng m\u1ee9t v\u00e0 kem ph\u1ebft b\u00e1nh m\u00ec ch\u1ea5t l\u01b0\u1ee3ng, tr\u1edf th\u00e0nh m\u1ed9t ph\u1ea7n kh\u00f4ng th\u1ec3 thi\u1ebfu trong t\u1ee7 b\u1ebfp c\u1ee7a h\u00e0ng tri\u1ec7u gia \u0111\u00ecnh x\u1ee9 Ph\u00f9 Tang. Kem Ph\u00f4 Mai Ph\u1ebft B\u00e1nh M\u00ec V\u1ecb \u0110\u1eadu Ph\u1ed9ng (Peanut Whipped Cream) ch\u00ednh l\u00e0 minh ch\u1ee9ng cho s\u1ef1 k\u1ebft h\u1ee3p ho\u00e0n h\u1ea3o gi\u1eefa c\u00f4ng th\u1ee9c truy\u1ec1n th\u1ed1ng v\u00e0 c\u00f4ng ngh\u1ec7 ch\u1ebf bi\u1ebfn hi\u1ec7n \u0111\u1ea1i<\/span><span data-path-to-node=\"3,4\">. \u0110i\u1ec3m \u0111\u1eb7c bi\u1ec7t nh\u1ea5t gi\u00fap d\u00f2ng kem n\u00e0y l\u00e0 \u0111\u1ed9 m\u1ec1m m\u1ecbn v\u00e0 nh\u1eb9 t\u00eanh nh\u01b0 m\u00e2y, mang l\u1ea1i m\u1ed9t tr\u1ea3i nghi\u1ec7m v\u1ecb gi\u00e1c ho\u00e0n to\u00e0n kh\u00e1c bi\u1ec7t so v\u1edbi c\u00e1c lo\u1ea1i b\u01a1 \u0111\u1eadu ph\u1ed9ng th\u00f4ng th\u01b0\u1eddng.<\/span><\/p>\n<p><img fetchpriority=\"high\" decoding=\"async\" class=\"aligncenter wp-image-45399\" src=\"https:\/\/havamall.com\/wp-content\/uploads\/2026\/03\/czMjYXJ0aWNsZSM0MjAxNyMzNDAxNTgjNDIwMTdfSHVoR2piaVNCTy5qcGc.webp\" alt=\"\" width=\"801\" height=\"534\" \/><\/p>\n<p><span data-path-to-node=\"4,0\">B\u00ed quy\u1ebft n\u1eb1m \u1edf k\u1ef9 thu\u1eadt &#8220;Whipped&#8221; \u0111\u1ed9c \u0111\u00e1o, t\u1ea1o n\u00ean m\u1ed9t c\u1ea5u tr\u00fac kem x\u1ed1p m\u1ecbn v\u00e0 c\u1ef1c k\u1ef3 d\u1ec5 ph\u1ebft ngay c\u1ea3 khi v\u1eeba l\u1ea5y t\u1eeb ng\u0103n t\u1ee7 ra<\/span><span data-path-to-node=\"4,2\">. Kh\u00f4ng c\u1ea7n ph\u1ea3i d\u00f9ng l\u1ef1c hay lo l\u1eafng l\u00e0m r\u00e1ch l\u00e1t b\u00e1nh m\u00ec g\u1ed1i m\u1ecfng manh, l\u1edbp kem Sonton s\u1ebd l\u01b0\u1edbt nh\u1eb9 nh\u00e0ng tr\u00ean b\u1ec1 m\u1eb7t b\u00e1nh, bao ph\u1ee7 m\u1ed9t l\u1edbp m\u00e0u n\u00e2u nh\u1ea1t \u00f3ng \u1ea3 v\u00e0 d\u1eady m\u00f9i th\u01a1m n\u1ee9c. V\u1edbi t\u00f4n ch\u1ec9 mang l\u1ea1i s\u1ef1 ti\u1ec7n l\u1ee3i t\u1ed1i \u0111a, c\u00f3 th\u1ec3 b\u1ea3o qu\u1ea3n \u1edf nhi\u1ec7t \u0111\u1ed9 ph\u00f2ng m\u00e0 kh\u00f4ng c\u1ea7n gi\u1eef l\u1ea1nh, gi\u00fap kem lu\u00f4n gi\u1eef \u0111\u01b0\u1ee3c \u0111\u1ed9 m\u1ec1m d\u1ebbo l\u00fd t\u01b0\u1edfng.<\/span><\/p>\n<p><img decoding=\"async\" class=\"aligncenter wp-image-45400\" src=\"https:\/\/havamall.com\/wp-content\/uploads\/2026\/03\/652788049_17965688076011484_7042246187438932748_n.jpg\" alt=\"\" width=\"799\" height=\"799\" \/><\/p>\n<p>V\u1eeba m\u1edf n\u1eafp, m\u1ed9t m\u00f9i th\u01a1m \u0111\u1eadu ph\u1ed9ng rang n\u1ed3ng n\u00e0n, \u1ea5m \u00e1p v\u00e0 ng\u1ecdt ng\u00e0o lan t\u1ecfa, ngay l\u1eadp t\u1ee9c \u0111\u00e1nh th\u1ee9c m\u1ecdi gi\u00e1c quan. Kh\u00f4ng gi\u1ed1ng nh\u01b0 nhi\u1ec1u lo\u1ea1i b\u01a1 \u0111\u1eadu ph\u1ed9ng kh\u00e1c th\u01b0\u1eddng \u0111\u1eb7c qu\u00e1nh v\u00e0 kh\u00f3 qu\u1ebft, kem \u0111\u1eadu ph\u1ed9ng Sonton s\u1edf h\u1eefu m\u1ed9t c\u1ea5u tr\u00fac &#8220;whipped&#8221; \u2013 \u0111\u01b0\u1ee3c \u0111\u00e1nh b\u00f4ng \u2013 t\u1ea1o n\u00ean \u0111\u1ed9 ph\u1ed3ng, x\u1ed1p nh\u1eb9 \u0111\u1ebfn ng\u1ea1c nhi\u00ean. M\u00e0u kem n\u00e2u nh\u1ea1t, m\u1ecbn m\u00e0ng tuy\u1ec7t \u0111\u1ed1i, kh\u00f4ng m\u1ed9t ch\u00fat l\u1ee3n c\u1ee3n.<\/p>\n<p><img decoding=\"async\" class=\"aligncenter wp-image-45401\" src=\"https:\/\/havamall.com\/wp-content\/uploads\/2026\/03\/469389110_491738197251079_5352743005097109958_n.jpg\" alt=\"\" width=\"800\" height=\"800\" \/><\/p>\n<p>\u1ee8ng d\u1ee5ng c\u1ee7a kem \u0111\u1eadu ph\u1ed9ng Sonton kh\u00f4ng ch\u1ec9 gi\u1edbi h\u1ea1n \u1edf l\u00e1t b\u00e1nh m\u00ec g\u1ed1i \u0111\u01a1n thu\u1ea7n. N\u00f3 l\u00e0 ngu\u1ed3n c\u1ea3m h\u1ee9ng cho v\u00f4 v\u00e0n m\u00f3n \u0103n s\u00e1ng v\u00e0 m\u00f3n tr\u00e1ng mi\u1ec7ng s\u00e1ng t\u1ea1o. C\u00f3 th\u1ec3 k\u1ec3 \u0111\u1ebfn m\u00f3n b\u00e1nh m\u00ec sandwich k\u1eb9p kem \u0111\u1eadu ph\u1ed9ng v\u00e0 m\u1ee9t d\u00e2u \u2013 m\u1ed9t s\u1ef1 k\u1ebft h\u1ee3p kinh \u0111i\u1ec3n nh\u01b0ng ch\u01b0a bao gi\u1edd l\u1ed7i th\u1eddi. V\u1ecb b\u00e9o c\u1ee7a \u0111\u1eadu ph\u1ed9ng quy\u1ec7n v\u1edbi v\u1ecb chua ng\u1ecdt c\u1ee7a m\u1ee9t t\u1ea1o n\u00ean m\u1ed9t t\u1ea7ng h\u01b0\u01a1ng v\u1ecb phong ph\u00fa. Hay \u0111\u01a1n gi\u1ea3n h\u01a1n, ph\u1ebft kem l\u00ean b\u00e1nh quy n\u01b0\u1edbng, b\u00e1nh pancake, ho\u1eb7c d\u00f9ng l\u00e0m s\u1ed1t ch\u1ea5m cho c\u00e1c lo\u1ea1i tr\u00e1i c\u00e2y nh\u01b0 chu\u1ed1i, t\u00e1o. \u0110\u1ed9 m\u1ecbn c\u1ee7a kem Sonton c\u0169ng r\u1ea5t l\u00fd t\u01b0\u1edfng \u0111\u1ec3 l\u00e0m nh\u00e2n cho c\u00e1c lo\u1ea1i b\u00e1nh ng\u1ecdt t\u1ef1 l\u00e0m, nh\u01b0 b\u00e1nh su kem hay b\u00e1nh b\u00f4ng lan cu\u1ed9n, mang l\u1ea1i m\u1ed9t h\u01b0\u01a1ng v\u1ecb \u0111\u1eadu ph\u1ed9ng \u0111\u1eadm \u0111\u00e0 v\u00e0 m\u01b0\u1ee3t m\u00e0.<\/p>\n<p><img loading=\"lazy\" decoding=\"async\" class=\"aligncenter\" src=\"https:\/\/havamall.com\/wp-content\/uploads\/2026\/03\/o1080108015517905340.jpg\" width=\"800\" height=\"800\" \/><\/p>\n<p>Kem ph\u1ebft \u0111\u1eadu ph\u1ed9ng Sonton n\u1ed9i \u0111\u1ecba Nh\u1eadt B\u1ea3n \u0111ang \u0111\u01b0\u1ee3c b\u00e0y b\u00e1n ch\u00ednh th\u1ee9c t\u1ea1i Havamall.<\/p>","protected":false},"excerpt":{"rendered":"<p>TH\u00d4NG TIN S\u1ea2N PH\u1ea8M Th\u01b0\u01a1ng hi\u1ec7u Sonton Xu\u1ea5t x\u1ee9 Nh\u1eadt B\u1ea3n Th\u00e0nh ph\u1ea7n D\u1ea7u th\u1ef1c v\u1eadt, \u0111\u01b0\u1eddng, b\u1ed9t \u0111\u1eadu ph\u1ed9ng,<\/p>","protected":false},"featured_media":44727,"comment_status":"open","ping_status":"closed","template":"","meta":[],"product_brand":[],"product_cat":[675,36,143],"product_tag":[],"class_list":{"0":"post-44726","1":"product","2":"type-product","3":"status-publish","4":"has-post-thumbnail","6":"product_cat-nhap-khau-nhat-ban","7":"product_cat-thuc-pham-tieu-dung","8":"product_cat-thuc-pham-dong-hop","10":"first","11":"instock","12":"sale","13":"shipping-taxable","14":"purchasable","15":"product-type-simple"},"_links":{"self":[{"href":"https:\/\/havamall.vn\/en\/wp-json\/wp\/v2\/product\/44726"}],"collection":[{"href":"https:\/\/havamall.vn\/en\/wp-json\/wp\/v2\/product"}],"about":[{"href":"https:\/\/havamall.vn\/en\/wp-json\/wp\/v2\/types\/product"}],"replies":[{"embeddable":true,"href":"https:\/\/havamall.vn\/en\/wp-json\/wp\/v2\/comments?post=44726"}],"version-history":[{"count":0,"href":"https:\/\/havamall.vn\/en\/wp-json\/wp\/v2\/product\/44726\/revisions"}],"wp:featuredmedia":[{"embeddable":true,"href":"https:\/\/havamall.vn\/en\/wp-json\/wp\/v2\/media\/44727"}],"wp:attachment":[{"href":"https:\/\/havamall.vn\/en\/wp-json\/wp\/v2\/media?parent=44726"}],"wp:term":[{"taxonomy":"product_brand","embeddable":true,"href":"https:\/\/havamall.vn\/en\/wp-json\/wp\/v2\/product_brand?post=44726"},{"taxonomy":"product_cat","embeddable":true,"href":"https:\/\/havamall.vn\/en\/wp-json\/wp\/v2\/product_cat?post=44726"},{"taxonomy":"product_tag","embeddable":true,"href":"https:\/\/havamall.vn\/en\/wp-json\/wp\/v2\/product_tag?post=44726"}],"curies":[{"name":"wp","href":"https:\/\/api.w.org\/{rel}","templated":true}]}}