{"id":44721,"date":"2026-03-25T11:26:45","date_gmt":"2026-03-25T04:26:45","guid":{"rendered":"https:\/\/havamall.vn\/?post_type=product&#038;p=44721"},"modified":"2026-03-25T11:26:45","modified_gmt":"2026-03-25T04:26:45","slug":"gel-tha-bon-cau-khu-mui-hinh-hoa-huong-hoa-hong-kobayashi-22-5g-kobayashi-bluelet-decoraru-toilet-gel-pink-rose-fragrance","status":"publish","type":"product","link":"https:\/\/havamall.vn\/en\/shop\/gel-tha-bon-cau-khu-mui-hinh-hoa-huong-hoa-hong-kobayashi-22-5g-kobayashi-bluelet-decoraru-toilet-gel-pink-rose-fragrance\/","title":{"rendered":"Gel Th\u1ea3 B\u1ed3n C\u1ea7u Kh\u1eed M\u00f9i H\u00ecnh Hoa H\u01b0\u01a1ng Hoa H\u1ed3ng Kobayashi 22.5g \u2013 Kobayashi Bluelet Decoraru Toilet Gel Pink Rose Fragrance"},"content":{"rendered":"<h3 data-path-to-node=\"2\">TH\u00d4NG TIN S\u1ea2N PH\u1ea8M<\/h3>\n<div class=\"horizontal-scroll-wrapper\">\n<div class=\"table-block-component\">\n<div class=\"table-block has-export-button new-table-style is-at-scroll-start is-at-scroll-end\">\n<div class=\"table-content not-end-of-paragraph\" data-hveid=\"0\" data-ved=\"0CAAQ3ecQahgKEwjryMWinZSTAxUAAAAAHQAAAAAQigM\">\n<table data-path-to-node=\"1\">\n<tbody>\n<tr>\n<td><span data-path-to-node=\"1,1,0,0\">Th\u01b0\u01a1ng hi\u1ec7u<\/span><\/td>\n<td><span data-path-to-node=\"1,1,1,0\">Kobayashi<\/span><\/td>\n<\/tr>\n<tr>\n<td><span data-path-to-node=\"1,2,0,0\">Xu\u1ea5t x\u1ee9<\/span><\/td>\n<td><span data-path-to-node=\"1,2,1,0\">Nh\u1eadt B\u1ea3n<\/span><\/td>\n<\/tr>\n<tr>\n<td><span data-path-to-node=\"1,3,0,0\">Th\u00e0nh ph\u1ea7n<\/span><\/td>\n<td><span data-path-to-node=\"1,3,1,0\">H\u01b0\u01a1ng li\u1ec7u, ch\u1ea5t ho\u1ea1t \u0111\u1ed9ng b\u1ec1 m\u1eb7t kh\u00f4ng ion, ch\u1ea5t ho\u1ea1t \u0111\u1ed9ng b\u1ec1 m\u1eb7t l\u01b0\u1ee1ng t\u00ednh, ph\u1ea9m m\u00e0u<\/span><\/td>\n<\/tr>\n<tr>\n<td><span data-path-to-node=\"1,4,0,0\">H\u1ea1n s\u1eed d\u1ee5ng<\/span><\/td>\n<td><span data-path-to-node=\"1,4,1,0\">3 n\u0103m k\u1ec3 t\u1eeb ng\u00e0y s\u1ea3n xu\u1ea5t<\/span><\/td>\n<\/tr>\n<tr>\n<td><span data-path-to-node=\"1,5,0,0\">B\u1ea3o qu\u1ea3n<\/span><\/td>\n<td><span data-path-to-node=\"1,5,1,0\">N\u01a1i kh\u00f4 r\u00e1o, tr\u00e1nh \u00e1nh n\u1eafng tr\u1ef1c ti\u1ebfp v\u00e0 nhi\u1ec7t \u0111\u1ed9 cao tr\u00ean 40\u00b0C<\/span><\/td>\n<\/tr>\n<tr>\n<td><span data-path-to-node=\"1,6,0,0\">Kh\u1ed1i l\u01b0\u1ee3ng<\/span><\/td>\n<td><span data-path-to-node=\"1,6,1,0\">22.5g (7.5g x 3 chai h\u00ecnh g\u1ea5u)<\/span><\/td>\n<\/tr>\n<\/tbody>\n<\/table>\n<p data-path-to-node=\"4\">D\u00f2ng s\u1ea3n ph\u1ea9m Bluelet Decoraru kh\u00f4ng \u0111\u01a1n thu\u1ea7n l\u00e0 m\u1ed9t ch\u1ea5t t\u1ea9y r\u1eeda b\u1ed3n c\u1ea7u th\u00f4ng th\u01b0\u1eddng, thay v\u00ec nh\u1eefng kh\u1ed1i t\u1ea9y r\u1eeda th\u00f4 k\u1ec7ch, Kobayashi \u0111\u00e3 bi\u1ebfn h\u00f3a dung d\u1ecbch gel th\u00e0nh nh\u1eefng ch\u00fa g\u1ea5u nh\u1ecf nh\u1eafn, \u0111\u00e1ng y\u00eau. Ch\u1ec9 v\u1edbi m\u1ed9t thao t\u00e1c \u1ea5n nh\u1eb9, nh\u1eefng &#8220;b\u00f4ng hoa gel&#8221; xinh x\u1eafn s\u1ebd hi\u1ec7n ra tr\u00ean b\u1ec1 m\u1eb7t s\u1ee9, v\u1eeba c\u00f3 t\u00e1c d\u1ee5ng kh\u1eed m\u00f9i, v\u1eeba \u0111\u00f3ng vai tr\u00f2 nh\u01b0 m\u1ed9t m\u00f3n \u0111\u1ed3 trang tr\u00ed th\u00fa v\u1ecb cho b\u1ed3n c\u1ea7u nh\u00e0 b\u1ea1n.<\/p>\n<p><img fetchpriority=\"high\" decoding=\"async\" class=\"aligncenter  wp-image-45391\" src=\"https:\/\/havamall.com\/wp-content\/uploads\/2026\/03\/file.jpg\" alt=\"\" width=\"800\" height=\"800\" \/><\/p>\n<p data-path-to-node=\"6\">S\u1ee9c m\u1ea1nh c\u1ee7a Bluelet Decoraru n\u1eb1m \u1edf s\u1ef1 k\u1ebft h\u1ee3p gi\u1eefa c\u00e1c ho\u1ea1t ch\u1ea5t b\u1ec1 m\u1eb7t ti\u00ean ti\u1ebfn. M\u1ed7i khi d\u00f2ng n\u01b0\u1edbc ch\u1ea3y qua b\u00f4ng hoa gel, c\u00e1c th\u00e0nh ph\u1ea7n l\u00e0m s\u1ea1ch s\u1ebd \u0111\u01b0\u1ee3c k\u00edch ho\u1ea1t, t\u1ea1o ra m\u1ed9t l\u1edbp m\u00e0ng m\u1ecfng bao ph\u1ee7 b\u1ec1 m\u1eb7t b\u1ed3n c\u1ea7u. L\u1edbp m\u00e0ng n\u00e0y kh\u00f4ng ch\u1ec9 gi\u00fap \u0111\u00e1nh bay c\u00e1c v\u1ebft b\u1ea9n c\u1ee9ng \u0111\u1ea7u m\u00e0 c\u00f2n ng\u0103n ch\u1eb7n s\u1ef1 h\u00ecnh th\u00e0nh c\u1ee7a m\u1ea3ng b\u00e1m v\u00e0 vi khu\u1ea9n, gi\u00fap b\u1ed3n c\u1ea7u lu\u00f4n gi\u1eef \u0111\u01b0\u1ee3c \u0111\u1ed9 s\u00e1ng b\u00f3ng nh\u01b0 m\u1edbi m\u00e0 kh\u00f4ng c\u1ea7n b\u1ea1n ph\u1ea3i c\u1ecd r\u1eeda qu\u00e1 th\u01b0\u1eddng xuy\u00ean.<\/p>\n<p data-path-to-node=\"6\"><img decoding=\"async\" class=\"aligncenter  wp-image-45392\" src=\"https:\/\/havamall.com\/wp-content\/uploads\/2026\/03\/H871d403667d2462595aa836316f0431dm.jpg\" alt=\"\" width=\"800\" height=\"545\" \/><\/p>\n<p data-path-to-node=\"7\">\u0110\u1eb7c bi\u1ec7t, h\u01b0\u01a1ng hoa h\u1ed3ng (Pink Rose) trong s\u1ea3n ph\u1ea9m \u0111\u01b0\u1ee3c tinh ch\u1ebf theo ti\u00eau chu\u1ea9n n\u01b0\u1edbc hoa cao c\u1ea5p c\u1ee7a Nh\u1eadt B\u1ea3n. Kh\u00f4ng n\u1ed3ng g\u1eaft hay \u0111\u1eadm m\u00f9i h\u00f3a ch\u1ea5t, h\u01b0\u01a1ng hoa h\u1ed3ng c\u1ee7a Kobayashi mang \u0111\u1ebfn s\u1ef1 d\u1ecbu d\u00e0ng, sang tr\u1ecdng v\u00e0 t\u01b0\u01a1i m\u00e1t. M\u1ed7i l\u1ea7n x\u1ea3 n\u01b0\u1edbc, h\u01b0\u01a1ng th\u01a1m s\u1ebd \u0111\u01b0\u1ee3c lan t\u1ecfa nh\u1eb9 nh\u00e0ng trong kh\u00f4ng kh\u00ed, gi\u00fap lo\u1ea1i b\u1ecf ho\u00e0n to\u00e0n nh\u1eefng m\u00f9i h\u00f4i kh\u00f3 ch\u1ecbu, mang l\u1ea1i c\u1ea3m gi\u00e1c th\u01b0 th\u00e1i nh\u01b0 \u0111ang b\u01b0\u1edbc v\u00e0o m\u1ed9t khu v\u01b0\u1eddn hoa h\u1ed3ng r\u1ef1c r\u1ee1 sau c\u01a1n m\u01b0a. M\u1ed9t b\u00f4ng hoa gel c\u00f3 th\u1ec3 duy tr\u00ec hi\u1ec7u qu\u1ea3 trong kho\u1ea3ng 10 ng\u00e0y t\u00f9y v\u00e0o t\u1ea7n su\u1ea5t s\u1eed d\u1ee5ng, gi\u00fap kh\u00f4ng gian nh\u00e0 v\u1ec7 sinh lu\u00f4n trong tr\u1ea1ng th\u00e1i th\u01a1m m\u00e1t su\u1ed1t c\u1ea3 th\u00e1ng d\u00e0i.<\/p>\n<p data-path-to-node=\"7\"><img decoding=\"async\" class=\"aligncenter  wp-image-45393\" src=\"https:\/\/havamall.com\/wp-content\/uploads\/2026\/03\/22009609bb85891bd52f04a9fd129978.jpg\" alt=\"\" width=\"799\" height=\"632\" \/><\/p>\n<p data-path-to-node=\"8\"><span style=\"font-size: 14pt\"><strong>H\u01af\u1edaNG D\u1eaaN S\u1eec D\u1ee4NG V\u00c0 NH\u1eeeNG L\u01afU \u00dd \u0110\u1ec2 \u0110\u1ea0T HI\u1ec6U QU\u1ea2 T\u1ed0I \u01afU<\/strong><\/span><\/p>\n<p data-path-to-node=\"9\">\u0110\u1ec3 nh\u1eefng b\u00f4ng hoa gel ph\u00e1t huy h\u1ebft c\u00f4ng n\u0103ng v\u00e0 c\u00f3 h\u00ecnh d\u00e1ng \u0111\u1eb9p nh\u1ea5t, ng\u01b0\u1eddi n\u1ed9i tr\u1ee3 c\u1ea7n n\u1eafm v\u1eefng m\u1ed9t v\u00e0i b\u00ed quy\u1ebft nh\u1ecf. Tr\u01b0\u1edbc khi s\u1eed d\u1ee5ng, h\u00e3y \u0111\u1ea3m b\u1ea3o b\u1ec1 m\u1eb7t b\u1ed3n c\u1ea7u \u0111\u00e3 \u0111\u01b0\u1ee3c v\u1ec7 sinh s\u1ea1ch s\u1ebd v\u00e0 kh\u00f4 r\u00e1o \u0111\u1ec3 gel c\u00f3 \u0111\u1ed9 b\u00e1m d\u00ednh t\u1ed1t nh\u1ea5t. B\u1ea1n ch\u1ec9 c\u1ea7n m\u1edf n\u1eafp chai h\u00ecnh g\u1ea5u, \u1ea5n m\u1ea1nh \u0111\u1ea7u chai v\u00e0o b\u1ec1 m\u1eb7t s\u1ee9 ph\u1eb3ng \u1edf ph\u00eda tr\u00ean l\u1ed7 tho\u00e1t n\u01b0\u1edbc, sau \u0111\u00f3 b\u00f3p nh\u1eb9 th\u00e2n chai \u0111\u1ec3 t\u1ea1o ra m\u1ed9t b\u00f4ng hoa gel. M\u1ed7i chai g\u1ea5u 7.5g c\u00f3 th\u1ec3 t\u1ea1o ra \u0111\u01b0\u1ee3c hai b\u00f4ng hoa \u1edf hai ph\u00eda \u0111\u1ed1i di\u1ec7n nhau, gi\u00fap h\u01b0\u01a1ng th\u01a1m v\u00e0 ch\u1ea5t l\u00e0m s\u1ea1ch lan t\u1ecfa \u0111\u1ec1u kh\u1eafp l\u00f2ng b\u1ed3n c\u1ea7u.<\/p>\n<p data-path-to-node=\"9\"><img loading=\"lazy\" decoding=\"async\" class=\"aligncenter  wp-image-45394\" src=\"https:\/\/havamall.com\/wp-content\/uploads\/2026\/03\/ce6937d4-fa38-478c-9c32-64f9fbb892e7.webp\" alt=\"\" width=\"800\" height=\"854\" \/><\/p>\n<p data-path-to-node=\"13\">Gel Th\u1ea3 B\u1ed3n C\u1ea7u Kh\u1eed M\u00f9i H\u00ecnh Hoa H\u01b0\u01a1ng Hoa H\u1ed3ng Kobayashi \u0111ang \u0111\u01b0\u1ee3c b\u00e1n ch\u00ednh th\u1ee9c t\u1ea1i c\u1eeda h\u00e0ng v\u00e0 c\u00e1c s\u00e0n th\u01b0\u01a1ng m\u1ea1i c\u1ee7a Havamall.<\/p>\n<\/div>\n<\/div>\n<\/div>\n<\/div>","protected":false},"excerpt":{"rendered":"<p>TH\u00d4NG TIN S\u1ea2N PH\u1ea8M Th\u01b0\u01a1ng hi\u1ec7u Kobayashi Xu\u1ea5t x\u1ee9 Nh\u1eadt B\u1ea3n Th\u00e0nh ph\u1ea7n H\u01b0\u01a1ng li\u1ec7u, ch\u1ea5t ho\u1ea1t \u0111\u1ed9ng b\u1ec1 m\u1eb7t<\/p>","protected":false},"featured_media":44722,"comment_status":"open","ping_status":"closed","template":"","meta":[],"product_brand":[],"product_cat":[675,35],"product_tag":[],"class_list":{"0":"post-44721","1":"product","2":"type-product","3":"status-publish","4":"has-post-thumbnail","6":"product_cat-nhap-khau-nhat-ban","7":"product_cat-nha-cua-doi-song","9":"first","10":"instock","11":"sale","12":"shipping-taxable","13":"purchasable","14":"product-type-simple"},"_links":{"self":[{"href":"https:\/\/havamall.vn\/en\/wp-json\/wp\/v2\/product\/44721"}],"collection":[{"href":"https:\/\/havamall.vn\/en\/wp-json\/wp\/v2\/product"}],"about":[{"href":"https:\/\/havamall.vn\/en\/wp-json\/wp\/v2\/types\/product"}],"replies":[{"embeddable":true,"href":"https:\/\/havamall.vn\/en\/wp-json\/wp\/v2\/comments?post=44721"}],"version-history":[{"count":0,"href":"https:\/\/havamall.vn\/en\/wp-json\/wp\/v2\/product\/44721\/revisions"}],"wp:featuredmedia":[{"embeddable":true,"href":"https:\/\/havamall.vn\/en\/wp-json\/wp\/v2\/media\/44722"}],"wp:attachment":[{"href":"https:\/\/havamall.vn\/en\/wp-json\/wp\/v2\/media?parent=44721"}],"wp:term":[{"taxonomy":"product_brand","embeddable":true,"href":"https:\/\/havamall.vn\/en\/wp-json\/wp\/v2\/product_brand?post=44721"},{"taxonomy":"product_cat","embeddable":true,"href":"https:\/\/havamall.vn\/en\/wp-json\/wp\/v2\/product_cat?post=44721"},{"taxonomy":"product_tag","embeddable":true,"href":"https:\/\/havamall.vn\/en\/wp-json\/wp\/v2\/product_tag?post=44721"}],"curies":[{"name":"wp","href":"https:\/\/api.w.org\/{rel}","templated":true}]}}