{"id":44716,"date":"2026-03-24T10:09:20","date_gmt":"2026-03-24T03:09:20","guid":{"rendered":"https:\/\/havamall.vn\/?post_type=product&#038;p=44716"},"modified":"2026-03-24T10:09:25","modified_gmt":"2026-03-24T03:09:25","slug":"thach-konnyaku-trang-nhat-ban-yokoo-daily-foods-250g-yokoo-daily-foods-konnyaku-block-white","status":"publish","type":"product","link":"https:\/\/havamall.vn\/en\/shop\/thach-konnyaku-trang-nhat-ban-yokoo-daily-foods-250g-yokoo-daily-foods-konnyaku-block-white\/","title":{"rendered":"Th\u1ea1ch Konnyaku Tr\u1eafng Nh\u1eadt B\u1ea3n Yokoo Daily Foods 250g \u2013 Yokoo Daily Foods Konnyaku Block White"},"content":{"rendered":"<h3 data-path-to-node=\"2\">TH\u00d4NG TIN S\u1ea2N PH\u1ea8M<\/h3>\n<div class=\"horizontal-scroll-wrapper\">\n<div class=\"table-block-component\">\n<div class=\"table-block has-export-button new-table-style is-at-scroll-start is-at-scroll-end\">\n<div class=\"table-content not-end-of-paragraph\" data-hveid=\"0\" data-ved=\"0CAAQ3ecQahgKEwjryMWinZSTAxUAAAAAHQAAAAAQigM\">\n<table style=\"width: 63%;height: 170px\" data-path-to-node=\"1\">\n<tbody>\n<tr>\n<td><span data-path-to-node=\"1,1,0,0\">Th\u01b0\u01a1ng hi\u1ec7u<\/span><\/td>\n<td><span data-path-to-node=\"1,1,1,0\">Yokoo Daily Foods<\/span><\/td>\n<\/tr>\n<tr>\n<td><span data-path-to-node=\"1,2,0,0\">Xu\u1ea5t x\u1ee9<\/span><\/td>\n<td><span data-path-to-node=\"1,2,1,0\">Nh\u1eadt B\u1ea3n (T\u1ec9nh Gunma)<\/span><\/td>\n<\/tr>\n<tr>\n<td><span data-path-to-node=\"1,3,0,0\">Th\u00e0nh ph\u1ea7n<\/span><\/td>\n<td><span data-path-to-node=\"1,3,1,0\">B\u1ed9t khoai n\u01b0a (konnyaku) t\u1eeb Gunma, ch\u1ea5t \u1ed5n \u0111\u1ecbnh \u0111\u1ed9 chua (Canxi hydroxit)<\/span><\/td>\n<\/tr>\n<tr>\n<td><span data-path-to-node=\"1,4,0,0\">H\u1ea1n s\u1eed d\u1ee5ng<\/span><\/td>\n<td><span data-path-to-node=\"1,4,1,0\">Xem tr\u00ean bao b\u00ec s\u1ea3n ph\u1ea9m<\/span><\/td>\n<\/tr>\n<tr>\n<td><span data-path-to-node=\"1,5,0,0\">B\u1ea3o qu\u1ea3n<\/span><\/td>\n<td><span data-path-to-node=\"1,5,1,0\">N\u01a1i kh\u00f4 r\u00e1o, tr\u00e1nh \u00e1nh n\u1eafng. Sau khi m\u1edf bao n\u00ean b\u1ea3o qu\u1ea3n l\u1ea1nh (5\u00b0C \u2013 10\u00b0C) v\u00e0 d\u00f9ng s\u1edbm<\/span><\/td>\n<\/tr>\n<tr>\n<td><span data-path-to-node=\"1,6,0,0\">Kh\u1ed1i l\u01b0\u1ee3ng<\/span><\/td>\n<td><span data-path-to-node=\"1,6,1,0\">250g<\/span><\/td>\n<\/tr>\n<\/tbody>\n<\/table>\n<p>V\u1edbi \u0111i\u1ec1u ki\u1ec7n th\u1ed5 nh\u01b0\u1ee1ng v\u00e0 kh\u00ed h\u1eadu \u0111\u1eb7c th\u00f9, Gunma cung c\u1ea5p \u0111\u1ebfn h\u01a1n 90% s\u1ea3n l\u01b0\u1ee3ng khoai n\u01b0a cho to\u00e0n n\u01b0\u1edbc Nh\u1eadt. Trong d\u00f2ng ch\u1ea3y v\u0103n h\u00f3a \u1ea9m th\u1ef1c x\u1ee9 Ph\u00f9 Tang, Konnyaku kh\u00f4ng ch\u1ec9 l\u00e0 m\u1ed9t lo\u1ea1i th\u1ef1c ph\u1ea9m, m\u00e0 l\u00e0 bi\u1ec3u t\u01b0\u1ee3ng c\u1ee7a s\u1ef1 thanh tao v\u00e0 l\u1ed1i s\u1ed1ng l\u00e0nh m\u1ea1nh \u0111\u00e3 t\u1ed3n t\u1ea1i h\u01a1n 1500 n\u0103m, mang \u0111\u1ebfn m\u1ed9t nguy\u00ean li\u1ec7u &#8220;v\u00e0ng&#8221; cho nh\u1eefng ai \u0111ang theo \u0111u\u1ed5i ch\u1ebf \u0111\u1ed9 \u0103n u\u1ed1ng c\u00e2n b\u1eb1ng.<\/p>\n<p><img fetchpriority=\"high\" decoding=\"async\" class=\"aligncenter  wp-image-45374\" src=\"https:\/\/havamall.com\/wp-content\/uploads\/2026\/03\/2857702.jpg\" alt=\"\" width=\"800\" height=\"534\" \/><\/p>\n<p>Nh\u1eefng c\u1ee7 khoai n\u01b0a t\u1ed1t nh\u1ea5t \u0111\u01b0\u1ee3c xay th\u00e0nh b\u1ed9t m\u1ecbn, sau \u0111\u00f3 \u0111\u01b0\u1ee3c nh\u00e0o tr\u1ed9n v\u00e0 \u0111\u1ecbnh h\u00ecnh th\u00e0nh nh\u1eefng mi\u1ebfng th\u1ea1ch tr\u1eafng trong, tinh khi\u1ebft. Konnyaku mi\u1ebfng tr\u1eafng (Ita-konnyaku) s\u1edf h\u1eefu m\u1ed9t k\u1ebft c\u1ea5u c\u1ef1c k\u1ef3 \u0111\u1eb7c bi\u1ec7t: dai m\u1ec1m, s\u1ea7n s\u1eadt v\u00e0 ho\u00e0n to\u00e0n kh\u00f4ng c\u00f3 m\u00f9i v\u1ecb n\u1ed3ng g\u1eaft, cho ph\u00e9p n\u00f3 th\u1ea9m th\u1ea5u tr\u1ecdn v\u1eb9n h\u01b0\u01a1ng v\u1ecb c\u1ee7a c\u00e1c lo\u1ea1i gia v\u1ecb v\u00e0 n\u01b0\u1edbc d\u00f9ng khi ch\u1ebf bi\u1ebfn.<\/p>\n<p><img decoding=\"async\" class=\"aligncenter  wp-image-45375\" src=\"https:\/\/havamall.com\/wp-content\/uploads\/2026\/03\/spicy_konnyaku_hu142d34a942bfc903952f71e6fcb3e202_118436_1200x1800_resize_q75_lanczos.jpg\" alt=\"\" width=\"800\" height=\"800\" \/><\/p>\n<p>Konnyaku \u0111\u01b0\u1ee3c m\u1ec7nh danh l\u00e0 &#8220;c\u00e1i ch\u1ed5i c\u1ee7a d\u1ea1 d\u00e0y&#8221;, \u0111\u1eb7c t\u00ednh k\u1ef3 di\u1ec7u nh\u1ea5t n\u1eb1m \u1edf h\u00e0m l\u01b0\u1ee3ng Calo c\u1ef1c th\u1ea5p \u2013 ch\u1ec9 kho\u1ea3ng 4 kcal tr\u00ean m\u1ed7i 100g, g\u1ea7n nh\u01b0 b\u1eb1ng kh\u00f4ng. Th\u00e0nh ph\u1ea7n ch\u00ednh c\u1ee7a Konnyaku l\u00e0 Glucomannan, m\u1ed9t lo\u1ea1i ch\u1ea5t x\u01a1 h\u00f2a tan c\u00f3 kh\u1ea3 n\u0103ng h\u1ea5p th\u1ee5 n\u01b0\u1edbc m\u1ea1nh m\u1ebd, gi\u00fap t\u1ea1o c\u1ea3m gi\u00e1c no l\u00e2u, h\u1ed7 tr\u1ee3 ki\u1ec3m so\u00e1t c\u01a1n th\u00e8m \u0103n m\u1ed9t c\u00e1ch t\u1ef1 nhi\u00ean m\u00e0 kh\u00f4ng g\u00e2y m\u1ec7t m\u1ecfi.<\/p>\n<p>Kh\u00f4ng ch\u1ec9 d\u1eebng l\u1ea1i \u1edf vi\u1ec7c h\u1ed7 tr\u1ee3 gi\u1ea3m c\u00e2n, ch\u1ea5t x\u01a1 trong Konnyaku c\u00f2n \u0111\u00f3ng vai tr\u00f2 quan tr\u1ecdng trong vi\u1ec7c l\u00e0m s\u1ea1ch \u0111\u01b0\u1eddng ru\u1ed9t, h\u1ed7 tr\u1ee3 \u0111\u00e0o th\u1ea3i \u0111\u1ed9c t\u1ed1 v\u00e0 c\u1ea3i thi\u1ec7n h\u1ec7 vi sinh v\u1eadt c\u00f3 l\u1ee3i. V\u1edbi nh\u1eefng ng\u01b0\u1eddi \u0111ang quan t\u00e2m \u0111\u1ebfn ch\u1ec9 s\u1ed1 \u0111\u01b0\u1eddng huy\u1ebft hay m\u1ee1 m\u00e1u, Konnyaku l\u00e0 m\u1ed9t s\u1ef1 thay th\u1ebf ho\u00e0n h\u1ea3o cho c\u00e1c lo\u1ea1i tinh b\u1ed9t n\u1eb7ng, gi\u00fap b\u1eefa \u0103n tr\u1edf n\u00ean nh\u1eb9 nh\u00e0ng.<\/p>\n<p><img decoding=\"async\" class=\"aligncenter\" src=\"https:\/\/havamall.com\/wp-content\/uploads\/2026\/03\/Weightloss1sydney-vegetarian-cookingclass-vegan-glutenfree-cookingschool.jpg\" alt=\"Konnyaku Carpaccio | Cooking with Yoshiko\" width=\"801\" height=\"534\" \/><\/p>\n<p data-path-to-node=\"9\">\u0110\u1ec3 m\u00f3n \u0103n \u0111\u1ea1t \u0111\u1ed9 ngon nh\u1ea5t, m\u1ed9t m\u1eb9o nh\u1ecf t\u1eeb c\u00e1c \u0111\u1ea7u b\u1ebfp Nh\u1eadt l\u00e0 h\u00e3y ch\u1ea7n s\u01a1 mi\u1ebfng th\u1ea1ch qua n\u01b0\u1edbc s\u00f4i \u0111\u1ec3 lo\u1ea1i b\u1ecf ho\u00e0n to\u00e0n m\u00f9i \u0111\u1eb7c tr\u01b0ng c\u1ee7a khoai n\u01b0a v\u00e0 gi\u00fap k\u1ebft c\u1ea5u th\u1ea1ch tr\u1edf n\u00ean s\u0103n ch\u1eafc h\u01a1n. Sau \u0111\u00f3, b\u1ea1n c\u00f3 th\u1ec3 th\u00e1i mi\u1ebfng v\u1eeba \u0103n \u0111\u1ec3 cho v\u00e0o c\u00e1c m\u00f3n l\u1ea9u Oden nghi ng\u00fat kh\u00f3i, hay th\u00e1i s\u1ee3i \u0111\u1ec3 x\u00e0o c\u00f9ng rau c\u1ee7 v\u00e0 th\u1ecbt b\u00f2.<\/p>\n<p><img loading=\"lazy\" decoding=\"async\" class=\"wp-image-45376\" src=\"https:\/\/havamall.com\/wp-content\/uploads\/2026\/03\/FA5A2371-824E-435F-A7ED-F8775FB4A8CD-975x1300-1.jpg\" alt=\"\" width=\"801\" height=\"1068\" \/><\/p>\n<p data-path-to-node=\"10\">\u0110\u1ed1i v\u1edbi nh\u1eefng t\u00edn \u0111\u1ed3 c\u1ee7a m\u00f3n kho, Konnyaku l\u00e0 m\u1ed9t th\u00e0nh ph\u1ea7n kh\u00f4ng th\u1ec3 thi\u1ebfu. Kh\u1ea3 n\u0103ng h\u1ea5p th\u1ee5 n\u01b0\u1edbc s\u1ed1t c\u1ee7a n\u00f3 gi\u00fap m\u1ed7i mi\u1ebfng th\u1ea1ch tr\u1edf n\u00ean \u0111\u1eadm \u0111\u00e0, m\u1ecdng n\u01b0\u1edbc, t\u1ea1o n\u00ean s\u1ef1 t\u01b0\u01a1ng ph\u1ea3n th\u00fa v\u1ecb v\u1edbi \u0111\u1ed9 gi\u00f2n s\u1ea7n s\u1eadt \u0111\u1eb7c tr\u01b0ng. Trong nh\u1eefng ng\u00e0y h\u00e8 oi \u1ea3, b\u1ea1n th\u1eadm ch\u00ed c\u00f3 th\u1ec3 th\u00e1i m\u1ecfng Konnyaku \u0111\u1ec3 d\u00f9ng k\u00e8m v\u1edbi n\u01b0\u1edbc ch\u1ea5m m\u00e8 rang nh\u01b0 m\u1ed9t m\u00f3n Sashimi chay thanh m\u00e1t.<\/p>\n<p data-path-to-node=\"10\"><img loading=\"lazy\" decoding=\"async\" class=\"aligncenter\" src=\"https:\/\/havamall.com\/wp-content\/uploads\/2026\/03\/big_n20220307l3gfyg114644619723.jpg\" alt=\"Handmade Sashimi Konjac\uff5cIbaraki|Unique texture and flavor that only  handmade can achieve\uff5ceats.jp\" width=\"801\" height=\"532\" \/><\/p>\n<p data-path-to-node=\"10\">Th\u1ea1ch Konnyaku Mi\u1ebfng Tr\u1eafng Nh\u1eadt B\u1ea3n Yokoo Daily Foods ch\u00ednh l\u00e0 ng\u01b0\u1eddi b\u1ea1n \u0111\u1ed3ng h\u00e0nh l\u00fd t\u01b0\u1edfng cho m\u1ed9t c\u01a1 th\u1ec3 nh\u1eb9 nh\u00e0ng v\u00e0 tr\u00e0n \u0111\u1ea7y n\u0103ng l\u01b0\u1ee3ng, s\u1ea3n ph\u1ea9m \u0111ang \u0111\u01b0\u1ee3c ph\u00e2n ph\u1ed1i ch\u00ednh th\u1ee9c t\u1ea1i Havamall chuy\u00ean nh\u1eadp kh\u1ea9u c\u00e1c d\u00f2ng th\u1ef1c ph\u1ea9m n\u1ed9i \u0111\u1ecba cao c\u1ea5p.<\/p>\n<\/div>\n<\/div>\n<\/div>\n<\/div>","protected":false},"excerpt":{"rendered":"<p>TH\u00d4NG TIN S\u1ea2N PH\u1ea8M Th\u01b0\u01a1ng hi\u1ec7u Yokoo Daily Foods Xu\u1ea5t x\u1ee9 Nh\u1eadt B\u1ea3n (T\u1ec9nh Gunma) Th\u00e0nh ph\u1ea7n B\u1ed9t khoai n\u01b0a<\/p>","protected":false},"featured_media":44717,"comment_status":"open","ping_status":"closed","template":"","meta":[],"product_brand":[],"product_cat":[675,496],"product_tag":[],"class_list":{"0":"post-44716","1":"product","2":"type-product","3":"status-publish","4":"has-post-thumbnail","6":"product_cat-nhap-khau-nhat-ban","7":"product_cat-thuc-pham-thuan-chay","9":"first","10":"instock","11":"sale","12":"shipping-taxable","13":"purchasable","14":"product-type-simple"},"_links":{"self":[{"href":"https:\/\/havamall.vn\/en\/wp-json\/wp\/v2\/product\/44716"}],"collection":[{"href":"https:\/\/havamall.vn\/en\/wp-json\/wp\/v2\/product"}],"about":[{"href":"https:\/\/havamall.vn\/en\/wp-json\/wp\/v2\/types\/product"}],"replies":[{"embeddable":true,"href":"https:\/\/havamall.vn\/en\/wp-json\/wp\/v2\/comments?post=44716"}],"version-history":[{"count":0,"href":"https:\/\/havamall.vn\/en\/wp-json\/wp\/v2\/product\/44716\/revisions"}],"wp:featuredmedia":[{"embeddable":true,"href":"https:\/\/havamall.vn\/en\/wp-json\/wp\/v2\/media\/44717"}],"wp:attachment":[{"href":"https:\/\/havamall.vn\/en\/wp-json\/wp\/v2\/media?parent=44716"}],"wp:term":[{"taxonomy":"product_brand","embeddable":true,"href":"https:\/\/havamall.vn\/en\/wp-json\/wp\/v2\/product_brand?post=44716"},{"taxonomy":"product_cat","embeddable":true,"href":"https:\/\/havamall.vn\/en\/wp-json\/wp\/v2\/product_cat?post=44716"},{"taxonomy":"product_tag","embeddable":true,"href":"https:\/\/havamall.vn\/en\/wp-json\/wp\/v2\/product_tag?post=44716"}],"curies":[{"name":"wp","href":"https:\/\/api.w.org\/{rel}","templated":true}]}}