{"id":44711,"date":"2026-03-23T16:29:32","date_gmt":"2026-03-23T09:29:32","guid":{"rendered":"https:\/\/havamall.vn\/?post_type=product&#038;p=44711"},"modified":"2026-03-23T16:35:34","modified_gmt":"2026-03-23T09:35:34","slug":"banh-xop-ong-ca-phe-trang-deka-jumbo-140g-deka-jumbo-wafer-roll-white-coffee","status":"publish","type":"product","link":"https:\/\/havamall.vn\/en\/shop\/banh-xop-ong-ca-phe-trang-deka-jumbo-140g-deka-jumbo-wafer-roll-white-coffee\/","title":{"rendered":"B\u00e1nh X\u1ed1p \u1ed0ng C\u00e0 Ph\u00ea Tr\u1eafng Deka Jumbo 140g \u2013 Deka Jumbo Wafer Roll White Coffee"},"content":{"rendered":"<h3 data-path-to-node=\"2\">TH\u00d4NG TIN S\u1ea2N PH\u1ea8M<\/h3>\n<div class=\"horizontal-scroll-wrapper\">\n<div class=\"table-block-component\">\n<div class=\"table-block has-export-button new-table-style is-at-scroll-start is-at-scroll-end\">\n<div class=\"table-content not-end-of-paragraph\" data-hveid=\"0\" data-ved=\"0CAAQ3ecQahgKEwjryMWinZSTAxUAAAAAHQAAAAAQigM\">\n<table style=\"width: 85.1142%;height: 199px\" data-path-to-node=\"1\">\n<tbody>\n<tr>\n<td style=\"width: 11.5696%\"><span data-path-to-node=\"1,1,0,0\">Th\u01b0\u01a1ng hi\u1ec7u<\/span><\/td>\n<td style=\"width: 87.8408%\"><span data-path-to-node=\"1,1,1,0\">Deka (Dua Kelinci)<\/span><\/td>\n<\/tr>\n<tr>\n<td style=\"width: 11.5696%\"><span data-path-to-node=\"1,2,0,0\">Xu\u1ea5t x\u1ee9<\/span><\/td>\n<td style=\"width: 87.8408%\"><span data-path-to-node=\"1,2,1,0\">Indonesia<\/span><\/td>\n<\/tr>\n<tr>\n<td style=\"width: 11.5696%\"><span data-path-to-node=\"1,3,0,0\">Th\u00e0nh ph\u1ea7n<\/span><\/td>\n<td style=\"width: 87.8408%\"><span data-path-to-node=\"1,3,1,0\">B\u1ed9t m\u00ec (34,242%), \u0111\u01b0\u1eddng, ch\u1ea5t b\u00e9o th\u1ef1c v\u1eadt, maltodextrin, b\u1ed9t whey, tinh b\u1ed9t ng\u00f4, ch\u1ea5t nh\u0169 h\u00f3a lecithin \u0111\u1eadu n\u00e0nh, b\u1ed9t c\u00e0 ph\u00ea (0,25%), mu\u1ed1i, h\u01b0\u01a1ng li\u1ec7u t\u1ed5ng h\u1ee3p (c\u00e0 ph\u00ea tr\u1eafng, vanilla), b\u1ed9t cacao<\/span><\/td>\n<\/tr>\n<tr>\n<td style=\"width: 11.5696%\"><span data-path-to-node=\"1,4,0,0\">H\u1ea1n s\u1eed d\u1ee5ng<\/span><\/td>\n<td style=\"width: 87.8408%\"><span data-path-to-node=\"1,4,1,0\">12 th\u00e1ng k\u1ec3 t\u1eeb ng\u00e0y s\u1ea3n xu\u1ea5t<\/span><\/td>\n<\/tr>\n<tr>\n<td style=\"width: 11.5696%\"><span data-path-to-node=\"1,5,0,0\">B\u1ea3o qu\u1ea3n<\/span><\/td>\n<td style=\"width: 87.8408%\"><span data-path-to-node=\"1,5,1,0\">B\u1ea3o qu\u1ea3n n\u01a1i kh\u00f4 r\u00e1o, tho\u00e1ng m\u00e1t, tr\u00e1nh \u00e1nh n\u1eafng tr\u1ef1c ti\u1ebfp<\/span><\/td>\n<\/tr>\n<tr>\n<td style=\"width: 11.5696%\"><span data-path-to-node=\"1,6,0,0\">Kh\u1ed1i l\u01b0\u1ee3ng<\/span><\/td>\n<td style=\"width: 87.8408%\"><span data-path-to-node=\"1,6,1,0\">140g (10 c\u00e2y x 14g)<\/span><\/td>\n<\/tr>\n<\/tbody>\n<\/table>\n<p>H\u01b0\u01a1ng v\u1ecb White Coffee (C\u00e0 ph\u00ea tr\u1eafng) c\u1ee7a Deka kh\u00f4ng ch\u1ec9 l\u00e0 m\u1ed9t l\u1ef1a ch\u1ecdn ng\u1eabu nhi\u00ean b\u1edfi v\u00ec c\u00e0 ph\u00ea tr\u1eafng v\u1ed1n l\u00e0 m\u1ed9t n\u00e9t v\u0103n h\u00f3a th\u01b0\u1edfng th\u1ee9c \u0111\u1ed9c \u0111\u00e1o, n\u1ed5i ti\u1ebfng v\u1edbi c\u00e1ch rang h\u1ea1t c\u00e0 ph\u00ea nh\u1eb9 nh\u00e0ng h\u01a1n so v\u1edbi ki\u1ec3u rang \u0111\u1eadm truy\u1ec1n th\u1ed1ng, gi\u00fap gi\u1eef l\u1ea1i \u0111\u1ed9 b\u00e9o ng\u1eady \u0111\u1eb7c tr\u01b0ng v\u00e0 gi\u1ea3m b\u1edbt v\u1ecb \u0111\u1eafng g\u1eaft. Deka \u0111\u00e3 kh\u00e9o l\u00e9o \u0111\u01b0a tinh th\u1ea7n \u0111\u00f3 v\u00e0o trong l\u1edbp nh\u00e2n kem m\u01b0\u1ee3t m\u00e0, t\u1ea1o n\u00ean m\u1ed9t s\u1ef1 giao thoa ho\u00e0n h\u1ea3o gi\u1eefa v\u1ecb \u0111\u1eafng nh\u1eb9 c\u1ee7a c\u00e0 ph\u00ea v\u00e0 s\u1ef1 ng\u1ecdt thanh c\u1ee7a s\u1eefa, \u0111\u00e1nh th\u1ee9c m\u1ecdi gi\u00e1c quan ngay t\u1eeb l\u1ea7n ch\u1ea1m \u0111\u1ea7u ti\u00ean.<\/p>\n<p><img fetchpriority=\"high\" decoding=\"async\" class=\"aligncenter wp-image-45366\" src=\"https:\/\/havamall.com\/wp-content\/uploads\/2026\/03\/Sad0360238b7342d1b513b8140cc42e21z.jpg\" alt=\"\" width=\"800\" height=\"800\" \/><\/p>\n<p>\u0110\u00fang nh\u01b0 c\u00e1i t\u00ean &#8220;Jumbo&#8221;, m\u1ed7i c\u00e2y b\u00e1nh x\u1ed1p Deka s\u1edf h\u1eefu k\u00edch th\u01b0\u1edbc v\u01b0\u1ee3t tr\u1ed9i so v\u1edbi c\u00e1c lo\u1ea1i b\u00e1nh \u1ed1ng th\u00f4ng th\u01b0\u1eddng. \u0110i\u1ec3m nh\u1ea5n l\u00e0m n\u00ean s\u1ef1 kh\u00e1c bi\u1ec7t ch\u00ednh l\u00e0 l\u1edbp v\u1ecf b\u00e1nh \u0111\u01b0\u1ee3c n\u01b0\u1edbng v\u00e0ng ru\u1ed9m, m\u1ecfng nh\u1eb9 nh\u01b0ng l\u1ea1i c\u00f3 \u0111\u1ed9 gi\u00f2n tan c\u1ef1c k\u1ef3 \u1ea5n t\u01b0\u1ee3ng. Nh\u1eefng v\u00f2ng b\u00e1nh cu\u1ed9n tr\u00f2n kh\u00e9o l\u00e9o xen k\u1ebd c\u00e1c \u0111\u01b0\u1eddng v\u00e2n s\u1eabm m\u00e0u \u00f3ng \u1ea3, kh\u00f4ng ch\u1ec9 t\u1ea1o hi\u1ec7u \u1ee9ng th\u1ea9m m\u1ef9 b\u1eaft m\u1eaft m\u00e0 c\u00f2n t\u1ea1o n\u00ean c\u1ea5u tr\u00fac \u0111a t\u1ea7ng, gi\u00fap b\u00e1nh gi\u1eef \u0111\u01b0\u1ee3c \u0111\u1ed9 gi\u00f2n l\u00e2u h\u01a1n khi ti\u1ebfp x\u00fac v\u1edbi kh\u00f4ng kh\u00ed.<\/p>\n<p><img decoding=\"async\" class=\"aligncenter wp-image-45368\" src=\"https:\/\/havamall.com\/wp-content\/uploads\/2026\/03\/7180XYuKg-S._SL1500_.jpg\" alt=\"\" width=\"801\" height=\"534\" \/><\/p>\n<p data-path-to-node=\"10\">\u0110\u1ec3 n\u00e2ng t\u1ea7m tr\u1ea3i nghi\u1ec7m, b\u1ea1n c\u00f3 th\u1ec3 th\u1eed k\u1ebft h\u1ee3p b\u00e1nh v\u1edbi m\u1ed9t ly tr\u00e0 n\u00f3ng ho\u1eb7c nh\u00fang nh\u1eb9 v\u00e0o m\u1ed9t t\u00e1ch c\u00e0 ph\u00ea latte. L\u1edbp kem b\u00ean trong b\u00e1nh s\u1ebd h\u01a1i tan ch\u1ea3y ra h\u00f2a quy\u1ec7n c\u00f9ng th\u1ee9c u\u1ed1ng, mang l\u1ea1i c\u1ea3m gi\u00e1c v\u00f4 c\u00f9ng \u1ea5m \u00e1p v\u00e0 th\u00fa v\u1ecb. \u0110\u1eb7c bi\u1ec7t, trong c\u00e1c bu\u1ed5i ti\u1ec7c tr\u00e0 chi\u1ec1u hay nh\u1eefng bu\u1ed5i g\u1eb7p g\u1ee1 b\u1ea1n b\u00e8, vi\u1ec7c trang tr\u00ed b\u00e1nh Deka Jumbo l\u00ean c\u00e1c ly kem hay b\u00e1nh ng\u1ecdt c\u0169ng l\u00e0 m\u1ed9t c\u00e1ch s\u00e1ng t\u1ea1o \u0111\u1ec3 t\u0103ng th\u00eam \u0111\u1ed9 h\u1ea5p d\u1eabn cho m\u00f3n tr\u00e1ng mi\u1ec7ng.<\/p>\n<p data-path-to-node=\"10\"><img decoding=\"async\" class=\"aligncenter wp-image-45367\" src=\"https:\/\/havamall.com\/wp-content\/uploads\/2026\/03\/Pirouline-Dark-Chocolate-Wafers.jpg\" alt=\"\" width=\"800\" height=\"600\" \/><\/p>\n<p data-path-to-node=\"11\">Quy tr\u00ecnh s\u1ea3n xu\u1ea5t \u0111\u1ea1t ti\u00eau chu\u1ea9n qu\u1ed1c t\u1ebf v\u00e0 ch\u1ee9ng nh\u1eadn Halal c\u0169ng l\u00e0 m\u1ed9t \u0111i\u1ec3m c\u1ed9ng l\u1edbn gi\u00fap ng\u01b0\u1eddi ti\u00eau d\u00f9ng ho\u00e0n to\u00e0n y\u00ean t\u00e2m v\u1ec1 ch\u1ea5t l\u01b0\u1ee3ng v\u00e0 \u0111\u1ed9 an to\u00e0n c\u1ee7a s\u1ea3n ph\u1ea9m.\u00a0Hi\u1ec7n nay, B\u00e1nh X\u1ed1p \u1ed0ng C\u00e0 Ph\u00ea Tr\u1eafng Deka Jumbo \u0111ang c\u00f3 m\u1eb7t t\u1ea1i Havamall \u2013 \u0111i\u1ec3m \u0111\u1ebfn tin c\u1eady cho nh\u1eefng d\u00f2ng th\u1ef1c ph\u1ea9m nh\u1eadp kh\u1ea9u ch\u1ea5t l\u01b0\u1ee3ng cao.<\/p>\n<\/div>\n<\/div>\n<\/div>\n<\/div>","protected":false},"excerpt":{"rendered":"<p>TH\u00d4NG TIN S\u1ea2N PH\u1ea8M Th\u01b0\u01a1ng hi\u1ec7u Deka (Dua Kelinci) Xu\u1ea5t x\u1ee9 Indonesia Th\u00e0nh ph\u1ea7n B\u1ed9t m\u00ec (34,242%), \u0111\u01b0\u1eddng, ch\u1ea5t b\u00e9o<\/p>","protected":false},"featured_media":44712,"comment_status":"open","ping_status":"closed","template":"","meta":[],"product_brand":[],"product_cat":[677,133],"product_tag":[],"class_list":{"0":"post-44711","1":"product","2":"type-product","3":"status-publish","4":"has-post-thumbnail","6":"product_cat-cac-nuoc-khac","7":"product_cat-banh-keo-chocolate","9":"first","10":"instock","11":"sale","12":"shipping-taxable","13":"purchasable","14":"product-type-simple"},"_links":{"self":[{"href":"https:\/\/havamall.vn\/en\/wp-json\/wp\/v2\/product\/44711"}],"collection":[{"href":"https:\/\/havamall.vn\/en\/wp-json\/wp\/v2\/product"}],"about":[{"href":"https:\/\/havamall.vn\/en\/wp-json\/wp\/v2\/types\/product"}],"replies":[{"embeddable":true,"href":"https:\/\/havamall.vn\/en\/wp-json\/wp\/v2\/comments?post=44711"}],"version-history":[{"count":0,"href":"https:\/\/havamall.vn\/en\/wp-json\/wp\/v2\/product\/44711\/revisions"}],"wp:featuredmedia":[{"embeddable":true,"href":"https:\/\/havamall.vn\/en\/wp-json\/wp\/v2\/media\/44712"}],"wp:attachment":[{"href":"https:\/\/havamall.vn\/en\/wp-json\/wp\/v2\/media?parent=44711"}],"wp:term":[{"taxonomy":"product_brand","embeddable":true,"href":"https:\/\/havamall.vn\/en\/wp-json\/wp\/v2\/product_brand?post=44711"},{"taxonomy":"product_cat","embeddable":true,"href":"https:\/\/havamall.vn\/en\/wp-json\/wp\/v2\/product_cat?post=44711"},{"taxonomy":"product_tag","embeddable":true,"href":"https:\/\/havamall.vn\/en\/wp-json\/wp\/v2\/product_tag?post=44711"}],"curies":[{"name":"wp","href":"https:\/\/api.w.org\/{rel}","templated":true}]}}